{"id":9440,"date":"2024-11-04T06:59:34","date_gmt":"2024-11-03T22:59:34","guid":{"rendered":"https:\/\/www.ronboplastic.com\/index.php\/product\/920\/"},"modified":"2025-09-08T14:21:20","modified_gmt":"2025-09-08T06:21:20","slug":"920","status":"publish","type":"product","link":"https:\/\/www.ronboplastic.com\/pt\/produto\/920\/","title":{"rendered":"Vasos decorativos de pl\u00e1stico"},"content":{"rendered":"<h3>Detalhe do produto 2: Vaso de flores de pl\u00e1stico com design moderno<\/h3>\n<p><strong>T\u00edtulo<\/strong>: Vaso de pl\u00e1stico para flores com design moderno - ecol\u00f3gico e vers\u00e1til<\/p>\n<p><strong>Descri\u00e7\u00e3o<\/strong>: Revitalize o seu espa\u00e7o de vida com os nossos vasos de flores em pl\u00e1stico de design moderno. Combinando o respeito pelo ambiente com um estilo contempor\u00e2neo, estes vasos s\u00e3o fabricados a partir de materiais reciclados 100%, oferecendo uma op\u00e7\u00e3o sustent\u00e1vel para os consumidores conscientes.<\/p>\n<p><img loading=\"lazy\" decoding=\"async\" class=\"alignnone size-medium wp-image-921\" src=\"https:\/\/www.ronboplastic.com\/wp-content\/uploads\/2025\/09\/RB-NCT08_02-300x300.jpg\" alt=\"\" width=\"300\" height=\"300\" \/><\/p>\n<p><strong>Carater\u00edsticas do produto<\/strong>:<\/p>\n<ul>\n<li><strong>Materiais ecol\u00f3gicos<\/strong>: Contribua para um planeta mais saud\u00e1vel com os nossos vasos fabricados a partir de pl\u00e1sticos reciclados, reduzindo os res\u00edduos e expondo as suas plantas.<\/li>\n<li><strong>Est\u00e9tica chique<\/strong>: O design elegante e moderno real\u00e7a qualquer decora\u00e7\u00e3o, tornando estes vasos perfeitos para casas, escrit\u00f3rios ou espa\u00e7os comerciais.<\/li>\n<li><strong>Leve e port\u00e1til<\/strong>: Concebido para um manuseamento f\u00e1cil, permite-lhe reorganizar facilmente as suas plantas de acordo com a sua disposi\u00e7\u00e3o ou esta\u00e7\u00e3o do ano.<\/li>\n<li><strong>Excelente drenagem<\/strong>: Equipado com solu\u00e7\u00f5es de drenagem \u00f3ptimas para garantir que as suas plantas recebem a quantidade certa de \u00e1gua, evitando o apodrecimento das ra\u00edzes.<\/li>\n<li><strong>Paleta de cores diversificada<\/strong>: Dispon\u00edvel numa gama de cores modernas, pode misturar e combinar para criar um arranjo apelativo que reflicta o seu estilo pessoal.<\/li>\n<\/ul>\n<p><strong>Palavras-chave<\/strong>: vaso de pl\u00e1stico moderno, jardineiras ecol\u00f3gicas, jardinagem vers\u00e1til, vasos com estilo, vasos para interior\/exterior, solu\u00e7\u00f5es de jardinagem sustent\u00e1veis, jardineiras chiques, materiais reciclados<\/p>","protected":false},"excerpt":{"rendered":"<p><strong>Cen\u00e1rios de utiliza\u00e7\u00e3o<\/strong>: Ideais para exposi\u00e7\u00e3o em interiores, jardins de varanda ou como presentes \u00fanicos para entusiastas de plantas, os nossos vasos de pl\u00e1stico de design moderno oferecem versatilidade e beleza para qualquer ambiente.<\/p>","protected":false},"featured_media":9431,"comment_status":"open","ping_status":"open","template":"","meta":[],"product_brand":[],"product_cat":[80],"product_tag":[107,111],"class_list":{"0":"post-9440","1":"product","2":"type-product","3":"status-publish","4":"has-post-thumbnail","6":"product_cat-decorative-potsampplanters","7":"product_tag-flower-pots","8":"product_tag-plastic-plant-pots","10":"first","11":"instock","12":"shipping-taxable","13":"product-type-simple"},"yoast_head":"<!-- This site is optimized with the Yoast SEO plugin v26.1.1 - https:\/\/yoast.com\/wordpress\/plugins\/seo\/ -->\n<title>Plastic Decorative Planters - Ronbo Sunrise Pots &amp; Planters<\/title>\n<meta name=\"robots\" content=\"index, follow, max-snippet:-1, max-image-preview:large, max-video-preview:-1\" \/>\n<link rel=\"canonical\" href=\"http:\/\/www.ronboplastic.com\/pt\/produto\/920\/\" \/>\n<meta property=\"og:locale\" content=\"pt_PT\" \/>\n<meta property=\"og:type\" content=\"article\" \/>\n<meta property=\"og:title\" content=\"Plastic Decorative Planters - Ronbo Sunrise Pots &amp; Planters\" \/>\n<meta property=\"og:description\" content=\"Usage Scenarios: Ideal for indoor displays, balcony gardens, or as unique gifts for plant enthusiasts, our Modern Design Plastic Flower Pots offer versatility and beauty for any setting.\" \/>\n<meta property=\"og:url\" content=\"http:\/\/www.ronboplastic.com\/pt\/produto\/920\/\" \/>\n<meta property=\"og:site_name\" content=\"Ronbo Sunrise Pots &amp; Planters\" \/>\n<meta property=\"article:modified_time\" content=\"2025-09-08T06:21:20+00:00\" \/>\n<meta property=\"og:image\" content=\"https:\/\/www.ronboplastic.com\/wp-content\/uploads\/2025\/09\/1-1-5.jpg\" \/>\n\t<meta property=\"og:image:width\" content=\"800\" \/>\n\t<meta property=\"og:image:height\" content=\"800\" \/>\n\t<meta property=\"og:image:type\" content=\"image\/jpeg\" \/>\n<meta name=\"twitter:card\" content=\"summary_large_image\" \/>\n<meta name=\"twitter:label1\" content=\"Tempo estimado de leitura\" \/>\n\t<meta name=\"twitter:data1\" content=\"1 minuto\" \/>\n<script type=\"application\/ld+json\" class=\"yoast-schema-graph\">{\"@context\":\"https:\/\/schema.org\",\"@graph\":[{\"@type\":\"WebPage\",\"@id\":\"http:\/\/www.ronboplastic.com\/pt\/produto\/920\/\",\"url\":\"http:\/\/www.ronboplastic.com\/pt\/produto\/920\/\",\"name\":\"Plastic Decorative Planters - Ronbo Sunrise Pots &amp; Planters\",\"isPartOf\":{\"@id\":\"https:\/\/www.ronboplastic.com\/#website\"},\"primaryImageOfPage\":{\"@id\":\"http:\/\/www.ronboplastic.com\/pt\/produto\/920\/#primaryimage\"},\"image\":{\"@id\":\"http:\/\/www.ronboplastic.com\/pt\/produto\/920\/#primaryimage\"},\"thumbnailUrl\":\"https:\/\/www.ronboplastic.com\/wp-content\/uploads\/2025\/09\/1-1-5.jpg\",\"datePublished\":\"2024-11-03T22:59:34+00:00\",\"dateModified\":\"2025-09-08T06:21:20+00:00\",\"breadcrumb\":{\"@id\":\"http:\/\/www.ronboplastic.com\/pt\/produto\/920\/#breadcrumb\"},\"inLanguage\":\"pt-PT\",\"potentialAction\":[{\"@type\":\"ReadAction\",\"target\":[\"http:\/\/www.ronboplastic.com\/pt\/produto\/920\/\"]}]},{\"@type\":\"ImageObject\",\"inLanguage\":\"pt-PT\",\"@id\":\"http:\/\/www.ronboplastic.com\/pt\/produto\/920\/#primaryimage\",\"url\":\"https:\/\/www.ronboplastic.com\/wp-content\/uploads\/2025\/09\/1-1-5.jpg\",\"contentUrl\":\"https:\/\/www.ronboplastic.com\/wp-content\/uploads\/2025\/09\/1-1-5.jpg\",\"width\":800,\"height\":800,\"caption\":\"flower pots\"},{\"@type\":\"BreadcrumbList\",\"@id\":\"http:\/\/www.ronboplastic.com\/pt\/produto\/920\/#breadcrumb\",\"itemListElement\":[{\"@type\":\"ListItem\",\"position\":1,\"name\":\"\u9996\u9875\",\"item\":\"https:\/\/www.ronboplastic.com\/\"},{\"@type\":\"ListItem\",\"position\":2,\"name\":\"Products\",\"item\":\"http:\/\/www.ronboplastic.com\/products\/\"},{\"@type\":\"ListItem\",\"position\":3,\"name\":\"Plastic Decorative Planters\"}]},{\"@type\":\"WebSite\",\"@id\":\"https:\/\/www.ronboplastic.com\/#website\",\"url\":\"https:\/\/www.ronboplastic.com\/\",\"name\":\"Ronbo Sunrise Pots &amp; Planters\",\"description\":\"Flower Pots &amp; Planters\",\"potentialAction\":[{\"@type\":\"SearchAction\",\"target\":{\"@type\":\"EntryPoint\",\"urlTemplate\":\"https:\/\/www.ronboplastic.com\/?s={search_term_string}\"},\"query-input\":{\"@type\":\"PropertyValueSpecification\",\"valueRequired\":true,\"valueName\":\"search_term_string\"}}],\"inLanguage\":\"pt-PT\"}]}<\/script>\n<!-- \/ Yoast SEO plugin. -->","yoast_head_json":{"title":"Plastic Decorative Planters - Ronbo Sunrise Pots &amp; Planters","robots":{"index":"index","follow":"follow","max-snippet":"max-snippet:-1","max-image-preview":"max-image-preview:large","max-video-preview":"max-video-preview:-1"},"canonical":"http:\/\/www.ronboplastic.com\/pt\/produto\/920\/","og_locale":"pt_PT","og_type":"article","og_title":"Plastic Decorative Planters - Ronbo Sunrise Pots &amp; Planters","og_description":"Usage Scenarios: Ideal for indoor displays, balcony gardens, or as unique gifts for plant enthusiasts, our Modern Design Plastic Flower Pots offer versatility and beauty for any setting.","og_url":"http:\/\/www.ronboplastic.com\/pt\/produto\/920\/","og_site_name":"Ronbo Sunrise Pots &amp; Planters","article_modified_time":"2025-09-08T06:21:20+00:00","og_image":[{"width":800,"height":800,"url":"https:\/\/www.ronboplastic.com\/wp-content\/uploads\/2025\/09\/1-1-5.jpg","type":"image\/jpeg"}],"twitter_card":"summary_large_image","twitter_misc":{"Tempo estimado de leitura":"1 minuto"},"schema":{"@context":"https:\/\/schema.org","@graph":[{"@type":"WebPage","@id":"http:\/\/www.ronboplastic.com\/pt\/produto\/920\/","url":"http:\/\/www.ronboplastic.com\/pt\/produto\/920\/","name":"Plastic Decorative Planters - Ronbo Sunrise Pots &amp; Planters","isPartOf":{"@id":"https:\/\/www.ronboplastic.com\/#website"},"primaryImageOfPage":{"@id":"http:\/\/www.ronboplastic.com\/pt\/produto\/920\/#primaryimage"},"image":{"@id":"http:\/\/www.ronboplastic.com\/pt\/produto\/920\/#primaryimage"},"thumbnailUrl":"https:\/\/www.ronboplastic.com\/wp-content\/uploads\/2025\/09\/1-1-5.jpg","datePublished":"2024-11-03T22:59:34+00:00","dateModified":"2025-09-08T06:21:20+00:00","breadcrumb":{"@id":"http:\/\/www.ronboplastic.com\/pt\/produto\/920\/#breadcrumb"},"inLanguage":"pt-PT","potentialAction":[{"@type":"ReadAction","target":["http:\/\/www.ronboplastic.com\/pt\/produto\/920\/"]}]},{"@type":"ImageObject","inLanguage":"pt-PT","@id":"http:\/\/www.ronboplastic.com\/pt\/produto\/920\/#primaryimage","url":"https:\/\/www.ronboplastic.com\/wp-content\/uploads\/2025\/09\/1-1-5.jpg","contentUrl":"https:\/\/www.ronboplastic.com\/wp-content\/uploads\/2025\/09\/1-1-5.jpg","width":800,"height":800,"caption":"flower pots"},{"@type":"BreadcrumbList","@id":"http:\/\/www.ronboplastic.com\/pt\/produto\/920\/#breadcrumb","itemListElement":[{"@type":"ListItem","position":1,"name":"\u9996\u9875","item":"https:\/\/www.ronboplastic.com\/"},{"@type":"ListItem","position":2,"name":"Products","item":"http:\/\/www.ronboplastic.com\/products\/"},{"@type":"ListItem","position":3,"name":"Plastic Decorative Planters"}]},{"@type":"WebSite","@id":"https:\/\/www.ronboplastic.com\/#website","url":"https:\/\/www.ronboplastic.com\/","name":"Ronbo Sunrise Pots &amp; Planters","description":"Vasos de flores e jardineiras","potentialAction":[{"@type":"SearchAction","target":{"@type":"EntryPoint","urlTemplate":"https:\/\/www.ronboplastic.com\/?s={search_term_string}"},"query-input":{"@type":"PropertyValueSpecification","valueRequired":true,"valueName":"search_term_string"}}],"inLanguage":"pt-PT"}]}},"_links":{"self":[{"href":"https:\/\/www.ronboplastic.com\/pt\/wp-json\/wp\/v2\/product\/9440","targetHints":{"allow":["GET"]}}],"collection":[{"href":"https:\/\/www.ronboplastic.com\/pt\/wp-json\/wp\/v2\/product"}],"about":[{"href":"https:\/\/www.ronboplastic.com\/pt\/wp-json\/wp\/v2\/types\/product"}],"replies":[{"embeddable":true,"href":"https:\/\/www.ronboplastic.com\/pt\/wp-json\/wp\/v2\/comments?post=9440"}],"wp:featuredmedia":[{"embeddable":true,"href":"https:\/\/www.ronboplastic.com\/pt\/wp-json\/wp\/v2\/media\/9431"}],"wp:attachment":[{"href":"https:\/\/www.ronboplastic.com\/pt\/wp-json\/wp\/v2\/media?parent=9440"}],"wp:term":[{"taxonomy":"product_brand","embeddable":true,"href":"https:\/\/www.ronboplastic.com\/pt\/wp-json\/wp\/v2\/product_brand?post=9440"},{"taxonomy":"product_cat","embeddable":true,"href":"https:\/\/www.ronboplastic.com\/pt\/wp-json\/wp\/v2\/product_cat?post=9440"},{"taxonomy":"product_tag","embeddable":true,"href":"https:\/\/www.ronboplastic.com\/pt\/wp-json\/wp\/v2\/product_tag?post=9440"}],"curies":[{"name":"wp","href":"https:\/\/api.w.org\/{rel}","templated":true}]}}