{"id":9394,"date":"2024-10-30T06:33:08","date_gmt":"2024-10-29T22:33:08","guid":{"rendered":"https:\/\/www.ronboplastic.com\/index.php\/product\/825\/"},"modified":"2025-09-08T14:20:55","modified_gmt":"2025-09-08T06:20:55","slug":"825","status":"publish","type":"product","link":"https:\/\/www.ronboplastic.com\/pt\/produto\/825\/","title":{"rendered":"Vasos de flores decorativos em pl\u00e1stico para casa e jardim"},"content":{"rendered":"<p><strong>Descri\u00e7\u00e3o do produto para Vasos de pl\u00e1stico para flores<\/strong><\/p>\n<p>Descubra a solu\u00e7\u00e3o perfeita para melhorar os espa\u00e7os da sua casa e do seu jardim com os nossos vasos de flores de pl\u00e1stico duradouros e elegantes. Concebidos para se adaptarem a v\u00e1rios ambientes interiores e exteriores, os nossos vasos combinam o apelo est\u00e9tico com a funcionalidade, tornando-os ideais para uma variedade de plantas, incluindo flores, suculentas, ervas arom\u00e1ticas e muito mais.<\/p>\n<h3>Carater\u00edsticas principais:<\/h3>\n<ul>\n<li><strong>Material de qualidade superior<\/strong>: Fabricados em pl\u00e1stico ecol\u00f3gico e resistente aos raios UV, estes vasos para flores s\u00e3o concebidos para resistir a diferentes condi\u00e7\u00f5es climat\u00e9ricas sem se desvanecerem ou racharem.<\/li>\n<li><strong>Design vers\u00e1til<\/strong>: Os nossos vasos de flores de pl\u00e1stico est\u00e3o dispon\u00edveis em v\u00e1rios tamanhos e cores, adequados para a decora\u00e7\u00e3o moderna de casas, escrit\u00f3rios, p\u00e1tios e zonas ajardinadas.<\/li>\n<li><strong>Sistema de drenagem<\/strong>: Equipados com orif\u00edcios de drenagem para evitar a rega excessiva e garantir uma \u00f3ptima sa\u00fade das plantas, s\u00e3o ideais tanto para jardineiros principiantes como para jardineiros experientes.<\/li>\n<li><strong>Leve e dur\u00e1vel<\/strong>: F\u00e1ceis de deslocar e arrumar, estes vasos proporcionam estabilidade e s\u00e3o suficientemente leves para serem transportados ou arrumados de forma r\u00e1pida e f\u00e1cil.<\/li>\n<li><strong>Op\u00e7\u00f5es personaliz\u00e1veis<\/strong>: Est\u00e3o dispon\u00edveis op\u00e7\u00f5es de compra a granel e de personaliza\u00e7\u00e3o para diferentes estilos, cores e tamanhos, perfeitas para utiliza\u00e7\u00e3o pessoal ou por grosso.<\/li>\n<\/ul>\n<h3>Utiliza\u00e7\u00e3o ideal:<\/h3>\n<p>Os nossos vasos de pl\u00e1stico para flores s\u00e3o perfeitos para..:<\/p>\n<ul>\n<li><strong>Jardins e p\u00e1tios dom\u00e9sticos<\/strong>: D\u00ea um toque de verde aos seus espa\u00e7os exteriores.<\/li>\n<li><strong>Escrit\u00f3rios e espa\u00e7os comerciais<\/strong>: Proporciona um ambiente natural e refrescante aos ambientes de trabalho.<\/li>\n<li><strong>Decora\u00e7\u00e3o de interiores<\/strong>: Complemente os interiores da sua casa com expositores de plantas chiques e modernos.<\/li>\n<\/ul>","protected":false},"excerpt":{"rendered":"<p>Descri\u00e7\u00e3o do produto para Vasos de pl\u00e1stico para flores Descubra a solu\u00e7\u00e3o perfeita para melhorar os espa\u00e7os da sua casa e do seu jardim com os nossos vasos dur\u00e1veis,<\/p>","protected":false},"featured_media":9395,"comment_status":"open","ping_status":"open","template":"","meta":[],"product_brand":[],"product_cat":[80],"product_tag":[99,105],"class_list":{"0":"post-9394","1":"product","2":"type-product","3":"status-publish","4":"has-post-thumbnail","6":"product_cat-decorative-potsampplanters","7":"product_tag-plant-pots","8":"product_tag-decorative-plastic-flower-pots","10":"first","11":"instock","12":"shipping-taxable","13":"product-type-simple"},"yoast_head":"<!-- This site is optimized with the Yoast SEO plugin v26.1.1 - https:\/\/yoast.com\/wordpress\/plugins\/seo\/ -->\n<title>Decorative Plastic Flower Pots for Home and Garden - Ronbo Sunrise Pots &amp; Planters<\/title>\n<meta name=\"robots\" content=\"index, follow, max-snippet:-1, max-image-preview:large, max-video-preview:-1\" \/>\n<link rel=\"canonical\" href=\"https:\/\/www.ronboplastic.com\/pt\/produto\/825\/\" \/>\n<meta property=\"og:locale\" content=\"pt_PT\" \/>\n<meta property=\"og:type\" content=\"article\" \/>\n<meta property=\"og:title\" content=\"Decorative Plastic Flower Pots for Home and Garden - Ronbo Sunrise Pots &amp; Planters\" \/>\n<meta property=\"og:description\" content=\"Product Description for Plastic Flower Pots Discover the perfect solution for enhancing your home and garden spaces with our durable,\" \/>\n<meta property=\"og:url\" content=\"https:\/\/www.ronboplastic.com\/pt\/produto\/825\/\" \/>\n<meta property=\"og:site_name\" content=\"Ronbo Sunrise Pots &amp; Planters\" \/>\n<meta property=\"article:modified_time\" content=\"2025-09-08T06:20:55+00:00\" \/>\n<meta property=\"og:image\" content=\"https:\/\/www.ronboplastic.com\/wp-content\/uploads\/2025\/09\/2-1-1.png\" \/>\n\t<meta property=\"og:image:width\" content=\"1600\" \/>\n\t<meta property=\"og:image:height\" content=\"1200\" \/>\n\t<meta property=\"og:image:type\" content=\"image\/png\" \/>\n<meta name=\"twitter:card\" content=\"summary_large_image\" \/>\n<meta name=\"twitter:label1\" content=\"Tempo estimado de leitura\" \/>\n\t<meta name=\"twitter:data1\" content=\"1 minuto\" \/>\n<script type=\"application\/ld+json\" class=\"yoast-schema-graph\">{\"@context\":\"https:\/\/schema.org\",\"@graph\":[{\"@type\":\"WebPage\",\"@id\":\"https:\/\/www.ronboplastic.com\/ru\/%d0%bf%d1%80%d0%be%d0%b4%d1%83%d0%ba%d1%82\/825\/\",\"url\":\"https:\/\/www.ronboplastic.com\/ru\/%d0%bf%d1%80%d0%be%d0%b4%d1%83%d0%ba%d1%82\/825\/\",\"name\":\"Decorative Plastic Flower Pots for Home and Garden - Ronbo Sunrise Pots &amp; Planters\",\"isPartOf\":{\"@id\":\"https:\/\/www.ronboplastic.com\/#website\"},\"primaryImageOfPage\":{\"@id\":\"https:\/\/www.ronboplastic.com\/ru\/%d0%bf%d1%80%d0%be%d0%b4%d1%83%d0%ba%d1%82\/825\/#primaryimage\"},\"image\":{\"@id\":\"https:\/\/www.ronboplastic.com\/ru\/%d0%bf%d1%80%d0%be%d0%b4%d1%83%d0%ba%d1%82\/825\/#primaryimage\"},\"thumbnailUrl\":\"https:\/\/www.ronboplastic.com\/wp-content\/uploads\/2025\/09\/2-1-1.png\",\"datePublished\":\"2024-10-29T22:33:08+00:00\",\"dateModified\":\"2025-09-08T06:20:55+00:00\",\"breadcrumb\":{\"@id\":\"https:\/\/www.ronboplastic.com\/ru\/%d0%bf%d1%80%d0%be%d0%b4%d1%83%d0%ba%d1%82\/825\/#breadcrumb\"},\"inLanguage\":\"pt-PT\",\"potentialAction\":[{\"@type\":\"ReadAction\",\"target\":[\"https:\/\/www.ronboplastic.com\/ru\/%d0%bf%d1%80%d0%be%d0%b4%d1%83%d0%ba%d1%82\/825\/\"]}]},{\"@type\":\"ImageObject\",\"inLanguage\":\"pt-PT\",\"@id\":\"https:\/\/www.ronboplastic.com\/ru\/%d0%bf%d1%80%d0%be%d0%b4%d1%83%d0%ba%d1%82\/825\/#primaryimage\",\"url\":\"https:\/\/www.ronboplastic.com\/wp-content\/uploads\/2025\/09\/2-1-1.png\",\"contentUrl\":\"https:\/\/www.ronboplastic.com\/wp-content\/uploads\/2025\/09\/2-1-1.png\",\"width\":1600,\"height\":1200,\"caption\":\"flower pots plastic\"},{\"@type\":\"BreadcrumbList\",\"@id\":\"https:\/\/www.ronboplastic.com\/ru\/%d0%bf%d1%80%d0%be%d0%b4%d1%83%d0%ba%d1%82\/825\/#breadcrumb\",\"itemListElement\":[{\"@type\":\"ListItem\",\"position\":1,\"name\":\"\u9996\u9875\",\"item\":\"https:\/\/www.ronboplastic.com\/\"},{\"@type\":\"ListItem\",\"position\":2,\"name\":\"Products\",\"item\":\"http:\/\/www.ronboplastic.com\/products\/\"},{\"@type\":\"ListItem\",\"position\":3,\"name\":\"Decorative Plastic Flower Pots for Home and Garden\"}]},{\"@type\":\"WebSite\",\"@id\":\"https:\/\/www.ronboplastic.com\/#website\",\"url\":\"https:\/\/www.ronboplastic.com\/\",\"name\":\"Ronbo Sunrise Pots &amp; Planters\",\"description\":\"Flower Pots &amp; Planters\",\"potentialAction\":[{\"@type\":\"SearchAction\",\"target\":{\"@type\":\"EntryPoint\",\"urlTemplate\":\"https:\/\/www.ronboplastic.com\/?s={search_term_string}\"},\"query-input\":{\"@type\":\"PropertyValueSpecification\",\"valueRequired\":true,\"valueName\":\"search_term_string\"}}],\"inLanguage\":\"pt-PT\"}]}<\/script>\n<!-- \/ Yoast SEO plugin. -->","yoast_head_json":{"title":"Decorative Plastic Flower Pots for Home and Garden - Ronbo Sunrise Pots &amp; Planters","robots":{"index":"index","follow":"follow","max-snippet":"max-snippet:-1","max-image-preview":"max-image-preview:large","max-video-preview":"max-video-preview:-1"},"canonical":"https:\/\/www.ronboplastic.com\/pt\/produto\/825\/","og_locale":"pt_PT","og_type":"article","og_title":"Decorative Plastic Flower Pots for Home and Garden - Ronbo Sunrise Pots &amp; Planters","og_description":"Product Description for Plastic Flower Pots Discover the perfect solution for enhancing your home and garden spaces with our durable,","og_url":"https:\/\/www.ronboplastic.com\/pt\/produto\/825\/","og_site_name":"Ronbo Sunrise Pots &amp; Planters","article_modified_time":"2025-09-08T06:20:55+00:00","og_image":[{"width":1600,"height":1200,"url":"https:\/\/www.ronboplastic.com\/wp-content\/uploads\/2025\/09\/2-1-1.png","type":"image\/png"}],"twitter_card":"summary_large_image","twitter_misc":{"Tempo estimado de leitura":"1 minuto"},"schema":{"@context":"https:\/\/schema.org","@graph":[{"@type":"WebPage","@id":"https:\/\/www.ronboplastic.com\/ru\/%d0%bf%d1%80%d0%be%d0%b4%d1%83%d0%ba%d1%82\/825\/","url":"https:\/\/www.ronboplastic.com\/ru\/%d0%bf%d1%80%d0%be%d0%b4%d1%83%d0%ba%d1%82\/825\/","name":"Decorative Plastic Flower Pots for Home and Garden - Ronbo Sunrise Pots &amp; Planters","isPartOf":{"@id":"https:\/\/www.ronboplastic.com\/#website"},"primaryImageOfPage":{"@id":"https:\/\/www.ronboplastic.com\/ru\/%d0%bf%d1%80%d0%be%d0%b4%d1%83%d0%ba%d1%82\/825\/#primaryimage"},"image":{"@id":"https:\/\/www.ronboplastic.com\/ru\/%d0%bf%d1%80%d0%be%d0%b4%d1%83%d0%ba%d1%82\/825\/#primaryimage"},"thumbnailUrl":"https:\/\/www.ronboplastic.com\/wp-content\/uploads\/2025\/09\/2-1-1.png","datePublished":"2024-10-29T22:33:08+00:00","dateModified":"2025-09-08T06:20:55+00:00","breadcrumb":{"@id":"https:\/\/www.ronboplastic.com\/ru\/%d0%bf%d1%80%d0%be%d0%b4%d1%83%d0%ba%d1%82\/825\/#breadcrumb"},"inLanguage":"pt-PT","potentialAction":[{"@type":"ReadAction","target":["https:\/\/www.ronboplastic.com\/ru\/%d0%bf%d1%80%d0%be%d0%b4%d1%83%d0%ba%d1%82\/825\/"]}]},{"@type":"ImageObject","inLanguage":"pt-PT","@id":"https:\/\/www.ronboplastic.com\/ru\/%d0%bf%d1%80%d0%be%d0%b4%d1%83%d0%ba%d1%82\/825\/#primaryimage","url":"https:\/\/www.ronboplastic.com\/wp-content\/uploads\/2025\/09\/2-1-1.png","contentUrl":"https:\/\/www.ronboplastic.com\/wp-content\/uploads\/2025\/09\/2-1-1.png","width":1600,"height":1200,"caption":"flower pots plastic"},{"@type":"BreadcrumbList","@id":"https:\/\/www.ronboplastic.com\/ru\/%d0%bf%d1%80%d0%be%d0%b4%d1%83%d0%ba%d1%82\/825\/#breadcrumb","itemListElement":[{"@type":"ListItem","position":1,"name":"\u9996\u9875","item":"https:\/\/www.ronboplastic.com\/"},{"@type":"ListItem","position":2,"name":"Products","item":"http:\/\/www.ronboplastic.com\/products\/"},{"@type":"ListItem","position":3,"name":"Decorative Plastic Flower Pots for Home and Garden"}]},{"@type":"WebSite","@id":"https:\/\/www.ronboplastic.com\/#website","url":"https:\/\/www.ronboplastic.com\/","name":"Ronbo Sunrise Pots &amp; Planters","description":"Vasos de flores e jardineiras","potentialAction":[{"@type":"SearchAction","target":{"@type":"EntryPoint","urlTemplate":"https:\/\/www.ronboplastic.com\/?s={search_term_string}"},"query-input":{"@type":"PropertyValueSpecification","valueRequired":true,"valueName":"search_term_string"}}],"inLanguage":"pt-PT"}]}},"_links":{"self":[{"href":"https:\/\/www.ronboplastic.com\/pt\/wp-json\/wp\/v2\/product\/9394","targetHints":{"allow":["GET"]}}],"collection":[{"href":"https:\/\/www.ronboplastic.com\/pt\/wp-json\/wp\/v2\/product"}],"about":[{"href":"https:\/\/www.ronboplastic.com\/pt\/wp-json\/wp\/v2\/types\/product"}],"replies":[{"embeddable":true,"href":"https:\/\/www.ronboplastic.com\/pt\/wp-json\/wp\/v2\/comments?post=9394"}],"wp:featuredmedia":[{"embeddable":true,"href":"https:\/\/www.ronboplastic.com\/pt\/wp-json\/wp\/v2\/media\/9395"}],"wp:attachment":[{"href":"https:\/\/www.ronboplastic.com\/pt\/wp-json\/wp\/v2\/media?parent=9394"}],"wp:term":[{"taxonomy":"product_brand","embeddable":true,"href":"https:\/\/www.ronboplastic.com\/pt\/wp-json\/wp\/v2\/product_brand?post=9394"},{"taxonomy":"product_cat","embeddable":true,"href":"https:\/\/www.ronboplastic.com\/pt\/wp-json\/wp\/v2\/product_cat?post=9394"},{"taxonomy":"product_tag","embeddable":true,"href":"https:\/\/www.ronboplastic.com\/pt\/wp-json\/wp\/v2\/product_tag?post=9394"}],"curies":[{"name":"wp","href":"https:\/\/api.w.org\/{rel}","templated":true}]}}