{"id":9382,"date":"2024-10-28T09:36:29","date_gmt":"2024-10-28T01:36:29","guid":{"rendered":"https:\/\/www.ronboplastic.com\/index.php\/product\/high-quality-plastic-flower-pots\/"},"modified":"2025-09-08T14:20:45","modified_gmt":"2025-09-08T06:20:45","slug":"vasos-de-flores-de-plastico-de-alta-qualidade","status":"publish","type":"product","link":"https:\/\/www.ronboplastic.com\/pt\/produto\/vasos-de-flores-de-plastico-de-alta-qualidade\/","title":{"rendered":"Vasos de pl\u00e1stico para flores de alta qualidade"},"content":{"rendered":"<p><strong>Descri\u00e7\u00e3o do produto:<\/strong><\/p>\n<p>Transforme a sua experi\u00eancia de jardinagem com os nossos vasos de flores de pl\u00e1stico de qualidade superior, concebidos para utiliza\u00e7\u00e3o no interior e no exterior. Fabricados em pl\u00e1stico dur\u00e1vel e resistente aos raios UV, estes vasos garantem que as suas plantas prosperam em qualquer ambiente, mantendo o seu aspeto vibrante.<\/p>\n<p><strong>Carater\u00edsticas principais:<\/strong><\/p>\n<ul>\n<li><strong>Durabilidade:<\/strong> Fabricado em pl\u00e1stico de alta qualidade que resiste a condi\u00e7\u00f5es climat\u00e9ricas adversas, garantindo uma utiliza\u00e7\u00e3o duradoura.<\/li>\n<li><strong>Leve:<\/strong> F\u00e1cil de deslocar, o que facilita a reorganiza\u00e7\u00e3o do jardim ou do espa\u00e7o interior.<\/li>\n<li><strong>Design vers\u00e1til:<\/strong> Perfeito para uma variedade de plantas, desde pequenas ervas arom\u00e1ticas a flores maiores. Dispon\u00edvel em v\u00e1rios tamanhos e cores para se adaptar \u00e0s suas prefer\u00eancias est\u00e9ticas.<\/li>\n<li><strong>Sistema de drenagem:<\/strong> Cada vaso est\u00e1 equipado com orif\u00edcios de drenagem para promover o crescimento saud\u00e1vel das ra\u00edzes e evitar a rega excessiva.<\/li>\n<li><strong>Amigo do ambiente:<\/strong> Fabricado com materiais recicl\u00e1veis, contribuindo para um ambiente sustent\u00e1vel.<\/li>\n<li><strong>Instru\u00e7\u00f5es de utiliza\u00e7\u00e3o:<\/strong>\n<ol>\n<li>Encher o vaso com terra de qualidade, deixando um espa\u00e7o no topo para a \u00e1gua.<\/li>\n<li>Plante as flores ou ervas desejadas, certificando-se de que as ra\u00edzes est\u00e3o bem cobertas.<\/li>\n<li>Regar abundantemente e colocar num local adequado, tendo em conta os requisitos de luz solar e temperatura.<\/li>\n<\/ol>\n<\/li>\n<\/ul>","protected":false},"excerpt":{"rendered":"<p><strong>Porqu\u00ea escolher-nos?<\/strong><\/p>\n<p>Os nossos vasos de pl\u00e1stico para flores combinam funcionalidade com estilo, tornando-os a escolha perfeita para qualquer entusiasta de jardinagem. Quer seja um principiante ou um jardineiro experiente, os nossos vasos ajud\u00e1-lo-\u00e3o a criar um jardim bonito e pr\u00f3spero.<\/p>\n<p><strong>Encomendar agora!<\/strong><\/p>\n<p>Melhore o seu jogo de jardinagem com os nossos vasos de flores de pl\u00e1stico de alta qualidade. Adicione-os ao seu carrinho hoje e desfrute de um jardim florescente amanh\u00e3!<\/p>","protected":false},"featured_media":9383,"comment_status":"open","ping_status":"open","template":"","meta":[],"product_brand":[],"product_cat":[88],"product_tag":[95,100],"class_list":{"0":"post-9382","1":"product","2":"type-product","3":"status-publish","4":"has-post-thumbnail","6":"product_cat-hanging-planter","7":"product_tag-hanging-planter","8":"product_tag-hanging-basket-plant-pots","10":"first","11":"instock","12":"shipping-taxable","13":"product-type-simple"},"yoast_head":"<!-- This site is optimized with the Yoast SEO plugin v26.1.1 - https:\/\/yoast.com\/wordpress\/plugins\/seo\/ -->\n<title>High-Quality Plastic Flower Pots - Ronbo Sunrise Pots &amp; Planters<\/title>\n<meta name=\"robots\" content=\"index, follow, max-snippet:-1, max-image-preview:large, max-video-preview:-1\" \/>\n<link rel=\"canonical\" href=\"https:\/\/www.ronboplastic.com\/pt\/produto\/vasos-de-flores-de-plastico-de-alta-qualidade\/\" \/>\n<meta property=\"og:locale\" content=\"pt_PT\" \/>\n<meta property=\"og:type\" content=\"article\" \/>\n<meta property=\"og:title\" content=\"High-Quality Plastic Flower Pots - Ronbo Sunrise Pots &amp; Planters\" \/>\n<meta property=\"og:description\" content=\"Why Choose Us? Our plastic flower pots combine functionality with style, making them the perfect choice for any gardening enthusiast. Whether you\u2019re a beginner or a seasoned gardener, our pots will help you create a beautiful, thriving garden. Order Now! Elevate your gardening game with our high-quality plastic flower pots. Add them to your cart today and enjoy a flourishing garden tomorrow!\" \/>\n<meta property=\"og:url\" content=\"https:\/\/www.ronboplastic.com\/pt\/produto\/vasos-de-flores-de-plastico-de-alta-qualidade\/\" \/>\n<meta property=\"og:site_name\" content=\"Ronbo Sunrise Pots &amp; Planters\" \/>\n<meta property=\"article:modified_time\" content=\"2025-09-08T06:20:45+00:00\" \/>\n<meta property=\"og:image\" content=\"https:\/\/www.ronboplastic.com\/wp-content\/uploads\/2025\/09\/1-1-3.jpg\" \/>\n\t<meta property=\"og:image:width\" content=\"800\" \/>\n\t<meta property=\"og:image:height\" content=\"800\" \/>\n\t<meta property=\"og:image:type\" content=\"image\/jpeg\" \/>\n<meta name=\"twitter:card\" content=\"summary_large_image\" \/>\n<meta name=\"twitter:label1\" content=\"Tempo estimado de leitura\" \/>\n\t<meta name=\"twitter:data1\" content=\"1 minuto\" \/>\n<script type=\"application\/ld+json\" class=\"yoast-schema-graph\">{\"@context\":\"https:\/\/schema.org\",\"@graph\":[{\"@type\":\"WebPage\",\"@id\":\"https:\/\/www.ronboplastic.com\/product\/high-quality-plastic-flower-pots\/\",\"url\":\"https:\/\/www.ronboplastic.com\/product\/high-quality-plastic-flower-pots\/\",\"name\":\"High-Quality Plastic Flower Pots - Ronbo Sunrise Pots &amp; Planters\",\"isPartOf\":{\"@id\":\"https:\/\/www.ronboplastic.com\/#website\"},\"primaryImageOfPage\":{\"@id\":\"https:\/\/www.ronboplastic.com\/product\/high-quality-plastic-flower-pots\/#primaryimage\"},\"image\":{\"@id\":\"https:\/\/www.ronboplastic.com\/product\/high-quality-plastic-flower-pots\/#primaryimage\"},\"thumbnailUrl\":\"https:\/\/www.ronboplastic.com\/wp-content\/uploads\/2025\/09\/1-1-3.jpg\",\"datePublished\":\"2024-10-28T01:36:29+00:00\",\"dateModified\":\"2025-09-08T06:20:45+00:00\",\"breadcrumb\":{\"@id\":\"https:\/\/www.ronboplastic.com\/product\/high-quality-plastic-flower-pots\/#breadcrumb\"},\"inLanguage\":\"pt-PT\",\"potentialAction\":[{\"@type\":\"ReadAction\",\"target\":[\"https:\/\/www.ronboplastic.com\/product\/high-quality-plastic-flower-pots\/\"]}]},{\"@type\":\"ImageObject\",\"inLanguage\":\"pt-PT\",\"@id\":\"https:\/\/www.ronboplastic.com\/product\/high-quality-plastic-flower-pots\/#primaryimage\",\"url\":\"https:\/\/www.ronboplastic.com\/wp-content\/uploads\/2025\/09\/1-1-3.jpg\",\"contentUrl\":\"https:\/\/www.ronboplastic.com\/wp-content\/uploads\/2025\/09\/1-1-3.jpg\",\"width\":800,\"height\":800,\"caption\":\"Hanging Baskets\"},{\"@type\":\"BreadcrumbList\",\"@id\":\"https:\/\/www.ronboplastic.com\/product\/high-quality-plastic-flower-pots\/#breadcrumb\",\"itemListElement\":[{\"@type\":\"ListItem\",\"position\":1,\"name\":\"\u9996\u9875\",\"item\":\"https:\/\/www.ronboplastic.com\/\"},{\"@type\":\"ListItem\",\"position\":2,\"name\":\"Products\",\"item\":\"http:\/\/www.ronboplastic.com\/products\/\"},{\"@type\":\"ListItem\",\"position\":3,\"name\":\"High-Quality Plastic Flower Pots\"}]},{\"@type\":\"WebSite\",\"@id\":\"https:\/\/www.ronboplastic.com\/#website\",\"url\":\"https:\/\/www.ronboplastic.com\/\",\"name\":\"Ronbo Sunrise Pots &amp; Planters\",\"description\":\"Flower Pots &amp; Planters\",\"potentialAction\":[{\"@type\":\"SearchAction\",\"target\":{\"@type\":\"EntryPoint\",\"urlTemplate\":\"https:\/\/www.ronboplastic.com\/?s={search_term_string}\"},\"query-input\":{\"@type\":\"PropertyValueSpecification\",\"valueRequired\":true,\"valueName\":\"search_term_string\"}}],\"inLanguage\":\"pt-PT\"}]}<\/script>\n<!-- \/ Yoast SEO plugin. -->","yoast_head_json":{"title":"High-Quality Plastic Flower Pots - Ronbo Sunrise Pots &amp; Planters","robots":{"index":"index","follow":"follow","max-snippet":"max-snippet:-1","max-image-preview":"max-image-preview:large","max-video-preview":"max-video-preview:-1"},"canonical":"https:\/\/www.ronboplastic.com\/pt\/produto\/vasos-de-flores-de-plastico-de-alta-qualidade\/","og_locale":"pt_PT","og_type":"article","og_title":"High-Quality Plastic Flower Pots - Ronbo Sunrise Pots &amp; Planters","og_description":"Why Choose Us? Our plastic flower pots combine functionality with style, making them the perfect choice for any gardening enthusiast. Whether you\u2019re a beginner or a seasoned gardener, our pots will help you create a beautiful, thriving garden. Order Now! Elevate your gardening game with our high-quality plastic flower pots. Add them to your cart today and enjoy a flourishing garden tomorrow!","og_url":"https:\/\/www.ronboplastic.com\/pt\/produto\/vasos-de-flores-de-plastico-de-alta-qualidade\/","og_site_name":"Ronbo Sunrise Pots &amp; Planters","article_modified_time":"2025-09-08T06:20:45+00:00","og_image":[{"width":800,"height":800,"url":"https:\/\/www.ronboplastic.com\/wp-content\/uploads\/2025\/09\/1-1-3.jpg","type":"image\/jpeg"}],"twitter_card":"summary_large_image","twitter_misc":{"Tempo estimado de leitura":"1 minuto"},"schema":{"@context":"https:\/\/schema.org","@graph":[{"@type":"WebPage","@id":"https:\/\/www.ronboplastic.com\/product\/high-quality-plastic-flower-pots\/","url":"https:\/\/www.ronboplastic.com\/product\/high-quality-plastic-flower-pots\/","name":"High-Quality Plastic Flower Pots - Ronbo Sunrise Pots &amp; Planters","isPartOf":{"@id":"https:\/\/www.ronboplastic.com\/#website"},"primaryImageOfPage":{"@id":"https:\/\/www.ronboplastic.com\/product\/high-quality-plastic-flower-pots\/#primaryimage"},"image":{"@id":"https:\/\/www.ronboplastic.com\/product\/high-quality-plastic-flower-pots\/#primaryimage"},"thumbnailUrl":"https:\/\/www.ronboplastic.com\/wp-content\/uploads\/2025\/09\/1-1-3.jpg","datePublished":"2024-10-28T01:36:29+00:00","dateModified":"2025-09-08T06:20:45+00:00","breadcrumb":{"@id":"https:\/\/www.ronboplastic.com\/product\/high-quality-plastic-flower-pots\/#breadcrumb"},"inLanguage":"pt-PT","potentialAction":[{"@type":"ReadAction","target":["https:\/\/www.ronboplastic.com\/product\/high-quality-plastic-flower-pots\/"]}]},{"@type":"ImageObject","inLanguage":"pt-PT","@id":"https:\/\/www.ronboplastic.com\/product\/high-quality-plastic-flower-pots\/#primaryimage","url":"https:\/\/www.ronboplastic.com\/wp-content\/uploads\/2025\/09\/1-1-3.jpg","contentUrl":"https:\/\/www.ronboplastic.com\/wp-content\/uploads\/2025\/09\/1-1-3.jpg","width":800,"height":800,"caption":"Hanging Baskets"},{"@type":"BreadcrumbList","@id":"https:\/\/www.ronboplastic.com\/product\/high-quality-plastic-flower-pots\/#breadcrumb","itemListElement":[{"@type":"ListItem","position":1,"name":"\u9996\u9875","item":"https:\/\/www.ronboplastic.com\/"},{"@type":"ListItem","position":2,"name":"Products","item":"http:\/\/www.ronboplastic.com\/products\/"},{"@type":"ListItem","position":3,"name":"High-Quality Plastic Flower Pots"}]},{"@type":"WebSite","@id":"https:\/\/www.ronboplastic.com\/#website","url":"https:\/\/www.ronboplastic.com\/","name":"Ronbo Sunrise Pots &amp; Planters","description":"Vasos de flores e jardineiras","potentialAction":[{"@type":"SearchAction","target":{"@type":"EntryPoint","urlTemplate":"https:\/\/www.ronboplastic.com\/?s={search_term_string}"},"query-input":{"@type":"PropertyValueSpecification","valueRequired":true,"valueName":"search_term_string"}}],"inLanguage":"pt-PT"}]}},"_links":{"self":[{"href":"https:\/\/www.ronboplastic.com\/pt\/wp-json\/wp\/v2\/product\/9382","targetHints":{"allow":["GET"]}}],"collection":[{"href":"https:\/\/www.ronboplastic.com\/pt\/wp-json\/wp\/v2\/product"}],"about":[{"href":"https:\/\/www.ronboplastic.com\/pt\/wp-json\/wp\/v2\/types\/product"}],"replies":[{"embeddable":true,"href":"https:\/\/www.ronboplastic.com\/pt\/wp-json\/wp\/v2\/comments?post=9382"}],"wp:featuredmedia":[{"embeddable":true,"href":"https:\/\/www.ronboplastic.com\/pt\/wp-json\/wp\/v2\/media\/9383"}],"wp:attachment":[{"href":"https:\/\/www.ronboplastic.com\/pt\/wp-json\/wp\/v2\/media?parent=9382"}],"wp:term":[{"taxonomy":"product_brand","embeddable":true,"href":"https:\/\/www.ronboplastic.com\/pt\/wp-json\/wp\/v2\/product_brand?post=9382"},{"taxonomy":"product_cat","embeddable":true,"href":"https:\/\/www.ronboplastic.com\/pt\/wp-json\/wp\/v2\/product_cat?post=9382"},{"taxonomy":"product_tag","embeddable":true,"href":"https:\/\/www.ronboplastic.com\/pt\/wp-json\/wp\/v2\/product_tag?post=9382"}],"curies":[{"name":"wp","href":"https:\/\/api.w.org\/{rel}","templated":true}]}}