{"id":9379,"date":"2024-10-25T08:17:46","date_gmt":"2024-10-25T00:17:46","guid":{"rendered":"https:\/\/www.ronboplastic.com\/index.php\/product\/plastic-flower-pot-with-drainage-hole\/"},"modified":"2025-09-08T14:20:43","modified_gmt":"2025-09-08T06:20:43","slug":"vaso-de-plastico-com-orificio-de-drenagem","status":"publish","type":"product","link":"https:\/\/www.ronboplastic.com\/pt\/produto\/vaso-de-plastico-com-orificio-de-drenagem\/","title":{"rendered":"Vaso de pl\u00e1stico para flores com orif\u00edcio de drenagem"},"content":{"rendered":"<p><strong>Descri\u00e7\u00e3o do produto:<\/strong><br \/>\nMelhore a sua experi\u00eancia de jardinagem com o nosso vaso de flores de pl\u00e1stico de qualidade superior, concebido para elevar qualquer espa\u00e7o interior ou exterior. Fabricado em pl\u00e1stico dur\u00e1vel e ecol\u00f3gico, este vaso de flores foi concebido para durar em todas as condi\u00e7\u00f5es climat\u00e9ricas, sendo ideal para jardins, p\u00e1tios, varandas e muito mais.<\/p>\n<p><strong>Carater\u00edsticas principais:<\/strong><\/p>\n<ul>\n<li><strong>Material duradouro:<\/strong> Constru\u00eddo em pl\u00e1stico de alta qualidade, garante resist\u00eancia e longevidade para v\u00e1rias plantas.<\/li>\n<li><strong>Design leve:<\/strong> Reorganize facilmente as plantas no interior ou no exterior para combinar com qualquer esta\u00e7\u00e3o ou estado de esp\u00edrito.<\/li>\n<li><strong>Resistente \u00e0s intemp\u00e9ries:<\/strong> Com prote\u00e7\u00e3o UV e resistente ao gelo, foi concebido para ser utilizado durante todo o ano.<\/li>\n<li><strong>Amigo do ambiente:<\/strong> Produzido com materiais recicl\u00e1veis 100%, apoiando a jardinagem sustent\u00e1vel.<\/li>\n<li><strong>Look elegante:<\/strong> Design moderno e simples que se adapta a qualquer estilo de decora\u00e7\u00e3o, real\u00e7ando o melhor das suas plantas.<\/li>\n<\/ul>\n<p><strong>Ideal para:<\/strong><br \/>\nUm vaso vers\u00e1til, perfeito para uma variedade de plantas, incluindo suculentas, flores, ervas arom\u00e1ticas e pequenos legumes. \u00d3timo para casas, escrit\u00f3rios, jardins, p\u00e1tios e varandas.<\/p>\n<p><strong>Instru\u00e7\u00f5es de manuten\u00e7\u00e3o:<\/strong><br \/>\nSe necess\u00e1rio, limpar com um pano macio e h\u00famido. Evitar produtos qu\u00edmicos agressivos para preservar o acabamento.<\/p>","protected":false},"excerpt":{"rendered":"<p>O nosso vaso de pl\u00e1stico para flores \u00e9 uma escolha elegante e ecol\u00f3gica para os amantes de plantas, concebido para prosperar no interior ou no exterior. Constru\u00eddo com pl\u00e1stico duradouro e amigo do ambiente, este vaso complementa qualquer decora\u00e7\u00e3o e resiste a todas as condi\u00e7\u00f5es climat\u00e9ricas.<\/p>","protected":false},"featured_media":9380,"comment_status":"open","ping_status":"open","template":"","meta":[],"product_brand":[],"product_cat":[80],"product_tag":[98],"class_list":{"0":"post-9379","1":"product","2":"type-product","3":"status-publish","4":"has-post-thumbnail","6":"product_cat-decorative-pots-planters","7":"product_tag-plastic-flower-pots","9":"first","10":"instock","11":"shipping-taxable","12":"product-type-simple"},"yoast_head":"<!-- This site is optimized with the Yoast SEO plugin v26.1.1 - https:\/\/yoast.com\/wordpress\/plugins\/seo\/ -->\n<title>Plastic Flower Pot with Drainage Hole - Ronbo Sunrise Pots &amp; Planters<\/title>\n<meta name=\"robots\" content=\"index, follow, max-snippet:-1, max-image-preview:large, max-video-preview:-1\" \/>\n<link rel=\"canonical\" href=\"https:\/\/www.ronboplastic.com\/pt\/produto\/vaso-de-plastico-com-orificio-de-drenagem\/\" \/>\n<meta property=\"og:locale\" content=\"pt_PT\" \/>\n<meta property=\"og:type\" content=\"article\" \/>\n<meta property=\"og:title\" content=\"Plastic Flower Pot with Drainage Hole - Ronbo Sunrise Pots &amp; Planters\" \/>\n<meta property=\"og:description\" content=\"Our plastic flower pot is a stylish and eco-conscious choice for plant lovers, crafted to thrive indoors or outdoors. Built with durable, eco-friendly plastic, this pot complements any decor while withstanding all weather conditions.\" \/>\n<meta property=\"og:url\" content=\"https:\/\/www.ronboplastic.com\/pt\/produto\/vaso-de-plastico-com-orificio-de-drenagem\/\" \/>\n<meta property=\"og:site_name\" content=\"Ronbo Sunrise Pots &amp; Planters\" \/>\n<meta property=\"article:modified_time\" content=\"2025-09-08T06:20:43+00:00\" \/>\n<meta property=\"og:image\" content=\"https:\/\/www.ronboplastic.com\/wp-content\/uploads\/2025\/09\/1-13.jpg\" \/>\n\t<meta property=\"og:image:width\" content=\"800\" \/>\n\t<meta property=\"og:image:height\" content=\"800\" \/>\n\t<meta property=\"og:image:type\" content=\"image\/jpeg\" \/>\n<meta name=\"twitter:card\" content=\"summary_large_image\" \/>\n<meta name=\"twitter:label1\" content=\"Tempo estimado de leitura\" \/>\n\t<meta name=\"twitter:data1\" content=\"1 minuto\" \/>\n<script type=\"application\/ld+json\" class=\"yoast-schema-graph\">{\"@context\":\"https:\/\/schema.org\",\"@graph\":[{\"@type\":\"WebPage\",\"@id\":\"https:\/\/www.ronboplastic.com\/product\/plastic-flower-pot-with-drainage-hole\/\",\"url\":\"https:\/\/www.ronboplastic.com\/product\/plastic-flower-pot-with-drainage-hole\/\",\"name\":\"Plastic Flower Pot with Drainage Hole - Ronbo Sunrise Pots &amp; Planters\",\"isPartOf\":{\"@id\":\"https:\/\/www.ronboplastic.com\/#website\"},\"primaryImageOfPage\":{\"@id\":\"https:\/\/www.ronboplastic.com\/product\/plastic-flower-pot-with-drainage-hole\/#primaryimage\"},\"image\":{\"@id\":\"https:\/\/www.ronboplastic.com\/product\/plastic-flower-pot-with-drainage-hole\/#primaryimage\"},\"thumbnailUrl\":\"https:\/\/www.ronboplastic.com\/wp-content\/uploads\/2025\/09\/1-13.jpg\",\"datePublished\":\"2024-10-25T00:17:46+00:00\",\"dateModified\":\"2025-09-08T06:20:43+00:00\",\"breadcrumb\":{\"@id\":\"https:\/\/www.ronboplastic.com\/product\/plastic-flower-pot-with-drainage-hole\/#breadcrumb\"},\"inLanguage\":\"pt-PT\",\"potentialAction\":[{\"@type\":\"ReadAction\",\"target\":[\"https:\/\/www.ronboplastic.com\/product\/plastic-flower-pot-with-drainage-hole\/\"]}]},{\"@type\":\"ImageObject\",\"inLanguage\":\"pt-PT\",\"@id\":\"https:\/\/www.ronboplastic.com\/product\/plastic-flower-pot-with-drainage-hole\/#primaryimage\",\"url\":\"https:\/\/www.ronboplastic.com\/wp-content\/uploads\/2025\/09\/1-13.jpg\",\"contentUrl\":\"https:\/\/www.ronboplastic.com\/wp-content\/uploads\/2025\/09\/1-13.jpg\",\"width\":800,\"height\":800,\"caption\":\"garden pots for plants\"},{\"@type\":\"BreadcrumbList\",\"@id\":\"https:\/\/www.ronboplastic.com\/product\/plastic-flower-pot-with-drainage-hole\/#breadcrumb\",\"itemListElement\":[{\"@type\":\"ListItem\",\"position\":1,\"name\":\"\u9996\u9875\",\"item\":\"https:\/\/www.ronboplastic.com\/\"},{\"@type\":\"ListItem\",\"position\":2,\"name\":\"Products\",\"item\":\"http:\/\/www.ronboplastic.com\/products\/\"},{\"@type\":\"ListItem\",\"position\":3,\"name\":\"Plastic Flower Pot with Drainage Hole\"}]},{\"@type\":\"WebSite\",\"@id\":\"https:\/\/www.ronboplastic.com\/#website\",\"url\":\"https:\/\/www.ronboplastic.com\/\",\"name\":\"Ronbo Sunrise Pots &amp; Planters\",\"description\":\"Flower Pots &amp; Planters\",\"potentialAction\":[{\"@type\":\"SearchAction\",\"target\":{\"@type\":\"EntryPoint\",\"urlTemplate\":\"https:\/\/www.ronboplastic.com\/?s={search_term_string}\"},\"query-input\":{\"@type\":\"PropertyValueSpecification\",\"valueRequired\":true,\"valueName\":\"search_term_string\"}}],\"inLanguage\":\"pt-PT\"}]}<\/script>\n<!-- \/ Yoast SEO plugin. -->","yoast_head_json":{"title":"Plastic Flower Pot with Drainage Hole - Ronbo Sunrise Pots &amp; Planters","robots":{"index":"index","follow":"follow","max-snippet":"max-snippet:-1","max-image-preview":"max-image-preview:large","max-video-preview":"max-video-preview:-1"},"canonical":"https:\/\/www.ronboplastic.com\/pt\/produto\/vaso-de-plastico-com-orificio-de-drenagem\/","og_locale":"pt_PT","og_type":"article","og_title":"Plastic Flower Pot with Drainage Hole - Ronbo Sunrise Pots &amp; Planters","og_description":"Our plastic flower pot is a stylish and eco-conscious choice for plant lovers, crafted to thrive indoors or outdoors. Built with durable, eco-friendly plastic, this pot complements any decor while withstanding all weather conditions.","og_url":"https:\/\/www.ronboplastic.com\/pt\/produto\/vaso-de-plastico-com-orificio-de-drenagem\/","og_site_name":"Ronbo Sunrise Pots &amp; Planters","article_modified_time":"2025-09-08T06:20:43+00:00","og_image":[{"width":800,"height":800,"url":"https:\/\/www.ronboplastic.com\/wp-content\/uploads\/2025\/09\/1-13.jpg","type":"image\/jpeg"}],"twitter_card":"summary_large_image","twitter_misc":{"Tempo estimado de leitura":"1 minuto"},"schema":{"@context":"https:\/\/schema.org","@graph":[{"@type":"WebPage","@id":"https:\/\/www.ronboplastic.com\/product\/plastic-flower-pot-with-drainage-hole\/","url":"https:\/\/www.ronboplastic.com\/product\/plastic-flower-pot-with-drainage-hole\/","name":"Plastic Flower Pot with Drainage Hole - Ronbo Sunrise Pots &amp; Planters","isPartOf":{"@id":"https:\/\/www.ronboplastic.com\/#website"},"primaryImageOfPage":{"@id":"https:\/\/www.ronboplastic.com\/product\/plastic-flower-pot-with-drainage-hole\/#primaryimage"},"image":{"@id":"https:\/\/www.ronboplastic.com\/product\/plastic-flower-pot-with-drainage-hole\/#primaryimage"},"thumbnailUrl":"https:\/\/www.ronboplastic.com\/wp-content\/uploads\/2025\/09\/1-13.jpg","datePublished":"2024-10-25T00:17:46+00:00","dateModified":"2025-09-08T06:20:43+00:00","breadcrumb":{"@id":"https:\/\/www.ronboplastic.com\/product\/plastic-flower-pot-with-drainage-hole\/#breadcrumb"},"inLanguage":"pt-PT","potentialAction":[{"@type":"ReadAction","target":["https:\/\/www.ronboplastic.com\/product\/plastic-flower-pot-with-drainage-hole\/"]}]},{"@type":"ImageObject","inLanguage":"pt-PT","@id":"https:\/\/www.ronboplastic.com\/product\/plastic-flower-pot-with-drainage-hole\/#primaryimage","url":"https:\/\/www.ronboplastic.com\/wp-content\/uploads\/2025\/09\/1-13.jpg","contentUrl":"https:\/\/www.ronboplastic.com\/wp-content\/uploads\/2025\/09\/1-13.jpg","width":800,"height":800,"caption":"garden pots for plants"},{"@type":"BreadcrumbList","@id":"https:\/\/www.ronboplastic.com\/product\/plastic-flower-pot-with-drainage-hole\/#breadcrumb","itemListElement":[{"@type":"ListItem","position":1,"name":"\u9996\u9875","item":"https:\/\/www.ronboplastic.com\/"},{"@type":"ListItem","position":2,"name":"Products","item":"http:\/\/www.ronboplastic.com\/products\/"},{"@type":"ListItem","position":3,"name":"Plastic Flower Pot with Drainage Hole"}]},{"@type":"WebSite","@id":"https:\/\/www.ronboplastic.com\/#website","url":"https:\/\/www.ronboplastic.com\/","name":"Ronbo Sunrise Pots &amp; Planters","description":"Vasos de flores e jardineiras","potentialAction":[{"@type":"SearchAction","target":{"@type":"EntryPoint","urlTemplate":"https:\/\/www.ronboplastic.com\/?s={search_term_string}"},"query-input":{"@type":"PropertyValueSpecification","valueRequired":true,"valueName":"search_term_string"}}],"inLanguage":"pt-PT"}]}},"_links":{"self":[{"href":"https:\/\/www.ronboplastic.com\/pt\/wp-json\/wp\/v2\/product\/9379","targetHints":{"allow":["GET"]}}],"collection":[{"href":"https:\/\/www.ronboplastic.com\/pt\/wp-json\/wp\/v2\/product"}],"about":[{"href":"https:\/\/www.ronboplastic.com\/pt\/wp-json\/wp\/v2\/types\/product"}],"replies":[{"embeddable":true,"href":"https:\/\/www.ronboplastic.com\/pt\/wp-json\/wp\/v2\/comments?post=9379"}],"wp:featuredmedia":[{"embeddable":true,"href":"https:\/\/www.ronboplastic.com\/pt\/wp-json\/wp\/v2\/media\/9380"}],"wp:attachment":[{"href":"https:\/\/www.ronboplastic.com\/pt\/wp-json\/wp\/v2\/media?parent=9379"}],"wp:term":[{"taxonomy":"product_brand","embeddable":true,"href":"https:\/\/www.ronboplastic.com\/pt\/wp-json\/wp\/v2\/product_brand?post=9379"},{"taxonomy":"product_cat","embeddable":true,"href":"https:\/\/www.ronboplastic.com\/pt\/wp-json\/wp\/v2\/product_cat?post=9379"},{"taxonomy":"product_tag","embeddable":true,"href":"https:\/\/www.ronboplastic.com\/pt\/wp-json\/wp\/v2\/product_tag?post=9379"}],"curies":[{"name":"wp","href":"https:\/\/api.w.org\/{rel}","templated":true}]}}