{"id":9295,"date":"2024-10-16T07:29:55","date_gmt":"2024-10-15T23:29:55","guid":{"rendered":"https:\/\/www.ronboplastic.com\/index.php\/product\/geometric-hanging-planter\/"},"modified":"2025-09-08T14:20:00","modified_gmt":"2025-09-08T06:20:00","slug":"floreira-suspensa-geometrica","status":"publish","type":"product","link":"https:\/\/www.ronboplastic.com\/pt\/produto\/floreira-suspensa-geometrica\/","title":{"rendered":"Vaso de plantas suspenso geom\u00e9trico"},"content":{"rendered":"<p>O vaso geom\u00e9trico suspenso \u00e9 feito de pl\u00e1stico PP, que \u00e9 dur\u00e1vel e n\u00e3o \u00e9 f\u00e1cil de partir. Cont\u00e9m ingredientes resistentes aos raios UV e n\u00e3o teme que a luz solar direta cause problemas. Pode ser utilizado durante 3 a 5 anos. Existe um vaso interior com controlo de ra\u00edzes no interior do vaso de flores para garantir que as ra\u00edzes das plantas ou flores possam respirar livremente, reduzindo a rega autom\u00e1tica e o n\u00famero de regas das flores.  O design com v\u00e1rios ganchos para pendurar \u00e9 simples de utilizar, pode ser utilizado no p\u00e1tio, jardim, terra\u00e7o e outros espa\u00e7os.<\/p>\n<p><img loading=\"lazy\" decoding=\"async\" title=\"Vaso de plantas suspenso geom\u00e9trico\" src=\"https:\/\/www.ronboplastic.com\/wp-content\/uploads\/2025\/09\/2022053010031758cce6e7c1c2400b99a1f1982d9360b9.jpg\" alt=\"Vaso de plantas suspenso geom\u00e9trico\" width=\"800\" height=\"939\" border=\"0\" vspace=\"0\" \/><\/p>\n<p><img loading=\"lazy\" decoding=\"async\" title=\"Vaso de plantas suspenso geom\u00e9trico\" src=\"https:\/\/www.ronboplastic.com\/wp-content\/uploads\/2025\/09\/20220530100321f4153897d812432db133ea0e269d6a0a.jpg\" alt=\"Vaso de plantas suspenso geom\u00e9trico\" width=\"800\" height=\"822\" border=\"0\" vspace=\"0\" \/><\/p>\n<p><strong>Especifica\u00e7\u00f5es<\/strong><\/p>\n<p>&nbsp;<\/p>\n<section class=\"table-wrap\">\n<table class=\"table\" border=\"1\" width=\"100%\" cellspacing=\"0\" cellpadding=\"0\">\n<tbody>\n<tr class=\"firstRow\">\n<td>N\u00famero do modelo<\/td>\n<td>RB-DS021<\/td>\n<\/tr>\n<tr>\n<td>Tipo de pl\u00e1stico<\/td>\n<td>PP<\/td>\n<\/tr>\n<tr>\n<td>Tipo<\/td>\n<td>Propaga\u00e7\u00e3o<\/td>\n<\/tr>\n<tr>\n<td>Di\u00e2metro superior<\/td>\n<td>21cm\/8.3inch<\/td>\n<\/tr>\n<tr>\n<td>Altura<\/td>\n<td>12cm\/4,7inch<\/td>\n<\/tr>\n<tr>\n<td>Peso<\/td>\n<td>290g<\/td>\n<\/tr>\n<\/tbody>\n<\/table>\n<\/section>\n<p>&nbsp;<\/p>\n<section class=\"table-wrap\">\n<table class=\"table\" border=\"1\" width=\"100%\" cellspacing=\"0\" cellpadding=\"0\">\n<tbody>\n<tr class=\"firstRow\">\n<td>N\u00famero do modelo<\/td>\n<td>RB-DS026<\/td>\n<\/tr>\n<tr>\n<td>Tipo de pl\u00e1stico<\/td>\n<td>PP<\/td>\n<\/tr>\n<tr>\n<td>Tipo<\/td>\n<td>Propaga\u00e7\u00e3o<\/td>\n<\/tr>\n<tr>\n<td>Di\u00e2metro superior<\/td>\n<td>26cm\/10,2polegadas<\/td>\n<\/tr>\n<tr>\n<td>Altura<\/td>\n<td>15cm\/5,9polegadas<\/td>\n<\/tr>\n<tr>\n<td>Peso<\/td>\n<td>485g<\/td>\n<\/tr>\n<\/tbody>\n<\/table>\n<\/section>\n<p>&nbsp;<\/p>\n<p><img loading=\"lazy\" decoding=\"async\" src=\"https:\/\/www.ronboplastic.com\/wp-content\/uploads\/2025\/09\/202205131612159a16ace32ec04133ae6f48e4dcaa3c85.jpg\" alt=\"2.0_07\" width=\"800\" height=\"207\" \/><\/p>\n<p><img loading=\"lazy\" decoding=\"async\" title=\"Vaso de plantas suspenso geom\u00e9trico\" src=\"https:\/\/www.ronboplastic.com\/wp-content\/uploads\/2025\/09\/2022053010040143c9857245ba428abe7a9ba648e4dfc7.jpg\" alt=\"Vaso de plantas suspenso geom\u00e9trico\" width=\"800\" height=\"832\" border=\"0\" vspace=\"0\" \/><\/p>\n<p class=\"productsTags\">Hot Tags: plantador suspenso geom\u00e9trico, fornecedores, fabricantes, f\u00e1brica, atacado, para venda<\/p>","protected":false},"excerpt":{"rendered":"<p>O vaso geom\u00e9trico suspenso \u00e9 feito de pl\u00e1stico PP, que \u00e9 dur\u00e1vel e n\u00e3o \u00e9 f\u00e1cil de partir. Cont\u00e9m ingredientes resistentes aos raios UV e n\u00e3o teme que a luz solar direta cause problemas. Pode ser utilizado durante 3 a 5 anos. Existe um vaso interior com controlo de ra\u00edzes no interior do vaso de flores para garantir que as ra\u00edzes das plantas ou flores possam respirar livremente, reduzindo a rega autom\u00e1tica e o n\u00famero de regas das flores.  O design com v\u00e1rios ganchos para pendurar \u00e9 simples de utilizar, pode ser utilizado no p\u00e1tio, jardim, terra\u00e7o e outros espa\u00e7os.<\/p>","protected":false},"featured_media":9297,"comment_status":"open","ping_status":"open","template":"","meta":[],"product_brand":[],"product_cat":[88],"product_tag":[94],"class_list":{"0":"post-9295","1":"product","2":"type-product","3":"status-publish","4":"has-post-thumbnail","6":"product_cat-hanging-planter","7":"product_tag-hanging-basket-planter","9":"first","10":"instock","11":"shipping-taxable","12":"product-type-simple"},"yoast_head":"<!-- This site is optimized with the Yoast SEO plugin v26.1.1 - https:\/\/yoast.com\/wordpress\/plugins\/seo\/ -->\n<title>Geometric Hanging Planter - Ronbo Sunrise Pots &amp; Planters<\/title>\n<meta name=\"robots\" content=\"index, follow, max-snippet:-1, max-image-preview:large, max-video-preview:-1\" \/>\n<link rel=\"canonical\" href=\"https:\/\/www.ronboplastic.com\/pt\/produto\/floreira-suspensa-geometrica\/\" \/>\n<meta property=\"og:locale\" content=\"pt_PT\" \/>\n<meta property=\"og:type\" content=\"article\" \/>\n<meta property=\"og:title\" content=\"Geometric Hanging Planter - Ronbo Sunrise Pots &amp; Planters\" \/>\n<meta property=\"og:description\" content=\"The geometric\u00a0hanging\u00a0planter is made of PP plastic, which is durable and not easy to break. It contains UV resistant ingredients and is not afraid of direct sunlight causing problems. It can be used for 3 to 5 years.\u00a0There is a root-controlled inner pot inside the flowerpot to ensure that the roots of plants or flowers can breathe freely, while reducing automatic watering and reducing the number of watering flowers.\u00a0\u00a0Hanging multi-hook design is simple to use, can be used in the courtyard, garden, terrace and other Spaces.\" \/>\n<meta property=\"og:url\" content=\"https:\/\/www.ronboplastic.com\/pt\/produto\/floreira-suspensa-geometrica\/\" \/>\n<meta property=\"og:site_name\" content=\"Ronbo Sunrise Pots &amp; Planters\" \/>\n<meta property=\"article:modified_time\" content=\"2025-09-08T06:20:00+00:00\" \/>\n<meta property=\"og:image\" content=\"https:\/\/www.ronboplastic.com\/wp-content\/uploads\/2025\/09\/36.png\" \/>\n\t<meta property=\"og:image:width\" content=\"730\" \/>\n\t<meta property=\"og:image:height\" content=\"730\" \/>\n\t<meta property=\"og:image:type\" content=\"image\/png\" \/>\n<meta name=\"twitter:card\" content=\"summary_large_image\" \/>\n<meta name=\"twitter:label1\" content=\"Tempo estimado de leitura\" \/>\n\t<meta name=\"twitter:data1\" content=\"1 minuto\" \/>\n<script type=\"application\/ld+json\" class=\"yoast-schema-graph\">{\"@context\":\"https:\/\/schema.org\",\"@graph\":[{\"@type\":\"WebPage\",\"@id\":\"https:\/\/www.ronboplastic.com\/product\/geometric-hanging-planter\/\",\"url\":\"https:\/\/www.ronboplastic.com\/product\/geometric-hanging-planter\/\",\"name\":\"Geometric Hanging Planter - Ronbo Sunrise Pots &amp; Planters\",\"isPartOf\":{\"@id\":\"https:\/\/www.ronboplastic.com\/#website\"},\"primaryImageOfPage\":{\"@id\":\"https:\/\/www.ronboplastic.com\/product\/geometric-hanging-planter\/#primaryimage\"},\"image\":{\"@id\":\"https:\/\/www.ronboplastic.com\/product\/geometric-hanging-planter\/#primaryimage\"},\"thumbnailUrl\":\"https:\/\/www.ronboplastic.com\/wp-content\/uploads\/2025\/09\/36.png\",\"datePublished\":\"2024-10-15T23:29:55+00:00\",\"dateModified\":\"2025-09-08T06:20:00+00:00\",\"breadcrumb\":{\"@id\":\"https:\/\/www.ronboplastic.com\/product\/geometric-hanging-planter\/#breadcrumb\"},\"inLanguage\":\"pt-PT\",\"potentialAction\":[{\"@type\":\"ReadAction\",\"target\":[\"https:\/\/www.ronboplastic.com\/product\/geometric-hanging-planter\/\"]}]},{\"@type\":\"ImageObject\",\"inLanguage\":\"pt-PT\",\"@id\":\"https:\/\/www.ronboplastic.com\/product\/geometric-hanging-planter\/#primaryimage\",\"url\":\"https:\/\/www.ronboplastic.com\/wp-content\/uploads\/2025\/09\/36.png\",\"contentUrl\":\"https:\/\/www.ronboplastic.com\/wp-content\/uploads\/2025\/09\/36.png\",\"width\":730,\"height\":730,\"caption\":\"hanging plnater pots\"},{\"@type\":\"BreadcrumbList\",\"@id\":\"https:\/\/www.ronboplastic.com\/product\/geometric-hanging-planter\/#breadcrumb\",\"itemListElement\":[{\"@type\":\"ListItem\",\"position\":1,\"name\":\"\u9996\u9875\",\"item\":\"https:\/\/www.ronboplastic.com\/\"},{\"@type\":\"ListItem\",\"position\":2,\"name\":\"Products\",\"item\":\"http:\/\/www.ronboplastic.com\/products\/\"},{\"@type\":\"ListItem\",\"position\":3,\"name\":\"Geometric Hanging Planter\"}]},{\"@type\":\"WebSite\",\"@id\":\"https:\/\/www.ronboplastic.com\/#website\",\"url\":\"https:\/\/www.ronboplastic.com\/\",\"name\":\"Ronbo Sunrise Pots &amp; Planters\",\"description\":\"Flower Pots &amp; Planters\",\"potentialAction\":[{\"@type\":\"SearchAction\",\"target\":{\"@type\":\"EntryPoint\",\"urlTemplate\":\"https:\/\/www.ronboplastic.com\/?s={search_term_string}\"},\"query-input\":{\"@type\":\"PropertyValueSpecification\",\"valueRequired\":true,\"valueName\":\"search_term_string\"}}],\"inLanguage\":\"pt-PT\"}]}<\/script>\n<!-- \/ Yoast SEO plugin. -->","yoast_head_json":{"title":"Geometric Hanging Planter - Ronbo Sunrise Pots &amp; Planters","robots":{"index":"index","follow":"follow","max-snippet":"max-snippet:-1","max-image-preview":"max-image-preview:large","max-video-preview":"max-video-preview:-1"},"canonical":"https:\/\/www.ronboplastic.com\/pt\/produto\/floreira-suspensa-geometrica\/","og_locale":"pt_PT","og_type":"article","og_title":"Geometric Hanging Planter - Ronbo Sunrise Pots &amp; Planters","og_description":"The geometric\u00a0hanging\u00a0planter is made of PP plastic, which is durable and not easy to break. It contains UV resistant ingredients and is not afraid of direct sunlight causing problems. It can be used for 3 to 5 years.\u00a0There is a root-controlled inner pot inside the flowerpot to ensure that the roots of plants or flowers can breathe freely, while reducing automatic watering and reducing the number of watering flowers.\u00a0\u00a0Hanging multi-hook design is simple to use, can be used in the courtyard, garden, terrace and other Spaces.","og_url":"https:\/\/www.ronboplastic.com\/pt\/produto\/floreira-suspensa-geometrica\/","og_site_name":"Ronbo Sunrise Pots &amp; Planters","article_modified_time":"2025-09-08T06:20:00+00:00","og_image":[{"width":730,"height":730,"url":"https:\/\/www.ronboplastic.com\/wp-content\/uploads\/2025\/09\/36.png","type":"image\/png"}],"twitter_card":"summary_large_image","twitter_misc":{"Tempo estimado de leitura":"1 minuto"},"schema":{"@context":"https:\/\/schema.org","@graph":[{"@type":"WebPage","@id":"https:\/\/www.ronboplastic.com\/product\/geometric-hanging-planter\/","url":"https:\/\/www.ronboplastic.com\/product\/geometric-hanging-planter\/","name":"Geometric Hanging Planter - Ronbo Sunrise Pots &amp; Planters","isPartOf":{"@id":"https:\/\/www.ronboplastic.com\/#website"},"primaryImageOfPage":{"@id":"https:\/\/www.ronboplastic.com\/product\/geometric-hanging-planter\/#primaryimage"},"image":{"@id":"https:\/\/www.ronboplastic.com\/product\/geometric-hanging-planter\/#primaryimage"},"thumbnailUrl":"https:\/\/www.ronboplastic.com\/wp-content\/uploads\/2025\/09\/36.png","datePublished":"2024-10-15T23:29:55+00:00","dateModified":"2025-09-08T06:20:00+00:00","breadcrumb":{"@id":"https:\/\/www.ronboplastic.com\/product\/geometric-hanging-planter\/#breadcrumb"},"inLanguage":"pt-PT","potentialAction":[{"@type":"ReadAction","target":["https:\/\/www.ronboplastic.com\/product\/geometric-hanging-planter\/"]}]},{"@type":"ImageObject","inLanguage":"pt-PT","@id":"https:\/\/www.ronboplastic.com\/product\/geometric-hanging-planter\/#primaryimage","url":"https:\/\/www.ronboplastic.com\/wp-content\/uploads\/2025\/09\/36.png","contentUrl":"https:\/\/www.ronboplastic.com\/wp-content\/uploads\/2025\/09\/36.png","width":730,"height":730,"caption":"hanging plnater pots"},{"@type":"BreadcrumbList","@id":"https:\/\/www.ronboplastic.com\/product\/geometric-hanging-planter\/#breadcrumb","itemListElement":[{"@type":"ListItem","position":1,"name":"\u9996\u9875","item":"https:\/\/www.ronboplastic.com\/"},{"@type":"ListItem","position":2,"name":"Products","item":"http:\/\/www.ronboplastic.com\/products\/"},{"@type":"ListItem","position":3,"name":"Geometric Hanging Planter"}]},{"@type":"WebSite","@id":"https:\/\/www.ronboplastic.com\/#website","url":"https:\/\/www.ronboplastic.com\/","name":"Ronbo Sunrise Pots &amp; Planters","description":"Vasos de flores e jardineiras","potentialAction":[{"@type":"SearchAction","target":{"@type":"EntryPoint","urlTemplate":"https:\/\/www.ronboplastic.com\/?s={search_term_string}"},"query-input":{"@type":"PropertyValueSpecification","valueRequired":true,"valueName":"search_term_string"}}],"inLanguage":"pt-PT"}]}},"_links":{"self":[{"href":"https:\/\/www.ronboplastic.com\/pt\/wp-json\/wp\/v2\/product\/9295","targetHints":{"allow":["GET"]}}],"collection":[{"href":"https:\/\/www.ronboplastic.com\/pt\/wp-json\/wp\/v2\/product"}],"about":[{"href":"https:\/\/www.ronboplastic.com\/pt\/wp-json\/wp\/v2\/types\/product"}],"replies":[{"embeddable":true,"href":"https:\/\/www.ronboplastic.com\/pt\/wp-json\/wp\/v2\/comments?post=9295"}],"wp:featuredmedia":[{"embeddable":true,"href":"https:\/\/www.ronboplastic.com\/pt\/wp-json\/wp\/v2\/media\/9297"}],"wp:attachment":[{"href":"https:\/\/www.ronboplastic.com\/pt\/wp-json\/wp\/v2\/media?parent=9295"}],"wp:term":[{"taxonomy":"product_brand","embeddable":true,"href":"https:\/\/www.ronboplastic.com\/pt\/wp-json\/wp\/v2\/product_brand?post=9295"},{"taxonomy":"product_cat","embeddable":true,"href":"https:\/\/www.ronboplastic.com\/pt\/wp-json\/wp\/v2\/product_cat?post=9295"},{"taxonomy":"product_tag","embeddable":true,"href":"https:\/\/www.ronboplastic.com\/pt\/wp-json\/wp\/v2\/product_tag?post=9295"}],"curies":[{"name":"wp","href":"https:\/\/api.w.org\/{rel}","templated":true}]}}