{"id":9275,"date":"2024-10-15T08:17:29","date_gmt":"2024-10-15T00:17:29","guid":{"rendered":"https:\/\/www.ronboplastic.com\/index.php\/product\/watermelon-wedges-hanging-baskets\/"},"modified":"2025-09-08T14:19:49","modified_gmt":"2025-09-08T06:19:49","slug":"melancia-em-cunha-cestos-suspensos","status":"publish","type":"product","link":"https:\/\/www.ronboplastic.com\/pt\/produto\/melancia-em-cunha-cestos-suspensos\/","title":{"rendered":"Cestos suspensos em forma de cunha de melancia"},"content":{"rendered":"<p>Grande vaso criativo para plantas suspensas, novo material pp, a f\u00e1brica concebeu especialmente a forma de p\u00e9talas de melancia, elegante e inovadora, e v\u00e1rios orif\u00edcios de drenagem tamb\u00e9m foram concebidos na parte inferior, que tem boa ventila\u00e7\u00e3o e \u00e9 prop\u00edcio ao crescimento de flores e ra\u00edzes de relva. N\u00e3o \u00e9 f\u00e1cil de ser deformado e tem uma vida \u00fatil de mais de 10 anos. Os vasos para flores s\u00e3o populares nos mercados europeu e americano.<\/p>\n<p><img loading=\"lazy\" decoding=\"async\" src=\"https:\/\/www.ronboplastic.com\/wp-content\/uploads\/2025\/09\/2022053010031758cce6e7c1c2400b99a1f1982d9360b9.jpg\" alt=\"Cestos suspensos em forma de cunha de melancia\" width=\"800\" height=\"939\" \/><\/p>\n<p><img loading=\"lazy\" decoding=\"async\" src=\"https:\/\/www.ronboplastic.com\/wp-content\/uploads\/2025\/09\/20220530100321f4153897d812432db133ea0e269d6a0a.jpg\" alt=\"Cestos suspensos em forma de cunha de melancia\" width=\"800\" height=\"822\" \/><\/p>\n<p><strong>Especifica\u00e7\u00f5es<\/strong><\/p>\n<p>&nbsp;<\/p>\n<p>&nbsp;<\/p>\n<section class=\"table-wrap\">\n<table class=\"table\" border=\"1\" width=\"100%\" cellspacing=\"0\" cellpadding=\"0\">\n<tbody>\n<tr class=\"firstRow\">\n<td>N\u00famero do modelo<\/td>\n<td>RB-HB140<\/td>\n<\/tr>\n<tr>\n<td>Tipo de pl\u00e1stico<\/td>\n<td>PP<\/td>\n<\/tr>\n<tr>\n<td>Tipo<\/td>\n<td>Propaga\u00e7\u00e3o<\/td>\n<\/tr>\n<tr>\n<td>Di\u00e2metro superior<\/td>\n<td>32cm\/12,6inch<\/td>\n<\/tr>\n<tr>\n<td>Di\u00e2metro do fundo<\/td>\n<td>18cm\/7,1polegadas<\/td>\n<\/tr>\n<tr>\n<td>Altura<\/td>\n<td>17cm\/6,7inch<\/td>\n<\/tr>\n<tr>\n<td>Peso<\/td>\n<td>260g<\/td>\n<\/tr>\n<\/tbody>\n<\/table>\n<\/section>\n<p><strong>o nosso servi\u00e7o<\/strong><\/p>\n<p>&nbsp;<\/p>\n<p><img loading=\"lazy\" decoding=\"async\" src=\"https:\/\/www.ronboplastic.com\/wp-content\/uploads\/2025\/09\/202205131612159a16ace32ec04133ae6f48e4dcaa3c85.jpg\" alt=\"Cestos suspensos em forma de cunha de melancia\" width=\"800\" height=\"207\" \/><\/p>\n<p><img loading=\"lazy\" decoding=\"async\" src=\"https:\/\/www.ronboplastic.com\/wp-content\/uploads\/2025\/09\/2022053010040143c9857245ba428abe7a9ba648e4dfc7.jpg\" alt=\"Cestos suspensos em forma de cunha de melancia\" width=\"800\" height=\"832\" \/><\/p>\n<p><strong>FAQ<\/strong><\/p>\n<p><strong>Q. Que tal a qualidade dos produtos?<\/strong><\/p>\n<p>A. Somos uma f\u00e1brica com mais de 20 anos de experi\u00eancia de exporta\u00e7\u00e3o para pa\u00edses americanos e europeus. Temos o relat\u00f3rio BSCI e o certificado REACH<\/p>\n<p><strong>Q. Qual \u00e9 o estilo \/ tema do produto\uff1f<\/strong><\/p>\n<p>A. Vaso de pl\u00e1stico para flores\/planta\u00e7\u00f5es<\/p>\n<p><strong>Q. Como lidar com unidades defeituosas?<\/strong><\/p>\n<p>A. Se houver algum pote partido quando o receber, enviar-lhe-emos um pote substitu\u00eddo na pr\u00f3xima encomenda.<\/p>\n<p><strong>Q. \u00c9 um fabricante ou uma empresa comercial?<\/strong><\/p>\n<p>A. Somos uma f\u00e1brica com mais de 20 anos de experi\u00eancia em exporta\u00e7\u00e3o<\/p>\n<p><strong>Q. Podem oferecer amostras?<\/strong><\/p>\n<p>A. Podemos oferecer amostras gr\u00e1tis para que possa verificar a nossa qualidade<\/p>\n<p><strong>Q. Em quanto tempo podemos obter a vossa resposta \u00e0s minhas perguntas?<\/strong><\/p>\n<p>A. Responderemos \u00e0 primeira hora, se for \u00e0 noite, teremos um atraso de 10 horas.<\/p>\n<p><strong>Q. Qual \u00e9 o vosso material? e que tipo de tecnologia?<\/strong><\/p>\n<p>A. O material do nosso pote \u00e9 PP, e s\u00e3o moldados por inje\u00e7\u00e3o.<\/p>\n<p><strong>Q. Qual \u00e9 a embalagem?<\/strong><\/p>\n<p>A. Temos 2 embalagens, uma \u00e9 a caixa de cart\u00e3o e a outra \u00e9 a palete<\/p>\n<p><strong>Q. Qual \u00e9 o vosso MOQ?<\/strong><\/p>\n<p>A. Normalmente, o nosso MOQ \u00e9 de 3 paletes ou 10 caixas de cart\u00e3o de cada tamanho e cor<\/p>\n<p class=\"productsTags\">Hot Tags: cestos suspensos com cunhas de melancia, fornecedores, fabricantes, f\u00e1brica, atacado, para venda<\/p>","protected":false},"excerpt":{"rendered":"<p>Grande vaso criativo para plantas suspensas, novo material pp, a f\u00e1brica concebeu especialmente a forma de p\u00e9talas de melancia, elegante e inovadora, e v\u00e1rios orif\u00edcios de drenagem tamb\u00e9m foram concebidos na parte inferior, que tem boa ventila\u00e7\u00e3o e \u00e9 prop\u00edcio ao crescimento de flores e ra\u00edzes de relva. N\u00e3o \u00e9 f\u00e1cil de ser deformado e tem uma vida \u00fatil de mais de 10 anos. Os vasos para flores s\u00e3o populares nos mercados europeu e americano.<\/p>","protected":false},"featured_media":9277,"comment_status":"open","ping_status":"open","template":"","meta":[],"product_brand":[],"product_cat":[88],"product_tag":[],"class_list":{"0":"post-9275","1":"product","2":"type-product","3":"status-publish","4":"has-post-thumbnail","6":"product_cat-hanging-planter","8":"first","9":"instock","10":"shipping-taxable","11":"product-type-simple"},"yoast_head":"<!-- This site is optimized with the Yoast SEO plugin v26.1.1 - https:\/\/yoast.com\/wordpress\/plugins\/seo\/ -->\n<title>Watermelon Wedges Hanging Baskets - Ronbo Sunrise Pots &amp; Planters<\/title>\n<meta name=\"robots\" content=\"index, follow, max-snippet:-1, max-image-preview:large, max-video-preview:-1\" \/>\n<link rel=\"canonical\" href=\"http:\/\/www.ronboplastic.com\/pt\/produto\/melancia-em-cunha-cestos-suspensos\/\" \/>\n<meta property=\"og:locale\" content=\"pt_PT\" \/>\n<meta property=\"og:type\" content=\"article\" \/>\n<meta property=\"og:title\" content=\"Watermelon Wedges Hanging Baskets - Ronbo Sunrise Pots &amp; Planters\" \/>\n<meta property=\"og:description\" content=\"Large hanging creative plant hanging pot, new pp material, the factory specially designed the shape of watermelon petals, fashionable and novel, and multiple drainage holes are also designed at the bottom, which has good ventilation and is conducive to the growth of flowers and grass roots. It is not easy to be deformed and has a service life of more than 10 years. Flower pots are popular in European and American markets.\" \/>\n<meta property=\"og:url\" content=\"http:\/\/www.ronboplastic.com\/pt\/produto\/melancia-em-cunha-cestos-suspensos\/\" \/>\n<meta property=\"og:site_name\" content=\"Ronbo Sunrise Pots &amp; Planters\" \/>\n<meta property=\"article:modified_time\" content=\"2025-09-08T06:19:49+00:00\" \/>\n<meta property=\"og:image\" content=\"https:\/\/www.ronboplastic.com\/wp-content\/uploads\/2025\/09\/27.png\" \/>\n\t<meta property=\"og:image:width\" content=\"730\" \/>\n\t<meta property=\"og:image:height\" content=\"730\" \/>\n\t<meta property=\"og:image:type\" content=\"image\/png\" \/>\n<meta name=\"twitter:card\" content=\"summary_large_image\" \/>\n<meta name=\"twitter:label1\" content=\"Tempo estimado de leitura\" \/>\n\t<meta name=\"twitter:data1\" content=\"1 minuto\" \/>\n<script type=\"application\/ld+json\" class=\"yoast-schema-graph\">{\"@context\":\"https:\/\/schema.org\",\"@graph\":[{\"@type\":\"WebPage\",\"@id\":\"http:\/\/www.ronboplastic.com\/ru\/%d0%bf%d1%80%d0%be%d0%b4%d1%83%d0%ba%d1%82\/watermelon-wedges-hanging-baskets\/\",\"url\":\"http:\/\/www.ronboplastic.com\/ru\/%d0%bf%d1%80%d0%be%d0%b4%d1%83%d0%ba%d1%82\/watermelon-wedges-hanging-baskets\/\",\"name\":\"Watermelon Wedges Hanging Baskets - Ronbo Sunrise Pots &amp; Planters\",\"isPartOf\":{\"@id\":\"https:\/\/www.ronboplastic.com\/#website\"},\"primaryImageOfPage\":{\"@id\":\"http:\/\/www.ronboplastic.com\/ru\/%d0%bf%d1%80%d0%be%d0%b4%d1%83%d0%ba%d1%82\/watermelon-wedges-hanging-baskets\/#primaryimage\"},\"image\":{\"@id\":\"http:\/\/www.ronboplastic.com\/ru\/%d0%bf%d1%80%d0%be%d0%b4%d1%83%d0%ba%d1%82\/watermelon-wedges-hanging-baskets\/#primaryimage\"},\"thumbnailUrl\":\"https:\/\/www.ronboplastic.com\/wp-content\/uploads\/2025\/09\/27.png\",\"datePublished\":\"2024-10-15T00:17:29+00:00\",\"dateModified\":\"2025-09-08T06:19:49+00:00\",\"breadcrumb\":{\"@id\":\"http:\/\/www.ronboplastic.com\/ru\/%d0%bf%d1%80%d0%be%d0%b4%d1%83%d0%ba%d1%82\/watermelon-wedges-hanging-baskets\/#breadcrumb\"},\"inLanguage\":\"pt-PT\",\"potentialAction\":[{\"@type\":\"ReadAction\",\"target\":[\"http:\/\/www.ronboplastic.com\/ru\/%d0%bf%d1%80%d0%be%d0%b4%d1%83%d0%ba%d1%82\/watermelon-wedges-hanging-baskets\/\"]}]},{\"@type\":\"ImageObject\",\"inLanguage\":\"pt-PT\",\"@id\":\"http:\/\/www.ronboplastic.com\/ru\/%d0%bf%d1%80%d0%be%d0%b4%d1%83%d0%ba%d1%82\/watermelon-wedges-hanging-baskets\/#primaryimage\",\"url\":\"https:\/\/www.ronboplastic.com\/wp-content\/uploads\/2025\/09\/27.png\",\"contentUrl\":\"https:\/\/www.ronboplastic.com\/wp-content\/uploads\/2025\/09\/27.png\",\"width\":730,\"height\":730,\"caption\":\"hanging basket planter\"},{\"@type\":\"BreadcrumbList\",\"@id\":\"http:\/\/www.ronboplastic.com\/ru\/%d0%bf%d1%80%d0%be%d0%b4%d1%83%d0%ba%d1%82\/watermelon-wedges-hanging-baskets\/#breadcrumb\",\"itemListElement\":[{\"@type\":\"ListItem\",\"position\":1,\"name\":\"\u9996\u9875\",\"item\":\"https:\/\/www.ronboplastic.com\/\"},{\"@type\":\"ListItem\",\"position\":2,\"name\":\"Products\",\"item\":\"http:\/\/www.ronboplastic.com\/products\/\"},{\"@type\":\"ListItem\",\"position\":3,\"name\":\"Watermelon Wedges Hanging Baskets\"}]},{\"@type\":\"WebSite\",\"@id\":\"https:\/\/www.ronboplastic.com\/#website\",\"url\":\"https:\/\/www.ronboplastic.com\/\",\"name\":\"Ronbo Sunrise Pots &amp; Planters\",\"description\":\"Flower Pots &amp; Planters\",\"potentialAction\":[{\"@type\":\"SearchAction\",\"target\":{\"@type\":\"EntryPoint\",\"urlTemplate\":\"https:\/\/www.ronboplastic.com\/?s={search_term_string}\"},\"query-input\":{\"@type\":\"PropertyValueSpecification\",\"valueRequired\":true,\"valueName\":\"search_term_string\"}}],\"inLanguage\":\"pt-PT\"}]}<\/script>\n<!-- \/ Yoast SEO plugin. -->","yoast_head_json":{"title":"Watermelon Wedges Hanging Baskets - Ronbo Sunrise Pots &amp; Planters","robots":{"index":"index","follow":"follow","max-snippet":"max-snippet:-1","max-image-preview":"max-image-preview:large","max-video-preview":"max-video-preview:-1"},"canonical":"http:\/\/www.ronboplastic.com\/pt\/produto\/melancia-em-cunha-cestos-suspensos\/","og_locale":"pt_PT","og_type":"article","og_title":"Watermelon Wedges Hanging Baskets - Ronbo Sunrise Pots &amp; Planters","og_description":"Large hanging creative plant hanging pot, new pp material, the factory specially designed the shape of watermelon petals, fashionable and novel, and multiple drainage holes are also designed at the bottom, which has good ventilation and is conducive to the growth of flowers and grass roots. It is not easy to be deformed and has a service life of more than 10 years. Flower pots are popular in European and American markets.","og_url":"http:\/\/www.ronboplastic.com\/pt\/produto\/melancia-em-cunha-cestos-suspensos\/","og_site_name":"Ronbo Sunrise Pots &amp; Planters","article_modified_time":"2025-09-08T06:19:49+00:00","og_image":[{"width":730,"height":730,"url":"https:\/\/www.ronboplastic.com\/wp-content\/uploads\/2025\/09\/27.png","type":"image\/png"}],"twitter_card":"summary_large_image","twitter_misc":{"Tempo estimado de leitura":"1 minuto"},"schema":{"@context":"https:\/\/schema.org","@graph":[{"@type":"WebPage","@id":"http:\/\/www.ronboplastic.com\/ru\/%d0%bf%d1%80%d0%be%d0%b4%d1%83%d0%ba%d1%82\/watermelon-wedges-hanging-baskets\/","url":"http:\/\/www.ronboplastic.com\/ru\/%d0%bf%d1%80%d0%be%d0%b4%d1%83%d0%ba%d1%82\/watermelon-wedges-hanging-baskets\/","name":"Watermelon Wedges Hanging Baskets - Ronbo Sunrise Pots &amp; Planters","isPartOf":{"@id":"https:\/\/www.ronboplastic.com\/#website"},"primaryImageOfPage":{"@id":"http:\/\/www.ronboplastic.com\/ru\/%d0%bf%d1%80%d0%be%d0%b4%d1%83%d0%ba%d1%82\/watermelon-wedges-hanging-baskets\/#primaryimage"},"image":{"@id":"http:\/\/www.ronboplastic.com\/ru\/%d0%bf%d1%80%d0%be%d0%b4%d1%83%d0%ba%d1%82\/watermelon-wedges-hanging-baskets\/#primaryimage"},"thumbnailUrl":"https:\/\/www.ronboplastic.com\/wp-content\/uploads\/2025\/09\/27.png","datePublished":"2024-10-15T00:17:29+00:00","dateModified":"2025-09-08T06:19:49+00:00","breadcrumb":{"@id":"http:\/\/www.ronboplastic.com\/ru\/%d0%bf%d1%80%d0%be%d0%b4%d1%83%d0%ba%d1%82\/watermelon-wedges-hanging-baskets\/#breadcrumb"},"inLanguage":"pt-PT","potentialAction":[{"@type":"ReadAction","target":["http:\/\/www.ronboplastic.com\/ru\/%d0%bf%d1%80%d0%be%d0%b4%d1%83%d0%ba%d1%82\/watermelon-wedges-hanging-baskets\/"]}]},{"@type":"ImageObject","inLanguage":"pt-PT","@id":"http:\/\/www.ronboplastic.com\/ru\/%d0%bf%d1%80%d0%be%d0%b4%d1%83%d0%ba%d1%82\/watermelon-wedges-hanging-baskets\/#primaryimage","url":"https:\/\/www.ronboplastic.com\/wp-content\/uploads\/2025\/09\/27.png","contentUrl":"https:\/\/www.ronboplastic.com\/wp-content\/uploads\/2025\/09\/27.png","width":730,"height":730,"caption":"hanging basket planter"},{"@type":"BreadcrumbList","@id":"http:\/\/www.ronboplastic.com\/ru\/%d0%bf%d1%80%d0%be%d0%b4%d1%83%d0%ba%d1%82\/watermelon-wedges-hanging-baskets\/#breadcrumb","itemListElement":[{"@type":"ListItem","position":1,"name":"\u9996\u9875","item":"https:\/\/www.ronboplastic.com\/"},{"@type":"ListItem","position":2,"name":"Products","item":"http:\/\/www.ronboplastic.com\/products\/"},{"@type":"ListItem","position":3,"name":"Watermelon Wedges Hanging Baskets"}]},{"@type":"WebSite","@id":"https:\/\/www.ronboplastic.com\/#website","url":"https:\/\/www.ronboplastic.com\/","name":"Ronbo Sunrise Pots &amp; Planters","description":"Vasos de flores e jardineiras","potentialAction":[{"@type":"SearchAction","target":{"@type":"EntryPoint","urlTemplate":"https:\/\/www.ronboplastic.com\/?s={search_term_string}"},"query-input":{"@type":"PropertyValueSpecification","valueRequired":true,"valueName":"search_term_string"}}],"inLanguage":"pt-PT"}]}},"_links":{"self":[{"href":"https:\/\/www.ronboplastic.com\/pt\/wp-json\/wp\/v2\/product\/9275","targetHints":{"allow":["GET"]}}],"collection":[{"href":"https:\/\/www.ronboplastic.com\/pt\/wp-json\/wp\/v2\/product"}],"about":[{"href":"https:\/\/www.ronboplastic.com\/pt\/wp-json\/wp\/v2\/types\/product"}],"replies":[{"embeddable":true,"href":"https:\/\/www.ronboplastic.com\/pt\/wp-json\/wp\/v2\/comments?post=9275"}],"wp:featuredmedia":[{"embeddable":true,"href":"https:\/\/www.ronboplastic.com\/pt\/wp-json\/wp\/v2\/media\/9277"}],"wp:attachment":[{"href":"https:\/\/www.ronboplastic.com\/pt\/wp-json\/wp\/v2\/media?parent=9275"}],"wp:term":[{"taxonomy":"product_brand","embeddable":true,"href":"https:\/\/www.ronboplastic.com\/pt\/wp-json\/wp\/v2\/product_brand?post=9275"},{"taxonomy":"product_cat","embeddable":true,"href":"https:\/\/www.ronboplastic.com\/pt\/wp-json\/wp\/v2\/product_cat?post=9275"},{"taxonomy":"product_tag","embeddable":true,"href":"https:\/\/www.ronboplastic.com\/pt\/wp-json\/wp\/v2\/product_tag?post=9275"}],"curies":[{"name":"wp","href":"https:\/\/api.w.org\/{rel}","templated":true}]}}