{"id":9267,"date":"2024-10-15T07:57:08","date_gmt":"2024-10-14T23:57:08","guid":{"rendered":"https:\/\/www.ronboplastic.com\/index.php\/product\/13-inch-hanging-basket\/"},"modified":"2025-09-08T14:19:43","modified_gmt":"2025-09-08T06:19:43","slug":"cesto-suspenso-de-13-polegadas","status":"publish","type":"product","link":"https:\/\/www.ronboplastic.com\/pt\/produto\/cesto-suspenso-de-13-polegadas\/","title":{"rendered":"Cesto suspenso de 13 polegadas"},"content":{"rendered":"<p>O cesto suspenso de 13 polegadas, o grande vaso suspenso de rabanete verde \u00e9 f\u00e1cil de limpar e tocar sem deixar vest\u00edgios. O fundo tem um design destac\u00e1vel, que pode armazenar \u00e1gua e fertilizante, para que o sistema radicular da planta possa respirar e drenar ainda mais e, ao mesmo tempo, pode evitar mais \u00e1gua. O gancho correspondente n\u00e3o \u00e9 f\u00e1cil de partir quando dobrado, \u00e9 seguro e firme.<\/p>\n<p><img loading=\"lazy\" decoding=\"async\" title=\"Cesto suspenso de 13 polegadas\" src=\"https:\/\/www.ronboplastic.com\/wp-content\/uploads\/2025\/09\/2022053010031758cce6e7c1c2400b99a1f1982d9360b9.jpg\" alt=\"Cesto suspenso de 13 polegadas\" width=\"800\" height=\"939\" border=\"0\" vspace=\"0\" \/><\/p>\n<p><img loading=\"lazy\" decoding=\"async\" title=\"Cesto suspenso de 13 polegadas\" src=\"https:\/\/www.ronboplastic.com\/wp-content\/uploads\/2025\/09\/20220530100321f4153897d812432db133ea0e269d6a0a.jpg\" alt=\"Cesto suspenso de 13 polegadas\" width=\"800\" height=\"822\" border=\"0\" vspace=\"0\" \/><\/p>\n<p><strong>Especifica\u00e7\u00f5es<\/strong><\/p>\n<p>&nbsp;<\/p>\n<section class=\"table-wrap\">\n<table class=\"table\" border=\"1\" width=\"100%\" cellspacing=\"0\" cellpadding=\"0\">\n<tbody>\n<tr class=\"firstRow\">\n<td>N\u00famero do modelo<\/td>\n<td>RB-HB150<\/td>\n<\/tr>\n<tr>\n<td>Tipo de pl\u00e1stico<\/td>\n<td>PP<\/td>\n<\/tr>\n<tr>\n<td>Tipo<\/td>\n<td>Propaga\u00e7\u00e3o<\/td>\n<\/tr>\n<tr>\n<td>Di\u00e2metro superior<\/td>\n<td>32cm\/12,6inch<\/td>\n<\/tr>\n<tr>\n<td>Di\u00e2metro do fundo<\/td>\n<td>20,5cm\/8,07inch<\/td>\n<\/tr>\n<tr>\n<td>Altura<\/td>\n<td>20,5cm\/8,07inch<\/td>\n<\/tr>\n<tr>\n<td>Peso<\/td>\n<td>354g<\/td>\n<\/tr>\n<\/tbody>\n<\/table>\n<\/section>\n<p>&nbsp;<\/p>\n<p><strong>o nosso servi\u00e7o<\/strong><\/p>\n<p><img loading=\"lazy\" decoding=\"async\" title=\"Cesto suspenso de 13 polegadas\" src=\"https:\/\/www.ronboplastic.com\/wp-content\/uploads\/2025\/09\/202205131612159a16ace32ec04133ae6f48e4dcaa3c85.jpg\" alt=\"Cesto suspenso de 13 polegadas\" width=\"800\" height=\"207\" border=\"0\" vspace=\"0\" \/><\/p>\n<p><img loading=\"lazy\" decoding=\"async\" title=\"Cesto suspenso de 13 polegadas\" src=\"https:\/\/www.ronboplastic.com\/wp-content\/uploads\/2025\/09\/2022053010040143c9857245ba428abe7a9ba648e4dfc7.jpg\" alt=\"Cesto suspenso de 13 polegadas\" width=\"800\" height=\"832\" border=\"0\" vspace=\"0\" \/><\/p>\n<p><strong>FAQ<\/strong><\/p>\n<p><strong>Q.    Quais s\u00e3o os cen\u00e1rios de utiliza\u00e7\u00e3o do produto\uff1f<\/strong><\/p>\n<p>A.     Jardim, Nursey e Decora\u00e7\u00e3o<\/p>\n<p><strong>Q.    Podemos controlar o progresso da encomenda\uff1f<\/strong><\/p>\n<p>A.     Sim, somos uma f\u00e1brica, podemos controlar todo o progresso da encomenda.<\/p>\n<p><strong>Q.    Quantos pa\u00edses exportam\uff1f<\/strong><\/p>\n<p>A.    Muitos pa\u00edses, como os EUA, o Canad\u00e1, a Costa Rica, as Filipinas, o Reino Unido, Israel, etc.<\/p>\n<p><strong>Q.    \u00c9 um fabricante ou uma empresa comercial?<\/strong><\/p>\n<p>A.    Somos uma f\u00e1brica com mais de 20 anos de experi\u00eancia em exporta\u00e7\u00e3o<\/p>\n<p><strong>Q.   Podem oferecer amostras?\u00a0<\/strong><\/p>\n<p>A.    Podemos oferecer amostras gr\u00e1tis para que possa verificar a nossa qualidade<\/p>\n<p><strong>Q.   Em quanto tempo podemos obter a vossa resposta \u00e0s minhas perguntas?<\/strong><\/p>\n<p>A.    Responderemos \u00e0 primeira hora, se for \u00e0 noite, teremos um atraso de 10 horas.<\/p>\n<p><strong>Q.  Qual \u00e9 o vosso material? e que tipo de tecnologia?<\/strong><\/p>\n<p>A.  O material do nosso pote \u00e9 PP, e s\u00e3o moldados por inje\u00e7\u00e3o.<\/p>\n<p><strong>Q.  Qual \u00e9 a embalagem?<\/strong><\/p>\n<p>A.  Temos 2 embalagens, uma \u00e9 a caixa de cart\u00e3o e a outra \u00e9 a palete<\/p>\n<p><strong>Q. Qual \u00e9 o vosso MOQ?<\/strong><\/p>\n<p>A.  Normalmente, o nosso MOQ \u00e9 de 3 paletes ou 10 caixas de cart\u00e3o de cada tamanho e cor<\/p>\n<p><strong>Q.  Aceita OEM? Pode colocar o nosso log\u00f3tipo.<\/strong><\/p>\n<p>A.  Sim, podemos fazer o servi\u00e7o OEM, e podemos colocar o nome da sua empresa, LOGO, c\u00f3digo de barras no pote.  E tamb\u00e9m podemos colocar as suas informa\u00e7\u00f5es na caixa de cart\u00e3o<\/p>\n<p><strong>\u00a0<\/strong><\/p>\n<section class=\"table-wrap\"><\/section>\n<p class=\"productsTags\">Hot Tags: Cesto suspenso de 13 polegadas, fornecedores, fabricantes, f\u00e1brica, atacado, para venda<\/p>","protected":false},"excerpt":{"rendered":"<p>O cesto suspenso de 13 polegadas, o grande vaso suspenso de rabanete verde \u00e9 f\u00e1cil de limpar e tocar sem deixar vest\u00edgios. O fundo tem um design destac\u00e1vel, que pode armazenar \u00e1gua e fertilizante, para que o sistema radicular da planta possa respirar e drenar ainda mais e, ao mesmo tempo, pode evitar mais \u00e1gua. O gancho correspondente n\u00e3o \u00e9 f\u00e1cil de partir quando dobrado, \u00e9 seguro e firme.<\/p>","protected":false},"featured_media":9269,"comment_status":"open","ping_status":"open","template":"","meta":[],"product_brand":[],"product_cat":[88],"product_tag":[],"class_list":{"0":"post-9267","1":"product","2":"type-product","3":"status-publish","4":"has-post-thumbnail","6":"product_cat-hanging-planter","8":"first","9":"instock","10":"shipping-taxable","11":"product-type-simple"},"yoast_head":"<!-- This site is optimized with the Yoast SEO plugin v26.1.1 - https:\/\/yoast.com\/wordpress\/plugins\/seo\/ -->\n<title>13 Inch Hanging Basket - Ronbo Sunrise Pots &amp; Planters<\/title>\n<meta name=\"robots\" content=\"index, follow, max-snippet:-1, max-image-preview:large, max-video-preview:-1\" \/>\n<link rel=\"canonical\" href=\"https:\/\/www.ronboplastic.com\/pt\/produto\/cesto-suspenso-de-13-polegadas\/\" \/>\n<meta property=\"og:locale\" content=\"pt_PT\" \/>\n<meta property=\"og:type\" content=\"article\" \/>\n<meta property=\"og:title\" content=\"13 Inch Hanging Basket - Ronbo Sunrise Pots &amp; Planters\" \/>\n<meta property=\"og:description\" content=\"13 inch\u00a0hanging\u00a0basket, large green radish hanging pot is easy to clean and touch without leaving traces. The bottom is detachable design, which can store water and fertilizer, so that the root system of the plant can further breathe and drain, and at the same time, it can avoid more water. The matching hook is not easy to break when bent, and is safe and firm.\" \/>\n<meta property=\"og:url\" content=\"https:\/\/www.ronboplastic.com\/pt\/produto\/cesto-suspenso-de-13-polegadas\/\" \/>\n<meta property=\"og:site_name\" content=\"Ronbo Sunrise Pots &amp; Planters\" \/>\n<meta property=\"article:modified_time\" content=\"2025-09-08T06:19:43+00:00\" \/>\n<meta property=\"og:image\" content=\"https:\/\/www.ronboplastic.com\/wp-content\/uploads\/2025\/09\/24.png\" \/>\n\t<meta property=\"og:image:width\" content=\"730\" \/>\n\t<meta property=\"og:image:height\" content=\"730\" \/>\n\t<meta property=\"og:image:type\" content=\"image\/png\" \/>\n<meta name=\"twitter:card\" content=\"summary_large_image\" \/>\n<meta name=\"twitter:label1\" content=\"Tempo estimado de leitura\" \/>\n\t<meta name=\"twitter:data1\" content=\"2 minutos\" \/>\n<script type=\"application\/ld+json\" class=\"yoast-schema-graph\">{\"@context\":\"https:\/\/schema.org\",\"@graph\":[{\"@type\":\"WebPage\",\"@id\":\"https:\/\/www.ronboplastic.com\/ru\/%d0%bf%d1%80%d0%be%d0%b4%d1%83%d0%ba%d1%82\/13-3\/\",\"url\":\"https:\/\/www.ronboplastic.com\/ru\/%d0%bf%d1%80%d0%be%d0%b4%d1%83%d0%ba%d1%82\/13-3\/\",\"name\":\"13 Inch Hanging Basket - Ronbo Sunrise Pots &amp; Planters\",\"isPartOf\":{\"@id\":\"https:\/\/www.ronboplastic.com\/#website\"},\"primaryImageOfPage\":{\"@id\":\"https:\/\/www.ronboplastic.com\/ru\/%d0%bf%d1%80%d0%be%d0%b4%d1%83%d0%ba%d1%82\/13-3\/#primaryimage\"},\"image\":{\"@id\":\"https:\/\/www.ronboplastic.com\/ru\/%d0%bf%d1%80%d0%be%d0%b4%d1%83%d0%ba%d1%82\/13-3\/#primaryimage\"},\"thumbnailUrl\":\"https:\/\/www.ronboplastic.com\/wp-content\/uploads\/2025\/09\/24.png\",\"datePublished\":\"2024-10-14T23:57:08+00:00\",\"dateModified\":\"2025-09-08T06:19:43+00:00\",\"breadcrumb\":{\"@id\":\"https:\/\/www.ronboplastic.com\/ru\/%d0%bf%d1%80%d0%be%d0%b4%d1%83%d0%ba%d1%82\/13-3\/#breadcrumb\"},\"inLanguage\":\"pt-PT\",\"potentialAction\":[{\"@type\":\"ReadAction\",\"target\":[\"https:\/\/www.ronboplastic.com\/ru\/%d0%bf%d1%80%d0%be%d0%b4%d1%83%d0%ba%d1%82\/13-3\/\"]}]},{\"@type\":\"ImageObject\",\"inLanguage\":\"pt-PT\",\"@id\":\"https:\/\/www.ronboplastic.com\/ru\/%d0%bf%d1%80%d0%be%d0%b4%d1%83%d0%ba%d1%82\/13-3\/#primaryimage\",\"url\":\"https:\/\/www.ronboplastic.com\/wp-content\/uploads\/2025\/09\/24.png\",\"contentUrl\":\"https:\/\/www.ronboplastic.com\/wp-content\/uploads\/2025\/09\/24.png\",\"width\":730,\"height\":730,\"caption\":\"hanging basket planter\"},{\"@type\":\"BreadcrumbList\",\"@id\":\"https:\/\/www.ronboplastic.com\/ru\/%d0%bf%d1%80%d0%be%d0%b4%d1%83%d0%ba%d1%82\/13-3\/#breadcrumb\",\"itemListElement\":[{\"@type\":\"ListItem\",\"position\":1,\"name\":\"\u9996\u9875\",\"item\":\"https:\/\/www.ronboplastic.com\/\"},{\"@type\":\"ListItem\",\"position\":2,\"name\":\"Products\",\"item\":\"http:\/\/www.ronboplastic.com\/products\/\"},{\"@type\":\"ListItem\",\"position\":3,\"name\":\"13 Inch Hanging Basket\"}]},{\"@type\":\"WebSite\",\"@id\":\"https:\/\/www.ronboplastic.com\/#website\",\"url\":\"https:\/\/www.ronboplastic.com\/\",\"name\":\"Ronbo Sunrise Pots &amp; Planters\",\"description\":\"Flower Pots &amp; Planters\",\"potentialAction\":[{\"@type\":\"SearchAction\",\"target\":{\"@type\":\"EntryPoint\",\"urlTemplate\":\"https:\/\/www.ronboplastic.com\/?s={search_term_string}\"},\"query-input\":{\"@type\":\"PropertyValueSpecification\",\"valueRequired\":true,\"valueName\":\"search_term_string\"}}],\"inLanguage\":\"pt-PT\"}]}<\/script>\n<!-- \/ Yoast SEO plugin. -->","yoast_head_json":{"title":"13 Inch Hanging Basket - Ronbo Sunrise Pots &amp; Planters","robots":{"index":"index","follow":"follow","max-snippet":"max-snippet:-1","max-image-preview":"max-image-preview:large","max-video-preview":"max-video-preview:-1"},"canonical":"https:\/\/www.ronboplastic.com\/pt\/produto\/cesto-suspenso-de-13-polegadas\/","og_locale":"pt_PT","og_type":"article","og_title":"13 Inch Hanging Basket - Ronbo Sunrise Pots &amp; Planters","og_description":"13 inch\u00a0hanging\u00a0basket, large green radish hanging pot is easy to clean and touch without leaving traces. The bottom is detachable design, which can store water and fertilizer, so that the root system of the plant can further breathe and drain, and at the same time, it can avoid more water. The matching hook is not easy to break when bent, and is safe and firm.","og_url":"https:\/\/www.ronboplastic.com\/pt\/produto\/cesto-suspenso-de-13-polegadas\/","og_site_name":"Ronbo Sunrise Pots &amp; Planters","article_modified_time":"2025-09-08T06:19:43+00:00","og_image":[{"width":730,"height":730,"url":"https:\/\/www.ronboplastic.com\/wp-content\/uploads\/2025\/09\/24.png","type":"image\/png"}],"twitter_card":"summary_large_image","twitter_misc":{"Tempo estimado de leitura":"2 minutos"},"schema":{"@context":"https:\/\/schema.org","@graph":[{"@type":"WebPage","@id":"https:\/\/www.ronboplastic.com\/ru\/%d0%bf%d1%80%d0%be%d0%b4%d1%83%d0%ba%d1%82\/13-3\/","url":"https:\/\/www.ronboplastic.com\/ru\/%d0%bf%d1%80%d0%be%d0%b4%d1%83%d0%ba%d1%82\/13-3\/","name":"13 Inch Hanging Basket - Ronbo Sunrise Pots &amp; Planters","isPartOf":{"@id":"https:\/\/www.ronboplastic.com\/#website"},"primaryImageOfPage":{"@id":"https:\/\/www.ronboplastic.com\/ru\/%d0%bf%d1%80%d0%be%d0%b4%d1%83%d0%ba%d1%82\/13-3\/#primaryimage"},"image":{"@id":"https:\/\/www.ronboplastic.com\/ru\/%d0%bf%d1%80%d0%be%d0%b4%d1%83%d0%ba%d1%82\/13-3\/#primaryimage"},"thumbnailUrl":"https:\/\/www.ronboplastic.com\/wp-content\/uploads\/2025\/09\/24.png","datePublished":"2024-10-14T23:57:08+00:00","dateModified":"2025-09-08T06:19:43+00:00","breadcrumb":{"@id":"https:\/\/www.ronboplastic.com\/ru\/%d0%bf%d1%80%d0%be%d0%b4%d1%83%d0%ba%d1%82\/13-3\/#breadcrumb"},"inLanguage":"pt-PT","potentialAction":[{"@type":"ReadAction","target":["https:\/\/www.ronboplastic.com\/ru\/%d0%bf%d1%80%d0%be%d0%b4%d1%83%d0%ba%d1%82\/13-3\/"]}]},{"@type":"ImageObject","inLanguage":"pt-PT","@id":"https:\/\/www.ronboplastic.com\/ru\/%d0%bf%d1%80%d0%be%d0%b4%d1%83%d0%ba%d1%82\/13-3\/#primaryimage","url":"https:\/\/www.ronboplastic.com\/wp-content\/uploads\/2025\/09\/24.png","contentUrl":"https:\/\/www.ronboplastic.com\/wp-content\/uploads\/2025\/09\/24.png","width":730,"height":730,"caption":"hanging basket planter"},{"@type":"BreadcrumbList","@id":"https:\/\/www.ronboplastic.com\/ru\/%d0%bf%d1%80%d0%be%d0%b4%d1%83%d0%ba%d1%82\/13-3\/#breadcrumb","itemListElement":[{"@type":"ListItem","position":1,"name":"\u9996\u9875","item":"https:\/\/www.ronboplastic.com\/"},{"@type":"ListItem","position":2,"name":"Products","item":"http:\/\/www.ronboplastic.com\/products\/"},{"@type":"ListItem","position":3,"name":"13 Inch Hanging Basket"}]},{"@type":"WebSite","@id":"https:\/\/www.ronboplastic.com\/#website","url":"https:\/\/www.ronboplastic.com\/","name":"Ronbo Sunrise Pots &amp; Planters","description":"Vasos de flores e jardineiras","potentialAction":[{"@type":"SearchAction","target":{"@type":"EntryPoint","urlTemplate":"https:\/\/www.ronboplastic.com\/?s={search_term_string}"},"query-input":{"@type":"PropertyValueSpecification","valueRequired":true,"valueName":"search_term_string"}}],"inLanguage":"pt-PT"}]}},"_links":{"self":[{"href":"https:\/\/www.ronboplastic.com\/pt\/wp-json\/wp\/v2\/product\/9267","targetHints":{"allow":["GET"]}}],"collection":[{"href":"https:\/\/www.ronboplastic.com\/pt\/wp-json\/wp\/v2\/product"}],"about":[{"href":"https:\/\/www.ronboplastic.com\/pt\/wp-json\/wp\/v2\/types\/product"}],"replies":[{"embeddable":true,"href":"https:\/\/www.ronboplastic.com\/pt\/wp-json\/wp\/v2\/comments?post=9267"}],"wp:featuredmedia":[{"embeddable":true,"href":"https:\/\/www.ronboplastic.com\/pt\/wp-json\/wp\/v2\/media\/9269"}],"wp:attachment":[{"href":"https:\/\/www.ronboplastic.com\/pt\/wp-json\/wp\/v2\/media?parent=9267"}],"wp:term":[{"taxonomy":"product_brand","embeddable":true,"href":"https:\/\/www.ronboplastic.com\/pt\/wp-json\/wp\/v2\/product_brand?post=9267"},{"taxonomy":"product_cat","embeddable":true,"href":"https:\/\/www.ronboplastic.com\/pt\/wp-json\/wp\/v2\/product_cat?post=9267"},{"taxonomy":"product_tag","embeddable":true,"href":"https:\/\/www.ronboplastic.com\/pt\/wp-json\/wp\/v2\/product_tag?post=9267"}],"curies":[{"name":"wp","href":"https:\/\/api.w.org\/{rel}","templated":true}]}}