{"id":9254,"date":"2024-10-14T07:49:07","date_gmt":"2024-10-13T23:49:07","guid":{"rendered":"https:\/\/www.ronboplastic.com\/index.php\/product\/round-planter-with-stand\/"},"modified":"2026-05-09T02:10:37","modified_gmt":"2026-05-09T09:10:37","slug":"plantador-redondo-com-suporte","status":"publish","type":"product","link":"https:\/\/www.ronboplastic.com\/pt\/produto\/plantador-redondo-com-suporte\/","title":{"rendered":"Plantador redondo com suporte"},"content":{"rendered":"<p>Este vaso de pl\u00e1stico reto \u00e9 feito de novo material pp, que \u00e9 mais dur\u00e1vel e anti-corros\u00e3o, e pode ser utilizado no jardim ou na sala. O design minimalista \u00e9 inspirado nas linhas simples e nas formas org\u00e2nicas da era moderna de meados do s\u00e9culo XX, combinadas com a melhor facilidade de utiliza\u00e7\u00e3o que um suporte para plantas pode alcan\u00e7ar. Fa\u00e7a com que a sua casa fale por si com este suporte para plantas cuidadosamente concebido, que brilhar\u00e1 e desaparecer\u00e1 na perfei\u00e7\u00e3o, tanto no interior como no exterior. Cultive plantas com estilo.<\/p>\n<p><strong>Especifica\u00e7\u00f5es<\/strong><\/p>\n<section class=\"table-wrap\">\n<table style=\"height: 309px;\" border=\"0\" width=\"883\" cellspacing=\"0\" cellpadding=\"0\">\n<tbody>\n<tr class=\"firstRow\">\n<td class=\"kso0\" colspan=\"6\" width=\"426\">DETALHES DO PRODUTO<\/td>\n<\/tr>\n<tr>\n<td class=\"kso6\" rowspan=\"2\" width=\"89\" height=\"43\">Item NO.<\/td>\n<td class=\"kso7\" colspan=\"2\" width=\"155\">Item Tamanho\/DIA*H<\/td>\n<td class=\"kso9\" rowspan=\"2\" width=\"65\" height=\"43\">Peso\/g<\/td>\n<td class=\"kso10\" rowspan=\"2\" width=\"47\" height=\"43\">PCS\/PKG<\/td>\n<td class=\"kso11\" rowspan=\"2\" width=\"68\" height=\"43\">PCS\/40HQ<\/td>\n<\/tr>\n<tr>\n<td class=\"kso13\" width=\"69\">CM<\/td>\n<td class=\"kso14\" width=\"86\">POLEGADA<\/td>\n<\/tr>\n<tr>\n<td class=\"kso18\" width=\"89\">RB-JPB911-11<\/td>\n<td class=\"kso19\" width=\"69\">27.6*27.9<\/td>\n<td class=\"kso20\" width=\"86\">10.87*11<\/td>\n<td class=\"kso21\" width=\"65\">843.7<\/td>\n<td class=\"kso22\" width=\"47\">6<\/td>\n<td class=\"kso23\" width=\"68\">11394<\/td>\n<\/tr>\n<tr>\n<td class=\"kso24\" width=\"89\">RB-JPB911-13<\/td>\n<td class=\"kso25\" width=\"69\">31.7*35.8<\/td>\n<td class=\"kso26\" width=\"86\">12.48*14.1<\/td>\n<td class=\"kso27\" width=\"65\">1487.8<\/td>\n<td class=\"kso28\" width=\"47\">6<\/td>\n<td class=\"kso29\" width=\"68\">8142<\/td>\n<\/tr>\n<\/tbody>\n<\/table>\n<\/section>\n<p><img decoding=\"async\" title=\"_01\" src=\"https:\/\/www.ronboplastic.com\/wp-content\/uploads\/2025\/09\/202207081058204885957a0ee44ab8a2b8c711e9b81c07.jpg\" \/><\/p>\n<p><img decoding=\"async\" title=\"_02\" src=\"https:\/\/www.ronboplastic.com\/wp-content\/uploads\/2025\/09\/20220708105828fd16589a3579425991a7f7e7f6064818.jpg\" \/><\/p>\n<p><img decoding=\"async\" title=\"_03\" src=\"https:\/\/www.ronboplastic.com\/wp-content\/uploads\/2025\/09\/20220708105837bf5334a8ebb24f4e8187ebb807152728.jpg\" \/><\/p>\n<p><img decoding=\"async\" title=\"_04\" src=\"https:\/\/www.ronboplastic.com\/wp-content\/uploads\/2025\/09\/20220708105846496d2130b7764331b6711b2aad1980eb.jpg\" \/><\/p>\n<p><img decoding=\"async\" title=\"_05\" src=\"https:\/\/www.ronboplastic.com\/wp-content\/uploads\/2025\/09\/202207081059133da40d10a2064182a75ef1c9d12ee3c3.jpg\" \/><\/p>\n<p class=\"productsTags\">Hot Tags: plantador redondo com suporte, fornecedores, fabricantes, f\u00e1brica, atacado, para venda<\/p>","protected":false},"excerpt":{"rendered":"<p>Bem-vindo \u00e0 nossa jardineira redonda com suporte Brush. Este vaso de pl\u00e1stico reto \u00e9 perfeito para dar um toque de vegeta\u00e7\u00e3o a qualquer espa\u00e7o.<\/p>","protected":false},"featured_media":9261,"comment_status":"open","ping_status":"closed","template":"","meta":[],"product_brand":[],"product_cat":[133],"product_tag":[],"class_list":{"0":"post-9254","1":"product","2":"type-product","3":"status-publish","4":"has-post-thumbnail","6":"product_cat-deco-pots-planters","8":"first","9":"instock","10":"shipping-taxable","11":"product-type-simple"},"yoast_head":"<!-- This site is optimized with the Yoast SEO plugin v26.1.1 - https:\/\/yoast.com\/wordpress\/plugins\/seo\/ -->\n<title>Round Planter With Stand - Ronbo Sunrise Pots &amp; Planters<\/title>\n<meta name=\"robots\" content=\"index, follow, max-snippet:-1, max-image-preview:large, max-video-preview:-1\" \/>\n<link rel=\"canonical\" href=\"https:\/\/www.ronboplastic.com\/pt\/produto\/plantador-redondo-com-suporte\/\" \/>\n<meta property=\"og:locale\" content=\"pt_PT\" \/>\n<meta property=\"og:type\" content=\"article\" \/>\n<meta property=\"og:title\" content=\"Round Planter With Stand - Ronbo Sunrise Pots &amp; Planters\" \/>\n<meta property=\"og:description\" content=\"Welcome to our Brush Round Planter With Stand. This straight plastic flower pot is perfect for adding a touch of greenery to any space.\" \/>\n<meta property=\"og:url\" content=\"https:\/\/www.ronboplastic.com\/pt\/produto\/plantador-redondo-com-suporte\/\" \/>\n<meta property=\"og:site_name\" content=\"Ronbo Sunrise Pots &amp; Planters\" \/>\n<meta property=\"article:modified_time\" content=\"2026-05-09T09:10:37+00:00\" \/>\n<meta property=\"og:image\" content=\"https:\/\/www.ronboplastic.com\/wp-content\/uploads\/2025\/09\/\u4e3b\u56fe\u65b0\u54c11.jpg\" \/>\n\t<meta property=\"og:image:width\" content=\"800\" \/>\n\t<meta property=\"og:image:height\" content=\"800\" \/>\n\t<meta property=\"og:image:type\" content=\"image\/jpeg\" \/>\n<meta name=\"twitter:card\" content=\"summary_large_image\" \/>\n<meta name=\"twitter:label1\" content=\"Tempo estimado de leitura\" \/>\n\t<meta name=\"twitter:data1\" content=\"1 minuto\" \/>\n<script type=\"application\/ld+json\" class=\"yoast-schema-graph\">{\"@context\":\"https:\/\/schema.org\",\"@graph\":[{\"@type\":\"WebPage\",\"@id\":\"https:\/\/www.ronboplastic.com\/product\/round-planter-with-stand\/\",\"url\":\"https:\/\/www.ronboplastic.com\/product\/round-planter-with-stand\/\",\"name\":\"Round Planter With Stand - Ronbo Sunrise Pots &amp; Planters\",\"isPartOf\":{\"@id\":\"https:\/\/www.ronboplastic.com\/#website\"},\"primaryImageOfPage\":{\"@id\":\"https:\/\/www.ronboplastic.com\/product\/round-planter-with-stand\/#primaryimage\"},\"image\":{\"@id\":\"https:\/\/www.ronboplastic.com\/product\/round-planter-with-stand\/#primaryimage\"},\"thumbnailUrl\":\"https:\/\/www.ronboplastic.com\/wp-content\/uploads\/2025\/09\/\u4e3b\u56fe\u65b0\u54c11.jpg\",\"datePublished\":\"2024-10-13T23:49:07+00:00\",\"dateModified\":\"2026-05-09T09:10:37+00:00\",\"breadcrumb\":{\"@id\":\"https:\/\/www.ronboplastic.com\/product\/round-planter-with-stand\/#breadcrumb\"},\"inLanguage\":\"pt-PT\",\"potentialAction\":[{\"@type\":\"ReadAction\",\"target\":[\"https:\/\/www.ronboplastic.com\/product\/round-planter-with-stand\/\"]}]},{\"@type\":\"ImageObject\",\"inLanguage\":\"pt-PT\",\"@id\":\"https:\/\/www.ronboplastic.com\/product\/round-planter-with-stand\/#primaryimage\",\"url\":\"https:\/\/www.ronboplastic.com\/wp-content\/uploads\/2025\/09\/\u4e3b\u56fe\u65b0\u54c11.jpg\",\"contentUrl\":\"https:\/\/www.ronboplastic.com\/wp-content\/uploads\/2025\/09\/\u4e3b\u56fe\u65b0\u54c11.jpg\",\"width\":800,\"height\":800,\"caption\":\"Round Planter With Stand\"},{\"@type\":\"BreadcrumbList\",\"@id\":\"https:\/\/www.ronboplastic.com\/product\/round-planter-with-stand\/#breadcrumb\",\"itemListElement\":[{\"@type\":\"ListItem\",\"position\":1,\"name\":\"\u9996\u9875\",\"item\":\"https:\/\/www.ronboplastic.com\/\"},{\"@type\":\"ListItem\",\"position\":2,\"name\":\"Products\",\"item\":\"http:\/\/www.ronboplastic.com\/products\/\"},{\"@type\":\"ListItem\",\"position\":3,\"name\":\"Round Planter With Stand\"}]},{\"@type\":\"WebSite\",\"@id\":\"https:\/\/www.ronboplastic.com\/#website\",\"url\":\"https:\/\/www.ronboplastic.com\/\",\"name\":\"Ronbo Sunrise Pots &amp; Planters\",\"description\":\"Flower Pots &amp; Planters\",\"potentialAction\":[{\"@type\":\"SearchAction\",\"target\":{\"@type\":\"EntryPoint\",\"urlTemplate\":\"https:\/\/www.ronboplastic.com\/?s={search_term_string}\"},\"query-input\":{\"@type\":\"PropertyValueSpecification\",\"valueRequired\":true,\"valueName\":\"search_term_string\"}}],\"inLanguage\":\"pt-PT\"}]}<\/script>\n<!-- \/ Yoast SEO plugin. -->","yoast_head_json":{"title":"Round Planter With Stand - Ronbo Sunrise Pots &amp; Planters","robots":{"index":"index","follow":"follow","max-snippet":"max-snippet:-1","max-image-preview":"max-image-preview:large","max-video-preview":"max-video-preview:-1"},"canonical":"https:\/\/www.ronboplastic.com\/pt\/produto\/plantador-redondo-com-suporte\/","og_locale":"pt_PT","og_type":"article","og_title":"Round Planter With Stand - Ronbo Sunrise Pots &amp; Planters","og_description":"Welcome to our Brush Round Planter With Stand. This straight plastic flower pot is perfect for adding a touch of greenery to any space.","og_url":"https:\/\/www.ronboplastic.com\/pt\/produto\/plantador-redondo-com-suporte\/","og_site_name":"Ronbo Sunrise Pots &amp; Planters","article_modified_time":"2026-05-09T09:10:37+00:00","og_image":[{"width":800,"height":800,"url":"https:\/\/www.ronboplastic.com\/wp-content\/uploads\/2025\/09\/\u4e3b\u56fe\u65b0\u54c11.jpg","type":"image\/jpeg"}],"twitter_card":"summary_large_image","twitter_misc":{"Tempo estimado de leitura":"1 minuto"},"schema":{"@context":"https:\/\/schema.org","@graph":[{"@type":"WebPage","@id":"https:\/\/www.ronboplastic.com\/product\/round-planter-with-stand\/","url":"https:\/\/www.ronboplastic.com\/product\/round-planter-with-stand\/","name":"Round Planter With Stand - Ronbo Sunrise Pots &amp; Planters","isPartOf":{"@id":"https:\/\/www.ronboplastic.com\/#website"},"primaryImageOfPage":{"@id":"https:\/\/www.ronboplastic.com\/product\/round-planter-with-stand\/#primaryimage"},"image":{"@id":"https:\/\/www.ronboplastic.com\/product\/round-planter-with-stand\/#primaryimage"},"thumbnailUrl":"https:\/\/www.ronboplastic.com\/wp-content\/uploads\/2025\/09\/\u4e3b\u56fe\u65b0\u54c11.jpg","datePublished":"2024-10-13T23:49:07+00:00","dateModified":"2026-05-09T09:10:37+00:00","breadcrumb":{"@id":"https:\/\/www.ronboplastic.com\/product\/round-planter-with-stand\/#breadcrumb"},"inLanguage":"pt-PT","potentialAction":[{"@type":"ReadAction","target":["https:\/\/www.ronboplastic.com\/product\/round-planter-with-stand\/"]}]},{"@type":"ImageObject","inLanguage":"pt-PT","@id":"https:\/\/www.ronboplastic.com\/product\/round-planter-with-stand\/#primaryimage","url":"https:\/\/www.ronboplastic.com\/wp-content\/uploads\/2025\/09\/\u4e3b\u56fe\u65b0\u54c11.jpg","contentUrl":"https:\/\/www.ronboplastic.com\/wp-content\/uploads\/2025\/09\/\u4e3b\u56fe\u65b0\u54c11.jpg","width":800,"height":800,"caption":"Round Planter With Stand"},{"@type":"BreadcrumbList","@id":"https:\/\/www.ronboplastic.com\/product\/round-planter-with-stand\/#breadcrumb","itemListElement":[{"@type":"ListItem","position":1,"name":"\u9996\u9875","item":"https:\/\/www.ronboplastic.com\/"},{"@type":"ListItem","position":2,"name":"Products","item":"http:\/\/www.ronboplastic.com\/products\/"},{"@type":"ListItem","position":3,"name":"Round Planter With Stand"}]},{"@type":"WebSite","@id":"https:\/\/www.ronboplastic.com\/#website","url":"https:\/\/www.ronboplastic.com\/","name":"Ronbo Sunrise Pots &amp; Planters","description":"Vasos de flores e jardineiras","potentialAction":[{"@type":"SearchAction","target":{"@type":"EntryPoint","urlTemplate":"https:\/\/www.ronboplastic.com\/?s={search_term_string}"},"query-input":{"@type":"PropertyValueSpecification","valueRequired":true,"valueName":"search_term_string"}}],"inLanguage":"pt-PT"}]}},"_links":{"self":[{"href":"https:\/\/www.ronboplastic.com\/pt\/wp-json\/wp\/v2\/product\/9254","targetHints":{"allow":["GET"]}}],"collection":[{"href":"https:\/\/www.ronboplastic.com\/pt\/wp-json\/wp\/v2\/product"}],"about":[{"href":"https:\/\/www.ronboplastic.com\/pt\/wp-json\/wp\/v2\/types\/product"}],"replies":[{"embeddable":true,"href":"https:\/\/www.ronboplastic.com\/pt\/wp-json\/wp\/v2\/comments?post=9254"}],"wp:featuredmedia":[{"embeddable":true,"href":"https:\/\/www.ronboplastic.com\/pt\/wp-json\/wp\/v2\/media\/9261"}],"wp:attachment":[{"href":"https:\/\/www.ronboplastic.com\/pt\/wp-json\/wp\/v2\/media?parent=9254"}],"wp:term":[{"taxonomy":"product_brand","embeddable":true,"href":"https:\/\/www.ronboplastic.com\/pt\/wp-json\/wp\/v2\/product_brand?post=9254"},{"taxonomy":"product_cat","embeddable":true,"href":"https:\/\/www.ronboplastic.com\/pt\/wp-json\/wp\/v2\/product_cat?post=9254"},{"taxonomy":"product_tag","embeddable":true,"href":"https:\/\/www.ronboplastic.com\/pt\/wp-json\/wp\/v2\/product_tag?post=9254"}],"curies":[{"name":"wp","href":"https:\/\/api.w.org\/{rel}","templated":true}]}}