{"id":9243,"date":"2024-10-14T07:33:48","date_gmt":"2024-10-13T23:33:48","guid":{"rendered":"https:\/\/www.ronboplastic.com\/index.php\/product\/stackable-four-petal-flower-pot\/"},"modified":"2026-05-09T02:09:37","modified_gmt":"2026-05-09T09:09:37","slug":"vaso-de-flores-empilhavel-de-quatro-petalas","status":"publish","type":"product","link":"https:\/\/www.ronboplastic.com\/pt\/produto\/vaso-de-flores-empilhavel-de-quatro-petalas\/","title":{"rendered":"Vaso de flores empilh\u00e1vel com quatro p\u00e9talas"},"content":{"rendered":"<p>Procura uma forma f\u00e1cil e econ\u00f3mica de cultivar os seus pr\u00f3prios frutos, legumes e ervas arom\u00e1ticas em casa? N\u00e3o precisa de procurar mais do que o nosso vaso de flores empilh\u00e1vel de quatro p\u00e9talas! Perfeito para quem vive em apartamentos mais pequenos ou alugados, este vaso permite-lhe cultivar os seus pr\u00f3prios alimentos sem se dobrar ou sujar no jardim. Pode cultivar facilmente morangos, alface e folhas verdes at\u00e9 ervas arom\u00e1ticas, bem como legumes maiores, como aipo e couve, para que possa levar a sua pequena horta consigo!<\/p>\n<p>A nossa mistura de nutrientes foi especificamente desenvolvida para produzir resultados fant\u00e1sticos, e test\u00e1mo-la na nossa pr\u00f3pria explora\u00e7\u00e3o comercial de morangos com grande sucesso. Por isso, quer pretenda adicionar alguns produtos frescos \u00e0 mesa da cozinha ou alegrar a sua casa com algumas flores bonitas, o nosso vaso empilh\u00e1vel de quatro p\u00e9talas \u00e9 a solu\u00e7\u00e3o perfeita. Para al\u00e9m disso, o design \u00fanico entrela\u00e7ado permite que a \u00e1gua flua livremente atrav\u00e9s do sistema, tornando muito f\u00e1cil manter as suas plantas saud\u00e1veis e hidratadas.<\/p>\n<p>Basta adicionar o seu meio de planta\u00e7\u00e3o, como fibra de coco ou mistura para vasos, e regar a partir do topo. A \u00e1gua flui atrav\u00e9s de todas as plantas, assegurando que os n\u00edveis inferiores ser\u00e3o automaticamente regados, enquanto drena para um tabuleiro de gotejamento para evitar sujidade. Este sistema de fluxo garante que a \u00e1gua \u00e9 distribu\u00edda uniformemente, evitando plantas encharcadas. Al\u00e9m disso, o nosso vaso \u00e9 fabricado com materiais duradouros, concebidos para durar. D\u00ea \u00e0s suas plantas a casa que elas merecem com o nosso vaso empilh\u00e1vel de quatro p\u00e9talas!<\/p>\n<p><strong><span dir=\"LTR\">Especifica\u00e7\u00f5es<\/span><\/strong><\/p>\n<p>&nbsp;<\/p>\n<section class=\"table-wrap\">\n<table class=\"table\" border=\"1\" width=\"281\" cellspacing=\"0\" cellpadding=\"0\">\n<tbody>\n<tr class=\"firstRow\">\n<td width=\"114\" height=\"0\">N\u00famero do modelo<\/td>\n<td width=\"161\" height=\"0\">RB-T002<\/td>\n<\/tr>\n<tr>\n<td width=\"114\">Tipo de pl\u00e1stico<\/td>\n<td width=\"161\">PP<\/td>\n<\/tr>\n<tr>\n<td width=\"114\">Tipo<\/td>\n<td width=\"161\">Propaga\u00e7\u00e3o<\/td>\n<\/tr>\n<tr>\n<td width=\"114\">Di\u00e2metro superior<\/td>\n<td width=\"161\">35cm\/13.78inch<\/td>\n<\/tr>\n<tr>\n<td width=\"114\">Altura<\/td>\n<td width=\"161\">15cm\/5,91polegadas<\/td>\n<\/tr>\n<tr>\n<td width=\"114\">Peso<\/td>\n<td width=\"161\">300g<\/td>\n<\/tr>\n<\/tbody>\n<\/table>\n<\/section>\n<p><img loading=\"lazy\" decoding=\"async\" title=\"Vaso de flores empilh\u00e1vel com quatro p\u00e9talas\" src=\"https:\/\/www.ronboplastic.com\/wp-content\/uploads\/2025\/09\/2022090714323160ec8f847b36463ba68eb98705c7c895.jpg\" alt=\"Vaso de flores empilh\u00e1vel com quatro p\u00e9talas\" width=\"800\" height=\"2336\" border=\"0\" vspace=\"0\" \/><\/p>\n<p><img loading=\"lazy\" decoding=\"async\" title=\"Vaso de flores empilh\u00e1vel com quatro p\u00e9talas\" src=\"https:\/\/www.ronboplastic.com\/wp-content\/uploads\/2025\/09\/20220907143237acb22c7a588d4498ab530c500e71a1ca.jpg\" alt=\"Vaso de flores empilh\u00e1vel com quatro p\u00e9talas\" width=\"800\" height=\"1921\" \/><\/p>\n<p><img loading=\"lazy\" decoding=\"async\" title=\"Vaso de flores empilh\u00e1vel com quatro p\u00e9talas\" src=\"https:\/\/www.ronboplastic.com\/wp-content\/uploads\/2025\/09\/202209071432411843f7ab67664e5394e9842b766989d3.jpg\" alt=\"Vaso de flores empilh\u00e1vel com quatro p\u00e9talas\" width=\"800\" height=\"1410\" \/><\/p>\n<p class=\"productsTags\">Hot Tags: vaso de flores empilh\u00e1vel de quatro p\u00e9talas, fornecedores, fabricantes, f\u00e1brica, atacado, para venda<\/p>","protected":false},"excerpt":{"rendered":"<p>Perfeito para quem vive em apartamentos mais pequenos ou alugados, este plantador permite-lhe cultivar os seus pr\u00f3prios alimentos sem se dobrar ou sujar no jardim.<\/p>","protected":false},"featured_media":9248,"comment_status":"open","ping_status":"closed","template":"","meta":[],"product_brand":[],"product_cat":[135],"product_tag":[],"class_list":{"0":"post-9243","1":"product","2":"type-product","3":"status-publish","4":"has-post-thumbnail","6":"product_cat-classic-basic-planters","8":"first","9":"instock","10":"shipping-taxable","11":"product-type-simple"},"yoast_head":"<!-- This site is optimized with the Yoast SEO plugin v26.1.1 - https:\/\/yoast.com\/wordpress\/plugins\/seo\/ -->\n<title>Stackable Four-Petal Flower Pot - Ronbo Sunrise Pots &amp; Planters<\/title>\n<meta name=\"robots\" content=\"index, follow, max-snippet:-1, max-image-preview:large, max-video-preview:-1\" \/>\n<link rel=\"canonical\" href=\"https:\/\/www.ronboplastic.com\/pt\/produto\/vaso-de-flores-empilhavel-de-quatro-petalas\/\" \/>\n<meta property=\"og:locale\" content=\"pt_PT\" \/>\n<meta property=\"og:type\" content=\"article\" \/>\n<meta property=\"og:title\" content=\"Stackable Four-Petal Flower Pot - Ronbo Sunrise Pots &amp; Planters\" \/>\n<meta property=\"og:description\" content=\"Perfect for those living in smaller apartments or rentals, this planter enables you to grow your own food without bending or getting dirty in the garden.\" \/>\n<meta property=\"og:url\" content=\"https:\/\/www.ronboplastic.com\/pt\/produto\/vaso-de-flores-empilhavel-de-quatro-petalas\/\" \/>\n<meta property=\"og:site_name\" content=\"Ronbo Sunrise Pots &amp; Planters\" \/>\n<meta property=\"article:modified_time\" content=\"2026-05-09T09:09:37+00:00\" \/>\n<meta property=\"og:image\" content=\"https:\/\/www.ronboplastic.com\/wp-content\/uploads\/2025\/09\/18.png\" \/>\n\t<meta property=\"og:image:width\" content=\"730\" \/>\n\t<meta property=\"og:image:height\" content=\"730\" \/>\n\t<meta property=\"og:image:type\" content=\"image\/png\" \/>\n<meta name=\"twitter:card\" content=\"summary_large_image\" \/>\n<meta name=\"twitter:label1\" content=\"Tempo estimado de leitura\" \/>\n\t<meta name=\"twitter:data1\" content=\"1 minuto\" \/>\n<script type=\"application\/ld+json\" class=\"yoast-schema-graph\">{\"@context\":\"https:\/\/schema.org\",\"@graph\":[{\"@type\":\"WebPage\",\"@id\":\"https:\/\/www.ronboplastic.com\/product\/stackable-four-petal-flower-pot\/\",\"url\":\"https:\/\/www.ronboplastic.com\/product\/stackable-four-petal-flower-pot\/\",\"name\":\"Stackable Four-Petal Flower Pot - Ronbo Sunrise Pots &amp; Planters\",\"isPartOf\":{\"@id\":\"https:\/\/www.ronboplastic.com\/#website\"},\"primaryImageOfPage\":{\"@id\":\"https:\/\/www.ronboplastic.com\/product\/stackable-four-petal-flower-pot\/#primaryimage\"},\"image\":{\"@id\":\"https:\/\/www.ronboplastic.com\/product\/stackable-four-petal-flower-pot\/#primaryimage\"},\"thumbnailUrl\":\"https:\/\/www.ronboplastic.com\/wp-content\/uploads\/2025\/09\/18.png\",\"datePublished\":\"2024-10-13T23:33:48+00:00\",\"dateModified\":\"2026-05-09T09:09:37+00:00\",\"breadcrumb\":{\"@id\":\"https:\/\/www.ronboplastic.com\/product\/stackable-four-petal-flower-pot\/#breadcrumb\"},\"inLanguage\":\"pt-PT\",\"potentialAction\":[{\"@type\":\"ReadAction\",\"target\":[\"https:\/\/www.ronboplastic.com\/product\/stackable-four-petal-flower-pot\/\"]}]},{\"@type\":\"ImageObject\",\"inLanguage\":\"pt-PT\",\"@id\":\"https:\/\/www.ronboplastic.com\/product\/stackable-four-petal-flower-pot\/#primaryimage\",\"url\":\"https:\/\/www.ronboplastic.com\/wp-content\/uploads\/2025\/09\/18.png\",\"contentUrl\":\"https:\/\/www.ronboplastic.com\/wp-content\/uploads\/2025\/09\/18.png\",\"width\":730,\"height\":730,\"caption\":\"Stackable Three-Petal Planter\"},{\"@type\":\"BreadcrumbList\",\"@id\":\"https:\/\/www.ronboplastic.com\/product\/stackable-four-petal-flower-pot\/#breadcrumb\",\"itemListElement\":[{\"@type\":\"ListItem\",\"position\":1,\"name\":\"\u9996\u9875\",\"item\":\"https:\/\/www.ronboplastic.com\/\"},{\"@type\":\"ListItem\",\"position\":2,\"name\":\"Products\",\"item\":\"http:\/\/www.ronboplastic.com\/products\/\"},{\"@type\":\"ListItem\",\"position\":3,\"name\":\"Stackable Four-Petal Flower Pot\"}]},{\"@type\":\"WebSite\",\"@id\":\"https:\/\/www.ronboplastic.com\/#website\",\"url\":\"https:\/\/www.ronboplastic.com\/\",\"name\":\"Ronbo Sunrise Pots &amp; Planters\",\"description\":\"Flower Pots &amp; Planters\",\"potentialAction\":[{\"@type\":\"SearchAction\",\"target\":{\"@type\":\"EntryPoint\",\"urlTemplate\":\"https:\/\/www.ronboplastic.com\/?s={search_term_string}\"},\"query-input\":{\"@type\":\"PropertyValueSpecification\",\"valueRequired\":true,\"valueName\":\"search_term_string\"}}],\"inLanguage\":\"pt-PT\"}]}<\/script>\n<!-- \/ Yoast SEO plugin. -->","yoast_head_json":{"title":"Stackable Four-Petal Flower Pot - Ronbo Sunrise Pots &amp; Planters","robots":{"index":"index","follow":"follow","max-snippet":"max-snippet:-1","max-image-preview":"max-image-preview:large","max-video-preview":"max-video-preview:-1"},"canonical":"https:\/\/www.ronboplastic.com\/pt\/produto\/vaso-de-flores-empilhavel-de-quatro-petalas\/","og_locale":"pt_PT","og_type":"article","og_title":"Stackable Four-Petal Flower Pot - Ronbo Sunrise Pots &amp; Planters","og_description":"Perfect for those living in smaller apartments or rentals, this planter enables you to grow your own food without bending or getting dirty in the garden.","og_url":"https:\/\/www.ronboplastic.com\/pt\/produto\/vaso-de-flores-empilhavel-de-quatro-petalas\/","og_site_name":"Ronbo Sunrise Pots &amp; Planters","article_modified_time":"2026-05-09T09:09:37+00:00","og_image":[{"width":730,"height":730,"url":"https:\/\/www.ronboplastic.com\/wp-content\/uploads\/2025\/09\/18.png","type":"image\/png"}],"twitter_card":"summary_large_image","twitter_misc":{"Tempo estimado de leitura":"1 minuto"},"schema":{"@context":"https:\/\/schema.org","@graph":[{"@type":"WebPage","@id":"https:\/\/www.ronboplastic.com\/product\/stackable-four-petal-flower-pot\/","url":"https:\/\/www.ronboplastic.com\/product\/stackable-four-petal-flower-pot\/","name":"Stackable Four-Petal Flower Pot - Ronbo Sunrise Pots &amp; Planters","isPartOf":{"@id":"https:\/\/www.ronboplastic.com\/#website"},"primaryImageOfPage":{"@id":"https:\/\/www.ronboplastic.com\/product\/stackable-four-petal-flower-pot\/#primaryimage"},"image":{"@id":"https:\/\/www.ronboplastic.com\/product\/stackable-four-petal-flower-pot\/#primaryimage"},"thumbnailUrl":"https:\/\/www.ronboplastic.com\/wp-content\/uploads\/2025\/09\/18.png","datePublished":"2024-10-13T23:33:48+00:00","dateModified":"2026-05-09T09:09:37+00:00","breadcrumb":{"@id":"https:\/\/www.ronboplastic.com\/product\/stackable-four-petal-flower-pot\/#breadcrumb"},"inLanguage":"pt-PT","potentialAction":[{"@type":"ReadAction","target":["https:\/\/www.ronboplastic.com\/product\/stackable-four-petal-flower-pot\/"]}]},{"@type":"ImageObject","inLanguage":"pt-PT","@id":"https:\/\/www.ronboplastic.com\/product\/stackable-four-petal-flower-pot\/#primaryimage","url":"https:\/\/www.ronboplastic.com\/wp-content\/uploads\/2025\/09\/18.png","contentUrl":"https:\/\/www.ronboplastic.com\/wp-content\/uploads\/2025\/09\/18.png","width":730,"height":730,"caption":"Stackable Three-Petal Planter"},{"@type":"BreadcrumbList","@id":"https:\/\/www.ronboplastic.com\/product\/stackable-four-petal-flower-pot\/#breadcrumb","itemListElement":[{"@type":"ListItem","position":1,"name":"\u9996\u9875","item":"https:\/\/www.ronboplastic.com\/"},{"@type":"ListItem","position":2,"name":"Products","item":"http:\/\/www.ronboplastic.com\/products\/"},{"@type":"ListItem","position":3,"name":"Stackable Four-Petal Flower Pot"}]},{"@type":"WebSite","@id":"https:\/\/www.ronboplastic.com\/#website","url":"https:\/\/www.ronboplastic.com\/","name":"Ronbo Sunrise Pots &amp; Planters","description":"Vasos de flores e jardineiras","potentialAction":[{"@type":"SearchAction","target":{"@type":"EntryPoint","urlTemplate":"https:\/\/www.ronboplastic.com\/?s={search_term_string}"},"query-input":{"@type":"PropertyValueSpecification","valueRequired":true,"valueName":"search_term_string"}}],"inLanguage":"pt-PT"}]}},"_links":{"self":[{"href":"https:\/\/www.ronboplastic.com\/pt\/wp-json\/wp\/v2\/product\/9243","targetHints":{"allow":["GET"]}}],"collection":[{"href":"https:\/\/www.ronboplastic.com\/pt\/wp-json\/wp\/v2\/product"}],"about":[{"href":"https:\/\/www.ronboplastic.com\/pt\/wp-json\/wp\/v2\/types\/product"}],"replies":[{"embeddable":true,"href":"https:\/\/www.ronboplastic.com\/pt\/wp-json\/wp\/v2\/comments?post=9243"}],"wp:featuredmedia":[{"embeddable":true,"href":"https:\/\/www.ronboplastic.com\/pt\/wp-json\/wp\/v2\/media\/9248"}],"wp:attachment":[{"href":"https:\/\/www.ronboplastic.com\/pt\/wp-json\/wp\/v2\/media?parent=9243"}],"wp:term":[{"taxonomy":"product_brand","embeddable":true,"href":"https:\/\/www.ronboplastic.com\/pt\/wp-json\/wp\/v2\/product_brand?post=9243"},{"taxonomy":"product_cat","embeddable":true,"href":"https:\/\/www.ronboplastic.com\/pt\/wp-json\/wp\/v2\/product_cat?post=9243"},{"taxonomy":"product_tag","embeddable":true,"href":"https:\/\/www.ronboplastic.com\/pt\/wp-json\/wp\/v2\/product_tag?post=9243"}],"curies":[{"name":"wp","href":"https:\/\/api.w.org\/{rel}","templated":true}]}}