{"id":9231,"date":"2024-10-14T07:25:36","date_gmt":"2024-10-13T23:25:36","guid":{"rendered":"https:\/\/www.ronboplastic.com\/index.php\/product\/stackable-three-petal-planter\/"},"modified":"2025-09-08T14:19:24","modified_gmt":"2025-09-08T06:19:24","slug":"vaso-empilhavel-de-tres-petalas","status":"publish","type":"product","link":"https:\/\/www.ronboplastic.com\/pt\/produto\/vaso-empilhavel-de-tres-petalas\/","title":{"rendered":"Vaso de tr\u00eas p\u00e9talas empilh\u00e1vel"},"content":{"rendered":"<p>Quer acrescentar um pouco de verde \u00e0 sua casa ou ao seu escrit\u00f3rio sem ocupar muito espa\u00e7o? Esta jardineira de tr\u00eas p\u00e9talas \u00e9 perfeita para o jardim da varanda da sua casa! Pode cultivar nele as suas plantas preferidas, como morangos ou flores. Quando utilizada com o tabuleiro, transforma-se numa pequena sala de planta\u00e7\u00e3o m\u00f3vel. O design tridimensional de combina\u00e7\u00e3o de v\u00e1rias camadas pode economizar espa\u00e7o e adicionar verde ao escrit\u00f3rio em casa.<\/p>\n<p>Esta jardineira empilh\u00e1vel de tr\u00eas p\u00e9talas \u00e9 perfeita para o jardineiro dom\u00e9stico ou para o agricultor. Os orif\u00edcios de drenagem cient\u00edficos e a cortina de \u00e1gua no fundo permitem que as ra\u00edzes das plantas respirem e penetrem, aumentando assim a taxa de sobreviv\u00eancia das plantas. O fundo est\u00e1 equipado com uma tela de \u00e1gua amov\u00edvel, que pode n\u00e3o s\u00f3 transportar o tabuleiro de flores, mas tamb\u00e9m filtrar o excesso de \u00e1gua e proteger as ra\u00edzes das plantas. O design da ranhura sobreposta proporciona uma forte estabilidade e evita a inclina\u00e7\u00e3o.<\/p>\n<p>Pode ser combinado com tabuleiros universais, que podem ser facilmente deslocados com um peso elevado.<\/p>\n<p><strong><span dir=\"LTR\">Especifica\u00e7\u00f5es<\/span><\/strong><\/p>\n<p>&nbsp;<\/p>\n<section class=\"table-wrap\">\n<table class=\"table\" border=\"1\" width=\"281\" cellspacing=\"0\" cellpadding=\"0\">\n<tbody>\n<tr class=\"firstRow\">\n<td width=\"114\" height=\"0\">N\u00famero do modelo<\/td>\n<td width=\"161\" height=\"0\">RB-T001YS<\/td>\n<\/tr>\n<tr>\n<td width=\"114\">Tipo de pl\u00e1stico<\/td>\n<td width=\"161\">PP<\/td>\n<\/tr>\n<tr>\n<td width=\"114\">Tipo<\/td>\n<td width=\"161\">Propaga\u00e7\u00e3o<\/td>\n<\/tr>\n<tr>\n<td width=\"114\">Di\u00e2metro superior<\/td>\n<td width=\"161\">33cm\/15polegadas<\/td>\n<\/tr>\n<tr>\n<td width=\"114\">Altura<\/td>\n<td width=\"161\">3,5cm\/10,98polegadas<\/td>\n<\/tr>\n<tr>\n<td width=\"114\">Peso<\/td>\n<td width=\"161\">375g<\/td>\n<\/tr>\n<\/tbody>\n<\/table>\n<\/section>\n<p><img loading=\"lazy\" decoding=\"async\" title=\"Vaso de tr\u00eas p\u00e9talas empilh\u00e1vel\" src=\"https:\/\/www.ronboplastic.com\/wp-content\/uploads\/2025\/09\/20220906134847bf8c4d385c324343b92a8594435564e6.jpg\" alt=\"_01\" width=\"800\" height=\"1880\" border=\"0\" vspace=\"0\" \/><\/p>\n<p><img loading=\"lazy\" decoding=\"async\" title=\"Vaso de tr\u00eas p\u00e9talas empilh\u00e1vel\" src=\"https:\/\/www.ronboplastic.com\/wp-content\/uploads\/2025\/09\/20220906134852367b01451e1143e58bc22e9a307aa1cc.jpg\" alt=\"_02\" width=\"800\" height=\"2123\" border=\"0\" vspace=\"0\" \/><\/p>\n<p class=\"productsTags\">Hot Tags: plantador de tr\u00eas p\u00e9talas empilh\u00e1vel, fornecedores, fabricantes, f\u00e1brica, atacado, para venda<\/p>","protected":false},"excerpt":{"rendered":"<p>Quer acrescentar um pouco de verde \u00e0 sua casa ou ao seu escrit\u00f3rio sem ocupar muito espa\u00e7o? Esta jardineira de tr\u00eas p\u00e9talas \u00e9 perfeita para o jardim da varanda da sua casa! Pode cultivar as suas plantas favoritas, como morangos ou flores<\/p>","protected":false},"featured_media":9235,"comment_status":"open","ping_status":"open","template":"","meta":[],"product_brand":[],"product_cat":[72,93],"product_tag":[],"class_list":{"0":"post-9231","1":"product","2":"type-product","3":"status-publish","4":"has-post-thumbnail","6":"product_cat-gallon-pots","7":"product_cat-stackable-strawberry-planters","9":"first","10":"instock","11":"shipping-taxable","12":"product-type-simple"},"yoast_head":"<!-- This site is optimized with the Yoast SEO plugin v26.1.1 - https:\/\/yoast.com\/wordpress\/plugins\/seo\/ -->\n<title>Stackable Three-Petal Planter - Ronbo Sunrise Pots &amp; Planters<\/title>\n<meta name=\"robots\" content=\"index, follow, max-snippet:-1, max-image-preview:large, max-video-preview:-1\" \/>\n<link rel=\"canonical\" href=\"http:\/\/www.ronboplastic.com\/pt\/produto\/vaso-empilhavel-de-tres-petalas\/\" \/>\n<meta property=\"og:locale\" content=\"pt_PT\" \/>\n<meta property=\"og:type\" content=\"article\" \/>\n<meta property=\"og:title\" content=\"Stackable Three-Petal Planter - Ronbo Sunrise Pots &amp; Planters\" \/>\n<meta property=\"og:description\" content=\"Looking to add some greenery to your home or office without taking up too much space? Check out our stackable three-petal planter!This three-petal planter is perfect for your home balcony garden! You can grow your favorite plants, such as strawberries or flowers in it\" \/>\n<meta property=\"og:url\" content=\"http:\/\/www.ronboplastic.com\/pt\/produto\/vaso-empilhavel-de-tres-petalas\/\" \/>\n<meta property=\"og:site_name\" content=\"Ronbo Sunrise Pots &amp; Planters\" \/>\n<meta property=\"article:modified_time\" content=\"2025-09-08T06:19:24+00:00\" \/>\n<meta property=\"og:image\" content=\"https:\/\/www.ronboplastic.com\/wp-content\/uploads\/2025\/09\/14.png\" \/>\n\t<meta property=\"og:image:width\" content=\"730\" \/>\n\t<meta property=\"og:image:height\" content=\"730\" \/>\n\t<meta property=\"og:image:type\" content=\"image\/png\" \/>\n<meta name=\"twitter:card\" content=\"summary_large_image\" \/>\n<meta name=\"twitter:label1\" content=\"Tempo estimado de leitura\" \/>\n\t<meta name=\"twitter:data1\" content=\"1 minuto\" \/>\n<script type=\"application\/ld+json\" class=\"yoast-schema-graph\">{\"@context\":\"https:\/\/schema.org\",\"@graph\":[{\"@type\":\"WebPage\",\"@id\":\"http:\/\/www.ronboplastic.com\/product\/stackable-three-petal-planter\/\",\"url\":\"http:\/\/www.ronboplastic.com\/product\/stackable-three-petal-planter\/\",\"name\":\"Stackable Three-Petal Planter - Ronbo Sunrise Pots &amp; Planters\",\"isPartOf\":{\"@id\":\"https:\/\/www.ronboplastic.com\/#website\"},\"primaryImageOfPage\":{\"@id\":\"http:\/\/www.ronboplastic.com\/product\/stackable-three-petal-planter\/#primaryimage\"},\"image\":{\"@id\":\"http:\/\/www.ronboplastic.com\/product\/stackable-three-petal-planter\/#primaryimage\"},\"thumbnailUrl\":\"https:\/\/www.ronboplastic.com\/wp-content\/uploads\/2025\/09\/14.png\",\"datePublished\":\"2024-10-13T23:25:36+00:00\",\"dateModified\":\"2025-09-08T06:19:24+00:00\",\"breadcrumb\":{\"@id\":\"http:\/\/www.ronboplastic.com\/product\/stackable-three-petal-planter\/#breadcrumb\"},\"inLanguage\":\"pt-PT\",\"potentialAction\":[{\"@type\":\"ReadAction\",\"target\":[\"http:\/\/www.ronboplastic.com\/product\/stackable-three-petal-planter\/\"]}]},{\"@type\":\"ImageObject\",\"inLanguage\":\"pt-PT\",\"@id\":\"http:\/\/www.ronboplastic.com\/product\/stackable-three-petal-planter\/#primaryimage\",\"url\":\"https:\/\/www.ronboplastic.com\/wp-content\/uploads\/2025\/09\/14.png\",\"contentUrl\":\"https:\/\/www.ronboplastic.com\/wp-content\/uploads\/2025\/09\/14.png\",\"width\":730,\"height\":730,\"caption\":\"Stackable Three-Petal Planter\"},{\"@type\":\"BreadcrumbList\",\"@id\":\"http:\/\/www.ronboplastic.com\/product\/stackable-three-petal-planter\/#breadcrumb\",\"itemListElement\":[{\"@type\":\"ListItem\",\"position\":1,\"name\":\"\u9996\u9875\",\"item\":\"https:\/\/www.ronboplastic.com\/\"},{\"@type\":\"ListItem\",\"position\":2,\"name\":\"Products\",\"item\":\"http:\/\/www.ronboplastic.com\/products\/\"},{\"@type\":\"ListItem\",\"position\":3,\"name\":\"Stackable Three-Petal Planter\"}]},{\"@type\":\"WebSite\",\"@id\":\"https:\/\/www.ronboplastic.com\/#website\",\"url\":\"https:\/\/www.ronboplastic.com\/\",\"name\":\"Ronbo Sunrise Pots &amp; Planters\",\"description\":\"Flower Pots &amp; Planters\",\"potentialAction\":[{\"@type\":\"SearchAction\",\"target\":{\"@type\":\"EntryPoint\",\"urlTemplate\":\"https:\/\/www.ronboplastic.com\/?s={search_term_string}\"},\"query-input\":{\"@type\":\"PropertyValueSpecification\",\"valueRequired\":true,\"valueName\":\"search_term_string\"}}],\"inLanguage\":\"pt-PT\"}]}<\/script>\n<!-- \/ Yoast SEO plugin. -->","yoast_head_json":{"title":"Stackable Three-Petal Planter - Ronbo Sunrise Pots &amp; Planters","robots":{"index":"index","follow":"follow","max-snippet":"max-snippet:-1","max-image-preview":"max-image-preview:large","max-video-preview":"max-video-preview:-1"},"canonical":"http:\/\/www.ronboplastic.com\/pt\/produto\/vaso-empilhavel-de-tres-petalas\/","og_locale":"pt_PT","og_type":"article","og_title":"Stackable Three-Petal Planter - Ronbo Sunrise Pots &amp; Planters","og_description":"Looking to add some greenery to your home or office without taking up too much space? Check out our stackable three-petal planter!This three-petal planter is perfect for your home balcony garden! You can grow your favorite plants, such as strawberries or flowers in it","og_url":"http:\/\/www.ronboplastic.com\/pt\/produto\/vaso-empilhavel-de-tres-petalas\/","og_site_name":"Ronbo Sunrise Pots &amp; Planters","article_modified_time":"2025-09-08T06:19:24+00:00","og_image":[{"width":730,"height":730,"url":"https:\/\/www.ronboplastic.com\/wp-content\/uploads\/2025\/09\/14.png","type":"image\/png"}],"twitter_card":"summary_large_image","twitter_misc":{"Tempo estimado de leitura":"1 minuto"},"schema":{"@context":"https:\/\/schema.org","@graph":[{"@type":"WebPage","@id":"http:\/\/www.ronboplastic.com\/product\/stackable-three-petal-planter\/","url":"http:\/\/www.ronboplastic.com\/product\/stackable-three-petal-planter\/","name":"Stackable Three-Petal Planter - Ronbo Sunrise Pots &amp; Planters","isPartOf":{"@id":"https:\/\/www.ronboplastic.com\/#website"},"primaryImageOfPage":{"@id":"http:\/\/www.ronboplastic.com\/product\/stackable-three-petal-planter\/#primaryimage"},"image":{"@id":"http:\/\/www.ronboplastic.com\/product\/stackable-three-petal-planter\/#primaryimage"},"thumbnailUrl":"https:\/\/www.ronboplastic.com\/wp-content\/uploads\/2025\/09\/14.png","datePublished":"2024-10-13T23:25:36+00:00","dateModified":"2025-09-08T06:19:24+00:00","breadcrumb":{"@id":"http:\/\/www.ronboplastic.com\/product\/stackable-three-petal-planter\/#breadcrumb"},"inLanguage":"pt-PT","potentialAction":[{"@type":"ReadAction","target":["http:\/\/www.ronboplastic.com\/product\/stackable-three-petal-planter\/"]}]},{"@type":"ImageObject","inLanguage":"pt-PT","@id":"http:\/\/www.ronboplastic.com\/product\/stackable-three-petal-planter\/#primaryimage","url":"https:\/\/www.ronboplastic.com\/wp-content\/uploads\/2025\/09\/14.png","contentUrl":"https:\/\/www.ronboplastic.com\/wp-content\/uploads\/2025\/09\/14.png","width":730,"height":730,"caption":"Stackable Three-Petal Planter"},{"@type":"BreadcrumbList","@id":"http:\/\/www.ronboplastic.com\/product\/stackable-three-petal-planter\/#breadcrumb","itemListElement":[{"@type":"ListItem","position":1,"name":"\u9996\u9875","item":"https:\/\/www.ronboplastic.com\/"},{"@type":"ListItem","position":2,"name":"Products","item":"http:\/\/www.ronboplastic.com\/products\/"},{"@type":"ListItem","position":3,"name":"Stackable Three-Petal Planter"}]},{"@type":"WebSite","@id":"https:\/\/www.ronboplastic.com\/#website","url":"https:\/\/www.ronboplastic.com\/","name":"Ronbo Sunrise Pots &amp; Planters","description":"Vasos de flores e jardineiras","potentialAction":[{"@type":"SearchAction","target":{"@type":"EntryPoint","urlTemplate":"https:\/\/www.ronboplastic.com\/?s={search_term_string}"},"query-input":{"@type":"PropertyValueSpecification","valueRequired":true,"valueName":"search_term_string"}}],"inLanguage":"pt-PT"}]}},"_links":{"self":[{"href":"https:\/\/www.ronboplastic.com\/pt\/wp-json\/wp\/v2\/product\/9231","targetHints":{"allow":["GET"]}}],"collection":[{"href":"https:\/\/www.ronboplastic.com\/pt\/wp-json\/wp\/v2\/product"}],"about":[{"href":"https:\/\/www.ronboplastic.com\/pt\/wp-json\/wp\/v2\/types\/product"}],"replies":[{"embeddable":true,"href":"https:\/\/www.ronboplastic.com\/pt\/wp-json\/wp\/v2\/comments?post=9231"}],"wp:featuredmedia":[{"embeddable":true,"href":"https:\/\/www.ronboplastic.com\/pt\/wp-json\/wp\/v2\/media\/9235"}],"wp:attachment":[{"href":"https:\/\/www.ronboplastic.com\/pt\/wp-json\/wp\/v2\/media?parent=9231"}],"wp:term":[{"taxonomy":"product_brand","embeddable":true,"href":"https:\/\/www.ronboplastic.com\/pt\/wp-json\/wp\/v2\/product_brand?post=9231"},{"taxonomy":"product_cat","embeddable":true,"href":"https:\/\/www.ronboplastic.com\/pt\/wp-json\/wp\/v2\/product_cat?post=9231"},{"taxonomy":"product_tag","embeddable":true,"href":"https:\/\/www.ronboplastic.com\/pt\/wp-json\/wp\/v2\/product_tag?post=9231"}],"curies":[{"name":"wp","href":"https:\/\/api.w.org\/{rel}","templated":true}]}}