{"id":9195,"date":"2024-10-11T07:06:45","date_gmt":"2024-10-10T23:06:45","guid":{"rendered":"https:\/\/www.ronboplastic.com\/index.php\/product\/plant-fabric-bags-with-reinforced-handles\/"},"modified":"2025-09-08T14:19:03","modified_gmt":"2025-09-08T06:19:03","slug":"sacos-de-tecido-vegetal-com-pegas-reforcadas","status":"publish","type":"product","link":"https:\/\/www.ronboplastic.com\/pt\/produto\/sacos-de-tecido-vegetal-com-pegas-reforcadas\/","title":{"rendered":"Sacos de tecido vegetal com pegas refor\u00e7adas"},"content":{"rendered":"<p>Procura um saco de tecido dur\u00e1vel e resistente para o ajudar a transportar as suas plantas? N\u00e3o procure mais do que os nossos sacos de tecido para plantas com pegas refor\u00e7adas! Fabricados em tecido n\u00e3o tecido espesso de 300 g de alta qualidade, os nossos sacos de cultivo foram feitos para durar. O material respir\u00e1vel de primeira qualidade ajuda a evitar que as ra\u00edzes circulem desordenadamente e \u00e9 mais eficaz na absor\u00e7\u00e3o de nutrientes. A excelente fun\u00e7\u00e3o de drenagem evita que os fundos apodre\u00e7am e permite que qualquer excesso de \u00e1gua seja drenado naturalmente. Isto faz com que as ra\u00edzes cres\u00e7am rapidamente e sejam fortes. Ideal para agricultores, viveiros e supermercados.<\/p>\n<p>Fabricados com tecido de espessura dupla e costura em forma de X, os nossos sacos de cultivo suportam facilmente cargas pesadas sem perderem a sua forma. Com pegas fortes e confort\u00e1veis, pode transport\u00e1-los facilmente sem se preocupar com a possibilidade de se partirem ou rasgarem. Perfeitos para agricultores, viveiros e supermercados!<\/p>\n<p>A jardinagem em sacos de cultivo \u00e9 uma excelente solu\u00e7\u00e3o para os aspirantes a jardineiros que n\u00e3o t\u00eam espa\u00e7o suficiente para o jardim ou que alugam a sua casa.<\/p>\n<section class=\"table-wrap\">\n<table style=\"height: 438px;\" width=\"763\" data-sort=\"sortDisabled\">\n<tbody>\n<tr class=\"firstRow\">\n<td valign=\"top\" width=\"105\">Tipo<\/td>\n<td colspan=\"1\" rowspan=\"1\" valign=\"top\" width=\"105\">Modelo<\/td>\n<td valign=\"top\" width=\"105\">tamanho<\/td>\n<td valign=\"top\" width=\"105\">Di\u00e2metro\/cm<\/td>\n<td valign=\"top\" width=\"105\">Altura\/cm<\/td>\n<\/tr>\n<tr>\n<td colspan=\"1\" rowspan=\"14\" valign=\"top\" width=\"105\">300G<\/td>\n<td colspan=\"1\" rowspan=\"1\" valign=\"top\" width=\"105\">RB-FG1<\/td>\n<td valign=\"top\" width=\"105\">1 gal\u00e3o<\/td>\n<td valign=\"top\" width=\"105\">18<\/td>\n<td valign=\"top\" width=\"105\">15<\/td>\n<\/tr>\n<tr>\n<td colspan=\"1\" rowspan=\"1\" valign=\"top\" width=\"105\">RB-FG2<\/td>\n<td valign=\"top\" width=\"105\">2 gal\u00f5es<\/td>\n<td valign=\"top\" width=\"105\">20<\/td>\n<td valign=\"top\" width=\"105\">20<\/td>\n<\/tr>\n<tr>\n<td colspan=\"1\" rowspan=\"1\" valign=\"top\" width=\"105\">RB-FG3<\/td>\n<td colspan=\"1\" rowspan=\"1\" valign=\"top\" width=\"105\">3 gal\u00f5es<\/td>\n<td colspan=\"1\" rowspan=\"1\" valign=\"top\" width=\"105\">25<\/td>\n<td colspan=\"1\" rowspan=\"1\" valign=\"top\" width=\"105\">22<\/td>\n<\/tr>\n<tr>\n<td colspan=\"1\" rowspan=\"1\" valign=\"top\" width=\"105\">RB-FG5<\/td>\n<td colspan=\"1\" rowspan=\"1\" valign=\"top\" width=\"105\">5 gal\u00f5es<\/td>\n<td colspan=\"1\" rowspan=\"1\" valign=\"top\" width=\"105\">30<\/td>\n<td colspan=\"1\" rowspan=\"1\" valign=\"top\" width=\"105\">25<\/td>\n<\/tr>\n<tr>\n<td colspan=\"1\" rowspan=\"1\" valign=\"top\" width=\"105\">RB-FG7<\/td>\n<td colspan=\"1\" rowspan=\"1\" valign=\"top\" width=\"105\">7 gal\u00f5es<\/td>\n<td colspan=\"1\" rowspan=\"1\" valign=\"top\" width=\"105\">35<\/td>\n<td colspan=\"1\" rowspan=\"1\" valign=\"top\" width=\"105\">30<\/td>\n<\/tr>\n<tr>\n<td colspan=\"1\" rowspan=\"1\" valign=\"top\" width=\"105\">RB-FG10<\/td>\n<td colspan=\"1\" rowspan=\"1\" valign=\"top\" width=\"105\">10 gal\u00f5es<\/td>\n<td colspan=\"1\" rowspan=\"1\" valign=\"top\" width=\"105\">40<\/td>\n<td colspan=\"1\" rowspan=\"1\" valign=\"top\" width=\"105\">30<\/td>\n<\/tr>\n<tr>\n<td colspan=\"1\" rowspan=\"1\" valign=\"top\" width=\"105\">RB-FG15<\/td>\n<td colspan=\"1\" rowspan=\"1\" valign=\"top\" width=\"105\">15 gal\u00f5es<\/td>\n<td colspan=\"1\" rowspan=\"1\" valign=\"top\" width=\"105\">50<\/td>\n<td colspan=\"1\" rowspan=\"1\" valign=\"top\" width=\"105\">30<\/td>\n<\/tr>\n<tr>\n<td colspan=\"1\" rowspan=\"2\" align=\"left\" valign=\"middle\" width=\"105\">RB-FG20<\/td>\n<td colspan=\"1\" rowspan=\"2\" align=\"left\" valign=\"middle\" width=\"105\">20 gal\u00f5es<\/td>\n<td colspan=\"1\" rowspan=\"1\" valign=\"top\" width=\"105\">50<\/td>\n<td colspan=\"1\" rowspan=\"1\" valign=\"top\" width=\"105\">40<\/td>\n<\/tr>\n<tr>\n<td colspan=\"1\" rowspan=\"1\" valign=\"top\" width=\"105\">55<\/td>\n<td colspan=\"1\" rowspan=\"1\" valign=\"top\" width=\"105\">30<\/td>\n<\/tr>\n<tr>\n<td colspan=\"1\" rowspan=\"1\" valign=\"top\" width=\"105\">RB-FG25<\/td>\n<td colspan=\"1\" rowspan=\"1\" valign=\"top\" width=\"105\">25 gal\u00f5es<\/td>\n<td colspan=\"1\" rowspan=\"1\" valign=\"top\" width=\"105\">60<\/td>\n<td colspan=\"1\" rowspan=\"1\" valign=\"top\" width=\"105\">35<\/td>\n<\/tr>\n<tr>\n<td colspan=\"1\" rowspan=\"1\" valign=\"top\" width=\"105\">RB-FG30<\/td>\n<td colspan=\"1\" rowspan=\"1\" valign=\"top\" width=\"105\">30 gal\u00f5es<\/td>\n<td colspan=\"1\" rowspan=\"1\" valign=\"top\" width=\"105\">60<\/td>\n<td colspan=\"1\" rowspan=\"1\" valign=\"top\" width=\"105\">40<\/td>\n<\/tr>\n<tr>\n<td colspan=\"1\" rowspan=\"1\" valign=\"top\" width=\"105\">RB-FG40<\/td>\n<td colspan=\"1\" rowspan=\"1\" valign=\"top\" width=\"105\">40 gal\u00f5es<\/td>\n<td colspan=\"1\" rowspan=\"1\" valign=\"top\" width=\"105\">70<\/td>\n<td colspan=\"1\" rowspan=\"1\" valign=\"top\" width=\"105\">40<\/td>\n<\/tr>\n<tr>\n<td colspan=\"1\" rowspan=\"1\" valign=\"top\" width=\"105\">RB-FG50<\/td>\n<td colspan=\"1\" rowspan=\"1\" valign=\"top\" width=\"105\">50 gal\u00f5es<\/td>\n<td colspan=\"1\" rowspan=\"1\" valign=\"top\" width=\"105\">90<\/td>\n<td colspan=\"1\" rowspan=\"1\" valign=\"top\" width=\"105\">30<\/td>\n<\/tr>\n<tr>\n<td colspan=\"1\" rowspan=\"1\" valign=\"top\" width=\"105\">RB-FG100<\/td>\n<td colspan=\"1\" rowspan=\"1\" valign=\"top\" width=\"105\">100 gal\u00f5es<\/td>\n<td colspan=\"1\" rowspan=\"1\" valign=\"top\" width=\"105\">127<\/td>\n<td colspan=\"1\" rowspan=\"1\" valign=\"top\" width=\"105\">30<\/td>\n<\/tr>\n<\/tbody>\n<\/table>\n<\/section>\n<p><img loading=\"lazy\" decoding=\"async\" title=\"Sacos de tecido vegetal com pegas refor\u00e7adas\" src=\"https:\/\/www.ronboplastic.com\/wp-content\/uploads\/2025\/09\/202208301631489f17aabdf78a40afb958b22f3d73617d.jpg\" alt=\"Sacos de tecido vegetal com pegas refor\u00e7adas\" width=\"800\" height=\"1152\" \/><\/p>\n<p><img loading=\"lazy\" decoding=\"async\" title=\"Sacos de tecido vegetal com pegas refor\u00e7adas\" src=\"https:\/\/www.ronboplastic.com\/wp-content\/uploads\/2025\/09\/2022083016315035a748d652da4195ba6238ab8b62ef2c.jpg\" alt=\"Sacos de tecido vegetal com pegas refor\u00e7adas\" width=\"800\" height=\"1527\" \/><\/p>\n<p><img loading=\"lazy\" decoding=\"async\" title=\"Sacos de tecido vegetal com pegas refor\u00e7adas\" src=\"https:\/\/www.ronboplastic.com\/wp-content\/uploads\/2025\/09\/20220830163202e0fb5cdc7fde4506a468146bdc9aee03.jpg\" alt=\"RB-FG1~100_03\" width=\"800\" height=\"1798\" border=\"0\" vspace=\"0\" \/><\/p>\n<p><strong>Carater\u00edsticas:<\/strong><\/p>\n<p>- Adopta um tecido n\u00e3o tecido de alta qualidade e \u00e9 respir\u00e1vel. Pode suplementar toda a bola de solo com nutrientes. \u00c9 uma planta que absorve mais uniformemente e cresce rapidamente depois de ser transplantada para um saco.<\/p>\n<p>- Adequado para todos os tipos de solo, pode ser transplantado a qualquer momento, n\u00e3o \u00e9 afetado pelo clima, pode ser reutilizado, \u00e9 uma ferramenta de jardinagem muito boa.<\/p>\n<p><strong>Especifica\u00e7\u00f5es:<\/strong><\/p>\n<p><strong>- Cor:\u00a0<\/strong>Preto\uff08Personaliz\u00e1vel\uff09<\/p>\n<p><strong>- Material:<\/strong>\u00a0Tecidos n\u00e3o tecidos<\/p>\n<p><strong>- Tamanho:<\/strong>\u00a0#1 (1 gal\u00e3o) - 18x15cm (Di\u00e2metro x Altura); #2 (2 gal\u00f5es) - 20x20cm (Di\u00e2metro x Altura); #3 (3 gal\u00f5es) - 25x22cm (Di\u00e2metro x Altura); #5 (5 gal\u00f5es) - 30x25cm (Di\u00e2metro x Altura); #7 (7 gal\u00f5es) - 35x30cm (Di\u00e2metro x Altura); #10 (10 gal\u00f5es) - 40x30cm (Di\u00e2metro x Altura); #15 (15 gal\u00f5es) - 50x30cm (Di\u00e2metro x Altura); #20 (20 gal\u00f5es) - 50x40cm (Di\u00e2metro x Altura); #25 (25 gal\u00f5es) - 60x35cm (Di\u00e2metro x Altura); #30 (30 gal\u00f5es) - 60x40cm (Di\u00e2metro x Altura); #40 (40 gal\u00f5es) - 70x40cm (Di\u00e2metro x Altura); #50 (50 gal\u00f5es) - 90x30cm (Di\u00e2metro x Altura); #100 (100 gal\u00f5es) - 127x30cm (Di\u00e2metro x Altura);<\/p>\n<p>- 100% novo e de boa qualidade<\/p>\n<p>- Todos estes sacos t\u00eam pegas.<\/p>\n<p>- MUITO TEMPO DE VIDA.<\/p>\n<p><strong>FAQ\uff1a<\/strong><\/p>\n<p><strong>1. para que \u00e9 que fornecem? De quem \u00e9 o vosso fornecedor?<\/strong><\/p>\n<p>Fornecemos para duas empresas listadas e muitos viveiros no seu local, tamb\u00e9m para a Costco por atacado atrav\u00e9s da empresa de com\u00e9rcio internacional. Mas receio n\u00e3o poder dizer-vos agora. Se o meu cliente me aprovar, enviarei um e-mail para si.<\/p>\n<p><strong>2) Qual \u00e9 o susto em rela\u00e7\u00e3o a um contentor?\u00a0<\/strong><\/p>\n<p>10.000 d\u00f3lares para Los Angeles esta semana<\/p>\n<p><strong>3. pode fornecer amostra gr\u00e1tis?<\/strong><\/p>\n<p>Sim, claro, a amostra j\u00e1 est\u00e1 preparada, por favor, d\u00ea-me o seu endere\u00e7o. Vou redigir a ordem de amostra no Alibaba e enviar o link em breve, por favor, fa\u00e7a o pagamento. A amostra ser\u00e1 enviada por DHL \/ UPS \/ Fedex dentro de 3 dias, o que custar\u00e1 7-10 dias para chegar.<\/p>\n<p><strong>4. qual \u00e9 o seu uso de embalagem\uff1f<\/strong><\/p>\n<p>temos 3 m\u00e9todos de embalagem, cart\u00e3o\/palete\/saco de pl\u00e1stico para contentor<\/p>\n<p><strong>5) Qual \u00e9 o seu certificado?<\/strong><\/p>\n<p>CERTIFICADO SGS E BSCI<\/p>\n<p>OEM?<\/p>\n<p>SIM, envie-nos as suas informa\u00e7\u00f5es detalhadas, incluindo tamanho\/peso\/cor\/imagem.<\/p>\n<p class=\"productsTags\">Hot Tags: sacos de tecido vegetal com al\u00e7as refor\u00e7adas, fornecedores, fabricantes, f\u00e1brica, atacado, para venda<\/p>","protected":false},"excerpt":{"rendered":"<p>Fabricados em tecido n\u00e3o tecido mais espesso, estes sacos foram concebidos para durar, com uma constru\u00e7\u00e3o robusta e pegas resistentes. S\u00e3o tamb\u00e9m compactos e leves, o que os torna f\u00e1ceis de deslocar. Perfeitos para agricultores, viveiristas e empregados de supermercados que precisam de um saco resistente que aguente muito peso.<\/p>","protected":false},"featured_media":9200,"comment_status":"open","ping_status":"open","template":"","meta":[],"product_brand":[],"product_cat":[92],"product_tag":[],"class_list":{"0":"post-9195","1":"product","2":"type-product","3":"status-publish","4":"has-post-thumbnail","6":"product_cat-grow-bag","8":"first","9":"instock","10":"shipping-taxable","11":"product-type-simple"},"yoast_head":"<!-- This site is optimized with the Yoast SEO plugin v26.1.1 - https:\/\/yoast.com\/wordpress\/plugins\/seo\/ -->\n<title>Plant Fabric Bags With Reinforced Handles - Ronbo Sunrise Pots &amp; Planters<\/title>\n<meta name=\"robots\" content=\"index, follow, max-snippet:-1, max-image-preview:large, max-video-preview:-1\" \/>\n<link rel=\"canonical\" href=\"https:\/\/www.ronboplastic.com\/pt\/produto\/sacos-de-tecido-vegetal-com-pegas-reforcadas\/\" \/>\n<meta property=\"og:locale\" content=\"pt_PT\" \/>\n<meta property=\"og:type\" content=\"article\" \/>\n<meta property=\"og:title\" content=\"Plant Fabric Bags With Reinforced Handles - Ronbo Sunrise Pots &amp; Planters\" \/>\n<meta property=\"og:description\" content=\"Made from thicker non-woven fabric, these bags are built to last, with sturdy construction and strong handles. They&#039;re also compact and lightweight, making them easy to move around. Perfect for farmers, nursery workers, and supermarket employees who need a tough bag that can handle a lot of weight.\" \/>\n<meta property=\"og:url\" content=\"https:\/\/www.ronboplastic.com\/pt\/produto\/sacos-de-tecido-vegetal-com-pegas-reforcadas\/\" \/>\n<meta property=\"og:site_name\" content=\"Ronbo Sunrise Pots &amp; Planters\" \/>\n<meta property=\"article:modified_time\" content=\"2025-09-08T06:19:03+00:00\" \/>\n<meta property=\"og:image\" content=\"https:\/\/www.ronboplastic.com\/wp-content\/uploads\/2025\/09\/1-6.png\" \/>\n\t<meta property=\"og:image:width\" content=\"730\" \/>\n\t<meta property=\"og:image:height\" content=\"730\" \/>\n\t<meta property=\"og:image:type\" content=\"image\/png\" \/>\n<meta name=\"twitter:card\" content=\"summary_large_image\" \/>\n<meta name=\"twitter:label1\" content=\"Tempo estimado de leitura\" \/>\n\t<meta name=\"twitter:data1\" content=\"3 minutos\" \/>\n<script type=\"application\/ld+json\" class=\"yoast-schema-graph\">{\"@context\":\"https:\/\/schema.org\",\"@graph\":[{\"@type\":\"WebPage\",\"@id\":\"https:\/\/www.ronboplastic.com\/product\/plant-fabric-bags-with-reinforced-handles\/\",\"url\":\"https:\/\/www.ronboplastic.com\/product\/plant-fabric-bags-with-reinforced-handles\/\",\"name\":\"Plant Fabric Bags With Reinforced Handles - Ronbo Sunrise Pots &amp; Planters\",\"isPartOf\":{\"@id\":\"https:\/\/www.ronboplastic.com\/#website\"},\"primaryImageOfPage\":{\"@id\":\"https:\/\/www.ronboplastic.com\/product\/plant-fabric-bags-with-reinforced-handles\/#primaryimage\"},\"image\":{\"@id\":\"https:\/\/www.ronboplastic.com\/product\/plant-fabric-bags-with-reinforced-handles\/#primaryimage\"},\"thumbnailUrl\":\"https:\/\/www.ronboplastic.com\/wp-content\/uploads\/2025\/09\/1-6.png\",\"datePublished\":\"2024-10-10T23:06:45+00:00\",\"dateModified\":\"2025-09-08T06:19:03+00:00\",\"breadcrumb\":{\"@id\":\"https:\/\/www.ronboplastic.com\/product\/plant-fabric-bags-with-reinforced-handles\/#breadcrumb\"},\"inLanguage\":\"pt-PT\",\"potentialAction\":[{\"@type\":\"ReadAction\",\"target\":[\"https:\/\/www.ronboplastic.com\/product\/plant-fabric-bags-with-reinforced-handles\/\"]}]},{\"@type\":\"ImageObject\",\"inLanguage\":\"pt-PT\",\"@id\":\"https:\/\/www.ronboplastic.com\/product\/plant-fabric-bags-with-reinforced-handles\/#primaryimage\",\"url\":\"https:\/\/www.ronboplastic.com\/wp-content\/uploads\/2025\/09\/1-6.png\",\"contentUrl\":\"https:\/\/www.ronboplastic.com\/wp-content\/uploads\/2025\/09\/1-6.png\",\"width\":730,\"height\":730,\"caption\":\"fabric bag\"},{\"@type\":\"BreadcrumbList\",\"@id\":\"https:\/\/www.ronboplastic.com\/product\/plant-fabric-bags-with-reinforced-handles\/#breadcrumb\",\"itemListElement\":[{\"@type\":\"ListItem\",\"position\":1,\"name\":\"\u9996\u9875\",\"item\":\"https:\/\/www.ronboplastic.com\/\"},{\"@type\":\"ListItem\",\"position\":2,\"name\":\"Products\",\"item\":\"http:\/\/www.ronboplastic.com\/products\/\"},{\"@type\":\"ListItem\",\"position\":3,\"name\":\"Plant Fabric Bags With Reinforced Handles\"}]},{\"@type\":\"WebSite\",\"@id\":\"https:\/\/www.ronboplastic.com\/#website\",\"url\":\"https:\/\/www.ronboplastic.com\/\",\"name\":\"Ronbo Sunrise Pots &amp; Planters\",\"description\":\"Flower Pots &amp; Planters\",\"potentialAction\":[{\"@type\":\"SearchAction\",\"target\":{\"@type\":\"EntryPoint\",\"urlTemplate\":\"https:\/\/www.ronboplastic.com\/?s={search_term_string}\"},\"query-input\":{\"@type\":\"PropertyValueSpecification\",\"valueRequired\":true,\"valueName\":\"search_term_string\"}}],\"inLanguage\":\"pt-PT\"}]}<\/script>\n<!-- \/ Yoast SEO plugin. -->","yoast_head_json":{"title":"Plant Fabric Bags With Reinforced Handles - Ronbo Sunrise Pots &amp; Planters","robots":{"index":"index","follow":"follow","max-snippet":"max-snippet:-1","max-image-preview":"max-image-preview:large","max-video-preview":"max-video-preview:-1"},"canonical":"https:\/\/www.ronboplastic.com\/pt\/produto\/sacos-de-tecido-vegetal-com-pegas-reforcadas\/","og_locale":"pt_PT","og_type":"article","og_title":"Plant Fabric Bags With Reinforced Handles - Ronbo Sunrise Pots &amp; Planters","og_description":"Made from thicker non-woven fabric, these bags are built to last, with sturdy construction and strong handles. They're also compact and lightweight, making them easy to move around. Perfect for farmers, nursery workers, and supermarket employees who need a tough bag that can handle a lot of weight.","og_url":"https:\/\/www.ronboplastic.com\/pt\/produto\/sacos-de-tecido-vegetal-com-pegas-reforcadas\/","og_site_name":"Ronbo Sunrise Pots &amp; Planters","article_modified_time":"2025-09-08T06:19:03+00:00","og_image":[{"width":730,"height":730,"url":"https:\/\/www.ronboplastic.com\/wp-content\/uploads\/2025\/09\/1-6.png","type":"image\/png"}],"twitter_card":"summary_large_image","twitter_misc":{"Tempo estimado de leitura":"3 minutos"},"schema":{"@context":"https:\/\/schema.org","@graph":[{"@type":"WebPage","@id":"https:\/\/www.ronboplastic.com\/product\/plant-fabric-bags-with-reinforced-handles\/","url":"https:\/\/www.ronboplastic.com\/product\/plant-fabric-bags-with-reinforced-handles\/","name":"Plant Fabric Bags With Reinforced Handles - Ronbo Sunrise Pots &amp; Planters","isPartOf":{"@id":"https:\/\/www.ronboplastic.com\/#website"},"primaryImageOfPage":{"@id":"https:\/\/www.ronboplastic.com\/product\/plant-fabric-bags-with-reinforced-handles\/#primaryimage"},"image":{"@id":"https:\/\/www.ronboplastic.com\/product\/plant-fabric-bags-with-reinforced-handles\/#primaryimage"},"thumbnailUrl":"https:\/\/www.ronboplastic.com\/wp-content\/uploads\/2025\/09\/1-6.png","datePublished":"2024-10-10T23:06:45+00:00","dateModified":"2025-09-08T06:19:03+00:00","breadcrumb":{"@id":"https:\/\/www.ronboplastic.com\/product\/plant-fabric-bags-with-reinforced-handles\/#breadcrumb"},"inLanguage":"pt-PT","potentialAction":[{"@type":"ReadAction","target":["https:\/\/www.ronboplastic.com\/product\/plant-fabric-bags-with-reinforced-handles\/"]}]},{"@type":"ImageObject","inLanguage":"pt-PT","@id":"https:\/\/www.ronboplastic.com\/product\/plant-fabric-bags-with-reinforced-handles\/#primaryimage","url":"https:\/\/www.ronboplastic.com\/wp-content\/uploads\/2025\/09\/1-6.png","contentUrl":"https:\/\/www.ronboplastic.com\/wp-content\/uploads\/2025\/09\/1-6.png","width":730,"height":730,"caption":"fabric bag"},{"@type":"BreadcrumbList","@id":"https:\/\/www.ronboplastic.com\/product\/plant-fabric-bags-with-reinforced-handles\/#breadcrumb","itemListElement":[{"@type":"ListItem","position":1,"name":"\u9996\u9875","item":"https:\/\/www.ronboplastic.com\/"},{"@type":"ListItem","position":2,"name":"Products","item":"http:\/\/www.ronboplastic.com\/products\/"},{"@type":"ListItem","position":3,"name":"Plant Fabric Bags With Reinforced Handles"}]},{"@type":"WebSite","@id":"https:\/\/www.ronboplastic.com\/#website","url":"https:\/\/www.ronboplastic.com\/","name":"Ronbo Sunrise Pots &amp; Planters","description":"Vasos de flores e jardineiras","potentialAction":[{"@type":"SearchAction","target":{"@type":"EntryPoint","urlTemplate":"https:\/\/www.ronboplastic.com\/?s={search_term_string}"},"query-input":{"@type":"PropertyValueSpecification","valueRequired":true,"valueName":"search_term_string"}}],"inLanguage":"pt-PT"}]}},"_links":{"self":[{"href":"https:\/\/www.ronboplastic.com\/pt\/wp-json\/wp\/v2\/product\/9195","targetHints":{"allow":["GET"]}}],"collection":[{"href":"https:\/\/www.ronboplastic.com\/pt\/wp-json\/wp\/v2\/product"}],"about":[{"href":"https:\/\/www.ronboplastic.com\/pt\/wp-json\/wp\/v2\/types\/product"}],"replies":[{"embeddable":true,"href":"https:\/\/www.ronboplastic.com\/pt\/wp-json\/wp\/v2\/comments?post=9195"}],"wp:featuredmedia":[{"embeddable":true,"href":"https:\/\/www.ronboplastic.com\/pt\/wp-json\/wp\/v2\/media\/9200"}],"wp:attachment":[{"href":"https:\/\/www.ronboplastic.com\/pt\/wp-json\/wp\/v2\/media?parent=9195"}],"wp:term":[{"taxonomy":"product_brand","embeddable":true,"href":"https:\/\/www.ronboplastic.com\/pt\/wp-json\/wp\/v2\/product_brand?post=9195"},{"taxonomy":"product_cat","embeddable":true,"href":"https:\/\/www.ronboplastic.com\/pt\/wp-json\/wp\/v2\/product_cat?post=9195"},{"taxonomy":"product_tag","embeddable":true,"href":"https:\/\/www.ronboplastic.com\/pt\/wp-json\/wp\/v2\/product_tag?post=9195"}],"curies":[{"name":"wp","href":"https:\/\/api.w.org\/{rel}","templated":true}]}}