{"id":9187,"date":"2024-09-30T07:27:43","date_gmt":"2024-09-29T23:27:43","guid":{"rendered":"https:\/\/www.ronboplastic.com\/index.php\/product\/303\/"},"modified":"2025-09-08T14:18:58","modified_gmt":"2025-09-08T06:18:58","slug":"303","status":"publish","type":"product","link":"https:\/\/www.ronboplastic.com\/pt\/produto\/303\/","title":{"rendered":""},"content":{"rendered":"<p>* Descri\u00e7\u00e3o do produto:<\/p>\n<p>Vasos de pl\u00e1stico para flores - Design moderno e simples, dur\u00e1vel e amigo do ambiente**<\/p>\n<p>*Os nossos vasos de flores de pl\u00e1stico s\u00e3o feitos de pl\u00e1stico ecol\u00f3gico de alta qualidade, com durabilidade e prote\u00e7\u00e3o UV, que s\u00e3o muito adequados para uso interior e exterior. O design simples e elegante pode ser facilmente integrado em qualquer estilo de casa ou ambiente de jardinagem, e \u00e9 a melhor escolha para a decora\u00e7\u00e3o de plantas verdes.<\/p>\n<p>*Carater\u00edsticas do produto:*.<\/p>\n<p>**Materiais amigos do ambiente**: Feito de pl\u00e1stico ecol\u00f3gico de alta qualidade, \u00e9 imperme\u00e1vel, anti-corros\u00e3o e resistente \u00e0s intemp\u00e9ries.<\/p>\n<p>- M\u00faltiplas op\u00e7\u00f5es de cores**: Quatro cores cl\u00e1ssicas de preto, amarelo, branco e cinzento est\u00e3o dispon\u00edveis para satisfazer diferentes necessidades de decora\u00e7\u00e3o.<\/p>\n<p>- Design multiusos**: Adequado para uma variedade de cen\u00e1rios, como casa, escrit\u00f3rio, varanda ou p\u00e1tio.<\/p>\n<p>- **Leve e dur\u00e1vel**: Os vasos de flores s\u00e3o leves, f\u00e1ceis de mover e dur\u00e1veis e podem ser utilizados durante muito tempo.<\/p>\n<p>- Design de drenagem**: Existem orif\u00edcios de drenagem na parte inferior para evitar a acumula\u00e7\u00e3o de \u00e1gua e promover o crescimento saud\u00e1vel das ra\u00edzes das plantas.<\/p>\n<p>&#8212;<br \/>\n# Especifica\u00e7\u00f5es do produto:<\/p>\n<p>| **N\u00famero do modelo** | **Dimens\u00e3o** (C x L x A) | **Cor dispon\u00edvel** |<br \/>\n|:&#8212;&#8212;&#8212;-:|:&#8212;&#8212;&#8212;&#8212;&#8212;&#8212;&#8212;&#8212;-:|:&#8212;&#8212;&#8212;&#8212;&#8211;:|<br \/>\n| RB-DCR150 | 15 * 6,5 * 12 cm | Preto, amarelo, branco, cinzento<br \/>\n| RB-DCR210 | 20,8 * 9 * 16,5 cm | Preto, amarelo, branco, cinzento<\/p>\n<p>&#8212;<\/p>\n<p>**Dicas quentes:**<br \/>\n- As cores podem variar ligeiramente devido a diferentes monitores.<br \/>\n- Escolha o tamanho adequado de acordo com o espa\u00e7o de que necessita.<\/p>\n<p>**Aviso de compra:**<br \/>\n- Fornecemos um servi\u00e7o de envio r\u00e1pido e as encomendas ser\u00e3o processadas no prazo de 1-2 dias \u00fateis ap\u00f3s a realiza\u00e7\u00e3o da encomenda.<br \/>\n- Se tiver alguma d\u00favida, n\u00e3o hesite em contactar a nossa equipa de apoio ao cliente.<\/p>\n<p>&#8212;<\/p>\n<p>Esta descri\u00e7\u00e3o da p\u00e1gina pode ajudar os clientes a compreender rapidamente o seu produto e a ver claramente as informa\u00e7\u00f5es sobre a cor e o tamanho dispon\u00edveis. Pode ajust\u00e1-la e personaliz\u00e1-la de acordo com as condi\u00e7\u00f5es actuais.<\/p>\n<p><img decoding=\"async\" src=\"https:\/\/www.ronboplastic.com\/wp-content\/uploads\/2025\/09\/202205131612159a16ace32ec04133ae6f48e4dcaa3c85.jpg\" alt=\"Cestos suspensos de 10 polegadas\" \/><\/p>","protected":false},"excerpt":{"rendered":"<p>* Product Description: Plastic Flower Pots &#8211; Modern Simple Design, Durable and Environmentally Friendly** *Our plastic flower pots are made<\/p>","protected":false},"featured_media":9189,"comment_status":"open","ping_status":"open","template":"","meta":[],"product_brand":[],"product_cat":[80],"product_tag":[],"class_list":{"0":"post-9187","1":"product","2":"type-product","3":"status-publish","4":"has-post-thumbnail","6":"product_cat-decorative-potsampplanters","8":"first","9":"instock","10":"shipping-taxable","11":"product-type-simple"},"yoast_head":"<!-- This site is optimized with the Yoast SEO plugin v26.1.1 - https:\/\/yoast.com\/wordpress\/plugins\/seo\/ -->\n<title>- Ronbo Sunrise Pots &amp; Planters<\/title>\n<meta name=\"robots\" content=\"index, follow, max-snippet:-1, max-image-preview:large, max-video-preview:-1\" \/>\n<link rel=\"canonical\" href=\"http:\/\/www.ronboplastic.com\/pt\/produto\/303\/\" \/>\n<meta property=\"og:locale\" content=\"pt_PT\" \/>\n<meta property=\"og:type\" content=\"article\" \/>\n<meta property=\"og:title\" content=\"- Ronbo Sunrise Pots &amp; Planters\" \/>\n<meta property=\"og:description\" content=\"* Product Description: Plastic Flower Pots &#8211; Modern Simple Design, Durable and Environmentally Friendly** *Our plastic flower pots are made\" \/>\n<meta property=\"og:url\" content=\"http:\/\/www.ronboplastic.com\/pt\/produto\/303\/\" \/>\n<meta property=\"og:site_name\" content=\"Ronbo Sunrise Pots &amp; Planters\" \/>\n<meta property=\"article:modified_time\" content=\"2025-09-08T06:18:58+00:00\" \/>\n<meta property=\"og:image\" content=\"https:\/\/www.ronboplastic.com\/wp-content\/uploads\/2025\/09\/IMG_2630-\u62f7\u8d1d.png\" \/>\n\t<meta property=\"og:image:width\" content=\"800\" \/>\n\t<meta property=\"og:image:height\" content=\"800\" \/>\n\t<meta property=\"og:image:type\" content=\"image\/png\" \/>\n<meta name=\"twitter:card\" content=\"summary_large_image\" \/>\n<meta name=\"twitter:label1\" content=\"Tempo estimado de leitura\" \/>\n\t<meta name=\"twitter:data1\" content=\"1 minuto\" \/>\n<script type=\"application\/ld+json\" class=\"yoast-schema-graph\">{\"@context\":\"https:\/\/schema.org\",\"@graph\":[{\"@type\":\"WebPage\",\"@id\":\"http:\/\/www.ronboplastic.com\/product\/303\/\",\"url\":\"http:\/\/www.ronboplastic.com\/product\/303\/\",\"name\":\"- Ronbo Sunrise Pots &amp; Planters\",\"isPartOf\":{\"@id\":\"https:\/\/www.ronboplastic.com\/#website\"},\"primaryImageOfPage\":{\"@id\":\"http:\/\/www.ronboplastic.com\/product\/303\/#primaryimage\"},\"image\":{\"@id\":\"http:\/\/www.ronboplastic.com\/product\/303\/#primaryimage\"},\"thumbnailUrl\":\"https:\/\/www.ronboplastic.com\/wp-content\/uploads\/2025\/09\/IMG_2630-\u62f7\u8d1d.png\",\"datePublished\":\"2024-09-29T23:27:43+00:00\",\"dateModified\":\"2025-09-08T06:18:58+00:00\",\"breadcrumb\":{\"@id\":\"http:\/\/www.ronboplastic.com\/product\/303\/#breadcrumb\"},\"inLanguage\":\"pt-PT\",\"potentialAction\":[{\"@type\":\"ReadAction\",\"target\":[\"http:\/\/www.ronboplastic.com\/product\/303\/\"]}]},{\"@type\":\"ImageObject\",\"inLanguage\":\"pt-PT\",\"@id\":\"http:\/\/www.ronboplastic.com\/product\/303\/#primaryimage\",\"url\":\"https:\/\/www.ronboplastic.com\/wp-content\/uploads\/2025\/09\/IMG_2630-\u62f7\u8d1d.png\",\"contentUrl\":\"https:\/\/www.ronboplastic.com\/wp-content\/uploads\/2025\/09\/IMG_2630-\u62f7\u8d1d.png\",\"width\":800,\"height\":800,\"caption\":\"flower pot size chart\"},{\"@type\":\"BreadcrumbList\",\"@id\":\"http:\/\/www.ronboplastic.com\/product\/303\/#breadcrumb\",\"itemListElement\":[{\"@type\":\"ListItem\",\"position\":1,\"name\":\"\u9996\u9875\",\"item\":\"https:\/\/www.ronboplastic.com\/\"},{\"@type\":\"ListItem\",\"position\":2,\"name\":\"Products\",\"item\":\"http:\/\/www.ronboplastic.com\/products\/\"}]},{\"@type\":\"WebSite\",\"@id\":\"https:\/\/www.ronboplastic.com\/#website\",\"url\":\"https:\/\/www.ronboplastic.com\/\",\"name\":\"Ronbo Sunrise Pots &amp; Planters\",\"description\":\"Flower Pots &amp; Planters\",\"potentialAction\":[{\"@type\":\"SearchAction\",\"target\":{\"@type\":\"EntryPoint\",\"urlTemplate\":\"https:\/\/www.ronboplastic.com\/?s={search_term_string}\"},\"query-input\":{\"@type\":\"PropertyValueSpecification\",\"valueRequired\":true,\"valueName\":\"search_term_string\"}}],\"inLanguage\":\"pt-PT\"}]}<\/script>\n<!-- \/ Yoast SEO plugin. -->","yoast_head_json":{"title":"- Ronbo Sunrise Pots &amp; Planters","robots":{"index":"index","follow":"follow","max-snippet":"max-snippet:-1","max-image-preview":"max-image-preview:large","max-video-preview":"max-video-preview:-1"},"canonical":"http:\/\/www.ronboplastic.com\/pt\/produto\/303\/","og_locale":"pt_PT","og_type":"article","og_title":"- Ronbo Sunrise Pots &amp; Planters","og_description":"* Product Description: Plastic Flower Pots &#8211; Modern Simple Design, Durable and Environmentally Friendly** *Our plastic flower pots are made","og_url":"http:\/\/www.ronboplastic.com\/pt\/produto\/303\/","og_site_name":"Ronbo Sunrise Pots &amp; Planters","article_modified_time":"2025-09-08T06:18:58+00:00","og_image":[{"width":800,"height":800,"url":"https:\/\/www.ronboplastic.com\/wp-content\/uploads\/2025\/09\/IMG_2630-\u62f7\u8d1d.png","type":"image\/png"}],"twitter_card":"summary_large_image","twitter_misc":{"Tempo estimado de leitura":"1 minuto"},"schema":{"@context":"https:\/\/schema.org","@graph":[{"@type":"WebPage","@id":"http:\/\/www.ronboplastic.com\/product\/303\/","url":"http:\/\/www.ronboplastic.com\/product\/303\/","name":"- Ronbo Sunrise Pots &amp; Planters","isPartOf":{"@id":"https:\/\/www.ronboplastic.com\/#website"},"primaryImageOfPage":{"@id":"http:\/\/www.ronboplastic.com\/product\/303\/#primaryimage"},"image":{"@id":"http:\/\/www.ronboplastic.com\/product\/303\/#primaryimage"},"thumbnailUrl":"https:\/\/www.ronboplastic.com\/wp-content\/uploads\/2025\/09\/IMG_2630-\u62f7\u8d1d.png","datePublished":"2024-09-29T23:27:43+00:00","dateModified":"2025-09-08T06:18:58+00:00","breadcrumb":{"@id":"http:\/\/www.ronboplastic.com\/product\/303\/#breadcrumb"},"inLanguage":"pt-PT","potentialAction":[{"@type":"ReadAction","target":["http:\/\/www.ronboplastic.com\/product\/303\/"]}]},{"@type":"ImageObject","inLanguage":"pt-PT","@id":"http:\/\/www.ronboplastic.com\/product\/303\/#primaryimage","url":"https:\/\/www.ronboplastic.com\/wp-content\/uploads\/2025\/09\/IMG_2630-\u62f7\u8d1d.png","contentUrl":"https:\/\/www.ronboplastic.com\/wp-content\/uploads\/2025\/09\/IMG_2630-\u62f7\u8d1d.png","width":800,"height":800,"caption":"flower pot size chart"},{"@type":"BreadcrumbList","@id":"http:\/\/www.ronboplastic.com\/product\/303\/#breadcrumb","itemListElement":[{"@type":"ListItem","position":1,"name":"\u9996\u9875","item":"https:\/\/www.ronboplastic.com\/"},{"@type":"ListItem","position":2,"name":"Products","item":"http:\/\/www.ronboplastic.com\/products\/"}]},{"@type":"WebSite","@id":"https:\/\/www.ronboplastic.com\/#website","url":"https:\/\/www.ronboplastic.com\/","name":"Ronbo Sunrise Pots &amp; Planters","description":"Vasos de flores e jardineiras","potentialAction":[{"@type":"SearchAction","target":{"@type":"EntryPoint","urlTemplate":"https:\/\/www.ronboplastic.com\/?s={search_term_string}"},"query-input":{"@type":"PropertyValueSpecification","valueRequired":true,"valueName":"search_term_string"}}],"inLanguage":"pt-PT"}]}},"_links":{"self":[{"href":"https:\/\/www.ronboplastic.com\/pt\/wp-json\/wp\/v2\/product\/9187","targetHints":{"allow":["GET"]}}],"collection":[{"href":"https:\/\/www.ronboplastic.com\/pt\/wp-json\/wp\/v2\/product"}],"about":[{"href":"https:\/\/www.ronboplastic.com\/pt\/wp-json\/wp\/v2\/types\/product"}],"replies":[{"embeddable":true,"href":"https:\/\/www.ronboplastic.com\/pt\/wp-json\/wp\/v2\/comments?post=9187"}],"wp:featuredmedia":[{"embeddable":true,"href":"https:\/\/www.ronboplastic.com\/pt\/wp-json\/wp\/v2\/media\/9189"}],"wp:attachment":[{"href":"https:\/\/www.ronboplastic.com\/pt\/wp-json\/wp\/v2\/media?parent=9187"}],"wp:term":[{"taxonomy":"product_brand","embeddable":true,"href":"https:\/\/www.ronboplastic.com\/pt\/wp-json\/wp\/v2\/product_brand?post=9187"},{"taxonomy":"product_cat","embeddable":true,"href":"https:\/\/www.ronboplastic.com\/pt\/wp-json\/wp\/v2\/product_cat?post=9187"},{"taxonomy":"product_tag","embeddable":true,"href":"https:\/\/www.ronboplastic.com\/pt\/wp-json\/wp\/v2\/product_tag?post=9187"}],"curies":[{"name":"wp","href":"https:\/\/api.w.org\/{rel}","templated":true}]}}