{"id":9157,"date":"2024-09-27T07:00:22","date_gmt":"2024-09-26T23:00:22","guid":{"rendered":"https:\/\/www.ronboplastic.com\/index.php\/product\/5-inch-plant-saucer\/"},"modified":"2025-09-08T14:18:39","modified_gmt":"2025-09-08T06:18:39","slug":"pires-para-plantas-de-5-polegadas","status":"publish","type":"product","link":"https:\/\/www.ronboplastic.com\/pt\/produtos\/pires-para-plantas-de-5-polegadas\/","title":{"rendered":"Pires para plantas de 5 polegadas"},"content":{"rendered":"<p>Somos uma f\u00e1brica com quase 20 anos de experi\u00eancia de produ\u00e7\u00e3o na China, temos vindo a concentrar-nos na produ\u00e7\u00e3o de vasos de flores de pl\u00e1stico, e somos o primeiro lote de f\u00e1bricas na China a come\u00e7ar a fazer vasos de gal\u00e3o. os pires de plantas s\u00e3o tamb\u00e9m os nossos produtos mais vendidos, muitos grossistas e clientes de com\u00e9rcio eletr\u00f3nico da Amazon t\u00eam vindo a comprar-nos.  N\u00e3o s\u00f3 lhes traz lucros, mas tamb\u00e9m permite que muitos clientes finais cultivem flores cada vez mais bonitas com o nosso chassis.  Os nossos modelos v\u00e3o do D13 ao D52, com um total de 12 tamanhos de produtos, com di\u00e2metros inferiores que variam de 10 cm a 43 cm. O produto D13 pode ser usado para combinar com vasos de flores com di\u00e2metro inferior a 10 na parte inferior.<\/p>\n<p><img loading=\"lazy\" decoding=\"async\" title=\"Pires para plantas de 5 polegadas\" src=\"https:\/\/www.ronboplastic.com\/wp-content\/uploads\/2025\/09\/20220704112448b990b636d2be4c5490cc70ad5d336ba6.jpg\" alt=\"Pires para plantas de 5 polegadas\" width=\"800\" height=\"772\" \/><\/p>\n<p><strong>Especifica\u00e7\u00f5es<\/strong><\/p>\n<section class=\"table-wrap\">\n<table class=\"table\" border=\"1\" width=\"100%\" cellspacing=\"0\" cellpadding=\"0\">\n<tbody>\n<tr class=\"firstRow\">\n<td>N\u00famero do modelo<\/td>\n<td>D13<\/td>\n<\/tr>\n<tr>\n<td>Tipo de pl\u00e1stico<\/td>\n<td>PP<\/td>\n<\/tr>\n<tr>\n<td>Tipo<\/td>\n<td>Propaga\u00e7\u00e3o<\/td>\n<\/tr>\n<tr>\n<td>Di\u00e2metro superior<\/td>\n<td>13cm\/5,2polegadas<\/td>\n<\/tr>\n<tr>\n<td>Di\u00e2metro do fundo<\/td>\n<td>10cm\/4inch<\/td>\n<\/tr>\n<tr>\n<td>Altura<\/td>\n<td>1cm\/0,4inch<\/td>\n<\/tr>\n<tr>\n<td>Peso<\/td>\n<td>18g<\/td>\n<\/tr>\n<\/tbody>\n<\/table>\n<\/section>\n<p><strong>Os nossos servi\u00e7os<\/strong><\/p>\n<p><img loading=\"lazy\" decoding=\"async\" src=\"https:\/\/www.ronboplastic.com\/wp-content\/uploads\/2025\/09\/202205131612159a16ace32ec04133ae6f48e4dcaa3c85.jpg\" alt=\"Pires para plantas de 5 polegadas\" width=\"800\" height=\"207\" \/><\/p>\n<p><img loading=\"lazy\" decoding=\"async\" src=\"https:\/\/www.ronboplastic.com\/wp-content\/uploads\/2025\/09\/2022052411022769afc5a8ee884858a93ba5486be9d6b4.jpg\" alt=\"Pires para plantas de 5 polegadas\" width=\"800\" height=\"840\" \/><\/p>\n<p class=\"productsTags\">Hot Tags: Pires de planta de 5 polegadas, fornecedores, fabricantes, f\u00e1brica, atacado, para venda<\/p>","protected":false},"excerpt":{"rendered":"<p>Somos uma f\u00e1brica com quase 20 anos de experi\u00eancia de produ\u00e7\u00e3o na China, temos vindo a concentrar-nos na produ\u00e7\u00e3o de vasos de flores de pl\u00e1stico, e somos o primeiro lote de f\u00e1bricas na China a come\u00e7ar a fazer vasos de gal\u00e3o. os pires de plantas s\u00e3o tamb\u00e9m os nossos produtos mais vendidos, muitos grossistas e clientes de com\u00e9rcio eletr\u00f3nico da Amazon t\u00eam vindo a comprar-nos. N\u00e3o s\u00f3 lhes traz lucros, mas tamb\u00e9m permite que muitos clientes finais cultivem flores cada vez mais bonitas com o nosso chassis. Os nossos modelos v\u00e3o do D13 ao D52, com um total de 12 tamanhos de produtos, com di\u00e2metros inferiores que variam de 10 cm a 43 cm. O produto D13 pode ser usado para combinar com vasos de flores com di\u00e2metro inferior a 10 na parte inferior.<\/p>","protected":false},"featured_media":9131,"comment_status":"open","ping_status":"open","template":"","meta":[],"product_brand":[],"product_cat":[89],"product_tag":[],"class_list":{"0":"post-9157","1":"product","2":"type-product","3":"status-publish","4":"has-post-thumbnail","6":"product_cat-plant-saucer","8":"first","9":"instock","10":"shipping-taxable","11":"product-type-simple"},"yoast_head":"<!-- This site is optimized with the Yoast SEO plugin v26.1.1 - https:\/\/yoast.com\/wordpress\/plugins\/seo\/ -->\n<title>5 Inch Plant Saucer - Ronbo Sunrise Pots &amp; Planters<\/title>\n<meta name=\"robots\" content=\"index, follow, max-snippet:-1, max-image-preview:large, max-video-preview:-1\" \/>\n<link rel=\"canonical\" href=\"https:\/\/www.ronboplastic.com\/pt\/produtos\/pires-para-plantas-de-5-polegadas\/\" \/>\n<meta property=\"og:locale\" content=\"pt_PT\" \/>\n<meta property=\"og:type\" content=\"article\" \/>\n<meta property=\"og:title\" content=\"5 Inch Plant Saucer - Ronbo Sunrise Pots &amp; Planters\" \/>\n<meta property=\"og:description\" content=\"We are a factory with nearly 20 years of production experience in China, we have been focusing on the production of plastic flower pots, and we are the first batch of factories in China to start making gallon pots. plant saucers are also our best-selling products, many wholesalers and Amazon&#039;s e-commerce customers have been buying from us. Not only bring profits to them, but also let many end customers grow more and more beautiful flowers with our chassis. Our models have been from D13 to D52, with a total of 12 sizes of products, with lower diameters ranging from 10 cm to 43 cm. The product D13 can be used to match flowerpots with diameter less than 10 at the bottom.\" \/>\n<meta property=\"og:url\" content=\"https:\/\/www.ronboplastic.com\/pt\/produtos\/pires-para-plantas-de-5-polegadas\/\" \/>\n<meta property=\"og:site_name\" content=\"Ronbo Sunrise Pots &amp; Planters\" \/>\n<meta property=\"article:modified_time\" content=\"2025-09-08T06:18:39+00:00\" \/>\n<meta property=\"og:image\" content=\"https:\/\/www.ronboplastic.com\/wp-content\/uploads\/2025\/09\/55.png\" \/>\n\t<meta property=\"og:image:width\" content=\"730\" \/>\n\t<meta property=\"og:image:height\" content=\"730\" \/>\n\t<meta property=\"og:image:type\" content=\"image\/png\" \/>\n<meta name=\"twitter:card\" content=\"summary_large_image\" \/>\n<meta name=\"twitter:label1\" content=\"Tempo estimado de leitura\" \/>\n\t<meta name=\"twitter:data1\" content=\"1 minuto\" \/>\n<script type=\"application\/ld+json\" class=\"yoast-schema-graph\">{\"@context\":\"https:\/\/schema.org\",\"@graph\":[{\"@type\":\"WebPage\",\"@id\":\"https:\/\/www.ronboplastic.com\/products\/5-inch-plant-saucer\/\",\"url\":\"https:\/\/www.ronboplastic.com\/products\/5-inch-plant-saucer\/\",\"name\":\"5 Inch Plant Saucer - Ronbo Sunrise Pots &amp; Planters\",\"isPartOf\":{\"@id\":\"https:\/\/www.ronboplastic.com\/#website\"},\"primaryImageOfPage\":{\"@id\":\"https:\/\/www.ronboplastic.com\/products\/5-inch-plant-saucer\/#primaryimage\"},\"image\":{\"@id\":\"https:\/\/www.ronboplastic.com\/products\/5-inch-plant-saucer\/#primaryimage\"},\"thumbnailUrl\":\"https:\/\/www.ronboplastic.com\/wp-content\/uploads\/2025\/09\/55.png\",\"datePublished\":\"2024-09-26T23:00:22+00:00\",\"dateModified\":\"2025-09-08T06:18:39+00:00\",\"breadcrumb\":{\"@id\":\"https:\/\/www.ronboplastic.com\/products\/5-inch-plant-saucer\/#breadcrumb\"},\"inLanguage\":\"pt-PT\",\"potentialAction\":[{\"@type\":\"ReadAction\",\"target\":[\"https:\/\/www.ronboplastic.com\/products\/5-inch-plant-saucer\/\"]}]},{\"@type\":\"ImageObject\",\"inLanguage\":\"pt-PT\",\"@id\":\"https:\/\/www.ronboplastic.com\/products\/5-inch-plant-saucer\/#primaryimage\",\"url\":\"https:\/\/www.ronboplastic.com\/wp-content\/uploads\/2025\/09\/55.png\",\"contentUrl\":\"https:\/\/www.ronboplastic.com\/wp-content\/uploads\/2025\/09\/55.png\",\"width\":730,\"height\":730,\"caption\":\"plant pots saucer\"},{\"@type\":\"BreadcrumbList\",\"@id\":\"https:\/\/www.ronboplastic.com\/products\/5-inch-plant-saucer\/#breadcrumb\",\"itemListElement\":[{\"@type\":\"ListItem\",\"position\":1,\"name\":\"\u9996\u9875\",\"item\":\"https:\/\/www.ronboplastic.com\/\"},{\"@type\":\"ListItem\",\"position\":2,\"name\":\"Products\",\"item\":\"http:\/\/www.ronboplastic.com\/products\/\"},{\"@type\":\"ListItem\",\"position\":3,\"name\":\"5 Inch Plant Saucer\"}]},{\"@type\":\"WebSite\",\"@id\":\"https:\/\/www.ronboplastic.com\/#website\",\"url\":\"https:\/\/www.ronboplastic.com\/\",\"name\":\"Ronbo Sunrise Pots &amp; Planters\",\"description\":\"Flower Pots &amp; Planters\",\"potentialAction\":[{\"@type\":\"SearchAction\",\"target\":{\"@type\":\"EntryPoint\",\"urlTemplate\":\"https:\/\/www.ronboplastic.com\/?s={search_term_string}\"},\"query-input\":{\"@type\":\"PropertyValueSpecification\",\"valueRequired\":true,\"valueName\":\"search_term_string\"}}],\"inLanguage\":\"pt-PT\"}]}<\/script>\n<!-- \/ Yoast SEO plugin. -->","yoast_head_json":{"title":"5 Inch Plant Saucer - Ronbo Sunrise Pots &amp; Planters","robots":{"index":"index","follow":"follow","max-snippet":"max-snippet:-1","max-image-preview":"max-image-preview:large","max-video-preview":"max-video-preview:-1"},"canonical":"https:\/\/www.ronboplastic.com\/pt\/produtos\/pires-para-plantas-de-5-polegadas\/","og_locale":"pt_PT","og_type":"article","og_title":"5 Inch Plant Saucer - Ronbo Sunrise Pots &amp; Planters","og_description":"We are a factory with nearly 20 years of production experience in China, we have been focusing on the production of plastic flower pots, and we are the first batch of factories in China to start making gallon pots. plant saucers are also our best-selling products, many wholesalers and Amazon's e-commerce customers have been buying from us. Not only bring profits to them, but also let many end customers grow more and more beautiful flowers with our chassis. Our models have been from D13 to D52, with a total of 12 sizes of products, with lower diameters ranging from 10 cm to 43 cm. The product D13 can be used to match flowerpots with diameter less than 10 at the bottom.","og_url":"https:\/\/www.ronboplastic.com\/pt\/produtos\/pires-para-plantas-de-5-polegadas\/","og_site_name":"Ronbo Sunrise Pots &amp; Planters","article_modified_time":"2025-09-08T06:18:39+00:00","og_image":[{"width":730,"height":730,"url":"https:\/\/www.ronboplastic.com\/wp-content\/uploads\/2025\/09\/55.png","type":"image\/png"}],"twitter_card":"summary_large_image","twitter_misc":{"Tempo estimado de leitura":"1 minuto"},"schema":{"@context":"https:\/\/schema.org","@graph":[{"@type":"WebPage","@id":"https:\/\/www.ronboplastic.com\/products\/5-inch-plant-saucer\/","url":"https:\/\/www.ronboplastic.com\/products\/5-inch-plant-saucer\/","name":"5 Inch Plant Saucer - Ronbo Sunrise Pots &amp; Planters","isPartOf":{"@id":"https:\/\/www.ronboplastic.com\/#website"},"primaryImageOfPage":{"@id":"https:\/\/www.ronboplastic.com\/products\/5-inch-plant-saucer\/#primaryimage"},"image":{"@id":"https:\/\/www.ronboplastic.com\/products\/5-inch-plant-saucer\/#primaryimage"},"thumbnailUrl":"https:\/\/www.ronboplastic.com\/wp-content\/uploads\/2025\/09\/55.png","datePublished":"2024-09-26T23:00:22+00:00","dateModified":"2025-09-08T06:18:39+00:00","breadcrumb":{"@id":"https:\/\/www.ronboplastic.com\/products\/5-inch-plant-saucer\/#breadcrumb"},"inLanguage":"pt-PT","potentialAction":[{"@type":"ReadAction","target":["https:\/\/www.ronboplastic.com\/products\/5-inch-plant-saucer\/"]}]},{"@type":"ImageObject","inLanguage":"pt-PT","@id":"https:\/\/www.ronboplastic.com\/products\/5-inch-plant-saucer\/#primaryimage","url":"https:\/\/www.ronboplastic.com\/wp-content\/uploads\/2025\/09\/55.png","contentUrl":"https:\/\/www.ronboplastic.com\/wp-content\/uploads\/2025\/09\/55.png","width":730,"height":730,"caption":"plant pots saucer"},{"@type":"BreadcrumbList","@id":"https:\/\/www.ronboplastic.com\/products\/5-inch-plant-saucer\/#breadcrumb","itemListElement":[{"@type":"ListItem","position":1,"name":"\u9996\u9875","item":"https:\/\/www.ronboplastic.com\/"},{"@type":"ListItem","position":2,"name":"Products","item":"http:\/\/www.ronboplastic.com\/products\/"},{"@type":"ListItem","position":3,"name":"5 Inch Plant Saucer"}]},{"@type":"WebSite","@id":"https:\/\/www.ronboplastic.com\/#website","url":"https:\/\/www.ronboplastic.com\/","name":"Ronbo Sunrise Pots &amp; Planters","description":"Vasos de flores e jardineiras","potentialAction":[{"@type":"SearchAction","target":{"@type":"EntryPoint","urlTemplate":"https:\/\/www.ronboplastic.com\/?s={search_term_string}"},"query-input":{"@type":"PropertyValueSpecification","valueRequired":true,"valueName":"search_term_string"}}],"inLanguage":"pt-PT"}]}},"_links":{"self":[{"href":"https:\/\/www.ronboplastic.com\/pt\/wp-json\/wp\/v2\/product\/9157","targetHints":{"allow":["GET"]}}],"collection":[{"href":"https:\/\/www.ronboplastic.com\/pt\/wp-json\/wp\/v2\/product"}],"about":[{"href":"https:\/\/www.ronboplastic.com\/pt\/wp-json\/wp\/v2\/types\/product"}],"replies":[{"embeddable":true,"href":"https:\/\/www.ronboplastic.com\/pt\/wp-json\/wp\/v2\/comments?post=9157"}],"wp:featuredmedia":[{"embeddable":true,"href":"https:\/\/www.ronboplastic.com\/pt\/wp-json\/wp\/v2\/media\/9131"}],"wp:attachment":[{"href":"https:\/\/www.ronboplastic.com\/pt\/wp-json\/wp\/v2\/media?parent=9157"}],"wp:term":[{"taxonomy":"product_brand","embeddable":true,"href":"https:\/\/www.ronboplastic.com\/pt\/wp-json\/wp\/v2\/product_brand?post=9157"},{"taxonomy":"product_cat","embeddable":true,"href":"https:\/\/www.ronboplastic.com\/pt\/wp-json\/wp\/v2\/product_cat?post=9157"},{"taxonomy":"product_tag","embeddable":true,"href":"https:\/\/www.ronboplastic.com\/pt\/wp-json\/wp\/v2\/product_tag?post=9157"}],"curies":[{"name":"wp","href":"https:\/\/api.w.org\/{rel}","templated":true}]}}