{"id":9148,"date":"2024-09-27T06:54:30","date_gmt":"2024-09-26T22:54:30","guid":{"rendered":"https:\/\/www.ronboplastic.com\/index.php\/product\/6-inch-plant-saucer\/"},"modified":"2025-09-08T14:18:34","modified_gmt":"2025-09-08T06:18:34","slug":"pires-para-plantas-de-6-polegadas","status":"publish","type":"product","link":"https:\/\/www.ronboplastic.com\/pt\/produtos\/pires-para-plantas-de-6-polegadas\/","title":{"rendered":"Pires para plantas de 6 polegadas"},"content":{"rendered":"<p>O tamanho do pires para plantas de 6 polegadas \u00e9 de 6 polegadas no di\u00e2metro superior, 4,7 polegadas no di\u00e2metro inferior e 0,5 polegadas na altura. O Plant Saucer pode colocar POTES com um di\u00e2metro inferior a 4,7 polegadas no fundo, para que, quando os vasos forem regados, n\u00e3o deixem \u00e1gua no ch\u00e3o ou no quintal. Afinal de contas, os recursos de \u00e1gua doce s\u00e3o limitados na terra em que vivemos.  Com este vaso, pode manter as suas \u00e1reas de flores limpas, evitar que as suas plantas apodre\u00e7am, reter a humidade e a respira\u00e7\u00e3o, poupar dinheiro e proteger o ambiente em que todos vivemos.<\/p>\n<p><img loading=\"lazy\" decoding=\"async\" title=\"Pires para plantas de 6 polegadas\" src=\"https:\/\/www.ronboplastic.com\/wp-content\/uploads\/2025\/09\/20220704113452bb14208d153a4ec3af57bed8ed31d858.jpg\" alt=\"Pires para plantas de 6 polegadas\" width=\"800\" height=\"772\" \/><\/p>\n<p><strong>Especifica\u00e7\u00f5es<\/strong><\/p>\n<section class=\"table-wrap\">\n<table class=\"table\" border=\"1\" width=\"100%\" cellspacing=\"0\" cellpadding=\"0\">\n<tbody>\n<tr class=\"firstRow\">\n<td>N\u00famero do modelo<\/td>\n<td>D15<\/td>\n<\/tr>\n<tr>\n<td>Tipo de pl\u00e1stico<\/td>\n<td>PP<\/td>\n<\/tr>\n<tr>\n<td>Tipo<\/td>\n<td>Propaga\u00e7\u00e3o<\/td>\n<\/tr>\n<tr>\n<td>Di\u00e2metro superior<\/td>\n<td>15cm\/6polegadas<\/td>\n<\/tr>\n<tr>\n<td>Di\u00e2metro do fundo<\/td>\n<td>12cm\/4,7inch<\/td>\n<\/tr>\n<tr>\n<td>Altura<\/td>\n<td>1,5cm\/0,6inch<\/td>\n<\/tr>\n<tr>\n<td>Peso<\/td>\n<td>27g<\/td>\n<\/tr>\n<\/tbody>\n<\/table>\n<\/section>\n<p><strong>Os nossos servi\u00e7os<\/strong><\/p>\n<p><img loading=\"lazy\" decoding=\"async\" src=\"https:\/\/www.ronboplastic.com\/wp-content\/uploads\/2025\/09\/202205131612159a16ace32ec04133ae6f48e4dcaa3c85.jpg\" alt=\"Pires para plantas de 6 polegadas\" width=\"800\" height=\"207\" \/><\/p>\n<p><img loading=\"lazy\" decoding=\"async\" src=\"https:\/\/www.ronboplastic.com\/wp-content\/uploads\/2025\/09\/2022052411022769afc5a8ee884858a93ba5486be9d6b4.jpg\" alt=\"Pires para plantas de 6 polegadas\" width=\"800\" height=\"840\" \/><\/p>\n<p class=\"productsTags\">Hot Tags: Pires de planta de 6 polegadas, fornecedores, fabricantes, f\u00e1brica, atacado, para venda<\/p>","protected":false},"excerpt":{"rendered":"<p>O tamanho do pires para plantas de 6 polegadas \u00e9 de 6 polegadas no di\u00e2metro superior, 4,7 polegadas no di\u00e2metro inferior e 0,5 polegadas na altura. O Plant Saucer pode colocar POTES com um di\u00e2metro inferior a 4,7 polegadas no fundo, para que, quando os vasos forem regados, n\u00e3o deixem \u00e1gua no ch\u00e3o ou no quintal. Afinal de contas, os recursos de \u00e1gua doce s\u00e3o limitados na terra em que vivemos. Com este vaso, pode manter as suas \u00e1reas de flores limpas, evitar que as suas plantas apodre\u00e7am, reter a humidade e a respira\u00e7\u00e3o, poupar dinheiro e proteger o ambiente em que todos vivemos.<\/p>","protected":false},"featured_media":9102,"comment_status":"open","ping_status":"open","template":"","meta":[],"product_brand":[],"product_cat":[89],"product_tag":[],"class_list":{"0":"post-9148","1":"product","2":"type-product","3":"status-publish","4":"has-post-thumbnail","6":"product_cat-plant-saucer","8":"first","9":"instock","10":"shipping-taxable","11":"product-type-simple"},"yoast_head":"<!-- This site is optimized with the Yoast SEO plugin v26.1.1 - https:\/\/yoast.com\/wordpress\/plugins\/seo\/ -->\n<title>6 Inch Plant Saucer - Ronbo Sunrise Pots &amp; Planters<\/title>\n<meta name=\"robots\" content=\"index, follow, max-snippet:-1, max-image-preview:large, max-video-preview:-1\" \/>\n<link rel=\"canonical\" href=\"https:\/\/www.ronboplastic.com\/pt\/produtos\/pires-para-plantas-de-6-polegadas\/\" \/>\n<meta property=\"og:locale\" content=\"pt_PT\" \/>\n<meta property=\"og:type\" content=\"article\" \/>\n<meta property=\"og:title\" content=\"6 Inch Plant Saucer - Ronbo Sunrise Pots &amp; Planters\" \/>\n<meta property=\"og:description\" content=\"The size of 6\u00a0inch\u00a0plant\u00a0saucer is 6 inches in the top diameter, 4.7 inches in the bottom diameter and 0.5 inches in the height. The Plant Saucer can place POTS with a diameter smaller than 4.7 inches in the bottom, so that when the pots are watered, they won&#039;t leave water on your floor or in the yard. After all, fresh water resources are limited in the earth where we live. With this pot, you can keep your flower areas clean, keep your plants from rotting, retain moisture and breath, save you money, and protect the environment we all live in.\" \/>\n<meta property=\"og:url\" content=\"https:\/\/www.ronboplastic.com\/pt\/produtos\/pires-para-plantas-de-6-polegadas\/\" \/>\n<meta property=\"og:site_name\" content=\"Ronbo Sunrise Pots &amp; Planters\" \/>\n<meta property=\"article:modified_time\" content=\"2025-09-08T06:18:34+00:00\" \/>\n<meta property=\"og:image\" content=\"https:\/\/www.ronboplastic.com\/wp-content\/uploads\/2025\/09\/4.png\" \/>\n\t<meta property=\"og:image:width\" content=\"730\" \/>\n\t<meta property=\"og:image:height\" content=\"730\" \/>\n\t<meta property=\"og:image:type\" content=\"image\/png\" \/>\n<meta name=\"twitter:card\" content=\"summary_large_image\" \/>\n<meta name=\"twitter:label1\" content=\"Tempo estimado de leitura\" \/>\n\t<meta name=\"twitter:data1\" content=\"1 minuto\" \/>\n<script type=\"application\/ld+json\" class=\"yoast-schema-graph\">{\"@context\":\"https:\/\/schema.org\",\"@graph\":[{\"@type\":\"WebPage\",\"@id\":\"https:\/\/www.ronboplastic.com\/products\/6-inch-plant-saucer\/\",\"url\":\"https:\/\/www.ronboplastic.com\/products\/6-inch-plant-saucer\/\",\"name\":\"6 Inch Plant Saucer - Ronbo Sunrise Pots &amp; Planters\",\"isPartOf\":{\"@id\":\"https:\/\/www.ronboplastic.com\/#website\"},\"primaryImageOfPage\":{\"@id\":\"https:\/\/www.ronboplastic.com\/products\/6-inch-plant-saucer\/#primaryimage\"},\"image\":{\"@id\":\"https:\/\/www.ronboplastic.com\/products\/6-inch-plant-saucer\/#primaryimage\"},\"thumbnailUrl\":\"https:\/\/www.ronboplastic.com\/wp-content\/uploads\/2025\/09\/4.png\",\"datePublished\":\"2024-09-26T22:54:30+00:00\",\"dateModified\":\"2025-09-08T06:18:34+00:00\",\"breadcrumb\":{\"@id\":\"https:\/\/www.ronboplastic.com\/products\/6-inch-plant-saucer\/#breadcrumb\"},\"inLanguage\":\"pt-PT\",\"potentialAction\":[{\"@type\":\"ReadAction\",\"target\":[\"https:\/\/www.ronboplastic.com\/products\/6-inch-plant-saucer\/\"]}]},{\"@type\":\"ImageObject\",\"inLanguage\":\"pt-PT\",\"@id\":\"https:\/\/www.ronboplastic.com\/products\/6-inch-plant-saucer\/#primaryimage\",\"url\":\"https:\/\/www.ronboplastic.com\/wp-content\/uploads\/2025\/09\/4.png\",\"contentUrl\":\"https:\/\/www.ronboplastic.com\/wp-content\/uploads\/2025\/09\/4.png\",\"width\":730,\"height\":730,\"caption\":\"plant pots saucer\"},{\"@type\":\"BreadcrumbList\",\"@id\":\"https:\/\/www.ronboplastic.com\/products\/6-inch-plant-saucer\/#breadcrumb\",\"itemListElement\":[{\"@type\":\"ListItem\",\"position\":1,\"name\":\"\u9996\u9875\",\"item\":\"https:\/\/www.ronboplastic.com\/\"},{\"@type\":\"ListItem\",\"position\":2,\"name\":\"Products\",\"item\":\"http:\/\/www.ronboplastic.com\/products\/\"},{\"@type\":\"ListItem\",\"position\":3,\"name\":\"6 Inch Plant Saucer\"}]},{\"@type\":\"WebSite\",\"@id\":\"https:\/\/www.ronboplastic.com\/#website\",\"url\":\"https:\/\/www.ronboplastic.com\/\",\"name\":\"Ronbo Sunrise Pots &amp; Planters\",\"description\":\"Flower Pots &amp; Planters\",\"potentialAction\":[{\"@type\":\"SearchAction\",\"target\":{\"@type\":\"EntryPoint\",\"urlTemplate\":\"https:\/\/www.ronboplastic.com\/?s={search_term_string}\"},\"query-input\":{\"@type\":\"PropertyValueSpecification\",\"valueRequired\":true,\"valueName\":\"search_term_string\"}}],\"inLanguage\":\"pt-PT\"}]}<\/script>\n<!-- \/ Yoast SEO plugin. -->","yoast_head_json":{"title":"6 Inch Plant Saucer - Ronbo Sunrise Pots &amp; Planters","robots":{"index":"index","follow":"follow","max-snippet":"max-snippet:-1","max-image-preview":"max-image-preview:large","max-video-preview":"max-video-preview:-1"},"canonical":"https:\/\/www.ronboplastic.com\/pt\/produtos\/pires-para-plantas-de-6-polegadas\/","og_locale":"pt_PT","og_type":"article","og_title":"6 Inch Plant Saucer - Ronbo Sunrise Pots &amp; Planters","og_description":"The size of 6\u00a0inch\u00a0plant\u00a0saucer is 6 inches in the top diameter, 4.7 inches in the bottom diameter and 0.5 inches in the height. The Plant Saucer can place POTS with a diameter smaller than 4.7 inches in the bottom, so that when the pots are watered, they won't leave water on your floor or in the yard. After all, fresh water resources are limited in the earth where we live. With this pot, you can keep your flower areas clean, keep your plants from rotting, retain moisture and breath, save you money, and protect the environment we all live in.","og_url":"https:\/\/www.ronboplastic.com\/pt\/produtos\/pires-para-plantas-de-6-polegadas\/","og_site_name":"Ronbo Sunrise Pots &amp; Planters","article_modified_time":"2025-09-08T06:18:34+00:00","og_image":[{"width":730,"height":730,"url":"https:\/\/www.ronboplastic.com\/wp-content\/uploads\/2025\/09\/4.png","type":"image\/png"}],"twitter_card":"summary_large_image","twitter_misc":{"Tempo estimado de leitura":"1 minuto"},"schema":{"@context":"https:\/\/schema.org","@graph":[{"@type":"WebPage","@id":"https:\/\/www.ronboplastic.com\/products\/6-inch-plant-saucer\/","url":"https:\/\/www.ronboplastic.com\/products\/6-inch-plant-saucer\/","name":"6 Inch Plant Saucer - Ronbo Sunrise Pots &amp; Planters","isPartOf":{"@id":"https:\/\/www.ronboplastic.com\/#website"},"primaryImageOfPage":{"@id":"https:\/\/www.ronboplastic.com\/products\/6-inch-plant-saucer\/#primaryimage"},"image":{"@id":"https:\/\/www.ronboplastic.com\/products\/6-inch-plant-saucer\/#primaryimage"},"thumbnailUrl":"https:\/\/www.ronboplastic.com\/wp-content\/uploads\/2025\/09\/4.png","datePublished":"2024-09-26T22:54:30+00:00","dateModified":"2025-09-08T06:18:34+00:00","breadcrumb":{"@id":"https:\/\/www.ronboplastic.com\/products\/6-inch-plant-saucer\/#breadcrumb"},"inLanguage":"pt-PT","potentialAction":[{"@type":"ReadAction","target":["https:\/\/www.ronboplastic.com\/products\/6-inch-plant-saucer\/"]}]},{"@type":"ImageObject","inLanguage":"pt-PT","@id":"https:\/\/www.ronboplastic.com\/products\/6-inch-plant-saucer\/#primaryimage","url":"https:\/\/www.ronboplastic.com\/wp-content\/uploads\/2025\/09\/4.png","contentUrl":"https:\/\/www.ronboplastic.com\/wp-content\/uploads\/2025\/09\/4.png","width":730,"height":730,"caption":"plant pots saucer"},{"@type":"BreadcrumbList","@id":"https:\/\/www.ronboplastic.com\/products\/6-inch-plant-saucer\/#breadcrumb","itemListElement":[{"@type":"ListItem","position":1,"name":"\u9996\u9875","item":"https:\/\/www.ronboplastic.com\/"},{"@type":"ListItem","position":2,"name":"Products","item":"http:\/\/www.ronboplastic.com\/products\/"},{"@type":"ListItem","position":3,"name":"6 Inch Plant Saucer"}]},{"@type":"WebSite","@id":"https:\/\/www.ronboplastic.com\/#website","url":"https:\/\/www.ronboplastic.com\/","name":"Ronbo Sunrise Pots &amp; Planters","description":"Vasos de flores e jardineiras","potentialAction":[{"@type":"SearchAction","target":{"@type":"EntryPoint","urlTemplate":"https:\/\/www.ronboplastic.com\/?s={search_term_string}"},"query-input":{"@type":"PropertyValueSpecification","valueRequired":true,"valueName":"search_term_string"}}],"inLanguage":"pt-PT"}]}},"_links":{"self":[{"href":"https:\/\/www.ronboplastic.com\/pt\/wp-json\/wp\/v2\/product\/9148","targetHints":{"allow":["GET"]}}],"collection":[{"href":"https:\/\/www.ronboplastic.com\/pt\/wp-json\/wp\/v2\/product"}],"about":[{"href":"https:\/\/www.ronboplastic.com\/pt\/wp-json\/wp\/v2\/types\/product"}],"replies":[{"embeddable":true,"href":"https:\/\/www.ronboplastic.com\/pt\/wp-json\/wp\/v2\/comments?post=9148"}],"wp:featuredmedia":[{"embeddable":true,"href":"https:\/\/www.ronboplastic.com\/pt\/wp-json\/wp\/v2\/media\/9102"}],"wp:attachment":[{"href":"https:\/\/www.ronboplastic.com\/pt\/wp-json\/wp\/v2\/media?parent=9148"}],"wp:term":[{"taxonomy":"product_brand","embeddable":true,"href":"https:\/\/www.ronboplastic.com\/pt\/wp-json\/wp\/v2\/product_brand?post=9148"},{"taxonomy":"product_cat","embeddable":true,"href":"https:\/\/www.ronboplastic.com\/pt\/wp-json\/wp\/v2\/product_cat?post=9148"},{"taxonomy":"product_tag","embeddable":true,"href":"https:\/\/www.ronboplastic.com\/pt\/wp-json\/wp\/v2\/product_tag?post=9148"}],"curies":[{"name":"wp","href":"https:\/\/api.w.org\/{rel}","templated":true}]}}