{"id":9117,"date":"2024-09-26T06:07:54","date_gmt":"2024-09-25T22:07:54","guid":{"rendered":"https:\/\/www.ronboplastic.com\/index.php\/product\/14-inch-plant-pot-saucers\/"},"modified":"2025-09-08T14:18:16","modified_gmt":"2025-09-08T06:18:16","slug":"pires-para-vasos-de-plantas-de-14-polegadas","status":"publish","type":"product","link":"https:\/\/www.ronboplastic.com\/pt\/produto\/pires-para-vasos-de-plantas-de-14-polegadas\/","title":{"rendered":"Pires para vasos de plantas de 14 polegadas"},"content":{"rendered":"<p>14 bandeja de vaso de flores bandeja de pl\u00e1stico redonda de cer\u00e2mica multi carne chassis de planta bandeja inferior espessa bandeja inferior multicolorida bandeja de flores, bandeja espessa e dur\u00e1vel, muito mais do que a espessura da bandeja comum, espessa e anti-queda, nova resina PP, sem odor, prote\u00e7\u00e3o ambiental e durabilidade, profundo pode armazenar \u00e1gua para evitar que a \u00e1gua derrame.<\/p>\n<p><img loading=\"lazy\" decoding=\"async\" src=\"https:\/\/www.ronboplastic.com\/wp-content\/uploads\/2025\/09\/20220704115417c34cb99b8b344ca5ba5c2f5fb922ddb1.jpg\" alt=\"Pires para vasos de plantas de 14 polegadas\" width=\"800\" height=\"772\" \/><\/p>\n<p><strong>Especifica\u00e7\u00f5es<\/strong><\/p>\n<section class=\"table-wrap\">\n<table class=\"table\" border=\"1\" width=\"100%\" cellspacing=\"0\" cellpadding=\"0\">\n<tbody>\n<tr class=\"firstRow\">\n<td>N\u00famero do modelo<\/td>\n<td>D37<\/td>\n<\/tr>\n<tr>\n<td>Tipo de pl\u00e1stico<\/td>\n<td>PP<\/td>\n<\/tr>\n<tr>\n<td>Tipo<\/td>\n<td>Propaga\u00e7\u00e3o<\/td>\n<\/tr>\n<tr>\n<td>Di\u00e2metro superior<\/td>\n<td>37cm\/14,6inch<\/td>\n<\/tr>\n<tr>\n<td>Di\u00e2metro do fundo<\/td>\n<td>30,3cm\/12inch<\/td>\n<\/tr>\n<tr>\n<td>Altura<\/td>\n<td>4,5 cm\/2 polegadas<\/td>\n<\/tr>\n<tr>\n<td>Peso<\/td>\n<td>167g<\/td>\n<\/tr>\n<\/tbody>\n<\/table>\n<\/section>\n<p><strong>Os nossos servi\u00e7os<\/strong><\/p>\n<p><img loading=\"lazy\" decoding=\"async\" src=\"https:\/\/www.ronboplastic.com\/wp-content\/uploads\/2025\/09\/202205131612159a16ace32ec04133ae6f48e4dcaa3c85.jpg\" alt=\"Pires para vasos de plantas de 14 polegadas\" width=\"800\" height=\"207\" \/><\/p>\n<p><img loading=\"lazy\" decoding=\"async\" src=\"https:\/\/www.ronboplastic.com\/wp-content\/uploads\/2025\/09\/2022052411022769afc5a8ee884858a93ba5486be9d6b4.jpg\" alt=\"Pires para vasos de plantas de 14 polegadas\" width=\"800\" height=\"840\" \/><\/p>\n<p class=\"productsTags\">Hot Tags: Pires de vaso de planta de 14 polegadas, fornecedores, fabricantes, f\u00e1brica, atacado, para venda<\/p>","protected":false},"excerpt":{"rendered":"<p>14 bandeja de vaso de flores bandeja de pl\u00e1stico redonda de cer\u00e2mica multi carne chassis de planta bandeja inferior espessa bandeja inferior multicolorida bandeja de flores, bandeja espessa e dur\u00e1vel, muito mais do que a espessura da bandeja comum, espessa e anti-queda, nova resina PP, sem odor, prote\u00e7\u00e3o ambiental e durabilidade, profundo pode armazenar \u00e1gua para evitar que a \u00e1gua derrame.<\/p>","protected":false},"featured_media":9120,"comment_status":"open","ping_status":"open","template":"","meta":[],"product_brand":[],"product_cat":[89],"product_tag":[],"class_list":{"0":"post-9117","1":"product","2":"type-product","3":"status-publish","4":"has-post-thumbnail","6":"product_cat-plant-saucer","8":"first","9":"instock","10":"shipping-taxable","11":"product-type-simple"},"yoast_head":"<!-- This site is optimized with the Yoast SEO plugin v26.1.1 - https:\/\/yoast.com\/wordpress\/plugins\/seo\/ -->\n<title>14 Inch Plant Pot Saucers - Ronbo Sunrise Pots &amp; Planters<\/title>\n<meta name=\"robots\" content=\"index, follow, max-snippet:-1, max-image-preview:large, max-video-preview:-1\" \/>\n<link rel=\"canonical\" href=\"https:\/\/www.ronboplastic.com\/pt\/produto\/pires-para-vasos-de-plantas-de-14-polegadas\/\" \/>\n<meta property=\"og:locale\" content=\"pt_PT\" \/>\n<meta property=\"og:type\" content=\"article\" \/>\n<meta property=\"og:title\" content=\"14 Inch Plant Pot Saucers - Ronbo Sunrise Pots &amp; Planters\" \/>\n<meta property=\"og:description\" content=\"14 flowerpot tray plastic round ceramic multi meat plant chassis thickened bottom tray multi-color bottom tray flower tray, thickened and durable tray, far more than the thickness of ordinary tray, thick and anti fall, new PP resin, no odor, environmental protection and durability, deep can store water to prevent water from spilling.\" \/>\n<meta property=\"og:url\" content=\"https:\/\/www.ronboplastic.com\/pt\/produto\/pires-para-vasos-de-plantas-de-14-polegadas\/\" \/>\n<meta property=\"og:site_name\" content=\"Ronbo Sunrise Pots &amp; Planters\" \/>\n<meta property=\"article:modified_time\" content=\"2025-09-08T06:18:16+00:00\" \/>\n<meta property=\"og:image\" content=\"https:\/\/www.ronboplastic.com\/wp-content\/uploads\/2025\/09\/444-1-1.png\" \/>\n\t<meta property=\"og:image:width\" content=\"730\" \/>\n\t<meta property=\"og:image:height\" content=\"730\" \/>\n\t<meta property=\"og:image:type\" content=\"image\/png\" \/>\n<meta name=\"twitter:card\" content=\"summary_large_image\" \/>\n<script type=\"application\/ld+json\" class=\"yoast-schema-graph\">{\"@context\":\"https:\/\/schema.org\",\"@graph\":[{\"@type\":\"WebPage\",\"@id\":\"https:\/\/www.ronboplastic.com\/fr\/produit\/soucoupes-pour-pots-de-plantes-de-14-pouces\/\",\"url\":\"https:\/\/www.ronboplastic.com\/fr\/produit\/soucoupes-pour-pots-de-plantes-de-14-pouces\/\",\"name\":\"14 Inch Plant Pot Saucers - Ronbo Sunrise Pots &amp; Planters\",\"isPartOf\":{\"@id\":\"https:\/\/www.ronboplastic.com\/#website\"},\"primaryImageOfPage\":{\"@id\":\"https:\/\/www.ronboplastic.com\/fr\/produit\/soucoupes-pour-pots-de-plantes-de-14-pouces\/#primaryimage\"},\"image\":{\"@id\":\"https:\/\/www.ronboplastic.com\/fr\/produit\/soucoupes-pour-pots-de-plantes-de-14-pouces\/#primaryimage\"},\"thumbnailUrl\":\"https:\/\/www.ronboplastic.com\/wp-content\/uploads\/2025\/09\/444-1-1.png\",\"datePublished\":\"2024-09-25T22:07:54+00:00\",\"dateModified\":\"2025-09-08T06:18:16+00:00\",\"breadcrumb\":{\"@id\":\"https:\/\/www.ronboplastic.com\/fr\/produit\/soucoupes-pour-pots-de-plantes-de-14-pouces\/#breadcrumb\"},\"inLanguage\":\"pt-PT\",\"potentialAction\":[{\"@type\":\"ReadAction\",\"target\":[\"https:\/\/www.ronboplastic.com\/fr\/produit\/soucoupes-pour-pots-de-plantes-de-14-pouces\/\"]}]},{\"@type\":\"ImageObject\",\"inLanguage\":\"pt-PT\",\"@id\":\"https:\/\/www.ronboplastic.com\/fr\/produit\/soucoupes-pour-pots-de-plantes-de-14-pouces\/#primaryimage\",\"url\":\"https:\/\/www.ronboplastic.com\/wp-content\/uploads\/2025\/09\/444-1-1.png\",\"contentUrl\":\"https:\/\/www.ronboplastic.com\/wp-content\/uploads\/2025\/09\/444-1-1.png\",\"width\":730,\"height\":730,\"caption\":\"plant pots saucer\"},{\"@type\":\"BreadcrumbList\",\"@id\":\"https:\/\/www.ronboplastic.com\/fr\/produit\/soucoupes-pour-pots-de-plantes-de-14-pouces\/#breadcrumb\",\"itemListElement\":[{\"@type\":\"ListItem\",\"position\":1,\"name\":\"\u9996\u9875\",\"item\":\"https:\/\/www.ronboplastic.com\/\"},{\"@type\":\"ListItem\",\"position\":2,\"name\":\"Products\",\"item\":\"http:\/\/www.ronboplastic.com\/products\/\"},{\"@type\":\"ListItem\",\"position\":3,\"name\":\"14 Inch Plant Pot Saucers\"}]},{\"@type\":\"WebSite\",\"@id\":\"https:\/\/www.ronboplastic.com\/#website\",\"url\":\"https:\/\/www.ronboplastic.com\/\",\"name\":\"Ronbo Sunrise Pots &amp; Planters\",\"description\":\"Flower Pots &amp; Planters\",\"potentialAction\":[{\"@type\":\"SearchAction\",\"target\":{\"@type\":\"EntryPoint\",\"urlTemplate\":\"https:\/\/www.ronboplastic.com\/?s={search_term_string}\"},\"query-input\":{\"@type\":\"PropertyValueSpecification\",\"valueRequired\":true,\"valueName\":\"search_term_string\"}}],\"inLanguage\":\"pt-PT\"}]}<\/script>\n<!-- \/ Yoast SEO plugin. -->","yoast_head_json":{"title":"14 Inch Plant Pot Saucers - Ronbo Sunrise Pots &amp; Planters","robots":{"index":"index","follow":"follow","max-snippet":"max-snippet:-1","max-image-preview":"max-image-preview:large","max-video-preview":"max-video-preview:-1"},"canonical":"https:\/\/www.ronboplastic.com\/pt\/produto\/pires-para-vasos-de-plantas-de-14-polegadas\/","og_locale":"pt_PT","og_type":"article","og_title":"14 Inch Plant Pot Saucers - Ronbo Sunrise Pots &amp; Planters","og_description":"14 flowerpot tray plastic round ceramic multi meat plant chassis thickened bottom tray multi-color bottom tray flower tray, thickened and durable tray, far more than the thickness of ordinary tray, thick and anti fall, new PP resin, no odor, environmental protection and durability, deep can store water to prevent water from spilling.","og_url":"https:\/\/www.ronboplastic.com\/pt\/produto\/pires-para-vasos-de-plantas-de-14-polegadas\/","og_site_name":"Ronbo Sunrise Pots &amp; Planters","article_modified_time":"2025-09-08T06:18:16+00:00","og_image":[{"width":730,"height":730,"url":"https:\/\/www.ronboplastic.com\/wp-content\/uploads\/2025\/09\/444-1-1.png","type":"image\/png"}],"twitter_card":"summary_large_image","schema":{"@context":"https:\/\/schema.org","@graph":[{"@type":"WebPage","@id":"https:\/\/www.ronboplastic.com\/fr\/produit\/soucoupes-pour-pots-de-plantes-de-14-pouces\/","url":"https:\/\/www.ronboplastic.com\/fr\/produit\/soucoupes-pour-pots-de-plantes-de-14-pouces\/","name":"14 Inch Plant Pot Saucers - Ronbo Sunrise Pots &amp; Planters","isPartOf":{"@id":"https:\/\/www.ronboplastic.com\/#website"},"primaryImageOfPage":{"@id":"https:\/\/www.ronboplastic.com\/fr\/produit\/soucoupes-pour-pots-de-plantes-de-14-pouces\/#primaryimage"},"image":{"@id":"https:\/\/www.ronboplastic.com\/fr\/produit\/soucoupes-pour-pots-de-plantes-de-14-pouces\/#primaryimage"},"thumbnailUrl":"https:\/\/www.ronboplastic.com\/wp-content\/uploads\/2025\/09\/444-1-1.png","datePublished":"2024-09-25T22:07:54+00:00","dateModified":"2025-09-08T06:18:16+00:00","breadcrumb":{"@id":"https:\/\/www.ronboplastic.com\/fr\/produit\/soucoupes-pour-pots-de-plantes-de-14-pouces\/#breadcrumb"},"inLanguage":"pt-PT","potentialAction":[{"@type":"ReadAction","target":["https:\/\/www.ronboplastic.com\/fr\/produit\/soucoupes-pour-pots-de-plantes-de-14-pouces\/"]}]},{"@type":"ImageObject","inLanguage":"pt-PT","@id":"https:\/\/www.ronboplastic.com\/fr\/produit\/soucoupes-pour-pots-de-plantes-de-14-pouces\/#primaryimage","url":"https:\/\/www.ronboplastic.com\/wp-content\/uploads\/2025\/09\/444-1-1.png","contentUrl":"https:\/\/www.ronboplastic.com\/wp-content\/uploads\/2025\/09\/444-1-1.png","width":730,"height":730,"caption":"plant pots saucer"},{"@type":"BreadcrumbList","@id":"https:\/\/www.ronboplastic.com\/fr\/produit\/soucoupes-pour-pots-de-plantes-de-14-pouces\/#breadcrumb","itemListElement":[{"@type":"ListItem","position":1,"name":"\u9996\u9875","item":"https:\/\/www.ronboplastic.com\/"},{"@type":"ListItem","position":2,"name":"Products","item":"http:\/\/www.ronboplastic.com\/products\/"},{"@type":"ListItem","position":3,"name":"14 Inch Plant Pot Saucers"}]},{"@type":"WebSite","@id":"https:\/\/www.ronboplastic.com\/#website","url":"https:\/\/www.ronboplastic.com\/","name":"Ronbo Sunrise Pots &amp; Planters","description":"Vasos de flores e jardineiras","potentialAction":[{"@type":"SearchAction","target":{"@type":"EntryPoint","urlTemplate":"https:\/\/www.ronboplastic.com\/?s={search_term_string}"},"query-input":{"@type":"PropertyValueSpecification","valueRequired":true,"valueName":"search_term_string"}}],"inLanguage":"pt-PT"}]}},"_links":{"self":[{"href":"https:\/\/www.ronboplastic.com\/pt\/wp-json\/wp\/v2\/product\/9117","targetHints":{"allow":["GET"]}}],"collection":[{"href":"https:\/\/www.ronboplastic.com\/pt\/wp-json\/wp\/v2\/product"}],"about":[{"href":"https:\/\/www.ronboplastic.com\/pt\/wp-json\/wp\/v2\/types\/product"}],"replies":[{"embeddable":true,"href":"https:\/\/www.ronboplastic.com\/pt\/wp-json\/wp\/v2\/comments?post=9117"}],"wp:featuredmedia":[{"embeddable":true,"href":"https:\/\/www.ronboplastic.com\/pt\/wp-json\/wp\/v2\/media\/9120"}],"wp:attachment":[{"href":"https:\/\/www.ronboplastic.com\/pt\/wp-json\/wp\/v2\/media?parent=9117"}],"wp:term":[{"taxonomy":"product_brand","embeddable":true,"href":"https:\/\/www.ronboplastic.com\/pt\/wp-json\/wp\/v2\/product_brand?post=9117"},{"taxonomy":"product_cat","embeddable":true,"href":"https:\/\/www.ronboplastic.com\/pt\/wp-json\/wp\/v2\/product_cat?post=9117"},{"taxonomy":"product_tag","embeddable":true,"href":"https:\/\/www.ronboplastic.com\/pt\/wp-json\/wp\/v2\/product_tag?post=9117"}],"curies":[{"name":"wp","href":"https:\/\/api.w.org\/{rel}","templated":true}]}}