{"id":9085,"date":"2024-09-24T07:48:16","date_gmt":"2024-09-23T23:48:16","guid":{"rendered":"https:\/\/www.ronboplastic.com\/index.php\/product\/8-inch-square-plant-saucer\/"},"modified":"2026-05-09T02:02:23","modified_gmt":"2026-05-09T09:02:23","slug":"pires-para-plantas-quadrado-de-8-polegadas","status":"publish","type":"product","link":"https:\/\/www.ronboplastic.com\/pt\/produto\/pires-para-plantas-quadrado-de-8-polegadas\/","title":{"rendered":"Pires para plantas quadrado de 8 polegadas"},"content":{"rendered":"<p>Pires de planta quadrada de 8 polegadas, o comprimento superior \u00e9 de 7,9 polegadas (20 cm), o comprimento inferior \u00e9 de 6,9 polegadas (17,5 cm) e a altura \u00e9 de 0,99 polegadas (2,5 cm). Ele pode ser usado com nosso pote quadrado de 3 gal\u00f5es, eles s\u00e3o o melhor parceiro.  \u00c9 muito resistente.<\/p>\n<p><img loading=\"lazy\" decoding=\"async\" src=\"https:\/\/www.ronboplastic.com\/wp-content\/uploads\/2025\/09\/20220525175447bd34c35cf6584990be61bca2702c8149.jpg\" alt=\"Pires para plantas quadrado de 8 polegadas\" width=\"800\" height=\"1220\" \/><\/p>\n<p><strong>Especifica\u00e7\u00f5es<\/strong><\/p>\n<section class=\"table-wrap\">\n<table class=\"table\" border=\"1\" width=\"100%\" cellspacing=\"0\" cellpadding=\"0\">\n<tbody>\n<tr class=\"firstRow\">\n<td>N\u00famero do modelo<\/td>\n<td>RB-DS003<\/td>\n<\/tr>\n<tr>\n<td>Tipo de pl\u00e1stico<\/td>\n<td>PP<\/td>\n<\/tr>\n<tr>\n<td>Tipo<\/td>\n<td>Propaga\u00e7\u00e3o<\/td>\n<\/tr>\n<tr>\n<td>Di\u00e2metro superior<\/td>\n<td>20cm\/7,9polegadas<\/td>\n<\/tr>\n<tr>\n<td>Di\u00e2metro do fundo<\/td>\n<td>2,5cm\/0,99inch<\/td>\n<\/tr>\n<tr>\n<td>Altura<\/td>\n<td>17,5 cm\/6,9 polegadas<\/td>\n<\/tr>\n<tr>\n<td>Peso<\/td>\n<td>43g<\/td>\n<\/tr>\n<\/tbody>\n<\/table>\n<\/section>\n<p><strong>Os nossos servi\u00e7os<\/strong><\/p>\n<p><img loading=\"lazy\" decoding=\"async\" src=\"https:\/\/www.ronboplastic.com\/wp-content\/uploads\/2025\/09\/202205131612159a16ace32ec04133ae6f48e4dcaa3c85.jpg\" alt=\"Pires para plantas quadrado de 8 polegadas\" width=\"800\" height=\"207\" \/><\/p>\n<p><img loading=\"lazy\" decoding=\"async\" src=\"https:\/\/www.ronboplastic.com\/wp-content\/uploads\/2025\/09\/2022052411022769afc5a8ee884858a93ba5486be9d6b4.jpg\" alt=\"Pires para plantas quadrado de 8 polegadas\" width=\"800\" height=\"840\" \/><\/p>\n<p class=\"productsTags\">Hot Tags: Pires de planta quadrada de 8 polegadas, fornecedores, fabricantes, f\u00e1brica, atacado, para venda<\/p>","protected":false},"excerpt":{"rendered":"<p>Pires de planta quadrada de 8 polegadas, o comprimento superior \u00e9 de 7,9 polegadas (20 cm), o comprimento inferior \u00e9 de 6,9 polegadas (17,5 cm) e a altura \u00e9 de 0,99 polegadas (2,5 cm). Ele pode ser usado com nosso pote quadrado de 3 gal\u00f5es, eles s\u00e3o o melhor parceiro. \u00c9 muito resistente.<\/p>","protected":false},"featured_media":9062,"comment_status":"open","ping_status":"open","template":"","meta":[],"product_brand":[],"product_cat":[146],"product_tag":[90],"class_list":{"0":"post-9085","1":"product","2":"type-product","3":"status-publish","4":"has-post-thumbnail","6":"product_cat-saucers","7":"product_tag-plant-saucer","9":"first","10":"instock","11":"shipping-taxable","12":"product-type-simple"},"yoast_head":"<!-- This site is optimized with the Yoast SEO plugin v26.1.1 - https:\/\/yoast.com\/wordpress\/plugins\/seo\/ -->\n<title>8 Inch Square Plant Saucer - Ronbo Sunrise Pots &amp; Planters<\/title>\n<meta name=\"robots\" content=\"index, follow, max-snippet:-1, max-image-preview:large, max-video-preview:-1\" \/>\n<link rel=\"canonical\" href=\"https:\/\/www.ronboplastic.com\/pt\/produto\/pires-para-plantas-quadrado-de-8-polegadas\/\" \/>\n<meta property=\"og:locale\" content=\"pt_PT\" \/>\n<meta property=\"og:type\" content=\"article\" \/>\n<meta property=\"og:title\" content=\"8 Inch Square Plant Saucer - Ronbo Sunrise Pots &amp; Planters\" \/>\n<meta property=\"og:description\" content=\"8\u00a0inch\u00a0square\u00a0plant\u00a0saucer , Top Length is 7.9 inches\uff0820cm), bottom length is 6.9 inches(17.5cm) and height is 0.99inches(2.5cm). It can be used with our square 3 gallon pot, they are the best partner . It&#039;s very resilient.\" \/>\n<meta property=\"og:url\" content=\"https:\/\/www.ronboplastic.com\/pt\/produto\/pires-para-plantas-quadrado-de-8-polegadas\/\" \/>\n<meta property=\"og:site_name\" content=\"Ronbo Sunrise Pots &amp; Planters\" \/>\n<meta property=\"article:modified_time\" content=\"2026-05-09T09:02:23+00:00\" \/>\n<meta property=\"og:image\" content=\"https:\/\/www.ronboplastic.com\/wp-content\/uploads\/2025\/09\/4-7.jpg\" \/>\n\t<meta property=\"og:image:width\" content=\"800\" \/>\n\t<meta property=\"og:image:height\" content=\"800\" \/>\n\t<meta property=\"og:image:type\" content=\"image\/jpeg\" \/>\n<meta name=\"twitter:card\" content=\"summary_large_image\" \/>\n<script type=\"application\/ld+json\" class=\"yoast-schema-graph\">{\"@context\":\"https:\/\/schema.org\",\"@graph\":[{\"@type\":\"WebPage\",\"@id\":\"https:\/\/www.ronboplastic.com\/product\/8-inch-square-plant-saucer\/\",\"url\":\"https:\/\/www.ronboplastic.com\/product\/8-inch-square-plant-saucer\/\",\"name\":\"8 Inch Square Plant Saucer - Ronbo Sunrise Pots &amp; Planters\",\"isPartOf\":{\"@id\":\"https:\/\/www.ronboplastic.com\/#website\"},\"primaryImageOfPage\":{\"@id\":\"https:\/\/www.ronboplastic.com\/product\/8-inch-square-plant-saucer\/#primaryimage\"},\"image\":{\"@id\":\"https:\/\/www.ronboplastic.com\/product\/8-inch-square-plant-saucer\/#primaryimage\"},\"thumbnailUrl\":\"https:\/\/www.ronboplastic.com\/wp-content\/uploads\/2025\/09\/4-7.jpg\",\"datePublished\":\"2024-09-23T23:48:16+00:00\",\"dateModified\":\"2026-05-09T09:02:23+00:00\",\"breadcrumb\":{\"@id\":\"https:\/\/www.ronboplastic.com\/product\/8-inch-square-plant-saucer\/#breadcrumb\"},\"inLanguage\":\"pt-PT\",\"potentialAction\":[{\"@type\":\"ReadAction\",\"target\":[\"https:\/\/www.ronboplastic.com\/product\/8-inch-square-plant-saucer\/\"]}]},{\"@type\":\"ImageObject\",\"inLanguage\":\"pt-PT\",\"@id\":\"https:\/\/www.ronboplastic.com\/product\/8-inch-square-plant-saucer\/#primaryimage\",\"url\":\"https:\/\/www.ronboplastic.com\/wp-content\/uploads\/2025\/09\/4-7.jpg\",\"contentUrl\":\"https:\/\/www.ronboplastic.com\/wp-content\/uploads\/2025\/09\/4-7.jpg\",\"width\":800,\"height\":800,\"caption\":\"plant pots saucer\"},{\"@type\":\"BreadcrumbList\",\"@id\":\"https:\/\/www.ronboplastic.com\/product\/8-inch-square-plant-saucer\/#breadcrumb\",\"itemListElement\":[{\"@type\":\"ListItem\",\"position\":1,\"name\":\"\u9996\u9875\",\"item\":\"https:\/\/www.ronboplastic.com\/\"},{\"@type\":\"ListItem\",\"position\":2,\"name\":\"Products\",\"item\":\"http:\/\/www.ronboplastic.com\/products\/\"},{\"@type\":\"ListItem\",\"position\":3,\"name\":\"8 Inch Square Plant Saucer\"}]},{\"@type\":\"WebSite\",\"@id\":\"https:\/\/www.ronboplastic.com\/#website\",\"url\":\"https:\/\/www.ronboplastic.com\/\",\"name\":\"Ronbo Sunrise Pots &amp; Planters\",\"description\":\"Flower Pots &amp; Planters\",\"potentialAction\":[{\"@type\":\"SearchAction\",\"target\":{\"@type\":\"EntryPoint\",\"urlTemplate\":\"https:\/\/www.ronboplastic.com\/?s={search_term_string}\"},\"query-input\":{\"@type\":\"PropertyValueSpecification\",\"valueRequired\":true,\"valueName\":\"search_term_string\"}}],\"inLanguage\":\"pt-PT\"}]}<\/script>\n<!-- \/ Yoast SEO plugin. -->","yoast_head_json":{"title":"8 Inch Square Plant Saucer - Ronbo Sunrise Pots &amp; Planters","robots":{"index":"index","follow":"follow","max-snippet":"max-snippet:-1","max-image-preview":"max-image-preview:large","max-video-preview":"max-video-preview:-1"},"canonical":"https:\/\/www.ronboplastic.com\/pt\/produto\/pires-para-plantas-quadrado-de-8-polegadas\/","og_locale":"pt_PT","og_type":"article","og_title":"8 Inch Square Plant Saucer - Ronbo Sunrise Pots &amp; Planters","og_description":"8\u00a0inch\u00a0square\u00a0plant\u00a0saucer , Top Length is 7.9 inches\uff0820cm), bottom length is 6.9 inches(17.5cm) and height is 0.99inches(2.5cm). It can be used with our square 3 gallon pot, they are the best partner . It's very resilient.","og_url":"https:\/\/www.ronboplastic.com\/pt\/produto\/pires-para-plantas-quadrado-de-8-polegadas\/","og_site_name":"Ronbo Sunrise Pots &amp; Planters","article_modified_time":"2026-05-09T09:02:23+00:00","og_image":[{"width":800,"height":800,"url":"https:\/\/www.ronboplastic.com\/wp-content\/uploads\/2025\/09\/4-7.jpg","type":"image\/jpeg"}],"twitter_card":"summary_large_image","schema":{"@context":"https:\/\/schema.org","@graph":[{"@type":"WebPage","@id":"https:\/\/www.ronboplastic.com\/product\/8-inch-square-plant-saucer\/","url":"https:\/\/www.ronboplastic.com\/product\/8-inch-square-plant-saucer\/","name":"8 Inch Square Plant Saucer - Ronbo Sunrise Pots &amp; Planters","isPartOf":{"@id":"https:\/\/www.ronboplastic.com\/#website"},"primaryImageOfPage":{"@id":"https:\/\/www.ronboplastic.com\/product\/8-inch-square-plant-saucer\/#primaryimage"},"image":{"@id":"https:\/\/www.ronboplastic.com\/product\/8-inch-square-plant-saucer\/#primaryimage"},"thumbnailUrl":"https:\/\/www.ronboplastic.com\/wp-content\/uploads\/2025\/09\/4-7.jpg","datePublished":"2024-09-23T23:48:16+00:00","dateModified":"2026-05-09T09:02:23+00:00","breadcrumb":{"@id":"https:\/\/www.ronboplastic.com\/product\/8-inch-square-plant-saucer\/#breadcrumb"},"inLanguage":"pt-PT","potentialAction":[{"@type":"ReadAction","target":["https:\/\/www.ronboplastic.com\/product\/8-inch-square-plant-saucer\/"]}]},{"@type":"ImageObject","inLanguage":"pt-PT","@id":"https:\/\/www.ronboplastic.com\/product\/8-inch-square-plant-saucer\/#primaryimage","url":"https:\/\/www.ronboplastic.com\/wp-content\/uploads\/2025\/09\/4-7.jpg","contentUrl":"https:\/\/www.ronboplastic.com\/wp-content\/uploads\/2025\/09\/4-7.jpg","width":800,"height":800,"caption":"plant pots saucer"},{"@type":"BreadcrumbList","@id":"https:\/\/www.ronboplastic.com\/product\/8-inch-square-plant-saucer\/#breadcrumb","itemListElement":[{"@type":"ListItem","position":1,"name":"\u9996\u9875","item":"https:\/\/www.ronboplastic.com\/"},{"@type":"ListItem","position":2,"name":"Products","item":"http:\/\/www.ronboplastic.com\/products\/"},{"@type":"ListItem","position":3,"name":"8 Inch Square Plant Saucer"}]},{"@type":"WebSite","@id":"https:\/\/www.ronboplastic.com\/#website","url":"https:\/\/www.ronboplastic.com\/","name":"Ronbo Sunrise Pots &amp; Planters","description":"Vasos de flores e jardineiras","potentialAction":[{"@type":"SearchAction","target":{"@type":"EntryPoint","urlTemplate":"https:\/\/www.ronboplastic.com\/?s={search_term_string}"},"query-input":{"@type":"PropertyValueSpecification","valueRequired":true,"valueName":"search_term_string"}}],"inLanguage":"pt-PT"}]}},"_links":{"self":[{"href":"https:\/\/www.ronboplastic.com\/pt\/wp-json\/wp\/v2\/product\/9085","targetHints":{"allow":["GET"]}}],"collection":[{"href":"https:\/\/www.ronboplastic.com\/pt\/wp-json\/wp\/v2\/product"}],"about":[{"href":"https:\/\/www.ronboplastic.com\/pt\/wp-json\/wp\/v2\/types\/product"}],"replies":[{"embeddable":true,"href":"https:\/\/www.ronboplastic.com\/pt\/wp-json\/wp\/v2\/comments?post=9085"}],"wp:featuredmedia":[{"embeddable":true,"href":"https:\/\/www.ronboplastic.com\/pt\/wp-json\/wp\/v2\/media\/9062"}],"wp:attachment":[{"href":"https:\/\/www.ronboplastic.com\/pt\/wp-json\/wp\/v2\/media?parent=9085"}],"wp:term":[{"taxonomy":"product_brand","embeddable":true,"href":"https:\/\/www.ronboplastic.com\/pt\/wp-json\/wp\/v2\/product_brand?post=9085"},{"taxonomy":"product_cat","embeddable":true,"href":"https:\/\/www.ronboplastic.com\/pt\/wp-json\/wp\/v2\/product_cat?post=9085"},{"taxonomy":"product_tag","embeddable":true,"href":"https:\/\/www.ronboplastic.com\/pt\/wp-json\/wp\/v2\/product_tag?post=9085"}],"curies":[{"name":"wp","href":"https:\/\/api.w.org\/{rel}","templated":true}]}}