{"id":9026,"date":"2024-09-23T06:59:06","date_gmt":"2024-09-22T22:59:06","guid":{"rendered":"https:\/\/www.ronboplastic.com\/index.php\/product\/colorful-hanging-planters\/"},"modified":"2025-09-08T14:17:32","modified_gmt":"2025-09-08T06:17:32","slug":"floreiras-suspensas-coloridas","status":"publish","type":"product","link":"https:\/\/www.ronboplastic.com\/pt\/produto\/floreiras-suspensas-coloridas\/","title":{"rendered":"Vasos de plantas suspensos coloridos"},"content":{"rendered":"<p>A bacia suspensa engrossada com resina colorida adopta o novo pl\u00e1stico de resina pp, a cor \u00e9 suave e bonita, o corpo da bacia \u00e9 forte e dur\u00e1vel, e existe uma corrente met\u00e1lica de suspens\u00e3o a condizer. Com uma bacia de armazenamento de \u00e1gua, h\u00e1 uma fun\u00e7\u00e3o autom\u00e1tica de armazenamento de \u00e1gua e a sa\u00edda de \u00e1gua \u00e9 grande, o que pode efetivamente impedir que o excesso de \u00e1gua pingue no ch\u00e3o. H\u00e1 uma grelha no meio do vaso de flores, para que as ra\u00edzes da planta possam estender-se para o chassis de armazenamento de \u00e1gua no fundo para absorver \u00e1gua, e h\u00e1 orif\u00edcios de inje\u00e7\u00e3o de \u00e1gua na lateral do vaso de flores, o que \u00e9 conveniente para a inje\u00e7\u00e3o de \u00e1gua.<\/p>\n<p><img loading=\"lazy\" decoding=\"async\" src=\"https:\/\/www.ronboplastic.com\/wp-content\/uploads\/2025\/09\/2022053010031758cce6e7c1c2400b99a1f1982d9360b9.jpg\" alt=\"2022053010031758cce6e7c1c2400b99a1f1982d9360b9\" width=\"800\" height=\"939\" \/><\/p>\n<p><img loading=\"lazy\" decoding=\"async\" src=\"https:\/\/www.ronboplastic.com\/wp-content\/uploads\/2025\/09\/20220530100321f4153897d812432db133ea0e269d6a0a.jpg\" alt=\"20220530100321f4153897d812432db133ea0e269d6a0a\" width=\"800\" height=\"822\" \/><\/p>\n<p><strong>Especifica\u00e7\u00f5es<\/strong><\/p>\n<section class=\"table-wrap\"><\/section>\n<section class=\"table-wrap\">\n<table class=\"table\" border=\"1\" width=\"100%\" cellspacing=\"0\" cellpadding=\"0\">\n<tbody>\n<tr class=\"firstRow\">\n<td>N\u00famero do modelo<\/td>\n<td>RB-TB100<\/td>\n<\/tr>\n<tr>\n<td>Tipo de pl\u00e1stico<\/td>\n<td>PP<\/td>\n<\/tr>\n<tr>\n<td>Tipo<\/td>\n<td>Propaga\u00e7\u00e3o<\/td>\n<\/tr>\n<tr>\n<td>Di\u00e2metro superior<\/td>\n<td>21cm\/8.3inch<\/td>\n<\/tr>\n<tr>\n<td>Di\u00e2metro do fundo<\/td>\n<td>8cm\/3,2polegadas<\/td>\n<\/tr>\n<tr>\n<td>Altura<\/td>\n<td>12,5cm\/5polegadas<\/td>\n<\/tr>\n<tr>\n<td>Peso<\/td>\n<td>227g<\/td>\n<\/tr>\n<\/tbody>\n<\/table>\n<\/section>\n<p>&nbsp;<\/p>\n<section class=\"table-wrap\">\n<table class=\"table\" border=\"1\" width=\"100%\" cellspacing=\"0\" cellpadding=\"0\">\n<tbody>\n<tr class=\"firstRow\">\n<td>N\u00famero do modelo<\/td>\n<td>RB-TB200<\/td>\n<\/tr>\n<tr>\n<td>Tipo de pl\u00e1stico<\/td>\n<td>PP<\/td>\n<\/tr>\n<tr>\n<td>Tipo<\/td>\n<td>Propaga\u00e7\u00e3o<\/td>\n<\/tr>\n<tr>\n<td>Di\u00e2metro superior<\/td>\n<td>25cm\/9,9polegadas<\/td>\n<\/tr>\n<tr>\n<td>Di\u00e2metro do fundo<\/td>\n<td>9,5cm\/3,8polegadas<\/td>\n<\/tr>\n<tr>\n<td>Altura<\/td>\n<td>15cm\/6polegadas<\/td>\n<\/tr>\n<tr>\n<td>Peso<\/td>\n<td>343g<\/td>\n<\/tr>\n<\/tbody>\n<\/table>\n<\/section>\n<p>&nbsp;<\/p>\n<section class=\"table-wrap\">\n<table class=\"table\" border=\"1\" width=\"100%\" cellspacing=\"0\" cellpadding=\"0\">\n<tbody>\n<tr class=\"firstRow\">\n<td>N\u00famero do modelo<\/td>\n<td>RB-TB300<\/td>\n<\/tr>\n<tr>\n<td>Tipo de pl\u00e1stico<\/td>\n<td>PP<\/td>\n<\/tr>\n<tr>\n<td>Tipo<\/td>\n<td>Propaga\u00e7\u00e3o<\/td>\n<\/tr>\n<tr>\n<td>Di\u00e2metro superior<\/td>\n<td>30cm\/11,9polegadas<\/td>\n<\/tr>\n<tr>\n<td>Di\u00e2metro do fundo<\/td>\n<td>11cm\/4,4inch<\/td>\n<\/tr>\n<tr>\n<td>Altura<\/td>\n<td>17cm\/6,7inch<\/td>\n<\/tr>\n<tr>\n<td>Peso<\/td>\n<td>399g<\/td>\n<\/tr>\n<\/tbody>\n<\/table>\n<\/section>\n<p><strong>o nosso servi\u00e7o<\/strong><\/p>\n<p><img loading=\"lazy\" decoding=\"async\" src=\"https:\/\/www.ronboplastic.com\/wp-content\/uploads\/2025\/09\/202205131612159a16ace32ec04133ae6f48e4dcaa3c85.jpg\" alt=\"2.0_07\" width=\"800\" height=\"207\" \/><\/p>\n<p><img loading=\"lazy\" decoding=\"async\" src=\"https:\/\/www.ronboplastic.com\/wp-content\/uploads\/2025\/09\/2022053010040143c9857245ba428abe7a9ba648e4dfc7.jpg\" alt=\"_03\" width=\"800\" height=\"832\" \/><\/p>\n<p><strong>Q. Quais s\u00e3o os cen\u00e1rios de utiliza\u00e7\u00e3o do produto\uff1f<\/strong><\/p>\n<p>A. Jardim, cama e decora\u00e7\u00e3o.<\/p>\n<p><strong>Q. Podemos controlar o progresso da encomenda\uff1f<\/strong><\/p>\n<p>A. Sim, somos uma f\u00e1brica, podemos controlar todo o progresso da encomenda.<\/p>\n<p><strong>Q. Quantos pa\u00edses exportam\uff1f<\/strong><\/p>\n<p>A. Muitos pa\u00edses, como os EUA, o Canad\u00e1, a Costa Rica, as Filipinas, o Reino Unido, Israel, etc.<\/p>\n<p><strong>Q. \u00c9 um fabricante ou uma empresa comercial?<\/strong><\/p>\n<p>A. Somos uma f\u00e1brica com mais de 20 anos de experi\u00eancia em exporta\u00e7\u00e3o.<\/p>\n<p><strong>Q. Podem oferecer amostras?<\/strong><\/p>\n<p>A. Podemos oferecer amostras gr\u00e1tis para que possa verificar a nossa qualidade.<\/p>\n<p><strong>Q. Em quanto tempo podemos obter a vossa resposta \u00e0s minhas perguntas?<\/strong><\/p>\n<p>A. Responderemos \u00e0 primeira hora, se for \u00e0 noite, teremos um atraso de 10 horas.<\/p>\n<p><strong>Q. Qual \u00e9 o vosso material? e que tipo de tecnologia?<\/strong><\/p>\n<p>A. O material do nosso pote \u00e9 PP, e s\u00e3o moldados por inje\u00e7\u00e3o.<\/p>\n<p class=\"productsTags\">Hot Tags: plantadores suspensos coloridos, fornecedores, fabricantes, f\u00e1brica, atacado, para venda<\/p>","protected":false},"excerpt":{"rendered":"<p>A bacia suspensa espessada de resina colorida adopta o novo pl\u00e1stico de resina pp, a cor \u00e9 suave e bonita, a bacia<\/p>","protected":false},"featured_media":9031,"comment_status":"open","ping_status":"open","template":"","meta":[],"product_brand":[],"product_cat":[88],"product_tag":[],"class_list":{"0":"post-9026","1":"product","2":"type-product","3":"status-publish","4":"has-post-thumbnail","6":"product_cat-hanging-planter","8":"first","9":"instock","10":"shipping-taxable","11":"product-type-simple"},"yoast_head":"<!-- This site is optimized with the Yoast SEO plugin v26.1.1 - https:\/\/yoast.com\/wordpress\/plugins\/seo\/ -->\n<title>Colorful Hanging Planters - Ronbo Sunrise Pots &amp; Planters<\/title>\n<meta name=\"robots\" content=\"index, follow, max-snippet:-1, max-image-preview:large, max-video-preview:-1\" \/>\n<link rel=\"canonical\" href=\"https:\/\/www.ronboplastic.com\/pt\/produto\/floreiras-suspensas-coloridas\/\" \/>\n<meta property=\"og:locale\" content=\"pt_PT\" \/>\n<meta property=\"og:type\" content=\"article\" \/>\n<meta property=\"og:title\" content=\"Colorful Hanging Planters - Ronbo Sunrise Pots &amp; Planters\" \/>\n<meta property=\"og:description\" content=\"The colorful resin thickened hanging basin adopts the new pp resin plastic, the color is soft and beautiful, the basin\" \/>\n<meta property=\"og:url\" content=\"https:\/\/www.ronboplastic.com\/pt\/produto\/floreiras-suspensas-coloridas\/\" \/>\n<meta property=\"og:site_name\" content=\"Ronbo Sunrise Pots &amp; Planters\" \/>\n<meta property=\"article:modified_time\" content=\"2025-09-08T06:17:32+00:00\" \/>\n<meta property=\"og:image\" content=\"https:\/\/www.ronboplastic.com\/wp-content\/uploads\/2025\/09\/\u5fae\u4fe1\u56fe\u7247_20240920164743.png\" \/>\n\t<meta property=\"og:image:width\" content=\"730\" \/>\n\t<meta property=\"og:image:height\" content=\"730\" \/>\n\t<meta property=\"og:image:type\" content=\"image\/png\" \/>\n<meta name=\"twitter:card\" content=\"summary_large_image\" \/>\n<meta name=\"twitter:label1\" content=\"Tempo estimado de leitura\" \/>\n\t<meta name=\"twitter:data1\" content=\"2 minutos\" \/>\n<script type=\"application\/ld+json\" class=\"yoast-schema-graph\">{\"@context\":\"https:\/\/schema.org\",\"@graph\":[{\"@type\":\"WebPage\",\"@id\":\"https:\/\/www.ronboplastic.com\/ru\/%d0%bf%d1%80%d0%be%d0%b4%d1%83%d0%ba%d1%82\/colorful-hanging-planters\/\",\"url\":\"https:\/\/www.ronboplastic.com\/ru\/%d0%bf%d1%80%d0%be%d0%b4%d1%83%d0%ba%d1%82\/colorful-hanging-planters\/\",\"name\":\"Colorful Hanging Planters - Ronbo Sunrise Pots &amp; Planters\",\"isPartOf\":{\"@id\":\"https:\/\/www.ronboplastic.com\/#website\"},\"primaryImageOfPage\":{\"@id\":\"https:\/\/www.ronboplastic.com\/ru\/%d0%bf%d1%80%d0%be%d0%b4%d1%83%d0%ba%d1%82\/colorful-hanging-planters\/#primaryimage\"},\"image\":{\"@id\":\"https:\/\/www.ronboplastic.com\/ru\/%d0%bf%d1%80%d0%be%d0%b4%d1%83%d0%ba%d1%82\/colorful-hanging-planters\/#primaryimage\"},\"thumbnailUrl\":\"https:\/\/www.ronboplastic.com\/wp-content\/uploads\/2025\/09\/\u5fae\u4fe1\u56fe\u7247_20240920164743.png\",\"datePublished\":\"2024-09-22T22:59:06+00:00\",\"dateModified\":\"2025-09-08T06:17:32+00:00\",\"breadcrumb\":{\"@id\":\"https:\/\/www.ronboplastic.com\/ru\/%d0%bf%d1%80%d0%be%d0%b4%d1%83%d0%ba%d1%82\/colorful-hanging-planters\/#breadcrumb\"},\"inLanguage\":\"pt-PT\",\"potentialAction\":[{\"@type\":\"ReadAction\",\"target\":[\"https:\/\/www.ronboplastic.com\/ru\/%d0%bf%d1%80%d0%be%d0%b4%d1%83%d0%ba%d1%82\/colorful-hanging-planters\/\"]}]},{\"@type\":\"ImageObject\",\"inLanguage\":\"pt-PT\",\"@id\":\"https:\/\/www.ronboplastic.com\/ru\/%d0%bf%d1%80%d0%be%d0%b4%d1%83%d0%ba%d1%82\/colorful-hanging-planters\/#primaryimage\",\"url\":\"https:\/\/www.ronboplastic.com\/wp-content\/uploads\/2025\/09\/\u5fae\u4fe1\u56fe\u7247_20240920164743.png\",\"contentUrl\":\"https:\/\/www.ronboplastic.com\/wp-content\/uploads\/2025\/09\/\u5fae\u4fe1\u56fe\u7247_20240920164743.png\",\"width\":730,\"height\":730,\"caption\":\"plastic hanging planter\"},{\"@type\":\"BreadcrumbList\",\"@id\":\"https:\/\/www.ronboplastic.com\/ru\/%d0%bf%d1%80%d0%be%d0%b4%d1%83%d0%ba%d1%82\/colorful-hanging-planters\/#breadcrumb\",\"itemListElement\":[{\"@type\":\"ListItem\",\"position\":1,\"name\":\"\u9996\u9875\",\"item\":\"https:\/\/www.ronboplastic.com\/\"},{\"@type\":\"ListItem\",\"position\":2,\"name\":\"Products\",\"item\":\"http:\/\/www.ronboplastic.com\/products\/\"},{\"@type\":\"ListItem\",\"position\":3,\"name\":\"Colorful Hanging Planters\"}]},{\"@type\":\"WebSite\",\"@id\":\"https:\/\/www.ronboplastic.com\/#website\",\"url\":\"https:\/\/www.ronboplastic.com\/\",\"name\":\"Ronbo Sunrise Pots &amp; Planters\",\"description\":\"Flower Pots &amp; Planters\",\"potentialAction\":[{\"@type\":\"SearchAction\",\"target\":{\"@type\":\"EntryPoint\",\"urlTemplate\":\"https:\/\/www.ronboplastic.com\/?s={search_term_string}\"},\"query-input\":{\"@type\":\"PropertyValueSpecification\",\"valueRequired\":true,\"valueName\":\"search_term_string\"}}],\"inLanguage\":\"pt-PT\"}]}<\/script>\n<!-- \/ Yoast SEO plugin. -->","yoast_head_json":{"title":"Colorful Hanging Planters - Ronbo Sunrise Pots &amp; Planters","robots":{"index":"index","follow":"follow","max-snippet":"max-snippet:-1","max-image-preview":"max-image-preview:large","max-video-preview":"max-video-preview:-1"},"canonical":"https:\/\/www.ronboplastic.com\/pt\/produto\/floreiras-suspensas-coloridas\/","og_locale":"pt_PT","og_type":"article","og_title":"Colorful Hanging Planters - Ronbo Sunrise Pots &amp; Planters","og_description":"The colorful resin thickened hanging basin adopts the new pp resin plastic, the color is soft and beautiful, the basin","og_url":"https:\/\/www.ronboplastic.com\/pt\/produto\/floreiras-suspensas-coloridas\/","og_site_name":"Ronbo Sunrise Pots &amp; Planters","article_modified_time":"2025-09-08T06:17:32+00:00","og_image":[{"width":730,"height":730,"url":"https:\/\/www.ronboplastic.com\/wp-content\/uploads\/2025\/09\/\u5fae\u4fe1\u56fe\u7247_20240920164743.png","type":"image\/png"}],"twitter_card":"summary_large_image","twitter_misc":{"Tempo estimado de leitura":"2 minutos"},"schema":{"@context":"https:\/\/schema.org","@graph":[{"@type":"WebPage","@id":"https:\/\/www.ronboplastic.com\/ru\/%d0%bf%d1%80%d0%be%d0%b4%d1%83%d0%ba%d1%82\/colorful-hanging-planters\/","url":"https:\/\/www.ronboplastic.com\/ru\/%d0%bf%d1%80%d0%be%d0%b4%d1%83%d0%ba%d1%82\/colorful-hanging-planters\/","name":"Colorful Hanging Planters - Ronbo Sunrise Pots &amp; Planters","isPartOf":{"@id":"https:\/\/www.ronboplastic.com\/#website"},"primaryImageOfPage":{"@id":"https:\/\/www.ronboplastic.com\/ru\/%d0%bf%d1%80%d0%be%d0%b4%d1%83%d0%ba%d1%82\/colorful-hanging-planters\/#primaryimage"},"image":{"@id":"https:\/\/www.ronboplastic.com\/ru\/%d0%bf%d1%80%d0%be%d0%b4%d1%83%d0%ba%d1%82\/colorful-hanging-planters\/#primaryimage"},"thumbnailUrl":"https:\/\/www.ronboplastic.com\/wp-content\/uploads\/2025\/09\/\u5fae\u4fe1\u56fe\u7247_20240920164743.png","datePublished":"2024-09-22T22:59:06+00:00","dateModified":"2025-09-08T06:17:32+00:00","breadcrumb":{"@id":"https:\/\/www.ronboplastic.com\/ru\/%d0%bf%d1%80%d0%be%d0%b4%d1%83%d0%ba%d1%82\/colorful-hanging-planters\/#breadcrumb"},"inLanguage":"pt-PT","potentialAction":[{"@type":"ReadAction","target":["https:\/\/www.ronboplastic.com\/ru\/%d0%bf%d1%80%d0%be%d0%b4%d1%83%d0%ba%d1%82\/colorful-hanging-planters\/"]}]},{"@type":"ImageObject","inLanguage":"pt-PT","@id":"https:\/\/www.ronboplastic.com\/ru\/%d0%bf%d1%80%d0%be%d0%b4%d1%83%d0%ba%d1%82\/colorful-hanging-planters\/#primaryimage","url":"https:\/\/www.ronboplastic.com\/wp-content\/uploads\/2025\/09\/\u5fae\u4fe1\u56fe\u7247_20240920164743.png","contentUrl":"https:\/\/www.ronboplastic.com\/wp-content\/uploads\/2025\/09\/\u5fae\u4fe1\u56fe\u7247_20240920164743.png","width":730,"height":730,"caption":"plastic hanging planter"},{"@type":"BreadcrumbList","@id":"https:\/\/www.ronboplastic.com\/ru\/%d0%bf%d1%80%d0%be%d0%b4%d1%83%d0%ba%d1%82\/colorful-hanging-planters\/#breadcrumb","itemListElement":[{"@type":"ListItem","position":1,"name":"\u9996\u9875","item":"https:\/\/www.ronboplastic.com\/"},{"@type":"ListItem","position":2,"name":"Products","item":"http:\/\/www.ronboplastic.com\/products\/"},{"@type":"ListItem","position":3,"name":"Colorful Hanging Planters"}]},{"@type":"WebSite","@id":"https:\/\/www.ronboplastic.com\/#website","url":"https:\/\/www.ronboplastic.com\/","name":"Ronbo Sunrise Pots &amp; Planters","description":"Vasos de flores e jardineiras","potentialAction":[{"@type":"SearchAction","target":{"@type":"EntryPoint","urlTemplate":"https:\/\/www.ronboplastic.com\/?s={search_term_string}"},"query-input":{"@type":"PropertyValueSpecification","valueRequired":true,"valueName":"search_term_string"}}],"inLanguage":"pt-PT"}]}},"_links":{"self":[{"href":"https:\/\/www.ronboplastic.com\/pt\/wp-json\/wp\/v2\/product\/9026","targetHints":{"allow":["GET"]}}],"collection":[{"href":"https:\/\/www.ronboplastic.com\/pt\/wp-json\/wp\/v2\/product"}],"about":[{"href":"https:\/\/www.ronboplastic.com\/pt\/wp-json\/wp\/v2\/types\/product"}],"replies":[{"embeddable":true,"href":"https:\/\/www.ronboplastic.com\/pt\/wp-json\/wp\/v2\/comments?post=9026"}],"wp:featuredmedia":[{"embeddable":true,"href":"https:\/\/www.ronboplastic.com\/pt\/wp-json\/wp\/v2\/media\/9031"}],"wp:attachment":[{"href":"https:\/\/www.ronboplastic.com\/pt\/wp-json\/wp\/v2\/media?parent=9026"}],"wp:term":[{"taxonomy":"product_brand","embeddable":true,"href":"https:\/\/www.ronboplastic.com\/pt\/wp-json\/wp\/v2\/product_brand?post=9026"},{"taxonomy":"product_cat","embeddable":true,"href":"https:\/\/www.ronboplastic.com\/pt\/wp-json\/wp\/v2\/product_cat?post=9026"},{"taxonomy":"product_tag","embeddable":true,"href":"https:\/\/www.ronboplastic.com\/pt\/wp-json\/wp\/v2\/product_tag?post=9026"}],"curies":[{"name":"wp","href":"https:\/\/api.w.org\/{rel}","templated":true}]}}