{"id":9016,"date":"2024-09-20T08:11:14","date_gmt":"2024-09-20T00:11:14","guid":{"rendered":"https:\/\/www.ronboplastic.com\/index.php\/product\/imitation-clay-large-round-flower-pot\/"},"modified":"2025-09-08T14:17:26","modified_gmt":"2025-09-08T06:17:26","slug":"vaso-redondo-grande-de-imitacao-de-barro","status":"publish","type":"product","link":"https:\/\/www.ronboplastic.com\/pt\/produto\/vaso-redondo-grande-de-imitacao-de-barro\/","title":{"rendered":"Vaso de flores redondo grande em imita\u00e7\u00e3o de argila"},"content":{"rendered":"<p>Apresentamos os vasos modernos para plantas e \u00e1rvores - Circular Belly shaped Flower Pots, um vaso de plantas contempor\u00e2neo e elegante, concebido com uma forma circular \u00fanica. Este vaso vers\u00e1til \u00e9 perfeito para plantar uma grande variedade de plantas e \u00e1rvores, dando um toque de eleg\u00e2ncia moderna e melhorando o atrativo decorativo de espa\u00e7os interiores e exteriores, assegurando simultaneamente o crescimento saud\u00e1vel das plantas.<\/p>\n<p>&nbsp;<\/p>\n<p>Eis os principais argumentos de venda deste produto excecional:<\/p>\n<p>&nbsp;<\/p>\n<p>1. Design \u00fanico: Com o seu design de barriga circular, este vaso rompe com os estilos convencionais, proporcionando uma est\u00e9tica moderna e elegante. Torna-se uma pe\u00e7a de destaque, elevando o ambiente da sua casa ou escrit\u00f3rio com o seu charme distinto.<\/p>\n<p>2. Versatilidade: Quer pretenda plantar pequenas suculentas ou grandes \u00e1rvores de interior, este vaso de flores adapta-se a v\u00e1rios tamanhos e capacidades. O amplo espa\u00e7o proporcionado pelo seu design em forma de barriga permite que as plantas desenvolvam ra\u00edzes fortes e prosperem num ambiente acolhedor.<\/p>\n<p>3. Material de alta qualidade: Fabricado a partir de materiais de primeira qualidade, este vaso de flores apresenta durabilidade e um excelente desempenho anti-envelhecimento. Suporta diversas condi\u00e7\u00f5es clim\u00e1ticas e ambientes exteriores, garantindo um produto duradouro que manter\u00e1 a sua beleza ao longo do tempo.<\/p>\n<p>4. Manuten\u00e7\u00e3o c\u00f3moda: Concebido com uma respirabilidade \u00f3ptima e capacidades de drenagem eficientes, este vaso de flores promove o crescimento saud\u00e1vel das plantas e a sa\u00fade das ra\u00edzes. Al\u00e9m disso, oferece uma manuten\u00e7\u00e3o sem complica\u00e7\u00f5es, uma vez que pode ser facilmente limpo com um pano suave, utilizando \u00e1gua e sab\u00e3o.<\/p>\n<p>5. V\u00e1rias op\u00e7\u00f5es de cores: A nossa gama de vasos de flores oferece uma vasta sele\u00e7\u00e3o de cores, incluindo o branco cl\u00e1ssico, o preto e os tons met\u00e1licos da moda. Isto permite-lhe escolher a cor ideal que complementa as suas prefer\u00eancias pessoais e que combina na perfei\u00e7\u00e3o com a sua decora\u00e7\u00e3o interior ou exterior. Quer esteja a enfeitar o seu espa\u00e7o de vida, a rejuvenescer o seu escrit\u00f3rio ou a dar um toque de natureza \u00e0 sua \u00e1rea exterior, os vasos para plantas e \u00e1rvores modernos - vasos para flores em forma de barriga circular satisfazem os seus desejos de est\u00e9tica e funcionalidade contempor\u00e2neas.<\/p>\n<p>Com o seu design \u00fanico, materiais de alta qualidade e carater\u00edsticas de manuten\u00e7\u00e3o convenientes, conferem sem esfor\u00e7o charme e vitalidade \u00e0 sua querida vegeta\u00e7\u00e3o.<\/p>\n<p>&nbsp;<\/p>\n<p>&nbsp;<\/p>\n<p>&nbsp;<\/p>\n<p><img loading=\"lazy\" decoding=\"async\" title=\"01\" src=\"https:\/\/www.ronboplastic.com\/wp-content\/uploads\/2025\/09\/20230808092906dcc8f293b4e24334b20d13e21f2e53b8.jpg\" alt=\"01\" width=\"780\" height=\"4628\" \/><\/p>\n<p><img loading=\"lazy\" decoding=\"async\" title=\"02\" src=\"https:\/\/www.ronboplastic.com\/wp-content\/uploads\/2025\/09\/20230808092906ec18520f58214626b9ea48b2b2a1fb08.jpg\" alt=\"02\" width=\"780\" height=\"4844\" \/><\/p>\n<p><img loading=\"lazy\" decoding=\"async\" title=\"produto-800-207\" src=\"https:\/\/www.ronboplastic.com\/wp-content\/uploads\/2025\/09\/202205131612159a16ace32ec04133ae6f48e4dcaa3c85.jpg\" alt=\"Plantador de jardim em barril\" width=\"800\" height=\"207\" \/><\/p>\n<p>&nbsp;<\/p>\n<p>&nbsp;<\/p>\n<p class=\"productsTags\">Hot Tags: imita\u00e7\u00e3o de argila grande vaso de flores redondo, fornecedores, fabricantes, f\u00e1brica, atacado, para venda<\/p>","protected":false},"excerpt":{"rendered":"<p>Vasos modernos para plantas e \u00e1rvores - O vaso circular em forma de barriga \u00e9 um vaso moderno para plantas e \u00e1rvores, concebido com uma forma de barriga circular. Este vaso \u00e9 adequado para plantar v\u00e1rias plantas e \u00e1rvores, o que pode acrescentar efeitos decorativos \u00fanicos ao seu espa\u00e7o interior e exterior, permitindo tamb\u00e9m que as plantas cres\u00e7am de forma saud\u00e1vel.<\/p>","protected":false},"featured_media":9020,"comment_status":"open","ping_status":"open","template":"","meta":[],"product_brand":[],"product_cat":[80],"product_tag":[],"class_list":{"0":"post-9016","1":"product","2":"type-product","3":"status-publish","4":"has-post-thumbnail","6":"product_cat-decorative-potsampplanters","8":"first","9":"instock","10":"shipping-taxable","11":"product-type-simple"},"yoast_head":"<!-- This site is optimized with the Yoast SEO plugin v26.1.1 - https:\/\/yoast.com\/wordpress\/plugins\/seo\/ -->\n<title>Imitation Clay Large Round Flower Pot - Ronbo Sunrise Pots &amp; Planters<\/title>\n<meta name=\"robots\" content=\"index, follow, max-snippet:-1, max-image-preview:large, max-video-preview:-1\" \/>\n<link rel=\"canonical\" href=\"http:\/\/www.ronboplastic.com\/pt\/produto\/vaso-redondo-grande-de-imitacao-de-barro\/\" \/>\n<meta property=\"og:locale\" content=\"pt_PT\" \/>\n<meta property=\"og:type\" content=\"article\" \/>\n<meta property=\"og:title\" content=\"Imitation Clay Large Round Flower Pot - Ronbo Sunrise Pots &amp; Planters\" \/>\n<meta property=\"og:description\" content=\"Modern Plant and Tree Flower Pots - Circular Belly shaped Flower Pots is a modern plant and tree flower pot designed with a circular belly shape. This flowerpot is suitable for planting various plants and trees, which can add unique decorative effects to your indoor and outdoor space while also allowing plants to grow healthily.\" \/>\n<meta property=\"og:url\" content=\"http:\/\/www.ronboplastic.com\/pt\/produto\/vaso-redondo-grande-de-imitacao-de-barro\/\" \/>\n<meta property=\"og:site_name\" content=\"Ronbo Sunrise Pots &amp; Planters\" \/>\n<meta property=\"article:modified_time\" content=\"2025-09-08T06:17:26+00:00\" \/>\n<meta property=\"og:image\" content=\"https:\/\/www.ronboplastic.com\/wp-content\/uploads\/2025\/09\/1-2-1-1.png\" \/>\n\t<meta property=\"og:image:width\" content=\"730\" \/>\n\t<meta property=\"og:image:height\" content=\"730\" \/>\n\t<meta property=\"og:image:type\" content=\"image\/png\" \/>\n<meta name=\"twitter:card\" content=\"summary_large_image\" \/>\n<meta name=\"twitter:label1\" content=\"Tempo estimado de leitura\" \/>\n\t<meta name=\"twitter:data1\" content=\"2 minutos\" \/>\n<script type=\"application\/ld+json\" class=\"yoast-schema-graph\">{\"@context\":\"https:\/\/schema.org\",\"@graph\":[{\"@type\":\"WebPage\",\"@id\":\"http:\/\/www.ronboplastic.com\/ru\/%d0%bf%d1%80%d0%be%d0%b4%d1%83%d0%ba%d1%82\/imitation-clay-large-round-flower-pot\/\",\"url\":\"http:\/\/www.ronboplastic.com\/ru\/%d0%bf%d1%80%d0%be%d0%b4%d1%83%d0%ba%d1%82\/imitation-clay-large-round-flower-pot\/\",\"name\":\"Imitation Clay Large Round Flower Pot - Ronbo Sunrise Pots &amp; Planters\",\"isPartOf\":{\"@id\":\"https:\/\/www.ronboplastic.com\/#website\"},\"primaryImageOfPage\":{\"@id\":\"http:\/\/www.ronboplastic.com\/ru\/%d0%bf%d1%80%d0%be%d0%b4%d1%83%d0%ba%d1%82\/imitation-clay-large-round-flower-pot\/#primaryimage\"},\"image\":{\"@id\":\"http:\/\/www.ronboplastic.com\/ru\/%d0%bf%d1%80%d0%be%d0%b4%d1%83%d0%ba%d1%82\/imitation-clay-large-round-flower-pot\/#primaryimage\"},\"thumbnailUrl\":\"https:\/\/www.ronboplastic.com\/wp-content\/uploads\/2025\/09\/1-2-1-1.png\",\"datePublished\":\"2024-09-20T00:11:14+00:00\",\"dateModified\":\"2025-09-08T06:17:26+00:00\",\"breadcrumb\":{\"@id\":\"http:\/\/www.ronboplastic.com\/ru\/%d0%bf%d1%80%d0%be%d0%b4%d1%83%d0%ba%d1%82\/imitation-clay-large-round-flower-pot\/#breadcrumb\"},\"inLanguage\":\"pt-PT\",\"potentialAction\":[{\"@type\":\"ReadAction\",\"target\":[\"http:\/\/www.ronboplastic.com\/ru\/%d0%bf%d1%80%d0%be%d0%b4%d1%83%d0%ba%d1%82\/imitation-clay-large-round-flower-pot\/\"]}]},{\"@type\":\"ImageObject\",\"inLanguage\":\"pt-PT\",\"@id\":\"http:\/\/www.ronboplastic.com\/ru\/%d0%bf%d1%80%d0%be%d0%b4%d1%83%d0%ba%d1%82\/imitation-clay-large-round-flower-pot\/#primaryimage\",\"url\":\"https:\/\/www.ronboplastic.com\/wp-content\/uploads\/2025\/09\/1-2-1-1.png\",\"contentUrl\":\"https:\/\/www.ronboplastic.com\/wp-content\/uploads\/2025\/09\/1-2-1-1.png\",\"width\":730,\"height\":730,\"caption\":\"garden pots\"},{\"@type\":\"BreadcrumbList\",\"@id\":\"http:\/\/www.ronboplastic.com\/ru\/%d0%bf%d1%80%d0%be%d0%b4%d1%83%d0%ba%d1%82\/imitation-clay-large-round-flower-pot\/#breadcrumb\",\"itemListElement\":[{\"@type\":\"ListItem\",\"position\":1,\"name\":\"\u9996\u9875\",\"item\":\"https:\/\/www.ronboplastic.com\/\"},{\"@type\":\"ListItem\",\"position\":2,\"name\":\"Products\",\"item\":\"http:\/\/www.ronboplastic.com\/products\/\"},{\"@type\":\"ListItem\",\"position\":3,\"name\":\"Imitation Clay Large Round Flower Pot\"}]},{\"@type\":\"WebSite\",\"@id\":\"https:\/\/www.ronboplastic.com\/#website\",\"url\":\"https:\/\/www.ronboplastic.com\/\",\"name\":\"Ronbo Sunrise Pots &amp; Planters\",\"description\":\"Flower Pots &amp; Planters\",\"potentialAction\":[{\"@type\":\"SearchAction\",\"target\":{\"@type\":\"EntryPoint\",\"urlTemplate\":\"https:\/\/www.ronboplastic.com\/?s={search_term_string}\"},\"query-input\":{\"@type\":\"PropertyValueSpecification\",\"valueRequired\":true,\"valueName\":\"search_term_string\"}}],\"inLanguage\":\"pt-PT\"}]}<\/script>\n<!-- \/ Yoast SEO plugin. -->","yoast_head_json":{"title":"Imitation Clay Large Round Flower Pot - Ronbo Sunrise Pots &amp; Planters","robots":{"index":"index","follow":"follow","max-snippet":"max-snippet:-1","max-image-preview":"max-image-preview:large","max-video-preview":"max-video-preview:-1"},"canonical":"http:\/\/www.ronboplastic.com\/pt\/produto\/vaso-redondo-grande-de-imitacao-de-barro\/","og_locale":"pt_PT","og_type":"article","og_title":"Imitation Clay Large Round Flower Pot - Ronbo Sunrise Pots &amp; Planters","og_description":"Modern Plant and Tree Flower Pots - Circular Belly shaped Flower Pots is a modern plant and tree flower pot designed with a circular belly shape. This flowerpot is suitable for planting various plants and trees, which can add unique decorative effects to your indoor and outdoor space while also allowing plants to grow healthily.","og_url":"http:\/\/www.ronboplastic.com\/pt\/produto\/vaso-redondo-grande-de-imitacao-de-barro\/","og_site_name":"Ronbo Sunrise Pots &amp; Planters","article_modified_time":"2025-09-08T06:17:26+00:00","og_image":[{"width":730,"height":730,"url":"https:\/\/www.ronboplastic.com\/wp-content\/uploads\/2025\/09\/1-2-1-1.png","type":"image\/png"}],"twitter_card":"summary_large_image","twitter_misc":{"Tempo estimado de leitura":"2 minutos"},"schema":{"@context":"https:\/\/schema.org","@graph":[{"@type":"WebPage","@id":"http:\/\/www.ronboplastic.com\/ru\/%d0%bf%d1%80%d0%be%d0%b4%d1%83%d0%ba%d1%82\/imitation-clay-large-round-flower-pot\/","url":"http:\/\/www.ronboplastic.com\/ru\/%d0%bf%d1%80%d0%be%d0%b4%d1%83%d0%ba%d1%82\/imitation-clay-large-round-flower-pot\/","name":"Imitation Clay Large Round Flower Pot - Ronbo Sunrise Pots &amp; Planters","isPartOf":{"@id":"https:\/\/www.ronboplastic.com\/#website"},"primaryImageOfPage":{"@id":"http:\/\/www.ronboplastic.com\/ru\/%d0%bf%d1%80%d0%be%d0%b4%d1%83%d0%ba%d1%82\/imitation-clay-large-round-flower-pot\/#primaryimage"},"image":{"@id":"http:\/\/www.ronboplastic.com\/ru\/%d0%bf%d1%80%d0%be%d0%b4%d1%83%d0%ba%d1%82\/imitation-clay-large-round-flower-pot\/#primaryimage"},"thumbnailUrl":"https:\/\/www.ronboplastic.com\/wp-content\/uploads\/2025\/09\/1-2-1-1.png","datePublished":"2024-09-20T00:11:14+00:00","dateModified":"2025-09-08T06:17:26+00:00","breadcrumb":{"@id":"http:\/\/www.ronboplastic.com\/ru\/%d0%bf%d1%80%d0%be%d0%b4%d1%83%d0%ba%d1%82\/imitation-clay-large-round-flower-pot\/#breadcrumb"},"inLanguage":"pt-PT","potentialAction":[{"@type":"ReadAction","target":["http:\/\/www.ronboplastic.com\/ru\/%d0%bf%d1%80%d0%be%d0%b4%d1%83%d0%ba%d1%82\/imitation-clay-large-round-flower-pot\/"]}]},{"@type":"ImageObject","inLanguage":"pt-PT","@id":"http:\/\/www.ronboplastic.com\/ru\/%d0%bf%d1%80%d0%be%d0%b4%d1%83%d0%ba%d1%82\/imitation-clay-large-round-flower-pot\/#primaryimage","url":"https:\/\/www.ronboplastic.com\/wp-content\/uploads\/2025\/09\/1-2-1-1.png","contentUrl":"https:\/\/www.ronboplastic.com\/wp-content\/uploads\/2025\/09\/1-2-1-1.png","width":730,"height":730,"caption":"garden pots"},{"@type":"BreadcrumbList","@id":"http:\/\/www.ronboplastic.com\/ru\/%d0%bf%d1%80%d0%be%d0%b4%d1%83%d0%ba%d1%82\/imitation-clay-large-round-flower-pot\/#breadcrumb","itemListElement":[{"@type":"ListItem","position":1,"name":"\u9996\u9875","item":"https:\/\/www.ronboplastic.com\/"},{"@type":"ListItem","position":2,"name":"Products","item":"http:\/\/www.ronboplastic.com\/products\/"},{"@type":"ListItem","position":3,"name":"Imitation Clay Large Round Flower Pot"}]},{"@type":"WebSite","@id":"https:\/\/www.ronboplastic.com\/#website","url":"https:\/\/www.ronboplastic.com\/","name":"Ronbo Sunrise Pots &amp; Planters","description":"Vasos de flores e jardineiras","potentialAction":[{"@type":"SearchAction","target":{"@type":"EntryPoint","urlTemplate":"https:\/\/www.ronboplastic.com\/?s={search_term_string}"},"query-input":{"@type":"PropertyValueSpecification","valueRequired":true,"valueName":"search_term_string"}}],"inLanguage":"pt-PT"}]}},"_links":{"self":[{"href":"https:\/\/www.ronboplastic.com\/pt\/wp-json\/wp\/v2\/product\/9016","targetHints":{"allow":["GET"]}}],"collection":[{"href":"https:\/\/www.ronboplastic.com\/pt\/wp-json\/wp\/v2\/product"}],"about":[{"href":"https:\/\/www.ronboplastic.com\/pt\/wp-json\/wp\/v2\/types\/product"}],"replies":[{"embeddable":true,"href":"https:\/\/www.ronboplastic.com\/pt\/wp-json\/wp\/v2\/comments?post=9016"}],"wp:featuredmedia":[{"embeddable":true,"href":"https:\/\/www.ronboplastic.com\/pt\/wp-json\/wp\/v2\/media\/9020"}],"wp:attachment":[{"href":"https:\/\/www.ronboplastic.com\/pt\/wp-json\/wp\/v2\/media?parent=9016"}],"wp:term":[{"taxonomy":"product_brand","embeddable":true,"href":"https:\/\/www.ronboplastic.com\/pt\/wp-json\/wp\/v2\/product_brand?post=9016"},{"taxonomy":"product_cat","embeddable":true,"href":"https:\/\/www.ronboplastic.com\/pt\/wp-json\/wp\/v2\/product_cat?post=9016"},{"taxonomy":"product_tag","embeddable":true,"href":"https:\/\/www.ronboplastic.com\/pt\/wp-json\/wp\/v2\/product_tag?post=9016"}],"curies":[{"name":"wp","href":"https:\/\/api.w.org\/{rel}","templated":true}]}}