{"id":8872,"date":"2024-09-13T07:55:17","date_gmt":"2024-09-12T23:55:17","guid":{"rendered":"https:\/\/www.ronboplastic.com\/index.php\/product\/imitation-stone-plastic-planters\/"},"modified":"2025-09-08T14:16:19","modified_gmt":"2025-09-08T06:16:19","slug":"plantadores-de-plastico-com-imitacao-de-pedra","status":"publish","type":"product","link":"https:\/\/www.ronboplastic.com\/pt\/produto\/plantadores-de-plastico-com-imitacao-de-pedra\/","title":{"rendered":"Vasos de pl\u00e1stico com imita\u00e7\u00e3o de pedra"},"content":{"rendered":"<p>Descri\u00e7\u00e3o do produto:<br \/>\nO nosso vaso de flores grande em imita\u00e7\u00e3o de cobre foi concebido para satisfazer as necessidades dos entusiastas do jardim que pretendem acrescentar uma atmosfera delicada e cl\u00e1ssica \u00e0 \u00e1rea exterior. Estes vasos de flores s\u00e3o feitos de material de imita\u00e7\u00e3o de cobre com excelente artesanato e detalhes, tornando-os semelhantes aos vasos de flores de cobre reais, mas a um pre\u00e7o mais acess\u00edvel. O design espa\u00e7oso do vaso de flores pode acomodar v\u00e1rias flores, plantas, arbustos e \u00e1rvores, adicionando uma atmosfera natural e verde ao seu jardim ou varanda.<br \/>\nPontos de venda do produto:<br \/>\n1. Material de cobre de imita\u00e7\u00e3o de alta qualidade: Os nossos vasos de flores grandes s\u00e3o feitos de material de imita\u00e7\u00e3o de cobre cuidadosamente selecionado, e a sua apar\u00eancia \u00e9 quase indistingu\u00edvel dos vasos de flores de cobre reais, dando \u00e0s pessoas uma sensa\u00e7\u00e3o luxuosa e nobre.<br \/>\n2. Artesanato requintado: Cada vaso de flores \u00e9 meticulosamente trabalhado, com um artesanato requintado e pormenores meticulosamente trabalhados. Da textura \u00e0 cor, esfor\u00e7amo-nos por tornar o vaso o mais pr\u00f3ximo poss\u00edvel de um verdadeiro vaso de cobre.<br \/>\n3. Design espa\u00e7oso: O nosso vaso de flores tem um espa\u00e7o interior espa\u00e7oso que pode acomodar plantas grandes e at\u00e9 \u00e1rvores pequenas. Pode plantar v\u00e1rias flores e plantas para criar uma paisagem fant\u00e1stica no jardim ou na varanda.<br \/>\n4. Durabilidade: Embora os nossos vasos de flores pare\u00e7am verdadeiros vasos de cobre, s\u00e3o feitos de materiais duradouros que s\u00e3o resistentes, n\u00e3o enferrujam nem corroem e podem durar mesmo em ambientes exteriores.<br \/>\n5. Pre\u00e7o acess\u00edvel: Em compara\u00e7\u00e3o com os vasos de flores de cobre verdadeiros, os nossos vasos de imita\u00e7\u00e3o de cobre para flores grandes s\u00e3o mais acess\u00edveis, proporcionando-lhe uma escolha econ\u00f3mica, mantendo ao mesmo tempo uma elevada qualidade e um aspeto requintado.<br \/>\nQuer pretenda adicionar uma decora\u00e7\u00e3o luxuosa ao seu jardim ou criar um espa\u00e7o verde fant\u00e1stico para o terra\u00e7o ou varanda da sua fam\u00edlia, o nosso vaso de flores grande em imita\u00e7\u00e3o de cobre ser\u00e1 a escolha ideal. Eles v\u00e3o trazer-lhe beleza e aprecia\u00e7\u00e3o ao longo da vida.<\/p>\n<p>&nbsp;<\/p>\n<p><img loading=\"lazy\" decoding=\"async\" title=\"01\" src=\"https:\/\/www.ronboplastic.com\/wp-content\/uploads\/2025\/09\/202308080918178ed60b64f91b4d2aba132d6a09ca6fd6.jpg\" alt=\"01\" width=\"800\" height=\"3977\" \/><\/p>\n<p><img loading=\"lazy\" decoding=\"async\" title=\"02\" src=\"https:\/\/www.ronboplastic.com\/wp-content\/uploads\/2025\/09\/20230808091817525bb61d4cdf4fab8376b077e03aff2a.jpg\" alt=\"02\" width=\"800\" height=\"3507\" \/><\/p>\n<p><img loading=\"lazy\" decoding=\"async\" title=\"produto-800-207\" src=\"https:\/\/www.ronboplastic.com\/wp-content\/uploads\/2025\/09\/202205131612159a16ace32ec04133ae6f48e4dcaa3c85.jpg\" alt=\"Plantador de jardim em barril\" width=\"800\" height=\"207\" \/><\/p>\n<p>&nbsp;<\/p>\n<p>&nbsp;<\/p>\n<p class=\"productsTags\">Hot Tags: imita\u00e7\u00e3o de cobre grandes plantadores, fornecedores, fabricantes, f\u00e1brica, atacado, para venda<\/p>","protected":false},"excerpt":{"rendered":"<p>Vasos modernos para plantas e \u00e1rvores - O vaso circular em forma de barriga \u00e9 um vaso moderno para plantas e \u00e1rvores, concebido com uma forma de barriga circular. Este vaso \u00e9 adequado para plantar v\u00e1rias plantas e \u00e1rvores, o que pode acrescentar efeitos decorativos \u00fanicos ao seu espa\u00e7o interior e exterior, permitindo tamb\u00e9m que as plantas cres\u00e7am de forma saud\u00e1vel.<\/p>","protected":false},"featured_media":8876,"comment_status":"open","ping_status":"open","template":"","meta":[],"product_brand":[],"product_cat":[80],"product_tag":[],"class_list":{"0":"post-8872","1":"product","2":"type-product","3":"status-publish","4":"has-post-thumbnail","6":"product_cat-decorative-potsampplanters","8":"first","9":"instock","10":"shipping-taxable","11":"product-type-simple"},"yoast_head":"<!-- This site is optimized with the Yoast SEO plugin v26.1.1 - https:\/\/yoast.com\/wordpress\/plugins\/seo\/ -->\n<title>Imitation Stone Plastic Planters - Ronbo Sunrise Pots &amp; Planters<\/title>\n<meta name=\"robots\" content=\"index, follow, max-snippet:-1, max-image-preview:large, max-video-preview:-1\" \/>\n<link rel=\"canonical\" href=\"http:\/\/www.ronboplastic.com\/pt\/produto\/plantadores-de-plastico-com-imitacao-de-pedra\/\" \/>\n<meta property=\"og:locale\" content=\"pt_PT\" \/>\n<meta property=\"og:type\" content=\"article\" \/>\n<meta property=\"og:title\" content=\"Imitation Stone Plastic Planters - Ronbo Sunrise Pots &amp; Planters\" \/>\n<meta property=\"og:description\" content=\"Modern Plant and Tree Flower Pots - Circular Belly shaped Flower Pots is a modern plant and tree flower pot designed with a circular belly shape. This flowerpot is suitable for planting various plants and trees, which can add unique decorative effects to your indoor and outdoor space while also allowing plants to grow healthily.\" \/>\n<meta property=\"og:url\" content=\"http:\/\/www.ronboplastic.com\/pt\/produto\/plantadores-de-plastico-com-imitacao-de-pedra\/\" \/>\n<meta property=\"og:site_name\" content=\"Ronbo Sunrise Pots &amp; Planters\" \/>\n<meta property=\"article:modified_time\" content=\"2025-09-08T06:16:19+00:00\" \/>\n<meta property=\"og:image\" content=\"https:\/\/www.ronboplastic.com\/wp-content\/uploads\/2025\/09\/1-5.jpg\" \/>\n\t<meta property=\"og:image:width\" content=\"800\" \/>\n\t<meta property=\"og:image:height\" content=\"800\" \/>\n\t<meta property=\"og:image:type\" content=\"image\/jpeg\" \/>\n<meta name=\"twitter:card\" content=\"summary_large_image\" \/>\n<meta name=\"twitter:label1\" content=\"Tempo estimado de leitura\" \/>\n\t<meta name=\"twitter:data1\" content=\"2 minutos\" \/>\n<script type=\"application\/ld+json\" class=\"yoast-schema-graph\">{\"@context\":\"https:\/\/schema.org\",\"@graph\":[{\"@type\":\"WebPage\",\"@id\":\"http:\/\/www.ronboplastic.com\/pt\/produto\/plantadores-de-plastico-com-imitacao-de-pedra\/\",\"url\":\"http:\/\/www.ronboplastic.com\/pt\/produto\/plantadores-de-plastico-com-imitacao-de-pedra\/\",\"name\":\"Imitation Stone Plastic Planters - Ronbo Sunrise Pots &amp; Planters\",\"isPartOf\":{\"@id\":\"https:\/\/www.ronboplastic.com\/#website\"},\"primaryImageOfPage\":{\"@id\":\"http:\/\/www.ronboplastic.com\/pt\/produto\/plantadores-de-plastico-com-imitacao-de-pedra\/#primaryimage\"},\"image\":{\"@id\":\"http:\/\/www.ronboplastic.com\/pt\/produto\/plantadores-de-plastico-com-imitacao-de-pedra\/#primaryimage\"},\"thumbnailUrl\":\"https:\/\/www.ronboplastic.com\/wp-content\/uploads\/2025\/09\/1-5.jpg\",\"datePublished\":\"2024-09-12T23:55:17+00:00\",\"dateModified\":\"2025-09-08T06:16:19+00:00\",\"breadcrumb\":{\"@id\":\"http:\/\/www.ronboplastic.com\/pt\/produto\/plantadores-de-plastico-com-imitacao-de-pedra\/#breadcrumb\"},\"inLanguage\":\"pt-PT\",\"potentialAction\":[{\"@type\":\"ReadAction\",\"target\":[\"http:\/\/www.ronboplastic.com\/pt\/produto\/plantadores-de-plastico-com-imitacao-de-pedra\/\"]}]},{\"@type\":\"ImageObject\",\"inLanguage\":\"pt-PT\",\"@id\":\"http:\/\/www.ronboplastic.com\/pt\/produto\/plantadores-de-plastico-com-imitacao-de-pedra\/#primaryimage\",\"url\":\"https:\/\/www.ronboplastic.com\/wp-content\/uploads\/2025\/09\/1-5.jpg\",\"contentUrl\":\"https:\/\/www.ronboplastic.com\/wp-content\/uploads\/2025\/09\/1-5.jpg\",\"width\":800,\"height\":800,\"caption\":\"wholesale price plant pot\"},{\"@type\":\"BreadcrumbList\",\"@id\":\"http:\/\/www.ronboplastic.com\/pt\/produto\/plantadores-de-plastico-com-imitacao-de-pedra\/#breadcrumb\",\"itemListElement\":[{\"@type\":\"ListItem\",\"position\":1,\"name\":\"\u9996\u9875\",\"item\":\"https:\/\/www.ronboplastic.com\/\"},{\"@type\":\"ListItem\",\"position\":2,\"name\":\"Products\",\"item\":\"http:\/\/www.ronboplastic.com\/products\/\"},{\"@type\":\"ListItem\",\"position\":3,\"name\":\"Imitation Stone Plastic Planters\"}]},{\"@type\":\"WebSite\",\"@id\":\"https:\/\/www.ronboplastic.com\/#website\",\"url\":\"https:\/\/www.ronboplastic.com\/\",\"name\":\"Ronbo Sunrise Pots &amp; Planters\",\"description\":\"Flower Pots &amp; Planters\",\"potentialAction\":[{\"@type\":\"SearchAction\",\"target\":{\"@type\":\"EntryPoint\",\"urlTemplate\":\"https:\/\/www.ronboplastic.com\/?s={search_term_string}\"},\"query-input\":{\"@type\":\"PropertyValueSpecification\",\"valueRequired\":true,\"valueName\":\"search_term_string\"}}],\"inLanguage\":\"pt-PT\"}]}<\/script>\n<!-- \/ Yoast SEO plugin. -->","yoast_head_json":{"title":"Imitation Stone Plastic Planters - Ronbo Sunrise Pots &amp; Planters","robots":{"index":"index","follow":"follow","max-snippet":"max-snippet:-1","max-image-preview":"max-image-preview:large","max-video-preview":"max-video-preview:-1"},"canonical":"http:\/\/www.ronboplastic.com\/pt\/produto\/plantadores-de-plastico-com-imitacao-de-pedra\/","og_locale":"pt_PT","og_type":"article","og_title":"Imitation Stone Plastic Planters - Ronbo Sunrise Pots &amp; Planters","og_description":"Modern Plant and Tree Flower Pots - Circular Belly shaped Flower Pots is a modern plant and tree flower pot designed with a circular belly shape. This flowerpot is suitable for planting various plants and trees, which can add unique decorative effects to your indoor and outdoor space while also allowing plants to grow healthily.","og_url":"http:\/\/www.ronboplastic.com\/pt\/produto\/plantadores-de-plastico-com-imitacao-de-pedra\/","og_site_name":"Ronbo Sunrise Pots &amp; Planters","article_modified_time":"2025-09-08T06:16:19+00:00","og_image":[{"width":800,"height":800,"url":"https:\/\/www.ronboplastic.com\/wp-content\/uploads\/2025\/09\/1-5.jpg","type":"image\/jpeg"}],"twitter_card":"summary_large_image","twitter_misc":{"Tempo estimado de leitura":"2 minutos"},"schema":{"@context":"https:\/\/schema.org","@graph":[{"@type":"WebPage","@id":"http:\/\/www.ronboplastic.com\/pt\/produto\/plantadores-de-plastico-com-imitacao-de-pedra\/","url":"http:\/\/www.ronboplastic.com\/pt\/produto\/plantadores-de-plastico-com-imitacao-de-pedra\/","name":"Imitation Stone Plastic Planters - Ronbo Sunrise Pots &amp; Planters","isPartOf":{"@id":"https:\/\/www.ronboplastic.com\/#website"},"primaryImageOfPage":{"@id":"http:\/\/www.ronboplastic.com\/pt\/produto\/plantadores-de-plastico-com-imitacao-de-pedra\/#primaryimage"},"image":{"@id":"http:\/\/www.ronboplastic.com\/pt\/produto\/plantadores-de-plastico-com-imitacao-de-pedra\/#primaryimage"},"thumbnailUrl":"https:\/\/www.ronboplastic.com\/wp-content\/uploads\/2025\/09\/1-5.jpg","datePublished":"2024-09-12T23:55:17+00:00","dateModified":"2025-09-08T06:16:19+00:00","breadcrumb":{"@id":"http:\/\/www.ronboplastic.com\/pt\/produto\/plantadores-de-plastico-com-imitacao-de-pedra\/#breadcrumb"},"inLanguage":"pt-PT","potentialAction":[{"@type":"ReadAction","target":["http:\/\/www.ronboplastic.com\/pt\/produto\/plantadores-de-plastico-com-imitacao-de-pedra\/"]}]},{"@type":"ImageObject","inLanguage":"pt-PT","@id":"http:\/\/www.ronboplastic.com\/pt\/produto\/plantadores-de-plastico-com-imitacao-de-pedra\/#primaryimage","url":"https:\/\/www.ronboplastic.com\/wp-content\/uploads\/2025\/09\/1-5.jpg","contentUrl":"https:\/\/www.ronboplastic.com\/wp-content\/uploads\/2025\/09\/1-5.jpg","width":800,"height":800,"caption":"wholesale price plant pot"},{"@type":"BreadcrumbList","@id":"http:\/\/www.ronboplastic.com\/pt\/produto\/plantadores-de-plastico-com-imitacao-de-pedra\/#breadcrumb","itemListElement":[{"@type":"ListItem","position":1,"name":"\u9996\u9875","item":"https:\/\/www.ronboplastic.com\/"},{"@type":"ListItem","position":2,"name":"Products","item":"http:\/\/www.ronboplastic.com\/products\/"},{"@type":"ListItem","position":3,"name":"Imitation Stone Plastic Planters"}]},{"@type":"WebSite","@id":"https:\/\/www.ronboplastic.com\/#website","url":"https:\/\/www.ronboplastic.com\/","name":"Ronbo Sunrise Pots &amp; Planters","description":"Vasos de flores e jardineiras","potentialAction":[{"@type":"SearchAction","target":{"@type":"EntryPoint","urlTemplate":"https:\/\/www.ronboplastic.com\/?s={search_term_string}"},"query-input":{"@type":"PropertyValueSpecification","valueRequired":true,"valueName":"search_term_string"}}],"inLanguage":"pt-PT"}]}},"_links":{"self":[{"href":"https:\/\/www.ronboplastic.com\/pt\/wp-json\/wp\/v2\/product\/8872","targetHints":{"allow":["GET"]}}],"collection":[{"href":"https:\/\/www.ronboplastic.com\/pt\/wp-json\/wp\/v2\/product"}],"about":[{"href":"https:\/\/www.ronboplastic.com\/pt\/wp-json\/wp\/v2\/types\/product"}],"replies":[{"embeddable":true,"href":"https:\/\/www.ronboplastic.com\/pt\/wp-json\/wp\/v2\/comments?post=8872"}],"wp:featuredmedia":[{"embeddable":true,"href":"https:\/\/www.ronboplastic.com\/pt\/wp-json\/wp\/v2\/media\/8876"}],"wp:attachment":[{"href":"https:\/\/www.ronboplastic.com\/pt\/wp-json\/wp\/v2\/media?parent=8872"}],"wp:term":[{"taxonomy":"product_brand","embeddable":true,"href":"https:\/\/www.ronboplastic.com\/pt\/wp-json\/wp\/v2\/product_brand?post=8872"},{"taxonomy":"product_cat","embeddable":true,"href":"https:\/\/www.ronboplastic.com\/pt\/wp-json\/wp\/v2\/product_cat?post=8872"},{"taxonomy":"product_tag","embeddable":true,"href":"https:\/\/www.ronboplastic.com\/pt\/wp-json\/wp\/v2\/product_tag?post=8872"}],"curies":[{"name":"wp","href":"https:\/\/api.w.org\/{rel}","templated":true}]}}