{"id":8848,"date":"2024-09-12T10:02:21","date_gmt":"2024-09-12T02:02:21","guid":{"rendered":"https:\/\/www.ronboplastic.com\/index.php\/product\/plastic-cement-tree-planter-pots\/"},"modified":"2025-09-08T14:16:08","modified_gmt":"2025-09-08T06:16:08","slug":"vasos-para-arvores-em-cimento-plastico","status":"publish","type":"product","link":"https:\/\/www.ronboplastic.com\/pt\/produto\/vasos-para-arvores-em-cimento-plastico\/","title":{"rendered":"Vasos de pl\u00e1stico para planta\u00e7\u00e3o de \u00e1rvores em cimento"},"content":{"rendered":"<p>Nordic Big Size Hand Brush Cement Floor Tree Planter Pots \u00e9 um vaso de estilo n\u00f3rdico para planta\u00e7\u00e3o de \u00e1rvores em cimento escovado \u00e0 m\u00e3o, usado para decora\u00e7\u00e3o de jardins dom\u00e9sticos. Este vaso de flores \u00e9 de tamanho moderado e pode acomodar \u00e1rvores maiores, acrescentando um toque natural e moderno ao seu espa\u00e7o interior e exterior.<\/p>\n<p>Pontos de venda do produto:<\/p>\n<p>1. Design de estilo n\u00f3rdico: Este vaso de flores adopta um design de estilo n\u00f3rdico, simples e moderno. O seu ch\u00e3o de cimento escovado \u00e0 m\u00e3o d\u00e1 uma textura \u00fanica ao design geral, tornando-o um destaque na decora\u00e7\u00e3o do seu jardim.<\/p>\n<p>2. Adequado para \u00e1rvores de grande porte: Este vaso de flores tem um tamanho espa\u00e7oso e pode acomodar \u00e1rvores maiores, criando uma paisagem impressionante em jardins ou p\u00e1tios. Proporciona espa\u00e7o suficiente para as ra\u00edzes e tem um bom desempenho em termos de respirabilidade e drenagem, o que contribui para o crescimento saud\u00e1vel das \u00e1rvores.<\/p>\n<p>3. Materiais de alta qualidade: O vaso de flores \u00e9 feito de material de cimento de alta qualidade, que \u00e9 resistente e dur\u00e1vel. Pode suportar v\u00e1rias condi\u00e7\u00f5es climat\u00e9ricas e testes de utiliza\u00e7\u00e3o di\u00e1ria, garantindo uma longa vida \u00fatil.<\/p>\n<p>4. Est\u00e9tica e car\u00e1cter pr\u00e1tico: Este vaso de flores tem tanto de est\u00e9tico como de pr\u00e1tico. O seu ch\u00e3o de cimento escovado \u00e0 m\u00e3o n\u00e3o s\u00f3 est\u00e1 em conformidade com os estilos decorativos modernos, como tamb\u00e9m combina com v\u00e1rios ambientes interiores e exteriores. Ao mesmo tempo, tamb\u00e9m \u00e9 muito pr\u00e1tico para a limpeza e manuten\u00e7\u00e3o, basta limpar suavemente com \u00e1gua e sab\u00e3o.<\/p>\n<p>5. Escolha ideal para a decora\u00e7\u00e3o de jardins: Seja em um jardim familiar, p\u00e1tio, varanda ou espa\u00e7o interno, os vasos de plantador de \u00e1rvores de ch\u00e3o de cimento com escova de m\u00e3o de tamanho grande n\u00f3rdico ser\u00e3o a escolha ideal para a decora\u00e7\u00e3o do seu jardim. O seu design de estilo n\u00f3rdico, os materiais de alta qualidade e o tamanho adequado para \u00e1rvores de grande porte proporcionam-lhe um efeito de decora\u00e7\u00e3o de jardim \u00fanico e apelativo.<\/p>\n<p>Quer pretenda dar um toque natural e moderno aos espa\u00e7os interiores ou exteriores, os vasos para planta\u00e7\u00e3o de \u00e1rvores Nordic Big Size Hand Brush Cement Floor podem satisfazer as suas necessidades. O seu design \u00fanico, adequado \u00e0 capacidade de \u00e1rvores de grande porte, e a qualidade duradoura do material proporcionar-lhe-\u00e3o um prazer duradouro na decora\u00e7\u00e3o do jardim.<\/p>\n<p><img loading=\"lazy\" decoding=\"async\" title=\"01\" src=\"https:\/\/www.ronboplastic.com\/wp-content\/uploads\/2025\/09\/202308081023140ecda09777af4f229743eb17d035ac4e.jpg\" alt=\"01\" width=\"800\" height=\"4295\" \/><\/p>\n<p><img loading=\"lazy\" decoding=\"async\" title=\"02\" src=\"https:\/\/www.ronboplastic.com\/wp-content\/uploads\/2025\/09\/202308081023140a064788591e45e788f23ec881879275.jpg\" alt=\"02\" width=\"800\" height=\"3946\" \/><\/p>\n<p><img loading=\"lazy\" decoding=\"async\" title=\"produto-800-207\" src=\"https:\/\/www.ronboplastic.com\/wp-content\/uploads\/2025\/09\/202205131612159a16ace32ec04133ae6f48e4dcaa3c85.jpg\" alt=\"Plantador de jardim em barril\" width=\"800\" height=\"207\" \/><\/p>\n<p>Hot Tags: plantador de \u00e1rvores de cimento n\u00f3rdico de tamanho grande, fornecedores, fabricantes, f\u00e1brica, atacado, para venda<\/p>","protected":false},"excerpt":{"rendered":"<p>Este vaso de flores \u00e9 de tamanho moderado e pode acomodar \u00e1rvores maiores, acrescentando um toque natural e moderno ao seu espa\u00e7o interior e exterior.<\/p>","protected":false},"featured_media":8852,"comment_status":"open","ping_status":"open","template":"","meta":[],"product_brand":[],"product_cat":[80],"product_tag":[79],"class_list":{"0":"post-8848","1":"product","2":"type-product","3":"status-publish","4":"has-post-thumbnail","6":"product_cat-decorative-potsampplanters","7":"product_tag-decorative-plant-pots","9":"first","10":"instock","11":"shipping-taxable","12":"product-type-simple"},"yoast_head":"<!-- This site is optimized with the Yoast SEO plugin v26.1.1 - https:\/\/yoast.com\/wordpress\/plugins\/seo\/ -->\n<title>Plastic Cement Tree Planter Pots - Ronbo Sunrise Pots &amp; Planters<\/title>\n<meta name=\"robots\" content=\"index, follow, max-snippet:-1, max-image-preview:large, max-video-preview:-1\" \/>\n<link rel=\"canonical\" href=\"http:\/\/www.ronboplastic.com\/pt\/produto\/vasos-para-arvores-em-cimento-plastico\/\" \/>\n<meta property=\"og:locale\" content=\"pt_PT\" \/>\n<meta property=\"og:type\" content=\"article\" \/>\n<meta property=\"og:title\" content=\"Plastic Cement Tree Planter Pots - Ronbo Sunrise Pots &amp; Planters\" \/>\n<meta property=\"og:description\" content=\"This flowerpot is of moderate size and can accommodate larger trees, adding a natural and modern feel to your indoor and outdoor space.\" \/>\n<meta property=\"og:url\" content=\"http:\/\/www.ronboplastic.com\/pt\/produto\/vasos-para-arvores-em-cimento-plastico\/\" \/>\n<meta property=\"og:site_name\" content=\"Ronbo Sunrise Pots &amp; Planters\" \/>\n<meta property=\"article:modified_time\" content=\"2025-09-08T06:16:08+00:00\" \/>\n<meta property=\"og:image\" content=\"https:\/\/www.ronboplastic.com\/wp-content\/uploads\/2025\/09\/1-3.jpg\" \/>\n\t<meta property=\"og:image:width\" content=\"800\" \/>\n\t<meta property=\"og:image:height\" content=\"800\" \/>\n\t<meta property=\"og:image:type\" content=\"image\/jpeg\" \/>\n<meta name=\"twitter:card\" content=\"summary_large_image\" \/>\n<meta name=\"twitter:label1\" content=\"Tempo estimado de leitura\" \/>\n\t<meta name=\"twitter:data1\" content=\"2 minutos\" \/>\n<script type=\"application\/ld+json\" class=\"yoast-schema-graph\">{\"@context\":\"https:\/\/schema.org\",\"@graph\":[{\"@type\":\"WebPage\",\"@id\":\"http:\/\/www.ronboplastic.com\/fr\/produit\/pots-de-plantation-darbres-en-ciment-plastique\/\",\"url\":\"http:\/\/www.ronboplastic.com\/fr\/produit\/pots-de-plantation-darbres-en-ciment-plastique\/\",\"name\":\"Plastic Cement Tree Planter Pots - Ronbo Sunrise Pots &amp; Planters\",\"isPartOf\":{\"@id\":\"https:\/\/www.ronboplastic.com\/#website\"},\"primaryImageOfPage\":{\"@id\":\"http:\/\/www.ronboplastic.com\/fr\/produit\/pots-de-plantation-darbres-en-ciment-plastique\/#primaryimage\"},\"image\":{\"@id\":\"http:\/\/www.ronboplastic.com\/fr\/produit\/pots-de-plantation-darbres-en-ciment-plastique\/#primaryimage\"},\"thumbnailUrl\":\"https:\/\/www.ronboplastic.com\/wp-content\/uploads\/2025\/09\/1-3.jpg\",\"datePublished\":\"2024-09-12T02:02:21+00:00\",\"dateModified\":\"2025-09-08T06:16:08+00:00\",\"breadcrumb\":{\"@id\":\"http:\/\/www.ronboplastic.com\/fr\/produit\/pots-de-plantation-darbres-en-ciment-plastique\/#breadcrumb\"},\"inLanguage\":\"pt-PT\",\"potentialAction\":[{\"@type\":\"ReadAction\",\"target\":[\"http:\/\/www.ronboplastic.com\/fr\/produit\/pots-de-plantation-darbres-en-ciment-plastique\/\"]}]},{\"@type\":\"ImageObject\",\"inLanguage\":\"pt-PT\",\"@id\":\"http:\/\/www.ronboplastic.com\/fr\/produit\/pots-de-plantation-darbres-en-ciment-plastique\/#primaryimage\",\"url\":\"https:\/\/www.ronboplastic.com\/wp-content\/uploads\/2025\/09\/1-3.jpg\",\"contentUrl\":\"https:\/\/www.ronboplastic.com\/wp-content\/uploads\/2025\/09\/1-3.jpg\",\"width\":800,\"height\":800,\"caption\":\"wholesale price plant pots\"},{\"@type\":\"BreadcrumbList\",\"@id\":\"http:\/\/www.ronboplastic.com\/fr\/produit\/pots-de-plantation-darbres-en-ciment-plastique\/#breadcrumb\",\"itemListElement\":[{\"@type\":\"ListItem\",\"position\":1,\"name\":\"\u9996\u9875\",\"item\":\"https:\/\/www.ronboplastic.com\/\"},{\"@type\":\"ListItem\",\"position\":2,\"name\":\"Products\",\"item\":\"http:\/\/www.ronboplastic.com\/products\/\"},{\"@type\":\"ListItem\",\"position\":3,\"name\":\"Plastic Cement Tree Planter Pots\"}]},{\"@type\":\"WebSite\",\"@id\":\"https:\/\/www.ronboplastic.com\/#website\",\"url\":\"https:\/\/www.ronboplastic.com\/\",\"name\":\"Ronbo Sunrise Pots &amp; Planters\",\"description\":\"Flower Pots &amp; Planters\",\"potentialAction\":[{\"@type\":\"SearchAction\",\"target\":{\"@type\":\"EntryPoint\",\"urlTemplate\":\"https:\/\/www.ronboplastic.com\/?s={search_term_string}\"},\"query-input\":{\"@type\":\"PropertyValueSpecification\",\"valueRequired\":true,\"valueName\":\"search_term_string\"}}],\"inLanguage\":\"pt-PT\"}]}<\/script>\n<!-- \/ Yoast SEO plugin. -->","yoast_head_json":{"title":"Plastic Cement Tree Planter Pots - Ronbo Sunrise Pots &amp; Planters","robots":{"index":"index","follow":"follow","max-snippet":"max-snippet:-1","max-image-preview":"max-image-preview:large","max-video-preview":"max-video-preview:-1"},"canonical":"http:\/\/www.ronboplastic.com\/pt\/produto\/vasos-para-arvores-em-cimento-plastico\/","og_locale":"pt_PT","og_type":"article","og_title":"Plastic Cement Tree Planter Pots - Ronbo Sunrise Pots &amp; Planters","og_description":"This flowerpot is of moderate size and can accommodate larger trees, adding a natural and modern feel to your indoor and outdoor space.","og_url":"http:\/\/www.ronboplastic.com\/pt\/produto\/vasos-para-arvores-em-cimento-plastico\/","og_site_name":"Ronbo Sunrise Pots &amp; Planters","article_modified_time":"2025-09-08T06:16:08+00:00","og_image":[{"width":800,"height":800,"url":"https:\/\/www.ronboplastic.com\/wp-content\/uploads\/2025\/09\/1-3.jpg","type":"image\/jpeg"}],"twitter_card":"summary_large_image","twitter_misc":{"Tempo estimado de leitura":"2 minutos"},"schema":{"@context":"https:\/\/schema.org","@graph":[{"@type":"WebPage","@id":"http:\/\/www.ronboplastic.com\/fr\/produit\/pots-de-plantation-darbres-en-ciment-plastique\/","url":"http:\/\/www.ronboplastic.com\/fr\/produit\/pots-de-plantation-darbres-en-ciment-plastique\/","name":"Plastic Cement Tree Planter Pots - Ronbo Sunrise Pots &amp; Planters","isPartOf":{"@id":"https:\/\/www.ronboplastic.com\/#website"},"primaryImageOfPage":{"@id":"http:\/\/www.ronboplastic.com\/fr\/produit\/pots-de-plantation-darbres-en-ciment-plastique\/#primaryimage"},"image":{"@id":"http:\/\/www.ronboplastic.com\/fr\/produit\/pots-de-plantation-darbres-en-ciment-plastique\/#primaryimage"},"thumbnailUrl":"https:\/\/www.ronboplastic.com\/wp-content\/uploads\/2025\/09\/1-3.jpg","datePublished":"2024-09-12T02:02:21+00:00","dateModified":"2025-09-08T06:16:08+00:00","breadcrumb":{"@id":"http:\/\/www.ronboplastic.com\/fr\/produit\/pots-de-plantation-darbres-en-ciment-plastique\/#breadcrumb"},"inLanguage":"pt-PT","potentialAction":[{"@type":"ReadAction","target":["http:\/\/www.ronboplastic.com\/fr\/produit\/pots-de-plantation-darbres-en-ciment-plastique\/"]}]},{"@type":"ImageObject","inLanguage":"pt-PT","@id":"http:\/\/www.ronboplastic.com\/fr\/produit\/pots-de-plantation-darbres-en-ciment-plastique\/#primaryimage","url":"https:\/\/www.ronboplastic.com\/wp-content\/uploads\/2025\/09\/1-3.jpg","contentUrl":"https:\/\/www.ronboplastic.com\/wp-content\/uploads\/2025\/09\/1-3.jpg","width":800,"height":800,"caption":"wholesale price plant pots"},{"@type":"BreadcrumbList","@id":"http:\/\/www.ronboplastic.com\/fr\/produit\/pots-de-plantation-darbres-en-ciment-plastique\/#breadcrumb","itemListElement":[{"@type":"ListItem","position":1,"name":"\u9996\u9875","item":"https:\/\/www.ronboplastic.com\/"},{"@type":"ListItem","position":2,"name":"Products","item":"http:\/\/www.ronboplastic.com\/products\/"},{"@type":"ListItem","position":3,"name":"Plastic Cement Tree Planter Pots"}]},{"@type":"WebSite","@id":"https:\/\/www.ronboplastic.com\/#website","url":"https:\/\/www.ronboplastic.com\/","name":"Ronbo Sunrise Pots &amp; Planters","description":"Vasos de flores e jardineiras","potentialAction":[{"@type":"SearchAction","target":{"@type":"EntryPoint","urlTemplate":"https:\/\/www.ronboplastic.com\/?s={search_term_string}"},"query-input":{"@type":"PropertyValueSpecification","valueRequired":true,"valueName":"search_term_string"}}],"inLanguage":"pt-PT"}]}},"_links":{"self":[{"href":"https:\/\/www.ronboplastic.com\/pt\/wp-json\/wp\/v2\/product\/8848","targetHints":{"allow":["GET"]}}],"collection":[{"href":"https:\/\/www.ronboplastic.com\/pt\/wp-json\/wp\/v2\/product"}],"about":[{"href":"https:\/\/www.ronboplastic.com\/pt\/wp-json\/wp\/v2\/types\/product"}],"replies":[{"embeddable":true,"href":"https:\/\/www.ronboplastic.com\/pt\/wp-json\/wp\/v2\/comments?post=8848"}],"wp:featuredmedia":[{"embeddable":true,"href":"https:\/\/www.ronboplastic.com\/pt\/wp-json\/wp\/v2\/media\/8852"}],"wp:attachment":[{"href":"https:\/\/www.ronboplastic.com\/pt\/wp-json\/wp\/v2\/media?parent=8848"}],"wp:term":[{"taxonomy":"product_brand","embeddable":true,"href":"https:\/\/www.ronboplastic.com\/pt\/wp-json\/wp\/v2\/product_brand?post=8848"},{"taxonomy":"product_cat","embeddable":true,"href":"https:\/\/www.ronboplastic.com\/pt\/wp-json\/wp\/v2\/product_cat?post=8848"},{"taxonomy":"product_tag","embeddable":true,"href":"https:\/\/www.ronboplastic.com\/pt\/wp-json\/wp\/v2\/product_tag?post=8848"}],"curies":[{"name":"wp","href":"https:\/\/api.w.org\/{rel}","templated":true}]}}