{"id":8826,"date":"2024-09-12T08:16:31","date_gmt":"2024-09-12T00:16:31","guid":{"rendered":"https:\/\/www.ronboplastic.com\/index.php\/product\/rotational-moulding-square-garden-pot\/"},"modified":"2025-09-08T14:15:57","modified_gmt":"2025-09-08T06:15:57","slug":"vaso-de-jardim-quadrado-com-moldagem-por-rotacao","status":"publish","type":"product","link":"https:\/\/www.ronboplastic.com\/pt\/produto\/vaso-de-jardim-quadrado-com-moldagem-por-rotacao\/","title":{"rendered":"Vaso de jardim quadrado com moldagem por rota\u00e7\u00e3o"},"content":{"rendered":"<p>Este vaso de estilo n\u00f3rdico apresenta um design quadrado de estilo europeu, proporcionando uma escolha elegante e pr\u00e1tica para o seu jardim, exterior e planta\u00e7\u00e3o interior. Estes vasos de flores s\u00e3o feitos de materiais de alta qualidade, que s\u00e3o dur\u00e1veis e podem resistir a v\u00e1rias condi\u00e7\u00f5es climat\u00e9ricas. O design destes vasos de flores \u00e9 simples e moderno, e pode integrar-se facilmente em qualquer estilo decorativo interior ou exterior. A sua forma quadrada facilita a coloca\u00e7\u00e3o e permite a utiliza\u00e7\u00e3o m\u00e1xima do espa\u00e7o num espa\u00e7o limitado. Quer esteja a plantar flores e plantas no jardim, ou a colocar plantas verdes na varanda ou na sala de estar, estes vasos para flores podem proporcionar-lhe o ambiente ideal para a planta\u00e7\u00e3o.<\/p>\n<p>Pontos de venda do produto:<\/p>\n<p>1. Estilo n\u00f3rdico: Este vaso de flores \u00e9 inspirado no estilo n\u00f3rdico, apresentando um design simples e moderno, tornando o seu jardim ou espa\u00e7o interior mais personalizado.<\/p>\n<p>2. Materiais de alta qualidade: Utilizamos materiais de alta qualidade para fabricar estes vasos de flores, o que lhes permite serem utilizados durante muito tempo e resistirem a v\u00e1rias condi\u00e7\u00f5es climat\u00e9ricas.<\/p>\n<p>3. Design quadrado: A forma quadrada n\u00e3o s\u00f3 \u00e9 esteticamente agrad\u00e1vel, como tamb\u00e9m permite uma melhor utiliza\u00e7\u00e3o do espa\u00e7o em espa\u00e7os limitados, proporcionando-lhe mais op\u00e7\u00f5es de planta\u00e7\u00e3o.<\/p>\n<p>4. Multifuncionais: Estes vasos de flores s\u00e3o adequados para v\u00e1rios locais, incluindo jardins, varandas, interiores, etc., e podem ser plantados e colocados de acordo com as suas necessidades.<\/p>\n<p>5. Manuten\u00e7\u00e3o simples: Estes vasos de flores s\u00e3o f\u00e1ceis de limpar e manter e podem ajud\u00e1-lo a manter a limpeza e a est\u00e9tica do seu jardim ou espa\u00e7o interior.<\/p>\n<p>Quer seja um entusiasta de jardins que adora plantar ou um designer de interiores que gosta de colocar plantas verdes em casa, esta jardineira de estilo n\u00f3rdico ser\u00e1 a sua escolha ideal, acrescentando beleza e vitalidade ao seu ambiente.<\/p>","protected":false},"excerpt":{"rendered":"<p>Este vaso de estilo n\u00f3rdico apresenta um design quadrado de estilo europeu, proporcionando uma escolha elegante e pr\u00e1tica para o seu jardim, exterior e planta\u00e7\u00e3o interior. Estes vasos de flores s\u00e3o feitos de materiais de alta qualidade, que s\u00e3o dur\u00e1veis e podem resistir a v\u00e1rias condi\u00e7\u00f5es climat\u00e9ricas.<\/p>","protected":false},"featured_media":8827,"comment_status":"open","ping_status":"open","template":"","meta":[],"product_brand":[],"product_cat":[20],"product_tag":[79],"class_list":{"0":"post-8826","1":"product","2":"type-product","3":"status-publish","4":"has-post-thumbnail","6":"product_cat-uncategorized","7":"product_tag-decorative-plant-pots","9":"first","10":"instock","11":"shipping-taxable","12":"product-type-simple"},"yoast_head":"<!-- This site is optimized with the Yoast SEO plugin v26.1.1 - https:\/\/yoast.com\/wordpress\/plugins\/seo\/ -->\n<title>Rotational Moulding Square Garden Pot - Ronbo Sunrise Pots &amp; Planters<\/title>\n<meta name=\"robots\" content=\"index, follow, max-snippet:-1, max-image-preview:large, max-video-preview:-1\" \/>\n<link rel=\"canonical\" href=\"https:\/\/www.ronboplastic.com\/pt\/produto\/vaso-de-jardim-quadrado-com-moldagem-por-rotacao\/\" \/>\n<meta property=\"og:locale\" content=\"pt_PT\" \/>\n<meta property=\"og:type\" content=\"article\" \/>\n<meta property=\"og:title\" content=\"Rotational Moulding Square Garden Pot - Ronbo Sunrise Pots &amp; Planters\" \/>\n<meta property=\"og:description\" content=\"This Nordic style planter pot features a European style square design, providing a fashionable and practical choice for your garden, outdoor, and indoor planting. These flower pots are made of high-quality materials, which are durable and can withstand various climatic conditions.\" \/>\n<meta property=\"og:url\" content=\"https:\/\/www.ronboplastic.com\/pt\/produto\/vaso-de-jardim-quadrado-com-moldagem-por-rotacao\/\" \/>\n<meta property=\"og:site_name\" content=\"Ronbo Sunrise Pots &amp; Planters\" \/>\n<meta property=\"article:modified_time\" content=\"2025-09-08T06:15:57+00:00\" \/>\n<meta property=\"og:image\" content=\"https:\/\/www.ronboplastic.com\/wp-content\/uploads\/2025\/09\/1-1-1.jpg\" \/>\n\t<meta property=\"og:image:width\" content=\"800\" \/>\n\t<meta property=\"og:image:height\" content=\"800\" \/>\n\t<meta property=\"og:image:type\" content=\"image\/jpeg\" \/>\n<meta name=\"twitter:card\" content=\"summary_large_image\" \/>\n<meta name=\"twitter:label1\" content=\"Tempo estimado de leitura\" \/>\n\t<meta name=\"twitter:data1\" content=\"1 minuto\" \/>\n<script type=\"application\/ld+json\" class=\"yoast-schema-graph\">{\"@context\":\"https:\/\/schema.org\",\"@graph\":[{\"@type\":\"WebPage\",\"@id\":\"https:\/\/www.ronboplastic.com\/ru\/%d0%bf%d1%80%d0%be%d0%b4%d1%83%d0%ba%d1%82\/rotational-moulding-square-garden-pot\/\",\"url\":\"https:\/\/www.ronboplastic.com\/ru\/%d0%bf%d1%80%d0%be%d0%b4%d1%83%d0%ba%d1%82\/rotational-moulding-square-garden-pot\/\",\"name\":\"Rotational Moulding Square Garden Pot - Ronbo Sunrise Pots &amp; Planters\",\"isPartOf\":{\"@id\":\"https:\/\/www.ronboplastic.com\/#website\"},\"primaryImageOfPage\":{\"@id\":\"https:\/\/www.ronboplastic.com\/ru\/%d0%bf%d1%80%d0%be%d0%b4%d1%83%d0%ba%d1%82\/rotational-moulding-square-garden-pot\/#primaryimage\"},\"image\":{\"@id\":\"https:\/\/www.ronboplastic.com\/ru\/%d0%bf%d1%80%d0%be%d0%b4%d1%83%d0%ba%d1%82\/rotational-moulding-square-garden-pot\/#primaryimage\"},\"thumbnailUrl\":\"https:\/\/www.ronboplastic.com\/wp-content\/uploads\/2025\/09\/1-1-1.jpg\",\"datePublished\":\"2024-09-12T00:16:31+00:00\",\"dateModified\":\"2025-09-08T06:15:57+00:00\",\"breadcrumb\":{\"@id\":\"https:\/\/www.ronboplastic.com\/ru\/%d0%bf%d1%80%d0%be%d0%b4%d1%83%d0%ba%d1%82\/rotational-moulding-square-garden-pot\/#breadcrumb\"},\"inLanguage\":\"pt-PT\",\"potentialAction\":[{\"@type\":\"ReadAction\",\"target\":[\"https:\/\/www.ronboplastic.com\/ru\/%d0%bf%d1%80%d0%be%d0%b4%d1%83%d0%ba%d1%82\/rotational-moulding-square-garden-pot\/\"]}]},{\"@type\":\"ImageObject\",\"inLanguage\":\"pt-PT\",\"@id\":\"https:\/\/www.ronboplastic.com\/ru\/%d0%bf%d1%80%d0%be%d0%b4%d1%83%d0%ba%d1%82\/rotational-moulding-square-garden-pot\/#primaryimage\",\"url\":\"https:\/\/www.ronboplastic.com\/wp-content\/uploads\/2025\/09\/1-1-1.jpg\",\"contentUrl\":\"https:\/\/www.ronboplastic.com\/wp-content\/uploads\/2025\/09\/1-1-1.jpg\",\"width\":800,\"height\":800,\"caption\":\"pp material plant pots\"},{\"@type\":\"BreadcrumbList\",\"@id\":\"https:\/\/www.ronboplastic.com\/ru\/%d0%bf%d1%80%d0%be%d0%b4%d1%83%d0%ba%d1%82\/rotational-moulding-square-garden-pot\/#breadcrumb\",\"itemListElement\":[{\"@type\":\"ListItem\",\"position\":1,\"name\":\"\u9996\u9875\",\"item\":\"https:\/\/www.ronboplastic.com\/\"},{\"@type\":\"ListItem\",\"position\":2,\"name\":\"Products\",\"item\":\"http:\/\/www.ronboplastic.com\/products\/\"},{\"@type\":\"ListItem\",\"position\":3,\"name\":\"Rotational Moulding Square Garden Pot\"}]},{\"@type\":\"WebSite\",\"@id\":\"https:\/\/www.ronboplastic.com\/#website\",\"url\":\"https:\/\/www.ronboplastic.com\/\",\"name\":\"Ronbo Sunrise Pots &amp; Planters\",\"description\":\"Flower Pots &amp; Planters\",\"potentialAction\":[{\"@type\":\"SearchAction\",\"target\":{\"@type\":\"EntryPoint\",\"urlTemplate\":\"https:\/\/www.ronboplastic.com\/?s={search_term_string}\"},\"query-input\":{\"@type\":\"PropertyValueSpecification\",\"valueRequired\":true,\"valueName\":\"search_term_string\"}}],\"inLanguage\":\"pt-PT\"}]}<\/script>\n<!-- \/ Yoast SEO plugin. -->","yoast_head_json":{"title":"Rotational Moulding Square Garden Pot - Ronbo Sunrise Pots &amp; Planters","robots":{"index":"index","follow":"follow","max-snippet":"max-snippet:-1","max-image-preview":"max-image-preview:large","max-video-preview":"max-video-preview:-1"},"canonical":"https:\/\/www.ronboplastic.com\/pt\/produto\/vaso-de-jardim-quadrado-com-moldagem-por-rotacao\/","og_locale":"pt_PT","og_type":"article","og_title":"Rotational Moulding Square Garden Pot - Ronbo Sunrise Pots &amp; Planters","og_description":"This Nordic style planter pot features a European style square design, providing a fashionable and practical choice for your garden, outdoor, and indoor planting. These flower pots are made of high-quality materials, which are durable and can withstand various climatic conditions.","og_url":"https:\/\/www.ronboplastic.com\/pt\/produto\/vaso-de-jardim-quadrado-com-moldagem-por-rotacao\/","og_site_name":"Ronbo Sunrise Pots &amp; Planters","article_modified_time":"2025-09-08T06:15:57+00:00","og_image":[{"width":800,"height":800,"url":"https:\/\/www.ronboplastic.com\/wp-content\/uploads\/2025\/09\/1-1-1.jpg","type":"image\/jpeg"}],"twitter_card":"summary_large_image","twitter_misc":{"Tempo estimado de leitura":"1 minuto"},"schema":{"@context":"https:\/\/schema.org","@graph":[{"@type":"WebPage","@id":"https:\/\/www.ronboplastic.com\/ru\/%d0%bf%d1%80%d0%be%d0%b4%d1%83%d0%ba%d1%82\/rotational-moulding-square-garden-pot\/","url":"https:\/\/www.ronboplastic.com\/ru\/%d0%bf%d1%80%d0%be%d0%b4%d1%83%d0%ba%d1%82\/rotational-moulding-square-garden-pot\/","name":"Rotational Moulding Square Garden Pot - Ronbo Sunrise Pots &amp; Planters","isPartOf":{"@id":"https:\/\/www.ronboplastic.com\/#website"},"primaryImageOfPage":{"@id":"https:\/\/www.ronboplastic.com\/ru\/%d0%bf%d1%80%d0%be%d0%b4%d1%83%d0%ba%d1%82\/rotational-moulding-square-garden-pot\/#primaryimage"},"image":{"@id":"https:\/\/www.ronboplastic.com\/ru\/%d0%bf%d1%80%d0%be%d0%b4%d1%83%d0%ba%d1%82\/rotational-moulding-square-garden-pot\/#primaryimage"},"thumbnailUrl":"https:\/\/www.ronboplastic.com\/wp-content\/uploads\/2025\/09\/1-1-1.jpg","datePublished":"2024-09-12T00:16:31+00:00","dateModified":"2025-09-08T06:15:57+00:00","breadcrumb":{"@id":"https:\/\/www.ronboplastic.com\/ru\/%d0%bf%d1%80%d0%be%d0%b4%d1%83%d0%ba%d1%82\/rotational-moulding-square-garden-pot\/#breadcrumb"},"inLanguage":"pt-PT","potentialAction":[{"@type":"ReadAction","target":["https:\/\/www.ronboplastic.com\/ru\/%d0%bf%d1%80%d0%be%d0%b4%d1%83%d0%ba%d1%82\/rotational-moulding-square-garden-pot\/"]}]},{"@type":"ImageObject","inLanguage":"pt-PT","@id":"https:\/\/www.ronboplastic.com\/ru\/%d0%bf%d1%80%d0%be%d0%b4%d1%83%d0%ba%d1%82\/rotational-moulding-square-garden-pot\/#primaryimage","url":"https:\/\/www.ronboplastic.com\/wp-content\/uploads\/2025\/09\/1-1-1.jpg","contentUrl":"https:\/\/www.ronboplastic.com\/wp-content\/uploads\/2025\/09\/1-1-1.jpg","width":800,"height":800,"caption":"pp material plant pots"},{"@type":"BreadcrumbList","@id":"https:\/\/www.ronboplastic.com\/ru\/%d0%bf%d1%80%d0%be%d0%b4%d1%83%d0%ba%d1%82\/rotational-moulding-square-garden-pot\/#breadcrumb","itemListElement":[{"@type":"ListItem","position":1,"name":"\u9996\u9875","item":"https:\/\/www.ronboplastic.com\/"},{"@type":"ListItem","position":2,"name":"Products","item":"http:\/\/www.ronboplastic.com\/products\/"},{"@type":"ListItem","position":3,"name":"Rotational Moulding Square Garden Pot"}]},{"@type":"WebSite","@id":"https:\/\/www.ronboplastic.com\/#website","url":"https:\/\/www.ronboplastic.com\/","name":"Ronbo Sunrise Pots &amp; Planters","description":"Vasos de flores e jardineiras","potentialAction":[{"@type":"SearchAction","target":{"@type":"EntryPoint","urlTemplate":"https:\/\/www.ronboplastic.com\/?s={search_term_string}"},"query-input":{"@type":"PropertyValueSpecification","valueRequired":true,"valueName":"search_term_string"}}],"inLanguage":"pt-PT"}]}},"_links":{"self":[{"href":"https:\/\/www.ronboplastic.com\/pt\/wp-json\/wp\/v2\/product\/8826","targetHints":{"allow":["GET"]}}],"collection":[{"href":"https:\/\/www.ronboplastic.com\/pt\/wp-json\/wp\/v2\/product"}],"about":[{"href":"https:\/\/www.ronboplastic.com\/pt\/wp-json\/wp\/v2\/types\/product"}],"replies":[{"embeddable":true,"href":"https:\/\/www.ronboplastic.com\/pt\/wp-json\/wp\/v2\/comments?post=8826"}],"wp:featuredmedia":[{"embeddable":true,"href":"https:\/\/www.ronboplastic.com\/pt\/wp-json\/wp\/v2\/media\/8827"}],"wp:attachment":[{"href":"https:\/\/www.ronboplastic.com\/pt\/wp-json\/wp\/v2\/media?parent=8826"}],"wp:term":[{"taxonomy":"product_brand","embeddable":true,"href":"https:\/\/www.ronboplastic.com\/pt\/wp-json\/wp\/v2\/product_brand?post=8826"},{"taxonomy":"product_cat","embeddable":true,"href":"https:\/\/www.ronboplastic.com\/pt\/wp-json\/wp\/v2\/product_cat?post=8826"},{"taxonomy":"product_tag","embeddable":true,"href":"https:\/\/www.ronboplastic.com\/pt\/wp-json\/wp\/v2\/product_tag?post=8826"}],"curies":[{"name":"wp","href":"https:\/\/api.w.org\/{rel}","templated":true}]}}