{"id":8776,"date":"2024-09-10T09:52:50","date_gmt":"2024-09-10T01:52:50","guid":{"rendered":"https:\/\/www.ronboplastic.com\/index.php\/product\/10-gallon-plant-pot\/"},"modified":"2026-05-09T01:58:51","modified_gmt":"2026-05-09T08:58:51","slug":"vaso-de-10-galoes-para-plantas","status":"publish","type":"product","link":"https:\/\/www.ronboplastic.com\/pt\/produto\/vaso-de-10-galoes-para-plantas\/","title":{"rendered":"Vaso de 10 gal\u00f5es para plantas"},"content":{"rendered":"<p>Injection-mole nursery 10 GAL POT para vegetais tropicais - Eles s\u00e3o inteiros para plantas extras dom\u00e9sticas, flores, suculentas, mudas, mudas e mudas. - O vaso \u00e9 feito de fluxo mold\u00e1vel, que \u00e9 recicl\u00e1vel e leve. Os vasos de viveiro s\u00e3o \u00d3TIMOS para qualquer fazenda dentro ou fora de casa! Podem ser reutilizados vezes sem conta.<\/p>\n<p><strong>Especifica\u00e7\u00f5es<\/strong><\/p>\n<section class=\"table-wrap\">\n<table class=\"table\" border=\"1\" width=\"NaN\" cellspacing=\"0\" cellpadding=\"0\">\n<tbody>\n<tr class=\"firstRow\">\n<td width=\"181\">N\u00famero do modelo<\/td>\n<td width=\"181\">RB-G010<\/td>\n<td colspan=\"1\" rowspan=\"1\" valign=\"null\" width=\"181\">RB-G010HI<\/td>\n<\/tr>\n<tr>\n<td width=\"181\">Tipo de pl\u00e1stico<\/td>\n<td width=\"181\">PP<\/td>\n<td colspan=\"1\" rowspan=\"1\" valign=\"null\" width=\"181\">PP<\/td>\n<\/tr>\n<tr>\n<td width=\"181\">Tipo<\/td>\n<td width=\"181\">Propaga\u00e7\u00e3o<\/td>\n<td colspan=\"1\" rowspan=\"1\" valign=\"null\" width=\"181\">Propaga\u00e7\u00e3o<\/td>\n<\/tr>\n<tr>\n<td width=\"181\">Di\u00e2metro superior<\/td>\n<td width=\"181\">41,8 cm\/16,46 polegadas<\/td>\n<td colspan=\"1\" rowspan=\"1\" valign=\"null\" width=\"181\">40cm\/15,75inch<\/td>\n<\/tr>\n<tr>\n<td width=\"181\">Di\u00e2metro do fundo<\/td>\n<td width=\"181\">33,5 cm\/13,19 polegadas<\/td>\n<td colspan=\"1\" rowspan=\"1\" valign=\"null\" width=\"181\">32,5cm\/12,8inch<\/td>\n<\/tr>\n<tr>\n<td width=\"181\">Altura<\/td>\n<td width=\"181\">30cm\/11,81polegadas<\/td>\n<td colspan=\"1\" rowspan=\"1\" valign=\"null\" width=\"181\">37,5 cm\/14,76 polegadas<\/td>\n<\/tr>\n<tr>\n<td width=\"181\">Volume<\/td>\n<td width=\"181\">30,6L\/8,1Gal<\/td>\n<td colspan=\"1\" rowspan=\"1\" valign=\"null\" width=\"181\">35,1L\/9,3Gal<\/td>\n<\/tr>\n<\/tbody>\n<\/table>\n<\/section>\n<p><img loading=\"lazy\" decoding=\"async\" title=\"10_01\" src=\"https:\/\/www.ronboplastic.com\/wp-content\/uploads\/2025\/09\/2022090116532288d347a34c7042198e36b6d32bc29e0c.jpg\" alt=\"10_01\" width=\"800\" height=\"1714\" border=\"0\" vspace=\"0\" \/><\/p>\n<p><img loading=\"lazy\" decoding=\"async\" title=\"10_02\" src=\"https:\/\/www.ronboplastic.com\/wp-content\/uploads\/2025\/09\/202209011653263ec9ecfe74134e5a8eb0a84ab1556762.jpg\" width=\"800\" height=\"2022\" \/><\/p>\n<p class=\"productsTags\">Hot Tags: Vaso de planta de 10 gal\u00f5es, fornecedores, fabricantes, f\u00e1brica, atacado, para venda<\/p>","protected":false},"excerpt":{"rendered":"<p>Injection-mole nursery 10 GAL POT para vegetais tropicais - Eles s\u00e3o inteiros para plantas extras dom\u00e9sticas, flores, suculentas, mudas, mudas e mudas. - O vaso \u00e9 feito de fluxo mold\u00e1vel, que \u00e9 recicl\u00e1vel e leve. Os vasos de viveiro s\u00e3o \u00d3TIMOS para qualquer fazenda dentro ou fora de casa! Podem ser reutilizados vezes sem conta.<\/p>","protected":false},"featured_media":8780,"comment_status":"open","ping_status":"open","template":"","meta":[],"product_brand":[],"product_cat":[143],"product_tag":[75],"class_list":{"0":"post-8776","1":"product","2":"type-product","3":"status-publish","4":"has-post-thumbnail","6":"product_cat-gallon-pots-nursery","7":"product_tag-10-gallon-pots","9":"first","10":"instock","11":"shipping-taxable","12":"product-type-simple"},"yoast_head":"<!-- This site is optimized with the Yoast SEO plugin v26.1.1 - https:\/\/yoast.com\/wordpress\/plugins\/seo\/ -->\n<title>10 Gallon Plant Pot - Ronbo Sunrise Pots &amp; Planters<\/title>\n<meta name=\"robots\" content=\"index, follow, max-snippet:-1, max-image-preview:large, max-video-preview:-1\" \/>\n<link rel=\"canonical\" href=\"https:\/\/www.ronboplastic.com\/pt\/produto\/vaso-de-10-galoes-para-plantas\/\" \/>\n<meta property=\"og:locale\" content=\"pt_PT\" \/>\n<meta property=\"og:type\" content=\"article\" \/>\n<meta property=\"og:title\" content=\"10 Gallon Plant Pot - Ronbo Sunrise Pots &amp; Planters\" \/>\n<meta property=\"og:description\" content=\"Injection-mole nursery 10 GAL POT for tropical vegetable \u00b7 They are entire for domestic extra plants, bloom, succulents, seedlings, cuttings and seedlings. \u00b7 The pot is made of flowing moldable, which is recyclable and lightweight .Nursery Pots are GREAT for manner in any farm indoors or outdoor! Can be reused again and again.\" \/>\n<meta property=\"og:url\" content=\"https:\/\/www.ronboplastic.com\/pt\/produto\/vaso-de-10-galoes-para-plantas\/\" \/>\n<meta property=\"og:site_name\" content=\"Ronbo Sunrise Pots &amp; Planters\" \/>\n<meta property=\"article:modified_time\" content=\"2026-05-09T08:58:51+00:00\" \/>\n<meta property=\"og:image\" content=\"https:\/\/www.ronboplastic.com\/wp-content\/uploads\/2025\/09\/RB-G010.jpg\" \/>\n\t<meta property=\"og:image:width\" content=\"800\" \/>\n\t<meta property=\"og:image:height\" content=\"800\" \/>\n\t<meta property=\"og:image:type\" content=\"image\/jpeg\" \/>\n<meta name=\"twitter:card\" content=\"summary_large_image\" \/>\n<script type=\"application\/ld+json\" class=\"yoast-schema-graph\">{\"@context\":\"https:\/\/schema.org\",\"@graph\":[{\"@type\":\"WebPage\",\"@id\":\"https:\/\/www.ronboplastic.com\/product\/10-gallon-plant-pot\/\",\"url\":\"https:\/\/www.ronboplastic.com\/product\/10-gallon-plant-pot\/\",\"name\":\"10 Gallon Plant Pot - Ronbo Sunrise Pots &amp; Planters\",\"isPartOf\":{\"@id\":\"https:\/\/www.ronboplastic.com\/#website\"},\"primaryImageOfPage\":{\"@id\":\"https:\/\/www.ronboplastic.com\/product\/10-gallon-plant-pot\/#primaryimage\"},\"image\":{\"@id\":\"https:\/\/www.ronboplastic.com\/product\/10-gallon-plant-pot\/#primaryimage\"},\"thumbnailUrl\":\"https:\/\/www.ronboplastic.com\/wp-content\/uploads\/2025\/09\/RB-G010.jpg\",\"datePublished\":\"2024-09-10T01:52:50+00:00\",\"dateModified\":\"2026-05-09T08:58:51+00:00\",\"breadcrumb\":{\"@id\":\"https:\/\/www.ronboplastic.com\/product\/10-gallon-plant-pot\/#breadcrumb\"},\"inLanguage\":\"pt-PT\",\"potentialAction\":[{\"@type\":\"ReadAction\",\"target\":[\"https:\/\/www.ronboplastic.com\/product\/10-gallon-plant-pot\/\"]}]},{\"@type\":\"ImageObject\",\"inLanguage\":\"pt-PT\",\"@id\":\"https:\/\/www.ronboplastic.com\/product\/10-gallon-plant-pot\/#primaryimage\",\"url\":\"https:\/\/www.ronboplastic.com\/wp-content\/uploads\/2025\/09\/RB-G010.jpg\",\"contentUrl\":\"https:\/\/www.ronboplastic.com\/wp-content\/uploads\/2025\/09\/RB-G010.jpg\",\"width\":800,\"height\":800,\"caption\":\"galon pots wholesale\"},{\"@type\":\"BreadcrumbList\",\"@id\":\"https:\/\/www.ronboplastic.com\/product\/10-gallon-plant-pot\/#breadcrumb\",\"itemListElement\":[{\"@type\":\"ListItem\",\"position\":1,\"name\":\"\u9996\u9875\",\"item\":\"https:\/\/www.ronboplastic.com\/\"},{\"@type\":\"ListItem\",\"position\":2,\"name\":\"Products\",\"item\":\"http:\/\/www.ronboplastic.com\/products\/\"},{\"@type\":\"ListItem\",\"position\":3,\"name\":\"10 Gallon Plant Pot\"}]},{\"@type\":\"WebSite\",\"@id\":\"https:\/\/www.ronboplastic.com\/#website\",\"url\":\"https:\/\/www.ronboplastic.com\/\",\"name\":\"Ronbo Sunrise Pots &amp; Planters\",\"description\":\"Flower Pots &amp; Planters\",\"potentialAction\":[{\"@type\":\"SearchAction\",\"target\":{\"@type\":\"EntryPoint\",\"urlTemplate\":\"https:\/\/www.ronboplastic.com\/?s={search_term_string}\"},\"query-input\":{\"@type\":\"PropertyValueSpecification\",\"valueRequired\":true,\"valueName\":\"search_term_string\"}}],\"inLanguage\":\"pt-PT\"}]}<\/script>\n<!-- \/ Yoast SEO plugin. -->","yoast_head_json":{"title":"10 Gallon Plant Pot - Ronbo Sunrise Pots &amp; Planters","robots":{"index":"index","follow":"follow","max-snippet":"max-snippet:-1","max-image-preview":"max-image-preview:large","max-video-preview":"max-video-preview:-1"},"canonical":"https:\/\/www.ronboplastic.com\/pt\/produto\/vaso-de-10-galoes-para-plantas\/","og_locale":"pt_PT","og_type":"article","og_title":"10 Gallon Plant Pot - Ronbo Sunrise Pots &amp; Planters","og_description":"Injection-mole nursery 10 GAL POT for tropical vegetable \u00b7 They are entire for domestic extra plants, bloom, succulents, seedlings, cuttings and seedlings. \u00b7 The pot is made of flowing moldable, which is recyclable and lightweight .Nursery Pots are GREAT for manner in any farm indoors or outdoor! Can be reused again and again.","og_url":"https:\/\/www.ronboplastic.com\/pt\/produto\/vaso-de-10-galoes-para-plantas\/","og_site_name":"Ronbo Sunrise Pots &amp; Planters","article_modified_time":"2026-05-09T08:58:51+00:00","og_image":[{"width":800,"height":800,"url":"https:\/\/www.ronboplastic.com\/wp-content\/uploads\/2025\/09\/RB-G010.jpg","type":"image\/jpeg"}],"twitter_card":"summary_large_image","schema":{"@context":"https:\/\/schema.org","@graph":[{"@type":"WebPage","@id":"https:\/\/www.ronboplastic.com\/product\/10-gallon-plant-pot\/","url":"https:\/\/www.ronboplastic.com\/product\/10-gallon-plant-pot\/","name":"10 Gallon Plant Pot - Ronbo Sunrise Pots &amp; Planters","isPartOf":{"@id":"https:\/\/www.ronboplastic.com\/#website"},"primaryImageOfPage":{"@id":"https:\/\/www.ronboplastic.com\/product\/10-gallon-plant-pot\/#primaryimage"},"image":{"@id":"https:\/\/www.ronboplastic.com\/product\/10-gallon-plant-pot\/#primaryimage"},"thumbnailUrl":"https:\/\/www.ronboplastic.com\/wp-content\/uploads\/2025\/09\/RB-G010.jpg","datePublished":"2024-09-10T01:52:50+00:00","dateModified":"2026-05-09T08:58:51+00:00","breadcrumb":{"@id":"https:\/\/www.ronboplastic.com\/product\/10-gallon-plant-pot\/#breadcrumb"},"inLanguage":"pt-PT","potentialAction":[{"@type":"ReadAction","target":["https:\/\/www.ronboplastic.com\/product\/10-gallon-plant-pot\/"]}]},{"@type":"ImageObject","inLanguage":"pt-PT","@id":"https:\/\/www.ronboplastic.com\/product\/10-gallon-plant-pot\/#primaryimage","url":"https:\/\/www.ronboplastic.com\/wp-content\/uploads\/2025\/09\/RB-G010.jpg","contentUrl":"https:\/\/www.ronboplastic.com\/wp-content\/uploads\/2025\/09\/RB-G010.jpg","width":800,"height":800,"caption":"galon pots wholesale"},{"@type":"BreadcrumbList","@id":"https:\/\/www.ronboplastic.com\/product\/10-gallon-plant-pot\/#breadcrumb","itemListElement":[{"@type":"ListItem","position":1,"name":"\u9996\u9875","item":"https:\/\/www.ronboplastic.com\/"},{"@type":"ListItem","position":2,"name":"Products","item":"http:\/\/www.ronboplastic.com\/products\/"},{"@type":"ListItem","position":3,"name":"10 Gallon Plant Pot"}]},{"@type":"WebSite","@id":"https:\/\/www.ronboplastic.com\/#website","url":"https:\/\/www.ronboplastic.com\/","name":"Ronbo Sunrise Pots &amp; Planters","description":"Vasos de flores e jardineiras","potentialAction":[{"@type":"SearchAction","target":{"@type":"EntryPoint","urlTemplate":"https:\/\/www.ronboplastic.com\/?s={search_term_string}"},"query-input":{"@type":"PropertyValueSpecification","valueRequired":true,"valueName":"search_term_string"}}],"inLanguage":"pt-PT"}]}},"_links":{"self":[{"href":"https:\/\/www.ronboplastic.com\/pt\/wp-json\/wp\/v2\/product\/8776","targetHints":{"allow":["GET"]}}],"collection":[{"href":"https:\/\/www.ronboplastic.com\/pt\/wp-json\/wp\/v2\/product"}],"about":[{"href":"https:\/\/www.ronboplastic.com\/pt\/wp-json\/wp\/v2\/types\/product"}],"replies":[{"embeddable":true,"href":"https:\/\/www.ronboplastic.com\/pt\/wp-json\/wp\/v2\/comments?post=8776"}],"wp:featuredmedia":[{"embeddable":true,"href":"https:\/\/www.ronboplastic.com\/pt\/wp-json\/wp\/v2\/media\/8780"}],"wp:attachment":[{"href":"https:\/\/www.ronboplastic.com\/pt\/wp-json\/wp\/v2\/media?parent=8776"}],"wp:term":[{"taxonomy":"product_brand","embeddable":true,"href":"https:\/\/www.ronboplastic.com\/pt\/wp-json\/wp\/v2\/product_brand?post=8776"},{"taxonomy":"product_cat","embeddable":true,"href":"https:\/\/www.ronboplastic.com\/pt\/wp-json\/wp\/v2\/product_cat?post=8776"},{"taxonomy":"product_tag","embeddable":true,"href":"https:\/\/www.ronboplastic.com\/pt\/wp-json\/wp\/v2\/product_tag?post=8776"}],"curies":[{"name":"wp","href":"https:\/\/api.w.org\/{rel}","templated":true}]}}