{"id":8747,"date":"2024-09-10T09:41:24","date_gmt":"2024-09-10T01:41:24","guid":{"rendered":"https:\/\/www.ronboplastic.com\/index.php\/product\/5-gallon-nursery-pots\/"},"modified":"2025-09-08T14:15:25","modified_gmt":"2025-09-08T06:15:25","slug":"vasos-de-5-galoes-para-viveiro","status":"publish","type":"product","link":"https:\/\/www.ronboplastic.com\/pt\/produto\/vasos-de-5-galoes-para-viveiro\/","title":{"rendered":"Vasos de 5 gal\u00f5es para viveiros"},"content":{"rendered":"<p>O nosso vaso de 5 gal\u00f5es \u00e9 a solu\u00e7\u00e3o ideal para grossistas, super mercados, viveiros e quintas que pretendam expandir o seu neg\u00f3cio de jardinagem. Fabricado em material pl\u00e1stico dur\u00e1vel e de alta qualidade, este vaso especializado foi especificamente concebido para o cultivo de uma variedade de plantas, incluindo legumes, ervas e diferentes variedades de can\u00e1bis.<\/p>\n<p>Com uma capacidade para conter at\u00e9 cinco gal\u00f5es de terra ou composto, este vaso proporciona um amplo espa\u00e7o para o crescimento das ra\u00edzes e est\u00e1 equipado com um sistema de drenagem de \u00e1gua eficaz que promove o crescimento saud\u00e1vel das plantas. O nosso vaso n\u00e3o \u00e9 um vaso de flores qualquer, \u00e9 um recipiente especializado constru\u00eddo para durar e satisfazer as necessidades espec\u00edficas dos jardins dos seus clientes.<\/p>\n<p>A um pre\u00e7o acess\u00edvel, a compra a granel oferece \u00f3ptimos neg\u00f3cios e garante que os jardins dos seus clientes ir\u00e3o prosperar esta\u00e7\u00e3o ap\u00f3s esta\u00e7\u00e3o. Os nossos produtos fi\u00e1veis s\u00e3o concebidos para durar, o que os torna um excelente investimento para quem quer fazer crescer o seu neg\u00f3cio de jardinagem.<\/p>\n<p>Por isso, n\u00e3o deixe que nada se interponha no caminho do seu sucesso. Invista hoje nos nossos vasos de 5 gal\u00f5es e veja o seu neg\u00f3cio florescer!<\/p>\n<p>Pontos de valor do produto:<br \/>\n<span class=\"nbr\">1.<\/span>\u00a0Fabrico de pl\u00e1stico de alta qualidade - Leve, f\u00e1cil de deslocar e colocar.<br \/>\n<span class=\"nbr\">2.<\/span>\u00a0Design de boca larga - Conveniente para planta\u00e7\u00e3o e gest\u00e3o.<br \/>\n<span class=\"nbr\">3.<\/span>\u00a0Boa ventila\u00e7\u00e3o e drenagem - Evita o excesso de \u00e1gua e o apodrecimento das ra\u00edzes, assegurando a sa\u00fade das plantas.<br \/>\n<span class=\"nbr\">4.<\/span>\u00a0V\u00e1rias cores dispon\u00edveis - Combina com v\u00e1rios estilos de decora\u00e7\u00e3o de interiores e de jardins.<br \/>\n<span class=\"nbr\">5.<\/span>\u00a0Forte durabilidade - Resistente aos raios UV e ao clima, pode ser utilizado no exterior em qualquer esta\u00e7\u00e3o do ano.<\/p>\n<p><strong>Especifica\u00e7\u00f5es<\/strong><\/p>\n<section class=\"table-wrap\">\n<table class=\"table\" border=\"1\" width=\"NaN\" cellspacing=\"0\" cellpadding=\"0\">\n<tbody>\n<tr class=\"firstRow\">\n<td width=\"92\">N\u00famero do modelo<\/td>\n<td width=\"92\">RB-G005T<\/td>\n<td colspan=\"1\" rowspan=\"1\" valign=\"null\" width=\"92\">RB-G005A<\/td>\n<td colspan=\"1\" rowspan=\"1\" valign=\"null\" width=\"92\">RB-G005M<\/td>\n<td colspan=\"1\" rowspan=\"1\" valign=\"null\" width=\"92\">RB-G005HI<\/td>\n<td colspan=\"1\" rowspan=\"1\" valign=\"null\" width=\"92\">RB-G006<\/td>\n<\/tr>\n<tr>\n<td width=\"92\">Tipo de pl\u00e1stico<\/td>\n<td width=\"92\">PP<\/td>\n<td colspan=\"1\" rowspan=\"1\" valign=\"null\" width=\"92\">PP<\/td>\n<td colspan=\"1\" rowspan=\"1\" valign=\"null\" width=\"92\">PP<\/td>\n<td colspan=\"1\" rowspan=\"1\" valign=\"null\" width=\"92\">PP<\/td>\n<td colspan=\"1\" rowspan=\"1\" valign=\"null\" width=\"92\">PP<\/td>\n<\/tr>\n<tr>\n<td width=\"92\">Tipo<\/td>\n<td width=\"92\">Propaga\u00e7\u00e3o<\/td>\n<td colspan=\"1\" rowspan=\"1\" valign=\"null\" width=\"92\">Propaga\u00e7\u00e3o<\/td>\n<td colspan=\"1\" rowspan=\"1\" valign=\"null\" width=\"92\">Propaga\u00e7\u00e3o<\/td>\n<td colspan=\"1\" rowspan=\"1\" valign=\"null\" width=\"92\">Propaga\u00e7\u00e3o<\/td>\n<td colspan=\"1\" rowspan=\"1\" valign=\"null\" width=\"92\">Propaga\u00e7\u00e3o<\/td>\n<\/tr>\n<tr>\n<td width=\"92\">Di\u00e2metro superior<\/td>\n<td width=\"92\">28,1cm\/11,06inch<\/td>\n<td colspan=\"1\" rowspan=\"1\" valign=\"null\" width=\"92\">27cm\/10.63inch<\/td>\n<td colspan=\"1\" rowspan=\"1\" valign=\"null\" width=\"92\">28cm\/11.02inch<\/td>\n<td colspan=\"1\" rowspan=\"1\" valign=\"null\" width=\"92\">29,2 cm\/11,5 polegadas<\/td>\n<td colspan=\"1\" rowspan=\"1\" valign=\"null\" width=\"92\">32,2cm\/12,68inch<\/td>\n<\/tr>\n<tr>\n<td width=\"92\">Di\u00e2metro do fundo<\/td>\n<td width=\"92\">20,5cm\/8,07inch<\/td>\n<td colspan=\"1\" rowspan=\"1\" valign=\"null\" width=\"92\">20,3cm\/7,99polegadas<\/td>\n<td colspan=\"1\" rowspan=\"1\" valign=\"null\" width=\"92\">21cm\/8.27inch<\/td>\n<td colspan=\"1\" rowspan=\"1\" valign=\"null\" width=\"92\">23,3cm\/9,17inch<\/td>\n<td colspan=\"1\" rowspan=\"1\" valign=\"null\" width=\"92\">26,8cm\/10,55inch<\/td>\n<\/tr>\n<tr>\n<td width=\"92\">Altura<\/td>\n<td width=\"92\">29,5 cm\/11,61 polegadas<\/td>\n<td colspan=\"1\" rowspan=\"1\" valign=\"null\" width=\"92\">29,5 cm\/11,61 polegadas<\/td>\n<td colspan=\"1\" rowspan=\"1\" valign=\"null\" width=\"92\">29,5 cm\/11,61 polegadas<\/td>\n<td colspan=\"1\" rowspan=\"1\" valign=\"null\" width=\"92\">27cm\/10.63inch<\/td>\n<td colspan=\"1\" rowspan=\"1\" valign=\"null\" width=\"92\">22cm\/8.66inch<\/td>\n<\/tr>\n<tr>\n<td width=\"92\">Volume<\/td>\n<td width=\"92\">12.6L\/3.3Gal<\/td>\n<td colspan=\"1\" rowspan=\"1\" valign=\"null\" width=\"92\">11,9L\/3,1Gal<\/td>\n<td colspan=\"1\" rowspan=\"1\" valign=\"null\" width=\"92\">12.6L\/3.3Gal<\/td>\n<td colspan=\"1\" rowspan=\"1\" valign=\"null\" width=\"92\">13,6L\/3,6Gal<\/td>\n<td colspan=\"1\" rowspan=\"1\" valign=\"null\" width=\"92\">13,9L\/3,7Gal<\/td>\n<\/tr>\n<\/tbody>\n<\/table>\n<\/section>\n<p><img loading=\"lazy\" decoding=\"async\" src=\"https:\/\/www.ronboplastic.com\/wp-content\/uploads\/2025\/09\/202205070923257c1107ec546c40199ab56b19b02fbb7b.jpg\" alt=\"Vasos de 5 gal\u00f5es para viveiros\" width=\"750\" height=\"750\" \/><\/p>\n<p><img loading=\"lazy\" decoding=\"async\" src=\"https:\/\/www.ronboplastic.com\/wp-content\/uploads\/2025\/09\/202205070923264a61fb92a8d84c47ad0bc66e2c305dc8.jpg\" alt=\"Vasos de 5 gal\u00f5es para viveiros\" width=\"800\" height=\"800\" \/><\/p>\n<p><img loading=\"lazy\" decoding=\"async\" src=\"https:\/\/www.ronboplastic.com\/wp-content\/uploads\/2025\/09\/20220507092326c7fdeb2f6e5e47c19296b7be12d3a714.jpg\" alt=\"Vasos de 5 gal\u00f5es para viveiros\" width=\"800\" height=\"800\" \/><\/p>\n<p><img loading=\"lazy\" decoding=\"async\" src=\"https:\/\/www.ronboplastic.com\/wp-content\/uploads\/2025\/09\/202205070923268480b2c6a37545839f66cd6fd314641c.jpg\" alt=\"Vasos de 5 gal\u00f5es para viveiros\" width=\"800\" height=\"800\" \/><\/p>\n<p><img loading=\"lazy\" decoding=\"async\" src=\"https:\/\/www.ronboplastic.com\/wp-content\/uploads\/2025\/09\/20220507092327e234ff8939a448c498de8954153ccca8.jpg\" alt=\"Vasos de 5 gal\u00f5es para viveiros\" width=\"750\" height=\"750\" \/><\/p>\n<p class=\"productsTags\">Hot Tags: Ronbo Sunrise, vasos de flores de pl\u00e1stico de 5 gal\u00f5es, fornecedor de vasos de pl\u00e1stico, material de jardinagem, vasos de flores de alta qualidade<\/p>","protected":false},"excerpt":{"rendered":"<p>A Ronbo Sunrise \u00e9 um fornecedor l\u00edder de vasos de flores de pl\u00e1stico de 5 gal\u00f5es. Nossos produtos s\u00e3o feitos de pl\u00e1stico de alta qualidade, garantindo excelente durabilidade e apelo est\u00e9tico para o crescimento de v\u00e1rias flores e plantas. Os nossos vasos t\u00eam grande ventila\u00e7\u00e3o e drenagem que evitam a rega excessiva e a podrid\u00e3o das ra\u00edzes, garantindo assim uma \u00f3ptima sa\u00fade das plantas. Como fornecedor fi\u00e1vel de material de jardinagem, a Ronbo Sunrise oferece uma vasta gama de cores de vasos para combinar com qualquer estilo de decora\u00e7\u00e3o.<\/p>","protected":false},"featured_media":8754,"comment_status":"open","ping_status":"open","template":"","meta":[],"product_brand":[],"product_cat":[72],"product_tag":[],"class_list":{"0":"post-8747","1":"product","2":"type-product","3":"status-publish","4":"has-post-thumbnail","6":"product_cat-gallon-pots","8":"first","9":"instock","10":"shipping-taxable","11":"product-type-simple"},"yoast_head":"<!-- This site is optimized with the Yoast SEO plugin v26.1.1 - https:\/\/yoast.com\/wordpress\/plugins\/seo\/ -->\n<title>5 Gallon Nursery Pots - Ronbo Sunrise Pots &amp; Planters<\/title>\n<meta name=\"robots\" content=\"index, follow, max-snippet:-1, max-image-preview:large, max-video-preview:-1\" \/>\n<link rel=\"canonical\" href=\"http:\/\/www.ronboplastic.com\/pt\/produto\/vasos-de-5-galoes-para-viveiro\/\" \/>\n<meta property=\"og:locale\" content=\"pt_PT\" \/>\n<meta property=\"og:type\" content=\"article\" \/>\n<meta property=\"og:title\" content=\"5 Gallon Nursery Pots - Ronbo Sunrise Pots &amp; Planters\" \/>\n<meta property=\"og:description\" content=\"Ronbo Sunrise is a leading supplier of 5 gallon plastic flower pots. Our products are made of high-quality plastic, ensuring excellent durability and aesthetic appeal for the growth of various flowers and plants. Our pots have great ventilation and drainage that prevent overwatering and root rot, thus ensuring optimal plant health. As a trusted supplier of gardening supplies, Ronbo Sunrise offers a wide range of pot colors to match any decor style.\" \/>\n<meta property=\"og:url\" content=\"http:\/\/www.ronboplastic.com\/pt\/produto\/vasos-de-5-galoes-para-viveiro\/\" \/>\n<meta property=\"og:site_name\" content=\"Ronbo Sunrise Pots &amp; Planters\" \/>\n<meta property=\"article:modified_time\" content=\"2025-09-08T06:15:25+00:00\" \/>\n<meta property=\"og:image\" content=\"https:\/\/www.ronboplastic.com\/wp-content\/uploads\/2025\/09\/aa.jpg\" \/>\n\t<meta property=\"og:image:width\" content=\"750\" \/>\n\t<meta property=\"og:image:height\" content=\"750\" \/>\n\t<meta property=\"og:image:type\" content=\"image\/jpeg\" \/>\n<meta name=\"twitter:card\" content=\"summary_large_image\" \/>\n<meta name=\"twitter:label1\" content=\"Tempo estimado de leitura\" \/>\n\t<meta name=\"twitter:data1\" content=\"2 minutos\" \/>\n<script type=\"application\/ld+json\" class=\"yoast-schema-graph\">{\"@context\":\"https:\/\/schema.org\",\"@graph\":[{\"@type\":\"WebPage\",\"@id\":\"http:\/\/www.ronboplastic.com\/ru\/%d0%bf%d1%80%d0%be%d0%b4%d1%83%d0%ba%d1%82\/5\/\",\"url\":\"http:\/\/www.ronboplastic.com\/ru\/%d0%bf%d1%80%d0%be%d0%b4%d1%83%d0%ba%d1%82\/5\/\",\"name\":\"5 Gallon Nursery Pots - Ronbo Sunrise Pots &amp; Planters\",\"isPartOf\":{\"@id\":\"https:\/\/www.ronboplastic.com\/#website\"},\"primaryImageOfPage\":{\"@id\":\"http:\/\/www.ronboplastic.com\/ru\/%d0%bf%d1%80%d0%be%d0%b4%d1%83%d0%ba%d1%82\/5\/#primaryimage\"},\"image\":{\"@id\":\"http:\/\/www.ronboplastic.com\/ru\/%d0%bf%d1%80%d0%be%d0%b4%d1%83%d0%ba%d1%82\/5\/#primaryimage\"},\"thumbnailUrl\":\"https:\/\/www.ronboplastic.com\/wp-content\/uploads\/2025\/09\/aa.jpg\",\"datePublished\":\"2024-09-10T01:41:24+00:00\",\"dateModified\":\"2025-09-08T06:15:25+00:00\",\"breadcrumb\":{\"@id\":\"http:\/\/www.ronboplastic.com\/ru\/%d0%bf%d1%80%d0%be%d0%b4%d1%83%d0%ba%d1%82\/5\/#breadcrumb\"},\"inLanguage\":\"pt-PT\",\"potentialAction\":[{\"@type\":\"ReadAction\",\"target\":[\"http:\/\/www.ronboplastic.com\/ru\/%d0%bf%d1%80%d0%be%d0%b4%d1%83%d0%ba%d1%82\/5\/\"]}]},{\"@type\":\"ImageObject\",\"inLanguage\":\"pt-PT\",\"@id\":\"http:\/\/www.ronboplastic.com\/ru\/%d0%bf%d1%80%d0%be%d0%b4%d1%83%d0%ba%d1%82\/5\/#primaryimage\",\"url\":\"https:\/\/www.ronboplastic.com\/wp-content\/uploads\/2025\/09\/aa.jpg\",\"contentUrl\":\"https:\/\/www.ronboplastic.com\/wp-content\/uploads\/2025\/09\/aa.jpg\",\"width\":750,\"height\":750,\"caption\":\"galon pots wholesale\"},{\"@type\":\"BreadcrumbList\",\"@id\":\"http:\/\/www.ronboplastic.com\/ru\/%d0%bf%d1%80%d0%be%d0%b4%d1%83%d0%ba%d1%82\/5\/#breadcrumb\",\"itemListElement\":[{\"@type\":\"ListItem\",\"position\":1,\"name\":\"\u9996\u9875\",\"item\":\"https:\/\/www.ronboplastic.com\/\"},{\"@type\":\"ListItem\",\"position\":2,\"name\":\"Products\",\"item\":\"http:\/\/www.ronboplastic.com\/products\/\"},{\"@type\":\"ListItem\",\"position\":3,\"name\":\"5 Gallon Nursery Pots\"}]},{\"@type\":\"WebSite\",\"@id\":\"https:\/\/www.ronboplastic.com\/#website\",\"url\":\"https:\/\/www.ronboplastic.com\/\",\"name\":\"Ronbo Sunrise Pots &amp; Planters\",\"description\":\"Flower Pots &amp; Planters\",\"potentialAction\":[{\"@type\":\"SearchAction\",\"target\":{\"@type\":\"EntryPoint\",\"urlTemplate\":\"https:\/\/www.ronboplastic.com\/?s={search_term_string}\"},\"query-input\":{\"@type\":\"PropertyValueSpecification\",\"valueRequired\":true,\"valueName\":\"search_term_string\"}}],\"inLanguage\":\"pt-PT\"}]}<\/script>\n<!-- \/ Yoast SEO plugin. -->","yoast_head_json":{"title":"5 Gallon Nursery Pots - Ronbo Sunrise Pots &amp; Planters","robots":{"index":"index","follow":"follow","max-snippet":"max-snippet:-1","max-image-preview":"max-image-preview:large","max-video-preview":"max-video-preview:-1"},"canonical":"http:\/\/www.ronboplastic.com\/pt\/produto\/vasos-de-5-galoes-para-viveiro\/","og_locale":"pt_PT","og_type":"article","og_title":"5 Gallon Nursery Pots - Ronbo Sunrise Pots &amp; Planters","og_description":"Ronbo Sunrise is a leading supplier of 5 gallon plastic flower pots. Our products are made of high-quality plastic, ensuring excellent durability and aesthetic appeal for the growth of various flowers and plants. Our pots have great ventilation and drainage that prevent overwatering and root rot, thus ensuring optimal plant health. As a trusted supplier of gardening supplies, Ronbo Sunrise offers a wide range of pot colors to match any decor style.","og_url":"http:\/\/www.ronboplastic.com\/pt\/produto\/vasos-de-5-galoes-para-viveiro\/","og_site_name":"Ronbo Sunrise Pots &amp; Planters","article_modified_time":"2025-09-08T06:15:25+00:00","og_image":[{"width":750,"height":750,"url":"https:\/\/www.ronboplastic.com\/wp-content\/uploads\/2025\/09\/aa.jpg","type":"image\/jpeg"}],"twitter_card":"summary_large_image","twitter_misc":{"Tempo estimado de leitura":"2 minutos"},"schema":{"@context":"https:\/\/schema.org","@graph":[{"@type":"WebPage","@id":"http:\/\/www.ronboplastic.com\/ru\/%d0%bf%d1%80%d0%be%d0%b4%d1%83%d0%ba%d1%82\/5\/","url":"http:\/\/www.ronboplastic.com\/ru\/%d0%bf%d1%80%d0%be%d0%b4%d1%83%d0%ba%d1%82\/5\/","name":"5 Gallon Nursery Pots - Ronbo Sunrise Pots &amp; Planters","isPartOf":{"@id":"https:\/\/www.ronboplastic.com\/#website"},"primaryImageOfPage":{"@id":"http:\/\/www.ronboplastic.com\/ru\/%d0%bf%d1%80%d0%be%d0%b4%d1%83%d0%ba%d1%82\/5\/#primaryimage"},"image":{"@id":"http:\/\/www.ronboplastic.com\/ru\/%d0%bf%d1%80%d0%be%d0%b4%d1%83%d0%ba%d1%82\/5\/#primaryimage"},"thumbnailUrl":"https:\/\/www.ronboplastic.com\/wp-content\/uploads\/2025\/09\/aa.jpg","datePublished":"2024-09-10T01:41:24+00:00","dateModified":"2025-09-08T06:15:25+00:00","breadcrumb":{"@id":"http:\/\/www.ronboplastic.com\/ru\/%d0%bf%d1%80%d0%be%d0%b4%d1%83%d0%ba%d1%82\/5\/#breadcrumb"},"inLanguage":"pt-PT","potentialAction":[{"@type":"ReadAction","target":["http:\/\/www.ronboplastic.com\/ru\/%d0%bf%d1%80%d0%be%d0%b4%d1%83%d0%ba%d1%82\/5\/"]}]},{"@type":"ImageObject","inLanguage":"pt-PT","@id":"http:\/\/www.ronboplastic.com\/ru\/%d0%bf%d1%80%d0%be%d0%b4%d1%83%d0%ba%d1%82\/5\/#primaryimage","url":"https:\/\/www.ronboplastic.com\/wp-content\/uploads\/2025\/09\/aa.jpg","contentUrl":"https:\/\/www.ronboplastic.com\/wp-content\/uploads\/2025\/09\/aa.jpg","width":750,"height":750,"caption":"galon pots wholesale"},{"@type":"BreadcrumbList","@id":"http:\/\/www.ronboplastic.com\/ru\/%d0%bf%d1%80%d0%be%d0%b4%d1%83%d0%ba%d1%82\/5\/#breadcrumb","itemListElement":[{"@type":"ListItem","position":1,"name":"\u9996\u9875","item":"https:\/\/www.ronboplastic.com\/"},{"@type":"ListItem","position":2,"name":"Products","item":"http:\/\/www.ronboplastic.com\/products\/"},{"@type":"ListItem","position":3,"name":"5 Gallon Nursery Pots"}]},{"@type":"WebSite","@id":"https:\/\/www.ronboplastic.com\/#website","url":"https:\/\/www.ronboplastic.com\/","name":"Ronbo Sunrise Pots &amp; Planters","description":"Vasos de flores e jardineiras","potentialAction":[{"@type":"SearchAction","target":{"@type":"EntryPoint","urlTemplate":"https:\/\/www.ronboplastic.com\/?s={search_term_string}"},"query-input":{"@type":"PropertyValueSpecification","valueRequired":true,"valueName":"search_term_string"}}],"inLanguage":"pt-PT"}]}},"_links":{"self":[{"href":"https:\/\/www.ronboplastic.com\/pt\/wp-json\/wp\/v2\/product\/8747","targetHints":{"allow":["GET"]}}],"collection":[{"href":"https:\/\/www.ronboplastic.com\/pt\/wp-json\/wp\/v2\/product"}],"about":[{"href":"https:\/\/www.ronboplastic.com\/pt\/wp-json\/wp\/v2\/types\/product"}],"replies":[{"embeddable":true,"href":"https:\/\/www.ronboplastic.com\/pt\/wp-json\/wp\/v2\/comments?post=8747"}],"wp:featuredmedia":[{"embeddable":true,"href":"https:\/\/www.ronboplastic.com\/pt\/wp-json\/wp\/v2\/media\/8754"}],"wp:attachment":[{"href":"https:\/\/www.ronboplastic.com\/pt\/wp-json\/wp\/v2\/media?parent=8747"}],"wp:term":[{"taxonomy":"product_brand","embeddable":true,"href":"https:\/\/www.ronboplastic.com\/pt\/wp-json\/wp\/v2\/product_brand?post=8747"},{"taxonomy":"product_cat","embeddable":true,"href":"https:\/\/www.ronboplastic.com\/pt\/wp-json\/wp\/v2\/product_cat?post=8747"},{"taxonomy":"product_tag","embeddable":true,"href":"https:\/\/www.ronboplastic.com\/pt\/wp-json\/wp\/v2\/product_tag?post=8747"}],"curies":[{"name":"wp","href":"https:\/\/api.w.org\/{rel}","templated":true}]}}