{"id":8731,"date":"2024-09-09T08:10:40","date_gmt":"2024-09-09T00:10:40","guid":{"rendered":"https:\/\/www.ronboplastic.com\/index.php\/product\/3-gallon-plant-pots\/"},"modified":"2026-05-09T01:58:51","modified_gmt":"2026-05-09T08:58:51","slug":"vasos-de-3-galoes-para-plantas","status":"publish","type":"product","link":"https:\/\/www.ronboplastic.com\/pt\/produto\/vasos-de-3-galoes-para-plantas\/","title":{"rendered":"Vasos de 3 gal\u00f5es para plantas"},"content":{"rendered":"<p>Estes s\u00e3o os vasos de pl\u00e1stico redondos que se encontram em todos os viveiros. Estes vasos standard, dif\u00edceis de bater, s\u00e3o reutiliz\u00e1veis. S\u00e3o bons para as plantas que v\u00e3o ser deslocadas ou transportadas com frequ\u00eancia. Incluem orif\u00edcios para uma drenagem adequada As nossas plantas de 3 gal\u00f5es s\u00e3o abundantemente melhoradas e r\u00e1pidas para os vegetais<\/p>\n<p><strong>Especifica\u00e7\u00f5es<\/strong><\/p>\n<section class=\"table-wrap\">\n<table class=\"table\" border=\"1\" width=\"100%\" cellspacing=\"0\" cellpadding=\"0\">\n<tbody>\n<tr class=\"firstRow\">\n<td>N\u00famero do modelo<\/td>\n<td>RB-G003<\/td>\n<\/tr>\n<tr>\n<td>Tipo de pl\u00e1stico<\/td>\n<td>PP<\/td>\n<\/tr>\n<tr>\n<td>Tipo<\/td>\n<td>Propaga\u00e7\u00e3o<\/td>\n<\/tr>\n<tr>\n<td>Di\u00e2metro superior<\/td>\n<td>28,5cm\/11,22inch<\/td>\n<\/tr>\n<tr>\n<td>Di\u00e2metro do fundo<\/td>\n<td>22,5cm\/8,86polegadas<\/td>\n<\/tr>\n<tr>\n<td>Altura<\/td>\n<td>24,2 cm\/9,53 polegadas<\/td>\n<\/tr>\n<tr>\n<td>Volume<\/td>\n<td>12.4L\/3.3Gal<\/td>\n<\/tr>\n<\/tbody>\n<\/table>\n<\/section>\n<p>&nbsp;<\/p>\n<p>&nbsp;<\/p>\n<p><img loading=\"lazy\" decoding=\"async\" src=\"https:\/\/www.ronboplastic.com\/wp-content\/uploads\/2025\/09\/20220505140532b9472e42a74249c58fb3ec88ce7d7d6a.jpg\" alt=\"Vasos de 3 gal\u00f5es para plantas\" width=\"750\" height=\"750\" \/><\/p>\n<p><img loading=\"lazy\" decoding=\"async\" src=\"https:\/\/www.ronboplastic.com\/wp-content\/uploads\/2025\/09\/20220505140533518d756658b34fbf9a5562a274349e24.jpg\" alt=\"Vasos de gal\u00e3o para plantas\" width=\"800\" height=\"800\" \/><\/p>\n<p><img loading=\"lazy\" decoding=\"async\" src=\"https:\/\/www.ronboplastic.com\/wp-content\/uploads\/2025\/09\/202205051405335dad881413cc43fc9801e44d2f9ddb89.jpg\" alt=\" Potes de gal\u00e3o\" width=\"800\" height=\"800\" \/><\/p>\n<p><img loading=\"lazy\" decoding=\"async\" src=\"https:\/\/www.ronboplastic.com\/wp-content\/uploads\/2025\/09\/2022050514053335f8e38398cf4680a64a0fba44c41f89.jpg\" alt=\"Vasos de 3 gal\u00f5es para plantas\" width=\"800\" height=\"800\" \/><\/p>\n<p><img loading=\"lazy\" decoding=\"async\" src=\"https:\/\/www.ronboplastic.com\/wp-content\/uploads\/2025\/09\/202205051405348c3aa66bd4e543f3b4af4234d89a01c3.jpg\" alt=\"Vasos de gal\u00e3o para plantas\" width=\"750\" height=\"750\" \/><\/p>\n<p><img loading=\"lazy\" decoding=\"async\" src=\"https:\/\/www.ronboplastic.com\/wp-content\/uploads\/2025\/09\/20220505140534652b4cceeb3d4c2b899b6ca1e7cb0c3c.jpg\" alt=\"Vasos de 3 gal\u00f5es para plantas\" width=\"750\" height=\"750\" \/><\/p>\n<p class=\"productsTags\">Hot Tags: Vasos de plantas de 3 gal\u00f5es, fornecedores, fabricantes, f\u00e1brica, atacado, para venda<\/p>","protected":false},"excerpt":{"rendered":"<p>Estes s\u00e3o os vasos de pl\u00e1stico redondos que se encontram em todos os viveiros. Estes vasos standard, dif\u00edceis de bater, s\u00e3o reutiliz\u00e1veis. S\u00e3o bons para as plantas que v\u00e3o ser deslocadas ou transportadas com frequ\u00eancia. Incluem orif\u00edcios para uma drenagem adequada As nossas plantas de 3 gal\u00f5es s\u00e3o abundantemente melhoradas e r\u00e1pidas para os vegetais<\/p>","protected":false},"featured_media":8739,"comment_status":"open","ping_status":"open","template":"","meta":[],"product_brand":[],"product_cat":[143],"product_tag":[74],"class_list":{"0":"post-8731","1":"product","2":"type-product","3":"status-publish","4":"has-post-thumbnail","6":"product_cat-gallon-pots-nursery","7":"product_tag-3-gallon-pots","9":"first","10":"instock","11":"shipping-taxable","12":"product-type-simple"},"yoast_head":"<!-- This site is optimized with the Yoast SEO plugin v26.1.1 - https:\/\/yoast.com\/wordpress\/plugins\/seo\/ -->\n<title>3 Gallon Plant Pots - Ronbo Sunrise Pots &amp; Planters<\/title>\n<meta name=\"robots\" content=\"index, follow, max-snippet:-1, max-image-preview:large, max-video-preview:-1\" \/>\n<link rel=\"canonical\" href=\"https:\/\/www.ronboplastic.com\/pt\/produto\/vasos-de-3-galoes-para-plantas\/\" \/>\n<meta property=\"og:locale\" content=\"pt_PT\" \/>\n<meta property=\"og:type\" content=\"article\" \/>\n<meta property=\"og:title\" content=\"3 Gallon Plant Pots - Ronbo Sunrise Pots &amp; Planters\" \/>\n<meta property=\"og:description\" content=\"These are the round, plastic nursery pots seen at nurseries everywhere. These standard, hard-to-beat pots are re-usable. Good for plants that will be moved often or transported. Include holes for proper drainage Our 3 gallon plants are plentifully improved and expeditious to vegetable\" \/>\n<meta property=\"og:url\" content=\"https:\/\/www.ronboplastic.com\/pt\/produto\/vasos-de-3-galoes-para-plantas\/\" \/>\n<meta property=\"og:site_name\" content=\"Ronbo Sunrise Pots &amp; Planters\" \/>\n<meta property=\"article:modified_time\" content=\"2026-05-09T08:58:51+00:00\" \/>\n<meta property=\"og:image\" content=\"https:\/\/www.ronboplastic.com\/wp-content\/uploads\/2025\/09\/aaaa.jpg\" \/>\n\t<meta property=\"og:image:width\" content=\"750\" \/>\n\t<meta property=\"og:image:height\" content=\"750\" \/>\n\t<meta property=\"og:image:type\" content=\"image\/jpeg\" \/>\n<meta name=\"twitter:card\" content=\"summary_large_image\" \/>\n<script type=\"application\/ld+json\" class=\"yoast-schema-graph\">{\"@context\":\"https:\/\/schema.org\",\"@graph\":[{\"@type\":\"WebPage\",\"@id\":\"https:\/\/www.ronboplastic.com\/product\/3-gallon-plant-pots\/\",\"url\":\"https:\/\/www.ronboplastic.com\/product\/3-gallon-plant-pots\/\",\"name\":\"3 Gallon Plant Pots - Ronbo Sunrise Pots &amp; Planters\",\"isPartOf\":{\"@id\":\"https:\/\/www.ronboplastic.com\/#website\"},\"primaryImageOfPage\":{\"@id\":\"https:\/\/www.ronboplastic.com\/product\/3-gallon-plant-pots\/#primaryimage\"},\"image\":{\"@id\":\"https:\/\/www.ronboplastic.com\/product\/3-gallon-plant-pots\/#primaryimage\"},\"thumbnailUrl\":\"https:\/\/www.ronboplastic.com\/wp-content\/uploads\/2025\/09\/aaaa.jpg\",\"datePublished\":\"2024-09-09T00:10:40+00:00\",\"dateModified\":\"2026-05-09T08:58:51+00:00\",\"breadcrumb\":{\"@id\":\"https:\/\/www.ronboplastic.com\/product\/3-gallon-plant-pots\/#breadcrumb\"},\"inLanguage\":\"pt-PT\",\"potentialAction\":[{\"@type\":\"ReadAction\",\"target\":[\"https:\/\/www.ronboplastic.com\/product\/3-gallon-plant-pots\/\"]}]},{\"@type\":\"ImageObject\",\"inLanguage\":\"pt-PT\",\"@id\":\"https:\/\/www.ronboplastic.com\/product\/3-gallon-plant-pots\/#primaryimage\",\"url\":\"https:\/\/www.ronboplastic.com\/wp-content\/uploads\/2025\/09\/aaaa.jpg\",\"contentUrl\":\"https:\/\/www.ronboplastic.com\/wp-content\/uploads\/2025\/09\/aaaa.jpg\",\"width\":750,\"height\":750,\"caption\":\"gallon pots wholesale\"},{\"@type\":\"BreadcrumbList\",\"@id\":\"https:\/\/www.ronboplastic.com\/product\/3-gallon-plant-pots\/#breadcrumb\",\"itemListElement\":[{\"@type\":\"ListItem\",\"position\":1,\"name\":\"\u9996\u9875\",\"item\":\"https:\/\/www.ronboplastic.com\/\"},{\"@type\":\"ListItem\",\"position\":2,\"name\":\"Products\",\"item\":\"http:\/\/www.ronboplastic.com\/products\/\"},{\"@type\":\"ListItem\",\"position\":3,\"name\":\"3 Gallon Plant Pots\"}]},{\"@type\":\"WebSite\",\"@id\":\"https:\/\/www.ronboplastic.com\/#website\",\"url\":\"https:\/\/www.ronboplastic.com\/\",\"name\":\"Ronbo Sunrise Pots &amp; Planters\",\"description\":\"Flower Pots &amp; Planters\",\"potentialAction\":[{\"@type\":\"SearchAction\",\"target\":{\"@type\":\"EntryPoint\",\"urlTemplate\":\"https:\/\/www.ronboplastic.com\/?s={search_term_string}\"},\"query-input\":{\"@type\":\"PropertyValueSpecification\",\"valueRequired\":true,\"valueName\":\"search_term_string\"}}],\"inLanguage\":\"pt-PT\"}]}<\/script>\n<!-- \/ Yoast SEO plugin. -->","yoast_head_json":{"title":"3 Gallon Plant Pots - Ronbo Sunrise Pots &amp; Planters","robots":{"index":"index","follow":"follow","max-snippet":"max-snippet:-1","max-image-preview":"max-image-preview:large","max-video-preview":"max-video-preview:-1"},"canonical":"https:\/\/www.ronboplastic.com\/pt\/produto\/vasos-de-3-galoes-para-plantas\/","og_locale":"pt_PT","og_type":"article","og_title":"3 Gallon Plant Pots - Ronbo Sunrise Pots &amp; Planters","og_description":"These are the round, plastic nursery pots seen at nurseries everywhere. These standard, hard-to-beat pots are re-usable. Good for plants that will be moved often or transported. Include holes for proper drainage Our 3 gallon plants are plentifully improved and expeditious to vegetable","og_url":"https:\/\/www.ronboplastic.com\/pt\/produto\/vasos-de-3-galoes-para-plantas\/","og_site_name":"Ronbo Sunrise Pots &amp; Planters","article_modified_time":"2026-05-09T08:58:51+00:00","og_image":[{"width":750,"height":750,"url":"https:\/\/www.ronboplastic.com\/wp-content\/uploads\/2025\/09\/aaaa.jpg","type":"image\/jpeg"}],"twitter_card":"summary_large_image","schema":{"@context":"https:\/\/schema.org","@graph":[{"@type":"WebPage","@id":"https:\/\/www.ronboplastic.com\/product\/3-gallon-plant-pots\/","url":"https:\/\/www.ronboplastic.com\/product\/3-gallon-plant-pots\/","name":"3 Gallon Plant Pots - Ronbo Sunrise Pots &amp; Planters","isPartOf":{"@id":"https:\/\/www.ronboplastic.com\/#website"},"primaryImageOfPage":{"@id":"https:\/\/www.ronboplastic.com\/product\/3-gallon-plant-pots\/#primaryimage"},"image":{"@id":"https:\/\/www.ronboplastic.com\/product\/3-gallon-plant-pots\/#primaryimage"},"thumbnailUrl":"https:\/\/www.ronboplastic.com\/wp-content\/uploads\/2025\/09\/aaaa.jpg","datePublished":"2024-09-09T00:10:40+00:00","dateModified":"2026-05-09T08:58:51+00:00","breadcrumb":{"@id":"https:\/\/www.ronboplastic.com\/product\/3-gallon-plant-pots\/#breadcrumb"},"inLanguage":"pt-PT","potentialAction":[{"@type":"ReadAction","target":["https:\/\/www.ronboplastic.com\/product\/3-gallon-plant-pots\/"]}]},{"@type":"ImageObject","inLanguage":"pt-PT","@id":"https:\/\/www.ronboplastic.com\/product\/3-gallon-plant-pots\/#primaryimage","url":"https:\/\/www.ronboplastic.com\/wp-content\/uploads\/2025\/09\/aaaa.jpg","contentUrl":"https:\/\/www.ronboplastic.com\/wp-content\/uploads\/2025\/09\/aaaa.jpg","width":750,"height":750,"caption":"gallon pots wholesale"},{"@type":"BreadcrumbList","@id":"https:\/\/www.ronboplastic.com\/product\/3-gallon-plant-pots\/#breadcrumb","itemListElement":[{"@type":"ListItem","position":1,"name":"\u9996\u9875","item":"https:\/\/www.ronboplastic.com\/"},{"@type":"ListItem","position":2,"name":"Products","item":"http:\/\/www.ronboplastic.com\/products\/"},{"@type":"ListItem","position":3,"name":"3 Gallon Plant Pots"}]},{"@type":"WebSite","@id":"https:\/\/www.ronboplastic.com\/#website","url":"https:\/\/www.ronboplastic.com\/","name":"Ronbo Sunrise Pots &amp; Planters","description":"Vasos de flores e jardineiras","potentialAction":[{"@type":"SearchAction","target":{"@type":"EntryPoint","urlTemplate":"https:\/\/www.ronboplastic.com\/?s={search_term_string}"},"query-input":{"@type":"PropertyValueSpecification","valueRequired":true,"valueName":"search_term_string"}}],"inLanguage":"pt-PT"}]}},"_links":{"self":[{"href":"https:\/\/www.ronboplastic.com\/pt\/wp-json\/wp\/v2\/product\/8731","targetHints":{"allow":["GET"]}}],"collection":[{"href":"https:\/\/www.ronboplastic.com\/pt\/wp-json\/wp\/v2\/product"}],"about":[{"href":"https:\/\/www.ronboplastic.com\/pt\/wp-json\/wp\/v2\/types\/product"}],"replies":[{"embeddable":true,"href":"https:\/\/www.ronboplastic.com\/pt\/wp-json\/wp\/v2\/comments?post=8731"}],"wp:featuredmedia":[{"embeddable":true,"href":"https:\/\/www.ronboplastic.com\/pt\/wp-json\/wp\/v2\/media\/8739"}],"wp:attachment":[{"href":"https:\/\/www.ronboplastic.com\/pt\/wp-json\/wp\/v2\/media?parent=8731"}],"wp:term":[{"taxonomy":"product_brand","embeddable":true,"href":"https:\/\/www.ronboplastic.com\/pt\/wp-json\/wp\/v2\/product_brand?post=8731"},{"taxonomy":"product_cat","embeddable":true,"href":"https:\/\/www.ronboplastic.com\/pt\/wp-json\/wp\/v2\/product_cat?post=8731"},{"taxonomy":"product_tag","embeddable":true,"href":"https:\/\/www.ronboplastic.com\/pt\/wp-json\/wp\/v2\/product_tag?post=8731"}],"curies":[{"name":"wp","href":"https:\/\/api.w.org\/{rel}","templated":true}]}}