{"id":8717,"date":"2024-09-09T07:55:14","date_gmt":"2024-09-08T23:55:14","guid":{"rendered":"https:\/\/www.ronboplastic.com\/index.php\/product\/93\/"},"modified":"2025-09-08T14:15:01","modified_gmt":"2025-09-08T06:15:01","slug":"93","status":"publish","type":"product","link":"https:\/\/www.ronboplastic.com\/pt\/produto\/93\/","title":{"rendered":"Vasos de 2 gal\u00f5es para flores"},"content":{"rendered":"<p>- Fornecedor direto da f\u00e1brica<\/p>\n<p>- Resist\u00eancia aos raios UV<\/p>\n<p>- 4 orif\u00edcio de drenagem: rega eficaz em qualquer condi\u00e7\u00e3o<\/p>\n<p>- Ideal para a planta\u00e7\u00e3o de arbustos, arbustos de frutos, pequenas \u00e1rvores e plantas exemplares<\/p>\n<p>- Pode ser utilizado com v\u00e1rios tipos de solo ou ambiente de cultivo hidrop\u00f3nico<\/p>\n<p><strong>Especifica\u00e7\u00f5es<\/strong><\/p>\n<section class=\"table-wrap\">\n<table class=\"table\" border=\"1\" width=\"100%\" cellspacing=\"0\" cellpadding=\"0\">\n<tbody>\n<tr class=\"firstRow\">\n<td>N\u00famero do modelo<\/td>\n<td>RB-G002<\/td>\n<\/tr>\n<tr>\n<td>Tipo de pl\u00e1stico<\/td>\n<td>PP<\/td>\n<\/tr>\n<tr>\n<td>Tipo<\/td>\n<td>Propaga\u00e7\u00e3o<\/td>\n<\/tr>\n<tr>\n<td>Di\u00e2metro superior<\/td>\n<td>22cm\/8.7inch<\/td>\n<\/tr>\n<tr>\n<td>Di\u00e2metro do fundo<\/td>\n<td>16cm\/6.3inch<\/td>\n<\/tr>\n<tr>\n<td>Altura<\/td>\n<td>20,6 cm\/8,1 polegadas<\/td>\n<\/tr>\n<tr>\n<td>Volume<\/td>\n<td>6,2\/1,6Gal<\/td>\n<\/tr>\n<\/tbody>\n<\/table>\n<\/section>\n<p><img loading=\"lazy\" decoding=\"async\" src=\"https:\/\/www.ronboplastic.com\/wp-content\/uploads\/2025\/09\/20220505113153cd6a9d7bf5a4457fa99723c90dbc1a8f.jpg\" alt=\"Pote de 2 gal\u00f5es\" width=\"750\" height=\"750\" \/><\/p>\n<p><img loading=\"lazy\" decoding=\"async\" src=\"https:\/\/www.ronboplastic.com\/wp-content\/uploads\/2025\/09\/2022050511315387cfed5a194d42e19d89259194a1c671.jpg\" alt=\"Pote de 2 gal\u00f5es\" width=\"750\" height=\"750\" \/><\/p>\n<p><img loading=\"lazy\" decoding=\"async\" src=\"https:\/\/www.ronboplastic.com\/wp-content\/uploads\/2025\/09\/2022050511315301df06c2cf90485cabcedf049aa07f95.jpg\" alt=\"Pote de 2 gal\u00f5es\" width=\"750\" height=\"750\" \/><\/p>\n<p><img loading=\"lazy\" decoding=\"async\" src=\"https:\/\/www.ronboplastic.com\/wp-content\/uploads\/2025\/09\/20220505113154315a4f7bf0154f0ca549cc9ba71e216a.jpg\" alt=\"Pote de 2 gal\u00f5es\" width=\"750\" height=\"750\" \/><\/p>\n<p class=\"productsTags\">Hot Tags: Pote de 2 gal\u00f5es, fornecedores, fabricantes, f\u00e1brica, atacado, para venda<\/p>","protected":false},"excerpt":{"rendered":"<p>Recipiente de vaso de planta de 2 gal\u00f5es para pl\u00e1stico Vaso de viveiro de pl\u00e1stico moldado por inje\u00e7\u00e3o grossa e dur\u00e1vel<\/p>","protected":false},"featured_media":8723,"comment_status":"open","ping_status":"open","template":"","meta":[],"product_brand":[],"product_cat":[72],"product_tag":[73],"class_list":{"0":"post-8717","1":"product","2":"type-product","3":"status-publish","4":"has-post-thumbnail","6":"product_cat-gallon-pots","7":"product_tag-2-gallon-pots","9":"first","10":"instock","11":"shipping-taxable","12":"product-type-simple"},"yoast_head":"<!-- This site is optimized with the Yoast SEO plugin v26.1.1 - https:\/\/yoast.com\/wordpress\/plugins\/seo\/ -->\n<title>2 Gallon Pot Flower Pots - Ronbo Sunrise Pots &amp; Planters<\/title>\n<meta name=\"robots\" content=\"index, follow, max-snippet:-1, max-image-preview:large, max-video-preview:-1\" \/>\n<link rel=\"canonical\" href=\"https:\/\/www.ronboplastic.com\/pt\/produto\/93\/\" \/>\n<meta property=\"og:locale\" content=\"pt_PT\" \/>\n<meta property=\"og:type\" content=\"article\" \/>\n<meta property=\"og:title\" content=\"2 Gallon Pot Flower Pots - Ronbo Sunrise Pots &amp; Planters\" \/>\n<meta property=\"og:description\" content=\"2 gallon plant pot container for plastic Thick durable injection molded plastic nursery pot\" \/>\n<meta property=\"og:url\" content=\"https:\/\/www.ronboplastic.com\/pt\/produto\/93\/\" \/>\n<meta property=\"og:site_name\" content=\"Ronbo Sunrise Pots &amp; Planters\" \/>\n<meta property=\"article:modified_time\" content=\"2025-09-08T06:15:01+00:00\" \/>\n<meta property=\"og:image\" content=\"https:\/\/www.ronboplastic.com\/wp-content\/uploads\/2025\/09\/1645603215187-ckt-\u62a0\u56fe.png\" \/>\n\t<meta property=\"og:image:width\" content=\"600\" \/>\n\t<meta property=\"og:image:height\" content=\"800\" \/>\n\t<meta property=\"og:image:type\" content=\"image\/png\" \/>\n<meta name=\"twitter:card\" content=\"summary_large_image\" \/>\n<script type=\"application\/ld+json\" class=\"yoast-schema-graph\">{\"@context\":\"https:\/\/schema.org\",\"@graph\":[{\"@type\":\"WebPage\",\"@id\":\"https:\/\/www.ronboplastic.com\/ru\/%d0%bf%d1%80%d0%be%d0%b4%d1%83%d0%ba%d1%82\/93\/\",\"url\":\"https:\/\/www.ronboplastic.com\/ru\/%d0%bf%d1%80%d0%be%d0%b4%d1%83%d0%ba%d1%82\/93\/\",\"name\":\"2 Gallon Pot Flower Pots - Ronbo Sunrise Pots &amp; Planters\",\"isPartOf\":{\"@id\":\"https:\/\/www.ronboplastic.com\/#website\"},\"primaryImageOfPage\":{\"@id\":\"https:\/\/www.ronboplastic.com\/ru\/%d0%bf%d1%80%d0%be%d0%b4%d1%83%d0%ba%d1%82\/93\/#primaryimage\"},\"image\":{\"@id\":\"https:\/\/www.ronboplastic.com\/ru\/%d0%bf%d1%80%d0%be%d0%b4%d1%83%d0%ba%d1%82\/93\/#primaryimage\"},\"thumbnailUrl\":\"https:\/\/www.ronboplastic.com\/wp-content\/uploads\/2025\/09\/1645603215187-ckt-\u62a0\u56fe.png\",\"datePublished\":\"2024-09-08T23:55:14+00:00\",\"dateModified\":\"2025-09-08T06:15:01+00:00\",\"breadcrumb\":{\"@id\":\"https:\/\/www.ronboplastic.com\/ru\/%d0%bf%d1%80%d0%be%d0%b4%d1%83%d0%ba%d1%82\/93\/#breadcrumb\"},\"inLanguage\":\"pt-PT\",\"potentialAction\":[{\"@type\":\"ReadAction\",\"target\":[\"https:\/\/www.ronboplastic.com\/ru\/%d0%bf%d1%80%d0%be%d0%b4%d1%83%d0%ba%d1%82\/93\/\"]}]},{\"@type\":\"ImageObject\",\"inLanguage\":\"pt-PT\",\"@id\":\"https:\/\/www.ronboplastic.com\/ru\/%d0%bf%d1%80%d0%be%d0%b4%d1%83%d0%ba%d1%82\/93\/#primaryimage\",\"url\":\"https:\/\/www.ronboplastic.com\/wp-content\/uploads\/2025\/09\/1645603215187-ckt-\u62a0\u56fe.png\",\"contentUrl\":\"https:\/\/www.ronboplastic.com\/wp-content\/uploads\/2025\/09\/1645603215187-ckt-\u62a0\u56fe.png\",\"width\":3024,\"height\":4032,\"caption\":\"gallon pots wholesale\"},{\"@type\":\"BreadcrumbList\",\"@id\":\"https:\/\/www.ronboplastic.com\/ru\/%d0%bf%d1%80%d0%be%d0%b4%d1%83%d0%ba%d1%82\/93\/#breadcrumb\",\"itemListElement\":[{\"@type\":\"ListItem\",\"position\":1,\"name\":\"\u9996\u9875\",\"item\":\"https:\/\/www.ronboplastic.com\/\"},{\"@type\":\"ListItem\",\"position\":2,\"name\":\"Products\",\"item\":\"http:\/\/www.ronboplastic.com\/products\/\"},{\"@type\":\"ListItem\",\"position\":3,\"name\":\"2 Gallon Pot Flower Pots\"}]},{\"@type\":\"WebSite\",\"@id\":\"https:\/\/www.ronboplastic.com\/#website\",\"url\":\"https:\/\/www.ronboplastic.com\/\",\"name\":\"Ronbo Sunrise Pots &amp; Planters\",\"description\":\"Flower Pots &amp; Planters\",\"potentialAction\":[{\"@type\":\"SearchAction\",\"target\":{\"@type\":\"EntryPoint\",\"urlTemplate\":\"https:\/\/www.ronboplastic.com\/?s={search_term_string}\"},\"query-input\":{\"@type\":\"PropertyValueSpecification\",\"valueRequired\":true,\"valueName\":\"search_term_string\"}}],\"inLanguage\":\"pt-PT\"}]}<\/script>\n<!-- \/ Yoast SEO plugin. -->","yoast_head_json":{"title":"2 Gallon Pot Flower Pots - Ronbo Sunrise Pots &amp; Planters","robots":{"index":"index","follow":"follow","max-snippet":"max-snippet:-1","max-image-preview":"max-image-preview:large","max-video-preview":"max-video-preview:-1"},"canonical":"https:\/\/www.ronboplastic.com\/pt\/produto\/93\/","og_locale":"pt_PT","og_type":"article","og_title":"2 Gallon Pot Flower Pots - Ronbo Sunrise Pots &amp; Planters","og_description":"2 gallon plant pot container for plastic Thick durable injection molded plastic nursery pot","og_url":"https:\/\/www.ronboplastic.com\/pt\/produto\/93\/","og_site_name":"Ronbo Sunrise Pots &amp; Planters","article_modified_time":"2025-09-08T06:15:01+00:00","og_image":[{"url":"https:\/\/www.ronboplastic.com\/wp-content\/uploads\/2025\/09\/1645603215187-ckt-\u62a0\u56fe.png","width":600,"height":800,"type":"image\/png"}],"twitter_card":"summary_large_image","schema":{"@context":"https:\/\/schema.org","@graph":[{"@type":"WebPage","@id":"https:\/\/www.ronboplastic.com\/ru\/%d0%bf%d1%80%d0%be%d0%b4%d1%83%d0%ba%d1%82\/93\/","url":"https:\/\/www.ronboplastic.com\/ru\/%d0%bf%d1%80%d0%be%d0%b4%d1%83%d0%ba%d1%82\/93\/","name":"2 Gallon Pot Flower Pots - Ronbo Sunrise Pots &amp; Planters","isPartOf":{"@id":"https:\/\/www.ronboplastic.com\/#website"},"primaryImageOfPage":{"@id":"https:\/\/www.ronboplastic.com\/ru\/%d0%bf%d1%80%d0%be%d0%b4%d1%83%d0%ba%d1%82\/93\/#primaryimage"},"image":{"@id":"https:\/\/www.ronboplastic.com\/ru\/%d0%bf%d1%80%d0%be%d0%b4%d1%83%d0%ba%d1%82\/93\/#primaryimage"},"thumbnailUrl":"https:\/\/www.ronboplastic.com\/wp-content\/uploads\/2025\/09\/1645603215187-ckt-\u62a0\u56fe.png","datePublished":"2024-09-08T23:55:14+00:00","dateModified":"2025-09-08T06:15:01+00:00","breadcrumb":{"@id":"https:\/\/www.ronboplastic.com\/ru\/%d0%bf%d1%80%d0%be%d0%b4%d1%83%d0%ba%d1%82\/93\/#breadcrumb"},"inLanguage":"pt-PT","potentialAction":[{"@type":"ReadAction","target":["https:\/\/www.ronboplastic.com\/ru\/%d0%bf%d1%80%d0%be%d0%b4%d1%83%d0%ba%d1%82\/93\/"]}]},{"@type":"ImageObject","inLanguage":"pt-PT","@id":"https:\/\/www.ronboplastic.com\/ru\/%d0%bf%d1%80%d0%be%d0%b4%d1%83%d0%ba%d1%82\/93\/#primaryimage","url":"https:\/\/www.ronboplastic.com\/wp-content\/uploads\/2025\/09\/1645603215187-ckt-\u62a0\u56fe.png","contentUrl":"https:\/\/www.ronboplastic.com\/wp-content\/uploads\/2025\/09\/1645603215187-ckt-\u62a0\u56fe.png","width":3024,"height":4032,"caption":"gallon pots wholesale"},{"@type":"BreadcrumbList","@id":"https:\/\/www.ronboplastic.com\/ru\/%d0%bf%d1%80%d0%be%d0%b4%d1%83%d0%ba%d1%82\/93\/#breadcrumb","itemListElement":[{"@type":"ListItem","position":1,"name":"\u9996\u9875","item":"https:\/\/www.ronboplastic.com\/"},{"@type":"ListItem","position":2,"name":"Products","item":"http:\/\/www.ronboplastic.com\/products\/"},{"@type":"ListItem","position":3,"name":"2 Gallon Pot Flower Pots"}]},{"@type":"WebSite","@id":"https:\/\/www.ronboplastic.com\/#website","url":"https:\/\/www.ronboplastic.com\/","name":"Ronbo Sunrise Pots &amp; Planters","description":"Vasos de flores e jardineiras","potentialAction":[{"@type":"SearchAction","target":{"@type":"EntryPoint","urlTemplate":"https:\/\/www.ronboplastic.com\/?s={search_term_string}"},"query-input":{"@type":"PropertyValueSpecification","valueRequired":true,"valueName":"search_term_string"}}],"inLanguage":"pt-PT"}]}},"_links":{"self":[{"href":"https:\/\/www.ronboplastic.com\/pt\/wp-json\/wp\/v2\/product\/8717","targetHints":{"allow":["GET"]}}],"collection":[{"href":"https:\/\/www.ronboplastic.com\/pt\/wp-json\/wp\/v2\/product"}],"about":[{"href":"https:\/\/www.ronboplastic.com\/pt\/wp-json\/wp\/v2\/types\/product"}],"replies":[{"embeddable":true,"href":"https:\/\/www.ronboplastic.com\/pt\/wp-json\/wp\/v2\/comments?post=8717"}],"wp:featuredmedia":[{"embeddable":true,"href":"https:\/\/www.ronboplastic.com\/pt\/wp-json\/wp\/v2\/media\/8723"}],"wp:attachment":[{"href":"https:\/\/www.ronboplastic.com\/pt\/wp-json\/wp\/v2\/media?parent=8717"}],"wp:term":[{"taxonomy":"product_brand","embeddable":true,"href":"https:\/\/www.ronboplastic.com\/pt\/wp-json\/wp\/v2\/product_brand?post=8717"},{"taxonomy":"product_cat","embeddable":true,"href":"https:\/\/www.ronboplastic.com\/pt\/wp-json\/wp\/v2\/product_cat?post=8717"},{"taxonomy":"product_tag","embeddable":true,"href":"https:\/\/www.ronboplastic.com\/pt\/wp-json\/wp\/v2\/product_tag?post=8717"}],"curies":[{"name":"wp","href":"https:\/\/api.w.org\/{rel}","templated":true}]}}