{"id":8621,"date":"2025-09-06T10:25:43","date_gmt":"2025-09-06T02:25:43","guid":{"rendered":"http:\/\/13998496.test11.xinyijiapin.com\/?post_type=product&#038;p=8621"},"modified":"2025-09-08T14:39:09","modified_gmt":"2025-09-08T06:39:09","slug":"vasos-quadrados-de-1-galao-preco-por-grosso","status":"publish","type":"product","link":"https:\/\/www.ronboplastic.com\/pt\/produtos\/vasos-quadrados-de-1-galao-preco-por-grosso\/","title":{"rendered":"Potes quadrados de 1 gal\u00e3o Pre\u00e7o por atacado"},"content":{"rendered":"<p><strong>Descri\u00e7\u00e3o:<\/strong><\/p>\n<p>- Potes de um gal\u00e3o OEM ou ODM est\u00e1 dispon\u00edvel. Se a quantidade da encomenda for grande, reembolsaremos o custo do molde.<\/p>\n<p>-\u00a0<strong>Material: Vasos de pl\u00e1stico para gal\u00f5es <\/strong>pode ser utilizado em estufas, no interior e no exterior.<\/p>\n<p>- Prote\u00e7\u00e3o UV para garantir uma qualidade duradoura. Pode utilizar os potes de gal\u00e3o premium muitas vezes.<\/p>\n<p>- Estes vasos de pl\u00e1stico pretos de 1 gal\u00e3o s\u00e3o amigos do ambiente. Embalagem a granel eficiente dispon\u00edvel para utilizadores de grandes volumes.<\/p>\n<p>- Aros de vaso resistentes, concebidos para facilitar o desencaixe do vaso para manuseamento em sistemas de envasamento automatizados e manuais.<\/p>\n<p><strong>-\u00a0<\/strong>Os vasos de um gal\u00e3o cont\u00eam orif\u00edcios de drenagem no fundo, permitindo a drenagem e o arejamento do solo.<\/p>\n<p>- Os vasos de gal\u00e3o t\u00eam 1,2,3,4,5,6,7,8,10, 15, 20,25 gal\u00f5es.<\/p>\n<p><img loading=\"lazy\" decoding=\"async\" class=\"alignnone size-full wp-image-9516\" src=\"https:\/\/www.ronboplastic.com\/wp-content\/uploads\/2024\/09\/11.webp\" alt=\"\" width=\"390\" height=\"302\" srcset=\"https:\/\/www.ronboplastic.com\/wp-content\/uploads\/2024\/09\/11.webp 390w, https:\/\/www.ronboplastic.com\/wp-content\/uploads\/2024\/09\/11-387x300.webp 387w\" sizes=\"auto, (max-width: 390px) 100vw, 390px\" \/>*Os vasos para flores s\u00e3o adequados para tipos de solo e meios de cultivo, tais como flores, limoeiros<\/p>\n<p><strong>FAQ<\/strong><\/p>\n<p>Q:Como posso obter uma amostra?<br \/>\nA: Pode obter amostras comunicando com as nossas vendas de exporta\u00e7\u00e3o.<\/p>\n<p>Q:Quanto tempo demora a entrega?<br \/>\nA: O prazo de entrega ser\u00e1 de 7-25 dias de acordo com a quantidade da encomenda.<\/p>\n<p>Q:O que \u00e9 o MOQ?<br \/>\nA: Nosso MOQ \u00e9 1 * 20FT quantidade do recipiente, permitir a mistura de v\u00e1rios itens.<\/p>\n<p>P: Quais s\u00e3o as nossas condi\u00e7\u00f5es normais de pagamento?<br \/>\nA: Nossas condi\u00e7\u00f5es normais de pagamento agora s\u00e3o T \/ T, L \/ C ou Western Union, Papal.<\/p>\n<p>P: Como posso encomendar os vossos produtos?<br \/>\nR:Pode consultar no nosso s\u00edtio Web os artigos que lhe interessam e pode tamb\u00e9m entrar em contacto com as nossas vendas de exporta\u00e7\u00e3o e encomend\u00e1-los em conformidade.<\/p>\n<p>P: Que tipo de material usamos em nosso produto?<br \/>\nR:Os nossos vasos de flores de pl\u00e1stico utilizam materiais como o pol\u00edmero PP ou o pol\u00edmero PE.<\/p>\n<p class=\"productsTags\">Hot Tags: vaso de planta de gal\u00e3o quadrado, fornecedores, fabricantes, f\u00e1brica, atacado, para venda<\/p>","protected":false},"excerpt":{"rendered":"<p>Fornecedor da China Plantadores de pl\u00e1stico dur\u00e1veis para uso no atacado e na fazenda (1 a 25 gal\u00f5es)\"<\/p>\n<p><img loading=\"lazy\" decoding=\"async\" class=\"alignnone size-full wp-image-9517\" src=\"https:\/\/www.ronboplastic.com\/wp-content\/uploads\/2025\/09\/RB-G001S.webp\" alt=\"\" width=\"300\" height=\"208\" \/><\/p>","protected":false},"featured_media":9515,"comment_status":"open","ping_status":"closed","template":"","meta":[],"product_brand":[],"product_cat":[20],"product_tag":[71],"class_list":{"0":"post-8621","1":"product","2":"type-product","3":"status-publish","4":"has-post-thumbnail","6":"product_cat-uncategorized","7":"product_tag-1-gallon-pots","9":"first","10":"instock","11":"shipping-taxable","12":"product-type-simple"},"yoast_head":"<!-- This site is optimized with the Yoast SEO plugin v26.1.1 - https:\/\/yoast.com\/wordpress\/plugins\/seo\/ -->\n<title>Square 1 Gallon Pots Wholesale Price - Ronbo Sunrise Pots &amp; Planters<\/title>\n<meta name=\"robots\" content=\"index, follow, max-snippet:-1, max-image-preview:large, max-video-preview:-1\" \/>\n<link rel=\"canonical\" href=\"https:\/\/www.ronboplastic.com\/pt\/produtos\/vasos-quadrados-de-1-galao-preco-por-grosso\/\" \/>\n<meta property=\"og:locale\" content=\"pt_PT\" \/>\n<meta property=\"og:type\" content=\"article\" \/>\n<meta property=\"og:title\" content=\"Square 1 Gallon Pots Wholesale Price - Ronbo Sunrise Pots &amp; Planters\" \/>\n<meta property=\"og:description\" content=\"China Supplier Durable Plastic Planters for Wholesale &amp; Farm Use (1 to 25 Gallons)&quot;\" \/>\n<meta property=\"og:url\" content=\"https:\/\/www.ronboplastic.com\/pt\/produtos\/vasos-quadrados-de-1-galao-preco-por-grosso\/\" \/>\n<meta property=\"og:site_name\" content=\"Ronbo Sunrise Pots &amp; Planters\" \/>\n<meta property=\"article:modified_time\" content=\"2025-09-08T06:39:09+00:00\" \/>\n<meta property=\"og:image\" content=\"https:\/\/www.ronboplastic.com\/wp-content\/uploads\/2024\/09\/RB-G001sCom.webp\" \/>\n\t<meta property=\"og:image:width\" content=\"385\" \/>\n\t<meta property=\"og:image:height\" content=\"385\" \/>\n\t<meta property=\"og:image:type\" content=\"image\/webp\" \/>\n<meta name=\"twitter:card\" content=\"summary_large_image\" \/>\n<meta name=\"twitter:label1\" content=\"Tempo estimado de leitura\" \/>\n\t<meta name=\"twitter:data1\" content=\"1 minuto\" \/>\n<script type=\"application\/ld+json\" class=\"yoast-schema-graph\">{\"@context\":\"https:\/\/schema.org\",\"@graph\":[{\"@type\":\"WebPage\",\"@id\":\"https:\/\/www.ronboplastic.com\/fr\/produits\/pots-carres-de-1-gallon-prix-de-gros\/\",\"url\":\"https:\/\/www.ronboplastic.com\/fr\/produits\/pots-carres-de-1-gallon-prix-de-gros\/\",\"name\":\"Square 1 Gallon Pots Wholesale Price - Ronbo Sunrise Pots &amp; Planters\",\"isPartOf\":{\"@id\":\"https:\/\/www.ronboplastic.com\/#website\"},\"primaryImageOfPage\":{\"@id\":\"https:\/\/www.ronboplastic.com\/fr\/produits\/pots-carres-de-1-gallon-prix-de-gros\/#primaryimage\"},\"image\":{\"@id\":\"https:\/\/www.ronboplastic.com\/fr\/produits\/pots-carres-de-1-gallon-prix-de-gros\/#primaryimage\"},\"thumbnailUrl\":\"https:\/\/www.ronboplastic.com\/wp-content\/uploads\/2024\/09\/RB-G001sCom.webp\",\"datePublished\":\"2025-09-06T02:25:43+00:00\",\"dateModified\":\"2025-09-08T06:39:09+00:00\",\"breadcrumb\":{\"@id\":\"https:\/\/www.ronboplastic.com\/fr\/produits\/pots-carres-de-1-gallon-prix-de-gros\/#breadcrumb\"},\"inLanguage\":\"pt-PT\",\"potentialAction\":[{\"@type\":\"ReadAction\",\"target\":[\"https:\/\/www.ronboplastic.com\/fr\/produits\/pots-carres-de-1-gallon-prix-de-gros\/\"]}]},{\"@type\":\"ImageObject\",\"inLanguage\":\"pt-PT\",\"@id\":\"https:\/\/www.ronboplastic.com\/fr\/produits\/pots-carres-de-1-gallon-prix-de-gros\/#primaryimage\",\"url\":\"https:\/\/www.ronboplastic.com\/wp-content\/uploads\/2024\/09\/RB-G001sCom.webp\",\"contentUrl\":\"https:\/\/www.ronboplastic.com\/wp-content\/uploads\/2024\/09\/RB-G001sCom.webp\",\"width\":385,\"height\":385},{\"@type\":\"BreadcrumbList\",\"@id\":\"https:\/\/www.ronboplastic.com\/fr\/produits\/pots-carres-de-1-gallon-prix-de-gros\/#breadcrumb\",\"itemListElement\":[{\"@type\":\"ListItem\",\"position\":1,\"name\":\"\u9996\u9875\",\"item\":\"https:\/\/www.ronboplastic.com\/\"},{\"@type\":\"ListItem\",\"position\":2,\"name\":\"Products\",\"item\":\"http:\/\/www.ronboplastic.com\/products\/\"},{\"@type\":\"ListItem\",\"position\":3,\"name\":\"Square 1 Gallon Pots Wholesale Price\"}]},{\"@type\":\"WebSite\",\"@id\":\"https:\/\/www.ronboplastic.com\/#website\",\"url\":\"https:\/\/www.ronboplastic.com\/\",\"name\":\"Ronbo Sunrise Pots &amp; Planters\",\"description\":\"Flower Pots &amp; Planters\",\"potentialAction\":[{\"@type\":\"SearchAction\",\"target\":{\"@type\":\"EntryPoint\",\"urlTemplate\":\"https:\/\/www.ronboplastic.com\/?s={search_term_string}\"},\"query-input\":{\"@type\":\"PropertyValueSpecification\",\"valueRequired\":true,\"valueName\":\"search_term_string\"}}],\"inLanguage\":\"pt-PT\"}]}<\/script>\n<!-- \/ Yoast SEO plugin. -->","yoast_head_json":{"title":"Square 1 Gallon Pots Wholesale Price - Ronbo Sunrise Pots &amp; Planters","robots":{"index":"index","follow":"follow","max-snippet":"max-snippet:-1","max-image-preview":"max-image-preview:large","max-video-preview":"max-video-preview:-1"},"canonical":"https:\/\/www.ronboplastic.com\/pt\/produtos\/vasos-quadrados-de-1-galao-preco-por-grosso\/","og_locale":"pt_PT","og_type":"article","og_title":"Square 1 Gallon Pots Wholesale Price - Ronbo Sunrise Pots &amp; Planters","og_description":"China Supplier Durable Plastic Planters for Wholesale &amp; Farm Use (1 to 25 Gallons)\"","og_url":"https:\/\/www.ronboplastic.com\/pt\/produtos\/vasos-quadrados-de-1-galao-preco-por-grosso\/","og_site_name":"Ronbo Sunrise Pots &amp; Planters","article_modified_time":"2025-09-08T06:39:09+00:00","og_image":[{"width":385,"height":385,"url":"https:\/\/www.ronboplastic.com\/wp-content\/uploads\/2024\/09\/RB-G001sCom.webp","type":"image\/webp"}],"twitter_card":"summary_large_image","twitter_misc":{"Tempo estimado de leitura":"1 minuto"},"schema":{"@context":"https:\/\/schema.org","@graph":[{"@type":"WebPage","@id":"https:\/\/www.ronboplastic.com\/fr\/produits\/pots-carres-de-1-gallon-prix-de-gros\/","url":"https:\/\/www.ronboplastic.com\/fr\/produits\/pots-carres-de-1-gallon-prix-de-gros\/","name":"Square 1 Gallon Pots Wholesale Price - Ronbo Sunrise Pots &amp; Planters","isPartOf":{"@id":"https:\/\/www.ronboplastic.com\/#website"},"primaryImageOfPage":{"@id":"https:\/\/www.ronboplastic.com\/fr\/produits\/pots-carres-de-1-gallon-prix-de-gros\/#primaryimage"},"image":{"@id":"https:\/\/www.ronboplastic.com\/fr\/produits\/pots-carres-de-1-gallon-prix-de-gros\/#primaryimage"},"thumbnailUrl":"https:\/\/www.ronboplastic.com\/wp-content\/uploads\/2024\/09\/RB-G001sCom.webp","datePublished":"2025-09-06T02:25:43+00:00","dateModified":"2025-09-08T06:39:09+00:00","breadcrumb":{"@id":"https:\/\/www.ronboplastic.com\/fr\/produits\/pots-carres-de-1-gallon-prix-de-gros\/#breadcrumb"},"inLanguage":"pt-PT","potentialAction":[{"@type":"ReadAction","target":["https:\/\/www.ronboplastic.com\/fr\/produits\/pots-carres-de-1-gallon-prix-de-gros\/"]}]},{"@type":"ImageObject","inLanguage":"pt-PT","@id":"https:\/\/www.ronboplastic.com\/fr\/produits\/pots-carres-de-1-gallon-prix-de-gros\/#primaryimage","url":"https:\/\/www.ronboplastic.com\/wp-content\/uploads\/2024\/09\/RB-G001sCom.webp","contentUrl":"https:\/\/www.ronboplastic.com\/wp-content\/uploads\/2024\/09\/RB-G001sCom.webp","width":385,"height":385},{"@type":"BreadcrumbList","@id":"https:\/\/www.ronboplastic.com\/fr\/produits\/pots-carres-de-1-gallon-prix-de-gros\/#breadcrumb","itemListElement":[{"@type":"ListItem","position":1,"name":"\u9996\u9875","item":"https:\/\/www.ronboplastic.com\/"},{"@type":"ListItem","position":2,"name":"Products","item":"http:\/\/www.ronboplastic.com\/products\/"},{"@type":"ListItem","position":3,"name":"Square 1 Gallon Pots Wholesale Price"}]},{"@type":"WebSite","@id":"https:\/\/www.ronboplastic.com\/#website","url":"https:\/\/www.ronboplastic.com\/","name":"Ronbo Sunrise Pots &amp; Planters","description":"Vasos de flores e jardineiras","potentialAction":[{"@type":"SearchAction","target":{"@type":"EntryPoint","urlTemplate":"https:\/\/www.ronboplastic.com\/?s={search_term_string}"},"query-input":{"@type":"PropertyValueSpecification","valueRequired":true,"valueName":"search_term_string"}}],"inLanguage":"pt-PT"}]}},"_links":{"self":[{"href":"https:\/\/www.ronboplastic.com\/pt\/wp-json\/wp\/v2\/product\/8621","targetHints":{"allow":["GET"]}}],"collection":[{"href":"https:\/\/www.ronboplastic.com\/pt\/wp-json\/wp\/v2\/product"}],"about":[{"href":"https:\/\/www.ronboplastic.com\/pt\/wp-json\/wp\/v2\/types\/product"}],"replies":[{"embeddable":true,"href":"https:\/\/www.ronboplastic.com\/pt\/wp-json\/wp\/v2\/comments?post=8621"}],"wp:featuredmedia":[{"embeddable":true,"href":"https:\/\/www.ronboplastic.com\/pt\/wp-json\/wp\/v2\/media\/9515"}],"wp:attachment":[{"href":"https:\/\/www.ronboplastic.com\/pt\/wp-json\/wp\/v2\/media?parent=8621"}],"wp:term":[{"taxonomy":"product_brand","embeddable":true,"href":"https:\/\/www.ronboplastic.com\/pt\/wp-json\/wp\/v2\/product_brand?post=8621"},{"taxonomy":"product_cat","embeddable":true,"href":"https:\/\/www.ronboplastic.com\/pt\/wp-json\/wp\/v2\/product_cat?post=8621"},{"taxonomy":"product_tag","embeddable":true,"href":"https:\/\/www.ronboplastic.com\/pt\/wp-json\/wp\/v2\/product_tag?post=8621"}],"curies":[{"name":"wp","href":"https:\/\/api.w.org\/{rel}","templated":true}]}}