{"id":9385,"date":"2024-10-28T09:41:59","date_gmt":"2024-10-28T01:41:59","guid":{"rendered":"https:\/\/www.ronboplastic.com\/index.php\/product\/plastic-hanging-flower-pots\/"},"modified":"2025-09-08T14:20:47","modified_gmt":"2025-09-08T06:20:47","slug":"pots-de-fleurs-suspendus-en-plastique","status":"publish","type":"product","link":"https:\/\/www.ronboplastic.com\/fr\/produit\/pots-de-fleurs-suspendus-en-plastique\/","title":{"rendered":"Pots de fleurs suspendus en plastique"},"content":{"rendered":"<p><strong>Description du produit :<\/strong><\/p>\n<p>Am\u00e9liorez votre jardinage avec nos pots de fleurs en plastique polyvalents, con\u00e7us pour am\u00e9liorer la croissance et l'esth\u00e9tique de vos plantes. Ces pots l\u00e9gers mais durables sont parfaits pour l'int\u00e9rieur et l'ext\u00e9rieur, et constituent une solution \u00e9l\u00e9gante et pratique pour tous les passionn\u00e9s de plantes.<\/p>\n<p><strong>Caract\u00e9ristiques principales :<\/strong><\/p>\n<ul>\n<li><strong>Grande durabilit\u00e9 :<\/strong> Fabriqu\u00e9 en plastique de premi\u00e8re qualit\u00e9 r\u00e9sistant aux intemp\u00e9ries, il garantit la long\u00e9vit\u00e9 et la r\u00e9sistance \u00e0 la d\u00e9coloration, \u00e0 la fissuration et \u00e0 la rupture.<\/li>\n<li><strong>L\u00e9ger et portable :<\/strong> D\u00e9placez sans effort vos plantes dans votre maison ou votre jardin pour cr\u00e9er une pr\u00e9sentation parfaite.<\/li>\n<li><strong>Esth\u00e9tique \u00e9l\u00e9gante :<\/strong> Disponible dans une vari\u00e9t\u00e9 de couleurs et de designs modernes pour compl\u00e9ter n'importe quel style de d\u00e9coration, du classique au contemporain.<\/li>\n<li><strong>Drainage efficace :<\/strong> Chaque pot est \u00e9quip\u00e9 de trous de drainage pour \u00e9viter l'engorgement et favoriser un syst\u00e8me racinaire sain.<\/li>\n<li><strong>Un choix \u00e9co-responsable :<\/strong> Fabriqu\u00e9 \u00e0 partir de mat\u00e9riaux recyclables, il favorise les pratiques de jardinage durables.<\/li>\n<\/ul>\n<p><strong>Instructions d'utilisation :<\/strong><\/p>\n<ol>\n<li>Remplissez le pot avec du terreau de haute qualit\u00e9, en laissant un espace d'environ un pouce au sommet.<\/li>\n<li>Plantez les fleurs, les plantes grasses ou les herbes aromatiques que vous avez choisies, en veillant \u00e0 ce qu'elles soient bien recouvertes de terre.<\/li>\n<li>Arrosez les plantes de mani\u00e8re ad\u00e9quate et placez le pot dans un endroit qui r\u00e9pond \u00e0 leurs besoins en mati\u00e8re d'ensoleillement et de temp\u00e9rature.<\/li>\n<\/ol>\n<p><strong>Instructions d'entretien :<\/strong><\/p>\n<ul>\n<li>Nettoyer r\u00e9guli\u00e8rement avec de l'eau et du savon doux pour maintenir la propret\u00e9 et l'apparence de l'appareil.<\/li>\n<li>Pour une dur\u00e9e de vie prolong\u00e9e, conserver les pots \u00e0 l'int\u00e9rieur en cas de temp\u00e9ratures extr\u00eames.<\/li>\n<\/ul>","protected":false},"excerpt":{"rendered":"<p>N'attendez pas pour cr\u00e9er le jardin de vos r\u00eaves. Ajoutez nos pots de fleurs en plastique de haute qualit\u00e9 \u00e0 votre collection et voyez vos plantes prosp\u00e9rer !<\/p>\n<p>&nbsp;<\/p>","protected":false},"featured_media":9386,"comment_status":"open","ping_status":"open","template":"","meta":[],"product_brand":[],"product_cat":[88],"product_tag":[102,101],"class_list":{"0":"post-9385","1":"product","2":"type-product","3":"status-publish","4":"has-post-thumbnail","6":"product_cat-hanging-planter","7":"product_tag-hanging-planters","8":"product_tag-hanging-plant-pots","10":"first","11":"instock","12":"shipping-taxable","13":"product-type-simple"},"yoast_head":"<!-- This site is optimized with the Yoast SEO plugin v26.1.1 - https:\/\/yoast.com\/wordpress\/plugins\/seo\/ -->\n<title>Plastic Hanging Flower Pots - Ronbo Sunrise Pots &amp; Planters<\/title>\n<meta name=\"robots\" content=\"index, follow, max-snippet:-1, max-image-preview:large, max-video-preview:-1\" \/>\n<link rel=\"canonical\" href=\"https:\/\/www.ronboplastic.com\/fr\/produit\/pots-de-fleurs-suspendus-en-plastique\/\" \/>\n<meta property=\"og:locale\" content=\"fr_FR\" \/>\n<meta property=\"og:type\" content=\"article\" \/>\n<meta property=\"og:title\" content=\"Plastic Hanging Flower Pots - Ronbo Sunrise Pots &amp; Planters\" \/>\n<meta property=\"og:description\" content=\"Don\u2019t wait to create your dream garden. Add our high-quality plastic flower pots to your collection now and watch your plants thrive! &nbsp;\" \/>\n<meta property=\"og:url\" content=\"https:\/\/www.ronboplastic.com\/fr\/produit\/pots-de-fleurs-suspendus-en-plastique\/\" \/>\n<meta property=\"og:site_name\" content=\"Ronbo Sunrise Pots &amp; Planters\" \/>\n<meta property=\"article:modified_time\" content=\"2025-09-08T06:20:47+00:00\" \/>\n<meta property=\"og:image\" content=\"https:\/\/www.ronboplastic.com\/wp-content\/uploads\/2025\/09\/6-2-1.jpg\" \/>\n\t<meta property=\"og:image:width\" content=\"800\" \/>\n\t<meta property=\"og:image:height\" content=\"800\" \/>\n\t<meta property=\"og:image:type\" content=\"image\/jpeg\" \/>\n<meta name=\"twitter:card\" content=\"summary_large_image\" \/>\n<meta name=\"twitter:label1\" content=\"Dur\u00e9e de lecture estim\u00e9e\" \/>\n\t<meta name=\"twitter:data1\" content=\"1 minute\" \/>\n<script type=\"application\/ld+json\" class=\"yoast-schema-graph\">{\"@context\":\"https:\/\/schema.org\",\"@graph\":[{\"@type\":\"WebPage\",\"@id\":\"https:\/\/www.ronboplastic.com\/ru\/%d0%bf%d1%80%d0%be%d0%b4%d1%83%d0%ba%d1%82\/plastic-hanging-flower-pots\/\",\"url\":\"https:\/\/www.ronboplastic.com\/ru\/%d0%bf%d1%80%d0%be%d0%b4%d1%83%d0%ba%d1%82\/plastic-hanging-flower-pots\/\",\"name\":\"Plastic Hanging Flower Pots - Ronbo Sunrise Pots &amp; Planters\",\"isPartOf\":{\"@id\":\"https:\/\/www.ronboplastic.com\/#website\"},\"primaryImageOfPage\":{\"@id\":\"https:\/\/www.ronboplastic.com\/ru\/%d0%bf%d1%80%d0%be%d0%b4%d1%83%d0%ba%d1%82\/plastic-hanging-flower-pots\/#primaryimage\"},\"image\":{\"@id\":\"https:\/\/www.ronboplastic.com\/ru\/%d0%bf%d1%80%d0%be%d0%b4%d1%83%d0%ba%d1%82\/plastic-hanging-flower-pots\/#primaryimage\"},\"thumbnailUrl\":\"https:\/\/www.ronboplastic.com\/wp-content\/uploads\/2025\/09\/6-2-1.jpg\",\"datePublished\":\"2024-10-28T01:41:59+00:00\",\"dateModified\":\"2025-09-08T06:20:47+00:00\",\"breadcrumb\":{\"@id\":\"https:\/\/www.ronboplastic.com\/ru\/%d0%bf%d1%80%d0%be%d0%b4%d1%83%d0%ba%d1%82\/plastic-hanging-flower-pots\/#breadcrumb\"},\"inLanguage\":\"fr-FR\",\"potentialAction\":[{\"@type\":\"ReadAction\",\"target\":[\"https:\/\/www.ronboplastic.com\/ru\/%d0%bf%d1%80%d0%be%d0%b4%d1%83%d0%ba%d1%82\/plastic-hanging-flower-pots\/\"]}]},{\"@type\":\"ImageObject\",\"inLanguage\":\"fr-FR\",\"@id\":\"https:\/\/www.ronboplastic.com\/ru\/%d0%bf%d1%80%d0%be%d0%b4%d1%83%d0%ba%d1%82\/plastic-hanging-flower-pots\/#primaryimage\",\"url\":\"https:\/\/www.ronboplastic.com\/wp-content\/uploads\/2025\/09\/6-2-1.jpg\",\"contentUrl\":\"https:\/\/www.ronboplastic.com\/wp-content\/uploads\/2025\/09\/6-2-1.jpg\",\"width\":800,\"height\":800,\"caption\":\"hanging flower pots\"},{\"@type\":\"BreadcrumbList\",\"@id\":\"https:\/\/www.ronboplastic.com\/ru\/%d0%bf%d1%80%d0%be%d0%b4%d1%83%d0%ba%d1%82\/plastic-hanging-flower-pots\/#breadcrumb\",\"itemListElement\":[{\"@type\":\"ListItem\",\"position\":1,\"name\":\"\u9996\u9875\",\"item\":\"https:\/\/www.ronboplastic.com\/\"},{\"@type\":\"ListItem\",\"position\":2,\"name\":\"Products\",\"item\":\"http:\/\/www.ronboplastic.com\/products\/\"},{\"@type\":\"ListItem\",\"position\":3,\"name\":\"Plastic Hanging Flower Pots\"}]},{\"@type\":\"WebSite\",\"@id\":\"https:\/\/www.ronboplastic.com\/#website\",\"url\":\"https:\/\/www.ronboplastic.com\/\",\"name\":\"Ronbo Sunrise Pots &amp; Planters\",\"description\":\"Flower Pots &amp; Planters\",\"potentialAction\":[{\"@type\":\"SearchAction\",\"target\":{\"@type\":\"EntryPoint\",\"urlTemplate\":\"https:\/\/www.ronboplastic.com\/?s={search_term_string}\"},\"query-input\":{\"@type\":\"PropertyValueSpecification\",\"valueRequired\":true,\"valueName\":\"search_term_string\"}}],\"inLanguage\":\"fr-FR\"}]}<\/script>\n<!-- \/ Yoast SEO plugin. -->","yoast_head_json":{"title":"Plastic Hanging Flower Pots - Ronbo Sunrise Pots &amp; Planters","robots":{"index":"index","follow":"follow","max-snippet":"max-snippet:-1","max-image-preview":"max-image-preview:large","max-video-preview":"max-video-preview:-1"},"canonical":"https:\/\/www.ronboplastic.com\/fr\/produit\/pots-de-fleurs-suspendus-en-plastique\/","og_locale":"fr_FR","og_type":"article","og_title":"Plastic Hanging Flower Pots - Ronbo Sunrise Pots &amp; Planters","og_description":"Don\u2019t wait to create your dream garden. Add our high-quality plastic flower pots to your collection now and watch your plants thrive! &nbsp;","og_url":"https:\/\/www.ronboplastic.com\/fr\/produit\/pots-de-fleurs-suspendus-en-plastique\/","og_site_name":"Ronbo Sunrise Pots &amp; Planters","article_modified_time":"2025-09-08T06:20:47+00:00","og_image":[{"width":800,"height":800,"url":"https:\/\/www.ronboplastic.com\/wp-content\/uploads\/2025\/09\/6-2-1.jpg","type":"image\/jpeg"}],"twitter_card":"summary_large_image","twitter_misc":{"Dur\u00e9e de lecture estim\u00e9e":"1 minute"},"schema":{"@context":"https:\/\/schema.org","@graph":[{"@type":"WebPage","@id":"https:\/\/www.ronboplastic.com\/ru\/%d0%bf%d1%80%d0%be%d0%b4%d1%83%d0%ba%d1%82\/plastic-hanging-flower-pots\/","url":"https:\/\/www.ronboplastic.com\/ru\/%d0%bf%d1%80%d0%be%d0%b4%d1%83%d0%ba%d1%82\/plastic-hanging-flower-pots\/","name":"Plastic Hanging Flower Pots - Ronbo Sunrise Pots &amp; Planters","isPartOf":{"@id":"https:\/\/www.ronboplastic.com\/#website"},"primaryImageOfPage":{"@id":"https:\/\/www.ronboplastic.com\/ru\/%d0%bf%d1%80%d0%be%d0%b4%d1%83%d0%ba%d1%82\/plastic-hanging-flower-pots\/#primaryimage"},"image":{"@id":"https:\/\/www.ronboplastic.com\/ru\/%d0%bf%d1%80%d0%be%d0%b4%d1%83%d0%ba%d1%82\/plastic-hanging-flower-pots\/#primaryimage"},"thumbnailUrl":"https:\/\/www.ronboplastic.com\/wp-content\/uploads\/2025\/09\/6-2-1.jpg","datePublished":"2024-10-28T01:41:59+00:00","dateModified":"2025-09-08T06:20:47+00:00","breadcrumb":{"@id":"https:\/\/www.ronboplastic.com\/ru\/%d0%bf%d1%80%d0%be%d0%b4%d1%83%d0%ba%d1%82\/plastic-hanging-flower-pots\/#breadcrumb"},"inLanguage":"fr-FR","potentialAction":[{"@type":"ReadAction","target":["https:\/\/www.ronboplastic.com\/ru\/%d0%bf%d1%80%d0%be%d0%b4%d1%83%d0%ba%d1%82\/plastic-hanging-flower-pots\/"]}]},{"@type":"ImageObject","inLanguage":"fr-FR","@id":"https:\/\/www.ronboplastic.com\/ru\/%d0%bf%d1%80%d0%be%d0%b4%d1%83%d0%ba%d1%82\/plastic-hanging-flower-pots\/#primaryimage","url":"https:\/\/www.ronboplastic.com\/wp-content\/uploads\/2025\/09\/6-2-1.jpg","contentUrl":"https:\/\/www.ronboplastic.com\/wp-content\/uploads\/2025\/09\/6-2-1.jpg","width":800,"height":800,"caption":"hanging flower pots"},{"@type":"BreadcrumbList","@id":"https:\/\/www.ronboplastic.com\/ru\/%d0%bf%d1%80%d0%be%d0%b4%d1%83%d0%ba%d1%82\/plastic-hanging-flower-pots\/#breadcrumb","itemListElement":[{"@type":"ListItem","position":1,"name":"\u9996\u9875","item":"https:\/\/www.ronboplastic.com\/"},{"@type":"ListItem","position":2,"name":"Products","item":"http:\/\/www.ronboplastic.com\/products\/"},{"@type":"ListItem","position":3,"name":"Plastic Hanging Flower Pots"}]},{"@type":"WebSite","@id":"https:\/\/www.ronboplastic.com\/#website","url":"https:\/\/www.ronboplastic.com\/","name":"Ronbo Sunrise Pots &amp; Planters","description":"Pots de fleurs et jardini\u00e8res","potentialAction":[{"@type":"SearchAction","target":{"@type":"EntryPoint","urlTemplate":"https:\/\/www.ronboplastic.com\/?s={search_term_string}"},"query-input":{"@type":"PropertyValueSpecification","valueRequired":true,"valueName":"search_term_string"}}],"inLanguage":"fr-FR"}]}},"_links":{"self":[{"href":"https:\/\/www.ronboplastic.com\/fr\/wp-json\/wp\/v2\/product\/9385","targetHints":{"allow":["GET"]}}],"collection":[{"href":"https:\/\/www.ronboplastic.com\/fr\/wp-json\/wp\/v2\/product"}],"about":[{"href":"https:\/\/www.ronboplastic.com\/fr\/wp-json\/wp\/v2\/types\/product"}],"replies":[{"embeddable":true,"href":"https:\/\/www.ronboplastic.com\/fr\/wp-json\/wp\/v2\/comments?post=9385"}],"wp:featuredmedia":[{"embeddable":true,"href":"https:\/\/www.ronboplastic.com\/fr\/wp-json\/wp\/v2\/media\/9386"}],"wp:attachment":[{"href":"https:\/\/www.ronboplastic.com\/fr\/wp-json\/wp\/v2\/media?parent=9385"}],"wp:term":[{"taxonomy":"product_brand","embeddable":true,"href":"https:\/\/www.ronboplastic.com\/fr\/wp-json\/wp\/v2\/product_brand?post=9385"},{"taxonomy":"product_cat","embeddable":true,"href":"https:\/\/www.ronboplastic.com\/fr\/wp-json\/wp\/v2\/product_cat?post=9385"},{"taxonomy":"product_tag","embeddable":true,"href":"https:\/\/www.ronboplastic.com\/fr\/wp-json\/wp\/v2\/product_tag?post=9385"}],"curies":[{"name":"wp","href":"https:\/\/api.w.org\/{rel}","templated":true}]}}