{"id":9342,"date":"2024-10-17T09:38:24","date_gmt":"2024-10-17T01:38:24","guid":{"rendered":"https:\/\/www.ronboplastic.com\/index.php\/product\/square-plant-pot-with-tray\/"},"modified":"2025-09-08T14:20:27","modified_gmt":"2025-09-08T06:20:27","slug":"pot-de-fleurs-carre-avec-plateau","status":"publish","type":"product","link":"https:\/\/www.ronboplastic.com\/fr\/produit\/pot-de-fleurs-carre-avec-plateau\/","title":{"rendered":"Pot \u00e0 plantes carr\u00e9 avec plateau"},"content":{"rendered":"<p>Les pots carr\u00e9s avec plateau sont con\u00e7us pour vous offrir un produit durable, fiable et respectueux de l'environnement. Ils s'associent parfaitement \u00e0 nos plateaux de transport pour cr\u00e9er un syst\u00e8me de rempotage efficace et de qualit\u00e9. Ils s'associent parfaitement \u00e0 nos plateaux de transport pour cr\u00e9er un syst\u00e8me de rempotage efficace et de qualit\u00e9. Leur syst\u00e8me simple vous permet de fixer le nombre appropri\u00e9 de pots dans un plateau en m\u00eame temps, au lieu de placer chaque pot individuellement.<\/p>\n<p><img loading=\"lazy\" decoding=\"async\" title=\"Pot \u00e0 plantes carr\u00e9 avec plateau\" src=\"https:\/\/www.ronboplastic.com\/wp-content\/uploads\/2025\/09\/20220727085834af5adf53f0aa4e5186423fe16cb215a5.jpg\" alt=\"Pot \u00e0 plantes carr\u00e9 avec plateau\" width=\"800\" height=\"1000\" \/><\/p>\n<p><img loading=\"lazy\" decoding=\"async\" title=\"Pot \u00e0 plantes carr\u00e9 avec plateau\" src=\"https:\/\/www.ronboplastic.com\/wp-content\/uploads\/2025\/09\/202207270858389b98272abd25463c89b4e94f8559527b.jpg\" alt=\"Pot \u00e0 plantes carr\u00e9 avec plateau\" width=\"800\" height=\"851\" \/><\/p>\n<p><img loading=\"lazy\" decoding=\"async\" title=\"Pot \u00e0 plantes carr\u00e9 avec plateau\" src=\"https:\/\/www.ronboplastic.com\/wp-content\/uploads\/2025\/09\/20220727085843a7004c5b32544681934a34afdf224b87.jpg\" alt=\"Pot \u00e0 plantes carr\u00e9 avec plateau\" width=\"800\" height=\"1517\" \/><\/p>\n<p><img loading=\"lazy\" decoding=\"async\" title=\"Pot \u00e0 plantes carr\u00e9 avec plateau\" src=\"https:\/\/www.ronboplastic.com\/wp-content\/uploads\/2025\/09\/202207270858470f9e71eef9ff4e77b3974fb2d4d3b457.jpg\" alt=\"Pot \u00e0 plantes carr\u00e9 avec plateau\" width=\"800\" height=\"632\" \/><\/p>\n<p class=\"productsTags\">Hot Tags : pot de fleurs carr\u00e9 avec plateau, fournisseurs, fabricants, usine, grossiste, pour la vente<\/p>","protected":false},"excerpt":{"rendered":"<p>Les pots de fleurs carr\u00e9s avec plateau sont con\u00e7us pour vous offrir un produit durable, fiable et respectueux de l'environnement.<\/p>","protected":false},"featured_media":9348,"comment_status":"open","ping_status":"open","template":"","meta":[],"product_brand":[],"product_cat":[96],"product_tag":[97],"class_list":{"0":"post-9342","1":"product","2":"type-product","3":"status-publish","4":"has-post-thumbnail","6":"product_cat-seeding-tray","7":"product_tag-seeding-tray","9":"first","10":"instock","11":"shipping-taxable","12":"product-type-simple"},"yoast_head":"<!-- This site is optimized with the Yoast SEO plugin v26.1.1 - https:\/\/yoast.com\/wordpress\/plugins\/seo\/ -->\n<title>Square Plant Pot With Tray - Ronbo Sunrise Pots &amp; Planters<\/title>\n<meta name=\"robots\" content=\"index, follow, max-snippet:-1, max-image-preview:large, max-video-preview:-1\" \/>\n<link rel=\"canonical\" href=\"https:\/\/www.ronboplastic.com\/fr\/produit\/pot-de-fleurs-carre-avec-plateau\/\" \/>\n<meta property=\"og:locale\" content=\"fr_FR\" \/>\n<meta property=\"og:type\" content=\"article\" \/>\n<meta property=\"og:title\" content=\"Square Plant Pot With Tray - Ronbo Sunrise Pots &amp; Planters\" \/>\n<meta property=\"og:description\" content=\"Square plant pot with tray are designed to provide you with a durable, dependable and environmentally responsible product.\" \/>\n<meta property=\"og:url\" content=\"https:\/\/www.ronboplastic.com\/fr\/produit\/pot-de-fleurs-carre-avec-plateau\/\" \/>\n<meta property=\"og:site_name\" content=\"Ronbo Sunrise Pots &amp; Planters\" \/>\n<meta property=\"article:modified_time\" content=\"2025-09-08T06:20:27+00:00\" \/>\n<meta property=\"og:image\" content=\"https:\/\/www.ronboplastic.com\/wp-content\/uploads\/2025\/09\/\u4f01\u4e1a\u5fae\u4fe1\u622a\u56fe_17291570836776.png\" \/>\n\t<meta property=\"og:image:width\" content=\"730\" \/>\n\t<meta property=\"og:image:height\" content=\"730\" \/>\n\t<meta property=\"og:image:type\" content=\"image\/png\" \/>\n<meta name=\"twitter:card\" content=\"summary_large_image\" \/>\n<script type=\"application\/ld+json\" class=\"yoast-schema-graph\">{\"@context\":\"https:\/\/schema.org\",\"@graph\":[{\"@type\":\"WebPage\",\"@id\":\"https:\/\/www.ronboplastic.com\/es\/producto\/maceta-cuadrada-con-bandeja\/\",\"url\":\"https:\/\/www.ronboplastic.com\/es\/producto\/maceta-cuadrada-con-bandeja\/\",\"name\":\"Square Plant Pot With Tray - Ronbo Sunrise Pots &amp; Planters\",\"isPartOf\":{\"@id\":\"https:\/\/www.ronboplastic.com\/#website\"},\"primaryImageOfPage\":{\"@id\":\"https:\/\/www.ronboplastic.com\/es\/producto\/maceta-cuadrada-con-bandeja\/#primaryimage\"},\"image\":{\"@id\":\"https:\/\/www.ronboplastic.com\/es\/producto\/maceta-cuadrada-con-bandeja\/#primaryimage\"},\"thumbnailUrl\":\"https:\/\/www.ronboplastic.com\/wp-content\/uploads\/2025\/09\/\u4f01\u4e1a\u5fae\u4fe1\u622a\u56fe_17291570836776.png\",\"datePublished\":\"2024-10-17T01:38:24+00:00\",\"dateModified\":\"2025-09-08T06:20:27+00:00\",\"breadcrumb\":{\"@id\":\"https:\/\/www.ronboplastic.com\/es\/producto\/maceta-cuadrada-con-bandeja\/#breadcrumb\"},\"inLanguage\":\"fr-FR\",\"potentialAction\":[{\"@type\":\"ReadAction\",\"target\":[\"https:\/\/www.ronboplastic.com\/es\/producto\/maceta-cuadrada-con-bandeja\/\"]}]},{\"@type\":\"ImageObject\",\"inLanguage\":\"fr-FR\",\"@id\":\"https:\/\/www.ronboplastic.com\/es\/producto\/maceta-cuadrada-con-bandeja\/#primaryimage\",\"url\":\"https:\/\/www.ronboplastic.com\/wp-content\/uploads\/2025\/09\/\u4f01\u4e1a\u5fae\u4fe1\u622a\u56fe_17291570836776.png\",\"contentUrl\":\"https:\/\/www.ronboplastic.com\/wp-content\/uploads\/2025\/09\/\u4f01\u4e1a\u5fae\u4fe1\u622a\u56fe_17291570836776.png\",\"width\":730,\"height\":730,\"caption\":\"Square Plant Pot With Tray\"},{\"@type\":\"BreadcrumbList\",\"@id\":\"https:\/\/www.ronboplastic.com\/es\/producto\/maceta-cuadrada-con-bandeja\/#breadcrumb\",\"itemListElement\":[{\"@type\":\"ListItem\",\"position\":1,\"name\":\"\u9996\u9875\",\"item\":\"https:\/\/www.ronboplastic.com\/\"},{\"@type\":\"ListItem\",\"position\":2,\"name\":\"Products\",\"item\":\"http:\/\/www.ronboplastic.com\/products\/\"},{\"@type\":\"ListItem\",\"position\":3,\"name\":\"Square Plant Pot With Tray\"}]},{\"@type\":\"WebSite\",\"@id\":\"https:\/\/www.ronboplastic.com\/#website\",\"url\":\"https:\/\/www.ronboplastic.com\/\",\"name\":\"Ronbo Sunrise Pots &amp; Planters\",\"description\":\"Flower Pots &amp; Planters\",\"potentialAction\":[{\"@type\":\"SearchAction\",\"target\":{\"@type\":\"EntryPoint\",\"urlTemplate\":\"https:\/\/www.ronboplastic.com\/?s={search_term_string}\"},\"query-input\":{\"@type\":\"PropertyValueSpecification\",\"valueRequired\":true,\"valueName\":\"search_term_string\"}}],\"inLanguage\":\"fr-FR\"}]}<\/script>\n<!-- \/ Yoast SEO plugin. -->","yoast_head_json":{"title":"Square Plant Pot With Tray - Ronbo Sunrise Pots &amp; Planters","robots":{"index":"index","follow":"follow","max-snippet":"max-snippet:-1","max-image-preview":"max-image-preview:large","max-video-preview":"max-video-preview:-1"},"canonical":"https:\/\/www.ronboplastic.com\/fr\/produit\/pot-de-fleurs-carre-avec-plateau\/","og_locale":"fr_FR","og_type":"article","og_title":"Square Plant Pot With Tray - Ronbo Sunrise Pots &amp; Planters","og_description":"Square plant pot with tray are designed to provide you with a durable, dependable and environmentally responsible product.","og_url":"https:\/\/www.ronboplastic.com\/fr\/produit\/pot-de-fleurs-carre-avec-plateau\/","og_site_name":"Ronbo Sunrise Pots &amp; Planters","article_modified_time":"2025-09-08T06:20:27+00:00","og_image":[{"width":730,"height":730,"url":"https:\/\/www.ronboplastic.com\/wp-content\/uploads\/2025\/09\/\u4f01\u4e1a\u5fae\u4fe1\u622a\u56fe_17291570836776.png","type":"image\/png"}],"twitter_card":"summary_large_image","schema":{"@context":"https:\/\/schema.org","@graph":[{"@type":"WebPage","@id":"https:\/\/www.ronboplastic.com\/es\/producto\/maceta-cuadrada-con-bandeja\/","url":"https:\/\/www.ronboplastic.com\/es\/producto\/maceta-cuadrada-con-bandeja\/","name":"Square Plant Pot With Tray - Ronbo Sunrise Pots &amp; Planters","isPartOf":{"@id":"https:\/\/www.ronboplastic.com\/#website"},"primaryImageOfPage":{"@id":"https:\/\/www.ronboplastic.com\/es\/producto\/maceta-cuadrada-con-bandeja\/#primaryimage"},"image":{"@id":"https:\/\/www.ronboplastic.com\/es\/producto\/maceta-cuadrada-con-bandeja\/#primaryimage"},"thumbnailUrl":"https:\/\/www.ronboplastic.com\/wp-content\/uploads\/2025\/09\/\u4f01\u4e1a\u5fae\u4fe1\u622a\u56fe_17291570836776.png","datePublished":"2024-10-17T01:38:24+00:00","dateModified":"2025-09-08T06:20:27+00:00","breadcrumb":{"@id":"https:\/\/www.ronboplastic.com\/es\/producto\/maceta-cuadrada-con-bandeja\/#breadcrumb"},"inLanguage":"fr-FR","potentialAction":[{"@type":"ReadAction","target":["https:\/\/www.ronboplastic.com\/es\/producto\/maceta-cuadrada-con-bandeja\/"]}]},{"@type":"ImageObject","inLanguage":"fr-FR","@id":"https:\/\/www.ronboplastic.com\/es\/producto\/maceta-cuadrada-con-bandeja\/#primaryimage","url":"https:\/\/www.ronboplastic.com\/wp-content\/uploads\/2025\/09\/\u4f01\u4e1a\u5fae\u4fe1\u622a\u56fe_17291570836776.png","contentUrl":"https:\/\/www.ronboplastic.com\/wp-content\/uploads\/2025\/09\/\u4f01\u4e1a\u5fae\u4fe1\u622a\u56fe_17291570836776.png","width":730,"height":730,"caption":"Square Plant Pot With Tray"},{"@type":"BreadcrumbList","@id":"https:\/\/www.ronboplastic.com\/es\/producto\/maceta-cuadrada-con-bandeja\/#breadcrumb","itemListElement":[{"@type":"ListItem","position":1,"name":"\u9996\u9875","item":"https:\/\/www.ronboplastic.com\/"},{"@type":"ListItem","position":2,"name":"Products","item":"http:\/\/www.ronboplastic.com\/products\/"},{"@type":"ListItem","position":3,"name":"Square Plant Pot With Tray"}]},{"@type":"WebSite","@id":"https:\/\/www.ronboplastic.com\/#website","url":"https:\/\/www.ronboplastic.com\/","name":"Ronbo Sunrise Pots &amp; Planters","description":"Pots de fleurs et jardini\u00e8res","potentialAction":[{"@type":"SearchAction","target":{"@type":"EntryPoint","urlTemplate":"https:\/\/www.ronboplastic.com\/?s={search_term_string}"},"query-input":{"@type":"PropertyValueSpecification","valueRequired":true,"valueName":"search_term_string"}}],"inLanguage":"fr-FR"}]}},"_links":{"self":[{"href":"https:\/\/www.ronboplastic.com\/fr\/wp-json\/wp\/v2\/product\/9342","targetHints":{"allow":["GET"]}}],"collection":[{"href":"https:\/\/www.ronboplastic.com\/fr\/wp-json\/wp\/v2\/product"}],"about":[{"href":"https:\/\/www.ronboplastic.com\/fr\/wp-json\/wp\/v2\/types\/product"}],"replies":[{"embeddable":true,"href":"https:\/\/www.ronboplastic.com\/fr\/wp-json\/wp\/v2\/comments?post=9342"}],"wp:featuredmedia":[{"embeddable":true,"href":"https:\/\/www.ronboplastic.com\/fr\/wp-json\/wp\/v2\/media\/9348"}],"wp:attachment":[{"href":"https:\/\/www.ronboplastic.com\/fr\/wp-json\/wp\/v2\/media?parent=9342"}],"wp:term":[{"taxonomy":"product_brand","embeddable":true,"href":"https:\/\/www.ronboplastic.com\/fr\/wp-json\/wp\/v2\/product_brand?post=9342"},{"taxonomy":"product_cat","embeddable":true,"href":"https:\/\/www.ronboplastic.com\/fr\/wp-json\/wp\/v2\/product_cat?post=9342"},{"taxonomy":"product_tag","embeddable":true,"href":"https:\/\/www.ronboplastic.com\/fr\/wp-json\/wp\/v2\/product_tag?post=9342"}],"curies":[{"name":"wp","href":"https:\/\/api.w.org\/{rel}","templated":true}]}}