{"id":9328,"date":"2024-10-17T09:21:21","date_gmt":"2024-10-17T01:21:21","guid":{"rendered":"https:\/\/www.ronboplastic.com\/index.php\/product\/round-plant-pot-with-tray\/"},"modified":"2025-09-08T14:20:20","modified_gmt":"2025-09-08T06:20:20","slug":"pot-de-fleurs-rond-avec-plateau","status":"publish","type":"product","link":"https:\/\/www.ronboplastic.com\/fr\/produit\/pot-de-fleurs-rond-avec-plateau\/","title":{"rendered":"Pot \u00e0 plantes rond avec plateau"},"content":{"rendered":"<p>Nos pots pour plantes vivaces sont durables et \u00e9conomiques, tout comme les plateaux de transport qui les accompagnent. Les pots ronds sont con\u00e7us pour vous offrir un produit durable, fiable et respectueux de l'environnement. Ils s'associent parfaitement \u00e0 nos plateaux de transport pour cr\u00e9er un syst\u00e8me de rempotage efficace et de qualit\u00e9.<\/p>\n<p><img loading=\"lazy\" decoding=\"async\" title=\"Pot \u00e0 plantes rond avec plateau\" src=\"https:\/\/www.ronboplastic.com\/wp-content\/uploads\/2025\/09\/2022072709215472ec4ebc400547dfb564637c4de0c072.jpg\" alt=\"Pot \u00e0 plantes rond avec plateau\" width=\"800\" height=\"1000\" \/><\/p>\n<p><img loading=\"lazy\" decoding=\"async\" title=\"Pot \u00e0 plantes rond avec plateau\" src=\"https:\/\/www.ronboplastic.com\/wp-content\/uploads\/2025\/09\/202207270921598cd3e945f6d847df8b4a019d8c3d56e2.jpg\" alt=\"Pot \u00e0 plantes rond avec plateau\" width=\"800\" height=\"851\" \/><\/p>\n<p><img loading=\"lazy\" decoding=\"async\" title=\"Pot \u00e0 plantes rond avec plateau\" src=\"https:\/\/www.ronboplastic.com\/wp-content\/uploads\/2025\/09\/20220727092202df551ee1625545bcab84633ec8421666.jpg\" alt=\"Pot \u00e0 plantes rond avec plateau\" width=\"800\" height=\"1517\" \/><\/p>\n<p><img loading=\"lazy\" decoding=\"async\" title=\"Pot \u00e0 plantes rond avec plateau\" src=\"https:\/\/www.ronboplastic.com\/wp-content\/uploads\/2025\/09\/20220727092208d84e3437f6464538bd3348b635e580e1.jpg\" alt=\"Pot \u00e0 plantes rond avec plateau\" width=\"800\" height=\"632\" \/><\/p>\n<p class=\"productsTags\">Hot Tags : pot de fleurs rond avec plateau, fournisseurs, fabricants, usine, grossiste, pour la vente<\/p>","protected":false},"excerpt":{"rendered":"<p>Nos pots de plantes vivaces sont durables et \u00e9conomiques, tout comme les plateaux de transport qui les accompagnent<\/p>","protected":false},"featured_media":9334,"comment_status":"open","ping_status":"open","template":"","meta":[],"product_brand":[],"product_cat":[96],"product_tag":[97],"class_list":{"0":"post-9328","1":"product","2":"type-product","3":"status-publish","4":"has-post-thumbnail","6":"product_cat-seeding-tray","7":"product_tag-seeding-tray","9":"first","10":"instock","11":"shipping-taxable","12":"product-type-simple"},"yoast_head":"<!-- This site is optimized with the Yoast SEO plugin v26.1.1 - https:\/\/yoast.com\/wordpress\/plugins\/seo\/ -->\n<title>Round Plant Pot With Tray - Ronbo Sunrise Pots &amp; Planters<\/title>\n<meta name=\"robots\" content=\"index, follow, max-snippet:-1, max-image-preview:large, max-video-preview:-1\" \/>\n<link rel=\"canonical\" href=\"https:\/\/www.ronboplastic.com\/fr\/produit\/pot-de-fleurs-rond-avec-plateau\/\" \/>\n<meta property=\"og:locale\" content=\"fr_FR\" \/>\n<meta property=\"og:type\" content=\"article\" \/>\n<meta property=\"og:title\" content=\"Round Plant Pot With Tray - Ronbo Sunrise Pots &amp; Planters\" \/>\n<meta property=\"og:description\" content=\"Our perennial pots are durable and economical, just like their accompanying carry trays\" \/>\n<meta property=\"og:url\" content=\"https:\/\/www.ronboplastic.com\/fr\/produit\/pot-de-fleurs-rond-avec-plateau\/\" \/>\n<meta property=\"og:site_name\" content=\"Ronbo Sunrise Pots &amp; Planters\" \/>\n<meta property=\"article:modified_time\" content=\"2025-09-08T06:20:20+00:00\" \/>\n<meta property=\"og:image\" content=\"https:\/\/www.ronboplastic.com\/wp-content\/uploads\/2025\/09\/54.png\" \/>\n\t<meta property=\"og:image:width\" content=\"730\" \/>\n\t<meta property=\"og:image:height\" content=\"730\" \/>\n\t<meta property=\"og:image:type\" content=\"image\/png\" \/>\n<meta name=\"twitter:card\" content=\"summary_large_image\" \/>\n<script type=\"application\/ld+json\" class=\"yoast-schema-graph\">{\"@context\":\"https:\/\/schema.org\",\"@graph\":[{\"@type\":\"WebPage\",\"@id\":\"https:\/\/www.ronboplastic.com\/product\/round-plant-pot-with-tray\/\",\"url\":\"https:\/\/www.ronboplastic.com\/product\/round-plant-pot-with-tray\/\",\"name\":\"Round Plant Pot With Tray - Ronbo Sunrise Pots &amp; Planters\",\"isPartOf\":{\"@id\":\"https:\/\/www.ronboplastic.com\/#website\"},\"primaryImageOfPage\":{\"@id\":\"https:\/\/www.ronboplastic.com\/product\/round-plant-pot-with-tray\/#primaryimage\"},\"image\":{\"@id\":\"https:\/\/www.ronboplastic.com\/product\/round-plant-pot-with-tray\/#primaryimage\"},\"thumbnailUrl\":\"https:\/\/www.ronboplastic.com\/wp-content\/uploads\/2025\/09\/54.png\",\"datePublished\":\"2024-10-17T01:21:21+00:00\",\"dateModified\":\"2025-09-08T06:20:20+00:00\",\"breadcrumb\":{\"@id\":\"https:\/\/www.ronboplastic.com\/product\/round-plant-pot-with-tray\/#breadcrumb\"},\"inLanguage\":\"fr-FR\",\"potentialAction\":[{\"@type\":\"ReadAction\",\"target\":[\"https:\/\/www.ronboplastic.com\/product\/round-plant-pot-with-tray\/\"]}]},{\"@type\":\"ImageObject\",\"inLanguage\":\"fr-FR\",\"@id\":\"https:\/\/www.ronboplastic.com\/product\/round-plant-pot-with-tray\/#primaryimage\",\"url\":\"https:\/\/www.ronboplastic.com\/wp-content\/uploads\/2025\/09\/54.png\",\"contentUrl\":\"https:\/\/www.ronboplastic.com\/wp-content\/uploads\/2025\/09\/54.png\",\"width\":730,\"height\":730,\"caption\":\"Round Plant Pot With Tray\"},{\"@type\":\"BreadcrumbList\",\"@id\":\"https:\/\/www.ronboplastic.com\/product\/round-plant-pot-with-tray\/#breadcrumb\",\"itemListElement\":[{\"@type\":\"ListItem\",\"position\":1,\"name\":\"\u9996\u9875\",\"item\":\"https:\/\/www.ronboplastic.com\/\"},{\"@type\":\"ListItem\",\"position\":2,\"name\":\"Products\",\"item\":\"http:\/\/www.ronboplastic.com\/products\/\"},{\"@type\":\"ListItem\",\"position\":3,\"name\":\"Round Plant Pot With Tray\"}]},{\"@type\":\"WebSite\",\"@id\":\"https:\/\/www.ronboplastic.com\/#website\",\"url\":\"https:\/\/www.ronboplastic.com\/\",\"name\":\"Ronbo Sunrise Pots &amp; Planters\",\"description\":\"Flower Pots &amp; Planters\",\"potentialAction\":[{\"@type\":\"SearchAction\",\"target\":{\"@type\":\"EntryPoint\",\"urlTemplate\":\"https:\/\/www.ronboplastic.com\/?s={search_term_string}\"},\"query-input\":{\"@type\":\"PropertyValueSpecification\",\"valueRequired\":true,\"valueName\":\"search_term_string\"}}],\"inLanguage\":\"fr-FR\"}]}<\/script>\n<!-- \/ Yoast SEO plugin. -->","yoast_head_json":{"title":"Round Plant Pot With Tray - Ronbo Sunrise Pots &amp; Planters","robots":{"index":"index","follow":"follow","max-snippet":"max-snippet:-1","max-image-preview":"max-image-preview:large","max-video-preview":"max-video-preview:-1"},"canonical":"https:\/\/www.ronboplastic.com\/fr\/produit\/pot-de-fleurs-rond-avec-plateau\/","og_locale":"fr_FR","og_type":"article","og_title":"Round Plant Pot With Tray - Ronbo Sunrise Pots &amp; Planters","og_description":"Our perennial pots are durable and economical, just like their accompanying carry trays","og_url":"https:\/\/www.ronboplastic.com\/fr\/produit\/pot-de-fleurs-rond-avec-plateau\/","og_site_name":"Ronbo Sunrise Pots &amp; Planters","article_modified_time":"2025-09-08T06:20:20+00:00","og_image":[{"width":730,"height":730,"url":"https:\/\/www.ronboplastic.com\/wp-content\/uploads\/2025\/09\/54.png","type":"image\/png"}],"twitter_card":"summary_large_image","schema":{"@context":"https:\/\/schema.org","@graph":[{"@type":"WebPage","@id":"https:\/\/www.ronboplastic.com\/product\/round-plant-pot-with-tray\/","url":"https:\/\/www.ronboplastic.com\/product\/round-plant-pot-with-tray\/","name":"Round Plant Pot With Tray - Ronbo Sunrise Pots &amp; Planters","isPartOf":{"@id":"https:\/\/www.ronboplastic.com\/#website"},"primaryImageOfPage":{"@id":"https:\/\/www.ronboplastic.com\/product\/round-plant-pot-with-tray\/#primaryimage"},"image":{"@id":"https:\/\/www.ronboplastic.com\/product\/round-plant-pot-with-tray\/#primaryimage"},"thumbnailUrl":"https:\/\/www.ronboplastic.com\/wp-content\/uploads\/2025\/09\/54.png","datePublished":"2024-10-17T01:21:21+00:00","dateModified":"2025-09-08T06:20:20+00:00","breadcrumb":{"@id":"https:\/\/www.ronboplastic.com\/product\/round-plant-pot-with-tray\/#breadcrumb"},"inLanguage":"fr-FR","potentialAction":[{"@type":"ReadAction","target":["https:\/\/www.ronboplastic.com\/product\/round-plant-pot-with-tray\/"]}]},{"@type":"ImageObject","inLanguage":"fr-FR","@id":"https:\/\/www.ronboplastic.com\/product\/round-plant-pot-with-tray\/#primaryimage","url":"https:\/\/www.ronboplastic.com\/wp-content\/uploads\/2025\/09\/54.png","contentUrl":"https:\/\/www.ronboplastic.com\/wp-content\/uploads\/2025\/09\/54.png","width":730,"height":730,"caption":"Round Plant Pot With Tray"},{"@type":"BreadcrumbList","@id":"https:\/\/www.ronboplastic.com\/product\/round-plant-pot-with-tray\/#breadcrumb","itemListElement":[{"@type":"ListItem","position":1,"name":"\u9996\u9875","item":"https:\/\/www.ronboplastic.com\/"},{"@type":"ListItem","position":2,"name":"Products","item":"http:\/\/www.ronboplastic.com\/products\/"},{"@type":"ListItem","position":3,"name":"Round Plant Pot With Tray"}]},{"@type":"WebSite","@id":"https:\/\/www.ronboplastic.com\/#website","url":"https:\/\/www.ronboplastic.com\/","name":"Ronbo Sunrise Pots &amp; Planters","description":"Pots de fleurs et jardini\u00e8res","potentialAction":[{"@type":"SearchAction","target":{"@type":"EntryPoint","urlTemplate":"https:\/\/www.ronboplastic.com\/?s={search_term_string}"},"query-input":{"@type":"PropertyValueSpecification","valueRequired":true,"valueName":"search_term_string"}}],"inLanguage":"fr-FR"}]}},"_links":{"self":[{"href":"https:\/\/www.ronboplastic.com\/fr\/wp-json\/wp\/v2\/product\/9328","targetHints":{"allow":["GET"]}}],"collection":[{"href":"https:\/\/www.ronboplastic.com\/fr\/wp-json\/wp\/v2\/product"}],"about":[{"href":"https:\/\/www.ronboplastic.com\/fr\/wp-json\/wp\/v2\/types\/product"}],"replies":[{"embeddable":true,"href":"https:\/\/www.ronboplastic.com\/fr\/wp-json\/wp\/v2\/comments?post=9328"}],"wp:featuredmedia":[{"embeddable":true,"href":"https:\/\/www.ronboplastic.com\/fr\/wp-json\/wp\/v2\/media\/9334"}],"wp:attachment":[{"href":"https:\/\/www.ronboplastic.com\/fr\/wp-json\/wp\/v2\/media?parent=9328"}],"wp:term":[{"taxonomy":"product_brand","embeddable":true,"href":"https:\/\/www.ronboplastic.com\/fr\/wp-json\/wp\/v2\/product_brand?post=9328"},{"taxonomy":"product_cat","embeddable":true,"href":"https:\/\/www.ronboplastic.com\/fr\/wp-json\/wp\/v2\/product_cat?post=9328"},{"taxonomy":"product_tag","embeddable":true,"href":"https:\/\/www.ronboplastic.com\/fr\/wp-json\/wp\/v2\/product_tag?post=9328"}],"curies":[{"name":"wp","href":"https:\/\/api.w.org\/{rel}","templated":true}]}}