{"id":9285,"date":"2024-10-16T07:19:29","date_gmt":"2024-10-15T23:19:29","guid":{"rendered":"https:\/\/www.ronboplastic.com\/index.php\/product\/13-inch-hanging-basket-2\/"},"modified":"2025-09-08T14:19:55","modified_gmt":"2025-09-08T06:19:55","slug":"panier-suspendu-de-13-pouces-2","status":"publish","type":"product","link":"https:\/\/www.ronboplastic.com\/fr\/produit\/panier-suspendu-de-13-pouces-2\/","title":{"rendered":"Paniers suspendus 10 pouces effet rotin"},"content":{"rendered":"<div class=\"woocommerce-tabs wc-tabs-wrapper\">\n<div id=\"tab-description\" class=\"woocommerce-Tabs-panel woocommerce-Tabs-panel--description panel entry-content wc-tab\" role=\"tabpanel\" aria-labelledby=\"tab-title-description\">\n<p>La surface est tiss\u00e9e avec un motif en imitation rotin, simple et de haute qualit\u00e9, un ensemble de syst\u00e8me de drainage compos\u00e9 d'un pot de plantation, d'un pot de fleurs et d'un bouchon de blocage de l'eau, imperm\u00e9able \u00e0 l'eau et anti-racine, cha\u00eene triangulaire en fer de conception stable, gardant l'\u00e9quilibre, anti-corrosion et anti-rouille.<\/p>\n<p><img loading=\"lazy\" decoding=\"async\" title=\"Paniers suspendus 10 pouces effet rotin\" src=\"https:\/\/www.ronboplastic.com\/wp-content\/uploads\/2025\/09\/2022053010031758cce6e7c1c2400b99a1f1982d9360b9.jpg\" alt=\"Paniers suspendus 10 pouces effet rotin\" width=\"800\" height=\"939\" border=\"0\" vspace=\"0\" \/><\/p>\n<p><img loading=\"lazy\" decoding=\"async\" title=\"Paniers suspendus 10 pouces effet rotin\" src=\"https:\/\/www.ronboplastic.com\/wp-content\/uploads\/2025\/09\/20220530100321f4153897d812432db133ea0e269d6a0a.jpg\" alt=\"Paniers suspendus 10 pouces effet rotin\" width=\"800\" height=\"822\" border=\"0\" vspace=\"0\" \/><\/p>\n<p><strong>Sp\u00e9cifications<\/strong><\/p>\n<section class=\"table-wrap\">\n<table class=\"table\" border=\"1\" width=\"100%\" cellspacing=\"0\" cellpadding=\"0\">\n<tbody>\n<tr class=\"firstRow\">\n<td>Num\u00e9ro de mod\u00e8le<\/td>\n<td>RB-TB6007<\/td>\n<\/tr>\n<tr>\n<td>Type de plastique<\/td>\n<td>PP<\/td>\n<\/tr>\n<tr>\n<td>Type<\/td>\n<td>Propagation<\/td>\n<\/tr>\n<tr>\n<td>Diam\u00e8tre sup\u00e9rieur<\/td>\n<td>25cm\/9.9inch<\/td>\n<\/tr>\n<tr>\n<td>Hauteur<\/td>\n<td>16cm\/6.3inch<\/td>\n<\/tr>\n<tr>\n<td>Poids<\/td>\n<td>290g<\/td>\n<\/tr>\n<\/tbody>\n<\/table>\n<\/section>\n<p><strong>notre service<\/strong><\/p>\n<p><img loading=\"lazy\" decoding=\"async\" title=\"Paniers suspendus 10 pouces effet rotin\" src=\"https:\/\/www.ronboplastic.com\/wp-content\/uploads\/2025\/09\/202205131612159a16ace32ec04133ae6f48e4dcaa3c85.jpg\" alt=\"Paniers suspendus 10 pouces effet rotin\" width=\"800\" height=\"207\" border=\"0\" vspace=\"0\" \/><\/p>\n<p><img loading=\"lazy\" decoding=\"async\" title=\"Paniers suspendus 10 pouces effet rotin\" src=\"https:\/\/www.ronboplastic.com\/wp-content\/uploads\/2025\/09\/2022053010040143c9857245ba428abe7a9ba648e4dfc7.jpg\" alt=\"Paniers suspendus 10 pouces effet rotin\" width=\"800\" height=\"832\" border=\"0\" vspace=\"0\" \/><\/p>\n<p><strong>Q.   Quelle est la qualit\u00e9 des produits ?<\/strong><\/p>\n<p>A.   Nous sommes une entreprise qui a plus de 20 ans d'exp\u00e9rience dans l'exportation vers les pays am\u00e9ricains et europ\u00e9ens. Nous disposons d'un rapport BSCI et d'un certificat REACH.<\/p>\n<p><strong>Q.   Quel est le style \/ le th\u00e8me du produit\uff1f ?<\/strong><\/p>\n<p>A.   Pot de fleurs\/plante en plastique<\/p>\n<p><strong>Q.   Comment traiter les unit\u00e9s d\u00e9fectueuses ?<\/strong><\/p>\n<p>A.   Si un pot est cass\u00e9 lors de la livraison, nous vous enverrons un pot de remplacement lors de la prochaine commande.<\/p>\n<p><strong>Q.   Testez-vous tous vos produits avant de les livrer ?<\/strong><\/p>\n<p>A.   Oui, nous disposons d'un service d'inspection de la qualit\u00e9<\/p>\n<p><strong>Q.   Quels sont les avantages \u00e0 nous choisir comme fournisseur\uff1f ?<\/strong><\/p>\n<p>A. Plus de 20 ans d'exp\u00e9rience en mati\u00e8re d'exportation. D\u00e9lai de production rapide : 7 jours pour un conteneur 40HQ.<\/p>\n<p><strong>Q. Quels sont les sc\u00e9narios d'utilisation du produit\uff1f ?<\/strong><\/p>\n<p>A. Jardin, liti\u00e8re et d\u00e9coration<\/p>\n<p><strong>Q.  Pouvons-nous contr\u00f4ler la progression de la commande\uff1f ?<\/strong><\/p>\n<p>A.  Oui, nous sommes une usine et nous pouvons contr\u00f4ler l'ensemble de la progression de la commande.<\/p>\n<p><strong>Q.   Combien de pays exportez-vous\uff1f<\/strong><\/p>\n<p>A.    De nombreux pays, comme les \u00c9tats-Unis, le Canada, le Costa Rica, les Philippines, le Royaume-Uni, Isra\u00ebl, etc.<\/p>\n<p><strong>Q.    \u00cates-vous un fabricant ou une soci\u00e9t\u00e9 commerciale ?<\/strong><\/p>\n<p>A.    Nous sommes une usine avec plus de 20 ans d'exp\u00e9rience dans l'exportation.<\/p>\n<p class=\"productsTags\">Hot Tags : 10 pouces paniers suspendus en rotin, fournisseurs, fabricants, usine, grossiste, \u00e0 vendre<\/p>\n<\/div>\n<\/div>\n<section class=\"related products\">\n<ul class=\"products content-wrap product-archive grid-cols grid-ss-col-2 grid-sm-col-3 grid-lg-col-4 woo-archive-action-on-hover woo-archive-btn-text woo-archive-image-hover-none\">\n<li class=\"entry content-bg loop-entry product type-product post-337 status-publish first instock product_cat-hanging-planter has-post-thumbnail shipping-taxable product-type-simple\">\n<div class=\"product-details content-bg entry-content-wrap\"><\/div>\n<\/li>\n<\/ul>\n<\/section>","protected":false},"excerpt":{"rendered":"<p>Panier suspendu de 13 pouces, le grand pot suspendu de radis vert est facile \u00e0 nettoyer et \u00e0 toucher sans laisser de traces. Le fond est d\u00e9tachable, ce qui permet de stocker de l'eau et de l'engrais, de sorte que le syst\u00e8me racinaire de la plante puisse respirer et se drainer davantage, tout en \u00e9vitant d'utiliser plus d'eau. Le crochet assorti ne se casse pas facilement lorsqu'il est pli\u00e9, il est s\u00fbr et solide.<\/p>","protected":false},"featured_media":9287,"comment_status":"open","ping_status":"open","template":"","meta":[],"product_brand":[],"product_cat":[88],"product_tag":[94],"class_list":{"0":"post-9285","1":"product","2":"type-product","3":"status-publish","4":"has-post-thumbnail","6":"product_cat-hanging-planter","7":"product_tag-hanging-basket-planter","9":"first","10":"instock","11":"shipping-taxable","12":"product-type-simple"},"yoast_head":"<!-- This site is optimized with the Yoast SEO plugin v26.1.1 - https:\/\/yoast.com\/wordpress\/plugins\/seo\/ -->\n<title>10 Inch Rattan Effect Hanging Baskets - Ronbo Sunrise Pots &amp; Planters<\/title>\n<meta name=\"robots\" content=\"index, follow, max-snippet:-1, max-image-preview:large, max-video-preview:-1\" \/>\n<link rel=\"canonical\" href=\"https:\/\/www.ronboplastic.com\/fr\/produit\/panier-suspendu-de-13-pouces-2\/\" \/>\n<meta property=\"og:locale\" content=\"fr_FR\" \/>\n<meta property=\"og:type\" content=\"article\" \/>\n<meta property=\"og:title\" content=\"10 Inch Rattan Effect Hanging Baskets - Ronbo Sunrise Pots &amp; Planters\" \/>\n<meta property=\"og:description\" content=\"13 inch\u00a0hanging\u00a0basket, large green radish hanging pot is easy to clean and touch without leaving traces. The bottom is detachable design, which can store water and fertilizer, so that the root system of the plant can further breathe and drain, and at the same time, it can avoid more water. The matching hook is not easy to break when bent, and is safe and firm.\" \/>\n<meta property=\"og:url\" content=\"https:\/\/www.ronboplastic.com\/fr\/produit\/panier-suspendu-de-13-pouces-2\/\" \/>\n<meta property=\"og:site_name\" content=\"Ronbo Sunrise Pots &amp; Planters\" \/>\n<meta property=\"article:modified_time\" content=\"2025-09-08T06:19:55+00:00\" \/>\n<meta property=\"og:image\" content=\"https:\/\/www.ronboplastic.com\/wp-content\/uploads\/2025\/09\/31.png\" \/>\n\t<meta property=\"og:image:width\" content=\"730\" \/>\n\t<meta property=\"og:image:height\" content=\"730\" \/>\n\t<meta property=\"og:image:type\" content=\"image\/png\" \/>\n<meta name=\"twitter:card\" content=\"summary_large_image\" \/>\n<meta name=\"twitter:label1\" content=\"Dur\u00e9e de lecture estim\u00e9e\" \/>\n\t<meta name=\"twitter:data1\" content=\"1 minute\" \/>\n<script type=\"application\/ld+json\" class=\"yoast-schema-graph\">{\"@context\":\"https:\/\/schema.org\",\"@graph\":[{\"@type\":\"WebPage\",\"@id\":\"https:\/\/www.ronboplastic.com\/ru\/%d0%bf%d1%80%d0%be%d0%b4%d1%83%d0%ba%d1%82\/13-2\/\",\"url\":\"https:\/\/www.ronboplastic.com\/ru\/%d0%bf%d1%80%d0%be%d0%b4%d1%83%d0%ba%d1%82\/13-2\/\",\"name\":\"10 Inch Rattan Effect Hanging Baskets - Ronbo Sunrise Pots &amp; Planters\",\"isPartOf\":{\"@id\":\"https:\/\/www.ronboplastic.com\/#website\"},\"primaryImageOfPage\":{\"@id\":\"https:\/\/www.ronboplastic.com\/ru\/%d0%bf%d1%80%d0%be%d0%b4%d1%83%d0%ba%d1%82\/13-2\/#primaryimage\"},\"image\":{\"@id\":\"https:\/\/www.ronboplastic.com\/ru\/%d0%bf%d1%80%d0%be%d0%b4%d1%83%d0%ba%d1%82\/13-2\/#primaryimage\"},\"thumbnailUrl\":\"https:\/\/www.ronboplastic.com\/wp-content\/uploads\/2025\/09\/31.png\",\"datePublished\":\"2024-10-15T23:19:29+00:00\",\"dateModified\":\"2025-09-08T06:19:55+00:00\",\"breadcrumb\":{\"@id\":\"https:\/\/www.ronboplastic.com\/ru\/%d0%bf%d1%80%d0%be%d0%b4%d1%83%d0%ba%d1%82\/13-2\/#breadcrumb\"},\"inLanguage\":\"fr-FR\",\"potentialAction\":[{\"@type\":\"ReadAction\",\"target\":[\"https:\/\/www.ronboplastic.com\/ru\/%d0%bf%d1%80%d0%be%d0%b4%d1%83%d0%ba%d1%82\/13-2\/\"]}]},{\"@type\":\"ImageObject\",\"inLanguage\":\"fr-FR\",\"@id\":\"https:\/\/www.ronboplastic.com\/ru\/%d0%bf%d1%80%d0%be%d0%b4%d1%83%d0%ba%d1%82\/13-2\/#primaryimage\",\"url\":\"https:\/\/www.ronboplastic.com\/wp-content\/uploads\/2025\/09\/31.png\",\"contentUrl\":\"https:\/\/www.ronboplastic.com\/wp-content\/uploads\/2025\/09\/31.png\",\"width\":730,\"height\":730,\"caption\":\"hanging basket planter\"},{\"@type\":\"BreadcrumbList\",\"@id\":\"https:\/\/www.ronboplastic.com\/ru\/%d0%bf%d1%80%d0%be%d0%b4%d1%83%d0%ba%d1%82\/13-2\/#breadcrumb\",\"itemListElement\":[{\"@type\":\"ListItem\",\"position\":1,\"name\":\"\u9996\u9875\",\"item\":\"https:\/\/www.ronboplastic.com\/\"},{\"@type\":\"ListItem\",\"position\":2,\"name\":\"Products\",\"item\":\"http:\/\/www.ronboplastic.com\/products\/\"},{\"@type\":\"ListItem\",\"position\":3,\"name\":\"10 Inch Rattan Effect Hanging Baskets\"}]},{\"@type\":\"WebSite\",\"@id\":\"https:\/\/www.ronboplastic.com\/#website\",\"url\":\"https:\/\/www.ronboplastic.com\/\",\"name\":\"Ronbo Sunrise Pots &amp; Planters\",\"description\":\"Flower Pots &amp; Planters\",\"potentialAction\":[{\"@type\":\"SearchAction\",\"target\":{\"@type\":\"EntryPoint\",\"urlTemplate\":\"https:\/\/www.ronboplastic.com\/?s={search_term_string}\"},\"query-input\":{\"@type\":\"PropertyValueSpecification\",\"valueRequired\":true,\"valueName\":\"search_term_string\"}}],\"inLanguage\":\"fr-FR\"}]}<\/script>\n<!-- \/ Yoast SEO plugin. -->","yoast_head_json":{"title":"10 Inch Rattan Effect Hanging Baskets - Ronbo Sunrise Pots &amp; Planters","robots":{"index":"index","follow":"follow","max-snippet":"max-snippet:-1","max-image-preview":"max-image-preview:large","max-video-preview":"max-video-preview:-1"},"canonical":"https:\/\/www.ronboplastic.com\/fr\/produit\/panier-suspendu-de-13-pouces-2\/","og_locale":"fr_FR","og_type":"article","og_title":"10 Inch Rattan Effect Hanging Baskets - Ronbo Sunrise Pots &amp; Planters","og_description":"13 inch\u00a0hanging\u00a0basket, large green radish hanging pot is easy to clean and touch without leaving traces. The bottom is detachable design, which can store water and fertilizer, so that the root system of the plant can further breathe and drain, and at the same time, it can avoid more water. The matching hook is not easy to break when bent, and is safe and firm.","og_url":"https:\/\/www.ronboplastic.com\/fr\/produit\/panier-suspendu-de-13-pouces-2\/","og_site_name":"Ronbo Sunrise Pots &amp; Planters","article_modified_time":"2025-09-08T06:19:55+00:00","og_image":[{"width":730,"height":730,"url":"https:\/\/www.ronboplastic.com\/wp-content\/uploads\/2025\/09\/31.png","type":"image\/png"}],"twitter_card":"summary_large_image","twitter_misc":{"Dur\u00e9e de lecture estim\u00e9e":"1 minute"},"schema":{"@context":"https:\/\/schema.org","@graph":[{"@type":"WebPage","@id":"https:\/\/www.ronboplastic.com\/ru\/%d0%bf%d1%80%d0%be%d0%b4%d1%83%d0%ba%d1%82\/13-2\/","url":"https:\/\/www.ronboplastic.com\/ru\/%d0%bf%d1%80%d0%be%d0%b4%d1%83%d0%ba%d1%82\/13-2\/","name":"10 Inch Rattan Effect Hanging Baskets - Ronbo Sunrise Pots &amp; Planters","isPartOf":{"@id":"https:\/\/www.ronboplastic.com\/#website"},"primaryImageOfPage":{"@id":"https:\/\/www.ronboplastic.com\/ru\/%d0%bf%d1%80%d0%be%d0%b4%d1%83%d0%ba%d1%82\/13-2\/#primaryimage"},"image":{"@id":"https:\/\/www.ronboplastic.com\/ru\/%d0%bf%d1%80%d0%be%d0%b4%d1%83%d0%ba%d1%82\/13-2\/#primaryimage"},"thumbnailUrl":"https:\/\/www.ronboplastic.com\/wp-content\/uploads\/2025\/09\/31.png","datePublished":"2024-10-15T23:19:29+00:00","dateModified":"2025-09-08T06:19:55+00:00","breadcrumb":{"@id":"https:\/\/www.ronboplastic.com\/ru\/%d0%bf%d1%80%d0%be%d0%b4%d1%83%d0%ba%d1%82\/13-2\/#breadcrumb"},"inLanguage":"fr-FR","potentialAction":[{"@type":"ReadAction","target":["https:\/\/www.ronboplastic.com\/ru\/%d0%bf%d1%80%d0%be%d0%b4%d1%83%d0%ba%d1%82\/13-2\/"]}]},{"@type":"ImageObject","inLanguage":"fr-FR","@id":"https:\/\/www.ronboplastic.com\/ru\/%d0%bf%d1%80%d0%be%d0%b4%d1%83%d0%ba%d1%82\/13-2\/#primaryimage","url":"https:\/\/www.ronboplastic.com\/wp-content\/uploads\/2025\/09\/31.png","contentUrl":"https:\/\/www.ronboplastic.com\/wp-content\/uploads\/2025\/09\/31.png","width":730,"height":730,"caption":"hanging basket planter"},{"@type":"BreadcrumbList","@id":"https:\/\/www.ronboplastic.com\/ru\/%d0%bf%d1%80%d0%be%d0%b4%d1%83%d0%ba%d1%82\/13-2\/#breadcrumb","itemListElement":[{"@type":"ListItem","position":1,"name":"\u9996\u9875","item":"https:\/\/www.ronboplastic.com\/"},{"@type":"ListItem","position":2,"name":"Products","item":"http:\/\/www.ronboplastic.com\/products\/"},{"@type":"ListItem","position":3,"name":"10 Inch Rattan Effect Hanging Baskets"}]},{"@type":"WebSite","@id":"https:\/\/www.ronboplastic.com\/#website","url":"https:\/\/www.ronboplastic.com\/","name":"Ronbo Sunrise Pots &amp; Planters","description":"Pots de fleurs et jardini\u00e8res","potentialAction":[{"@type":"SearchAction","target":{"@type":"EntryPoint","urlTemplate":"https:\/\/www.ronboplastic.com\/?s={search_term_string}"},"query-input":{"@type":"PropertyValueSpecification","valueRequired":true,"valueName":"search_term_string"}}],"inLanguage":"fr-FR"}]}},"_links":{"self":[{"href":"https:\/\/www.ronboplastic.com\/fr\/wp-json\/wp\/v2\/product\/9285","targetHints":{"allow":["GET"]}}],"collection":[{"href":"https:\/\/www.ronboplastic.com\/fr\/wp-json\/wp\/v2\/product"}],"about":[{"href":"https:\/\/www.ronboplastic.com\/fr\/wp-json\/wp\/v2\/types\/product"}],"replies":[{"embeddable":true,"href":"https:\/\/www.ronboplastic.com\/fr\/wp-json\/wp\/v2\/comments?post=9285"}],"wp:featuredmedia":[{"embeddable":true,"href":"https:\/\/www.ronboplastic.com\/fr\/wp-json\/wp\/v2\/media\/9287"}],"wp:attachment":[{"href":"https:\/\/www.ronboplastic.com\/fr\/wp-json\/wp\/v2\/media?parent=9285"}],"wp:term":[{"taxonomy":"product_brand","embeddable":true,"href":"https:\/\/www.ronboplastic.com\/fr\/wp-json\/wp\/v2\/product_brand?post=9285"},{"taxonomy":"product_cat","embeddable":true,"href":"https:\/\/www.ronboplastic.com\/fr\/wp-json\/wp\/v2\/product_cat?post=9285"},{"taxonomy":"product_tag","embeddable":true,"href":"https:\/\/www.ronboplastic.com\/fr\/wp-json\/wp\/v2\/product_tag?post=9285"}],"curies":[{"name":"wp","href":"https:\/\/api.w.org\/{rel}","templated":true}]}}