{"id":9275,"date":"2024-10-15T08:17:29","date_gmt":"2024-10-15T00:17:29","guid":{"rendered":"https:\/\/www.ronboplastic.com\/index.php\/product\/watermelon-wedges-hanging-baskets\/"},"modified":"2025-09-08T14:19:49","modified_gmt":"2025-09-08T06:19:49","slug":"paniers-suspendus-watermelon-wedges","status":"publish","type":"product","link":"https:\/\/www.ronboplastic.com\/fr\/produit\/paniers-suspendus-watermelon-wedges\/","title":{"rendered":"Paniers suspendus Watermelon Wedges"},"content":{"rendered":"<p>Grand pot de plantes cr\u00e9atives suspendu, nouveau mat\u00e9riau pp, l'usine a sp\u00e9cialement con\u00e7u la forme des p\u00e9tales de past\u00e8que, \u00e0 la mode et nouveau, et de multiples trous de drainage sont \u00e9galement con\u00e7us au fond, ce qui a une bonne ventilation et est propice \u00e0 la croissance des fleurs et des racines de l'herbe. Il n'est pas facile \u00e0 d\u00e9former et a une dur\u00e9e de vie de plus de 10 ans. Les pots de fleurs sont populaires sur les march\u00e9s europ\u00e9ens et am\u00e9ricains.<\/p>\n<p><img loading=\"lazy\" decoding=\"async\" src=\"https:\/\/www.ronboplastic.com\/wp-content\/uploads\/2025\/09\/2022053010031758cce6e7c1c2400b99a1f1982d9360b9.jpg\" alt=\"Paniers suspendus Watermelon Wedges\" width=\"800\" height=\"939\" \/><\/p>\n<p><img loading=\"lazy\" decoding=\"async\" src=\"https:\/\/www.ronboplastic.com\/wp-content\/uploads\/2025\/09\/20220530100321f4153897d812432db133ea0e269d6a0a.jpg\" alt=\"Paniers suspendus Watermelon Wedges\" width=\"800\" height=\"822\" \/><\/p>\n<p><strong>Sp\u00e9cifications<\/strong><\/p>\n<p>&nbsp;<\/p>\n<p>&nbsp;<\/p>\n<section class=\"table-wrap\">\n<table class=\"table\" border=\"1\" width=\"100%\" cellspacing=\"0\" cellpadding=\"0\">\n<tbody>\n<tr class=\"firstRow\">\n<td>Num\u00e9ro de mod\u00e8le<\/td>\n<td>RB-HB140<\/td>\n<\/tr>\n<tr>\n<td>Type de plastique<\/td>\n<td>PP<\/td>\n<\/tr>\n<tr>\n<td>Type<\/td>\n<td>Propagation<\/td>\n<\/tr>\n<tr>\n<td>Diam\u00e8tre sup\u00e9rieur<\/td>\n<td>32cm\/12.6inch<\/td>\n<\/tr>\n<tr>\n<td>Diam\u00e8tre du fond<\/td>\n<td>18cm\/7.1inch<\/td>\n<\/tr>\n<tr>\n<td>Hauteur<\/td>\n<td>17cm\/6.7inch<\/td>\n<\/tr>\n<tr>\n<td>Poids<\/td>\n<td>260g<\/td>\n<\/tr>\n<\/tbody>\n<\/table>\n<\/section>\n<p><strong>notre service<\/strong><\/p>\n<p>&nbsp;<\/p>\n<p><img loading=\"lazy\" decoding=\"async\" src=\"https:\/\/www.ronboplastic.com\/wp-content\/uploads\/2025\/09\/202205131612159a16ace32ec04133ae6f48e4dcaa3c85.jpg\" alt=\"Paniers suspendus Watermelon Wedges\" width=\"800\" height=\"207\" \/><\/p>\n<p><img loading=\"lazy\" decoding=\"async\" src=\"https:\/\/www.ronboplastic.com\/wp-content\/uploads\/2025\/09\/2022053010040143c9857245ba428abe7a9ba648e4dfc7.jpg\" alt=\"Paniers suspendus Watermelon Wedges\" width=\"800\" height=\"832\" \/><\/p>\n<p><strong>FAQ<\/strong><\/p>\n<p><strong>Q. Quelle est la qualit\u00e9 des produits ?<\/strong><\/p>\n<p>A. Nous sommes une entreprise qui a plus de 20 ans d'exp\u00e9rience dans l'exportation vers les pays am\u00e9ricains et europ\u00e9ens. Nous disposons d'un rapport BSCI et d'un certificat REACH.<\/p>\n<p><strong>Q. Quel est le style \/ le th\u00e8me du produit\uff1f ?<\/strong><\/p>\n<p>A. Pot de fleurs\/plante en plastique<\/p>\n<p><strong>Q. Comment traiter les unit\u00e9s d\u00e9fectueuses ?<\/strong><\/p>\n<p>A. Si un pot est cass\u00e9 lors de la livraison, nous vous enverrons un pot de remplacement lors de la prochaine commande.<\/p>\n<p><strong>Q. \u00cates-vous un fabricant ou une soci\u00e9t\u00e9 commerciale ?<\/strong><\/p>\n<p>A. Nous sommes une usine avec plus de 20 ans d'exp\u00e9rience dans l'exportation.<\/p>\n<p><strong>Q. Pouvez-vous proposer des \u00e9chantillons ?<\/strong><\/p>\n<p>A. Nous pouvons vous proposer des \u00e9chantillons gratuits pour vous permettre de v\u00e9rifier la qualit\u00e9 de nos produits.<\/p>\n<p><strong>Q. Combien de temps faut-il pour obtenir une r\u00e9ponse \u00e0 mes questions ?<\/strong><\/p>\n<p>A. Nous r\u00e9pondrons \u00e0 la premi\u00e8re heure, si c'est le soir, le d\u00e9lai sera de 10 heures.<\/p>\n<p><strong>Q. Quel est votre mat\u00e9riel ? et Quel type de technologie ?<\/strong><\/p>\n<p>A. Le mat\u00e9riau de nos pots est le PP, et il s'agit de pots moul\u00e9s par injection.<\/p>\n<p><strong>Q. Quel est le paquet ?<\/strong><\/p>\n<p>A. Nous avons deux emballages, l'un est un carton, l'autre une palette.<\/p>\n<p><strong>Q. Quel est votre MOQ ?<\/strong><\/p>\n<p>A. En g\u00e9n\u00e9ral, notre MOQ est de 3 palettes ou 10 cartons par taille et par couleur.<\/p>\n<p class=\"productsTags\">Hot Tags : past\u00e8que coins paniers suspendus, fournisseurs, fabricants, usine, grossiste, pour la vente<\/p>","protected":false},"excerpt":{"rendered":"<p>Grand pot de plantes cr\u00e9atives suspendu, nouveau mat\u00e9riau pp, l'usine a sp\u00e9cialement con\u00e7u la forme des p\u00e9tales de past\u00e8que, \u00e0 la mode et nouveau, et de multiples trous de drainage sont \u00e9galement con\u00e7us au fond, ce qui a une bonne ventilation et est propice \u00e0 la croissance des fleurs et des racines de l'herbe. Il n'est pas facile \u00e0 d\u00e9former et a une dur\u00e9e de vie de plus de 10 ans. Les pots de fleurs sont populaires sur les march\u00e9s europ\u00e9ens et am\u00e9ricains.<\/p>","protected":false},"featured_media":9277,"comment_status":"open","ping_status":"open","template":"","meta":[],"product_brand":[],"product_cat":[88],"product_tag":[],"class_list":{"0":"post-9275","1":"product","2":"type-product","3":"status-publish","4":"has-post-thumbnail","6":"product_cat-hanging-planter","8":"first","9":"instock","10":"shipping-taxable","11":"product-type-simple"},"yoast_head":"<!-- This site is optimized with the Yoast SEO plugin v26.1.1 - https:\/\/yoast.com\/wordpress\/plugins\/seo\/ -->\n<title>Watermelon Wedges Hanging Baskets - Ronbo Sunrise Pots &amp; Planters<\/title>\n<meta name=\"robots\" content=\"index, follow, max-snippet:-1, max-image-preview:large, max-video-preview:-1\" \/>\n<link rel=\"canonical\" href=\"https:\/\/www.ronboplastic.com\/fr\/produit\/paniers-suspendus-watermelon-wedges\/\" \/>\n<meta property=\"og:locale\" content=\"fr_FR\" \/>\n<meta property=\"og:type\" content=\"article\" \/>\n<meta property=\"og:title\" content=\"Watermelon Wedges Hanging Baskets - Ronbo Sunrise Pots &amp; Planters\" \/>\n<meta property=\"og:description\" content=\"Large hanging creative plant hanging pot, new pp material, the factory specially designed the shape of watermelon petals, fashionable and novel, and multiple drainage holes are also designed at the bottom, which has good ventilation and is conducive to the growth of flowers and grass roots. It is not easy to be deformed and has a service life of more than 10 years. Flower pots are popular in European and American markets.\" \/>\n<meta property=\"og:url\" content=\"https:\/\/www.ronboplastic.com\/fr\/produit\/paniers-suspendus-watermelon-wedges\/\" \/>\n<meta property=\"og:site_name\" content=\"Ronbo Sunrise Pots &amp; Planters\" \/>\n<meta property=\"article:modified_time\" content=\"2025-09-08T06:19:49+00:00\" \/>\n<meta property=\"og:image\" content=\"https:\/\/www.ronboplastic.com\/wp-content\/uploads\/2025\/09\/27.png\" \/>\n\t<meta property=\"og:image:width\" content=\"730\" \/>\n\t<meta property=\"og:image:height\" content=\"730\" \/>\n\t<meta property=\"og:image:type\" content=\"image\/png\" \/>\n<meta name=\"twitter:card\" content=\"summary_large_image\" \/>\n<meta name=\"twitter:label1\" content=\"Dur\u00e9e de lecture estim\u00e9e\" \/>\n\t<meta name=\"twitter:data1\" content=\"1 minute\" \/>\n<script type=\"application\/ld+json\" class=\"yoast-schema-graph\">{\"@context\":\"https:\/\/schema.org\",\"@graph\":[{\"@type\":\"WebPage\",\"@id\":\"https:\/\/www.ronboplastic.com\/product\/watermelon-wedges-hanging-baskets\/\",\"url\":\"https:\/\/www.ronboplastic.com\/product\/watermelon-wedges-hanging-baskets\/\",\"name\":\"Watermelon Wedges Hanging Baskets - Ronbo Sunrise Pots &amp; Planters\",\"isPartOf\":{\"@id\":\"https:\/\/www.ronboplastic.com\/#website\"},\"primaryImageOfPage\":{\"@id\":\"https:\/\/www.ronboplastic.com\/product\/watermelon-wedges-hanging-baskets\/#primaryimage\"},\"image\":{\"@id\":\"https:\/\/www.ronboplastic.com\/product\/watermelon-wedges-hanging-baskets\/#primaryimage\"},\"thumbnailUrl\":\"https:\/\/www.ronboplastic.com\/wp-content\/uploads\/2025\/09\/27.png\",\"datePublished\":\"2024-10-15T00:17:29+00:00\",\"dateModified\":\"2025-09-08T06:19:49+00:00\",\"breadcrumb\":{\"@id\":\"https:\/\/www.ronboplastic.com\/product\/watermelon-wedges-hanging-baskets\/#breadcrumb\"},\"inLanguage\":\"fr-FR\",\"potentialAction\":[{\"@type\":\"ReadAction\",\"target\":[\"https:\/\/www.ronboplastic.com\/product\/watermelon-wedges-hanging-baskets\/\"]}]},{\"@type\":\"ImageObject\",\"inLanguage\":\"fr-FR\",\"@id\":\"https:\/\/www.ronboplastic.com\/product\/watermelon-wedges-hanging-baskets\/#primaryimage\",\"url\":\"https:\/\/www.ronboplastic.com\/wp-content\/uploads\/2025\/09\/27.png\",\"contentUrl\":\"https:\/\/www.ronboplastic.com\/wp-content\/uploads\/2025\/09\/27.png\",\"width\":730,\"height\":730,\"caption\":\"hanging basket planter\"},{\"@type\":\"BreadcrumbList\",\"@id\":\"https:\/\/www.ronboplastic.com\/product\/watermelon-wedges-hanging-baskets\/#breadcrumb\",\"itemListElement\":[{\"@type\":\"ListItem\",\"position\":1,\"name\":\"\u9996\u9875\",\"item\":\"https:\/\/www.ronboplastic.com\/\"},{\"@type\":\"ListItem\",\"position\":2,\"name\":\"Products\",\"item\":\"http:\/\/www.ronboplastic.com\/products\/\"},{\"@type\":\"ListItem\",\"position\":3,\"name\":\"Watermelon Wedges Hanging Baskets\"}]},{\"@type\":\"WebSite\",\"@id\":\"https:\/\/www.ronboplastic.com\/#website\",\"url\":\"https:\/\/www.ronboplastic.com\/\",\"name\":\"Ronbo Sunrise Pots &amp; Planters\",\"description\":\"Flower Pots &amp; Planters\",\"potentialAction\":[{\"@type\":\"SearchAction\",\"target\":{\"@type\":\"EntryPoint\",\"urlTemplate\":\"https:\/\/www.ronboplastic.com\/?s={search_term_string}\"},\"query-input\":{\"@type\":\"PropertyValueSpecification\",\"valueRequired\":true,\"valueName\":\"search_term_string\"}}],\"inLanguage\":\"fr-FR\"}]}<\/script>\n<!-- \/ Yoast SEO plugin. -->","yoast_head_json":{"title":"Watermelon Wedges Hanging Baskets - Ronbo Sunrise Pots &amp; Planters","robots":{"index":"index","follow":"follow","max-snippet":"max-snippet:-1","max-image-preview":"max-image-preview:large","max-video-preview":"max-video-preview:-1"},"canonical":"https:\/\/www.ronboplastic.com\/fr\/produit\/paniers-suspendus-watermelon-wedges\/","og_locale":"fr_FR","og_type":"article","og_title":"Watermelon Wedges Hanging Baskets - Ronbo Sunrise Pots &amp; Planters","og_description":"Large hanging creative plant hanging pot, new pp material, the factory specially designed the shape of watermelon petals, fashionable and novel, and multiple drainage holes are also designed at the bottom, which has good ventilation and is conducive to the growth of flowers and grass roots. It is not easy to be deformed and has a service life of more than 10 years. Flower pots are popular in European and American markets.","og_url":"https:\/\/www.ronboplastic.com\/fr\/produit\/paniers-suspendus-watermelon-wedges\/","og_site_name":"Ronbo Sunrise Pots &amp; Planters","article_modified_time":"2025-09-08T06:19:49+00:00","og_image":[{"width":730,"height":730,"url":"https:\/\/www.ronboplastic.com\/wp-content\/uploads\/2025\/09\/27.png","type":"image\/png"}],"twitter_card":"summary_large_image","twitter_misc":{"Dur\u00e9e de lecture estim\u00e9e":"1 minute"},"schema":{"@context":"https:\/\/schema.org","@graph":[{"@type":"WebPage","@id":"https:\/\/www.ronboplastic.com\/product\/watermelon-wedges-hanging-baskets\/","url":"https:\/\/www.ronboplastic.com\/product\/watermelon-wedges-hanging-baskets\/","name":"Watermelon Wedges Hanging Baskets - Ronbo Sunrise Pots &amp; Planters","isPartOf":{"@id":"https:\/\/www.ronboplastic.com\/#website"},"primaryImageOfPage":{"@id":"https:\/\/www.ronboplastic.com\/product\/watermelon-wedges-hanging-baskets\/#primaryimage"},"image":{"@id":"https:\/\/www.ronboplastic.com\/product\/watermelon-wedges-hanging-baskets\/#primaryimage"},"thumbnailUrl":"https:\/\/www.ronboplastic.com\/wp-content\/uploads\/2025\/09\/27.png","datePublished":"2024-10-15T00:17:29+00:00","dateModified":"2025-09-08T06:19:49+00:00","breadcrumb":{"@id":"https:\/\/www.ronboplastic.com\/product\/watermelon-wedges-hanging-baskets\/#breadcrumb"},"inLanguage":"fr-FR","potentialAction":[{"@type":"ReadAction","target":["https:\/\/www.ronboplastic.com\/product\/watermelon-wedges-hanging-baskets\/"]}]},{"@type":"ImageObject","inLanguage":"fr-FR","@id":"https:\/\/www.ronboplastic.com\/product\/watermelon-wedges-hanging-baskets\/#primaryimage","url":"https:\/\/www.ronboplastic.com\/wp-content\/uploads\/2025\/09\/27.png","contentUrl":"https:\/\/www.ronboplastic.com\/wp-content\/uploads\/2025\/09\/27.png","width":730,"height":730,"caption":"hanging basket planter"},{"@type":"BreadcrumbList","@id":"https:\/\/www.ronboplastic.com\/product\/watermelon-wedges-hanging-baskets\/#breadcrumb","itemListElement":[{"@type":"ListItem","position":1,"name":"\u9996\u9875","item":"https:\/\/www.ronboplastic.com\/"},{"@type":"ListItem","position":2,"name":"Products","item":"http:\/\/www.ronboplastic.com\/products\/"},{"@type":"ListItem","position":3,"name":"Watermelon Wedges Hanging Baskets"}]},{"@type":"WebSite","@id":"https:\/\/www.ronboplastic.com\/#website","url":"https:\/\/www.ronboplastic.com\/","name":"Ronbo Sunrise Pots &amp; Planters","description":"Pots de fleurs et jardini\u00e8res","potentialAction":[{"@type":"SearchAction","target":{"@type":"EntryPoint","urlTemplate":"https:\/\/www.ronboplastic.com\/?s={search_term_string}"},"query-input":{"@type":"PropertyValueSpecification","valueRequired":true,"valueName":"search_term_string"}}],"inLanguage":"fr-FR"}]}},"_links":{"self":[{"href":"https:\/\/www.ronboplastic.com\/fr\/wp-json\/wp\/v2\/product\/9275","targetHints":{"allow":["GET"]}}],"collection":[{"href":"https:\/\/www.ronboplastic.com\/fr\/wp-json\/wp\/v2\/product"}],"about":[{"href":"https:\/\/www.ronboplastic.com\/fr\/wp-json\/wp\/v2\/types\/product"}],"replies":[{"embeddable":true,"href":"https:\/\/www.ronboplastic.com\/fr\/wp-json\/wp\/v2\/comments?post=9275"}],"wp:featuredmedia":[{"embeddable":true,"href":"https:\/\/www.ronboplastic.com\/fr\/wp-json\/wp\/v2\/media\/9277"}],"wp:attachment":[{"href":"https:\/\/www.ronboplastic.com\/fr\/wp-json\/wp\/v2\/media?parent=9275"}],"wp:term":[{"taxonomy":"product_brand","embeddable":true,"href":"https:\/\/www.ronboplastic.com\/fr\/wp-json\/wp\/v2\/product_brand?post=9275"},{"taxonomy":"product_cat","embeddable":true,"href":"https:\/\/www.ronboplastic.com\/fr\/wp-json\/wp\/v2\/product_cat?post=9275"},{"taxonomy":"product_tag","embeddable":true,"href":"https:\/\/www.ronboplastic.com\/fr\/wp-json\/wp\/v2\/product_tag?post=9275"}],"curies":[{"name":"wp","href":"https:\/\/api.w.org\/{rel}","templated":true}]}}