{"id":9267,"date":"2024-10-15T07:57:08","date_gmt":"2024-10-14T23:57:08","guid":{"rendered":"https:\/\/www.ronboplastic.com\/index.php\/product\/13-inch-hanging-basket\/"},"modified":"2025-09-08T14:19:43","modified_gmt":"2025-09-08T06:19:43","slug":"panier-suspendu-de-13-pouces","status":"publish","type":"product","link":"https:\/\/www.ronboplastic.com\/fr\/produit\/panier-suspendu-de-13-pouces\/","title":{"rendered":"Panier suspendu de 13 pouces"},"content":{"rendered":"<p>Panier suspendu de 13 pouces, le grand pot suspendu de radis vert est facile \u00e0 nettoyer et \u00e0 toucher sans laisser de traces. Le fond est d\u00e9tachable, ce qui permet de stocker de l'eau et de l'engrais, de sorte que le syst\u00e8me racinaire de la plante puisse respirer et se drainer davantage, tout en \u00e9vitant d'utiliser plus d'eau. Le crochet assorti ne se casse pas facilement lorsqu'il est pli\u00e9, il est s\u00fbr et solide.<\/p>\n<p><img loading=\"lazy\" decoding=\"async\" title=\"Panier suspendu de 13 pouces\" src=\"https:\/\/www.ronboplastic.com\/wp-content\/uploads\/2025\/09\/2022053010031758cce6e7c1c2400b99a1f1982d9360b9.jpg\" alt=\"Panier suspendu de 13 pouces\" width=\"800\" height=\"939\" border=\"0\" vspace=\"0\" \/><\/p>\n<p><img loading=\"lazy\" decoding=\"async\" title=\"Panier suspendu de 13 pouces\" src=\"https:\/\/www.ronboplastic.com\/wp-content\/uploads\/2025\/09\/20220530100321f4153897d812432db133ea0e269d6a0a.jpg\" alt=\"Panier suspendu de 13 pouces\" width=\"800\" height=\"822\" border=\"0\" vspace=\"0\" \/><\/p>\n<p><strong>Sp\u00e9cifications<\/strong><\/p>\n<p>&nbsp;<\/p>\n<section class=\"table-wrap\">\n<table class=\"table\" border=\"1\" width=\"100%\" cellspacing=\"0\" cellpadding=\"0\">\n<tbody>\n<tr class=\"firstRow\">\n<td>Num\u00e9ro de mod\u00e8le<\/td>\n<td>RB-HB150<\/td>\n<\/tr>\n<tr>\n<td>Type de plastique<\/td>\n<td>PP<\/td>\n<\/tr>\n<tr>\n<td>Type<\/td>\n<td>Propagation<\/td>\n<\/tr>\n<tr>\n<td>Diam\u00e8tre sup\u00e9rieur<\/td>\n<td>32cm\/12.6inch<\/td>\n<\/tr>\n<tr>\n<td>Diam\u00e8tre du fond<\/td>\n<td>20.5cm\/8.07inch<\/td>\n<\/tr>\n<tr>\n<td>Hauteur<\/td>\n<td>20.5cm\/8.07inch<\/td>\n<\/tr>\n<tr>\n<td>Poids<\/td>\n<td>354g<\/td>\n<\/tr>\n<\/tbody>\n<\/table>\n<\/section>\n<p>&nbsp;<\/p>\n<p><strong>notre service<\/strong><\/p>\n<p><img loading=\"lazy\" decoding=\"async\" title=\"Panier suspendu de 13 pouces\" src=\"https:\/\/www.ronboplastic.com\/wp-content\/uploads\/2025\/09\/202205131612159a16ace32ec04133ae6f48e4dcaa3c85.jpg\" alt=\"Panier suspendu de 13 pouces\" width=\"800\" height=\"207\" border=\"0\" vspace=\"0\" \/><\/p>\n<p><img loading=\"lazy\" decoding=\"async\" title=\"Panier suspendu de 13 pouces\" src=\"https:\/\/www.ronboplastic.com\/wp-content\/uploads\/2025\/09\/2022053010040143c9857245ba428abe7a9ba648e4dfc7.jpg\" alt=\"Panier suspendu de 13 pouces\" width=\"800\" height=\"832\" border=\"0\" vspace=\"0\" \/><\/p>\n<p><strong>FAQ<\/strong><\/p>\n<p><strong>Q.    Quels sont les sc\u00e9narios d'utilisation du produit\uff1f ?<\/strong><\/p>\n<p>A.     Jardin, liti\u00e8re et d\u00e9coration<\/p>\n<p><strong>Q.    Pouvons-nous contr\u00f4ler la progression de la commande\uff1f ?<\/strong><\/p>\n<p>A.     Oui, nous sommes une usine et nous pouvons contr\u00f4ler l'ensemble de la progression de la commande.<\/p>\n<p><strong>Q.    Combien de pays exportez-vous\uff1f<\/strong><\/p>\n<p>A.    De nombreux pays, comme les \u00c9tats-Unis, le Canada, le Costa Rica, les Philippines, le Royaume-Uni, Isra\u00ebl, etc.<\/p>\n<p><strong>Q.    \u00cates-vous un fabricant ou une soci\u00e9t\u00e9 commerciale ?<\/strong><\/p>\n<p>A.    Nous sommes une usine avec plus de 20 ans d'exp\u00e9rience dans l'exportation.<\/p>\n<p><strong>Q.   Pouvez-vous proposer des \u00e9chantillons ?\u00a0<\/strong><\/p>\n<p>A.    Nous pouvons vous proposer des \u00e9chantillons gratuits pour vous permettre de v\u00e9rifier la qualit\u00e9 de nos produits.<\/p>\n<p><strong>Q.   Combien de temps faut-il pour obtenir une r\u00e9ponse \u00e0 mes questions ?<\/strong><\/p>\n<p>A.    Nous r\u00e9pondrons \u00e0 la premi\u00e8re heure, si c'est le soir, le d\u00e9lai sera de 10 heures.<\/p>\n<p><strong>Q.  Quel est votre mat\u00e9riel ? et Quel type de technologie ?<\/strong><\/p>\n<p>A.  Le mat\u00e9riau de nos pots est le PP, et ils sont moul\u00e9s par injection.<\/p>\n<p><strong>Q.  Quel est le paquet ?<\/strong><\/p>\n<p>A.  Nous avons deux emballages, l'un est un carton, l'autre une palette.<\/p>\n<p><strong>Q. Quel est votre MOQ ?<\/strong><\/p>\n<p>A.  En g\u00e9n\u00e9ral, notre MOQ est de 3 palettes ou 10 cartons par taille et par couleur.<\/p>\n<p><strong>Q.  Acceptez-vous les OEM ? Pouvez-vous apposer notre logo ?<\/strong><\/p>\n<p>A.  Oui, nous pouvons offrir un service OEM et nous pouvons apposer le nom de votre entreprise, votre LOGO et votre code-barres sur le pot.  Nous pouvons \u00e9galement apposer vos informations sur le carton.<\/p>\n<p><strong>\u00a0<\/strong><\/p>\n<section class=\"table-wrap\"><\/section>\n<p class=\"productsTags\">Hot Tags : 13 pouces panier suspendu, fournisseurs, fabricants, usine, grossiste, \u00e0 vendre<\/p>","protected":false},"excerpt":{"rendered":"<p>Panier suspendu de 13 pouces, le grand pot suspendu de radis vert est facile \u00e0 nettoyer et \u00e0 toucher sans laisser de traces. Le fond est d\u00e9tachable, ce qui permet de stocker de l'eau et de l'engrais, de sorte que le syst\u00e8me racinaire de la plante puisse respirer et se drainer davantage, tout en \u00e9vitant d'utiliser plus d'eau. Le crochet assorti ne se casse pas facilement lorsqu'il est pli\u00e9, il est s\u00fbr et solide.<\/p>","protected":false},"featured_media":9269,"comment_status":"open","ping_status":"open","template":"","meta":[],"product_brand":[],"product_cat":[88],"product_tag":[],"class_list":{"0":"post-9267","1":"product","2":"type-product","3":"status-publish","4":"has-post-thumbnail","6":"product_cat-hanging-planter","8":"first","9":"instock","10":"shipping-taxable","11":"product-type-simple"},"yoast_head":"<!-- This site is optimized with the Yoast SEO plugin v26.1.1 - https:\/\/yoast.com\/wordpress\/plugins\/seo\/ -->\n<title>13 Inch Hanging Basket - Ronbo Sunrise Pots &amp; Planters<\/title>\n<meta name=\"robots\" content=\"index, follow, max-snippet:-1, max-image-preview:large, max-video-preview:-1\" \/>\n<link rel=\"canonical\" href=\"https:\/\/www.ronboplastic.com\/fr\/produit\/panier-suspendu-de-13-pouces\/\" \/>\n<meta property=\"og:locale\" content=\"fr_FR\" \/>\n<meta property=\"og:type\" content=\"article\" \/>\n<meta property=\"og:title\" content=\"13 Inch Hanging Basket - Ronbo Sunrise Pots &amp; Planters\" \/>\n<meta property=\"og:description\" content=\"13 inch\u00a0hanging\u00a0basket, large green radish hanging pot is easy to clean and touch without leaving traces. The bottom is detachable design, which can store water and fertilizer, so that the root system of the plant can further breathe and drain, and at the same time, it can avoid more water. The matching hook is not easy to break when bent, and is safe and firm.\" \/>\n<meta property=\"og:url\" content=\"https:\/\/www.ronboplastic.com\/fr\/produit\/panier-suspendu-de-13-pouces\/\" \/>\n<meta property=\"og:site_name\" content=\"Ronbo Sunrise Pots &amp; Planters\" \/>\n<meta property=\"article:modified_time\" content=\"2025-09-08T06:19:43+00:00\" \/>\n<meta property=\"og:image\" content=\"https:\/\/www.ronboplastic.com\/wp-content\/uploads\/2025\/09\/24.png\" \/>\n\t<meta property=\"og:image:width\" content=\"730\" \/>\n\t<meta property=\"og:image:height\" content=\"730\" \/>\n\t<meta property=\"og:image:type\" content=\"image\/png\" \/>\n<meta name=\"twitter:card\" content=\"summary_large_image\" \/>\n<meta name=\"twitter:label1\" content=\"Dur\u00e9e de lecture estim\u00e9e\" \/>\n\t<meta name=\"twitter:data1\" content=\"2 minutes\" \/>\n<script type=\"application\/ld+json\" class=\"yoast-schema-graph\">{\"@context\":\"https:\/\/schema.org\",\"@graph\":[{\"@type\":\"WebPage\",\"@id\":\"https:\/\/www.ronboplastic.com\/ru\/%d0%bf%d1%80%d0%be%d0%b4%d1%83%d0%ba%d1%82\/13-3\/\",\"url\":\"https:\/\/www.ronboplastic.com\/ru\/%d0%bf%d1%80%d0%be%d0%b4%d1%83%d0%ba%d1%82\/13-3\/\",\"name\":\"13 Inch Hanging Basket - Ronbo Sunrise Pots &amp; Planters\",\"isPartOf\":{\"@id\":\"https:\/\/www.ronboplastic.com\/#website\"},\"primaryImageOfPage\":{\"@id\":\"https:\/\/www.ronboplastic.com\/ru\/%d0%bf%d1%80%d0%be%d0%b4%d1%83%d0%ba%d1%82\/13-3\/#primaryimage\"},\"image\":{\"@id\":\"https:\/\/www.ronboplastic.com\/ru\/%d0%bf%d1%80%d0%be%d0%b4%d1%83%d0%ba%d1%82\/13-3\/#primaryimage\"},\"thumbnailUrl\":\"https:\/\/www.ronboplastic.com\/wp-content\/uploads\/2025\/09\/24.png\",\"datePublished\":\"2024-10-14T23:57:08+00:00\",\"dateModified\":\"2025-09-08T06:19:43+00:00\",\"breadcrumb\":{\"@id\":\"https:\/\/www.ronboplastic.com\/ru\/%d0%bf%d1%80%d0%be%d0%b4%d1%83%d0%ba%d1%82\/13-3\/#breadcrumb\"},\"inLanguage\":\"fr-FR\",\"potentialAction\":[{\"@type\":\"ReadAction\",\"target\":[\"https:\/\/www.ronboplastic.com\/ru\/%d0%bf%d1%80%d0%be%d0%b4%d1%83%d0%ba%d1%82\/13-3\/\"]}]},{\"@type\":\"ImageObject\",\"inLanguage\":\"fr-FR\",\"@id\":\"https:\/\/www.ronboplastic.com\/ru\/%d0%bf%d1%80%d0%be%d0%b4%d1%83%d0%ba%d1%82\/13-3\/#primaryimage\",\"url\":\"https:\/\/www.ronboplastic.com\/wp-content\/uploads\/2025\/09\/24.png\",\"contentUrl\":\"https:\/\/www.ronboplastic.com\/wp-content\/uploads\/2025\/09\/24.png\",\"width\":730,\"height\":730,\"caption\":\"hanging basket planter\"},{\"@type\":\"BreadcrumbList\",\"@id\":\"https:\/\/www.ronboplastic.com\/ru\/%d0%bf%d1%80%d0%be%d0%b4%d1%83%d0%ba%d1%82\/13-3\/#breadcrumb\",\"itemListElement\":[{\"@type\":\"ListItem\",\"position\":1,\"name\":\"\u9996\u9875\",\"item\":\"https:\/\/www.ronboplastic.com\/\"},{\"@type\":\"ListItem\",\"position\":2,\"name\":\"Products\",\"item\":\"http:\/\/www.ronboplastic.com\/products\/\"},{\"@type\":\"ListItem\",\"position\":3,\"name\":\"13 Inch Hanging Basket\"}]},{\"@type\":\"WebSite\",\"@id\":\"https:\/\/www.ronboplastic.com\/#website\",\"url\":\"https:\/\/www.ronboplastic.com\/\",\"name\":\"Ronbo Sunrise Pots &amp; Planters\",\"description\":\"Flower Pots &amp; Planters\",\"potentialAction\":[{\"@type\":\"SearchAction\",\"target\":{\"@type\":\"EntryPoint\",\"urlTemplate\":\"https:\/\/www.ronboplastic.com\/?s={search_term_string}\"},\"query-input\":{\"@type\":\"PropertyValueSpecification\",\"valueRequired\":true,\"valueName\":\"search_term_string\"}}],\"inLanguage\":\"fr-FR\"}]}<\/script>\n<!-- \/ Yoast SEO plugin. -->","yoast_head_json":{"title":"13 Inch Hanging Basket - Ronbo Sunrise Pots &amp; Planters","robots":{"index":"index","follow":"follow","max-snippet":"max-snippet:-1","max-image-preview":"max-image-preview:large","max-video-preview":"max-video-preview:-1"},"canonical":"https:\/\/www.ronboplastic.com\/fr\/produit\/panier-suspendu-de-13-pouces\/","og_locale":"fr_FR","og_type":"article","og_title":"13 Inch Hanging Basket - Ronbo Sunrise Pots &amp; Planters","og_description":"13 inch\u00a0hanging\u00a0basket, large green radish hanging pot is easy to clean and touch without leaving traces. The bottom is detachable design, which can store water and fertilizer, so that the root system of the plant can further breathe and drain, and at the same time, it can avoid more water. The matching hook is not easy to break when bent, and is safe and firm.","og_url":"https:\/\/www.ronboplastic.com\/fr\/produit\/panier-suspendu-de-13-pouces\/","og_site_name":"Ronbo Sunrise Pots &amp; Planters","article_modified_time":"2025-09-08T06:19:43+00:00","og_image":[{"width":730,"height":730,"url":"https:\/\/www.ronboplastic.com\/wp-content\/uploads\/2025\/09\/24.png","type":"image\/png"}],"twitter_card":"summary_large_image","twitter_misc":{"Dur\u00e9e de lecture estim\u00e9e":"2 minutes"},"schema":{"@context":"https:\/\/schema.org","@graph":[{"@type":"WebPage","@id":"https:\/\/www.ronboplastic.com\/ru\/%d0%bf%d1%80%d0%be%d0%b4%d1%83%d0%ba%d1%82\/13-3\/","url":"https:\/\/www.ronboplastic.com\/ru\/%d0%bf%d1%80%d0%be%d0%b4%d1%83%d0%ba%d1%82\/13-3\/","name":"13 Inch Hanging Basket - Ronbo Sunrise Pots &amp; Planters","isPartOf":{"@id":"https:\/\/www.ronboplastic.com\/#website"},"primaryImageOfPage":{"@id":"https:\/\/www.ronboplastic.com\/ru\/%d0%bf%d1%80%d0%be%d0%b4%d1%83%d0%ba%d1%82\/13-3\/#primaryimage"},"image":{"@id":"https:\/\/www.ronboplastic.com\/ru\/%d0%bf%d1%80%d0%be%d0%b4%d1%83%d0%ba%d1%82\/13-3\/#primaryimage"},"thumbnailUrl":"https:\/\/www.ronboplastic.com\/wp-content\/uploads\/2025\/09\/24.png","datePublished":"2024-10-14T23:57:08+00:00","dateModified":"2025-09-08T06:19:43+00:00","breadcrumb":{"@id":"https:\/\/www.ronboplastic.com\/ru\/%d0%bf%d1%80%d0%be%d0%b4%d1%83%d0%ba%d1%82\/13-3\/#breadcrumb"},"inLanguage":"fr-FR","potentialAction":[{"@type":"ReadAction","target":["https:\/\/www.ronboplastic.com\/ru\/%d0%bf%d1%80%d0%be%d0%b4%d1%83%d0%ba%d1%82\/13-3\/"]}]},{"@type":"ImageObject","inLanguage":"fr-FR","@id":"https:\/\/www.ronboplastic.com\/ru\/%d0%bf%d1%80%d0%be%d0%b4%d1%83%d0%ba%d1%82\/13-3\/#primaryimage","url":"https:\/\/www.ronboplastic.com\/wp-content\/uploads\/2025\/09\/24.png","contentUrl":"https:\/\/www.ronboplastic.com\/wp-content\/uploads\/2025\/09\/24.png","width":730,"height":730,"caption":"hanging basket planter"},{"@type":"BreadcrumbList","@id":"https:\/\/www.ronboplastic.com\/ru\/%d0%bf%d1%80%d0%be%d0%b4%d1%83%d0%ba%d1%82\/13-3\/#breadcrumb","itemListElement":[{"@type":"ListItem","position":1,"name":"\u9996\u9875","item":"https:\/\/www.ronboplastic.com\/"},{"@type":"ListItem","position":2,"name":"Products","item":"http:\/\/www.ronboplastic.com\/products\/"},{"@type":"ListItem","position":3,"name":"13 Inch Hanging Basket"}]},{"@type":"WebSite","@id":"https:\/\/www.ronboplastic.com\/#website","url":"https:\/\/www.ronboplastic.com\/","name":"Ronbo Sunrise Pots &amp; Planters","description":"Pots de fleurs et jardini\u00e8res","potentialAction":[{"@type":"SearchAction","target":{"@type":"EntryPoint","urlTemplate":"https:\/\/www.ronboplastic.com\/?s={search_term_string}"},"query-input":{"@type":"PropertyValueSpecification","valueRequired":true,"valueName":"search_term_string"}}],"inLanguage":"fr-FR"}]}},"_links":{"self":[{"href":"https:\/\/www.ronboplastic.com\/fr\/wp-json\/wp\/v2\/product\/9267","targetHints":{"allow":["GET"]}}],"collection":[{"href":"https:\/\/www.ronboplastic.com\/fr\/wp-json\/wp\/v2\/product"}],"about":[{"href":"https:\/\/www.ronboplastic.com\/fr\/wp-json\/wp\/v2\/types\/product"}],"replies":[{"embeddable":true,"href":"https:\/\/www.ronboplastic.com\/fr\/wp-json\/wp\/v2\/comments?post=9267"}],"wp:featuredmedia":[{"embeddable":true,"href":"https:\/\/www.ronboplastic.com\/fr\/wp-json\/wp\/v2\/media\/9269"}],"wp:attachment":[{"href":"https:\/\/www.ronboplastic.com\/fr\/wp-json\/wp\/v2\/media?parent=9267"}],"wp:term":[{"taxonomy":"product_brand","embeddable":true,"href":"https:\/\/www.ronboplastic.com\/fr\/wp-json\/wp\/v2\/product_brand?post=9267"},{"taxonomy":"product_cat","embeddable":true,"href":"https:\/\/www.ronboplastic.com\/fr\/wp-json\/wp\/v2\/product_cat?post=9267"},{"taxonomy":"product_tag","embeddable":true,"href":"https:\/\/www.ronboplastic.com\/fr\/wp-json\/wp\/v2\/product_tag?post=9267"}],"curies":[{"name":"wp","href":"https:\/\/api.w.org\/{rel}","templated":true}]}}