{"id":9243,"date":"2024-10-14T07:33:48","date_gmt":"2024-10-13T23:33:48","guid":{"rendered":"https:\/\/www.ronboplastic.com\/index.php\/product\/stackable-four-petal-flower-pot\/"},"modified":"2026-05-09T02:09:37","modified_gmt":"2026-05-09T09:09:37","slug":"pot-de-fleurs-empilable-a-quatre-petales","status":"publish","type":"product","link":"https:\/\/www.ronboplastic.com\/fr\/produit\/pot-de-fleurs-empilable-a-quatre-petales\/","title":{"rendered":"Pot de fleurs empilable \u00e0 quatre p\u00e9tales"},"content":{"rendered":"<p>Vous cherchez un moyen facile et peu encombrant de cultiver vos propres fruits, l\u00e9gumes et herbes \u00e0 la maison ? Ne cherchez pas plus loin que notre pot de fleurs empilable \u00e0 quatre p\u00e9tales ! Parfait pour ceux qui vivent dans de petits appartements ou des locations, ce pot vous permet de cultiver votre propre nourriture sans avoir \u00e0 vous pencher ou \u00e0 vous salir dans le jardin. Vous pouvez facilement cultiver des fraises, de la laitue et des l\u00e9gumes verts \u00e0 feuilles, des herbes, ainsi que des l\u00e9gumes plus gros comme le c\u00e9leri et le chou, de sorte que vous pouvez emporter votre petite pile de jardin avec vous !<\/p>\n<p>Notre m\u00e9lange de nutriments a \u00e9t\u00e9 sp\u00e9cialement d\u00e9velopp\u00e9 pour produire des r\u00e9sultats \u00e9tonnants, et nous l'avons test\u00e9 avec succ\u00e8s dans notre propre exploitation commerciale de fraises. Que vous souhaitiez ajouter des produits frais \u00e0 votre table de cuisine ou \u00e9gayer votre maison avec de belles fleurs, notre pot de fleurs empilable \u00e0 quatre p\u00e9tales est la solution id\u00e9ale. De plus, la conception unique de l'embo\u00eetement permet \u00e0 l'eau de circuler librement \u00e0 travers le syst\u00e8me, ce qui facilite grandement le maintien de la sant\u00e9 et de l'hydratation de vos plantes.<\/p>\n<p>Il suffit d'ajouter votre substrat de plantation, comme du coco ou du terreau, et d'arroser par le haut. L'eau s'\u00e9coule vers tous les sites de plantation, ce qui garantit que les \u00e9tages inf\u00e9rieurs seront automatiquement arros\u00e9s, tout en s'\u00e9coulant dans un bac de r\u00e9cup\u00e9ration pour \u00e9viter le d\u00e9sordre. Ce syst\u00e8me d'\u00e9coulement garantit une distribution uniforme de l'eau, ce qui \u00e9vite de d\u00e9tremper les plantes. De plus, notre pot est fabriqu\u00e9 \u00e0 partir de mat\u00e9riaux durables qui sont faits pour durer. Offrez \u00e0 vos plantes la maison qu'elles m\u00e9ritent avec notre pot de fleurs empilable \u00e0 quatre p\u00e9tales !<\/p>\n<p><strong><span dir=\"LTR\">Sp\u00e9cifications<\/span><\/strong><\/p>\n<p>&nbsp;<\/p>\n<section class=\"table-wrap\">\n<table class=\"table\" border=\"1\" width=\"281\" cellspacing=\"0\" cellpadding=\"0\">\n<tbody>\n<tr class=\"firstRow\">\n<td width=\"114\" height=\"0\">Num\u00e9ro de mod\u00e8le<\/td>\n<td width=\"161\" height=\"0\">RB-T002<\/td>\n<\/tr>\n<tr>\n<td width=\"114\">Type de plastique<\/td>\n<td width=\"161\">PP<\/td>\n<\/tr>\n<tr>\n<td width=\"114\">Type<\/td>\n<td width=\"161\">Propagation<\/td>\n<\/tr>\n<tr>\n<td width=\"114\">Diam\u00e8tre sup\u00e9rieur<\/td>\n<td width=\"161\">35cm\/13.78inch<\/td>\n<\/tr>\n<tr>\n<td width=\"114\">Hauteur<\/td>\n<td width=\"161\">15cm\/5.91inch<\/td>\n<\/tr>\n<tr>\n<td width=\"114\">Poids<\/td>\n<td width=\"161\">300g<\/td>\n<\/tr>\n<\/tbody>\n<\/table>\n<\/section>\n<p><img loading=\"lazy\" decoding=\"async\" title=\"Pot de fleurs empilable \u00e0 quatre p\u00e9tales\" src=\"https:\/\/www.ronboplastic.com\/wp-content\/uploads\/2025\/09\/2022090714323160ec8f847b36463ba68eb98705c7c895.jpg\" alt=\"Pot de fleurs empilable \u00e0 quatre p\u00e9tales\" width=\"800\" height=\"2336\" border=\"0\" vspace=\"0\" \/><\/p>\n<p><img loading=\"lazy\" decoding=\"async\" title=\"Pot de fleurs empilable \u00e0 quatre p\u00e9tales\" src=\"https:\/\/www.ronboplastic.com\/wp-content\/uploads\/2025\/09\/20220907143237acb22c7a588d4498ab530c500e71a1ca.jpg\" alt=\"Pot de fleurs empilable \u00e0 quatre p\u00e9tales\" width=\"800\" height=\"1921\" \/><\/p>\n<p><img loading=\"lazy\" decoding=\"async\" title=\"Pot de fleurs empilable \u00e0 quatre p\u00e9tales\" src=\"https:\/\/www.ronboplastic.com\/wp-content\/uploads\/2025\/09\/202209071432411843f7ab67664e5394e9842b766989d3.jpg\" alt=\"Pot de fleurs empilable \u00e0 quatre p\u00e9tales\" width=\"800\" height=\"1410\" \/><\/p>\n<p class=\"productsTags\">Hot Tags : pot de fleurs empilable \u00e0 quatre p\u00e9tales, fournisseurs, fabricants, usine, grossiste, \u00e0 vendre<\/p>","protected":false},"excerpt":{"rendered":"<p>Parfait pour ceux qui vivent dans de petits appartements ou des locations, ce bac vous permet de cultiver votre propre nourriture sans avoir \u00e0 vous pencher ou \u00e0 vous salir dans le jardin.<\/p>","protected":false},"featured_media":9248,"comment_status":"open","ping_status":"closed","template":"","meta":[],"product_brand":[],"product_cat":[135],"product_tag":[],"class_list":{"0":"post-9243","1":"product","2":"type-product","3":"status-publish","4":"has-post-thumbnail","6":"product_cat-classic-basic-planters","8":"first","9":"instock","10":"shipping-taxable","11":"product-type-simple"},"yoast_head":"<!-- This site is optimized with the Yoast SEO plugin v26.1.1 - https:\/\/yoast.com\/wordpress\/plugins\/seo\/ -->\n<title>Stackable Four-Petal Flower Pot - Ronbo Sunrise Pots &amp; Planters<\/title>\n<meta name=\"robots\" content=\"index, follow, max-snippet:-1, max-image-preview:large, max-video-preview:-1\" \/>\n<link rel=\"canonical\" href=\"https:\/\/www.ronboplastic.com\/fr\/produit\/pot-de-fleurs-empilable-a-quatre-petales\/\" \/>\n<meta property=\"og:locale\" content=\"fr_FR\" \/>\n<meta property=\"og:type\" content=\"article\" \/>\n<meta property=\"og:title\" content=\"Stackable Four-Petal Flower Pot - Ronbo Sunrise Pots &amp; Planters\" \/>\n<meta property=\"og:description\" content=\"Perfect for those living in smaller apartments or rentals, this planter enables you to grow your own food without bending or getting dirty in the garden.\" \/>\n<meta property=\"og:url\" content=\"https:\/\/www.ronboplastic.com\/fr\/produit\/pot-de-fleurs-empilable-a-quatre-petales\/\" \/>\n<meta property=\"og:site_name\" content=\"Ronbo Sunrise Pots &amp; Planters\" \/>\n<meta property=\"article:modified_time\" content=\"2026-05-09T09:09:37+00:00\" \/>\n<meta property=\"og:image\" content=\"https:\/\/www.ronboplastic.com\/wp-content\/uploads\/2025\/09\/18.png\" \/>\n\t<meta property=\"og:image:width\" content=\"730\" \/>\n\t<meta property=\"og:image:height\" content=\"730\" \/>\n\t<meta property=\"og:image:type\" content=\"image\/png\" \/>\n<meta name=\"twitter:card\" content=\"summary_large_image\" \/>\n<meta name=\"twitter:label1\" content=\"Dur\u00e9e de lecture estim\u00e9e\" \/>\n\t<meta name=\"twitter:data1\" content=\"1 minute\" \/>\n<script type=\"application\/ld+json\" class=\"yoast-schema-graph\">{\"@context\":\"https:\/\/schema.org\",\"@graph\":[{\"@type\":\"WebPage\",\"@id\":\"https:\/\/www.ronboplastic.com\/product\/stackable-four-petal-flower-pot\/\",\"url\":\"https:\/\/www.ronboplastic.com\/product\/stackable-four-petal-flower-pot\/\",\"name\":\"Stackable Four-Petal Flower Pot - Ronbo Sunrise Pots &amp; Planters\",\"isPartOf\":{\"@id\":\"https:\/\/www.ronboplastic.com\/#website\"},\"primaryImageOfPage\":{\"@id\":\"https:\/\/www.ronboplastic.com\/product\/stackable-four-petal-flower-pot\/#primaryimage\"},\"image\":{\"@id\":\"https:\/\/www.ronboplastic.com\/product\/stackable-four-petal-flower-pot\/#primaryimage\"},\"thumbnailUrl\":\"https:\/\/www.ronboplastic.com\/wp-content\/uploads\/2025\/09\/18.png\",\"datePublished\":\"2024-10-13T23:33:48+00:00\",\"dateModified\":\"2026-05-09T09:09:37+00:00\",\"breadcrumb\":{\"@id\":\"https:\/\/www.ronboplastic.com\/product\/stackable-four-petal-flower-pot\/#breadcrumb\"},\"inLanguage\":\"fr-FR\",\"potentialAction\":[{\"@type\":\"ReadAction\",\"target\":[\"https:\/\/www.ronboplastic.com\/product\/stackable-four-petal-flower-pot\/\"]}]},{\"@type\":\"ImageObject\",\"inLanguage\":\"fr-FR\",\"@id\":\"https:\/\/www.ronboplastic.com\/product\/stackable-four-petal-flower-pot\/#primaryimage\",\"url\":\"https:\/\/www.ronboplastic.com\/wp-content\/uploads\/2025\/09\/18.png\",\"contentUrl\":\"https:\/\/www.ronboplastic.com\/wp-content\/uploads\/2025\/09\/18.png\",\"width\":730,\"height\":730,\"caption\":\"Stackable Three-Petal Planter\"},{\"@type\":\"BreadcrumbList\",\"@id\":\"https:\/\/www.ronboplastic.com\/product\/stackable-four-petal-flower-pot\/#breadcrumb\",\"itemListElement\":[{\"@type\":\"ListItem\",\"position\":1,\"name\":\"\u9996\u9875\",\"item\":\"https:\/\/www.ronboplastic.com\/\"},{\"@type\":\"ListItem\",\"position\":2,\"name\":\"Products\",\"item\":\"http:\/\/www.ronboplastic.com\/products\/\"},{\"@type\":\"ListItem\",\"position\":3,\"name\":\"Stackable Four-Petal Flower Pot\"}]},{\"@type\":\"WebSite\",\"@id\":\"https:\/\/www.ronboplastic.com\/#website\",\"url\":\"https:\/\/www.ronboplastic.com\/\",\"name\":\"Ronbo Sunrise Pots &amp; Planters\",\"description\":\"Flower Pots &amp; Planters\",\"potentialAction\":[{\"@type\":\"SearchAction\",\"target\":{\"@type\":\"EntryPoint\",\"urlTemplate\":\"https:\/\/www.ronboplastic.com\/?s={search_term_string}\"},\"query-input\":{\"@type\":\"PropertyValueSpecification\",\"valueRequired\":true,\"valueName\":\"search_term_string\"}}],\"inLanguage\":\"fr-FR\"}]}<\/script>\n<!-- \/ Yoast SEO plugin. -->","yoast_head_json":{"title":"Stackable Four-Petal Flower Pot - Ronbo Sunrise Pots &amp; Planters","robots":{"index":"index","follow":"follow","max-snippet":"max-snippet:-1","max-image-preview":"max-image-preview:large","max-video-preview":"max-video-preview:-1"},"canonical":"https:\/\/www.ronboplastic.com\/fr\/produit\/pot-de-fleurs-empilable-a-quatre-petales\/","og_locale":"fr_FR","og_type":"article","og_title":"Stackable Four-Petal Flower Pot - Ronbo Sunrise Pots &amp; Planters","og_description":"Perfect for those living in smaller apartments or rentals, this planter enables you to grow your own food without bending or getting dirty in the garden.","og_url":"https:\/\/www.ronboplastic.com\/fr\/produit\/pot-de-fleurs-empilable-a-quatre-petales\/","og_site_name":"Ronbo Sunrise Pots &amp; Planters","article_modified_time":"2026-05-09T09:09:37+00:00","og_image":[{"width":730,"height":730,"url":"https:\/\/www.ronboplastic.com\/wp-content\/uploads\/2025\/09\/18.png","type":"image\/png"}],"twitter_card":"summary_large_image","twitter_misc":{"Dur\u00e9e de lecture estim\u00e9e":"1 minute"},"schema":{"@context":"https:\/\/schema.org","@graph":[{"@type":"WebPage","@id":"https:\/\/www.ronboplastic.com\/product\/stackable-four-petal-flower-pot\/","url":"https:\/\/www.ronboplastic.com\/product\/stackable-four-petal-flower-pot\/","name":"Stackable Four-Petal Flower Pot - Ronbo Sunrise Pots &amp; Planters","isPartOf":{"@id":"https:\/\/www.ronboplastic.com\/#website"},"primaryImageOfPage":{"@id":"https:\/\/www.ronboplastic.com\/product\/stackable-four-petal-flower-pot\/#primaryimage"},"image":{"@id":"https:\/\/www.ronboplastic.com\/product\/stackable-four-petal-flower-pot\/#primaryimage"},"thumbnailUrl":"https:\/\/www.ronboplastic.com\/wp-content\/uploads\/2025\/09\/18.png","datePublished":"2024-10-13T23:33:48+00:00","dateModified":"2026-05-09T09:09:37+00:00","breadcrumb":{"@id":"https:\/\/www.ronboplastic.com\/product\/stackable-four-petal-flower-pot\/#breadcrumb"},"inLanguage":"fr-FR","potentialAction":[{"@type":"ReadAction","target":["https:\/\/www.ronboplastic.com\/product\/stackable-four-petal-flower-pot\/"]}]},{"@type":"ImageObject","inLanguage":"fr-FR","@id":"https:\/\/www.ronboplastic.com\/product\/stackable-four-petal-flower-pot\/#primaryimage","url":"https:\/\/www.ronboplastic.com\/wp-content\/uploads\/2025\/09\/18.png","contentUrl":"https:\/\/www.ronboplastic.com\/wp-content\/uploads\/2025\/09\/18.png","width":730,"height":730,"caption":"Stackable Three-Petal Planter"},{"@type":"BreadcrumbList","@id":"https:\/\/www.ronboplastic.com\/product\/stackable-four-petal-flower-pot\/#breadcrumb","itemListElement":[{"@type":"ListItem","position":1,"name":"\u9996\u9875","item":"https:\/\/www.ronboplastic.com\/"},{"@type":"ListItem","position":2,"name":"Products","item":"http:\/\/www.ronboplastic.com\/products\/"},{"@type":"ListItem","position":3,"name":"Stackable Four-Petal Flower Pot"}]},{"@type":"WebSite","@id":"https:\/\/www.ronboplastic.com\/#website","url":"https:\/\/www.ronboplastic.com\/","name":"Ronbo Sunrise Pots &amp; Planters","description":"Pots de fleurs et jardini\u00e8res","potentialAction":[{"@type":"SearchAction","target":{"@type":"EntryPoint","urlTemplate":"https:\/\/www.ronboplastic.com\/?s={search_term_string}"},"query-input":{"@type":"PropertyValueSpecification","valueRequired":true,"valueName":"search_term_string"}}],"inLanguage":"fr-FR"}]}},"_links":{"self":[{"href":"https:\/\/www.ronboplastic.com\/fr\/wp-json\/wp\/v2\/product\/9243","targetHints":{"allow":["GET"]}}],"collection":[{"href":"https:\/\/www.ronboplastic.com\/fr\/wp-json\/wp\/v2\/product"}],"about":[{"href":"https:\/\/www.ronboplastic.com\/fr\/wp-json\/wp\/v2\/types\/product"}],"replies":[{"embeddable":true,"href":"https:\/\/www.ronboplastic.com\/fr\/wp-json\/wp\/v2\/comments?post=9243"}],"wp:featuredmedia":[{"embeddable":true,"href":"https:\/\/www.ronboplastic.com\/fr\/wp-json\/wp\/v2\/media\/9248"}],"wp:attachment":[{"href":"https:\/\/www.ronboplastic.com\/fr\/wp-json\/wp\/v2\/media?parent=9243"}],"wp:term":[{"taxonomy":"product_brand","embeddable":true,"href":"https:\/\/www.ronboplastic.com\/fr\/wp-json\/wp\/v2\/product_brand?post=9243"},{"taxonomy":"product_cat","embeddable":true,"href":"https:\/\/www.ronboplastic.com\/fr\/wp-json\/wp\/v2\/product_cat?post=9243"},{"taxonomy":"product_tag","embeddable":true,"href":"https:\/\/www.ronboplastic.com\/fr\/wp-json\/wp\/v2\/product_tag?post=9243"}],"curies":[{"name":"wp","href":"https:\/\/api.w.org\/{rel}","templated":true}]}}