{"id":9231,"date":"2024-10-14T07:25:36","date_gmt":"2024-10-13T23:25:36","guid":{"rendered":"https:\/\/www.ronboplastic.com\/index.php\/product\/stackable-three-petal-planter\/"},"modified":"2026-05-09T01:58:50","modified_gmt":"2026-05-09T08:58:50","slug":"jardiniere-empilable-a-trois-petales","status":"publish","type":"product","link":"https:\/\/www.ronboplastic.com\/fr\/produit\/jardiniere-empilable-a-trois-petales\/","title":{"rendered":"Jardini\u00e8re empilable \u00e0 trois p\u00e9tales"},"content":{"rendered":"<p>Vous souhaitez ajouter un peu de verdure \u00e0 votre maison ou \u00e0 votre bureau sans prendre trop de place ? Cette jardini\u00e8re \u00e0 trois p\u00e9tales est parfaite pour le jardin de votre balcon ! Vous pouvez y faire pousser vos plantes pr\u00e9f\u00e9r\u00e9es, comme des fraises ou des fleurs. Lorsqu'il est utilis\u00e9 avec le plateau, il devient un petit espace de plantation mobile. La combinaison tridimensionnelle de couches multiples permet d'\u00e9conomiser de l'espace et d'ajouter de la verdure au bureau de la maison.<\/p>\n<p>Cette jardini\u00e8re empilable \u00e0 trois p\u00e9tales est parfaite pour le jardinier amateur ou l'agriculteur. Les trous de drainage scientifiques et le rideau d'eau au fond permettent aux racines des plantes de respirer et de p\u00e9n\u00e9trer, augmentant ainsi le taux de survie des plantes. Le fond est \u00e9quip\u00e9 d'un \u00e9cran d'eau amovible, qui peut non seulement porter le bac \u00e0 fleurs, mais aussi filtrer l'exc\u00e8s d'eau et prot\u00e9ger les racines des plantes. La conception \u00e0 rainures superpos\u00e9es assure une grande stabilit\u00e9 et emp\u00eache le basculement.<\/p>\n<p>Peut \u00eatre associ\u00e9 \u00e0 des plateaux universels, qui peuvent \u00eatre facilement d\u00e9plac\u00e9s sous un poids \u00e9lev\u00e9.<\/p>\n<p><strong><span dir=\"LTR\">Sp\u00e9cifications<\/span><\/strong><\/p>\n<p>&nbsp;<\/p>\n<section class=\"table-wrap\">\n<table class=\"table\" border=\"1\" width=\"281\" cellspacing=\"0\" cellpadding=\"0\">\n<tbody>\n<tr class=\"firstRow\">\n<td width=\"114\" height=\"0\">Num\u00e9ro de mod\u00e8le<\/td>\n<td width=\"161\" height=\"0\">RB-T001YS<\/td>\n<\/tr>\n<tr>\n<td width=\"114\">Type de plastique<\/td>\n<td width=\"161\">PP<\/td>\n<\/tr>\n<tr>\n<td width=\"114\">Type<\/td>\n<td width=\"161\">Propagation<\/td>\n<\/tr>\n<tr>\n<td width=\"114\">Diam\u00e8tre sup\u00e9rieur<\/td>\n<td width=\"161\">33cm\/15inch<\/td>\n<\/tr>\n<tr>\n<td width=\"114\">Hauteur<\/td>\n<td width=\"161\">3.5cm\/10.98inch<\/td>\n<\/tr>\n<tr>\n<td width=\"114\">Poids<\/td>\n<td width=\"161\">375g<\/td>\n<\/tr>\n<\/tbody>\n<\/table>\n<\/section>\n<p><img loading=\"lazy\" decoding=\"async\" title=\"Jardini\u00e8re empilable \u00e0 trois p\u00e9tales\" src=\"https:\/\/www.ronboplastic.com\/wp-content\/uploads\/2025\/09\/20220906134847bf8c4d385c324343b92a8594435564e6.jpg\" alt=\"_01\" width=\"800\" height=\"1880\" border=\"0\" vspace=\"0\" \/><\/p>\n<p><img loading=\"lazy\" decoding=\"async\" title=\"Jardini\u00e8re empilable \u00e0 trois p\u00e9tales\" src=\"https:\/\/www.ronboplastic.com\/wp-content\/uploads\/2025\/09\/20220906134852367b01451e1143e58bc22e9a307aa1cc.jpg\" alt=\"_02\" width=\"800\" height=\"2123\" border=\"0\" vspace=\"0\" \/><\/p>\n<p class=\"productsTags\">Hot Tags : jardini\u00e8re empilable \u00e0 trois p\u00e9tales, fournisseurs, fabricants, usine, grossiste, \u00e0 vendre<\/p>","protected":false},"excerpt":{"rendered":"<p>Vous souhaitez ajouter un peu de verdure \u00e0 votre maison ou \u00e0 votre bureau sans prendre trop de place ? Cette jardini\u00e8re \u00e0 trois p\u00e9tales est parfaite pour le jardin de votre balcon ! Vous pouvez y faire pousser vos plantes pr\u00e9f\u00e9r\u00e9es, comme des fraises ou des fleurs<\/p>","protected":false},"featured_media":9235,"comment_status":"open","ping_status":"open","template":"","meta":[],"product_brand":[],"product_cat":[143],"product_tag":[],"class_list":{"0":"post-9231","1":"product","2":"type-product","3":"status-publish","4":"has-post-thumbnail","6":"product_cat-gallon-pots-nursery","8":"first","9":"instock","10":"shipping-taxable","11":"product-type-simple"},"yoast_head":"<!-- This site is optimized with the Yoast SEO plugin v26.1.1 - https:\/\/yoast.com\/wordpress\/plugins\/seo\/ -->\n<title>Stackable Three-Petal Planter - Ronbo Sunrise Pots &amp; Planters<\/title>\n<meta name=\"robots\" content=\"index, follow, max-snippet:-1, max-image-preview:large, max-video-preview:-1\" \/>\n<link rel=\"canonical\" href=\"https:\/\/www.ronboplastic.com\/fr\/produit\/jardiniere-empilable-a-trois-petales\/\" \/>\n<meta property=\"og:locale\" content=\"fr_FR\" \/>\n<meta property=\"og:type\" content=\"article\" \/>\n<meta property=\"og:title\" content=\"Stackable Three-Petal Planter - Ronbo Sunrise Pots &amp; Planters\" \/>\n<meta property=\"og:description\" content=\"Looking to add some greenery to your home or office without taking up too much space? Check out our stackable three-petal planter!This three-petal planter is perfect for your home balcony garden! You can grow your favorite plants, such as strawberries or flowers in it\" \/>\n<meta property=\"og:url\" content=\"https:\/\/www.ronboplastic.com\/fr\/produit\/jardiniere-empilable-a-trois-petales\/\" \/>\n<meta property=\"og:site_name\" content=\"Ronbo Sunrise Pots &amp; Planters\" \/>\n<meta property=\"article:modified_time\" content=\"2026-05-09T08:58:50+00:00\" \/>\n<meta property=\"og:image\" content=\"https:\/\/www.ronboplastic.com\/wp-content\/uploads\/2025\/09\/14.png\" \/>\n\t<meta property=\"og:image:width\" content=\"730\" \/>\n\t<meta property=\"og:image:height\" content=\"730\" \/>\n\t<meta property=\"og:image:type\" content=\"image\/png\" \/>\n<meta name=\"twitter:card\" content=\"summary_large_image\" \/>\n<meta name=\"twitter:label1\" content=\"Dur\u00e9e de lecture estim\u00e9e\" \/>\n\t<meta name=\"twitter:data1\" content=\"1 minute\" \/>\n<script type=\"application\/ld+json\" class=\"yoast-schema-graph\">{\"@context\":\"https:\/\/schema.org\",\"@graph\":[{\"@type\":\"WebPage\",\"@id\":\"https:\/\/www.ronboplastic.com\/product\/stackable-three-petal-planter\/\",\"url\":\"https:\/\/www.ronboplastic.com\/product\/stackable-three-petal-planter\/\",\"name\":\"Stackable Three-Petal Planter - Ronbo Sunrise Pots &amp; Planters\",\"isPartOf\":{\"@id\":\"https:\/\/www.ronboplastic.com\/#website\"},\"primaryImageOfPage\":{\"@id\":\"https:\/\/www.ronboplastic.com\/product\/stackable-three-petal-planter\/#primaryimage\"},\"image\":{\"@id\":\"https:\/\/www.ronboplastic.com\/product\/stackable-three-petal-planter\/#primaryimage\"},\"thumbnailUrl\":\"https:\/\/www.ronboplastic.com\/wp-content\/uploads\/2025\/09\/14.png\",\"datePublished\":\"2024-10-13T23:25:36+00:00\",\"dateModified\":\"2026-05-09T08:58:50+00:00\",\"breadcrumb\":{\"@id\":\"https:\/\/www.ronboplastic.com\/product\/stackable-three-petal-planter\/#breadcrumb\"},\"inLanguage\":\"fr-FR\",\"potentialAction\":[{\"@type\":\"ReadAction\",\"target\":[\"https:\/\/www.ronboplastic.com\/product\/stackable-three-petal-planter\/\"]}]},{\"@type\":\"ImageObject\",\"inLanguage\":\"fr-FR\",\"@id\":\"https:\/\/www.ronboplastic.com\/product\/stackable-three-petal-planter\/#primaryimage\",\"url\":\"https:\/\/www.ronboplastic.com\/wp-content\/uploads\/2025\/09\/14.png\",\"contentUrl\":\"https:\/\/www.ronboplastic.com\/wp-content\/uploads\/2025\/09\/14.png\",\"width\":730,\"height\":730,\"caption\":\"Stackable Three-Petal Planter\"},{\"@type\":\"BreadcrumbList\",\"@id\":\"https:\/\/www.ronboplastic.com\/product\/stackable-three-petal-planter\/#breadcrumb\",\"itemListElement\":[{\"@type\":\"ListItem\",\"position\":1,\"name\":\"\u9996\u9875\",\"item\":\"https:\/\/www.ronboplastic.com\/\"},{\"@type\":\"ListItem\",\"position\":2,\"name\":\"Products\",\"item\":\"http:\/\/www.ronboplastic.com\/products\/\"},{\"@type\":\"ListItem\",\"position\":3,\"name\":\"Stackable Three-Petal Planter\"}]},{\"@type\":\"WebSite\",\"@id\":\"https:\/\/www.ronboplastic.com\/#website\",\"url\":\"https:\/\/www.ronboplastic.com\/\",\"name\":\"Ronbo Sunrise Pots &amp; Planters\",\"description\":\"Flower Pots &amp; Planters\",\"potentialAction\":[{\"@type\":\"SearchAction\",\"target\":{\"@type\":\"EntryPoint\",\"urlTemplate\":\"https:\/\/www.ronboplastic.com\/?s={search_term_string}\"},\"query-input\":{\"@type\":\"PropertyValueSpecification\",\"valueRequired\":true,\"valueName\":\"search_term_string\"}}],\"inLanguage\":\"fr-FR\"}]}<\/script>\n<!-- \/ Yoast SEO plugin. -->","yoast_head_json":{"title":"Stackable Three-Petal Planter - Ronbo Sunrise Pots &amp; Planters","robots":{"index":"index","follow":"follow","max-snippet":"max-snippet:-1","max-image-preview":"max-image-preview:large","max-video-preview":"max-video-preview:-1"},"canonical":"https:\/\/www.ronboplastic.com\/fr\/produit\/jardiniere-empilable-a-trois-petales\/","og_locale":"fr_FR","og_type":"article","og_title":"Stackable Three-Petal Planter - Ronbo Sunrise Pots &amp; Planters","og_description":"Looking to add some greenery to your home or office without taking up too much space? Check out our stackable three-petal planter!This three-petal planter is perfect for your home balcony garden! You can grow your favorite plants, such as strawberries or flowers in it","og_url":"https:\/\/www.ronboplastic.com\/fr\/produit\/jardiniere-empilable-a-trois-petales\/","og_site_name":"Ronbo Sunrise Pots &amp; Planters","article_modified_time":"2026-05-09T08:58:50+00:00","og_image":[{"width":730,"height":730,"url":"https:\/\/www.ronboplastic.com\/wp-content\/uploads\/2025\/09\/14.png","type":"image\/png"}],"twitter_card":"summary_large_image","twitter_misc":{"Dur\u00e9e de lecture estim\u00e9e":"1 minute"},"schema":{"@context":"https:\/\/schema.org","@graph":[{"@type":"WebPage","@id":"https:\/\/www.ronboplastic.com\/product\/stackable-three-petal-planter\/","url":"https:\/\/www.ronboplastic.com\/product\/stackable-three-petal-planter\/","name":"Stackable Three-Petal Planter - Ronbo Sunrise Pots &amp; Planters","isPartOf":{"@id":"https:\/\/www.ronboplastic.com\/#website"},"primaryImageOfPage":{"@id":"https:\/\/www.ronboplastic.com\/product\/stackable-three-petal-planter\/#primaryimage"},"image":{"@id":"https:\/\/www.ronboplastic.com\/product\/stackable-three-petal-planter\/#primaryimage"},"thumbnailUrl":"https:\/\/www.ronboplastic.com\/wp-content\/uploads\/2025\/09\/14.png","datePublished":"2024-10-13T23:25:36+00:00","dateModified":"2026-05-09T08:58:50+00:00","breadcrumb":{"@id":"https:\/\/www.ronboplastic.com\/product\/stackable-three-petal-planter\/#breadcrumb"},"inLanguage":"fr-FR","potentialAction":[{"@type":"ReadAction","target":["https:\/\/www.ronboplastic.com\/product\/stackable-three-petal-planter\/"]}]},{"@type":"ImageObject","inLanguage":"fr-FR","@id":"https:\/\/www.ronboplastic.com\/product\/stackable-three-petal-planter\/#primaryimage","url":"https:\/\/www.ronboplastic.com\/wp-content\/uploads\/2025\/09\/14.png","contentUrl":"https:\/\/www.ronboplastic.com\/wp-content\/uploads\/2025\/09\/14.png","width":730,"height":730,"caption":"Stackable Three-Petal Planter"},{"@type":"BreadcrumbList","@id":"https:\/\/www.ronboplastic.com\/product\/stackable-three-petal-planter\/#breadcrumb","itemListElement":[{"@type":"ListItem","position":1,"name":"\u9996\u9875","item":"https:\/\/www.ronboplastic.com\/"},{"@type":"ListItem","position":2,"name":"Products","item":"http:\/\/www.ronboplastic.com\/products\/"},{"@type":"ListItem","position":3,"name":"Stackable Three-Petal Planter"}]},{"@type":"WebSite","@id":"https:\/\/www.ronboplastic.com\/#website","url":"https:\/\/www.ronboplastic.com\/","name":"Ronbo Sunrise Pots &amp; Planters","description":"Pots de fleurs et jardini\u00e8res","potentialAction":[{"@type":"SearchAction","target":{"@type":"EntryPoint","urlTemplate":"https:\/\/www.ronboplastic.com\/?s={search_term_string}"},"query-input":{"@type":"PropertyValueSpecification","valueRequired":true,"valueName":"search_term_string"}}],"inLanguage":"fr-FR"}]}},"_links":{"self":[{"href":"https:\/\/www.ronboplastic.com\/fr\/wp-json\/wp\/v2\/product\/9231","targetHints":{"allow":["GET"]}}],"collection":[{"href":"https:\/\/www.ronboplastic.com\/fr\/wp-json\/wp\/v2\/product"}],"about":[{"href":"https:\/\/www.ronboplastic.com\/fr\/wp-json\/wp\/v2\/types\/product"}],"replies":[{"embeddable":true,"href":"https:\/\/www.ronboplastic.com\/fr\/wp-json\/wp\/v2\/comments?post=9231"}],"wp:featuredmedia":[{"embeddable":true,"href":"https:\/\/www.ronboplastic.com\/fr\/wp-json\/wp\/v2\/media\/9235"}],"wp:attachment":[{"href":"https:\/\/www.ronboplastic.com\/fr\/wp-json\/wp\/v2\/media?parent=9231"}],"wp:term":[{"taxonomy":"product_brand","embeddable":true,"href":"https:\/\/www.ronboplastic.com\/fr\/wp-json\/wp\/v2\/product_brand?post=9231"},{"taxonomy":"product_cat","embeddable":true,"href":"https:\/\/www.ronboplastic.com\/fr\/wp-json\/wp\/v2\/product_cat?post=9231"},{"taxonomy":"product_tag","embeddable":true,"href":"https:\/\/www.ronboplastic.com\/fr\/wp-json\/wp\/v2\/product_tag?post=9231"}],"curies":[{"name":"wp","href":"https:\/\/api.w.org\/{rel}","templated":true}]}}