{"id":9218,"date":"2024-10-11T07:34:58","date_gmt":"2024-10-10T23:34:58","guid":{"rendered":"https:\/\/www.ronboplastic.com\/index.php\/product\/breathable-window-plant-grow-bag\/"},"modified":"2026-05-09T01:55:07","modified_gmt":"2026-05-09T08:55:07","slug":"sac-de-culture-respirant-pour-plantes-de-fenetre","status":"publish","type":"product","link":"https:\/\/www.ronboplastic.com\/fr\/produit\/sac-de-culture-respirant-pour-plantes-de-fenetre\/","title":{"rendered":"Sac de culture respirant \u00e0 fen\u00eatre"},"content":{"rendered":"<p>Vous voulez faire pousser des plantes plus saines et plus vigoureuses ? Il vous faut alors un sac de culture respirant pour plantes de fen\u00eatre ! Ce sac de plantation est fabriqu\u00e9 \u00e0 partir d'un tissu non tiss\u00e9 plus \u00e9pais et est tr\u00e8s durable, avec une construction robuste et des poign\u00e9es solides. Il est \u00e9galement compact et l\u00e9ger, ce qui permet de le d\u00e9placer facilement. De plus, il est tr\u00e8s perm\u00e9able \u00e0 l'air et \u00e0 l'eau, ce qui permet \u00e0 vos plantes de prosp\u00e9rer. Parfait pour la culture de divers l\u00e9gumes comme la pomme de terre, le taro, le radis, la carotte, l'oignon ou toute autre plante \u00e0 racine.<\/p>\n<section class=\"table-wrap\">\n<table width=\"-158\" data-sort=\"sortDisabled\">\n<tbody>\n<tr class=\"firstRow\">\n<td valign=\"top\" width=\"105\">Type<\/td>\n<td colspan=\"1\" rowspan=\"1\" valign=\"top\" width=\"105\">Mod\u00e8le<\/td>\n<td valign=\"top\" width=\"105\">taille<\/td>\n<td valign=\"top\" width=\"105\">Diam\u00e8tre\/cm<\/td>\n<td valign=\"top\" width=\"105\">Hauteur\/cm<\/td>\n<\/tr>\n<tr>\n<td colspan=\"1\" rowspan=\"2\" valign=\"top\" width=\"105\">300G<\/td>\n<td colspan=\"1\" rowspan=\"1\" valign=\"top\" width=\"105\">RB-FG7S-1<\/td>\n<td valign=\"top\" width=\"105\">7 gallons<\/td>\n<td valign=\"top\" width=\"105\">35<\/td>\n<td valign=\"top\" width=\"105\">30<\/td>\n<\/tr>\n<tr>\n<td colspan=\"1\" rowspan=\"1\" valign=\"top\" width=\"105\">RB-FG10S-1<\/td>\n<td valign=\"top\" width=\"105\">10 gallons<\/td>\n<td valign=\"top\" width=\"105\">40<\/td>\n<td valign=\"top\" width=\"105\">30<\/td>\n<\/tr>\n<\/tbody>\n<\/table>\n<\/section>\n<p><img loading=\"lazy\" decoding=\"async\" title=\"Sac de culture respirant \u00e0 fen\u00eatre\" src=\"https:\/\/www.ronboplastic.com\/wp-content\/uploads\/2025\/09\/20220830150829c8d150f8ed6d4b80a8ee558efc96730e.jpg\" alt=\"Sac de culture respirant \u00e0 fen\u00eatre\" width=\"800\" height=\"1083\" \/><\/p>\n<p><img loading=\"lazy\" decoding=\"async\" title=\"Sac de culture respirant \u00e0 fen\u00eatre\" src=\"https:\/\/www.ronboplastic.com\/wp-content\/uploads\/2025\/09\/2022083015083378edd213d20e4aa286b0d691e524bcf1.jpg\" alt=\"RB-FG7S-1_02\" width=\"800\" height=\"2465\" border=\"0\" vspace=\"0\" \/><\/p>\n<p><img loading=\"lazy\" decoding=\"async\" title=\"Sac de culture respirant \u00e0 fen\u00eatre\" src=\"https:\/\/www.ronboplastic.com\/wp-content\/uploads\/2025\/09\/20220830150844dd2f7e19abd44d8fab6f6a1fba0f58e2.jpg\" alt=\"Sac de culture respirant \u00e0 fen\u00eatre\" width=\"800\" height=\"1240\" \/><\/p>\n<p><strong>Facile \u00e0 utiliser :<\/strong>\u00a0Ce sac est dot\u00e9 d'une poign\u00e9e solide qui le rend facile \u00e0 transporter, et son tissu respirant permet \u00e0 vos plantes de rester en bonne sant\u00e9. De plus, sa fen\u00eatre transparente vous permet de voir quand vos plantes sont pr\u00eates \u00e0 \u00eatre r\u00e9colt\u00e9es.<\/p>\n<p>&nbsp;<\/p>\n<p><strong>Cultiver la sant\u00e9 :\u00a0<\/strong>Le sac de culture respirant \u00e0 fen\u00eatre est parfait pour vous ! Gr\u00e2ce \u00e0 ses ouvertures, ce sac de culture facilite la ventilation des plantes, stimule la croissance et le rendement des l\u00e9gumes, emp\u00eache les racines de tourner en rond et diminue le risque de choc de transplantation. De plus, il peut \u00e9galement \u00e9liminer l'exc\u00e8s d'eau. Si vous voulez donner \u00e0 vos plantes les meilleures chances de prosp\u00e9rer, procurez-vous d\u00e8s aujourd'hui le sac de culture Breathable Window Plant Grow Bag !<\/p>\n<p>&nbsp;<\/p>\n<p><strong>Une conception intelligente :\u00a0<\/strong>Ce sac de culture innovant est dot\u00e9 d'une fen\u00eatre de visualisation qui vous permet de contr\u00f4ler la progression de vos plantes sans avoir \u00e0 creuser dans le sol. De plus, au moment de la r\u00e9colte, il vous suffit de passer la main par la fen\u00eatre pour cueillir vos plantes m\u00fbres - plus besoin de se pencher ou de se courber pour se fatiguer le dos !<\/p>\n<p>&nbsp;<\/p>\n<p><strong>Tr\u00e8s robuste :\u00a0<\/strong>Fabriqu\u00e9 en toile et en feutre, ce sac de culture double couche est plus durable et plus respectueux de l'environnement que les autres sacs en plastique. De plus, sa conception respirante permet aux plantes d'obtenir plus facilement l'oxyg\u00e8ne dont elles ont besoin pour se d\u00e9velopper. Pr\u00e9parez-vous \u00e0 une r\u00e9colte abondante cette ann\u00e9e et \u00e0 l'avenir gr\u00e2ce \u00e0 notre sac de culture respirant pour plantes de fen\u00eatre !<\/p>\n<p>&nbsp;<\/p>\n<p><strong>LA PROTECTION DE L'ENVIRONNEMENT :<\/strong>\u00a0Les sacs de plantation sont fabriqu\u00e9s \u00e0 partir de mat\u00e9riaux respectueux de l'environnement. Ils ne polluent pas l'environnement et n'affectent pas la qualit\u00e9 des l\u00e9gumes.<\/p>\n<p>&nbsp;<\/p>\n<p><strong>Mat\u00e9riau :<\/strong>\u00a0Tissu non tiss\u00e9<\/p>\n<p><strong>FAQ\uff1a<\/strong><\/p>\n<p><strong>1. pour quoi travaillez-vous ? Quel est votre fournisseur ?<\/strong><\/p>\n<p>Nous fournissons deux entreprises list\u00e9es et de nombreuses p\u00e9pini\u00e8res dans votre r\u00e9gion, ainsi que Costco en gros par l'interm\u00e9diaire d'une soci\u00e9t\u00e9 de commerce international. Mais j'ai peur de ne pas pouvoir vous en parler maintenant. Je vous prie de bien vouloir m'excuser de ne pas vous avoir donn\u00e9 l'autorisation d'utiliser ce service.<\/p>\n<p><strong>2) Quelle est l'inqui\u00e9tude au sujet d'un conteneur ?\u00a0<\/strong><\/p>\n<p>10 000 dollars \u00e0 LA cette semaine<\/p>\n<p><strong>3. pouvez-vous fournir des \u00e9chantillons gratuits ?<\/strong><\/p>\n<p>Oui, bien s\u00fbr, l'\u00e9chantillon est d\u00e9j\u00e0 pr\u00eat, veuillez me donner votre adresse. Je vais r\u00e9diger la commande d'\u00e9chantillons sur Alibaba et envoyer le lien bient\u00f4t, veuillez effectuer le paiement. L'\u00e9chantillon sera envoy\u00e9 par DHL\/UPS\/Fedex dans les 3 jours, avec un d\u00e9lai de 7 \u00e0 10 jours.<\/p>\n<p><strong>4) Quelle est l'utilisation de votre emballage ?<\/strong><\/p>\n<p>Nous disposons de 3 m\u00e9thodes d'emballage, carton\/palette\/sac en plastique pour les conteneurs.<\/p>\n<p><strong>5. quel est votre certificat ?<\/strong><\/p>\n<p>CERTIFICAT SGS ET BSCI<\/p>\n<p>OEM ?<\/p>\n<p>OUI, veuillez nous envoyer vos informations d\u00e9taill\u00e9es, y compris la taille, le poids, la couleur et la photo.<\/p>\n<p class=\"productsTags\">Hot Tags : sac de culture respirant pour plantes de fen\u00eatre, fournisseurs, fabricants, usine, grossiste, pour la vente<\/p>","protected":false},"excerpt":{"rendered":"<p>Ce sac de plantation est fabriqu\u00e9 \u00e0 partir d'un tissu non tiss\u00e9 plus \u00e9pais et est tr\u00e8s durable, avec une construction robuste et des poign\u00e9es solides. Il est \u00e9galement compact et l\u00e9ger<\/p>","protected":false},"featured_media":9223,"comment_status":"open","ping_status":"open","template":"","meta":[],"product_brand":[],"product_cat":[145],"product_tag":[],"class_list":{"0":"post-9218","1":"product","2":"type-product","3":"status-publish","4":"has-post-thumbnail","6":"product_cat-growing-bags-fabric-pots","8":"first","9":"instock","10":"shipping-taxable","11":"product-type-simple"},"yoast_head":"<!-- This site is optimized with the Yoast SEO plugin v26.1.1 - https:\/\/yoast.com\/wordpress\/plugins\/seo\/ -->\n<title>Breathable Window Plant Grow Bag - Ronbo Sunrise Pots &amp; Planters<\/title>\n<meta name=\"robots\" content=\"index, follow, max-snippet:-1, max-image-preview:large, max-video-preview:-1\" \/>\n<link rel=\"canonical\" href=\"https:\/\/www.ronboplastic.com\/fr\/produit\/sac-de-culture-respirant-pour-plantes-de-fenetre\/\" \/>\n<meta property=\"og:locale\" content=\"fr_FR\" \/>\n<meta property=\"og:type\" content=\"article\" \/>\n<meta property=\"og:title\" content=\"Breathable Window Plant Grow Bag - Ronbo Sunrise Pots &amp; Planters\" \/>\n<meta property=\"og:description\" content=\"This planting bag is made from thicker non-woven fabric and is super durable, with sturdy construction and strong handles. It&#039;s also compact and lightweight\" \/>\n<meta property=\"og:url\" content=\"https:\/\/www.ronboplastic.com\/fr\/produit\/sac-de-culture-respirant-pour-plantes-de-fenetre\/\" \/>\n<meta property=\"og:site_name\" content=\"Ronbo Sunrise Pots &amp; Planters\" \/>\n<meta property=\"article:modified_time\" content=\"2026-05-09T08:55:07+00:00\" \/>\n<meta property=\"og:image\" content=\"https:\/\/www.ronboplastic.com\/wp-content\/uploads\/2025\/09\/10.png\" \/>\n\t<meta property=\"og:image:width\" content=\"730\" \/>\n\t<meta property=\"og:image:height\" content=\"730\" \/>\n\t<meta property=\"og:image:type\" content=\"image\/png\" \/>\n<meta name=\"twitter:card\" content=\"summary_large_image\" \/>\n<meta name=\"twitter:label1\" content=\"Dur\u00e9e de lecture estim\u00e9e\" \/>\n\t<meta name=\"twitter:data1\" content=\"3 minutes\" \/>\n<script type=\"application\/ld+json\" class=\"yoast-schema-graph\">{\"@context\":\"https:\/\/schema.org\",\"@graph\":[{\"@type\":\"WebPage\",\"@id\":\"https:\/\/www.ronboplastic.com\/product\/breathable-window-plant-grow-bag\/\",\"url\":\"https:\/\/www.ronboplastic.com\/product\/breathable-window-plant-grow-bag\/\",\"name\":\"Breathable Window Plant Grow Bag - Ronbo Sunrise Pots &amp; Planters\",\"isPartOf\":{\"@id\":\"https:\/\/www.ronboplastic.com\/#website\"},\"primaryImageOfPage\":{\"@id\":\"https:\/\/www.ronboplastic.com\/product\/breathable-window-plant-grow-bag\/#primaryimage\"},\"image\":{\"@id\":\"https:\/\/www.ronboplastic.com\/product\/breathable-window-plant-grow-bag\/#primaryimage\"},\"thumbnailUrl\":\"https:\/\/www.ronboplastic.com\/wp-content\/uploads\/2025\/09\/10.png\",\"datePublished\":\"2024-10-10T23:34:58+00:00\",\"dateModified\":\"2026-05-09T08:55:07+00:00\",\"breadcrumb\":{\"@id\":\"https:\/\/www.ronboplastic.com\/product\/breathable-window-plant-grow-bag\/#breadcrumb\"},\"inLanguage\":\"fr-FR\",\"potentialAction\":[{\"@type\":\"ReadAction\",\"target\":[\"https:\/\/www.ronboplastic.com\/product\/breathable-window-plant-grow-bag\/\"]}]},{\"@type\":\"ImageObject\",\"inLanguage\":\"fr-FR\",\"@id\":\"https:\/\/www.ronboplastic.com\/product\/breathable-window-plant-grow-bag\/#primaryimage\",\"url\":\"https:\/\/www.ronboplastic.com\/wp-content\/uploads\/2025\/09\/10.png\",\"contentUrl\":\"https:\/\/www.ronboplastic.com\/wp-content\/uploads\/2025\/09\/10.png\",\"width\":730,\"height\":730,\"caption\":\"plant grow bag\"},{\"@type\":\"BreadcrumbList\",\"@id\":\"https:\/\/www.ronboplastic.com\/product\/breathable-window-plant-grow-bag\/#breadcrumb\",\"itemListElement\":[{\"@type\":\"ListItem\",\"position\":1,\"name\":\"\u9996\u9875\",\"item\":\"https:\/\/www.ronboplastic.com\/\"},{\"@type\":\"ListItem\",\"position\":2,\"name\":\"Products\",\"item\":\"http:\/\/www.ronboplastic.com\/products\/\"},{\"@type\":\"ListItem\",\"position\":3,\"name\":\"Breathable Window Plant Grow Bag\"}]},{\"@type\":\"WebSite\",\"@id\":\"https:\/\/www.ronboplastic.com\/#website\",\"url\":\"https:\/\/www.ronboplastic.com\/\",\"name\":\"Ronbo Sunrise Pots &amp; Planters\",\"description\":\"Flower Pots &amp; Planters\",\"potentialAction\":[{\"@type\":\"SearchAction\",\"target\":{\"@type\":\"EntryPoint\",\"urlTemplate\":\"https:\/\/www.ronboplastic.com\/?s={search_term_string}\"},\"query-input\":{\"@type\":\"PropertyValueSpecification\",\"valueRequired\":true,\"valueName\":\"search_term_string\"}}],\"inLanguage\":\"fr-FR\"}]}<\/script>\n<!-- \/ Yoast SEO plugin. -->","yoast_head_json":{"title":"Breathable Window Plant Grow Bag - Ronbo Sunrise Pots &amp; Planters","robots":{"index":"index","follow":"follow","max-snippet":"max-snippet:-1","max-image-preview":"max-image-preview:large","max-video-preview":"max-video-preview:-1"},"canonical":"https:\/\/www.ronboplastic.com\/fr\/produit\/sac-de-culture-respirant-pour-plantes-de-fenetre\/","og_locale":"fr_FR","og_type":"article","og_title":"Breathable Window Plant Grow Bag - Ronbo Sunrise Pots &amp; Planters","og_description":"This planting bag is made from thicker non-woven fabric and is super durable, with sturdy construction and strong handles. It's also compact and lightweight","og_url":"https:\/\/www.ronboplastic.com\/fr\/produit\/sac-de-culture-respirant-pour-plantes-de-fenetre\/","og_site_name":"Ronbo Sunrise Pots &amp; Planters","article_modified_time":"2026-05-09T08:55:07+00:00","og_image":[{"width":730,"height":730,"url":"https:\/\/www.ronboplastic.com\/wp-content\/uploads\/2025\/09\/10.png","type":"image\/png"}],"twitter_card":"summary_large_image","twitter_misc":{"Dur\u00e9e de lecture estim\u00e9e":"3 minutes"},"schema":{"@context":"https:\/\/schema.org","@graph":[{"@type":"WebPage","@id":"https:\/\/www.ronboplastic.com\/product\/breathable-window-plant-grow-bag\/","url":"https:\/\/www.ronboplastic.com\/product\/breathable-window-plant-grow-bag\/","name":"Breathable Window Plant Grow Bag - Ronbo Sunrise Pots &amp; Planters","isPartOf":{"@id":"https:\/\/www.ronboplastic.com\/#website"},"primaryImageOfPage":{"@id":"https:\/\/www.ronboplastic.com\/product\/breathable-window-plant-grow-bag\/#primaryimage"},"image":{"@id":"https:\/\/www.ronboplastic.com\/product\/breathable-window-plant-grow-bag\/#primaryimage"},"thumbnailUrl":"https:\/\/www.ronboplastic.com\/wp-content\/uploads\/2025\/09\/10.png","datePublished":"2024-10-10T23:34:58+00:00","dateModified":"2026-05-09T08:55:07+00:00","breadcrumb":{"@id":"https:\/\/www.ronboplastic.com\/product\/breathable-window-plant-grow-bag\/#breadcrumb"},"inLanguage":"fr-FR","potentialAction":[{"@type":"ReadAction","target":["https:\/\/www.ronboplastic.com\/product\/breathable-window-plant-grow-bag\/"]}]},{"@type":"ImageObject","inLanguage":"fr-FR","@id":"https:\/\/www.ronboplastic.com\/product\/breathable-window-plant-grow-bag\/#primaryimage","url":"https:\/\/www.ronboplastic.com\/wp-content\/uploads\/2025\/09\/10.png","contentUrl":"https:\/\/www.ronboplastic.com\/wp-content\/uploads\/2025\/09\/10.png","width":730,"height":730,"caption":"plant grow bag"},{"@type":"BreadcrumbList","@id":"https:\/\/www.ronboplastic.com\/product\/breathable-window-plant-grow-bag\/#breadcrumb","itemListElement":[{"@type":"ListItem","position":1,"name":"\u9996\u9875","item":"https:\/\/www.ronboplastic.com\/"},{"@type":"ListItem","position":2,"name":"Products","item":"http:\/\/www.ronboplastic.com\/products\/"},{"@type":"ListItem","position":3,"name":"Breathable Window Plant Grow Bag"}]},{"@type":"WebSite","@id":"https:\/\/www.ronboplastic.com\/#website","url":"https:\/\/www.ronboplastic.com\/","name":"Ronbo Sunrise Pots &amp; Planters","description":"Pots de fleurs et jardini\u00e8res","potentialAction":[{"@type":"SearchAction","target":{"@type":"EntryPoint","urlTemplate":"https:\/\/www.ronboplastic.com\/?s={search_term_string}"},"query-input":{"@type":"PropertyValueSpecification","valueRequired":true,"valueName":"search_term_string"}}],"inLanguage":"fr-FR"}]}},"_links":{"self":[{"href":"https:\/\/www.ronboplastic.com\/fr\/wp-json\/wp\/v2\/product\/9218","targetHints":{"allow":["GET"]}}],"collection":[{"href":"https:\/\/www.ronboplastic.com\/fr\/wp-json\/wp\/v2\/product"}],"about":[{"href":"https:\/\/www.ronboplastic.com\/fr\/wp-json\/wp\/v2\/types\/product"}],"replies":[{"embeddable":true,"href":"https:\/\/www.ronboplastic.com\/fr\/wp-json\/wp\/v2\/comments?post=9218"}],"wp:featuredmedia":[{"embeddable":true,"href":"https:\/\/www.ronboplastic.com\/fr\/wp-json\/wp\/v2\/media\/9223"}],"wp:attachment":[{"href":"https:\/\/www.ronboplastic.com\/fr\/wp-json\/wp\/v2\/media?parent=9218"}],"wp:term":[{"taxonomy":"product_brand","embeddable":true,"href":"https:\/\/www.ronboplastic.com\/fr\/wp-json\/wp\/v2\/product_brand?post=9218"},{"taxonomy":"product_cat","embeddable":true,"href":"https:\/\/www.ronboplastic.com\/fr\/wp-json\/wp\/v2\/product_cat?post=9218"},{"taxonomy":"product_tag","embeddable":true,"href":"https:\/\/www.ronboplastic.com\/fr\/wp-json\/wp\/v2\/product_tag?post=9218"}],"curies":[{"name":"wp","href":"https:\/\/api.w.org\/{rel}","templated":true}]}}