{"id":9195,"date":"2024-10-11T07:06:45","date_gmt":"2024-10-10T23:06:45","guid":{"rendered":"https:\/\/www.ronboplastic.com\/index.php\/product\/plant-fabric-bags-with-reinforced-handles\/"},"modified":"2025-09-08T14:19:03","modified_gmt":"2025-09-08T06:19:03","slug":"sacs-en-tissu-vegetal-avec-poignees-renforcees","status":"publish","type":"product","link":"https:\/\/www.ronboplastic.com\/fr\/produits\/sacs-en-tissu-vegetal-avec-poignees-renforcees\/","title":{"rendered":"Sacs en tissu v\u00e9g\u00e9tal avec poign\u00e9es renforc\u00e9es"},"content":{"rendered":"<p>Vous \u00eates \u00e0 la recherche d'un sac en tissu durable et robuste pour vous aider \u00e0 transporter vos plantes ? Ne cherchez pas plus loin que nos sacs en tissu pour plantes avec poign\u00e9es renforc\u00e9es ! Fabriqu\u00e9s \u00e0 partir d'un tissu non tiss\u00e9 \u00e9pais de 300 g de haute qualit\u00e9, nos sacs de culture sont con\u00e7us pour durer. Le mat\u00e9riau respirant de qualit\u00e9 sup\u00e9rieure emp\u00eache les racines de tourner en rond de mani\u00e8re d\u00e9sordonn\u00e9e et permet d'absorber plus efficacement les nutriments. L'excellente fonction de drainage emp\u00eache les fonds de pourrir et permet \u00e0 tout exc\u00e8s d'eau de s'\u00e9couler naturellement. Cela permet aux racines de cro\u00eetre rapidement et solidement. Parfait pour les agriculteurs, les p\u00e9pini\u00e8res et les supermarch\u00e9s.<\/p>\n<p>Fabriqu\u00e9s avec un tissu doublement \u00e9pais et des coutures en X, nos sacs de culture peuvent facilement supporter de lourdes charges sans perdre leur forme. Avec des poign\u00e9es solides et confortables, vous pouvez facilement les transporter sans craindre qu'ils ne se cassent ou ne se d\u00e9chirent. Parfait pour les agriculteurs, les p\u00e9pini\u00e8res et les supermarch\u00e9s !<\/p>\n<p>Le jardinage dans des sacs de culture est une excellente solution pour les pouces verts en herbe qui n'ont pas assez d'espace pour jardiner ou qui louent leur maison.<\/p>\n<section class=\"table-wrap\">\n<table style=\"height: 438px;\" width=\"763\" data-sort=\"sortDisabled\">\n<tbody>\n<tr class=\"firstRow\">\n<td valign=\"top\" width=\"105\">Type<\/td>\n<td colspan=\"1\" rowspan=\"1\" valign=\"top\" width=\"105\">Mod\u00e8le<\/td>\n<td valign=\"top\" width=\"105\">taille<\/td>\n<td valign=\"top\" width=\"105\">Diam\u00e8tre\/cm<\/td>\n<td valign=\"top\" width=\"105\">Hauteur\/cm<\/td>\n<\/tr>\n<tr>\n<td colspan=\"1\" rowspan=\"14\" valign=\"top\" width=\"105\">300G<\/td>\n<td colspan=\"1\" rowspan=\"1\" valign=\"top\" width=\"105\">RB-FG1<\/td>\n<td valign=\"top\" width=\"105\">1 gallon<\/td>\n<td valign=\"top\" width=\"105\">18<\/td>\n<td valign=\"top\" width=\"105\">15<\/td>\n<\/tr>\n<tr>\n<td colspan=\"1\" rowspan=\"1\" valign=\"top\" width=\"105\">RB-FG2<\/td>\n<td valign=\"top\" width=\"105\">2 gallons<\/td>\n<td valign=\"top\" width=\"105\">20<\/td>\n<td valign=\"top\" width=\"105\">20<\/td>\n<\/tr>\n<tr>\n<td colspan=\"1\" rowspan=\"1\" valign=\"top\" width=\"105\">RB-FG3<\/td>\n<td colspan=\"1\" rowspan=\"1\" valign=\"top\" width=\"105\">3 gallons<\/td>\n<td colspan=\"1\" rowspan=\"1\" valign=\"top\" width=\"105\">25<\/td>\n<td colspan=\"1\" rowspan=\"1\" valign=\"top\" width=\"105\">22<\/td>\n<\/tr>\n<tr>\n<td colspan=\"1\" rowspan=\"1\" valign=\"top\" width=\"105\">RB-FG5<\/td>\n<td colspan=\"1\" rowspan=\"1\" valign=\"top\" width=\"105\">5 gallons<\/td>\n<td colspan=\"1\" rowspan=\"1\" valign=\"top\" width=\"105\">30<\/td>\n<td colspan=\"1\" rowspan=\"1\" valign=\"top\" width=\"105\">25<\/td>\n<\/tr>\n<tr>\n<td colspan=\"1\" rowspan=\"1\" valign=\"top\" width=\"105\">RB-FG7<\/td>\n<td colspan=\"1\" rowspan=\"1\" valign=\"top\" width=\"105\">7 gallons<\/td>\n<td colspan=\"1\" rowspan=\"1\" valign=\"top\" width=\"105\">35<\/td>\n<td colspan=\"1\" rowspan=\"1\" valign=\"top\" width=\"105\">30<\/td>\n<\/tr>\n<tr>\n<td colspan=\"1\" rowspan=\"1\" valign=\"top\" width=\"105\">RB-FG10<\/td>\n<td colspan=\"1\" rowspan=\"1\" valign=\"top\" width=\"105\">10 gallons<\/td>\n<td colspan=\"1\" rowspan=\"1\" valign=\"top\" width=\"105\">40<\/td>\n<td colspan=\"1\" rowspan=\"1\" valign=\"top\" width=\"105\">30<\/td>\n<\/tr>\n<tr>\n<td colspan=\"1\" rowspan=\"1\" valign=\"top\" width=\"105\">RB-FG15<\/td>\n<td colspan=\"1\" rowspan=\"1\" valign=\"top\" width=\"105\">15 gallons<\/td>\n<td colspan=\"1\" rowspan=\"1\" valign=\"top\" width=\"105\">50<\/td>\n<td colspan=\"1\" rowspan=\"1\" valign=\"top\" width=\"105\">30<\/td>\n<\/tr>\n<tr>\n<td colspan=\"1\" rowspan=\"2\" align=\"left\" valign=\"middle\" width=\"105\">RB-FG20<\/td>\n<td colspan=\"1\" rowspan=\"2\" align=\"left\" valign=\"middle\" width=\"105\">20 gallons<\/td>\n<td colspan=\"1\" rowspan=\"1\" valign=\"top\" width=\"105\">50<\/td>\n<td colspan=\"1\" rowspan=\"1\" valign=\"top\" width=\"105\">40<\/td>\n<\/tr>\n<tr>\n<td colspan=\"1\" rowspan=\"1\" valign=\"top\" width=\"105\">55<\/td>\n<td colspan=\"1\" rowspan=\"1\" valign=\"top\" width=\"105\">30<\/td>\n<\/tr>\n<tr>\n<td colspan=\"1\" rowspan=\"1\" valign=\"top\" width=\"105\">RB-FG25<\/td>\n<td colspan=\"1\" rowspan=\"1\" valign=\"top\" width=\"105\">25 gallons<\/td>\n<td colspan=\"1\" rowspan=\"1\" valign=\"top\" width=\"105\">60<\/td>\n<td colspan=\"1\" rowspan=\"1\" valign=\"top\" width=\"105\">35<\/td>\n<\/tr>\n<tr>\n<td colspan=\"1\" rowspan=\"1\" valign=\"top\" width=\"105\">RB-FG30<\/td>\n<td colspan=\"1\" rowspan=\"1\" valign=\"top\" width=\"105\">30 gallons<\/td>\n<td colspan=\"1\" rowspan=\"1\" valign=\"top\" width=\"105\">60<\/td>\n<td colspan=\"1\" rowspan=\"1\" valign=\"top\" width=\"105\">40<\/td>\n<\/tr>\n<tr>\n<td colspan=\"1\" rowspan=\"1\" valign=\"top\" width=\"105\">RB-FG40<\/td>\n<td colspan=\"1\" rowspan=\"1\" valign=\"top\" width=\"105\">40 gallons<\/td>\n<td colspan=\"1\" rowspan=\"1\" valign=\"top\" width=\"105\">70<\/td>\n<td colspan=\"1\" rowspan=\"1\" valign=\"top\" width=\"105\">40<\/td>\n<\/tr>\n<tr>\n<td colspan=\"1\" rowspan=\"1\" valign=\"top\" width=\"105\">RB-FG50<\/td>\n<td colspan=\"1\" rowspan=\"1\" valign=\"top\" width=\"105\">50 gallons<\/td>\n<td colspan=\"1\" rowspan=\"1\" valign=\"top\" width=\"105\">90<\/td>\n<td colspan=\"1\" rowspan=\"1\" valign=\"top\" width=\"105\">30<\/td>\n<\/tr>\n<tr>\n<td colspan=\"1\" rowspan=\"1\" valign=\"top\" width=\"105\">RB-FG100<\/td>\n<td colspan=\"1\" rowspan=\"1\" valign=\"top\" width=\"105\">100 gallons<\/td>\n<td colspan=\"1\" rowspan=\"1\" valign=\"top\" width=\"105\">127<\/td>\n<td colspan=\"1\" rowspan=\"1\" valign=\"top\" width=\"105\">30<\/td>\n<\/tr>\n<\/tbody>\n<\/table>\n<\/section>\n<p><img loading=\"lazy\" decoding=\"async\" title=\"Sacs en tissu v\u00e9g\u00e9tal avec poign\u00e9es renforc\u00e9es\" src=\"https:\/\/www.ronboplastic.com\/wp-content\/uploads\/2025\/09\/202208301631489f17aabdf78a40afb958b22f3d73617d.jpg\" alt=\"Sacs en tissu v\u00e9g\u00e9tal avec poign\u00e9es renforc\u00e9es\" width=\"800\" height=\"1152\" \/><\/p>\n<p><img loading=\"lazy\" decoding=\"async\" title=\"Sacs en tissu v\u00e9g\u00e9tal avec poign\u00e9es renforc\u00e9es\" src=\"https:\/\/www.ronboplastic.com\/wp-content\/uploads\/2025\/09\/2022083016315035a748d652da4195ba6238ab8b62ef2c.jpg\" alt=\"Sacs en tissu v\u00e9g\u00e9tal avec poign\u00e9es renforc\u00e9es\" width=\"800\" height=\"1527\" \/><\/p>\n<p><img loading=\"lazy\" decoding=\"async\" title=\"Sacs en tissu v\u00e9g\u00e9tal avec poign\u00e9es renforc\u00e9es\" src=\"https:\/\/www.ronboplastic.com\/wp-content\/uploads\/2025\/09\/20220830163202e0fb5cdc7fde4506a468146bdc9aee03.jpg\" alt=\"RB-FG1~100_03\" width=\"800\" height=\"1798\" border=\"0\" vspace=\"0\" \/><\/p>\n<p><strong>Caract\u00e9ristiques :<\/strong><\/p>\n<p>- Il adopte un tissu non tiss\u00e9 de haute qualit\u00e9 et est perm\u00e9able \u00e0 l'air. Il peut apporter des nutriments \u00e0 l'ensemble de la motte de terre. C'est une plante qui absorbe plus uniform\u00e9ment et qui pousse rapidement apr\u00e8s avoir \u00e9t\u00e9 transplant\u00e9e dans un sac.<\/p>\n<p>- Adapt\u00e9 \u00e0 toutes sortes de sols, il peut \u00eatre transplant\u00e9 \u00e0 tout moment, il n'est pas affect\u00e9 par le temps, il peut \u00eatre r\u00e9utilis\u00e9, c'est un tr\u00e8s bon outil de jardinage.<\/p>\n<p><strong>Sp\u00e9cifications :<\/strong><\/p>\n<p><strong>- Couleur :\u00a0<\/strong>Noir\uff08Customisable\uff09<\/p>\n<p><strong>- Mat\u00e9riau :<\/strong>\u00a0Tissus non tiss\u00e9s<\/p>\n<p><strong>- Taille :<\/strong>\u00a0#1 (1 gallon) - 18x15cm (Diam\u00e8tre x Hauteur) ; #2 (2 gallons) - 20x20cm (Diam\u00e8tre x Hauteur) ; #3 (3 gallons) - 25x22cm (Diam\u00e8tre x Hauteur) ; #5 (5 gallons) - 30x25cm (Diam\u00e8tre x Hauteur) ; #7 (7 gallons) - 35x30cm (Diam\u00e8tre x Hauteur) ; #10 (10 gallons) - 40x30cm (Diam\u00e8tre x Hauteur) ; #15 (15 gallons) - 50x30cm (Diam\u00e8tre x Hauteur) ; #20 (20 gallons) - 50x40cm (Diam\u00e8tre x Hauteur) ; #25 (25 gallons) - 60x35cm (Diam\u00e8tre x Hauteur) ; #30 (30 gallons) - 60x40cm (Diam\u00e8tre x Hauteur) ; #40 (40 gallons) - 70x40cm (Diam\u00e8tre x Hauteur) ; #50 (50 gallons) - 90x30cm (Diam\u00e8tre x Hauteur) ; #100 (100 gallons) - 127x30cm (Diam\u00e8tre x Hauteur) ;<\/p>\n<p>- 100% nouveau et de bonne qualit\u00e9<\/p>\n<p>- Tous ces sacs sont munis de poign\u00e9es.<\/p>\n<p>- VERT LONGUE DUR\u00c9E.<\/p>\n<p><strong>FAQ\uff1a<\/strong><\/p>\n<p><strong>1. pour quoi travaillez-vous ? Quel est votre fournisseur ?<\/strong><\/p>\n<p>Nous fournissons deux entreprises list\u00e9es et de nombreuses p\u00e9pini\u00e8res dans votre r\u00e9gion, ainsi que Costco en gros par l'interm\u00e9diaire d'une soci\u00e9t\u00e9 de commerce international. Mais j'ai peur de ne pas pouvoir vous en parler maintenant. Je vous prie de bien vouloir m'excuser de ne pas vous avoir donn\u00e9 l'autorisation d'utiliser ce service.<\/p>\n<p><strong>2) Quelle est l'inqui\u00e9tude au sujet d'un conteneur ?\u00a0<\/strong><\/p>\n<p>10 000 dollars \u00e0 LA cette semaine<\/p>\n<p><strong>3. pouvez-vous fournir des \u00e9chantillons gratuits ?<\/strong><\/p>\n<p>Oui, bien s\u00fbr, l'\u00e9chantillon est d\u00e9j\u00e0 pr\u00eat, veuillez me donner votre adresse. Je vais r\u00e9diger la commande d'\u00e9chantillons sur Alibaba et envoyer le lien bient\u00f4t, veuillez effectuer le paiement. L'\u00e9chantillon sera envoy\u00e9 par DHL\/UPS\/Fedex dans les 3 jours, avec un d\u00e9lai de 7 \u00e0 10 jours.<\/p>\n<p><strong>4) Quelle est l'utilisation de votre emballage ?<\/strong><\/p>\n<p>Nous disposons de 3 m\u00e9thodes d'emballage, carton\/palette\/sac en plastique pour les conteneurs.<\/p>\n<p><strong>5. quel est votre certificat ?<\/strong><\/p>\n<p>CERTIFICAT SGS ET BSCI<\/p>\n<p>OEM ?<\/p>\n<p>OUI, veuillez nous envoyer vos informations d\u00e9taill\u00e9es, y compris la taille, le poids, la couleur et la photo.<\/p>\n<p class=\"productsTags\">Hot Tags : sacs en tissu v\u00e9g\u00e9tal avec poign\u00e9es renforc\u00e9es, fournisseurs, fabricants, usine, grossiste, pour la vente<\/p>","protected":false},"excerpt":{"rendered":"<p>Fabriqu\u00e9s en tissu non tiss\u00e9 plus \u00e9pais, ces sacs sont con\u00e7us pour durer, avec une construction robuste et des poign\u00e9es solides. Ils sont \u00e9galement compacts et l\u00e9gers, ce qui permet de les d\u00e9placer facilement. Ils sont parfaits pour les agriculteurs, les p\u00e9pini\u00e9ristes et les employ\u00e9s de supermarch\u00e9s qui ont besoin d'un sac solide pouvant supporter un poids important.<\/p>","protected":false},"featured_media":9200,"comment_status":"open","ping_status":"open","template":"","meta":[],"product_brand":[],"product_cat":[92],"product_tag":[],"class_list":{"0":"post-9195","1":"product","2":"type-product","3":"status-publish","4":"has-post-thumbnail","6":"product_cat-grow-bag","8":"first","9":"instock","10":"shipping-taxable","11":"product-type-simple"},"yoast_head":"<!-- This site is optimized with the Yoast SEO plugin v26.1.1 - https:\/\/yoast.com\/wordpress\/plugins\/seo\/ -->\n<title>Plant Fabric Bags With Reinforced Handles - Ronbo Sunrise Pots &amp; Planters<\/title>\n<meta name=\"robots\" content=\"index, follow, max-snippet:-1, max-image-preview:large, max-video-preview:-1\" \/>\n<link rel=\"canonical\" href=\"https:\/\/www.ronboplastic.com\/fr\/produits\/sacs-en-tissu-vegetal-avec-poignees-renforcees\/\" \/>\n<meta property=\"og:locale\" content=\"fr_FR\" \/>\n<meta property=\"og:type\" content=\"article\" \/>\n<meta property=\"og:title\" content=\"Plant Fabric Bags With Reinforced Handles - Ronbo Sunrise Pots &amp; Planters\" \/>\n<meta property=\"og:description\" content=\"Made from thicker non-woven fabric, these bags are built to last, with sturdy construction and strong handles. They&#039;re also compact and lightweight, making them easy to move around. Perfect for farmers, nursery workers, and supermarket employees who need a tough bag that can handle a lot of weight.\" \/>\n<meta property=\"og:url\" content=\"https:\/\/www.ronboplastic.com\/fr\/produits\/sacs-en-tissu-vegetal-avec-poignees-renforcees\/\" \/>\n<meta property=\"og:site_name\" content=\"Ronbo Sunrise Pots &amp; Planters\" \/>\n<meta property=\"article:modified_time\" content=\"2025-09-08T06:19:03+00:00\" \/>\n<meta property=\"og:image\" content=\"https:\/\/www.ronboplastic.com\/wp-content\/uploads\/2025\/09\/1-6.png\" \/>\n\t<meta property=\"og:image:width\" content=\"730\" \/>\n\t<meta property=\"og:image:height\" content=\"730\" \/>\n\t<meta property=\"og:image:type\" content=\"image\/png\" \/>\n<meta name=\"twitter:card\" content=\"summary_large_image\" \/>\n<meta name=\"twitter:label1\" content=\"Dur\u00e9e de lecture estim\u00e9e\" \/>\n\t<meta name=\"twitter:data1\" content=\"3 minutes\" \/>\n<script type=\"application\/ld+json\" class=\"yoast-schema-graph\">{\"@context\":\"https:\/\/schema.org\",\"@graph\":[{\"@type\":\"WebPage\",\"@id\":\"https:\/\/www.ronboplastic.com\/fr\/produits\/sacs-en-tissu-vegetal-avec-poignees-renforcees\/\",\"url\":\"https:\/\/www.ronboplastic.com\/fr\/produits\/sacs-en-tissu-vegetal-avec-poignees-renforcees\/\",\"name\":\"Plant Fabric Bags With Reinforced Handles - Ronbo Sunrise Pots &amp; Planters\",\"isPartOf\":{\"@id\":\"https:\/\/www.ronboplastic.com\/#website\"},\"primaryImageOfPage\":{\"@id\":\"https:\/\/www.ronboplastic.com\/fr\/produits\/sacs-en-tissu-vegetal-avec-poignees-renforcees\/#primaryimage\"},\"image\":{\"@id\":\"https:\/\/www.ronboplastic.com\/fr\/produits\/sacs-en-tissu-vegetal-avec-poignees-renforcees\/#primaryimage\"},\"thumbnailUrl\":\"https:\/\/www.ronboplastic.com\/wp-content\/uploads\/2025\/09\/1-6.png\",\"datePublished\":\"2024-10-10T23:06:45+00:00\",\"dateModified\":\"2025-09-08T06:19:03+00:00\",\"breadcrumb\":{\"@id\":\"https:\/\/www.ronboplastic.com\/fr\/produits\/sacs-en-tissu-vegetal-avec-poignees-renforcees\/#breadcrumb\"},\"inLanguage\":\"fr-FR\",\"potentialAction\":[{\"@type\":\"ReadAction\",\"target\":[\"https:\/\/www.ronboplastic.com\/fr\/produits\/sacs-en-tissu-vegetal-avec-poignees-renforcees\/\"]}]},{\"@type\":\"ImageObject\",\"inLanguage\":\"fr-FR\",\"@id\":\"https:\/\/www.ronboplastic.com\/fr\/produits\/sacs-en-tissu-vegetal-avec-poignees-renforcees\/#primaryimage\",\"url\":\"https:\/\/www.ronboplastic.com\/wp-content\/uploads\/2025\/09\/1-6.png\",\"contentUrl\":\"https:\/\/www.ronboplastic.com\/wp-content\/uploads\/2025\/09\/1-6.png\",\"width\":730,\"height\":730,\"caption\":\"fabric bag\"},{\"@type\":\"BreadcrumbList\",\"@id\":\"https:\/\/www.ronboplastic.com\/fr\/produits\/sacs-en-tissu-vegetal-avec-poignees-renforcees\/#breadcrumb\",\"itemListElement\":[{\"@type\":\"ListItem\",\"position\":1,\"name\":\"\u9996\u9875\",\"item\":\"https:\/\/www.ronboplastic.com\/\"},{\"@type\":\"ListItem\",\"position\":2,\"name\":\"Products\",\"item\":\"http:\/\/www.ronboplastic.com\/products\/\"},{\"@type\":\"ListItem\",\"position\":3,\"name\":\"Plant Fabric Bags With Reinforced Handles\"}]},{\"@type\":\"WebSite\",\"@id\":\"https:\/\/www.ronboplastic.com\/#website\",\"url\":\"https:\/\/www.ronboplastic.com\/\",\"name\":\"Ronbo Sunrise Pots &amp; Planters\",\"description\":\"Flower Pots &amp; Planters\",\"potentialAction\":[{\"@type\":\"SearchAction\",\"target\":{\"@type\":\"EntryPoint\",\"urlTemplate\":\"https:\/\/www.ronboplastic.com\/?s={search_term_string}\"},\"query-input\":{\"@type\":\"PropertyValueSpecification\",\"valueRequired\":true,\"valueName\":\"search_term_string\"}}],\"inLanguage\":\"fr-FR\"}]}<\/script>\n<!-- \/ Yoast SEO plugin. -->","yoast_head_json":{"title":"Plant Fabric Bags With Reinforced Handles - Ronbo Sunrise Pots &amp; Planters","robots":{"index":"index","follow":"follow","max-snippet":"max-snippet:-1","max-image-preview":"max-image-preview:large","max-video-preview":"max-video-preview:-1"},"canonical":"https:\/\/www.ronboplastic.com\/fr\/produits\/sacs-en-tissu-vegetal-avec-poignees-renforcees\/","og_locale":"fr_FR","og_type":"article","og_title":"Plant Fabric Bags With Reinforced Handles - Ronbo Sunrise Pots &amp; Planters","og_description":"Made from thicker non-woven fabric, these bags are built to last, with sturdy construction and strong handles. They're also compact and lightweight, making them easy to move around. Perfect for farmers, nursery workers, and supermarket employees who need a tough bag that can handle a lot of weight.","og_url":"https:\/\/www.ronboplastic.com\/fr\/produits\/sacs-en-tissu-vegetal-avec-poignees-renforcees\/","og_site_name":"Ronbo Sunrise Pots &amp; Planters","article_modified_time":"2025-09-08T06:19:03+00:00","og_image":[{"width":730,"height":730,"url":"https:\/\/www.ronboplastic.com\/wp-content\/uploads\/2025\/09\/1-6.png","type":"image\/png"}],"twitter_card":"summary_large_image","twitter_misc":{"Dur\u00e9e de lecture estim\u00e9e":"3 minutes"},"schema":{"@context":"https:\/\/schema.org","@graph":[{"@type":"WebPage","@id":"https:\/\/www.ronboplastic.com\/fr\/produits\/sacs-en-tissu-vegetal-avec-poignees-renforcees\/","url":"https:\/\/www.ronboplastic.com\/fr\/produits\/sacs-en-tissu-vegetal-avec-poignees-renforcees\/","name":"Plant Fabric Bags With Reinforced Handles - Ronbo Sunrise Pots &amp; Planters","isPartOf":{"@id":"https:\/\/www.ronboplastic.com\/#website"},"primaryImageOfPage":{"@id":"https:\/\/www.ronboplastic.com\/fr\/produits\/sacs-en-tissu-vegetal-avec-poignees-renforcees\/#primaryimage"},"image":{"@id":"https:\/\/www.ronboplastic.com\/fr\/produits\/sacs-en-tissu-vegetal-avec-poignees-renforcees\/#primaryimage"},"thumbnailUrl":"https:\/\/www.ronboplastic.com\/wp-content\/uploads\/2025\/09\/1-6.png","datePublished":"2024-10-10T23:06:45+00:00","dateModified":"2025-09-08T06:19:03+00:00","breadcrumb":{"@id":"https:\/\/www.ronboplastic.com\/fr\/produits\/sacs-en-tissu-vegetal-avec-poignees-renforcees\/#breadcrumb"},"inLanguage":"fr-FR","potentialAction":[{"@type":"ReadAction","target":["https:\/\/www.ronboplastic.com\/fr\/produits\/sacs-en-tissu-vegetal-avec-poignees-renforcees\/"]}]},{"@type":"ImageObject","inLanguage":"fr-FR","@id":"https:\/\/www.ronboplastic.com\/fr\/produits\/sacs-en-tissu-vegetal-avec-poignees-renforcees\/#primaryimage","url":"https:\/\/www.ronboplastic.com\/wp-content\/uploads\/2025\/09\/1-6.png","contentUrl":"https:\/\/www.ronboplastic.com\/wp-content\/uploads\/2025\/09\/1-6.png","width":730,"height":730,"caption":"fabric bag"},{"@type":"BreadcrumbList","@id":"https:\/\/www.ronboplastic.com\/fr\/produits\/sacs-en-tissu-vegetal-avec-poignees-renforcees\/#breadcrumb","itemListElement":[{"@type":"ListItem","position":1,"name":"\u9996\u9875","item":"https:\/\/www.ronboplastic.com\/"},{"@type":"ListItem","position":2,"name":"Products","item":"http:\/\/www.ronboplastic.com\/products\/"},{"@type":"ListItem","position":3,"name":"Plant Fabric Bags With Reinforced Handles"}]},{"@type":"WebSite","@id":"https:\/\/www.ronboplastic.com\/#website","url":"https:\/\/www.ronboplastic.com\/","name":"Ronbo Sunrise Pots &amp; Planters","description":"Pots de fleurs et jardini\u00e8res","potentialAction":[{"@type":"SearchAction","target":{"@type":"EntryPoint","urlTemplate":"https:\/\/www.ronboplastic.com\/?s={search_term_string}"},"query-input":{"@type":"PropertyValueSpecification","valueRequired":true,"valueName":"search_term_string"}}],"inLanguage":"fr-FR"}]}},"_links":{"self":[{"href":"https:\/\/www.ronboplastic.com\/fr\/wp-json\/wp\/v2\/product\/9195","targetHints":{"allow":["GET"]}}],"collection":[{"href":"https:\/\/www.ronboplastic.com\/fr\/wp-json\/wp\/v2\/product"}],"about":[{"href":"https:\/\/www.ronboplastic.com\/fr\/wp-json\/wp\/v2\/types\/product"}],"replies":[{"embeddable":true,"href":"https:\/\/www.ronboplastic.com\/fr\/wp-json\/wp\/v2\/comments?post=9195"}],"wp:featuredmedia":[{"embeddable":true,"href":"https:\/\/www.ronboplastic.com\/fr\/wp-json\/wp\/v2\/media\/9200"}],"wp:attachment":[{"href":"https:\/\/www.ronboplastic.com\/fr\/wp-json\/wp\/v2\/media?parent=9195"}],"wp:term":[{"taxonomy":"product_brand","embeddable":true,"href":"https:\/\/www.ronboplastic.com\/fr\/wp-json\/wp\/v2\/product_brand?post=9195"},{"taxonomy":"product_cat","embeddable":true,"href":"https:\/\/www.ronboplastic.com\/fr\/wp-json\/wp\/v2\/product_cat?post=9195"},{"taxonomy":"product_tag","embeddable":true,"href":"https:\/\/www.ronboplastic.com\/fr\/wp-json\/wp\/v2\/product_tag?post=9195"}],"curies":[{"name":"wp","href":"https:\/\/api.w.org\/{rel}","templated":true}]}}