{"id":9187,"date":"2024-09-30T07:27:43","date_gmt":"2024-09-29T23:27:43","guid":{"rendered":"https:\/\/www.ronboplastic.com\/index.php\/product\/303\/"},"modified":"2025-09-08T14:18:58","modified_gmt":"2025-09-08T06:18:58","slug":"303","status":"publish","type":"product","link":"https:\/\/www.ronboplastic.com\/fr\/produit\/303\/","title":{"rendered":""},"content":{"rendered":"<p>* Description du produit :<\/p>\n<p>Pots de fleurs en plastique - Design moderne et simple, durable et respectueux de l'environnement**.<\/p>\n<p>*Nos pots de fleurs en plastique sont fabriqu\u00e9s en plastique \u00e9cologique de haute qualit\u00e9, durable et prot\u00e9g\u00e9 contre les UV, et conviennent parfaitement \u00e0 une utilisation int\u00e9rieure et ext\u00e9rieure. Le design simple et \u00e9l\u00e9gant peut \u00eatre facilement int\u00e9gr\u00e9 dans n'importe quel style de maison ou d'environnement de jardinage, et constitue le meilleur choix pour la d\u00e9coration de vos plantes vertes.<\/p>\n<p>*Caract\u00e9ristiques du produit:*<\/p>\n<p>**Mat\u00e9riaux respectueux de l'environnement** : Fabriqu\u00e9 en plastique \u00e9cologique de haute qualit\u00e9, il est imperm\u00e9able, anticorrosion et r\u00e9sistant aux intemp\u00e9ries.<\/p>\n<p>- Options de couleurs multiples** : Quatre couleurs classiques (noir, jaune, blanc et gris) sont disponibles pour r\u00e9pondre aux diff\u00e9rents besoins de d\u00e9coration.<\/p>\n<p>- Design polyvalent** : Convient \u00e0 une vari\u00e9t\u00e9 de sc\u00e8nes telles que la maison, le bureau, le balcon ou la cour.<\/p>\n<p>- L\u00e9ger et durable** : Les pots de fleurs sont l\u00e9gers, faciles \u00e0 d\u00e9placer et durables et peuvent \u00eatre utilis\u00e9s pendant longtemps.<\/p>\n<p>- **Conception du drainage** : Des trous de drainage sont pr\u00e9vus au fond pour emp\u00eacher l'accumulation d'eau et favoriser la croissance saine des racines des plantes.<\/p>\n<p>&#8212;<br \/>\n# Sp\u00e9cifications du produit :<\/p>\n<p>**Num\u00e9ro de mod\u00e8le** | **Dimension** (L x l x H) | **Couleurs disponibles** |<br \/>\n|:&#8212;&#8212;&#8212;-:|:&#8212;&#8212;&#8212;&#8212;&#8212;&#8212;&#8212;&#8212;-:|:&#8212;&#8212;&#8212;&#8212;&#8211;:|<br \/>\n| RB-DCR150 | 15 * 6,5 * 12 cm | Noir, jaune, blanc, gris<br \/>\nRB-DCR210 | 20,8 * 9 * 16,5 cm | Noir, jaune, blanc, gris | RB-DCR210 | 20,8 * 9 * 16,5 cm<\/p>\n<p>&#8212;<\/p>\n<p>**Conseils chauds:**<br \/>\n- Les couleurs peuvent varier l\u00e9g\u00e8rement en fonction des diff\u00e9rents moniteurs.<br \/>\n- Veuillez choisir la taille appropri\u00e9e en fonction de l'espace dont vous avez besoin.<\/p>\n<p>**Avis d'achat:**<br \/>\n- Nous assurons un service d'exp\u00e9dition rapide et les commandes seront trait\u00e9es dans un d\u00e9lai de 1 \u00e0 2 jours ouvrables apr\u00e8s la passation de la commande.<br \/>\n- Si vous avez des questions, n'h\u00e9sitez pas \u00e0 contacter notre service client\u00e8le.<\/p>\n<p>&#8212;<\/p>\n<p>Une telle description de page peut aider les clients \u00e0 comprendre rapidement votre produit et \u00e0 voir clairement les informations relatives \u00e0 la couleur et \u00e0 la taille disponibles. Vous pouvez l'adapter et la personnaliser en fonction des conditions r\u00e9elles.<\/p>\n<p><img decoding=\"async\" src=\"https:\/\/www.ronboplastic.com\/wp-content\/uploads\/2025\/09\/202205131612159a16ace32ec04133ae6f48e4dcaa3c85.jpg\" alt=\"Paniers suspendus 10 pouces\" \/><\/p>","protected":false},"excerpt":{"rendered":"<p>* Description du produit : Pots de fleurs en plastique - Design moderne et simple, durable et respectueux de l'environnement** *Nos pots de fleurs en plastique sont fabriqu\u00e9s \u00e0 partir de mat\u00e9riaux naturels.<\/p>","protected":false},"featured_media":9189,"comment_status":"open","ping_status":"open","template":"","meta":[],"product_brand":[],"product_cat":[80],"product_tag":[],"class_list":{"0":"post-9187","1":"product","2":"type-product","3":"status-publish","4":"has-post-thumbnail","6":"product_cat-decorative-potsampplanters","8":"first","9":"instock","10":"shipping-taxable","11":"product-type-simple"},"yoast_head":"<!-- This site is optimized with the Yoast SEO plugin v26.1.1 - https:\/\/yoast.com\/wordpress\/plugins\/seo\/ -->\n<title>- Ronbo Sunrise Pots &amp; Planters<\/title>\n<meta name=\"robots\" content=\"index, follow, max-snippet:-1, max-image-preview:large, max-video-preview:-1\" \/>\n<link rel=\"canonical\" href=\"http:\/\/www.ronboplastic.com\/fr\/produit\/303\/\" \/>\n<meta property=\"og:locale\" content=\"fr_FR\" \/>\n<meta property=\"og:type\" content=\"article\" \/>\n<meta property=\"og:title\" content=\"- Ronbo Sunrise Pots &amp; Planters\" \/>\n<meta property=\"og:description\" content=\"* Product Description: Plastic Flower Pots &#8211; Modern Simple Design, Durable and Environmentally Friendly** *Our plastic flower pots are made\" \/>\n<meta property=\"og:url\" content=\"http:\/\/www.ronboplastic.com\/fr\/produit\/303\/\" \/>\n<meta property=\"og:site_name\" content=\"Ronbo Sunrise Pots &amp; Planters\" \/>\n<meta property=\"article:modified_time\" content=\"2025-09-08T06:18:58+00:00\" \/>\n<meta property=\"og:image\" content=\"https:\/\/www.ronboplastic.com\/wp-content\/uploads\/2025\/09\/IMG_2630-\u62f7\u8d1d.png\" \/>\n\t<meta property=\"og:image:width\" content=\"800\" \/>\n\t<meta property=\"og:image:height\" content=\"800\" \/>\n\t<meta property=\"og:image:type\" content=\"image\/png\" \/>\n<meta name=\"twitter:card\" content=\"summary_large_image\" \/>\n<meta name=\"twitter:label1\" content=\"Dur\u00e9e de lecture estim\u00e9e\" \/>\n\t<meta name=\"twitter:data1\" content=\"1 minute\" \/>\n<script type=\"application\/ld+json\" class=\"yoast-schema-graph\">{\"@context\":\"https:\/\/schema.org\",\"@graph\":[{\"@type\":\"WebPage\",\"@id\":\"http:\/\/www.ronboplastic.com\/product\/303\/\",\"url\":\"http:\/\/www.ronboplastic.com\/product\/303\/\",\"name\":\"- Ronbo Sunrise Pots &amp; Planters\",\"isPartOf\":{\"@id\":\"https:\/\/www.ronboplastic.com\/#website\"},\"primaryImageOfPage\":{\"@id\":\"http:\/\/www.ronboplastic.com\/product\/303\/#primaryimage\"},\"image\":{\"@id\":\"http:\/\/www.ronboplastic.com\/product\/303\/#primaryimage\"},\"thumbnailUrl\":\"https:\/\/www.ronboplastic.com\/wp-content\/uploads\/2025\/09\/IMG_2630-\u62f7\u8d1d.png\",\"datePublished\":\"2024-09-29T23:27:43+00:00\",\"dateModified\":\"2025-09-08T06:18:58+00:00\",\"breadcrumb\":{\"@id\":\"http:\/\/www.ronboplastic.com\/product\/303\/#breadcrumb\"},\"inLanguage\":\"fr-FR\",\"potentialAction\":[{\"@type\":\"ReadAction\",\"target\":[\"http:\/\/www.ronboplastic.com\/product\/303\/\"]}]},{\"@type\":\"ImageObject\",\"inLanguage\":\"fr-FR\",\"@id\":\"http:\/\/www.ronboplastic.com\/product\/303\/#primaryimage\",\"url\":\"https:\/\/www.ronboplastic.com\/wp-content\/uploads\/2025\/09\/IMG_2630-\u62f7\u8d1d.png\",\"contentUrl\":\"https:\/\/www.ronboplastic.com\/wp-content\/uploads\/2025\/09\/IMG_2630-\u62f7\u8d1d.png\",\"width\":800,\"height\":800,\"caption\":\"flower pot size chart\"},{\"@type\":\"BreadcrumbList\",\"@id\":\"http:\/\/www.ronboplastic.com\/product\/303\/#breadcrumb\",\"itemListElement\":[{\"@type\":\"ListItem\",\"position\":1,\"name\":\"\u9996\u9875\",\"item\":\"https:\/\/www.ronboplastic.com\/\"},{\"@type\":\"ListItem\",\"position\":2,\"name\":\"Products\",\"item\":\"http:\/\/www.ronboplastic.com\/products\/\"}]},{\"@type\":\"WebSite\",\"@id\":\"https:\/\/www.ronboplastic.com\/#website\",\"url\":\"https:\/\/www.ronboplastic.com\/\",\"name\":\"Ronbo Sunrise Pots &amp; Planters\",\"description\":\"Flower Pots &amp; Planters\",\"potentialAction\":[{\"@type\":\"SearchAction\",\"target\":{\"@type\":\"EntryPoint\",\"urlTemplate\":\"https:\/\/www.ronboplastic.com\/?s={search_term_string}\"},\"query-input\":{\"@type\":\"PropertyValueSpecification\",\"valueRequired\":true,\"valueName\":\"search_term_string\"}}],\"inLanguage\":\"fr-FR\"}]}<\/script>\n<!-- \/ Yoast SEO plugin. -->","yoast_head_json":{"title":"- Ronbo Sunrise Pots &amp; Planters","robots":{"index":"index","follow":"follow","max-snippet":"max-snippet:-1","max-image-preview":"max-image-preview:large","max-video-preview":"max-video-preview:-1"},"canonical":"http:\/\/www.ronboplastic.com\/fr\/produit\/303\/","og_locale":"fr_FR","og_type":"article","og_title":"- Ronbo Sunrise Pots &amp; Planters","og_description":"* Product Description: Plastic Flower Pots &#8211; Modern Simple Design, Durable and Environmentally Friendly** *Our plastic flower pots are made","og_url":"http:\/\/www.ronboplastic.com\/fr\/produit\/303\/","og_site_name":"Ronbo Sunrise Pots &amp; Planters","article_modified_time":"2025-09-08T06:18:58+00:00","og_image":[{"width":800,"height":800,"url":"https:\/\/www.ronboplastic.com\/wp-content\/uploads\/2025\/09\/IMG_2630-\u62f7\u8d1d.png","type":"image\/png"}],"twitter_card":"summary_large_image","twitter_misc":{"Dur\u00e9e de lecture estim\u00e9e":"1 minute"},"schema":{"@context":"https:\/\/schema.org","@graph":[{"@type":"WebPage","@id":"http:\/\/www.ronboplastic.com\/product\/303\/","url":"http:\/\/www.ronboplastic.com\/product\/303\/","name":"- Ronbo Sunrise Pots &amp; Planters","isPartOf":{"@id":"https:\/\/www.ronboplastic.com\/#website"},"primaryImageOfPage":{"@id":"http:\/\/www.ronboplastic.com\/product\/303\/#primaryimage"},"image":{"@id":"http:\/\/www.ronboplastic.com\/product\/303\/#primaryimage"},"thumbnailUrl":"https:\/\/www.ronboplastic.com\/wp-content\/uploads\/2025\/09\/IMG_2630-\u62f7\u8d1d.png","datePublished":"2024-09-29T23:27:43+00:00","dateModified":"2025-09-08T06:18:58+00:00","breadcrumb":{"@id":"http:\/\/www.ronboplastic.com\/product\/303\/#breadcrumb"},"inLanguage":"fr-FR","potentialAction":[{"@type":"ReadAction","target":["http:\/\/www.ronboplastic.com\/product\/303\/"]}]},{"@type":"ImageObject","inLanguage":"fr-FR","@id":"http:\/\/www.ronboplastic.com\/product\/303\/#primaryimage","url":"https:\/\/www.ronboplastic.com\/wp-content\/uploads\/2025\/09\/IMG_2630-\u62f7\u8d1d.png","contentUrl":"https:\/\/www.ronboplastic.com\/wp-content\/uploads\/2025\/09\/IMG_2630-\u62f7\u8d1d.png","width":800,"height":800,"caption":"flower pot size chart"},{"@type":"BreadcrumbList","@id":"http:\/\/www.ronboplastic.com\/product\/303\/#breadcrumb","itemListElement":[{"@type":"ListItem","position":1,"name":"\u9996\u9875","item":"https:\/\/www.ronboplastic.com\/"},{"@type":"ListItem","position":2,"name":"Products","item":"http:\/\/www.ronboplastic.com\/products\/"}]},{"@type":"WebSite","@id":"https:\/\/www.ronboplastic.com\/#website","url":"https:\/\/www.ronboplastic.com\/","name":"Ronbo Sunrise Pots &amp; Planters","description":"Pots de fleurs et jardini\u00e8res","potentialAction":[{"@type":"SearchAction","target":{"@type":"EntryPoint","urlTemplate":"https:\/\/www.ronboplastic.com\/?s={search_term_string}"},"query-input":{"@type":"PropertyValueSpecification","valueRequired":true,"valueName":"search_term_string"}}],"inLanguage":"fr-FR"}]}},"_links":{"self":[{"href":"https:\/\/www.ronboplastic.com\/fr\/wp-json\/wp\/v2\/product\/9187","targetHints":{"allow":["GET"]}}],"collection":[{"href":"https:\/\/www.ronboplastic.com\/fr\/wp-json\/wp\/v2\/product"}],"about":[{"href":"https:\/\/www.ronboplastic.com\/fr\/wp-json\/wp\/v2\/types\/product"}],"replies":[{"embeddable":true,"href":"https:\/\/www.ronboplastic.com\/fr\/wp-json\/wp\/v2\/comments?post=9187"}],"wp:featuredmedia":[{"embeddable":true,"href":"https:\/\/www.ronboplastic.com\/fr\/wp-json\/wp\/v2\/media\/9189"}],"wp:attachment":[{"href":"https:\/\/www.ronboplastic.com\/fr\/wp-json\/wp\/v2\/media?parent=9187"}],"wp:term":[{"taxonomy":"product_brand","embeddable":true,"href":"https:\/\/www.ronboplastic.com\/fr\/wp-json\/wp\/v2\/product_brand?post=9187"},{"taxonomy":"product_cat","embeddable":true,"href":"https:\/\/www.ronboplastic.com\/fr\/wp-json\/wp\/v2\/product_cat?post=9187"},{"taxonomy":"product_tag","embeddable":true,"href":"https:\/\/www.ronboplastic.com\/fr\/wp-json\/wp\/v2\/product_tag?post=9187"}],"curies":[{"name":"wp","href":"https:\/\/api.w.org\/{rel}","templated":true}]}}