{"id":9157,"date":"2024-09-27T07:00:22","date_gmt":"2024-09-26T23:00:22","guid":{"rendered":"https:\/\/www.ronboplastic.com\/index.php\/product\/5-inch-plant-saucer\/"},"modified":"2025-09-08T14:18:39","modified_gmt":"2025-09-08T06:18:39","slug":"soucoupe-pour-plantes-de-5-pouces","status":"publish","type":"product","link":"https:\/\/www.ronboplastic.com\/fr\/produit\/soucoupe-pour-plantes-de-5-pouces\/","title":{"rendered":"Soucoupe pour plantes de 5 pouces"},"content":{"rendered":"<p>Nous sommes une usine avec pr\u00e8s de 20 ans d'exp\u00e9rience de production en Chine, nous nous sommes concentr\u00e9s sur la production de pots de fleurs en plastique, et nous sommes le premier groupe d'usines en Chine \u00e0 commencer \u00e0 produire des pots de gallon. Les soucoupes de plantes sont \u00e9galement nos produits les plus vendus, de nombreux grossistes et les clients du commerce \u00e9lectronique d'Amazon ont achet\u00e9 chez nous.  Cela leur permet non seulement de r\u00e9aliser des b\u00e9n\u00e9fices, mais aussi de permettre \u00e0 de nombreux clients finaux de cultiver de plus en plus de belles fleurs gr\u00e2ce \u00e0 nos ch\u00e2ssis.  Nos mod\u00e8les vont de D13 \u00e0 D52, avec un total de 12 tailles de produits, avec des diam\u00e8tres inf\u00e9rieurs allant de 10 cm \u00e0 43 cm. Le produit D13 peut \u00eatre utilis\u00e9 pour les pots de fleurs dont le diam\u00e8tre est inf\u00e9rieur \u00e0 10 \u00e0 la base.<\/p>\n<p><img loading=\"lazy\" decoding=\"async\" title=\"Soucoupe pour plantes de 5 pouces\" src=\"https:\/\/www.ronboplastic.com\/wp-content\/uploads\/2025\/09\/20220704112448b990b636d2be4c5490cc70ad5d336ba6.jpg\" alt=\"Soucoupe pour plantes de 5 pouces\" width=\"800\" height=\"772\" \/><\/p>\n<p><strong>Sp\u00e9cifications<\/strong><\/p>\n<section class=\"table-wrap\">\n<table class=\"table\" border=\"1\" width=\"100%\" cellspacing=\"0\" cellpadding=\"0\">\n<tbody>\n<tr class=\"firstRow\">\n<td>Num\u00e9ro de mod\u00e8le<\/td>\n<td>D13<\/td>\n<\/tr>\n<tr>\n<td>Type de plastique<\/td>\n<td>PP<\/td>\n<\/tr>\n<tr>\n<td>Type<\/td>\n<td>Propagation<\/td>\n<\/tr>\n<tr>\n<td>Diam\u00e8tre sup\u00e9rieur<\/td>\n<td>13cm\/5.2inch<\/td>\n<\/tr>\n<tr>\n<td>Diam\u00e8tre du fond<\/td>\n<td>10cm\/4inch<\/td>\n<\/tr>\n<tr>\n<td>Hauteur<\/td>\n<td>1cm\/0.4inch<\/td>\n<\/tr>\n<tr>\n<td>Poids<\/td>\n<td>18g<\/td>\n<\/tr>\n<\/tbody>\n<\/table>\n<\/section>\n<p><strong>Nos services<\/strong><\/p>\n<p><img loading=\"lazy\" decoding=\"async\" src=\"https:\/\/www.ronboplastic.com\/wp-content\/uploads\/2025\/09\/202205131612159a16ace32ec04133ae6f48e4dcaa3c85.jpg\" alt=\"Soucoupe pour plantes de 5 pouces\" width=\"800\" height=\"207\" \/><\/p>\n<p><img loading=\"lazy\" decoding=\"async\" src=\"https:\/\/www.ronboplastic.com\/wp-content\/uploads\/2025\/09\/2022052411022769afc5a8ee884858a93ba5486be9d6b4.jpg\" alt=\"Soucoupe pour plantes de 5 pouces\" width=\"800\" height=\"840\" \/><\/p>\n<p class=\"productsTags\">Hot Tags : 5 inch plant saucer, suppliers, manufacturers, factory, wholesale, for sale<\/p>","protected":false},"excerpt":{"rendered":"<p>Nous sommes une usine avec pr\u00e8s de 20 ans d'exp\u00e9rience de production en Chine, nous nous sommes concentr\u00e9s sur la production de pots de fleurs en plastique, et nous sommes le premier groupe d'usines en Chine \u00e0 commencer \u00e0 produire des pots de gallon. Les soucoupes de plantes sont \u00e9galement nos produits les plus vendus, de nombreux grossistes et les clients du commerce \u00e9lectronique d'Amazon ont achet\u00e9 chez nous. Cela leur permet non seulement de r\u00e9aliser des b\u00e9n\u00e9fices, mais aussi de permettre \u00e0 de nombreux clients finaux de cultiver de plus en plus de belles fleurs gr\u00e2ce \u00e0 nos ch\u00e2ssis. Nos mod\u00e8les vont de D13 \u00e0 D52, avec un total de 12 tailles de produits, avec des diam\u00e8tres inf\u00e9rieurs allant de 10 cm \u00e0 43 cm. Le produit D13 peut \u00eatre utilis\u00e9 pour les pots de fleurs dont le diam\u00e8tre est inf\u00e9rieur \u00e0 10 \u00e0 la base.<\/p>","protected":false},"featured_media":9131,"comment_status":"open","ping_status":"open","template":"","meta":[],"product_brand":[],"product_cat":[89],"product_tag":[],"class_list":{"0":"post-9157","1":"product","2":"type-product","3":"status-publish","4":"has-post-thumbnail","6":"product_cat-plant-saucer","8":"first","9":"instock","10":"shipping-taxable","11":"product-type-simple"},"yoast_head":"<!-- This site is optimized with the Yoast SEO plugin v26.1.1 - https:\/\/yoast.com\/wordpress\/plugins\/seo\/ -->\n<title>5 Inch Plant Saucer - Ronbo Sunrise Pots &amp; Planters<\/title>\n<meta name=\"robots\" content=\"index, follow, max-snippet:-1, max-image-preview:large, max-video-preview:-1\" \/>\n<link rel=\"canonical\" href=\"http:\/\/www.ronboplastic.com\/fr\/produit\/soucoupe-pour-plantes-de-5-pouces\/\" \/>\n<meta property=\"og:locale\" content=\"fr_FR\" \/>\n<meta property=\"og:type\" content=\"article\" \/>\n<meta property=\"og:title\" content=\"5 Inch Plant Saucer - Ronbo Sunrise Pots &amp; Planters\" \/>\n<meta property=\"og:description\" content=\"We are a factory with nearly 20 years of production experience in China, we have been focusing on the production of plastic flower pots, and we are the first batch of factories in China to start making gallon pots. plant saucers are also our best-selling products, many wholesalers and Amazon&#039;s e-commerce customers have been buying from us. Not only bring profits to them, but also let many end customers grow more and more beautiful flowers with our chassis. Our models have been from D13 to D52, with a total of 12 sizes of products, with lower diameters ranging from 10 cm to 43 cm. The product D13 can be used to match flowerpots with diameter less than 10 at the bottom.\" \/>\n<meta property=\"og:url\" content=\"http:\/\/www.ronboplastic.com\/fr\/produit\/soucoupe-pour-plantes-de-5-pouces\/\" \/>\n<meta property=\"og:site_name\" content=\"Ronbo Sunrise Pots &amp; Planters\" \/>\n<meta property=\"article:modified_time\" content=\"2025-09-08T06:18:39+00:00\" \/>\n<meta property=\"og:image\" content=\"https:\/\/www.ronboplastic.com\/wp-content\/uploads\/2025\/09\/55.png\" \/>\n\t<meta property=\"og:image:width\" content=\"730\" \/>\n\t<meta property=\"og:image:height\" content=\"730\" \/>\n\t<meta property=\"og:image:type\" content=\"image\/png\" \/>\n<meta name=\"twitter:card\" content=\"summary_large_image\" \/>\n<meta name=\"twitter:label1\" content=\"Dur\u00e9e de lecture estim\u00e9e\" \/>\n\t<meta name=\"twitter:data1\" content=\"1 minute\" \/>\n<script type=\"application\/ld+json\" class=\"yoast-schema-graph\">{\"@context\":\"https:\/\/schema.org\",\"@graph\":[{\"@type\":\"WebPage\",\"@id\":\"http:\/\/www.ronboplastic.com\/ru\/%d0%bf%d1%80%d0%be%d0%b4%d1%83%d0%ba%d1%82\/5-2\/\",\"url\":\"http:\/\/www.ronboplastic.com\/ru\/%d0%bf%d1%80%d0%be%d0%b4%d1%83%d0%ba%d1%82\/5-2\/\",\"name\":\"5 Inch Plant Saucer - Ronbo Sunrise Pots &amp; Planters\",\"isPartOf\":{\"@id\":\"https:\/\/www.ronboplastic.com\/#website\"},\"primaryImageOfPage\":{\"@id\":\"http:\/\/www.ronboplastic.com\/ru\/%d0%bf%d1%80%d0%be%d0%b4%d1%83%d0%ba%d1%82\/5-2\/#primaryimage\"},\"image\":{\"@id\":\"http:\/\/www.ronboplastic.com\/ru\/%d0%bf%d1%80%d0%be%d0%b4%d1%83%d0%ba%d1%82\/5-2\/#primaryimage\"},\"thumbnailUrl\":\"https:\/\/www.ronboplastic.com\/wp-content\/uploads\/2025\/09\/55.png\",\"datePublished\":\"2024-09-26T23:00:22+00:00\",\"dateModified\":\"2025-09-08T06:18:39+00:00\",\"breadcrumb\":{\"@id\":\"http:\/\/www.ronboplastic.com\/ru\/%d0%bf%d1%80%d0%be%d0%b4%d1%83%d0%ba%d1%82\/5-2\/#breadcrumb\"},\"inLanguage\":\"fr-FR\",\"potentialAction\":[{\"@type\":\"ReadAction\",\"target\":[\"http:\/\/www.ronboplastic.com\/ru\/%d0%bf%d1%80%d0%be%d0%b4%d1%83%d0%ba%d1%82\/5-2\/\"]}]},{\"@type\":\"ImageObject\",\"inLanguage\":\"fr-FR\",\"@id\":\"http:\/\/www.ronboplastic.com\/ru\/%d0%bf%d1%80%d0%be%d0%b4%d1%83%d0%ba%d1%82\/5-2\/#primaryimage\",\"url\":\"https:\/\/www.ronboplastic.com\/wp-content\/uploads\/2025\/09\/55.png\",\"contentUrl\":\"https:\/\/www.ronboplastic.com\/wp-content\/uploads\/2025\/09\/55.png\",\"width\":730,\"height\":730,\"caption\":\"plant pots saucer\"},{\"@type\":\"BreadcrumbList\",\"@id\":\"http:\/\/www.ronboplastic.com\/ru\/%d0%bf%d1%80%d0%be%d0%b4%d1%83%d0%ba%d1%82\/5-2\/#breadcrumb\",\"itemListElement\":[{\"@type\":\"ListItem\",\"position\":1,\"name\":\"\u9996\u9875\",\"item\":\"https:\/\/www.ronboplastic.com\/\"},{\"@type\":\"ListItem\",\"position\":2,\"name\":\"Products\",\"item\":\"http:\/\/www.ronboplastic.com\/products\/\"},{\"@type\":\"ListItem\",\"position\":3,\"name\":\"5 Inch Plant Saucer\"}]},{\"@type\":\"WebSite\",\"@id\":\"https:\/\/www.ronboplastic.com\/#website\",\"url\":\"https:\/\/www.ronboplastic.com\/\",\"name\":\"Ronbo Sunrise Pots &amp; Planters\",\"description\":\"Flower Pots &amp; Planters\",\"potentialAction\":[{\"@type\":\"SearchAction\",\"target\":{\"@type\":\"EntryPoint\",\"urlTemplate\":\"https:\/\/www.ronboplastic.com\/?s={search_term_string}\"},\"query-input\":{\"@type\":\"PropertyValueSpecification\",\"valueRequired\":true,\"valueName\":\"search_term_string\"}}],\"inLanguage\":\"fr-FR\"}]}<\/script>\n<!-- \/ Yoast SEO plugin. -->","yoast_head_json":{"title":"5 Inch Plant Saucer - Ronbo Sunrise Pots &amp; Planters","robots":{"index":"index","follow":"follow","max-snippet":"max-snippet:-1","max-image-preview":"max-image-preview:large","max-video-preview":"max-video-preview:-1"},"canonical":"http:\/\/www.ronboplastic.com\/fr\/produit\/soucoupe-pour-plantes-de-5-pouces\/","og_locale":"fr_FR","og_type":"article","og_title":"5 Inch Plant Saucer - Ronbo Sunrise Pots &amp; Planters","og_description":"We are a factory with nearly 20 years of production experience in China, we have been focusing on the production of plastic flower pots, and we are the first batch of factories in China to start making gallon pots. plant saucers are also our best-selling products, many wholesalers and Amazon's e-commerce customers have been buying from us. Not only bring profits to them, but also let many end customers grow more and more beautiful flowers with our chassis. Our models have been from D13 to D52, with a total of 12 sizes of products, with lower diameters ranging from 10 cm to 43 cm. The product D13 can be used to match flowerpots with diameter less than 10 at the bottom.","og_url":"http:\/\/www.ronboplastic.com\/fr\/produit\/soucoupe-pour-plantes-de-5-pouces\/","og_site_name":"Ronbo Sunrise Pots &amp; Planters","article_modified_time":"2025-09-08T06:18:39+00:00","og_image":[{"width":730,"height":730,"url":"https:\/\/www.ronboplastic.com\/wp-content\/uploads\/2025\/09\/55.png","type":"image\/png"}],"twitter_card":"summary_large_image","twitter_misc":{"Dur\u00e9e de lecture estim\u00e9e":"1 minute"},"schema":{"@context":"https:\/\/schema.org","@graph":[{"@type":"WebPage","@id":"http:\/\/www.ronboplastic.com\/ru\/%d0%bf%d1%80%d0%be%d0%b4%d1%83%d0%ba%d1%82\/5-2\/","url":"http:\/\/www.ronboplastic.com\/ru\/%d0%bf%d1%80%d0%be%d0%b4%d1%83%d0%ba%d1%82\/5-2\/","name":"5 Inch Plant Saucer - Ronbo Sunrise Pots &amp; Planters","isPartOf":{"@id":"https:\/\/www.ronboplastic.com\/#website"},"primaryImageOfPage":{"@id":"http:\/\/www.ronboplastic.com\/ru\/%d0%bf%d1%80%d0%be%d0%b4%d1%83%d0%ba%d1%82\/5-2\/#primaryimage"},"image":{"@id":"http:\/\/www.ronboplastic.com\/ru\/%d0%bf%d1%80%d0%be%d0%b4%d1%83%d0%ba%d1%82\/5-2\/#primaryimage"},"thumbnailUrl":"https:\/\/www.ronboplastic.com\/wp-content\/uploads\/2025\/09\/55.png","datePublished":"2024-09-26T23:00:22+00:00","dateModified":"2025-09-08T06:18:39+00:00","breadcrumb":{"@id":"http:\/\/www.ronboplastic.com\/ru\/%d0%bf%d1%80%d0%be%d0%b4%d1%83%d0%ba%d1%82\/5-2\/#breadcrumb"},"inLanguage":"fr-FR","potentialAction":[{"@type":"ReadAction","target":["http:\/\/www.ronboplastic.com\/ru\/%d0%bf%d1%80%d0%be%d0%b4%d1%83%d0%ba%d1%82\/5-2\/"]}]},{"@type":"ImageObject","inLanguage":"fr-FR","@id":"http:\/\/www.ronboplastic.com\/ru\/%d0%bf%d1%80%d0%be%d0%b4%d1%83%d0%ba%d1%82\/5-2\/#primaryimage","url":"https:\/\/www.ronboplastic.com\/wp-content\/uploads\/2025\/09\/55.png","contentUrl":"https:\/\/www.ronboplastic.com\/wp-content\/uploads\/2025\/09\/55.png","width":730,"height":730,"caption":"plant pots saucer"},{"@type":"BreadcrumbList","@id":"http:\/\/www.ronboplastic.com\/ru\/%d0%bf%d1%80%d0%be%d0%b4%d1%83%d0%ba%d1%82\/5-2\/#breadcrumb","itemListElement":[{"@type":"ListItem","position":1,"name":"\u9996\u9875","item":"https:\/\/www.ronboplastic.com\/"},{"@type":"ListItem","position":2,"name":"Products","item":"http:\/\/www.ronboplastic.com\/products\/"},{"@type":"ListItem","position":3,"name":"5 Inch Plant Saucer"}]},{"@type":"WebSite","@id":"https:\/\/www.ronboplastic.com\/#website","url":"https:\/\/www.ronboplastic.com\/","name":"Ronbo Sunrise Pots &amp; Planters","description":"Pots de fleurs et jardini\u00e8res","potentialAction":[{"@type":"SearchAction","target":{"@type":"EntryPoint","urlTemplate":"https:\/\/www.ronboplastic.com\/?s={search_term_string}"},"query-input":{"@type":"PropertyValueSpecification","valueRequired":true,"valueName":"search_term_string"}}],"inLanguage":"fr-FR"}]}},"_links":{"self":[{"href":"https:\/\/www.ronboplastic.com\/fr\/wp-json\/wp\/v2\/product\/9157","targetHints":{"allow":["GET"]}}],"collection":[{"href":"https:\/\/www.ronboplastic.com\/fr\/wp-json\/wp\/v2\/product"}],"about":[{"href":"https:\/\/www.ronboplastic.com\/fr\/wp-json\/wp\/v2\/types\/product"}],"replies":[{"embeddable":true,"href":"https:\/\/www.ronboplastic.com\/fr\/wp-json\/wp\/v2\/comments?post=9157"}],"wp:featuredmedia":[{"embeddable":true,"href":"https:\/\/www.ronboplastic.com\/fr\/wp-json\/wp\/v2\/media\/9131"}],"wp:attachment":[{"href":"https:\/\/www.ronboplastic.com\/fr\/wp-json\/wp\/v2\/media?parent=9157"}],"wp:term":[{"taxonomy":"product_brand","embeddable":true,"href":"https:\/\/www.ronboplastic.com\/fr\/wp-json\/wp\/v2\/product_brand?post=9157"},{"taxonomy":"product_cat","embeddable":true,"href":"https:\/\/www.ronboplastic.com\/fr\/wp-json\/wp\/v2\/product_cat?post=9157"},{"taxonomy":"product_tag","embeddable":true,"href":"https:\/\/www.ronboplastic.com\/fr\/wp-json\/wp\/v2\/product_tag?post=9157"}],"curies":[{"name":"wp","href":"https:\/\/api.w.org\/{rel}","templated":true}]}}