{"id":9148,"date":"2024-09-27T06:54:30","date_gmt":"2024-09-26T22:54:30","guid":{"rendered":"https:\/\/www.ronboplastic.com\/index.php\/product\/6-inch-plant-saucer\/"},"modified":"2026-05-09T02:02:22","modified_gmt":"2026-05-09T09:02:22","slug":"soucoupe-pour-plantes-de-6-pouces","status":"publish","type":"product","link":"https:\/\/www.ronboplastic.com\/fr\/produit\/soucoupe-pour-plantes-de-6-pouces\/","title":{"rendered":"Soucoupe pour plantes de 6 pouces"},"content":{"rendered":"<p>La taille de la soucoupe pour plantes de 6 pouces est de 6 pouces pour le diam\u00e8tre sup\u00e9rieur, 4,7 pouces pour le diam\u00e8tre inf\u00e9rieur et 0,5 pouces pour la hauteur. La soucoupe pour plantes peut contenir des pots d'un diam\u00e8tre inf\u00e9rieur \u00e0 4,7 pouces, de sorte que lorsque les pots sont arros\u00e9s, ils ne laissent pas d'eau sur le sol ou dans la cour. Apr\u00e8s tout, les ressources en eau douce sont limit\u00e9es sur la terre o\u00f9 nous vivons.  Avec ce pot, vous pouvez garder vos espaces floraux propres, emp\u00eacher vos plantes de pourrir, retenir l'humidit\u00e9 et la respiration, \u00e9conomiser de l'argent et prot\u00e9ger l'environnement dans lequel nous vivons tous.<\/p>\n<p><img loading=\"lazy\" decoding=\"async\" title=\"Soucoupe pour plantes de 6 pouces\" src=\"https:\/\/www.ronboplastic.com\/wp-content\/uploads\/2025\/09\/20220704113452bb14208d153a4ec3af57bed8ed31d858.jpg\" alt=\"Soucoupe pour plantes de 6 pouces\" width=\"800\" height=\"772\" \/><\/p>\n<p><strong>Sp\u00e9cifications<\/strong><\/p>\n<section class=\"table-wrap\">\n<table class=\"table\" border=\"1\" width=\"100%\" cellspacing=\"0\" cellpadding=\"0\">\n<tbody>\n<tr class=\"firstRow\">\n<td>Num\u00e9ro de mod\u00e8le<\/td>\n<td>D15<\/td>\n<\/tr>\n<tr>\n<td>Type de plastique<\/td>\n<td>PP<\/td>\n<\/tr>\n<tr>\n<td>Type<\/td>\n<td>Propagation<\/td>\n<\/tr>\n<tr>\n<td>Diam\u00e8tre sup\u00e9rieur<\/td>\n<td>15cm\/6inch<\/td>\n<\/tr>\n<tr>\n<td>Diam\u00e8tre du fond<\/td>\n<td>12cm\/4.7inch<\/td>\n<\/tr>\n<tr>\n<td>Hauteur<\/td>\n<td>1,5cm\/0,6inch<\/td>\n<\/tr>\n<tr>\n<td>Poids<\/td>\n<td>27g<\/td>\n<\/tr>\n<\/tbody>\n<\/table>\n<\/section>\n<p><strong>Nos services<\/strong><\/p>\n<p><img loading=\"lazy\" decoding=\"async\" src=\"https:\/\/www.ronboplastic.com\/wp-content\/uploads\/2025\/09\/202205131612159a16ace32ec04133ae6f48e4dcaa3c85.jpg\" alt=\"Soucoupe pour plantes de 6 pouces\" width=\"800\" height=\"207\" \/><\/p>\n<p><img loading=\"lazy\" decoding=\"async\" src=\"https:\/\/www.ronboplastic.com\/wp-content\/uploads\/2025\/09\/2022052411022769afc5a8ee884858a93ba5486be9d6b4.jpg\" alt=\"Soucoupe pour plantes de 6 pouces\" width=\"800\" height=\"840\" \/><\/p>\n<p class=\"productsTags\">Hot Tags : 6 inch plant saucer, suppliers, manufacturers, factory, wholesale, for sale<\/p>","protected":false},"excerpt":{"rendered":"<p>La taille de la soucoupe pour plantes de 6 pouces est de 6 pouces pour le diam\u00e8tre sup\u00e9rieur, 4,7 pouces pour le diam\u00e8tre inf\u00e9rieur et 0,5 pouces pour la hauteur. La soucoupe pour plantes peut contenir des pots d'un diam\u00e8tre inf\u00e9rieur \u00e0 4,7 pouces, de sorte que lorsque les pots sont arros\u00e9s, ils ne laissent pas d'eau sur le sol ou dans la cour. Apr\u00e8s tout, les ressources en eau douce sont limit\u00e9es sur la terre o\u00f9 nous vivons. Avec ce pot, vous pouvez garder vos espaces floraux propres, emp\u00eacher vos plantes de pourrir, retenir l'humidit\u00e9 et la respiration, \u00e9conomiser de l'argent et prot\u00e9ger l'environnement dans lequel nous vivons tous.<\/p>","protected":false},"featured_media":9102,"comment_status":"open","ping_status":"open","template":"","meta":[],"product_brand":[],"product_cat":[146],"product_tag":[],"class_list":{"0":"post-9148","1":"product","2":"type-product","3":"status-publish","4":"has-post-thumbnail","6":"product_cat-saucers","8":"first","9":"instock","10":"shipping-taxable","11":"product-type-simple"},"yoast_head":"<!-- This site is optimized with the Yoast SEO plugin v26.1.1 - https:\/\/yoast.com\/wordpress\/plugins\/seo\/ -->\n<title>6 Inch Plant Saucer - Ronbo Sunrise Pots &amp; Planters<\/title>\n<meta name=\"robots\" content=\"index, follow, max-snippet:-1, max-image-preview:large, max-video-preview:-1\" \/>\n<link rel=\"canonical\" href=\"https:\/\/www.ronboplastic.com\/fr\/produit\/soucoupe-pour-plantes-de-6-pouces\/\" \/>\n<meta property=\"og:locale\" content=\"fr_FR\" \/>\n<meta property=\"og:type\" content=\"article\" \/>\n<meta property=\"og:title\" content=\"6 Inch Plant Saucer - Ronbo Sunrise Pots &amp; Planters\" \/>\n<meta property=\"og:description\" content=\"The size of 6\u00a0inch\u00a0plant\u00a0saucer is 6 inches in the top diameter, 4.7 inches in the bottom diameter and 0.5 inches in the height. The Plant Saucer can place POTS with a diameter smaller than 4.7 inches in the bottom, so that when the pots are watered, they won&#039;t leave water on your floor or in the yard. After all, fresh water resources are limited in the earth where we live. With this pot, you can keep your flower areas clean, keep your plants from rotting, retain moisture and breath, save you money, and protect the environment we all live in.\" \/>\n<meta property=\"og:url\" content=\"https:\/\/www.ronboplastic.com\/fr\/produit\/soucoupe-pour-plantes-de-6-pouces\/\" \/>\n<meta property=\"og:site_name\" content=\"Ronbo Sunrise Pots &amp; Planters\" \/>\n<meta property=\"article:modified_time\" content=\"2026-05-09T09:02:22+00:00\" \/>\n<meta property=\"og:image\" content=\"https:\/\/www.ronboplastic.com\/wp-content\/uploads\/2025\/09\/4.png\" \/>\n\t<meta property=\"og:image:width\" content=\"730\" \/>\n\t<meta property=\"og:image:height\" content=\"730\" \/>\n\t<meta property=\"og:image:type\" content=\"image\/png\" \/>\n<meta name=\"twitter:card\" content=\"summary_large_image\" \/>\n<meta name=\"twitter:label1\" content=\"Dur\u00e9e de lecture estim\u00e9e\" \/>\n\t<meta name=\"twitter:data1\" content=\"1 minute\" \/>\n<script type=\"application\/ld+json\" class=\"yoast-schema-graph\">{\"@context\":\"https:\/\/schema.org\",\"@graph\":[{\"@type\":\"WebPage\",\"@id\":\"https:\/\/www.ronboplastic.com\/product\/6-inch-plant-saucer\/\",\"url\":\"https:\/\/www.ronboplastic.com\/product\/6-inch-plant-saucer\/\",\"name\":\"6 Inch Plant Saucer - Ronbo Sunrise Pots &amp; Planters\",\"isPartOf\":{\"@id\":\"https:\/\/www.ronboplastic.com\/#website\"},\"primaryImageOfPage\":{\"@id\":\"https:\/\/www.ronboplastic.com\/product\/6-inch-plant-saucer\/#primaryimage\"},\"image\":{\"@id\":\"https:\/\/www.ronboplastic.com\/product\/6-inch-plant-saucer\/#primaryimage\"},\"thumbnailUrl\":\"https:\/\/www.ronboplastic.com\/wp-content\/uploads\/2025\/09\/4.png\",\"datePublished\":\"2024-09-26T22:54:30+00:00\",\"dateModified\":\"2026-05-09T09:02:22+00:00\",\"breadcrumb\":{\"@id\":\"https:\/\/www.ronboplastic.com\/product\/6-inch-plant-saucer\/#breadcrumb\"},\"inLanguage\":\"fr-FR\",\"potentialAction\":[{\"@type\":\"ReadAction\",\"target\":[\"https:\/\/www.ronboplastic.com\/product\/6-inch-plant-saucer\/\"]}]},{\"@type\":\"ImageObject\",\"inLanguage\":\"fr-FR\",\"@id\":\"https:\/\/www.ronboplastic.com\/product\/6-inch-plant-saucer\/#primaryimage\",\"url\":\"https:\/\/www.ronboplastic.com\/wp-content\/uploads\/2025\/09\/4.png\",\"contentUrl\":\"https:\/\/www.ronboplastic.com\/wp-content\/uploads\/2025\/09\/4.png\",\"width\":730,\"height\":730,\"caption\":\"plant pots saucer\"},{\"@type\":\"BreadcrumbList\",\"@id\":\"https:\/\/www.ronboplastic.com\/product\/6-inch-plant-saucer\/#breadcrumb\",\"itemListElement\":[{\"@type\":\"ListItem\",\"position\":1,\"name\":\"\u9996\u9875\",\"item\":\"https:\/\/www.ronboplastic.com\/\"},{\"@type\":\"ListItem\",\"position\":2,\"name\":\"Products\",\"item\":\"http:\/\/www.ronboplastic.com\/products\/\"},{\"@type\":\"ListItem\",\"position\":3,\"name\":\"6 Inch Plant Saucer\"}]},{\"@type\":\"WebSite\",\"@id\":\"https:\/\/www.ronboplastic.com\/#website\",\"url\":\"https:\/\/www.ronboplastic.com\/\",\"name\":\"Ronbo Sunrise Pots &amp; Planters\",\"description\":\"Flower Pots &amp; Planters\",\"potentialAction\":[{\"@type\":\"SearchAction\",\"target\":{\"@type\":\"EntryPoint\",\"urlTemplate\":\"https:\/\/www.ronboplastic.com\/?s={search_term_string}\"},\"query-input\":{\"@type\":\"PropertyValueSpecification\",\"valueRequired\":true,\"valueName\":\"search_term_string\"}}],\"inLanguage\":\"fr-FR\"}]}<\/script>\n<!-- \/ Yoast SEO plugin. -->","yoast_head_json":{"title":"6 Inch Plant Saucer - Ronbo Sunrise Pots &amp; Planters","robots":{"index":"index","follow":"follow","max-snippet":"max-snippet:-1","max-image-preview":"max-image-preview:large","max-video-preview":"max-video-preview:-1"},"canonical":"https:\/\/www.ronboplastic.com\/fr\/produit\/soucoupe-pour-plantes-de-6-pouces\/","og_locale":"fr_FR","og_type":"article","og_title":"6 Inch Plant Saucer - Ronbo Sunrise Pots &amp; Planters","og_description":"The size of 6\u00a0inch\u00a0plant\u00a0saucer is 6 inches in the top diameter, 4.7 inches in the bottom diameter and 0.5 inches in the height. The Plant Saucer can place POTS with a diameter smaller than 4.7 inches in the bottom, so that when the pots are watered, they won't leave water on your floor or in the yard. After all, fresh water resources are limited in the earth where we live. With this pot, you can keep your flower areas clean, keep your plants from rotting, retain moisture and breath, save you money, and protect the environment we all live in.","og_url":"https:\/\/www.ronboplastic.com\/fr\/produit\/soucoupe-pour-plantes-de-6-pouces\/","og_site_name":"Ronbo Sunrise Pots &amp; Planters","article_modified_time":"2026-05-09T09:02:22+00:00","og_image":[{"width":730,"height":730,"url":"https:\/\/www.ronboplastic.com\/wp-content\/uploads\/2025\/09\/4.png","type":"image\/png"}],"twitter_card":"summary_large_image","twitter_misc":{"Dur\u00e9e de lecture estim\u00e9e":"1 minute"},"schema":{"@context":"https:\/\/schema.org","@graph":[{"@type":"WebPage","@id":"https:\/\/www.ronboplastic.com\/product\/6-inch-plant-saucer\/","url":"https:\/\/www.ronboplastic.com\/product\/6-inch-plant-saucer\/","name":"6 Inch Plant Saucer - Ronbo Sunrise Pots &amp; Planters","isPartOf":{"@id":"https:\/\/www.ronboplastic.com\/#website"},"primaryImageOfPage":{"@id":"https:\/\/www.ronboplastic.com\/product\/6-inch-plant-saucer\/#primaryimage"},"image":{"@id":"https:\/\/www.ronboplastic.com\/product\/6-inch-plant-saucer\/#primaryimage"},"thumbnailUrl":"https:\/\/www.ronboplastic.com\/wp-content\/uploads\/2025\/09\/4.png","datePublished":"2024-09-26T22:54:30+00:00","dateModified":"2026-05-09T09:02:22+00:00","breadcrumb":{"@id":"https:\/\/www.ronboplastic.com\/product\/6-inch-plant-saucer\/#breadcrumb"},"inLanguage":"fr-FR","potentialAction":[{"@type":"ReadAction","target":["https:\/\/www.ronboplastic.com\/product\/6-inch-plant-saucer\/"]}]},{"@type":"ImageObject","inLanguage":"fr-FR","@id":"https:\/\/www.ronboplastic.com\/product\/6-inch-plant-saucer\/#primaryimage","url":"https:\/\/www.ronboplastic.com\/wp-content\/uploads\/2025\/09\/4.png","contentUrl":"https:\/\/www.ronboplastic.com\/wp-content\/uploads\/2025\/09\/4.png","width":730,"height":730,"caption":"plant pots saucer"},{"@type":"BreadcrumbList","@id":"https:\/\/www.ronboplastic.com\/product\/6-inch-plant-saucer\/#breadcrumb","itemListElement":[{"@type":"ListItem","position":1,"name":"\u9996\u9875","item":"https:\/\/www.ronboplastic.com\/"},{"@type":"ListItem","position":2,"name":"Products","item":"http:\/\/www.ronboplastic.com\/products\/"},{"@type":"ListItem","position":3,"name":"6 Inch Plant Saucer"}]},{"@type":"WebSite","@id":"https:\/\/www.ronboplastic.com\/#website","url":"https:\/\/www.ronboplastic.com\/","name":"Ronbo Sunrise Pots &amp; Planters","description":"Pots de fleurs et jardini\u00e8res","potentialAction":[{"@type":"SearchAction","target":{"@type":"EntryPoint","urlTemplate":"https:\/\/www.ronboplastic.com\/?s={search_term_string}"},"query-input":{"@type":"PropertyValueSpecification","valueRequired":true,"valueName":"search_term_string"}}],"inLanguage":"fr-FR"}]}},"_links":{"self":[{"href":"https:\/\/www.ronboplastic.com\/fr\/wp-json\/wp\/v2\/product\/9148","targetHints":{"allow":["GET"]}}],"collection":[{"href":"https:\/\/www.ronboplastic.com\/fr\/wp-json\/wp\/v2\/product"}],"about":[{"href":"https:\/\/www.ronboplastic.com\/fr\/wp-json\/wp\/v2\/types\/product"}],"replies":[{"embeddable":true,"href":"https:\/\/www.ronboplastic.com\/fr\/wp-json\/wp\/v2\/comments?post=9148"}],"wp:featuredmedia":[{"embeddable":true,"href":"https:\/\/www.ronboplastic.com\/fr\/wp-json\/wp\/v2\/media\/9102"}],"wp:attachment":[{"href":"https:\/\/www.ronboplastic.com\/fr\/wp-json\/wp\/v2\/media?parent=9148"}],"wp:term":[{"taxonomy":"product_brand","embeddable":true,"href":"https:\/\/www.ronboplastic.com\/fr\/wp-json\/wp\/v2\/product_brand?post=9148"},{"taxonomy":"product_cat","embeddable":true,"href":"https:\/\/www.ronboplastic.com\/fr\/wp-json\/wp\/v2\/product_cat?post=9148"},{"taxonomy":"product_tag","embeddable":true,"href":"https:\/\/www.ronboplastic.com\/fr\/wp-json\/wp\/v2\/product_tag?post=9148"}],"curies":[{"name":"wp","href":"https:\/\/api.w.org\/{rel}","templated":true}]}}