{"id":9142,"date":"2024-09-27T06:41:56","date_gmt":"2024-09-26T22:41:56","guid":{"rendered":"https:\/\/www.ronboplastic.com\/index.php\/product\/11-inch-plant-saucer\/"},"modified":"2025-09-08T14:18:30","modified_gmt":"2025-09-08T06:18:30","slug":"soucoupe-pour-plantes-de-11-pouces","status":"publish","type":"product","link":"https:\/\/www.ronboplastic.com\/fr\/produits\/soucoupe-pour-plantes-de-11-pouces\/","title":{"rendered":"Soucoupe pour plantes de 11 pouces"},"content":{"rendered":"<p>La soucoupe pour plantes de 11 pouces mesure 30 cm de diam\u00e8tre et 25 cm de diam\u00e8tre \u00e0 la base. Tous les pots et jardini\u00e8res d'un diam\u00e8tre inf\u00e9rieur \u00e0 9,5 pouces peuvent utiliser la soucoupe pour plantes.  Nos pots de 3 gallons et de 5 gallons peuvent \u00e9galement \u00eatre assortis \u00e0 cette plaque de fond.  La soucoupe pour plantes est fabriqu\u00e9e \u00e0 partir de mat\u00e9riaux recycl\u00e9s en PP, qui sont solides et durables et peuvent \u00eatre utilis\u00e9s pendant 5 \u00e0 10 ans \u00e0 l'int\u00e9rieur et 3 \u00e0 5 ans \u00e0 l'ext\u00e9rieur.Le noir classique s'accorde bien avec les jardini\u00e8res en ciment, les jardini\u00e8res en plastique, les jardini\u00e8res en verre et les jardini\u00e8res pour plantes.<\/p>\n<p><img loading=\"lazy\" decoding=\"async\" title=\"Soucoupe pour plantes de 11 pouces\" src=\"https:\/\/www.ronboplastic.com\/wp-content\/uploads\/2025\/09\/2022070411432255e466a32bd249b585b8a2e4f239eb02.jpg\" alt=\"Soucoupe pour plantes de 11 pouces\" width=\"800\" height=\"772\" \/><\/p>\n<p><strong>Sp\u00e9cifications<\/strong><\/p>\n<section class=\"table-wrap\">\n<table class=\"table\" border=\"1\" width=\"100%\" cellspacing=\"0\" cellpadding=\"0\">\n<tbody>\n<tr class=\"firstRow\">\n<td>Num\u00e9ro de mod\u00e8le<\/td>\n<td>D28<\/td>\n<\/tr>\n<tr>\n<td>Type de plastique<\/td>\n<td>PP<\/td>\n<\/tr>\n<tr>\n<td>Type<\/td>\n<td>Propagation<\/td>\n<\/tr>\n<tr>\n<td>Diam\u00e8tre sup\u00e9rieur<\/td>\n<td>28cm\/11.1inch<\/td>\n<\/tr>\n<tr>\n<td>Diam\u00e8tre du fond<\/td>\n<td>23.8cm\/9.4inch<\/td>\n<\/tr>\n<tr>\n<td>Hauteur<\/td>\n<td>3.5cm\/1.2inch<\/td>\n<\/tr>\n<tr>\n<td>Poids<\/td>\n<td>87g<\/td>\n<\/tr>\n<\/tbody>\n<\/table>\n<\/section>\n<p><strong>Nos services<\/strong><\/p>\n<p><img loading=\"lazy\" decoding=\"async\" src=\"https:\/\/www.ronboplastic.com\/wp-content\/uploads\/2025\/09\/202205131612159a16ace32ec04133ae6f48e4dcaa3c85.jpg\" alt=\"Soucoupe pour plantes de 11 pouces\" width=\"800\" height=\"207\" \/><\/p>\n<p><img loading=\"lazy\" decoding=\"async\" src=\"https:\/\/www.ronboplastic.com\/wp-content\/uploads\/2025\/09\/2022052411022769afc5a8ee884858a93ba5486be9d6b4.jpg\" alt=\"Soucoupe pour plantes de 11 pouces\" width=\"800\" height=\"840\" \/><\/p>\n<p class=\"productsTags\">Hot Tags : 11 inch plant saucer, suppliers, manufacturers, factory, wholesale, for sale<\/p>","protected":false},"excerpt":{"rendered":"<p>La soucoupe pour plantes de 11 pouces mesure 30 cm de diam\u00e8tre et 25 cm de diam\u00e8tre \u00e0 la base. Tous les pots et jardini\u00e8res d'un diam\u00e8tre inf\u00e9rieur \u00e0 9,5 pouces peuvent utiliser la soucoupe pour plantes. Nos pots de 3 gallons et de 5 gallons peuvent \u00e9galement \u00eatre assortis \u00e0 cette plaque de fond. La soucoupe pour plantes est fabriqu\u00e9e \u00e0 partir de mat\u00e9riaux recycl\u00e9s en PP, qui sont solides et durables et peuvent \u00eatre utilis\u00e9s pendant 5 \u00e0 10 ans \u00e0 l'int\u00e9rieur et 3 \u00e0 5 ans \u00e0 l'ext\u00e9rieur.Le noir classique s'accorde bien avec les jardini\u00e8res en ciment, les jardini\u00e8res en plastique, les jardini\u00e8res en verre et les jardini\u00e8res pour plantes.<\/p>","protected":false},"featured_media":9113,"comment_status":"open","ping_status":"open","template":"","meta":[],"product_brand":[],"product_cat":[89],"product_tag":[91],"class_list":{"0":"post-9142","1":"product","2":"type-product","3":"status-publish","4":"has-post-thumbnail","6":"product_cat-plant-saucer","7":"product_tag-11-inch-plant-saucer","9":"first","10":"instock","11":"shipping-taxable","12":"product-type-simple"},"yoast_head":"<!-- This site is optimized with the Yoast SEO plugin v26.1.1 - https:\/\/yoast.com\/wordpress\/plugins\/seo\/ -->\n<title>11 Inch Plant Saucer - Ronbo Sunrise Pots &amp; Planters<\/title>\n<meta name=\"robots\" content=\"index, follow, max-snippet:-1, max-image-preview:large, max-video-preview:-1\" \/>\n<link rel=\"canonical\" href=\"https:\/\/www.ronboplastic.com\/fr\/produits\/soucoupe-pour-plantes-de-11-pouces\/\" \/>\n<meta property=\"og:locale\" content=\"fr_FR\" \/>\n<meta property=\"og:type\" content=\"article\" \/>\n<meta property=\"og:title\" content=\"11 Inch Plant Saucer - Ronbo Sunrise Pots &amp; Planters\" \/>\n<meta property=\"og:description\" content=\"The 11\u00a0inch\u00a0plant\u00a0saucer is 30cm in diameter and 25cm (9.5 inches) in diameter at the bottom. All Pots &amp; Planters smaller than 9.5 inches can use the Plant Saucer. Our 3 gallon pot and 5 gallon Pot can also be matched with this bottom plate. Plant Saucer is produced with PP recycled material, which is strong and durable and can be used for 5 to 10 years indoors and 3 to 5 years outdoors.Classic black works well with Cement Planter, Plastic Planter, Glazed Planter,plant planter.\" \/>\n<meta property=\"og:url\" content=\"https:\/\/www.ronboplastic.com\/fr\/produits\/soucoupe-pour-plantes-de-11-pouces\/\" \/>\n<meta property=\"og:site_name\" content=\"Ronbo Sunrise Pots &amp; Planters\" \/>\n<meta property=\"article:modified_time\" content=\"2025-09-08T06:18:30+00:00\" \/>\n<meta property=\"og:image\" content=\"https:\/\/www.ronboplastic.com\/wp-content\/uploads\/2025\/09\/5.png\" \/>\n\t<meta property=\"og:image:width\" content=\"730\" \/>\n\t<meta property=\"og:image:height\" content=\"730\" \/>\n\t<meta property=\"og:image:type\" content=\"image\/png\" \/>\n<meta name=\"twitter:card\" content=\"summary_large_image\" \/>\n<meta name=\"twitter:label1\" content=\"Dur\u00e9e de lecture estim\u00e9e\" \/>\n\t<meta name=\"twitter:data1\" content=\"1 minute\" \/>\n<script type=\"application\/ld+json\" class=\"yoast-schema-graph\">{\"@context\":\"https:\/\/schema.org\",\"@graph\":[{\"@type\":\"WebPage\",\"@id\":\"https:\/\/www.ronboplastic.com\/products\/11-inch-plant-saucer\/\",\"url\":\"https:\/\/www.ronboplastic.com\/products\/11-inch-plant-saucer\/\",\"name\":\"11 Inch Plant Saucer - Ronbo Sunrise Pots &amp; Planters\",\"isPartOf\":{\"@id\":\"https:\/\/www.ronboplastic.com\/#website\"},\"primaryImageOfPage\":{\"@id\":\"https:\/\/www.ronboplastic.com\/products\/11-inch-plant-saucer\/#primaryimage\"},\"image\":{\"@id\":\"https:\/\/www.ronboplastic.com\/products\/11-inch-plant-saucer\/#primaryimage\"},\"thumbnailUrl\":\"https:\/\/www.ronboplastic.com\/wp-content\/uploads\/2025\/09\/5.png\",\"datePublished\":\"2024-09-26T22:41:56+00:00\",\"dateModified\":\"2025-09-08T06:18:30+00:00\",\"breadcrumb\":{\"@id\":\"https:\/\/www.ronboplastic.com\/products\/11-inch-plant-saucer\/#breadcrumb\"},\"inLanguage\":\"fr-FR\",\"potentialAction\":[{\"@type\":\"ReadAction\",\"target\":[\"https:\/\/www.ronboplastic.com\/products\/11-inch-plant-saucer\/\"]}]},{\"@type\":\"ImageObject\",\"inLanguage\":\"fr-FR\",\"@id\":\"https:\/\/www.ronboplastic.com\/products\/11-inch-plant-saucer\/#primaryimage\",\"url\":\"https:\/\/www.ronboplastic.com\/wp-content\/uploads\/2025\/09\/5.png\",\"contentUrl\":\"https:\/\/www.ronboplastic.com\/wp-content\/uploads\/2025\/09\/5.png\",\"width\":730,\"height\":730,\"caption\":\"plant pots saucer\"},{\"@type\":\"BreadcrumbList\",\"@id\":\"https:\/\/www.ronboplastic.com\/products\/11-inch-plant-saucer\/#breadcrumb\",\"itemListElement\":[{\"@type\":\"ListItem\",\"position\":1,\"name\":\"\u9996\u9875\",\"item\":\"https:\/\/www.ronboplastic.com\/\"},{\"@type\":\"ListItem\",\"position\":2,\"name\":\"Products\",\"item\":\"http:\/\/www.ronboplastic.com\/products\/\"},{\"@type\":\"ListItem\",\"position\":3,\"name\":\"11 Inch Plant Saucer\"}]},{\"@type\":\"WebSite\",\"@id\":\"https:\/\/www.ronboplastic.com\/#website\",\"url\":\"https:\/\/www.ronboplastic.com\/\",\"name\":\"Ronbo Sunrise Pots &amp; Planters\",\"description\":\"Flower Pots &amp; Planters\",\"potentialAction\":[{\"@type\":\"SearchAction\",\"target\":{\"@type\":\"EntryPoint\",\"urlTemplate\":\"https:\/\/www.ronboplastic.com\/?s={search_term_string}\"},\"query-input\":{\"@type\":\"PropertyValueSpecification\",\"valueRequired\":true,\"valueName\":\"search_term_string\"}}],\"inLanguage\":\"fr-FR\"}]}<\/script>\n<!-- \/ Yoast SEO plugin. -->","yoast_head_json":{"title":"11 Inch Plant Saucer - Ronbo Sunrise Pots &amp; Planters","robots":{"index":"index","follow":"follow","max-snippet":"max-snippet:-1","max-image-preview":"max-image-preview:large","max-video-preview":"max-video-preview:-1"},"canonical":"https:\/\/www.ronboplastic.com\/fr\/produits\/soucoupe-pour-plantes-de-11-pouces\/","og_locale":"fr_FR","og_type":"article","og_title":"11 Inch Plant Saucer - Ronbo Sunrise Pots &amp; Planters","og_description":"The 11\u00a0inch\u00a0plant\u00a0saucer is 30cm in diameter and 25cm (9.5 inches) in diameter at the bottom. All Pots &amp; Planters smaller than 9.5 inches can use the Plant Saucer. Our 3 gallon pot and 5 gallon Pot can also be matched with this bottom plate. Plant Saucer is produced with PP recycled material, which is strong and durable and can be used for 5 to 10 years indoors and 3 to 5 years outdoors.Classic black works well with Cement Planter, Plastic Planter, Glazed Planter,plant planter.","og_url":"https:\/\/www.ronboplastic.com\/fr\/produits\/soucoupe-pour-plantes-de-11-pouces\/","og_site_name":"Ronbo Sunrise Pots &amp; Planters","article_modified_time":"2025-09-08T06:18:30+00:00","og_image":[{"width":730,"height":730,"url":"https:\/\/www.ronboplastic.com\/wp-content\/uploads\/2025\/09\/5.png","type":"image\/png"}],"twitter_card":"summary_large_image","twitter_misc":{"Dur\u00e9e de lecture estim\u00e9e":"1 minute"},"schema":{"@context":"https:\/\/schema.org","@graph":[{"@type":"WebPage","@id":"https:\/\/www.ronboplastic.com\/products\/11-inch-plant-saucer\/","url":"https:\/\/www.ronboplastic.com\/products\/11-inch-plant-saucer\/","name":"11 Inch Plant Saucer - Ronbo Sunrise Pots &amp; Planters","isPartOf":{"@id":"https:\/\/www.ronboplastic.com\/#website"},"primaryImageOfPage":{"@id":"https:\/\/www.ronboplastic.com\/products\/11-inch-plant-saucer\/#primaryimage"},"image":{"@id":"https:\/\/www.ronboplastic.com\/products\/11-inch-plant-saucer\/#primaryimage"},"thumbnailUrl":"https:\/\/www.ronboplastic.com\/wp-content\/uploads\/2025\/09\/5.png","datePublished":"2024-09-26T22:41:56+00:00","dateModified":"2025-09-08T06:18:30+00:00","breadcrumb":{"@id":"https:\/\/www.ronboplastic.com\/products\/11-inch-plant-saucer\/#breadcrumb"},"inLanguage":"fr-FR","potentialAction":[{"@type":"ReadAction","target":["https:\/\/www.ronboplastic.com\/products\/11-inch-plant-saucer\/"]}]},{"@type":"ImageObject","inLanguage":"fr-FR","@id":"https:\/\/www.ronboplastic.com\/products\/11-inch-plant-saucer\/#primaryimage","url":"https:\/\/www.ronboplastic.com\/wp-content\/uploads\/2025\/09\/5.png","contentUrl":"https:\/\/www.ronboplastic.com\/wp-content\/uploads\/2025\/09\/5.png","width":730,"height":730,"caption":"plant pots saucer"},{"@type":"BreadcrumbList","@id":"https:\/\/www.ronboplastic.com\/products\/11-inch-plant-saucer\/#breadcrumb","itemListElement":[{"@type":"ListItem","position":1,"name":"\u9996\u9875","item":"https:\/\/www.ronboplastic.com\/"},{"@type":"ListItem","position":2,"name":"Products","item":"http:\/\/www.ronboplastic.com\/products\/"},{"@type":"ListItem","position":3,"name":"11 Inch Plant Saucer"}]},{"@type":"WebSite","@id":"https:\/\/www.ronboplastic.com\/#website","url":"https:\/\/www.ronboplastic.com\/","name":"Ronbo Sunrise Pots &amp; Planters","description":"Pots de fleurs et jardini\u00e8res","potentialAction":[{"@type":"SearchAction","target":{"@type":"EntryPoint","urlTemplate":"https:\/\/www.ronboplastic.com\/?s={search_term_string}"},"query-input":{"@type":"PropertyValueSpecification","valueRequired":true,"valueName":"search_term_string"}}],"inLanguage":"fr-FR"}]}},"_links":{"self":[{"href":"https:\/\/www.ronboplastic.com\/fr\/wp-json\/wp\/v2\/product\/9142","targetHints":{"allow":["GET"]}}],"collection":[{"href":"https:\/\/www.ronboplastic.com\/fr\/wp-json\/wp\/v2\/product"}],"about":[{"href":"https:\/\/www.ronboplastic.com\/fr\/wp-json\/wp\/v2\/types\/product"}],"replies":[{"embeddable":true,"href":"https:\/\/www.ronboplastic.com\/fr\/wp-json\/wp\/v2\/comments?post=9142"}],"wp:featuredmedia":[{"embeddable":true,"href":"https:\/\/www.ronboplastic.com\/fr\/wp-json\/wp\/v2\/media\/9113"}],"wp:attachment":[{"href":"https:\/\/www.ronboplastic.com\/fr\/wp-json\/wp\/v2\/media?parent=9142"}],"wp:term":[{"taxonomy":"product_brand","embeddable":true,"href":"https:\/\/www.ronboplastic.com\/fr\/wp-json\/wp\/v2\/product_brand?post=9142"},{"taxonomy":"product_cat","embeddable":true,"href":"https:\/\/www.ronboplastic.com\/fr\/wp-json\/wp\/v2\/product_cat?post=9142"},{"taxonomy":"product_tag","embeddable":true,"href":"https:\/\/www.ronboplastic.com\/fr\/wp-json\/wp\/v2\/product_tag?post=9142"}],"curies":[{"name":"wp","href":"https:\/\/api.w.org\/{rel}","templated":true}]}}