{"id":9117,"date":"2024-09-26T06:07:54","date_gmt":"2024-09-25T22:07:54","guid":{"rendered":"https:\/\/www.ronboplastic.com\/index.php\/product\/14-inch-plant-pot-saucers\/"},"modified":"2025-09-08T14:18:16","modified_gmt":"2025-09-08T06:18:16","slug":"soucoupes-pour-pots-de-plantes-de-14-pouces","status":"publish","type":"product","link":"https:\/\/www.ronboplastic.com\/fr\/produit\/soucoupes-pour-pots-de-plantes-de-14-pouces\/","title":{"rendered":"14 Inch Plant Pot Saucers"},"content":{"rendered":"<p>14 bacs \u00e0 fleurs en plastique c\u00e9ramique ronde ch\u00e2ssis de plantes multi viande bac \u00e0 fond \u00e9pais bac \u00e0 fleurs \u00e0 fond multicolore, bac \u00e9pais et durable, bien plus \u00e9pais qu'un bac ordinaire, \u00e9pais et anti-chute, nouvelle r\u00e9sine PP, sans odeur, protection de l'environnement et durabilit\u00e9, peut stocker de l'eau en profondeur pour emp\u00eacher l'eau de se r\u00e9pandre.<\/p>\n<p><img loading=\"lazy\" decoding=\"async\" src=\"https:\/\/www.ronboplastic.com\/wp-content\/uploads\/2025\/09\/20220704115417c34cb99b8b344ca5ba5c2f5fb922ddb1.jpg\" alt=\"14 Inch Plant Pot Saucers\" width=\"800\" height=\"772\" \/><\/p>\n<p><strong>Sp\u00e9cifications<\/strong><\/p>\n<section class=\"table-wrap\">\n<table class=\"table\" border=\"1\" width=\"100%\" cellspacing=\"0\" cellpadding=\"0\">\n<tbody>\n<tr class=\"firstRow\">\n<td>Num\u00e9ro de mod\u00e8le<\/td>\n<td>D37<\/td>\n<\/tr>\n<tr>\n<td>Type de plastique<\/td>\n<td>PP<\/td>\n<\/tr>\n<tr>\n<td>Type<\/td>\n<td>Propagation<\/td>\n<\/tr>\n<tr>\n<td>Diam\u00e8tre sup\u00e9rieur<\/td>\n<td>37cm\/14.6inch<\/td>\n<\/tr>\n<tr>\n<td>Diam\u00e8tre du fond<\/td>\n<td>30.3cm\/12inch<\/td>\n<\/tr>\n<tr>\n<td>Hauteur<\/td>\n<td>4.5cm\/2inch<\/td>\n<\/tr>\n<tr>\n<td>Poids<\/td>\n<td>167g<\/td>\n<\/tr>\n<\/tbody>\n<\/table>\n<\/section>\n<p><strong>Nos services<\/strong><\/p>\n<p><img loading=\"lazy\" decoding=\"async\" src=\"https:\/\/www.ronboplastic.com\/wp-content\/uploads\/2025\/09\/202205131612159a16ace32ec04133ae6f48e4dcaa3c85.jpg\" alt=\"14 Inch Plant Pot Saucers\" width=\"800\" height=\"207\" \/><\/p>\n<p><img loading=\"lazy\" decoding=\"async\" src=\"https:\/\/www.ronboplastic.com\/wp-content\/uploads\/2025\/09\/2022052411022769afc5a8ee884858a93ba5486be9d6b4.jpg\" alt=\"14 Inch Plant Pot Saucers\" width=\"800\" height=\"840\" \/><\/p>\n<p class=\"productsTags\">Hot Tags : 14 pouces soucoupes de pot de plantes, fournisseurs, fabricants, usine, wholesale, pour la vente<\/p>","protected":false},"excerpt":{"rendered":"<p>14 bacs \u00e0 fleurs en plastique c\u00e9ramique ronde ch\u00e2ssis de plantes multi viande bac \u00e0 fond \u00e9pais bac \u00e0 fleurs \u00e0 fond multicolore, bac \u00e9pais et durable, bien plus \u00e9pais qu'un bac ordinaire, \u00e9pais et anti-chute, nouvelle r\u00e9sine PP, sans odeur, protection de l'environnement et durabilit\u00e9, peut stocker de l'eau en profondeur pour emp\u00eacher l'eau de se r\u00e9pandre.<\/p>","protected":false},"featured_media":9120,"comment_status":"open","ping_status":"open","template":"","meta":[],"product_brand":[],"product_cat":[89],"product_tag":[],"class_list":{"0":"post-9117","1":"product","2":"type-product","3":"status-publish","4":"has-post-thumbnail","6":"product_cat-plant-saucer","8":"first","9":"instock","10":"shipping-taxable","11":"product-type-simple"},"yoast_head":"<!-- This site is optimized with the Yoast SEO plugin v26.1.1 - https:\/\/yoast.com\/wordpress\/plugins\/seo\/ -->\n<title>14 Inch Plant Pot Saucers - Ronbo Sunrise Pots &amp; Planters<\/title>\n<meta name=\"robots\" content=\"index, follow, max-snippet:-1, max-image-preview:large, max-video-preview:-1\" \/>\n<link rel=\"canonical\" href=\"https:\/\/www.ronboplastic.com\/fr\/produit\/soucoupes-pour-pots-de-plantes-de-14-pouces\/\" \/>\n<meta property=\"og:locale\" content=\"fr_FR\" \/>\n<meta property=\"og:type\" content=\"article\" \/>\n<meta property=\"og:title\" content=\"14 Inch Plant Pot Saucers - Ronbo Sunrise Pots &amp; Planters\" \/>\n<meta property=\"og:description\" content=\"14 flowerpot tray plastic round ceramic multi meat plant chassis thickened bottom tray multi-color bottom tray flower tray, thickened and durable tray, far more than the thickness of ordinary tray, thick and anti fall, new PP resin, no odor, environmental protection and durability, deep can store water to prevent water from spilling.\" \/>\n<meta property=\"og:url\" content=\"https:\/\/www.ronboplastic.com\/fr\/produit\/soucoupes-pour-pots-de-plantes-de-14-pouces\/\" \/>\n<meta property=\"og:site_name\" content=\"Ronbo Sunrise Pots &amp; Planters\" \/>\n<meta property=\"article:modified_time\" content=\"2025-09-08T06:18:16+00:00\" \/>\n<meta property=\"og:image\" content=\"https:\/\/www.ronboplastic.com\/wp-content\/uploads\/2025\/09\/444-1-1.png\" \/>\n\t<meta property=\"og:image:width\" content=\"730\" \/>\n\t<meta property=\"og:image:height\" content=\"730\" \/>\n\t<meta property=\"og:image:type\" content=\"image\/png\" \/>\n<meta name=\"twitter:card\" content=\"summary_large_image\" \/>\n<script type=\"application\/ld+json\" class=\"yoast-schema-graph\">{\"@context\":\"https:\/\/schema.org\",\"@graph\":[{\"@type\":\"WebPage\",\"@id\":\"https:\/\/www.ronboplastic.com\/fr\/produit\/soucoupes-pour-pots-de-plantes-de-14-pouces\/\",\"url\":\"https:\/\/www.ronboplastic.com\/fr\/produit\/soucoupes-pour-pots-de-plantes-de-14-pouces\/\",\"name\":\"14 Inch Plant Pot Saucers - Ronbo Sunrise Pots &amp; Planters\",\"isPartOf\":{\"@id\":\"https:\/\/www.ronboplastic.com\/#website\"},\"primaryImageOfPage\":{\"@id\":\"https:\/\/www.ronboplastic.com\/fr\/produit\/soucoupes-pour-pots-de-plantes-de-14-pouces\/#primaryimage\"},\"image\":{\"@id\":\"https:\/\/www.ronboplastic.com\/fr\/produit\/soucoupes-pour-pots-de-plantes-de-14-pouces\/#primaryimage\"},\"thumbnailUrl\":\"https:\/\/www.ronboplastic.com\/wp-content\/uploads\/2025\/09\/444-1-1.png\",\"datePublished\":\"2024-09-25T22:07:54+00:00\",\"dateModified\":\"2025-09-08T06:18:16+00:00\",\"breadcrumb\":{\"@id\":\"https:\/\/www.ronboplastic.com\/fr\/produit\/soucoupes-pour-pots-de-plantes-de-14-pouces\/#breadcrumb\"},\"inLanguage\":\"fr-FR\",\"potentialAction\":[{\"@type\":\"ReadAction\",\"target\":[\"https:\/\/www.ronboplastic.com\/fr\/produit\/soucoupes-pour-pots-de-plantes-de-14-pouces\/\"]}]},{\"@type\":\"ImageObject\",\"inLanguage\":\"fr-FR\",\"@id\":\"https:\/\/www.ronboplastic.com\/fr\/produit\/soucoupes-pour-pots-de-plantes-de-14-pouces\/#primaryimage\",\"url\":\"https:\/\/www.ronboplastic.com\/wp-content\/uploads\/2025\/09\/444-1-1.png\",\"contentUrl\":\"https:\/\/www.ronboplastic.com\/wp-content\/uploads\/2025\/09\/444-1-1.png\",\"width\":730,\"height\":730,\"caption\":\"plant pots saucer\"},{\"@type\":\"BreadcrumbList\",\"@id\":\"https:\/\/www.ronboplastic.com\/fr\/produit\/soucoupes-pour-pots-de-plantes-de-14-pouces\/#breadcrumb\",\"itemListElement\":[{\"@type\":\"ListItem\",\"position\":1,\"name\":\"\u9996\u9875\",\"item\":\"https:\/\/www.ronboplastic.com\/\"},{\"@type\":\"ListItem\",\"position\":2,\"name\":\"Products\",\"item\":\"http:\/\/www.ronboplastic.com\/products\/\"},{\"@type\":\"ListItem\",\"position\":3,\"name\":\"14 Inch Plant Pot Saucers\"}]},{\"@type\":\"WebSite\",\"@id\":\"https:\/\/www.ronboplastic.com\/#website\",\"url\":\"https:\/\/www.ronboplastic.com\/\",\"name\":\"Ronbo Sunrise Pots &amp; Planters\",\"description\":\"Flower Pots &amp; Planters\",\"potentialAction\":[{\"@type\":\"SearchAction\",\"target\":{\"@type\":\"EntryPoint\",\"urlTemplate\":\"https:\/\/www.ronboplastic.com\/?s={search_term_string}\"},\"query-input\":{\"@type\":\"PropertyValueSpecification\",\"valueRequired\":true,\"valueName\":\"search_term_string\"}}],\"inLanguage\":\"fr-FR\"}]}<\/script>\n<!-- \/ Yoast SEO plugin. -->","yoast_head_json":{"title":"14 Inch Plant Pot Saucers - Ronbo Sunrise Pots &amp; Planters","robots":{"index":"index","follow":"follow","max-snippet":"max-snippet:-1","max-image-preview":"max-image-preview:large","max-video-preview":"max-video-preview:-1"},"canonical":"https:\/\/www.ronboplastic.com\/fr\/produit\/soucoupes-pour-pots-de-plantes-de-14-pouces\/","og_locale":"fr_FR","og_type":"article","og_title":"14 Inch Plant Pot Saucers - Ronbo Sunrise Pots &amp; Planters","og_description":"14 flowerpot tray plastic round ceramic multi meat plant chassis thickened bottom tray multi-color bottom tray flower tray, thickened and durable tray, far more than the thickness of ordinary tray, thick and anti fall, new PP resin, no odor, environmental protection and durability, deep can store water to prevent water from spilling.","og_url":"https:\/\/www.ronboplastic.com\/fr\/produit\/soucoupes-pour-pots-de-plantes-de-14-pouces\/","og_site_name":"Ronbo Sunrise Pots &amp; Planters","article_modified_time":"2025-09-08T06:18:16+00:00","og_image":[{"width":730,"height":730,"url":"https:\/\/www.ronboplastic.com\/wp-content\/uploads\/2025\/09\/444-1-1.png","type":"image\/png"}],"twitter_card":"summary_large_image","schema":{"@context":"https:\/\/schema.org","@graph":[{"@type":"WebPage","@id":"https:\/\/www.ronboplastic.com\/fr\/produit\/soucoupes-pour-pots-de-plantes-de-14-pouces\/","url":"https:\/\/www.ronboplastic.com\/fr\/produit\/soucoupes-pour-pots-de-plantes-de-14-pouces\/","name":"14 Inch Plant Pot Saucers - Ronbo Sunrise Pots &amp; Planters","isPartOf":{"@id":"https:\/\/www.ronboplastic.com\/#website"},"primaryImageOfPage":{"@id":"https:\/\/www.ronboplastic.com\/fr\/produit\/soucoupes-pour-pots-de-plantes-de-14-pouces\/#primaryimage"},"image":{"@id":"https:\/\/www.ronboplastic.com\/fr\/produit\/soucoupes-pour-pots-de-plantes-de-14-pouces\/#primaryimage"},"thumbnailUrl":"https:\/\/www.ronboplastic.com\/wp-content\/uploads\/2025\/09\/444-1-1.png","datePublished":"2024-09-25T22:07:54+00:00","dateModified":"2025-09-08T06:18:16+00:00","breadcrumb":{"@id":"https:\/\/www.ronboplastic.com\/fr\/produit\/soucoupes-pour-pots-de-plantes-de-14-pouces\/#breadcrumb"},"inLanguage":"fr-FR","potentialAction":[{"@type":"ReadAction","target":["https:\/\/www.ronboplastic.com\/fr\/produit\/soucoupes-pour-pots-de-plantes-de-14-pouces\/"]}]},{"@type":"ImageObject","inLanguage":"fr-FR","@id":"https:\/\/www.ronboplastic.com\/fr\/produit\/soucoupes-pour-pots-de-plantes-de-14-pouces\/#primaryimage","url":"https:\/\/www.ronboplastic.com\/wp-content\/uploads\/2025\/09\/444-1-1.png","contentUrl":"https:\/\/www.ronboplastic.com\/wp-content\/uploads\/2025\/09\/444-1-1.png","width":730,"height":730,"caption":"plant pots saucer"},{"@type":"BreadcrumbList","@id":"https:\/\/www.ronboplastic.com\/fr\/produit\/soucoupes-pour-pots-de-plantes-de-14-pouces\/#breadcrumb","itemListElement":[{"@type":"ListItem","position":1,"name":"\u9996\u9875","item":"https:\/\/www.ronboplastic.com\/"},{"@type":"ListItem","position":2,"name":"Products","item":"http:\/\/www.ronboplastic.com\/products\/"},{"@type":"ListItem","position":3,"name":"14 Inch Plant Pot Saucers"}]},{"@type":"WebSite","@id":"https:\/\/www.ronboplastic.com\/#website","url":"https:\/\/www.ronboplastic.com\/","name":"Ronbo Sunrise Pots &amp; Planters","description":"Pots de fleurs et jardini\u00e8res","potentialAction":[{"@type":"SearchAction","target":{"@type":"EntryPoint","urlTemplate":"https:\/\/www.ronboplastic.com\/?s={search_term_string}"},"query-input":{"@type":"PropertyValueSpecification","valueRequired":true,"valueName":"search_term_string"}}],"inLanguage":"fr-FR"}]}},"_links":{"self":[{"href":"https:\/\/www.ronboplastic.com\/fr\/wp-json\/wp\/v2\/product\/9117","targetHints":{"allow":["GET"]}}],"collection":[{"href":"https:\/\/www.ronboplastic.com\/fr\/wp-json\/wp\/v2\/product"}],"about":[{"href":"https:\/\/www.ronboplastic.com\/fr\/wp-json\/wp\/v2\/types\/product"}],"replies":[{"embeddable":true,"href":"https:\/\/www.ronboplastic.com\/fr\/wp-json\/wp\/v2\/comments?post=9117"}],"wp:featuredmedia":[{"embeddable":true,"href":"https:\/\/www.ronboplastic.com\/fr\/wp-json\/wp\/v2\/media\/9120"}],"wp:attachment":[{"href":"https:\/\/www.ronboplastic.com\/fr\/wp-json\/wp\/v2\/media?parent=9117"}],"wp:term":[{"taxonomy":"product_brand","embeddable":true,"href":"https:\/\/www.ronboplastic.com\/fr\/wp-json\/wp\/v2\/product_brand?post=9117"},{"taxonomy":"product_cat","embeddable":true,"href":"https:\/\/www.ronboplastic.com\/fr\/wp-json\/wp\/v2\/product_cat?post=9117"},{"taxonomy":"product_tag","embeddable":true,"href":"https:\/\/www.ronboplastic.com\/fr\/wp-json\/wp\/v2\/product_tag?post=9117"}],"curies":[{"name":"wp","href":"https:\/\/api.w.org\/{rel}","templated":true}]}}