{"id":9110,"date":"2024-09-25T10:25:38","date_gmt":"2024-09-25T02:25:38","guid":{"rendered":"https:\/\/www.ronboplastic.com\/index.php\/product\/16-inch-plant-saucer\/"},"modified":"2025-09-08T14:18:12","modified_gmt":"2025-09-08T06:18:12","slug":"soucoupe-pour-plantes-de-16-pouces","status":"publish","type":"product","link":"https:\/\/www.ronboplastic.com\/fr\/produit\/soucoupe-pour-plantes-de-16-pouces\/","title":{"rendered":"Soucoupe pour plantes de 16 pouces"},"content":{"rendered":"<p>16 inch plant saucer of the outer diameter is 16.6\u2033,the bottom of the dish is 13.2\u2033 and the height is 2.2\u2033, any bottom diameter less than 14 Go to Plant Saucers for inches.   Ce plateau pour pot de fleurs vous donnera une garantie de haute qualit\u00e9 gr\u00e2ce aux facteurs suivants : fabriqu\u00e9 en PP l\u00e9ger et r\u00e9sistant, suffisamment \u00e9pais, givr\u00e9 et r\u00e9sistant \u00e0 l'usure, ne se d\u00e9formant pas facilement et ne se cassant pas.   Les soucoupes pour plantes sont disponibles pour les pots de 7 gallons, 8 gallons, 10 gallons et 15 gallons.<\/p>\n<p><img loading=\"lazy\" decoding=\"async\" title=\"Soucoupe pour plantes de 16 pouces\" src=\"https:\/\/www.ronboplastic.com\/wp-content\/uploads\/2025\/09\/20220704143630f8b2e5f915df4ae9811dc88761620b82.jpg\" alt=\"Soucoupe pour plantes de 16 pouces\" width=\"800\" height=\"772\" \/><\/p>\n<p><strong>Sp\u00e9cifications<\/strong><\/p>\n<section class=\"table-wrap\">\n<table class=\"table\" border=\"1\" width=\"100%\" cellspacing=\"0\" cellpadding=\"0\">\n<tbody>\n<tr class=\"firstRow\">\n<td>Num\u00e9ro de mod\u00e8le<\/td>\n<td>D42<\/td>\n<\/tr>\n<tr>\n<td>Type de plastique<\/td>\n<td>PP<\/td>\n<\/tr>\n<tr>\n<td>Type<\/td>\n<td>Propagation<\/td>\n<\/tr>\n<tr>\n<td>Diam\u00e8tre sup\u00e9rieur<\/td>\n<td>42cm\/16.6inch<\/td>\n<\/tr>\n<tr>\n<td>Diam\u00e8tre du fond<\/td>\n<td>33.5cm\/13.2inch<\/td>\n<\/tr>\n<tr>\n<td>Hauteur<\/td>\n<td>5.5cm\/2.2inch<\/td>\n<\/tr>\n<tr>\n<td>Poids<\/td>\n<td>250g<\/td>\n<\/tr>\n<\/tbody>\n<\/table>\n<\/section>\n<p><strong>Nos services<\/strong><\/p>\n<p><img loading=\"lazy\" decoding=\"async\" src=\"https:\/\/www.ronboplastic.com\/wp-content\/uploads\/2025\/09\/202205131612159a16ace32ec04133ae6f48e4dcaa3c85.jpg\" alt=\"Soucoupe pour plantes de 16 pouces\" width=\"800\" height=\"207\" \/><\/p>\n<p><img loading=\"lazy\" decoding=\"async\" src=\"https:\/\/www.ronboplastic.com\/wp-content\/uploads\/2025\/09\/2022052411022769afc5a8ee884858a93ba5486be9d6b4.jpg\" alt=\"Soucoupe pour plantes de 16 pouces\" width=\"800\" height=\"840\" \/><\/p>\n<p class=\"productsTags\">Hot Tags : 16 inch plant saucer, suppliers, manufacturers, factory, wholesale, for sale<\/p>","protected":false},"excerpt":{"rendered":"<p>16 inch plant saucer of the outer diameter is 16.6\u2033,the bottom of the dish is 13.2\u2033 and the height is 2.2\u2033, any bottom diameter less than 14 Go to Plant Saucers for inches. Ce plateau pour pot de fleurs vous donnera une garantie de haute qualit\u00e9 gr\u00e2ce aux facteurs suivants : fabriqu\u00e9 en PP l\u00e9ger et r\u00e9sistant, suffisamment \u00e9pais, givr\u00e9 et r\u00e9sistant \u00e0 l'usure, ne se d\u00e9formant pas facilement et ne se cassant pas. Les soucoupes pour plantes sont disponibles pour les pots de 7 gallons, 8 gallons, 10 gallons et 15 gallons.<\/p>","protected":false},"featured_media":9113,"comment_status":"open","ping_status":"open","template":"","meta":[],"product_brand":[],"product_cat":[89],"product_tag":[],"class_list":{"0":"post-9110","1":"product","2":"type-product","3":"status-publish","4":"has-post-thumbnail","6":"product_cat-plant-saucer","8":"first","9":"instock","10":"shipping-taxable","11":"product-type-simple"},"yoast_head":"<!-- This site is optimized with the Yoast SEO plugin v26.1.1 - https:\/\/yoast.com\/wordpress\/plugins\/seo\/ -->\n<title>16 Inch Plant Saucer - Ronbo Sunrise Pots &amp; Planters<\/title>\n<meta name=\"robots\" content=\"index, follow, max-snippet:-1, max-image-preview:large, max-video-preview:-1\" \/>\n<link rel=\"canonical\" href=\"https:\/\/www.ronboplastic.com\/fr\/produit\/soucoupe-pour-plantes-de-16-pouces\/\" \/>\n<meta property=\"og:locale\" content=\"fr_FR\" \/>\n<meta property=\"og:type\" content=\"article\" \/>\n<meta property=\"og:title\" content=\"16 Inch Plant Saucer - Ronbo Sunrise Pots &amp; Planters\" \/>\n<meta property=\"og:description\" content=\"16\u00a0inch\u00a0plant\u00a0saucer of the outer diameter is 16.6&quot;,the bottom of the dish is 13.2&quot; and the height is 2.2&quot;, any bottom diameter less than 14 Go to Plant Saucers for inches. This flowerpot tray will give you a guarantee of high quality by the following factors: made of lightweight, heavy-duty PP material, thick enough, frosted and wear-resistant, not easily deformed or broken. 7 gallon pot, 8 gallon pot, 10 gallon pot and 15 gallon pot are available with the Plant Saucers.\" \/>\n<meta property=\"og:url\" content=\"https:\/\/www.ronboplastic.com\/fr\/produit\/soucoupe-pour-plantes-de-16-pouces\/\" \/>\n<meta property=\"og:site_name\" content=\"Ronbo Sunrise Pots &amp; Planters\" \/>\n<meta property=\"article:modified_time\" content=\"2025-09-08T06:18:12+00:00\" \/>\n<meta property=\"og:image\" content=\"https:\/\/www.ronboplastic.com\/wp-content\/uploads\/2025\/09\/5.png\" \/>\n\t<meta property=\"og:image:width\" content=\"730\" \/>\n\t<meta property=\"og:image:height\" content=\"730\" \/>\n\t<meta property=\"og:image:type\" content=\"image\/png\" \/>\n<meta name=\"twitter:card\" content=\"summary_large_image\" \/>\n<meta name=\"twitter:label1\" content=\"Dur\u00e9e de lecture estim\u00e9e\" \/>\n\t<meta name=\"twitter:data1\" content=\"1 minute\" \/>\n<script type=\"application\/ld+json\" class=\"yoast-schema-graph\">{\"@context\":\"https:\/\/schema.org\",\"@graph\":[{\"@type\":\"WebPage\",\"@id\":\"https:\/\/www.ronboplastic.com\/ru\/%d0%bf%d1%80%d0%be%d0%b4%d1%83%d0%ba%d1%82\/16-2\/\",\"url\":\"https:\/\/www.ronboplastic.com\/ru\/%d0%bf%d1%80%d0%be%d0%b4%d1%83%d0%ba%d1%82\/16-2\/\",\"name\":\"16 Inch Plant Saucer - Ronbo Sunrise Pots &amp; Planters\",\"isPartOf\":{\"@id\":\"https:\/\/www.ronboplastic.com\/#website\"},\"primaryImageOfPage\":{\"@id\":\"https:\/\/www.ronboplastic.com\/ru\/%d0%bf%d1%80%d0%be%d0%b4%d1%83%d0%ba%d1%82\/16-2\/#primaryimage\"},\"image\":{\"@id\":\"https:\/\/www.ronboplastic.com\/ru\/%d0%bf%d1%80%d0%be%d0%b4%d1%83%d0%ba%d1%82\/16-2\/#primaryimage\"},\"thumbnailUrl\":\"https:\/\/www.ronboplastic.com\/wp-content\/uploads\/2025\/09\/5.png\",\"datePublished\":\"2024-09-25T02:25:38+00:00\",\"dateModified\":\"2025-09-08T06:18:12+00:00\",\"breadcrumb\":{\"@id\":\"https:\/\/www.ronboplastic.com\/ru\/%d0%bf%d1%80%d0%be%d0%b4%d1%83%d0%ba%d1%82\/16-2\/#breadcrumb\"},\"inLanguage\":\"fr-FR\",\"potentialAction\":[{\"@type\":\"ReadAction\",\"target\":[\"https:\/\/www.ronboplastic.com\/ru\/%d0%bf%d1%80%d0%be%d0%b4%d1%83%d0%ba%d1%82\/16-2\/\"]}]},{\"@type\":\"ImageObject\",\"inLanguage\":\"fr-FR\",\"@id\":\"https:\/\/www.ronboplastic.com\/ru\/%d0%bf%d1%80%d0%be%d0%b4%d1%83%d0%ba%d1%82\/16-2\/#primaryimage\",\"url\":\"https:\/\/www.ronboplastic.com\/wp-content\/uploads\/2025\/09\/5.png\",\"contentUrl\":\"https:\/\/www.ronboplastic.com\/wp-content\/uploads\/2025\/09\/5.png\",\"width\":730,\"height\":730,\"caption\":\"plant pots saucer\"},{\"@type\":\"BreadcrumbList\",\"@id\":\"https:\/\/www.ronboplastic.com\/ru\/%d0%bf%d1%80%d0%be%d0%b4%d1%83%d0%ba%d1%82\/16-2\/#breadcrumb\",\"itemListElement\":[{\"@type\":\"ListItem\",\"position\":1,\"name\":\"\u9996\u9875\",\"item\":\"https:\/\/www.ronboplastic.com\/\"},{\"@type\":\"ListItem\",\"position\":2,\"name\":\"Products\",\"item\":\"http:\/\/www.ronboplastic.com\/products\/\"},{\"@type\":\"ListItem\",\"position\":3,\"name\":\"16 Inch Plant Saucer\"}]},{\"@type\":\"WebSite\",\"@id\":\"https:\/\/www.ronboplastic.com\/#website\",\"url\":\"https:\/\/www.ronboplastic.com\/\",\"name\":\"Ronbo Sunrise Pots &amp; Planters\",\"description\":\"Flower Pots &amp; Planters\",\"potentialAction\":[{\"@type\":\"SearchAction\",\"target\":{\"@type\":\"EntryPoint\",\"urlTemplate\":\"https:\/\/www.ronboplastic.com\/?s={search_term_string}\"},\"query-input\":{\"@type\":\"PropertyValueSpecification\",\"valueRequired\":true,\"valueName\":\"search_term_string\"}}],\"inLanguage\":\"fr-FR\"}]}<\/script>\n<!-- \/ Yoast SEO plugin. -->","yoast_head_json":{"title":"16 Inch Plant Saucer - Ronbo Sunrise Pots &amp; Planters","robots":{"index":"index","follow":"follow","max-snippet":"max-snippet:-1","max-image-preview":"max-image-preview:large","max-video-preview":"max-video-preview:-1"},"canonical":"https:\/\/www.ronboplastic.com\/fr\/produit\/soucoupe-pour-plantes-de-16-pouces\/","og_locale":"fr_FR","og_type":"article","og_title":"16 Inch Plant Saucer - Ronbo Sunrise Pots &amp; Planters","og_description":"16\u00a0inch\u00a0plant\u00a0saucer of the outer diameter is 16.6\",the bottom of the dish is 13.2\" and the height is 2.2\", any bottom diameter less than 14 Go to Plant Saucers for inches. This flowerpot tray will give you a guarantee of high quality by the following factors: made of lightweight, heavy-duty PP material, thick enough, frosted and wear-resistant, not easily deformed or broken. 7 gallon pot, 8 gallon pot, 10 gallon pot and 15 gallon pot are available with the Plant Saucers.","og_url":"https:\/\/www.ronboplastic.com\/fr\/produit\/soucoupe-pour-plantes-de-16-pouces\/","og_site_name":"Ronbo Sunrise Pots &amp; Planters","article_modified_time":"2025-09-08T06:18:12+00:00","og_image":[{"width":730,"height":730,"url":"https:\/\/www.ronboplastic.com\/wp-content\/uploads\/2025\/09\/5.png","type":"image\/png"}],"twitter_card":"summary_large_image","twitter_misc":{"Dur\u00e9e de lecture estim\u00e9e":"1 minute"},"schema":{"@context":"https:\/\/schema.org","@graph":[{"@type":"WebPage","@id":"https:\/\/www.ronboplastic.com\/ru\/%d0%bf%d1%80%d0%be%d0%b4%d1%83%d0%ba%d1%82\/16-2\/","url":"https:\/\/www.ronboplastic.com\/ru\/%d0%bf%d1%80%d0%be%d0%b4%d1%83%d0%ba%d1%82\/16-2\/","name":"16 Inch Plant Saucer - Ronbo Sunrise Pots &amp; Planters","isPartOf":{"@id":"https:\/\/www.ronboplastic.com\/#website"},"primaryImageOfPage":{"@id":"https:\/\/www.ronboplastic.com\/ru\/%d0%bf%d1%80%d0%be%d0%b4%d1%83%d0%ba%d1%82\/16-2\/#primaryimage"},"image":{"@id":"https:\/\/www.ronboplastic.com\/ru\/%d0%bf%d1%80%d0%be%d0%b4%d1%83%d0%ba%d1%82\/16-2\/#primaryimage"},"thumbnailUrl":"https:\/\/www.ronboplastic.com\/wp-content\/uploads\/2025\/09\/5.png","datePublished":"2024-09-25T02:25:38+00:00","dateModified":"2025-09-08T06:18:12+00:00","breadcrumb":{"@id":"https:\/\/www.ronboplastic.com\/ru\/%d0%bf%d1%80%d0%be%d0%b4%d1%83%d0%ba%d1%82\/16-2\/#breadcrumb"},"inLanguage":"fr-FR","potentialAction":[{"@type":"ReadAction","target":["https:\/\/www.ronboplastic.com\/ru\/%d0%bf%d1%80%d0%be%d0%b4%d1%83%d0%ba%d1%82\/16-2\/"]}]},{"@type":"ImageObject","inLanguage":"fr-FR","@id":"https:\/\/www.ronboplastic.com\/ru\/%d0%bf%d1%80%d0%be%d0%b4%d1%83%d0%ba%d1%82\/16-2\/#primaryimage","url":"https:\/\/www.ronboplastic.com\/wp-content\/uploads\/2025\/09\/5.png","contentUrl":"https:\/\/www.ronboplastic.com\/wp-content\/uploads\/2025\/09\/5.png","width":730,"height":730,"caption":"plant pots saucer"},{"@type":"BreadcrumbList","@id":"https:\/\/www.ronboplastic.com\/ru\/%d0%bf%d1%80%d0%be%d0%b4%d1%83%d0%ba%d1%82\/16-2\/#breadcrumb","itemListElement":[{"@type":"ListItem","position":1,"name":"\u9996\u9875","item":"https:\/\/www.ronboplastic.com\/"},{"@type":"ListItem","position":2,"name":"Products","item":"http:\/\/www.ronboplastic.com\/products\/"},{"@type":"ListItem","position":3,"name":"16 Inch Plant Saucer"}]},{"@type":"WebSite","@id":"https:\/\/www.ronboplastic.com\/#website","url":"https:\/\/www.ronboplastic.com\/","name":"Ronbo Sunrise Pots &amp; Planters","description":"Pots de fleurs et jardini\u00e8res","potentialAction":[{"@type":"SearchAction","target":{"@type":"EntryPoint","urlTemplate":"https:\/\/www.ronboplastic.com\/?s={search_term_string}"},"query-input":{"@type":"PropertyValueSpecification","valueRequired":true,"valueName":"search_term_string"}}],"inLanguage":"fr-FR"}]}},"_links":{"self":[{"href":"https:\/\/www.ronboplastic.com\/fr\/wp-json\/wp\/v2\/product\/9110","targetHints":{"allow":["GET"]}}],"collection":[{"href":"https:\/\/www.ronboplastic.com\/fr\/wp-json\/wp\/v2\/product"}],"about":[{"href":"https:\/\/www.ronboplastic.com\/fr\/wp-json\/wp\/v2\/types\/product"}],"replies":[{"embeddable":true,"href":"https:\/\/www.ronboplastic.com\/fr\/wp-json\/wp\/v2\/comments?post=9110"}],"wp:featuredmedia":[{"embeddable":true,"href":"https:\/\/www.ronboplastic.com\/fr\/wp-json\/wp\/v2\/media\/9113"}],"wp:attachment":[{"href":"https:\/\/www.ronboplastic.com\/fr\/wp-json\/wp\/v2\/media?parent=9110"}],"wp:term":[{"taxonomy":"product_brand","embeddable":true,"href":"https:\/\/www.ronboplastic.com\/fr\/wp-json\/wp\/v2\/product_brand?post=9110"},{"taxonomy":"product_cat","embeddable":true,"href":"https:\/\/www.ronboplastic.com\/fr\/wp-json\/wp\/v2\/product_cat?post=9110"},{"taxonomy":"product_tag","embeddable":true,"href":"https:\/\/www.ronboplastic.com\/fr\/wp-json\/wp\/v2\/product_tag?post=9110"}],"curies":[{"name":"wp","href":"https:\/\/api.w.org\/{rel}","templated":true}]}}