{"id":9099,"date":"2024-09-25T10:21:01","date_gmt":"2024-09-25T02:21:01","guid":{"rendered":"https:\/\/www.ronboplastic.com\/index.php\/product\/21-inch-plastic-plant-saucer\/"},"modified":"2025-09-08T14:18:06","modified_gmt":"2025-09-08T06:18:06","slug":"soucoupe-a-plantes-en-plastique-de-21-pouces","status":"publish","type":"product","link":"https:\/\/www.ronboplastic.com\/fr\/produit\/soucoupe-a-plantes-en-plastique-de-21-pouces\/","title":{"rendered":"Soucoupe \u00e0 plantes en plastique de 21 pouces"},"content":{"rendered":"<p>Soucoupe \u00e0 plantes en plastique de 21 pouces, avec un diam\u00e8tre sup\u00e9rieur de 20,5 pouces, un diam\u00e8tre inf\u00e9rieur de 17 pouces et une hauteur de 2,4 pouces, elle peut \u00eatre utilis\u00e9e pour de grandes plantes ou des arbres dans des POTS de 15 et 20 gallons. Les soucoupes pour plantes peuvent \u00eatre utilis\u00e9es pour tous les pots et jardini\u00e8res dont le diam\u00e8tre du fond est inf\u00e9rieur \u00e0 17 pouces.  Elles sont \u00e9galement tr\u00e8s \u00e9paisses, solides et durables. Les couleurs noir et terre cuite sont disponibles en stock. Nous pouvons \u00e9galement personnaliser d'autres couleurs en grandes quantit\u00e9s.<\/p>\n<p><img loading=\"lazy\" decoding=\"async\" title=\"Soucoupe \u00e0 plantes en plastique de 21 pouces\" src=\"https:\/\/www.ronboplastic.com\/wp-content\/uploads\/2025\/09\/20220704143911390ce700bfbc4dc1b434d0be035b1808.jpg\" alt=\"Soucoupe \u00e0 plantes en plastique de 21 pouces\" width=\"800\" height=\"772\" \/><\/p>\n<p><strong>Sp\u00e9cifications<\/strong><\/p>\n<section class=\"table-wrap\">\n<table class=\"table\" border=\"1\" width=\"100%\" cellspacing=\"0\" cellpadding=\"0\">\n<tbody>\n<tr class=\"firstRow\">\n<td>Num\u00e9ro de mod\u00e8le<\/td>\n<td>D52<\/td>\n<\/tr>\n<tr>\n<td>Type de plastique<\/td>\n<td>PP<\/td>\n<\/tr>\n<tr>\n<td>Type<\/td>\n<td>Propagation<\/td>\n<\/tr>\n<tr>\n<td>Diam\u00e8tre sup\u00e9rieur<\/td>\n<td>52cm\/20.5inch<\/td>\n<\/tr>\n<tr>\n<td>Diam\u00e8tre du fond<\/td>\n<td>43cm\/17inch<\/td>\n<\/tr>\n<tr>\n<td>Hauteur<\/td>\n<td>6cm\/2.4inch<\/td>\n<\/tr>\n<tr>\n<td>Poids<\/td>\n<td>550g<\/td>\n<\/tr>\n<\/tbody>\n<\/table>\n<\/section>\n<p><strong>Nos services<\/strong><\/p>\n<p><img loading=\"lazy\" decoding=\"async\" src=\"https:\/\/www.ronboplastic.com\/wp-content\/uploads\/2025\/09\/202205131612159a16ace32ec04133ae6f48e4dcaa3c85.jpg\" alt=\"Soucoupe \u00e0 plantes en plastique de 21 pouces\" width=\"800\" height=\"207\" \/><\/p>\n<p><img loading=\"lazy\" decoding=\"async\" src=\"https:\/\/www.ronboplastic.com\/wp-content\/uploads\/2025\/09\/2022052411022769afc5a8ee884858a93ba5486be9d6b4.jpg\" alt=\"Soucoupe \u00e0 plantes en plastique de 21 pouces\" width=\"800\" height=\"840\" \/><\/p>\n<p class=\"productsTags\">Hot Tags : 21 inch plastic plant saucer, suppliers, manufacturers, factory, wholesale, for sale<\/p>","protected":false},"excerpt":{"rendered":"<p>Soucoupe pour plantes en plastique de 21 pouces, avec un diam\u00e8tre sup\u00e9rieur de 20,5 pouces, un diam\u00e8tre inf\u00e9rieur de 17 pouces et une hauteur de 2,4 pouces, elle peut \u00eatre utilis\u00e9e pour les grandes plantes ou les arbres dans les POTS de 15 et 20 gallons. Les soucoupes pour plantes peuvent \u00eatre utilis\u00e9es pour tous les pots et jardini\u00e8res dont le diam\u00e8tre du fond est inf\u00e9rieur \u00e0 17 pouces. Elles sont \u00e9galement tr\u00e8s \u00e9paisses, solides et durables. Les couleurs noir et terre cuite sont disponibles en stock. Nous pouvons \u00e9galement personnaliser d'autres couleurs en grandes quantit\u00e9s.<\/p>","protected":false},"featured_media":9102,"comment_status":"open","ping_status":"open","template":"","meta":[],"product_brand":[],"product_cat":[89],"product_tag":[],"class_list":{"0":"post-9099","1":"product","2":"type-product","3":"status-publish","4":"has-post-thumbnail","6":"product_cat-plant-saucer","8":"first","9":"instock","10":"shipping-taxable","11":"product-type-simple"},"yoast_head":"<!-- This site is optimized with the Yoast SEO plugin v26.1.1 - https:\/\/yoast.com\/wordpress\/plugins\/seo\/ -->\n<title>21 Inch Plastic Plant Saucer - Ronbo Sunrise Pots &amp; Planters<\/title>\n<meta name=\"robots\" content=\"index, follow, max-snippet:-1, max-image-preview:large, max-video-preview:-1\" \/>\n<link rel=\"canonical\" href=\"http:\/\/www.ronboplastic.com\/fr\/produit\/soucoupe-a-plantes-en-plastique-de-21-pouces\/\" \/>\n<meta property=\"og:locale\" content=\"fr_FR\" \/>\n<meta property=\"og:type\" content=\"article\" \/>\n<meta property=\"og:title\" content=\"21 Inch Plastic Plant Saucer - Ronbo Sunrise Pots &amp; Planters\" \/>\n<meta property=\"og:description\" content=\"21\u00a0inch\u00a0plastic\u00a0plant\u00a0saucer,its top diameter is 20.5 inches, bottom diameter is 17 inches, and height is 2.4 inches.It can be used for large plants or trees in 15-gallon and 20-gallon POTS. The Plant saucers can be used for all Pots &amp; Planters with a bottom diameter less than 17 inches. It is also very thick,strong and durable. There are plenty of black and terracotta colors in stock. We can also customize other colors in large quantities.\" \/>\n<meta property=\"og:url\" content=\"http:\/\/www.ronboplastic.com\/fr\/produit\/soucoupe-a-plantes-en-plastique-de-21-pouces\/\" \/>\n<meta property=\"og:site_name\" content=\"Ronbo Sunrise Pots &amp; Planters\" \/>\n<meta property=\"article:modified_time\" content=\"2025-09-08T06:18:06+00:00\" \/>\n<meta property=\"og:image\" content=\"https:\/\/www.ronboplastic.com\/wp-content\/uploads\/2025\/09\/4.png\" \/>\n\t<meta property=\"og:image:width\" content=\"730\" \/>\n\t<meta property=\"og:image:height\" content=\"730\" \/>\n\t<meta property=\"og:image:type\" content=\"image\/png\" \/>\n<meta name=\"twitter:card\" content=\"summary_large_image\" \/>\n<meta name=\"twitter:label1\" content=\"Dur\u00e9e de lecture estim\u00e9e\" \/>\n\t<meta name=\"twitter:data1\" content=\"1 minute\" \/>\n<script type=\"application\/ld+json\" class=\"yoast-schema-graph\">{\"@context\":\"https:\/\/schema.org\",\"@graph\":[{\"@type\":\"WebPage\",\"@id\":\"http:\/\/www.ronboplastic.com\/pt\/produto\/pires-de-plastico-de-21-polegadas-para-plantas\/\",\"url\":\"http:\/\/www.ronboplastic.com\/pt\/produto\/pires-de-plastico-de-21-polegadas-para-plantas\/\",\"name\":\"21 Inch Plastic Plant Saucer - Ronbo Sunrise Pots &amp; Planters\",\"isPartOf\":{\"@id\":\"https:\/\/www.ronboplastic.com\/#website\"},\"primaryImageOfPage\":{\"@id\":\"http:\/\/www.ronboplastic.com\/pt\/produto\/pires-de-plastico-de-21-polegadas-para-plantas\/#primaryimage\"},\"image\":{\"@id\":\"http:\/\/www.ronboplastic.com\/pt\/produto\/pires-de-plastico-de-21-polegadas-para-plantas\/#primaryimage\"},\"thumbnailUrl\":\"https:\/\/www.ronboplastic.com\/wp-content\/uploads\/2025\/09\/4.png\",\"datePublished\":\"2024-09-25T02:21:01+00:00\",\"dateModified\":\"2025-09-08T06:18:06+00:00\",\"breadcrumb\":{\"@id\":\"http:\/\/www.ronboplastic.com\/pt\/produto\/pires-de-plastico-de-21-polegadas-para-plantas\/#breadcrumb\"},\"inLanguage\":\"fr-FR\",\"potentialAction\":[{\"@type\":\"ReadAction\",\"target\":[\"http:\/\/www.ronboplastic.com\/pt\/produto\/pires-de-plastico-de-21-polegadas-para-plantas\/\"]}]},{\"@type\":\"ImageObject\",\"inLanguage\":\"fr-FR\",\"@id\":\"http:\/\/www.ronboplastic.com\/pt\/produto\/pires-de-plastico-de-21-polegadas-para-plantas\/#primaryimage\",\"url\":\"https:\/\/www.ronboplastic.com\/wp-content\/uploads\/2025\/09\/4.png\",\"contentUrl\":\"https:\/\/www.ronboplastic.com\/wp-content\/uploads\/2025\/09\/4.png\",\"width\":730,\"height\":730,\"caption\":\"plant pots saucer\"},{\"@type\":\"BreadcrumbList\",\"@id\":\"http:\/\/www.ronboplastic.com\/pt\/produto\/pires-de-plastico-de-21-polegadas-para-plantas\/#breadcrumb\",\"itemListElement\":[{\"@type\":\"ListItem\",\"position\":1,\"name\":\"\u9996\u9875\",\"item\":\"https:\/\/www.ronboplastic.com\/\"},{\"@type\":\"ListItem\",\"position\":2,\"name\":\"Products\",\"item\":\"http:\/\/www.ronboplastic.com\/products\/\"},{\"@type\":\"ListItem\",\"position\":3,\"name\":\"21 Inch Plastic Plant Saucer\"}]},{\"@type\":\"WebSite\",\"@id\":\"https:\/\/www.ronboplastic.com\/#website\",\"url\":\"https:\/\/www.ronboplastic.com\/\",\"name\":\"Ronbo Sunrise Pots &amp; Planters\",\"description\":\"Flower Pots &amp; Planters\",\"potentialAction\":[{\"@type\":\"SearchAction\",\"target\":{\"@type\":\"EntryPoint\",\"urlTemplate\":\"https:\/\/www.ronboplastic.com\/?s={search_term_string}\"},\"query-input\":{\"@type\":\"PropertyValueSpecification\",\"valueRequired\":true,\"valueName\":\"search_term_string\"}}],\"inLanguage\":\"fr-FR\"}]}<\/script>\n<!-- \/ Yoast SEO plugin. -->","yoast_head_json":{"title":"21 Inch Plastic Plant Saucer - Ronbo Sunrise Pots &amp; Planters","robots":{"index":"index","follow":"follow","max-snippet":"max-snippet:-1","max-image-preview":"max-image-preview:large","max-video-preview":"max-video-preview:-1"},"canonical":"http:\/\/www.ronboplastic.com\/fr\/produit\/soucoupe-a-plantes-en-plastique-de-21-pouces\/","og_locale":"fr_FR","og_type":"article","og_title":"21 Inch Plastic Plant Saucer - Ronbo Sunrise Pots &amp; Planters","og_description":"21\u00a0inch\u00a0plastic\u00a0plant\u00a0saucer,its top diameter is 20.5 inches, bottom diameter is 17 inches, and height is 2.4 inches.It can be used for large plants or trees in 15-gallon and 20-gallon POTS. The Plant saucers can be used for all Pots &amp; Planters with a bottom diameter less than 17 inches. It is also very thick,strong and durable. There are plenty of black and terracotta colors in stock. We can also customize other colors in large quantities.","og_url":"http:\/\/www.ronboplastic.com\/fr\/produit\/soucoupe-a-plantes-en-plastique-de-21-pouces\/","og_site_name":"Ronbo Sunrise Pots &amp; Planters","article_modified_time":"2025-09-08T06:18:06+00:00","og_image":[{"width":730,"height":730,"url":"https:\/\/www.ronboplastic.com\/wp-content\/uploads\/2025\/09\/4.png","type":"image\/png"}],"twitter_card":"summary_large_image","twitter_misc":{"Dur\u00e9e de lecture estim\u00e9e":"1 minute"},"schema":{"@context":"https:\/\/schema.org","@graph":[{"@type":"WebPage","@id":"http:\/\/www.ronboplastic.com\/pt\/produto\/pires-de-plastico-de-21-polegadas-para-plantas\/","url":"http:\/\/www.ronboplastic.com\/pt\/produto\/pires-de-plastico-de-21-polegadas-para-plantas\/","name":"21 Inch Plastic Plant Saucer - Ronbo Sunrise Pots &amp; Planters","isPartOf":{"@id":"https:\/\/www.ronboplastic.com\/#website"},"primaryImageOfPage":{"@id":"http:\/\/www.ronboplastic.com\/pt\/produto\/pires-de-plastico-de-21-polegadas-para-plantas\/#primaryimage"},"image":{"@id":"http:\/\/www.ronboplastic.com\/pt\/produto\/pires-de-plastico-de-21-polegadas-para-plantas\/#primaryimage"},"thumbnailUrl":"https:\/\/www.ronboplastic.com\/wp-content\/uploads\/2025\/09\/4.png","datePublished":"2024-09-25T02:21:01+00:00","dateModified":"2025-09-08T06:18:06+00:00","breadcrumb":{"@id":"http:\/\/www.ronboplastic.com\/pt\/produto\/pires-de-plastico-de-21-polegadas-para-plantas\/#breadcrumb"},"inLanguage":"fr-FR","potentialAction":[{"@type":"ReadAction","target":["http:\/\/www.ronboplastic.com\/pt\/produto\/pires-de-plastico-de-21-polegadas-para-plantas\/"]}]},{"@type":"ImageObject","inLanguage":"fr-FR","@id":"http:\/\/www.ronboplastic.com\/pt\/produto\/pires-de-plastico-de-21-polegadas-para-plantas\/#primaryimage","url":"https:\/\/www.ronboplastic.com\/wp-content\/uploads\/2025\/09\/4.png","contentUrl":"https:\/\/www.ronboplastic.com\/wp-content\/uploads\/2025\/09\/4.png","width":730,"height":730,"caption":"plant pots saucer"},{"@type":"BreadcrumbList","@id":"http:\/\/www.ronboplastic.com\/pt\/produto\/pires-de-plastico-de-21-polegadas-para-plantas\/#breadcrumb","itemListElement":[{"@type":"ListItem","position":1,"name":"\u9996\u9875","item":"https:\/\/www.ronboplastic.com\/"},{"@type":"ListItem","position":2,"name":"Products","item":"http:\/\/www.ronboplastic.com\/products\/"},{"@type":"ListItem","position":3,"name":"21 Inch Plastic Plant Saucer"}]},{"@type":"WebSite","@id":"https:\/\/www.ronboplastic.com\/#website","url":"https:\/\/www.ronboplastic.com\/","name":"Ronbo Sunrise Pots &amp; Planters","description":"Pots de fleurs et jardini\u00e8res","potentialAction":[{"@type":"SearchAction","target":{"@type":"EntryPoint","urlTemplate":"https:\/\/www.ronboplastic.com\/?s={search_term_string}"},"query-input":{"@type":"PropertyValueSpecification","valueRequired":true,"valueName":"search_term_string"}}],"inLanguage":"fr-FR"}]}},"_links":{"self":[{"href":"https:\/\/www.ronboplastic.com\/fr\/wp-json\/wp\/v2\/product\/9099","targetHints":{"allow":["GET"]}}],"collection":[{"href":"https:\/\/www.ronboplastic.com\/fr\/wp-json\/wp\/v2\/product"}],"about":[{"href":"https:\/\/www.ronboplastic.com\/fr\/wp-json\/wp\/v2\/types\/product"}],"replies":[{"embeddable":true,"href":"https:\/\/www.ronboplastic.com\/fr\/wp-json\/wp\/v2\/comments?post=9099"}],"wp:featuredmedia":[{"embeddable":true,"href":"https:\/\/www.ronboplastic.com\/fr\/wp-json\/wp\/v2\/media\/9102"}],"wp:attachment":[{"href":"https:\/\/www.ronboplastic.com\/fr\/wp-json\/wp\/v2\/media?parent=9099"}],"wp:term":[{"taxonomy":"product_brand","embeddable":true,"href":"https:\/\/www.ronboplastic.com\/fr\/wp-json\/wp\/v2\/product_brand?post=9099"},{"taxonomy":"product_cat","embeddable":true,"href":"https:\/\/www.ronboplastic.com\/fr\/wp-json\/wp\/v2\/product_cat?post=9099"},{"taxonomy":"product_tag","embeddable":true,"href":"https:\/\/www.ronboplastic.com\/fr\/wp-json\/wp\/v2\/product_tag?post=9099"}],"curies":[{"name":"wp","href":"https:\/\/api.w.org\/{rel}","templated":true}]}}