{"id":9085,"date":"2024-09-24T07:48:16","date_gmt":"2024-09-23T23:48:16","guid":{"rendered":"https:\/\/www.ronboplastic.com\/index.php\/product\/8-inch-square-plant-saucer\/"},"modified":"2025-09-08T14:17:58","modified_gmt":"2025-09-08T06:17:58","slug":"soucoupe-carree-de-8-pouces-pour-plantes","status":"publish","type":"product","link":"https:\/\/www.ronboplastic.com\/fr\/produit\/soucoupe-carree-de-8-pouces-pour-plantes\/","title":{"rendered":"8 Inch Square Plant Saucer (soucoupe v\u00e9g\u00e9tale carr\u00e9e)"},"content":{"rendered":"<p>Soucoupe carr\u00e9e de 8 pouces, longueur du haut 7.9 pouces\uff0820cm), longueur du bas 6.9 pouces(17.5cm) et hauteur 0.99inches(2.5cm). Il peut \u00eatre utilis\u00e9 avec notre pot carr\u00e9 de 3 gallons, c'est le meilleur partenaire.  Il est tr\u00e8s r\u00e9sistant.<\/p>\n<p><img loading=\"lazy\" decoding=\"async\" src=\"https:\/\/www.ronboplastic.com\/wp-content\/uploads\/2025\/09\/20220525175447bd34c35cf6584990be61bca2702c8149.jpg\" alt=\"8 Inch Square Plant Saucer (soucoupe v\u00e9g\u00e9tale carr\u00e9e)\" width=\"800\" height=\"1220\" \/><\/p>\n<p><strong>Sp\u00e9cifications<\/strong><\/p>\n<section class=\"table-wrap\">\n<table class=\"table\" border=\"1\" width=\"100%\" cellspacing=\"0\" cellpadding=\"0\">\n<tbody>\n<tr class=\"firstRow\">\n<td>Num\u00e9ro de mod\u00e8le<\/td>\n<td>RB-DS003<\/td>\n<\/tr>\n<tr>\n<td>Type de plastique<\/td>\n<td>PP<\/td>\n<\/tr>\n<tr>\n<td>Type<\/td>\n<td>Propagation<\/td>\n<\/tr>\n<tr>\n<td>Diam\u00e8tre sup\u00e9rieur<\/td>\n<td>20cm\/7.9inch<\/td>\n<\/tr>\n<tr>\n<td>Diam\u00e8tre du fond<\/td>\n<td>2.5cm\/0.99inch<\/td>\n<\/tr>\n<tr>\n<td>Hauteur<\/td>\n<td>17.5cm\/6.9inch<\/td>\n<\/tr>\n<tr>\n<td>Poids<\/td>\n<td>43g<\/td>\n<\/tr>\n<\/tbody>\n<\/table>\n<\/section>\n<p><strong>Nos services<\/strong><\/p>\n<p><img loading=\"lazy\" decoding=\"async\" src=\"https:\/\/www.ronboplastic.com\/wp-content\/uploads\/2025\/09\/202205131612159a16ace32ec04133ae6f48e4dcaa3c85.jpg\" alt=\"8 Inch Square Plant Saucer (soucoupe v\u00e9g\u00e9tale carr\u00e9e)\" width=\"800\" height=\"207\" \/><\/p>\n<p><img loading=\"lazy\" decoding=\"async\" src=\"https:\/\/www.ronboplastic.com\/wp-content\/uploads\/2025\/09\/2022052411022769afc5a8ee884858a93ba5486be9d6b4.jpg\" alt=\"8 Inch Square Plant Saucer (soucoupe v\u00e9g\u00e9tale carr\u00e9e)\" width=\"800\" height=\"840\" \/><\/p>\n<p class=\"productsTags\">Hot Tags : 8 inch square plant saucer, suppliers, manufacturers, factory, wholesale, for sale<\/p>","protected":false},"excerpt":{"rendered":"<p>Soucoupe carr\u00e9e de 8 pouces, longueur du haut 7.9 pouces\uff0820cm), longueur du bas 6.9 pouces(17.5cm) et hauteur 0.99inches(2.5cm). Il peut \u00eatre utilis\u00e9 avec notre pot carr\u00e9 de 3 gallons, c'est le meilleur partenaire. Il est tr\u00e8s r\u00e9sistant.<\/p>","protected":false},"featured_media":9062,"comment_status":"open","ping_status":"open","template":"","meta":[],"product_brand":[],"product_cat":[89],"product_tag":[90],"class_list":{"0":"post-9085","1":"product","2":"type-product","3":"status-publish","4":"has-post-thumbnail","6":"product_cat-plant-saucer","7":"product_tag-plant-saucer","9":"first","10":"instock","11":"shipping-taxable","12":"product-type-simple"},"yoast_head":"<!-- This site is optimized with the Yoast SEO plugin v26.1.1 - https:\/\/yoast.com\/wordpress\/plugins\/seo\/ -->\n<title>8 Inch Square Plant Saucer - Ronbo Sunrise Pots &amp; Planters<\/title>\n<meta name=\"robots\" content=\"index, follow, max-snippet:-1, max-image-preview:large, max-video-preview:-1\" \/>\n<link rel=\"canonical\" href=\"https:\/\/www.ronboplastic.com\/fr\/produit\/soucoupe-carree-de-8-pouces-pour-plantes\/\" \/>\n<meta property=\"og:locale\" content=\"fr_FR\" \/>\n<meta property=\"og:type\" content=\"article\" \/>\n<meta property=\"og:title\" content=\"8 Inch Square Plant Saucer - Ronbo Sunrise Pots &amp; Planters\" \/>\n<meta property=\"og:description\" content=\"8\u00a0inch\u00a0square\u00a0plant\u00a0saucer , Top Length is 7.9 inches\uff0820cm), bottom length is 6.9 inches(17.5cm) and height is 0.99inches(2.5cm). It can be used with our square 3 gallon pot, they are the best partner . It&#039;s very resilient.\" \/>\n<meta property=\"og:url\" content=\"https:\/\/www.ronboplastic.com\/fr\/produit\/soucoupe-carree-de-8-pouces-pour-plantes\/\" \/>\n<meta property=\"og:site_name\" content=\"Ronbo Sunrise Pots &amp; Planters\" \/>\n<meta property=\"article:modified_time\" content=\"2025-09-08T06:17:58+00:00\" \/>\n<meta property=\"og:image\" content=\"https:\/\/www.ronboplastic.com\/wp-content\/uploads\/2025\/09\/4-7.jpg\" \/>\n\t<meta property=\"og:image:width\" content=\"800\" \/>\n\t<meta property=\"og:image:height\" content=\"800\" \/>\n\t<meta property=\"og:image:type\" content=\"image\/jpeg\" \/>\n<meta name=\"twitter:card\" content=\"summary_large_image\" \/>\n<script type=\"application\/ld+json\" class=\"yoast-schema-graph\">{\"@context\":\"https:\/\/schema.org\",\"@graph\":[{\"@type\":\"WebPage\",\"@id\":\"https:\/\/www.ronboplastic.com\/fr\/produit\/soucoupe-carree-de-8-pouces-pour-plantes\/\",\"url\":\"https:\/\/www.ronboplastic.com\/fr\/produit\/soucoupe-carree-de-8-pouces-pour-plantes\/\",\"name\":\"8 Inch Square Plant Saucer - Ronbo Sunrise Pots &amp; Planters\",\"isPartOf\":{\"@id\":\"https:\/\/www.ronboplastic.com\/#website\"},\"primaryImageOfPage\":{\"@id\":\"https:\/\/www.ronboplastic.com\/fr\/produit\/soucoupe-carree-de-8-pouces-pour-plantes\/#primaryimage\"},\"image\":{\"@id\":\"https:\/\/www.ronboplastic.com\/fr\/produit\/soucoupe-carree-de-8-pouces-pour-plantes\/#primaryimage\"},\"thumbnailUrl\":\"https:\/\/www.ronboplastic.com\/wp-content\/uploads\/2025\/09\/4-7.jpg\",\"datePublished\":\"2024-09-23T23:48:16+00:00\",\"dateModified\":\"2025-09-08T06:17:58+00:00\",\"breadcrumb\":{\"@id\":\"https:\/\/www.ronboplastic.com\/fr\/produit\/soucoupe-carree-de-8-pouces-pour-plantes\/#breadcrumb\"},\"inLanguage\":\"fr-FR\",\"potentialAction\":[{\"@type\":\"ReadAction\",\"target\":[\"https:\/\/www.ronboplastic.com\/fr\/produit\/soucoupe-carree-de-8-pouces-pour-plantes\/\"]}]},{\"@type\":\"ImageObject\",\"inLanguage\":\"fr-FR\",\"@id\":\"https:\/\/www.ronboplastic.com\/fr\/produit\/soucoupe-carree-de-8-pouces-pour-plantes\/#primaryimage\",\"url\":\"https:\/\/www.ronboplastic.com\/wp-content\/uploads\/2025\/09\/4-7.jpg\",\"contentUrl\":\"https:\/\/www.ronboplastic.com\/wp-content\/uploads\/2025\/09\/4-7.jpg\",\"width\":800,\"height\":800,\"caption\":\"plant pots saucer\"},{\"@type\":\"BreadcrumbList\",\"@id\":\"https:\/\/www.ronboplastic.com\/fr\/produit\/soucoupe-carree-de-8-pouces-pour-plantes\/#breadcrumb\",\"itemListElement\":[{\"@type\":\"ListItem\",\"position\":1,\"name\":\"\u9996\u9875\",\"item\":\"https:\/\/www.ronboplastic.com\/\"},{\"@type\":\"ListItem\",\"position\":2,\"name\":\"Products\",\"item\":\"http:\/\/www.ronboplastic.com\/products\/\"},{\"@type\":\"ListItem\",\"position\":3,\"name\":\"8 Inch Square Plant Saucer\"}]},{\"@type\":\"WebSite\",\"@id\":\"https:\/\/www.ronboplastic.com\/#website\",\"url\":\"https:\/\/www.ronboplastic.com\/\",\"name\":\"Ronbo Sunrise Pots &amp; Planters\",\"description\":\"Flower Pots &amp; Planters\",\"potentialAction\":[{\"@type\":\"SearchAction\",\"target\":{\"@type\":\"EntryPoint\",\"urlTemplate\":\"https:\/\/www.ronboplastic.com\/?s={search_term_string}\"},\"query-input\":{\"@type\":\"PropertyValueSpecification\",\"valueRequired\":true,\"valueName\":\"search_term_string\"}}],\"inLanguage\":\"fr-FR\"}]}<\/script>\n<!-- \/ Yoast SEO plugin. -->","yoast_head_json":{"title":"8 Inch Square Plant Saucer - Ronbo Sunrise Pots &amp; Planters","robots":{"index":"index","follow":"follow","max-snippet":"max-snippet:-1","max-image-preview":"max-image-preview:large","max-video-preview":"max-video-preview:-1"},"canonical":"https:\/\/www.ronboplastic.com\/fr\/produit\/soucoupe-carree-de-8-pouces-pour-plantes\/","og_locale":"fr_FR","og_type":"article","og_title":"8 Inch Square Plant Saucer - Ronbo Sunrise Pots &amp; Planters","og_description":"8\u00a0inch\u00a0square\u00a0plant\u00a0saucer , Top Length is 7.9 inches\uff0820cm), bottom length is 6.9 inches(17.5cm) and height is 0.99inches(2.5cm). It can be used with our square 3 gallon pot, they are the best partner . It's very resilient.","og_url":"https:\/\/www.ronboplastic.com\/fr\/produit\/soucoupe-carree-de-8-pouces-pour-plantes\/","og_site_name":"Ronbo Sunrise Pots &amp; Planters","article_modified_time":"2025-09-08T06:17:58+00:00","og_image":[{"width":800,"height":800,"url":"https:\/\/www.ronboplastic.com\/wp-content\/uploads\/2025\/09\/4-7.jpg","type":"image\/jpeg"}],"twitter_card":"summary_large_image","schema":{"@context":"https:\/\/schema.org","@graph":[{"@type":"WebPage","@id":"https:\/\/www.ronboplastic.com\/fr\/produit\/soucoupe-carree-de-8-pouces-pour-plantes\/","url":"https:\/\/www.ronboplastic.com\/fr\/produit\/soucoupe-carree-de-8-pouces-pour-plantes\/","name":"8 Inch Square Plant Saucer - Ronbo Sunrise Pots &amp; Planters","isPartOf":{"@id":"https:\/\/www.ronboplastic.com\/#website"},"primaryImageOfPage":{"@id":"https:\/\/www.ronboplastic.com\/fr\/produit\/soucoupe-carree-de-8-pouces-pour-plantes\/#primaryimage"},"image":{"@id":"https:\/\/www.ronboplastic.com\/fr\/produit\/soucoupe-carree-de-8-pouces-pour-plantes\/#primaryimage"},"thumbnailUrl":"https:\/\/www.ronboplastic.com\/wp-content\/uploads\/2025\/09\/4-7.jpg","datePublished":"2024-09-23T23:48:16+00:00","dateModified":"2025-09-08T06:17:58+00:00","breadcrumb":{"@id":"https:\/\/www.ronboplastic.com\/fr\/produit\/soucoupe-carree-de-8-pouces-pour-plantes\/#breadcrumb"},"inLanguage":"fr-FR","potentialAction":[{"@type":"ReadAction","target":["https:\/\/www.ronboplastic.com\/fr\/produit\/soucoupe-carree-de-8-pouces-pour-plantes\/"]}]},{"@type":"ImageObject","inLanguage":"fr-FR","@id":"https:\/\/www.ronboplastic.com\/fr\/produit\/soucoupe-carree-de-8-pouces-pour-plantes\/#primaryimage","url":"https:\/\/www.ronboplastic.com\/wp-content\/uploads\/2025\/09\/4-7.jpg","contentUrl":"https:\/\/www.ronboplastic.com\/wp-content\/uploads\/2025\/09\/4-7.jpg","width":800,"height":800,"caption":"plant pots saucer"},{"@type":"BreadcrumbList","@id":"https:\/\/www.ronboplastic.com\/fr\/produit\/soucoupe-carree-de-8-pouces-pour-plantes\/#breadcrumb","itemListElement":[{"@type":"ListItem","position":1,"name":"\u9996\u9875","item":"https:\/\/www.ronboplastic.com\/"},{"@type":"ListItem","position":2,"name":"Products","item":"http:\/\/www.ronboplastic.com\/products\/"},{"@type":"ListItem","position":3,"name":"8 Inch Square Plant Saucer"}]},{"@type":"WebSite","@id":"https:\/\/www.ronboplastic.com\/#website","url":"https:\/\/www.ronboplastic.com\/","name":"Ronbo Sunrise Pots &amp; Planters","description":"Pots de fleurs et jardini\u00e8res","potentialAction":[{"@type":"SearchAction","target":{"@type":"EntryPoint","urlTemplate":"https:\/\/www.ronboplastic.com\/?s={search_term_string}"},"query-input":{"@type":"PropertyValueSpecification","valueRequired":true,"valueName":"search_term_string"}}],"inLanguage":"fr-FR"}]}},"_links":{"self":[{"href":"https:\/\/www.ronboplastic.com\/fr\/wp-json\/wp\/v2\/product\/9085","targetHints":{"allow":["GET"]}}],"collection":[{"href":"https:\/\/www.ronboplastic.com\/fr\/wp-json\/wp\/v2\/product"}],"about":[{"href":"https:\/\/www.ronboplastic.com\/fr\/wp-json\/wp\/v2\/types\/product"}],"replies":[{"embeddable":true,"href":"https:\/\/www.ronboplastic.com\/fr\/wp-json\/wp\/v2\/comments?post=9085"}],"wp:featuredmedia":[{"embeddable":true,"href":"https:\/\/www.ronboplastic.com\/fr\/wp-json\/wp\/v2\/media\/9062"}],"wp:attachment":[{"href":"https:\/\/www.ronboplastic.com\/fr\/wp-json\/wp\/v2\/media?parent=9085"}],"wp:term":[{"taxonomy":"product_brand","embeddable":true,"href":"https:\/\/www.ronboplastic.com\/fr\/wp-json\/wp\/v2\/product_brand?post=9085"},{"taxonomy":"product_cat","embeddable":true,"href":"https:\/\/www.ronboplastic.com\/fr\/wp-json\/wp\/v2\/product_cat?post=9085"},{"taxonomy":"product_tag","embeddable":true,"href":"https:\/\/www.ronboplastic.com\/fr\/wp-json\/wp\/v2\/product_tag?post=9085"}],"curies":[{"name":"wp","href":"https:\/\/api.w.org\/{rel}","templated":true}]}}