{"id":9026,"date":"2024-09-23T06:59:06","date_gmt":"2024-09-22T22:59:06","guid":{"rendered":"https:\/\/www.ronboplastic.com\/index.php\/product\/colorful-hanging-planters\/"},"modified":"2025-09-08T14:17:32","modified_gmt":"2025-09-08T06:17:32","slug":"jardinieres-suspendues-colorees","status":"publish","type":"product","link":"https:\/\/www.ronboplastic.com\/fr\/produit\/jardinieres-suspendues-colorees\/","title":{"rendered":"Jardini\u00e8res suspendues color\u00e9es"},"content":{"rendered":"<p>Le bassin suspendu \u00e9paissi en r\u00e9sine color\u00e9e adopte le nouveau plastique de r\u00e9sine pp, la couleur est douce et belle, le corps du bassin est solide et durable, et il y a une cha\u00eene de suspension en m\u00e9tal assortie. Avec un bassin de stockage d'eau, il y a une fonction de stockage automatique de l'eau, et le d\u00e9bit d'eau est important, ce qui peut efficacement emp\u00eacher l'exc\u00e8s d'eau de s'\u00e9goutter sur le sol. Il y a une grille au milieu du pot de fleurs, de sorte que les racines de la plante peuvent s'\u00e9tendre dans le ch\u00e2ssis de stockage d'eau au fond pour absorber l'eau, et il y a des trous d'injection d'eau sur le c\u00f4t\u00e9 du pot de fleurs, ce qui est pratique pour l'injection d'eau.<\/p>\n<p><img loading=\"lazy\" decoding=\"async\" src=\"https:\/\/www.ronboplastic.com\/wp-content\/uploads\/2025\/09\/2022053010031758cce6e7c1c2400b99a1f1982d9360b9.jpg\" alt=\"2022053010031758cce6e7c1c2400b99a1f1982d9360b9\" width=\"800\" height=\"939\" \/><\/p>\n<p><img loading=\"lazy\" decoding=\"async\" src=\"https:\/\/www.ronboplastic.com\/wp-content\/uploads\/2025\/09\/20220530100321f4153897d812432db133ea0e269d6a0a.jpg\" alt=\"20220530100321f4153897d812432db133ea0e269d6a0a\" width=\"800\" height=\"822\" \/><\/p>\n<p><strong>Sp\u00e9cifications<\/strong><\/p>\n<section class=\"table-wrap\"><\/section>\n<section class=\"table-wrap\">\n<table class=\"table\" border=\"1\" width=\"100%\" cellspacing=\"0\" cellpadding=\"0\">\n<tbody>\n<tr class=\"firstRow\">\n<td>Num\u00e9ro de mod\u00e8le<\/td>\n<td>RB-TB100<\/td>\n<\/tr>\n<tr>\n<td>Type de plastique<\/td>\n<td>PP<\/td>\n<\/tr>\n<tr>\n<td>Type<\/td>\n<td>Propagation<\/td>\n<\/tr>\n<tr>\n<td>Diam\u00e8tre sup\u00e9rieur<\/td>\n<td>21cm\/8.3inch<\/td>\n<\/tr>\n<tr>\n<td>Diam\u00e8tre du fond<\/td>\n<td>8cm\/3.2inch<\/td>\n<\/tr>\n<tr>\n<td>Hauteur<\/td>\n<td>12.5cm\/5inch<\/td>\n<\/tr>\n<tr>\n<td>Poids<\/td>\n<td>227g<\/td>\n<\/tr>\n<\/tbody>\n<\/table>\n<\/section>\n<p>&nbsp;<\/p>\n<section class=\"table-wrap\">\n<table class=\"table\" border=\"1\" width=\"100%\" cellspacing=\"0\" cellpadding=\"0\">\n<tbody>\n<tr class=\"firstRow\">\n<td>Num\u00e9ro de mod\u00e8le<\/td>\n<td>RB-TB200<\/td>\n<\/tr>\n<tr>\n<td>Type de plastique<\/td>\n<td>PP<\/td>\n<\/tr>\n<tr>\n<td>Type<\/td>\n<td>Propagation<\/td>\n<\/tr>\n<tr>\n<td>Diam\u00e8tre sup\u00e9rieur<\/td>\n<td>25cm\/9.9inch<\/td>\n<\/tr>\n<tr>\n<td>Diam\u00e8tre du fond<\/td>\n<td>9,5cm\/3,8inch<\/td>\n<\/tr>\n<tr>\n<td>Hauteur<\/td>\n<td>15cm\/6inch<\/td>\n<\/tr>\n<tr>\n<td>Poids<\/td>\n<td>343g<\/td>\n<\/tr>\n<\/tbody>\n<\/table>\n<\/section>\n<p>&nbsp;<\/p>\n<section class=\"table-wrap\">\n<table class=\"table\" border=\"1\" width=\"100%\" cellspacing=\"0\" cellpadding=\"0\">\n<tbody>\n<tr class=\"firstRow\">\n<td>Num\u00e9ro de mod\u00e8le<\/td>\n<td>RB-TB300<\/td>\n<\/tr>\n<tr>\n<td>Type de plastique<\/td>\n<td>PP<\/td>\n<\/tr>\n<tr>\n<td>Type<\/td>\n<td>Propagation<\/td>\n<\/tr>\n<tr>\n<td>Diam\u00e8tre sup\u00e9rieur<\/td>\n<td>30cm\/11.9inch<\/td>\n<\/tr>\n<tr>\n<td>Diam\u00e8tre du fond<\/td>\n<td>11cm\/4.4inch<\/td>\n<\/tr>\n<tr>\n<td>Hauteur<\/td>\n<td>17cm\/6.7inch<\/td>\n<\/tr>\n<tr>\n<td>Poids<\/td>\n<td>399g<\/td>\n<\/tr>\n<\/tbody>\n<\/table>\n<\/section>\n<p><strong>notre service<\/strong><\/p>\n<p><img loading=\"lazy\" decoding=\"async\" src=\"https:\/\/www.ronboplastic.com\/wp-content\/uploads\/2025\/09\/202205131612159a16ace32ec04133ae6f48e4dcaa3c85.jpg\" alt=\"2.0_07\" width=\"800\" height=\"207\" \/><\/p>\n<p><img loading=\"lazy\" decoding=\"async\" src=\"https:\/\/www.ronboplastic.com\/wp-content\/uploads\/2025\/09\/2022053010040143c9857245ba428abe7a9ba648e4dfc7.jpg\" alt=\"_03\" width=\"800\" height=\"832\" \/><\/p>\n<p><strong>Q. Quels sont les sc\u00e9narios d'utilisation du produit\uff1f ?<\/strong><\/p>\n<p>A. Le jardin, la nounou et la d\u00e9coration.<\/p>\n<p><strong>Q. Pouvons-nous contr\u00f4ler la progression de la commande\uff1f ?<\/strong><\/p>\n<p>A. Oui, nous sommes une usine et nous pouvons contr\u00f4ler l'ensemble de la progression de la commande.<\/p>\n<p><strong>Q. Combien de pays exportez-vous\uff1f<\/strong><\/p>\n<p>A. De nombreux pays, comme les \u00c9tats-Unis, le Canada, le Costa Rica, les Philippines, le Royaume-Uni, Isra\u00ebl, etc.<\/p>\n<p><strong>Q. \u00cates-vous un fabricant ou une soci\u00e9t\u00e9 commerciale ?<\/strong><\/p>\n<p>A. Nous sommes une usine avec plus de 20 ans d'exp\u00e9rience dans l'exportation.<\/p>\n<p><strong>Q. Pouvez-vous proposer des \u00e9chantillons ?<\/strong><\/p>\n<p>A. Nous pouvons vous proposer des \u00e9chantillons gratuits afin que vous puissiez v\u00e9rifier la qualit\u00e9 de nos produits.<\/p>\n<p><strong>Q. Combien de temps faut-il pour obtenir une r\u00e9ponse \u00e0 mes questions ?<\/strong><\/p>\n<p>A. Nous r\u00e9pondrons \u00e0 la premi\u00e8re heure, si c'est le soir, le d\u00e9lai sera de 10 heures.<\/p>\n<p><strong>Q. Quel est votre mat\u00e9riel ? et Quel type de technologie ?<\/strong><\/p>\n<p>A. Le mat\u00e9riau de nos pots est le PP, et il s'agit de pots moul\u00e9s par injection.<\/p>\n<p class=\"productsTags\">Hot Tags : colorful hanging planters, suppliers, manufacturers, factory, wholesale, for sale<\/p>","protected":false},"excerpt":{"rendered":"<p>Le bassin suspendu \u00e9paissi en r\u00e9sine color\u00e9e adopte le nouveau plastique de r\u00e9sine pp, la couleur est douce et belle, le bassin<\/p>","protected":false},"featured_media":9031,"comment_status":"open","ping_status":"open","template":"","meta":[],"product_brand":[],"product_cat":[88],"product_tag":[],"class_list":{"0":"post-9026","1":"product","2":"type-product","3":"status-publish","4":"has-post-thumbnail","6":"product_cat-hanging-planter","8":"first","9":"instock","10":"shipping-taxable","11":"product-type-simple"},"yoast_head":"<!-- This site is optimized with the Yoast SEO plugin v26.1.1 - https:\/\/yoast.com\/wordpress\/plugins\/seo\/ -->\n<title>Colorful Hanging Planters - Ronbo Sunrise Pots &amp; Planters<\/title>\n<meta name=\"robots\" content=\"index, follow, max-snippet:-1, max-image-preview:large, max-video-preview:-1\" \/>\n<link rel=\"canonical\" href=\"https:\/\/www.ronboplastic.com\/fr\/produit\/jardinieres-suspendues-colorees\/\" \/>\n<meta property=\"og:locale\" content=\"fr_FR\" \/>\n<meta property=\"og:type\" content=\"article\" \/>\n<meta property=\"og:title\" content=\"Colorful Hanging Planters - Ronbo Sunrise Pots &amp; Planters\" \/>\n<meta property=\"og:description\" content=\"The colorful resin thickened hanging basin adopts the new pp resin plastic, the color is soft and beautiful, the basin\" \/>\n<meta property=\"og:url\" content=\"https:\/\/www.ronboplastic.com\/fr\/produit\/jardinieres-suspendues-colorees\/\" \/>\n<meta property=\"og:site_name\" content=\"Ronbo Sunrise Pots &amp; Planters\" \/>\n<meta property=\"article:modified_time\" content=\"2025-09-08T06:17:32+00:00\" \/>\n<meta property=\"og:image\" content=\"https:\/\/www.ronboplastic.com\/wp-content\/uploads\/2025\/09\/\u5fae\u4fe1\u56fe\u7247_20240920164743.png\" \/>\n\t<meta property=\"og:image:width\" content=\"730\" \/>\n\t<meta property=\"og:image:height\" content=\"730\" \/>\n\t<meta property=\"og:image:type\" content=\"image\/png\" \/>\n<meta name=\"twitter:card\" content=\"summary_large_image\" \/>\n<meta name=\"twitter:label1\" content=\"Dur\u00e9e de lecture estim\u00e9e\" \/>\n\t<meta name=\"twitter:data1\" content=\"2 minutes\" \/>\n<script type=\"application\/ld+json\" class=\"yoast-schema-graph\">{\"@context\":\"https:\/\/schema.org\",\"@graph\":[{\"@type\":\"WebPage\",\"@id\":\"https:\/\/www.ronboplastic.com\/ru\/%d0%bf%d1%80%d0%be%d0%b4%d1%83%d0%ba%d1%82\/colorful-hanging-planters\/\",\"url\":\"https:\/\/www.ronboplastic.com\/ru\/%d0%bf%d1%80%d0%be%d0%b4%d1%83%d0%ba%d1%82\/colorful-hanging-planters\/\",\"name\":\"Colorful Hanging Planters - Ronbo Sunrise Pots &amp; Planters\",\"isPartOf\":{\"@id\":\"https:\/\/www.ronboplastic.com\/#website\"},\"primaryImageOfPage\":{\"@id\":\"https:\/\/www.ronboplastic.com\/ru\/%d0%bf%d1%80%d0%be%d0%b4%d1%83%d0%ba%d1%82\/colorful-hanging-planters\/#primaryimage\"},\"image\":{\"@id\":\"https:\/\/www.ronboplastic.com\/ru\/%d0%bf%d1%80%d0%be%d0%b4%d1%83%d0%ba%d1%82\/colorful-hanging-planters\/#primaryimage\"},\"thumbnailUrl\":\"https:\/\/www.ronboplastic.com\/wp-content\/uploads\/2025\/09\/\u5fae\u4fe1\u56fe\u7247_20240920164743.png\",\"datePublished\":\"2024-09-22T22:59:06+00:00\",\"dateModified\":\"2025-09-08T06:17:32+00:00\",\"breadcrumb\":{\"@id\":\"https:\/\/www.ronboplastic.com\/ru\/%d0%bf%d1%80%d0%be%d0%b4%d1%83%d0%ba%d1%82\/colorful-hanging-planters\/#breadcrumb\"},\"inLanguage\":\"fr-FR\",\"potentialAction\":[{\"@type\":\"ReadAction\",\"target\":[\"https:\/\/www.ronboplastic.com\/ru\/%d0%bf%d1%80%d0%be%d0%b4%d1%83%d0%ba%d1%82\/colorful-hanging-planters\/\"]}]},{\"@type\":\"ImageObject\",\"inLanguage\":\"fr-FR\",\"@id\":\"https:\/\/www.ronboplastic.com\/ru\/%d0%bf%d1%80%d0%be%d0%b4%d1%83%d0%ba%d1%82\/colorful-hanging-planters\/#primaryimage\",\"url\":\"https:\/\/www.ronboplastic.com\/wp-content\/uploads\/2025\/09\/\u5fae\u4fe1\u56fe\u7247_20240920164743.png\",\"contentUrl\":\"https:\/\/www.ronboplastic.com\/wp-content\/uploads\/2025\/09\/\u5fae\u4fe1\u56fe\u7247_20240920164743.png\",\"width\":730,\"height\":730,\"caption\":\"plastic hanging planter\"},{\"@type\":\"BreadcrumbList\",\"@id\":\"https:\/\/www.ronboplastic.com\/ru\/%d0%bf%d1%80%d0%be%d0%b4%d1%83%d0%ba%d1%82\/colorful-hanging-planters\/#breadcrumb\",\"itemListElement\":[{\"@type\":\"ListItem\",\"position\":1,\"name\":\"\u9996\u9875\",\"item\":\"https:\/\/www.ronboplastic.com\/\"},{\"@type\":\"ListItem\",\"position\":2,\"name\":\"Products\",\"item\":\"http:\/\/www.ronboplastic.com\/products\/\"},{\"@type\":\"ListItem\",\"position\":3,\"name\":\"Colorful Hanging Planters\"}]},{\"@type\":\"WebSite\",\"@id\":\"https:\/\/www.ronboplastic.com\/#website\",\"url\":\"https:\/\/www.ronboplastic.com\/\",\"name\":\"Ronbo Sunrise Pots &amp; Planters\",\"description\":\"Flower Pots &amp; Planters\",\"potentialAction\":[{\"@type\":\"SearchAction\",\"target\":{\"@type\":\"EntryPoint\",\"urlTemplate\":\"https:\/\/www.ronboplastic.com\/?s={search_term_string}\"},\"query-input\":{\"@type\":\"PropertyValueSpecification\",\"valueRequired\":true,\"valueName\":\"search_term_string\"}}],\"inLanguage\":\"fr-FR\"}]}<\/script>\n<!-- \/ Yoast SEO plugin. -->","yoast_head_json":{"title":"Colorful Hanging Planters - Ronbo Sunrise Pots &amp; Planters","robots":{"index":"index","follow":"follow","max-snippet":"max-snippet:-1","max-image-preview":"max-image-preview:large","max-video-preview":"max-video-preview:-1"},"canonical":"https:\/\/www.ronboplastic.com\/fr\/produit\/jardinieres-suspendues-colorees\/","og_locale":"fr_FR","og_type":"article","og_title":"Colorful Hanging Planters - Ronbo Sunrise Pots &amp; Planters","og_description":"The colorful resin thickened hanging basin adopts the new pp resin plastic, the color is soft and beautiful, the basin","og_url":"https:\/\/www.ronboplastic.com\/fr\/produit\/jardinieres-suspendues-colorees\/","og_site_name":"Ronbo Sunrise Pots &amp; Planters","article_modified_time":"2025-09-08T06:17:32+00:00","og_image":[{"width":730,"height":730,"url":"https:\/\/www.ronboplastic.com\/wp-content\/uploads\/2025\/09\/\u5fae\u4fe1\u56fe\u7247_20240920164743.png","type":"image\/png"}],"twitter_card":"summary_large_image","twitter_misc":{"Dur\u00e9e de lecture estim\u00e9e":"2 minutes"},"schema":{"@context":"https:\/\/schema.org","@graph":[{"@type":"WebPage","@id":"https:\/\/www.ronboplastic.com\/ru\/%d0%bf%d1%80%d0%be%d0%b4%d1%83%d0%ba%d1%82\/colorful-hanging-planters\/","url":"https:\/\/www.ronboplastic.com\/ru\/%d0%bf%d1%80%d0%be%d0%b4%d1%83%d0%ba%d1%82\/colorful-hanging-planters\/","name":"Colorful Hanging Planters - Ronbo Sunrise Pots &amp; Planters","isPartOf":{"@id":"https:\/\/www.ronboplastic.com\/#website"},"primaryImageOfPage":{"@id":"https:\/\/www.ronboplastic.com\/ru\/%d0%bf%d1%80%d0%be%d0%b4%d1%83%d0%ba%d1%82\/colorful-hanging-planters\/#primaryimage"},"image":{"@id":"https:\/\/www.ronboplastic.com\/ru\/%d0%bf%d1%80%d0%be%d0%b4%d1%83%d0%ba%d1%82\/colorful-hanging-planters\/#primaryimage"},"thumbnailUrl":"https:\/\/www.ronboplastic.com\/wp-content\/uploads\/2025\/09\/\u5fae\u4fe1\u56fe\u7247_20240920164743.png","datePublished":"2024-09-22T22:59:06+00:00","dateModified":"2025-09-08T06:17:32+00:00","breadcrumb":{"@id":"https:\/\/www.ronboplastic.com\/ru\/%d0%bf%d1%80%d0%be%d0%b4%d1%83%d0%ba%d1%82\/colorful-hanging-planters\/#breadcrumb"},"inLanguage":"fr-FR","potentialAction":[{"@type":"ReadAction","target":["https:\/\/www.ronboplastic.com\/ru\/%d0%bf%d1%80%d0%be%d0%b4%d1%83%d0%ba%d1%82\/colorful-hanging-planters\/"]}]},{"@type":"ImageObject","inLanguage":"fr-FR","@id":"https:\/\/www.ronboplastic.com\/ru\/%d0%bf%d1%80%d0%be%d0%b4%d1%83%d0%ba%d1%82\/colorful-hanging-planters\/#primaryimage","url":"https:\/\/www.ronboplastic.com\/wp-content\/uploads\/2025\/09\/\u5fae\u4fe1\u56fe\u7247_20240920164743.png","contentUrl":"https:\/\/www.ronboplastic.com\/wp-content\/uploads\/2025\/09\/\u5fae\u4fe1\u56fe\u7247_20240920164743.png","width":730,"height":730,"caption":"plastic hanging planter"},{"@type":"BreadcrumbList","@id":"https:\/\/www.ronboplastic.com\/ru\/%d0%bf%d1%80%d0%be%d0%b4%d1%83%d0%ba%d1%82\/colorful-hanging-planters\/#breadcrumb","itemListElement":[{"@type":"ListItem","position":1,"name":"\u9996\u9875","item":"https:\/\/www.ronboplastic.com\/"},{"@type":"ListItem","position":2,"name":"Products","item":"http:\/\/www.ronboplastic.com\/products\/"},{"@type":"ListItem","position":3,"name":"Colorful Hanging Planters"}]},{"@type":"WebSite","@id":"https:\/\/www.ronboplastic.com\/#website","url":"https:\/\/www.ronboplastic.com\/","name":"Ronbo Sunrise Pots &amp; Planters","description":"Pots de fleurs et jardini\u00e8res","potentialAction":[{"@type":"SearchAction","target":{"@type":"EntryPoint","urlTemplate":"https:\/\/www.ronboplastic.com\/?s={search_term_string}"},"query-input":{"@type":"PropertyValueSpecification","valueRequired":true,"valueName":"search_term_string"}}],"inLanguage":"fr-FR"}]}},"_links":{"self":[{"href":"https:\/\/www.ronboplastic.com\/fr\/wp-json\/wp\/v2\/product\/9026","targetHints":{"allow":["GET"]}}],"collection":[{"href":"https:\/\/www.ronboplastic.com\/fr\/wp-json\/wp\/v2\/product"}],"about":[{"href":"https:\/\/www.ronboplastic.com\/fr\/wp-json\/wp\/v2\/types\/product"}],"replies":[{"embeddable":true,"href":"https:\/\/www.ronboplastic.com\/fr\/wp-json\/wp\/v2\/comments?post=9026"}],"wp:featuredmedia":[{"embeddable":true,"href":"https:\/\/www.ronboplastic.com\/fr\/wp-json\/wp\/v2\/media\/9031"}],"wp:attachment":[{"href":"https:\/\/www.ronboplastic.com\/fr\/wp-json\/wp\/v2\/media?parent=9026"}],"wp:term":[{"taxonomy":"product_brand","embeddable":true,"href":"https:\/\/www.ronboplastic.com\/fr\/wp-json\/wp\/v2\/product_brand?post=9026"},{"taxonomy":"product_cat","embeddable":true,"href":"https:\/\/www.ronboplastic.com\/fr\/wp-json\/wp\/v2\/product_cat?post=9026"},{"taxonomy":"product_tag","embeddable":true,"href":"https:\/\/www.ronboplastic.com\/fr\/wp-json\/wp\/v2\/product_tag?post=9026"}],"curies":[{"name":"wp","href":"https:\/\/api.w.org\/{rel}","templated":true}]}}