{"id":9016,"date":"2024-09-20T08:11:14","date_gmt":"2024-09-20T00:11:14","guid":{"rendered":"https:\/\/www.ronboplastic.com\/index.php\/product\/imitation-clay-large-round-flower-pot\/"},"modified":"2025-09-08T14:17:26","modified_gmt":"2025-09-08T06:17:26","slug":"grand-pot-de-fleurs-rond-en-imitation-dargile","status":"publish","type":"product","link":"https:\/\/www.ronboplastic.com\/fr\/produit\/grand-pot-de-fleurs-rond-en-imitation-dargile\/","title":{"rendered":"Grand pot de fleurs rond en terre cuite"},"content":{"rendered":"<p>Voici les pots de fleurs modernes pour plantes et arbres - Pots de fleurs en forme de ventre circulaire, un pot de fleurs contemporain et \u00e9l\u00e9gant con\u00e7u avec une forme de ventre circulaire unique. Ce pot de fleurs polyvalent est parfait pour planter une grande vari\u00e9t\u00e9 de plantes et d'arbres, apportant une touche d'\u00e9l\u00e9gance moderne et rehaussant l'attrait d\u00e9coratif des espaces int\u00e9rieurs et ext\u00e9rieurs, tout en assurant une croissance saine des plantes.<\/p>\n<p>&nbsp;<\/p>\n<p>Voici les principaux arguments de vente de ce produit exceptionnel :<\/p>\n<p>&nbsp;<\/p>\n<p>1. Design unique : Avec son ventre circulaire, ce pot de fleurs rompt avec les styles conventionnels et offre une esth\u00e9tique moderne et \u00e0 la mode. Il devient une pi\u00e8ce \u00e0 part enti\u00e8re, rehaussant l'ambiance de votre maison ou de votre bureau gr\u00e2ce \u00e0 son charme distinctif.<\/p>\n<p>2. Polyvalence : Que vous souhaitiez planter de petites plantes grasses ou de grands arbres d'int\u00e9rieur, ce pot de fleurs s'adapte \u00e0 diff\u00e9rentes tailles et capacit\u00e9s. L'espace g\u00e9n\u00e9reux offert par sa forme ventrue permet aux plantes de d\u00e9velopper des racines solides et de s'\u00e9panouir dans un environnement stimulant.<\/p>\n<p>3. Mat\u00e9riau de haute qualit\u00e9 : Fabriqu\u00e9 \u00e0 partir de mat\u00e9riaux de premi\u00e8re qualit\u00e9, ce pot de fleurs est durable et pr\u00e9sente d'excellentes performances antivieillissement. Il r\u00e9siste \u00e0 diverses conditions climatiques et aux environnements ext\u00e9rieurs, garantissant un produit durable qui conservera sa beaut\u00e9 au fil du temps.<\/p>\n<p>4. Entretien pratique : Con\u00e7u avec une respirabilit\u00e9 optimale et des capacit\u00e9s de drainage efficaces, ce pot de fleurs favorise la croissance saine des plantes et la sant\u00e9 des racines. En outre, il offre un entretien sans souci puisqu'il peut \u00eatre facilement nettoy\u00e9 \u00e0 l'aide d'un chiffon doux avec de l'eau et du savon.<\/p>\n<p>5. Plusieurs choix de couleurs : Notre gamme de pots de fleurs offre un large choix de couleurs, y compris le blanc classique, le noir et les tons m\u00e9talliques \u00e0 la mode. Que vous souhaitiez embellir votre espace de vie, rajeunir votre bureau ou ajouter une touche de nature \u00e0 votre espace ext\u00e9rieur, les pots de fleurs modernes pour plantes et arbres - pots de fleurs en forme de ventre circulaire - r\u00e9pondent \u00e0 vos d\u00e9sirs d'esth\u00e9tique et de fonctionnalit\u00e9 contemporaines.<\/p>\n<p>Avec leur design unique, leurs mat\u00e9riaux de haute qualit\u00e9 et leurs fonctions d'entretien pratiques, ils apportent sans effort charme et vitalit\u00e9 \u00e0 votre ch\u00e8re verdure.<\/p>\n<p>&nbsp;<\/p>\n<p>&nbsp;<\/p>\n<p>&nbsp;<\/p>\n<p><img loading=\"lazy\" decoding=\"async\" title=\"01\" src=\"https:\/\/www.ronboplastic.com\/wp-content\/uploads\/2025\/09\/20230808092906dcc8f293b4e24334b20d13e21f2e53b8.jpg\" alt=\"01\" width=\"780\" height=\"4628\" \/><\/p>\n<p><img loading=\"lazy\" decoding=\"async\" title=\"02\" src=\"https:\/\/www.ronboplastic.com\/wp-content\/uploads\/2025\/09\/20230808092906ec18520f58214626b9ea48b2b2a1fb08.jpg\" alt=\"02\" width=\"780\" height=\"4844\" \/><\/p>\n<p><img loading=\"lazy\" decoding=\"async\" title=\"produit-800-207\" src=\"https:\/\/www.ronboplastic.com\/wp-content\/uploads\/2025\/09\/202205131612159a16ace32ec04133ae6f48e4dcaa3c85.jpg\" alt=\"Jardini\u00e8re en tonneau\" width=\"800\" height=\"207\" \/><\/p>\n<p>&nbsp;<\/p>\n<p>&nbsp;<\/p>\n<p class=\"productsTags\">Hot Tags : imitation argile grand pot de fleurs rond, fournisseurs, fabricants, usine, grossiste, pour la vente<\/p>","protected":false},"excerpt":{"rendered":"<p>Pots de fleurs modernes pour plantes et arbres - Pots de fleurs en forme de ventre circulaire est un pot de fleurs moderne pour plantes et arbres con\u00e7u avec une forme de ventre circulaire. Ce pot de fleurs convient \u00e0 la plantation de diverses plantes et arbres, ce qui peut ajouter des effets d\u00e9coratifs uniques \u00e0 votre espace int\u00e9rieur et ext\u00e9rieur tout en permettant aux plantes de pousser sainement.<\/p>","protected":false},"featured_media":9020,"comment_status":"open","ping_status":"open","template":"","meta":[],"product_brand":[],"product_cat":[80],"product_tag":[],"class_list":{"0":"post-9016","1":"product","2":"type-product","3":"status-publish","4":"has-post-thumbnail","6":"product_cat-decorative-potsampplanters","8":"first","9":"instock","10":"shipping-taxable","11":"product-type-simple"},"yoast_head":"<!-- This site is optimized with the Yoast SEO plugin v26.1.1 - https:\/\/yoast.com\/wordpress\/plugins\/seo\/ -->\n<title>Imitation Clay Large Round Flower Pot - Ronbo Sunrise Pots &amp; Planters<\/title>\n<meta name=\"robots\" content=\"index, follow, max-snippet:-1, max-image-preview:large, max-video-preview:-1\" \/>\n<link rel=\"canonical\" href=\"http:\/\/www.ronboplastic.com\/fr\/produit\/grand-pot-de-fleurs-rond-en-imitation-dargile\/\" \/>\n<meta property=\"og:locale\" content=\"fr_FR\" \/>\n<meta property=\"og:type\" content=\"article\" \/>\n<meta property=\"og:title\" content=\"Imitation Clay Large Round Flower Pot - Ronbo Sunrise Pots &amp; Planters\" \/>\n<meta property=\"og:description\" content=\"Modern Plant and Tree Flower Pots - Circular Belly shaped Flower Pots is a modern plant and tree flower pot designed with a circular belly shape. This flowerpot is suitable for planting various plants and trees, which can add unique decorative effects to your indoor and outdoor space while also allowing plants to grow healthily.\" \/>\n<meta property=\"og:url\" content=\"http:\/\/www.ronboplastic.com\/fr\/produit\/grand-pot-de-fleurs-rond-en-imitation-dargile\/\" \/>\n<meta property=\"og:site_name\" content=\"Ronbo Sunrise Pots &amp; Planters\" \/>\n<meta property=\"article:modified_time\" content=\"2025-09-08T06:17:26+00:00\" \/>\n<meta property=\"og:image\" content=\"https:\/\/www.ronboplastic.com\/wp-content\/uploads\/2025\/09\/1-2-1-1.png\" \/>\n\t<meta property=\"og:image:width\" content=\"730\" \/>\n\t<meta property=\"og:image:height\" content=\"730\" \/>\n\t<meta property=\"og:image:type\" content=\"image\/png\" \/>\n<meta name=\"twitter:card\" content=\"summary_large_image\" \/>\n<meta name=\"twitter:label1\" content=\"Dur\u00e9e de lecture estim\u00e9e\" \/>\n\t<meta name=\"twitter:data1\" content=\"2 minutes\" \/>\n<script type=\"application\/ld+json\" class=\"yoast-schema-graph\">{\"@context\":\"https:\/\/schema.org\",\"@graph\":[{\"@type\":\"WebPage\",\"@id\":\"http:\/\/www.ronboplastic.com\/ru\/%d0%bf%d1%80%d0%be%d0%b4%d1%83%d0%ba%d1%82\/imitation-clay-large-round-flower-pot\/\",\"url\":\"http:\/\/www.ronboplastic.com\/ru\/%d0%bf%d1%80%d0%be%d0%b4%d1%83%d0%ba%d1%82\/imitation-clay-large-round-flower-pot\/\",\"name\":\"Imitation Clay Large Round Flower Pot - Ronbo Sunrise Pots &amp; Planters\",\"isPartOf\":{\"@id\":\"https:\/\/www.ronboplastic.com\/#website\"},\"primaryImageOfPage\":{\"@id\":\"http:\/\/www.ronboplastic.com\/ru\/%d0%bf%d1%80%d0%be%d0%b4%d1%83%d0%ba%d1%82\/imitation-clay-large-round-flower-pot\/#primaryimage\"},\"image\":{\"@id\":\"http:\/\/www.ronboplastic.com\/ru\/%d0%bf%d1%80%d0%be%d0%b4%d1%83%d0%ba%d1%82\/imitation-clay-large-round-flower-pot\/#primaryimage\"},\"thumbnailUrl\":\"https:\/\/www.ronboplastic.com\/wp-content\/uploads\/2025\/09\/1-2-1-1.png\",\"datePublished\":\"2024-09-20T00:11:14+00:00\",\"dateModified\":\"2025-09-08T06:17:26+00:00\",\"breadcrumb\":{\"@id\":\"http:\/\/www.ronboplastic.com\/ru\/%d0%bf%d1%80%d0%be%d0%b4%d1%83%d0%ba%d1%82\/imitation-clay-large-round-flower-pot\/#breadcrumb\"},\"inLanguage\":\"fr-FR\",\"potentialAction\":[{\"@type\":\"ReadAction\",\"target\":[\"http:\/\/www.ronboplastic.com\/ru\/%d0%bf%d1%80%d0%be%d0%b4%d1%83%d0%ba%d1%82\/imitation-clay-large-round-flower-pot\/\"]}]},{\"@type\":\"ImageObject\",\"inLanguage\":\"fr-FR\",\"@id\":\"http:\/\/www.ronboplastic.com\/ru\/%d0%bf%d1%80%d0%be%d0%b4%d1%83%d0%ba%d1%82\/imitation-clay-large-round-flower-pot\/#primaryimage\",\"url\":\"https:\/\/www.ronboplastic.com\/wp-content\/uploads\/2025\/09\/1-2-1-1.png\",\"contentUrl\":\"https:\/\/www.ronboplastic.com\/wp-content\/uploads\/2025\/09\/1-2-1-1.png\",\"width\":730,\"height\":730,\"caption\":\"garden pots\"},{\"@type\":\"BreadcrumbList\",\"@id\":\"http:\/\/www.ronboplastic.com\/ru\/%d0%bf%d1%80%d0%be%d0%b4%d1%83%d0%ba%d1%82\/imitation-clay-large-round-flower-pot\/#breadcrumb\",\"itemListElement\":[{\"@type\":\"ListItem\",\"position\":1,\"name\":\"\u9996\u9875\",\"item\":\"https:\/\/www.ronboplastic.com\/\"},{\"@type\":\"ListItem\",\"position\":2,\"name\":\"Products\",\"item\":\"http:\/\/www.ronboplastic.com\/products\/\"},{\"@type\":\"ListItem\",\"position\":3,\"name\":\"Imitation Clay Large Round Flower Pot\"}]},{\"@type\":\"WebSite\",\"@id\":\"https:\/\/www.ronboplastic.com\/#website\",\"url\":\"https:\/\/www.ronboplastic.com\/\",\"name\":\"Ronbo Sunrise Pots &amp; Planters\",\"description\":\"Flower Pots &amp; Planters\",\"potentialAction\":[{\"@type\":\"SearchAction\",\"target\":{\"@type\":\"EntryPoint\",\"urlTemplate\":\"https:\/\/www.ronboplastic.com\/?s={search_term_string}\"},\"query-input\":{\"@type\":\"PropertyValueSpecification\",\"valueRequired\":true,\"valueName\":\"search_term_string\"}}],\"inLanguage\":\"fr-FR\"}]}<\/script>\n<!-- \/ Yoast SEO plugin. -->","yoast_head_json":{"title":"Imitation Clay Large Round Flower Pot - Ronbo Sunrise Pots &amp; Planters","robots":{"index":"index","follow":"follow","max-snippet":"max-snippet:-1","max-image-preview":"max-image-preview:large","max-video-preview":"max-video-preview:-1"},"canonical":"http:\/\/www.ronboplastic.com\/fr\/produit\/grand-pot-de-fleurs-rond-en-imitation-dargile\/","og_locale":"fr_FR","og_type":"article","og_title":"Imitation Clay Large Round Flower Pot - Ronbo Sunrise Pots &amp; Planters","og_description":"Modern Plant and Tree Flower Pots - Circular Belly shaped Flower Pots is a modern plant and tree flower pot designed with a circular belly shape. This flowerpot is suitable for planting various plants and trees, which can add unique decorative effects to your indoor and outdoor space while also allowing plants to grow healthily.","og_url":"http:\/\/www.ronboplastic.com\/fr\/produit\/grand-pot-de-fleurs-rond-en-imitation-dargile\/","og_site_name":"Ronbo Sunrise Pots &amp; Planters","article_modified_time":"2025-09-08T06:17:26+00:00","og_image":[{"width":730,"height":730,"url":"https:\/\/www.ronboplastic.com\/wp-content\/uploads\/2025\/09\/1-2-1-1.png","type":"image\/png"}],"twitter_card":"summary_large_image","twitter_misc":{"Dur\u00e9e de lecture estim\u00e9e":"2 minutes"},"schema":{"@context":"https:\/\/schema.org","@graph":[{"@type":"WebPage","@id":"http:\/\/www.ronboplastic.com\/ru\/%d0%bf%d1%80%d0%be%d0%b4%d1%83%d0%ba%d1%82\/imitation-clay-large-round-flower-pot\/","url":"http:\/\/www.ronboplastic.com\/ru\/%d0%bf%d1%80%d0%be%d0%b4%d1%83%d0%ba%d1%82\/imitation-clay-large-round-flower-pot\/","name":"Imitation Clay Large Round Flower Pot - Ronbo Sunrise Pots &amp; Planters","isPartOf":{"@id":"https:\/\/www.ronboplastic.com\/#website"},"primaryImageOfPage":{"@id":"http:\/\/www.ronboplastic.com\/ru\/%d0%bf%d1%80%d0%be%d0%b4%d1%83%d0%ba%d1%82\/imitation-clay-large-round-flower-pot\/#primaryimage"},"image":{"@id":"http:\/\/www.ronboplastic.com\/ru\/%d0%bf%d1%80%d0%be%d0%b4%d1%83%d0%ba%d1%82\/imitation-clay-large-round-flower-pot\/#primaryimage"},"thumbnailUrl":"https:\/\/www.ronboplastic.com\/wp-content\/uploads\/2025\/09\/1-2-1-1.png","datePublished":"2024-09-20T00:11:14+00:00","dateModified":"2025-09-08T06:17:26+00:00","breadcrumb":{"@id":"http:\/\/www.ronboplastic.com\/ru\/%d0%bf%d1%80%d0%be%d0%b4%d1%83%d0%ba%d1%82\/imitation-clay-large-round-flower-pot\/#breadcrumb"},"inLanguage":"fr-FR","potentialAction":[{"@type":"ReadAction","target":["http:\/\/www.ronboplastic.com\/ru\/%d0%bf%d1%80%d0%be%d0%b4%d1%83%d0%ba%d1%82\/imitation-clay-large-round-flower-pot\/"]}]},{"@type":"ImageObject","inLanguage":"fr-FR","@id":"http:\/\/www.ronboplastic.com\/ru\/%d0%bf%d1%80%d0%be%d0%b4%d1%83%d0%ba%d1%82\/imitation-clay-large-round-flower-pot\/#primaryimage","url":"https:\/\/www.ronboplastic.com\/wp-content\/uploads\/2025\/09\/1-2-1-1.png","contentUrl":"https:\/\/www.ronboplastic.com\/wp-content\/uploads\/2025\/09\/1-2-1-1.png","width":730,"height":730,"caption":"garden pots"},{"@type":"BreadcrumbList","@id":"http:\/\/www.ronboplastic.com\/ru\/%d0%bf%d1%80%d0%be%d0%b4%d1%83%d0%ba%d1%82\/imitation-clay-large-round-flower-pot\/#breadcrumb","itemListElement":[{"@type":"ListItem","position":1,"name":"\u9996\u9875","item":"https:\/\/www.ronboplastic.com\/"},{"@type":"ListItem","position":2,"name":"Products","item":"http:\/\/www.ronboplastic.com\/products\/"},{"@type":"ListItem","position":3,"name":"Imitation Clay Large Round Flower Pot"}]},{"@type":"WebSite","@id":"https:\/\/www.ronboplastic.com\/#website","url":"https:\/\/www.ronboplastic.com\/","name":"Ronbo Sunrise Pots &amp; Planters","description":"Pots de fleurs et jardini\u00e8res","potentialAction":[{"@type":"SearchAction","target":{"@type":"EntryPoint","urlTemplate":"https:\/\/www.ronboplastic.com\/?s={search_term_string}"},"query-input":{"@type":"PropertyValueSpecification","valueRequired":true,"valueName":"search_term_string"}}],"inLanguage":"fr-FR"}]}},"_links":{"self":[{"href":"https:\/\/www.ronboplastic.com\/fr\/wp-json\/wp\/v2\/product\/9016","targetHints":{"allow":["GET"]}}],"collection":[{"href":"https:\/\/www.ronboplastic.com\/fr\/wp-json\/wp\/v2\/product"}],"about":[{"href":"https:\/\/www.ronboplastic.com\/fr\/wp-json\/wp\/v2\/types\/product"}],"replies":[{"embeddable":true,"href":"https:\/\/www.ronboplastic.com\/fr\/wp-json\/wp\/v2\/comments?post=9016"}],"wp:featuredmedia":[{"embeddable":true,"href":"https:\/\/www.ronboplastic.com\/fr\/wp-json\/wp\/v2\/media\/9020"}],"wp:attachment":[{"href":"https:\/\/www.ronboplastic.com\/fr\/wp-json\/wp\/v2\/media?parent=9016"}],"wp:term":[{"taxonomy":"product_brand","embeddable":true,"href":"https:\/\/www.ronboplastic.com\/fr\/wp-json\/wp\/v2\/product_brand?post=9016"},{"taxonomy":"product_cat","embeddable":true,"href":"https:\/\/www.ronboplastic.com\/fr\/wp-json\/wp\/v2\/product_cat?post=9016"},{"taxonomy":"product_tag","embeddable":true,"href":"https:\/\/www.ronboplastic.com\/fr\/wp-json\/wp\/v2\/product_tag?post=9016"}],"curies":[{"name":"wp","href":"https:\/\/api.w.org\/{rel}","templated":true}]}}