{"id":8994,"date":"2024-09-19T06:28:59","date_gmt":"2024-09-18T22:28:59","guid":{"rendered":"https:\/\/www.ronboplastic.com\/index.php\/product\/resin-whiskey-barrel-for-12-inch\/"},"modified":"2025-09-08T14:17:14","modified_gmt":"2025-09-08T06:17:14","slug":"tonneau-de-whisky-en-resine-pour-12-pouces","status":"publish","type":"product","link":"https:\/\/www.ronboplastic.com\/fr\/produit\/tonneau-de-whisky-en-resine-pour-12-pouces\/","title":{"rendered":"F\u00fbt de whisky en r\u00e9sine pour 12 pouces"},"content":{"rendered":"<p>12 inch barrlel effect planter ,Durable et l\u00e9ger,ce baril de whisky classique peut \u00eatre d\u00e9plac\u00e9 autour de votre ferme ou jardin facilement.  Cette jardini\u00e8re classique et \u00e9l\u00e9gante en forme de tonneau marron est parfaite pour l'int\u00e9rieur et l'ext\u00e9rieur.Cette grande jardini\u00e8re a des protecteurs UV qui offrent une r\u00e9sistance aux fissures et \u00e0 la d\u00e9coloration\u3002.<\/p>\n<p><img loading=\"lazy\" decoding=\"async\" title=\"F\u00fbt de whisky en r\u00e9sine pour 12 pouces\" src=\"https:\/\/www.ronboplastic.com\/wp-content\/uploads\/2025\/09\/20220513155909800963e7a3f34a49997546588a30f057.jpg\" alt=\"F\u00fbt de whisky en r\u00e9sine pour 12 pouces\" width=\"800\" height=\"801\" border=\"0\" vspace=\"0\" \/><\/p>\n<p><strong>Sp\u00e9cifications<\/strong><\/p>\n<section class=\"table-wrap\">\n<table class=\"table\" border=\"1\" width=\"100%\" cellspacing=\"0\" cellpadding=\"0\">\n<tbody>\n<tr class=\"firstRow\">\n<td>Num\u00e9ro de mod\u00e8le<\/td>\n<td>RB-PJ1012<\/td>\n<\/tr>\n<tr>\n<td>Type de plastique<\/td>\n<td>PP<\/td>\n<\/tr>\n<tr>\n<td>Type<\/td>\n<td>Propagation<\/td>\n<\/tr>\n<tr>\n<td>Diam\u00e8tre sup\u00e9rieur<\/td>\n<td>30.2cm\/11.9inch<\/td>\n<\/tr>\n<tr>\n<td>Diam\u00e8tre du fond<\/td>\n<td>22.5cm\/8.9inch<\/td>\n<\/tr>\n<tr>\n<td>Hauteur<\/td>\n<td>20cm\/7.9inch<\/td>\n<\/tr>\n<tr>\n<td>Poids<\/td>\n<td>500g<\/td>\n<\/tr>\n<\/tbody>\n<\/table>\n<\/section>\n<p><strong>Nos services<\/strong><\/p>\n<p><img loading=\"lazy\" decoding=\"async\" title=\"F\u00fbt de whisky en r\u00e9sine pour 12 pouces\" src=\"https:\/\/www.ronboplastic.com\/wp-content\/uploads\/2025\/09\/202205131612159a16ace32ec04133ae6f48e4dcaa3c85.jpg\" alt=\"F\u00fbt de whisky en r\u00e9sine pour 12 pouces\" width=\"800\" height=\"207\" border=\"0\" vspace=\"0\" \/><\/p>\n<p><img loading=\"lazy\" decoding=\"async\" title=\"F\u00fbt de whisky en r\u00e9sine pour 12 pouces\" src=\"https:\/\/www.ronboplastic.com\/wp-content\/uploads\/2025\/09\/202205131559577133d6fb559248fd83d8951903666d3c.jpg\" alt=\"F\u00fbt de whisky en r\u00e9sine pour 12 pouces\" width=\"800\" height=\"865\" border=\"0\" vspace=\"0\" \/><\/p>\n<p class=\"productsTags\">Hot Tags : r\u00e9sine whiskey barrel for 12 inch, suppliers, manufacturers, factory, wholesale, for sale<\/p>","protected":false},"excerpt":{"rendered":"<p>12 inch barrlel effect planter ,Durable et l\u00e9ger, ce baril de whisky classique peut \u00eatre d\u00e9plac\u00e9 autour de votre ferme ou jardin facilement. Cette jardini\u00e8re classique et \u00e9l\u00e9gante en forme de tonneau brun est id\u00e9ale pour l'int\u00e9rieur et l'ext\u00e9rieur. Cette grande jardini\u00e8re est dot\u00e9e de protecteurs UV qui la rendent r\u00e9sistante \u00e0 la fissuration et \u00e0 la d\u00e9coloration.<\/p>","protected":false},"featured_media":8996,"comment_status":"open","ping_status":"open","template":"","meta":[],"product_brand":[],"product_cat":[85],"product_tag":[],"class_list":{"0":"post-8994","1":"product","2":"type-product","3":"status-publish","4":"has-post-thumbnail","6":"product_cat-whiskey-barrel-planter","8":"first","9":"instock","10":"shipping-taxable","11":"product-type-simple"},"yoast_head":"<!-- This site is optimized with the Yoast SEO plugin v26.1.1 - https:\/\/yoast.com\/wordpress\/plugins\/seo\/ -->\n<title>Resin Whiskey Barrel For 12 Inch - Ronbo Sunrise Pots &amp; Planters<\/title>\n<meta name=\"robots\" content=\"index, follow, max-snippet:-1, max-image-preview:large, max-video-preview:-1\" \/>\n<link rel=\"canonical\" href=\"http:\/\/www.ronboplastic.com\/fr\/produit\/tonneau-de-whisky-en-resine-pour-12-pouces\/\" \/>\n<meta property=\"og:locale\" content=\"fr_FR\" \/>\n<meta property=\"og:type\" content=\"article\" \/>\n<meta property=\"og:title\" content=\"Resin Whiskey Barrel For 12 Inch - Ronbo Sunrise Pots &amp; Planters\" \/>\n<meta property=\"og:description\" content=\"12 inch barrlel effect planter ,Durable and lightweight,this classic whiskey barrel can be moved around your farm or garden easily. This classic and stylish brown barrel planter is great for indoor and outdoor use.This large planter has UV protectors that provide crack and fade resistance\" \/>\n<meta property=\"og:url\" content=\"http:\/\/www.ronboplastic.com\/fr\/produit\/tonneau-de-whisky-en-resine-pour-12-pouces\/\" \/>\n<meta property=\"og:site_name\" content=\"Ronbo Sunrise Pots &amp; Planters\" \/>\n<meta property=\"article:modified_time\" content=\"2025-09-08T06:17:14+00:00\" \/>\n<meta property=\"og:image\" content=\"https:\/\/www.ronboplastic.com\/wp-content\/uploads\/2025\/09\/12inch-whiskey-barrel-planter51230920513.jpg\" \/>\n\t<meta property=\"og:image:width\" content=\"730\" \/>\n\t<meta property=\"og:image:height\" content=\"730\" \/>\n\t<meta property=\"og:image:type\" content=\"image\/jpeg\" \/>\n<meta name=\"twitter:card\" content=\"summary_large_image\" \/>\n<script type=\"application\/ld+json\" class=\"yoast-schema-graph\">{\"@context\":\"https:\/\/schema.org\",\"@graph\":[{\"@type\":\"WebPage\",\"@id\":\"http:\/\/www.ronboplastic.com\/ru\/%d0%bf%d1%80%d0%be%d0%b4%d1%83%d0%ba%d1%82\/12-2\/\",\"url\":\"http:\/\/www.ronboplastic.com\/ru\/%d0%bf%d1%80%d0%be%d0%b4%d1%83%d0%ba%d1%82\/12-2\/\",\"name\":\"Resin Whiskey Barrel For 12 Inch - Ronbo Sunrise Pots &amp; Planters\",\"isPartOf\":{\"@id\":\"https:\/\/www.ronboplastic.com\/#website\"},\"primaryImageOfPage\":{\"@id\":\"http:\/\/www.ronboplastic.com\/ru\/%d0%bf%d1%80%d0%be%d0%b4%d1%83%d0%ba%d1%82\/12-2\/#primaryimage\"},\"image\":{\"@id\":\"http:\/\/www.ronboplastic.com\/ru\/%d0%bf%d1%80%d0%be%d0%b4%d1%83%d0%ba%d1%82\/12-2\/#primaryimage\"},\"thumbnailUrl\":\"https:\/\/www.ronboplastic.com\/wp-content\/uploads\/2025\/09\/12inch-whiskey-barrel-planter51230920513.jpg\",\"datePublished\":\"2024-09-18T22:28:59+00:00\",\"dateModified\":\"2025-09-08T06:17:14+00:00\",\"breadcrumb\":{\"@id\":\"http:\/\/www.ronboplastic.com\/ru\/%d0%bf%d1%80%d0%be%d0%b4%d1%83%d0%ba%d1%82\/12-2\/#breadcrumb\"},\"inLanguage\":\"fr-FR\",\"potentialAction\":[{\"@type\":\"ReadAction\",\"target\":[\"http:\/\/www.ronboplastic.com\/ru\/%d0%bf%d1%80%d0%be%d0%b4%d1%83%d0%ba%d1%82\/12-2\/\"]}]},{\"@type\":\"ImageObject\",\"inLanguage\":\"fr-FR\",\"@id\":\"http:\/\/www.ronboplastic.com\/ru\/%d0%bf%d1%80%d0%be%d0%b4%d1%83%d0%ba%d1%82\/12-2\/#primaryimage\",\"url\":\"https:\/\/www.ronboplastic.com\/wp-content\/uploads\/2025\/09\/12inch-whiskey-barrel-planter51230920513.jpg\",\"contentUrl\":\"https:\/\/www.ronboplastic.com\/wp-content\/uploads\/2025\/09\/12inch-whiskey-barrel-planter51230920513.jpg\",\"width\":730,\"height\":730,\"caption\":\"wholesale price Whiskey Barrel Planter\"},{\"@type\":\"BreadcrumbList\",\"@id\":\"http:\/\/www.ronboplastic.com\/ru\/%d0%bf%d1%80%d0%be%d0%b4%d1%83%d0%ba%d1%82\/12-2\/#breadcrumb\",\"itemListElement\":[{\"@type\":\"ListItem\",\"position\":1,\"name\":\"\u9996\u9875\",\"item\":\"https:\/\/www.ronboplastic.com\/\"},{\"@type\":\"ListItem\",\"position\":2,\"name\":\"Products\",\"item\":\"http:\/\/www.ronboplastic.com\/products\/\"},{\"@type\":\"ListItem\",\"position\":3,\"name\":\"Resin Whiskey Barrel For 12 Inch\"}]},{\"@type\":\"WebSite\",\"@id\":\"https:\/\/www.ronboplastic.com\/#website\",\"url\":\"https:\/\/www.ronboplastic.com\/\",\"name\":\"Ronbo Sunrise Pots &amp; Planters\",\"description\":\"Flower Pots &amp; Planters\",\"potentialAction\":[{\"@type\":\"SearchAction\",\"target\":{\"@type\":\"EntryPoint\",\"urlTemplate\":\"https:\/\/www.ronboplastic.com\/?s={search_term_string}\"},\"query-input\":{\"@type\":\"PropertyValueSpecification\",\"valueRequired\":true,\"valueName\":\"search_term_string\"}}],\"inLanguage\":\"fr-FR\"}]}<\/script>\n<!-- \/ Yoast SEO plugin. -->","yoast_head_json":{"title":"Resin Whiskey Barrel For 12 Inch - Ronbo Sunrise Pots &amp; Planters","robots":{"index":"index","follow":"follow","max-snippet":"max-snippet:-1","max-image-preview":"max-image-preview:large","max-video-preview":"max-video-preview:-1"},"canonical":"http:\/\/www.ronboplastic.com\/fr\/produit\/tonneau-de-whisky-en-resine-pour-12-pouces\/","og_locale":"fr_FR","og_type":"article","og_title":"Resin Whiskey Barrel For 12 Inch - Ronbo Sunrise Pots &amp; Planters","og_description":"12 inch barrlel effect planter ,Durable and lightweight,this classic whiskey barrel can be moved around your farm or garden easily. This classic and stylish brown barrel planter is great for indoor and outdoor use.This large planter has UV protectors that provide crack and fade resistance","og_url":"http:\/\/www.ronboplastic.com\/fr\/produit\/tonneau-de-whisky-en-resine-pour-12-pouces\/","og_site_name":"Ronbo Sunrise Pots &amp; Planters","article_modified_time":"2025-09-08T06:17:14+00:00","og_image":[{"width":730,"height":730,"url":"https:\/\/www.ronboplastic.com\/wp-content\/uploads\/2025\/09\/12inch-whiskey-barrel-planter51230920513.jpg","type":"image\/jpeg"}],"twitter_card":"summary_large_image","schema":{"@context":"https:\/\/schema.org","@graph":[{"@type":"WebPage","@id":"http:\/\/www.ronboplastic.com\/ru\/%d0%bf%d1%80%d0%be%d0%b4%d1%83%d0%ba%d1%82\/12-2\/","url":"http:\/\/www.ronboplastic.com\/ru\/%d0%bf%d1%80%d0%be%d0%b4%d1%83%d0%ba%d1%82\/12-2\/","name":"Resin Whiskey Barrel For 12 Inch - Ronbo Sunrise Pots &amp; Planters","isPartOf":{"@id":"https:\/\/www.ronboplastic.com\/#website"},"primaryImageOfPage":{"@id":"http:\/\/www.ronboplastic.com\/ru\/%d0%bf%d1%80%d0%be%d0%b4%d1%83%d0%ba%d1%82\/12-2\/#primaryimage"},"image":{"@id":"http:\/\/www.ronboplastic.com\/ru\/%d0%bf%d1%80%d0%be%d0%b4%d1%83%d0%ba%d1%82\/12-2\/#primaryimage"},"thumbnailUrl":"https:\/\/www.ronboplastic.com\/wp-content\/uploads\/2025\/09\/12inch-whiskey-barrel-planter51230920513.jpg","datePublished":"2024-09-18T22:28:59+00:00","dateModified":"2025-09-08T06:17:14+00:00","breadcrumb":{"@id":"http:\/\/www.ronboplastic.com\/ru\/%d0%bf%d1%80%d0%be%d0%b4%d1%83%d0%ba%d1%82\/12-2\/#breadcrumb"},"inLanguage":"fr-FR","potentialAction":[{"@type":"ReadAction","target":["http:\/\/www.ronboplastic.com\/ru\/%d0%bf%d1%80%d0%be%d0%b4%d1%83%d0%ba%d1%82\/12-2\/"]}]},{"@type":"ImageObject","inLanguage":"fr-FR","@id":"http:\/\/www.ronboplastic.com\/ru\/%d0%bf%d1%80%d0%be%d0%b4%d1%83%d0%ba%d1%82\/12-2\/#primaryimage","url":"https:\/\/www.ronboplastic.com\/wp-content\/uploads\/2025\/09\/12inch-whiskey-barrel-planter51230920513.jpg","contentUrl":"https:\/\/www.ronboplastic.com\/wp-content\/uploads\/2025\/09\/12inch-whiskey-barrel-planter51230920513.jpg","width":730,"height":730,"caption":"wholesale price Whiskey Barrel Planter"},{"@type":"BreadcrumbList","@id":"http:\/\/www.ronboplastic.com\/ru\/%d0%bf%d1%80%d0%be%d0%b4%d1%83%d0%ba%d1%82\/12-2\/#breadcrumb","itemListElement":[{"@type":"ListItem","position":1,"name":"\u9996\u9875","item":"https:\/\/www.ronboplastic.com\/"},{"@type":"ListItem","position":2,"name":"Products","item":"http:\/\/www.ronboplastic.com\/products\/"},{"@type":"ListItem","position":3,"name":"Resin Whiskey Barrel For 12 Inch"}]},{"@type":"WebSite","@id":"https:\/\/www.ronboplastic.com\/#website","url":"https:\/\/www.ronboplastic.com\/","name":"Ronbo Sunrise Pots &amp; Planters","description":"Pots de fleurs et jardini\u00e8res","potentialAction":[{"@type":"SearchAction","target":{"@type":"EntryPoint","urlTemplate":"https:\/\/www.ronboplastic.com\/?s={search_term_string}"},"query-input":{"@type":"PropertyValueSpecification","valueRequired":true,"valueName":"search_term_string"}}],"inLanguage":"fr-FR"}]}},"_links":{"self":[{"href":"https:\/\/www.ronboplastic.com\/fr\/wp-json\/wp\/v2\/product\/8994","targetHints":{"allow":["GET"]}}],"collection":[{"href":"https:\/\/www.ronboplastic.com\/fr\/wp-json\/wp\/v2\/product"}],"about":[{"href":"https:\/\/www.ronboplastic.com\/fr\/wp-json\/wp\/v2\/types\/product"}],"replies":[{"embeddable":true,"href":"https:\/\/www.ronboplastic.com\/fr\/wp-json\/wp\/v2\/comments?post=8994"}],"wp:featuredmedia":[{"embeddable":true,"href":"https:\/\/www.ronboplastic.com\/fr\/wp-json\/wp\/v2\/media\/8996"}],"wp:attachment":[{"href":"https:\/\/www.ronboplastic.com\/fr\/wp-json\/wp\/v2\/media?parent=8994"}],"wp:term":[{"taxonomy":"product_brand","embeddable":true,"href":"https:\/\/www.ronboplastic.com\/fr\/wp-json\/wp\/v2\/product_brand?post=8994"},{"taxonomy":"product_cat","embeddable":true,"href":"https:\/\/www.ronboplastic.com\/fr\/wp-json\/wp\/v2\/product_cat?post=8994"},{"taxonomy":"product_tag","embeddable":true,"href":"https:\/\/www.ronboplastic.com\/fr\/wp-json\/wp\/v2\/product_tag?post=8994"}],"curies":[{"name":"wp","href":"https:\/\/api.w.org\/{rel}","templated":true}]}}