{"id":8961,"date":"2024-09-19T03:42:15","date_gmt":"2024-09-18T19:42:15","guid":{"rendered":"https:\/\/www.ronboplastic.com\/index.php\/product\/21-inch-whiskey-barrel-planter\/"},"modified":"2025-09-08T14:17:03","modified_gmt":"2025-09-08T06:17:03","slug":"jardiniere-de-21-pouces-en-forme-de-tonneau-de-whisky","status":"publish","type":"product","link":"https:\/\/www.ronboplastic.com\/fr\/produit\/jardiniere-de-21-pouces-en-forme-de-tonneau-de-whisky\/","title":{"rendered":"21 Inch Whiskey Barrel Planter"},"content":{"rendered":"<p>Vous cherchez une jardini\u00e8re qui durera des ann\u00e9es et qui ajoutera une touche de charme rustique \u00e0 votre jardin ?<\/p>\n<p>Notre jardini\u00e8re en tonneau de whisky de 21 pouces est parfaite pour tout jardinier \u00e0 la recherche d'une jardini\u00e8re rustique durable et ancienne. Fabriqu\u00e9 \u00e0 partir de mat\u00e9riaux de haute qualit\u00e9, ce tonneau durera des ann\u00e9es. Il est parfait pour tout type de composition florale, des simples marguerites aux plantes annuelles et autres plantes ornementales. Les tonneaux de whisky n'ajoutent pas seulement un charme cr\u00e9atif aux espaces ext\u00e9rieurs, ils peuvent aussi \u00eatre utilis\u00e9s pour un potager et\/ou un jardin d'herbes aromatiques. Vous voulez en savoir plus sur l'utilisation des tonneaux de whisky dans le jardin ? Lisez la suite !<\/p>\n<p>Le pot de 21 pouces en forme de tonneau de whisky a une apparence plus r\u00e9cente mais classique qui rendra votre paysage de jardin plus beau.  Il est l\u00e9ger et portable et peut \u00eatre facilement d\u00e9plac\u00e9 partout dans votre jardin. Il est durable et peut \u00eatre utilis\u00e9 pendant longtemps. Il est assez grand pour contenir la plupart des fleurs ou des arbres et leur donner une pr\u00e9sentation parfaite et belle de vous.<\/p>\n<p><strong>Sp\u00e9cifications<\/strong><\/p>\n<p>&nbsp;<\/p>\n<section class=\"table-wrap\">\n<table border=\"0\" cellspacing=\"0\" cellpadding=\"0\">\n<tbody>\n<tr class=\"firstRow\">\n<td class=\"kso0\" colspan=\"7\" width=\"649\">D\u00c9TAILS DU PRODUIT<\/td>\n<\/tr>\n<tr>\n<td class=\"kso6\" rowspan=\"2\" width=\"58\" height=\"41\">Num\u00e9ro d'article<\/td>\n<td class=\"kso7\" colspan=\"2\" width=\"164\" height=\"29\">Taille de l'article\/DIA*H*Bottom<\/td>\n<td class=\"kso9\" rowspan=\"2\" width=\"51\" height=\"41\">Poids\/g<\/td>\n<td class=\"kso10\" rowspan=\"2\" width=\"67\" height=\"41\">PCS\/PKG<\/td>\n<td class=\"kso11\" rowspan=\"2\" width=\"67\" height=\"41\">PCS\/40HQ<\/td>\n<td class=\"kso11\" colspan=\"1\" rowspan=\"2\" width=\"117\">Nom du produit<\/td>\n<\/tr>\n<tr>\n<td class=\"kso13\" width=\"71\">CM<\/td>\n<td class=\"kso14\" width=\"93\">POUCE<\/td>\n<\/tr>\n<tr>\n<td class=\"kso18\" width=\"58\">RB-PJ2016<\/td>\n<td class=\"kso19\" width=\"71\">40*26.7<\/td>\n<td class=\"kso20\" width=\"93\">\u00a015.8*10.6<\/td>\n<td class=\"kso21\" width=\"51\">1000<\/td>\n<td class=\"kso22\" width=\"67\">216<\/td>\n<td class=\"kso23\" width=\"66\">6210<\/td>\n<td class=\"kso23\" width=\"117\"><a title=\"Jardini\u00e8re en demi-baril de 16 pouces\" href=\"https:\/\/www.garden-pot.com\/decorative-pots-and-planters\/whiskey-barrel-planter\/16-inch-whiskey-barrel-planter.html\" target=\"_blank\" rel=\"noopener\">Jardini\u00e8re en demi-baril de 16 pouces<\/a><\/td>\n<\/tr>\n<tr>\n<td class=\"kso24\" width=\"58\">RB-PJ2021<\/td>\n<td class=\"kso25\" width=\"71\">52.7*30.5<\/td>\n<td class=\"kso26\" width=\"93\">20.75*12.1<\/td>\n<td class=\"kso27\" width=\"51\">1553<\/td>\n<td class=\"kso28\" width=\"67\">200<\/td>\n<td class=\"kso29\" width=\"66\">4400<\/td>\n<td class=\"kso29\" width=\"117\"><a title=\"21 Inch Whiskey Barrel Planter\" href=\"https:\/\/www.garden-pot.com\/decorative-pots-and-planters\/whiskey-barrel-planter\/21-inch-whiskey-barrel-planter.html\" target=\"_blank\" rel=\"noopener\">21 Inch Whiskey Barrel Planter<\/a><\/td>\n<\/tr>\n<tr>\n<td class=\"kso30\" width=\"58\">RB-PJ2022<\/td>\n<td class=\"kso31\" width=\"71\">55*33.4*39.3<\/td>\n<td class=\"kso32\" width=\"93\">21.65*13.15*15.5<\/td>\n<td class=\"kso33\" width=\"51\">1782<\/td>\n<td class=\"kso34\" width=\"67\">116<\/td>\n<td class=\"kso35\" width=\"66\">4640<\/td>\n<td class=\"kso35\" width=\"117\"><\/td>\n<\/tr>\n<tr>\n<td class=\"kso36\" width=\"58\">RB-PJ2025<\/td>\n<td class=\"kso37\" width=\"71\">62.9&#215;37.5<\/td>\n<td class=\"kso38\" width=\"93\">24.75*14.75<\/td>\n<td class=\"kso39\" width=\"51\">2600<\/td>\n<td class=\"kso40\" width=\"67\">58<\/td>\n<td class=\"kso41\" width=\"66\">1620<\/td>\n<td class=\"kso41\" width=\"117\"><a title=\"25 Inch Large Barrel Planter\" href=\"https:\/\/www.garden-pot.com\/decorative-pots-and-planters\/whiskey-barrel-planter\/25-inch-large-barrel-planter.html\" target=\"_blank\" rel=\"noopener\">25 Inch Large Barrel Planter<\/a><\/td>\n<\/tr>\n<\/tbody>\n<\/table>\n<\/section>\n<p>B\u00e2timent en plastique de haute densit\u00e9<\/p>\n<p>Durable, utilis\u00e9 \u00e0 l'int\u00e9rieur et \u00e0 l'ext\u00e9rieur pendant longtemps<\/p>\n<p>L\u00e9ger et portable, facile \u00e0 transporter<\/p>\n<p>Vernis UV : le vernis prot\u00e8ge la couleur de la d\u00e9coloration.<\/p>\n<p>Convient pour une utilisation \u00e0 l'ext\u00e9rieur et \u00e0 l'int\u00e9rieur<\/p>\n<p>Grand bac \u00e0 plantes 21 pouces en forme de tonneau de whisky<\/p>\n<p><img loading=\"lazy\" decoding=\"async\" title=\"21 Inch Whiskey Barrel Planter\" src=\"https:\/\/www.ronboplastic.com\/wp-content\/uploads\/2025\/09\/20220901110749416a156bb83e4a6ebec841dfb6cc35ad.jpg\" alt=\"21 Inch Whiskey Barrel Planter\" width=\"800\" height=\"1703\" \/><\/p>\n<p><img loading=\"lazy\" decoding=\"async\" title=\"21 Inch Whiskey Barrel Planter\" src=\"https:\/\/www.ronboplastic.com\/wp-content\/uploads\/2025\/09\/2022090111090370faca22a66a4197b56738e19c23d5f3.jpg\" alt=\"21 Inch Whiskey Barrel Planter\" width=\"800\" height=\"1398\" \/><\/p>\n<p><img loading=\"lazy\" decoding=\"async\" title=\"21 Inch Whiskey Barrel Planter\" src=\"https:\/\/www.ronboplastic.com\/wp-content\/uploads\/2025\/09\/20220901110917233926b1eadf44f7b22852e39c8dfd55.jpg\" alt=\"21 Inch Whiskey Barrel Planter\" width=\"800\" height=\"1270\" \/><\/p>\n<p class=\"productsTags\">Hot Tags : 21 pouces whisky barrel planter, fournisseurs, fabricants, usine, wholesale, pour la vente<\/p>","protected":false},"excerpt":{"rendered":"<p>Le pot de 21 pouces en forme de tonneau de whisky a une apparence plus r\u00e9cente mais classique qui rendra votre paysage de jardin plus beau. Il est l\u00e9ger et portable et peut \u00eatre facilement d\u00e9plac\u00e9 partout dans votre jardin. Il est durable et peut \u00eatre utilis\u00e9 pendant longtemps. Il est assez grand pour contenir la plupart des fleurs ou des arbres et leur donner une pr\u00e9sentation parfaite et belle de vous.<\/p>","protected":false},"featured_media":8966,"comment_status":"open","ping_status":"open","template":"","meta":[],"product_brand":[],"product_cat":[85],"product_tag":[86],"class_list":{"0":"post-8961","1":"product","2":"type-product","3":"status-publish","4":"has-post-thumbnail","6":"product_cat-whiskey-barrel-planter","7":"product_tag-whiskey-barrel-planter","9":"first","10":"instock","11":"shipping-taxable","12":"product-type-simple"},"yoast_head":"<!-- This site is optimized with the Yoast SEO plugin v26.1.1 - https:\/\/yoast.com\/wordpress\/plugins\/seo\/ -->\n<title>21 Inch Whiskey Barrel Planter - Ronbo Sunrise Pots &amp; Planters<\/title>\n<meta name=\"robots\" content=\"index, follow, max-snippet:-1, max-image-preview:large, max-video-preview:-1\" \/>\n<link rel=\"canonical\" href=\"http:\/\/www.ronboplastic.com\/fr\/produit\/jardiniere-de-21-pouces-en-forme-de-tonneau-de-whisky\/\" \/>\n<meta property=\"og:locale\" content=\"fr_FR\" \/>\n<meta property=\"og:type\" content=\"article\" \/>\n<meta property=\"og:title\" content=\"21 Inch Whiskey Barrel Planter - Ronbo Sunrise Pots &amp; Planters\" \/>\n<meta property=\"og:description\" content=\"21 inch\u00a0whiskey\u00a0barrel\u00a0planter have a newer but classic appearance that will make your garden scenery more beautiful. It&#039;s lightweight and portable that can be easily moved everywhere around your garden landscape.It&#039;s Durable that can be used for long time. It is large enough in size to hold most flowers or trees and give them a perfect and beautiful presentation of you.\" \/>\n<meta property=\"og:url\" content=\"http:\/\/www.ronboplastic.com\/fr\/produit\/jardiniere-de-21-pouces-en-forme-de-tonneau-de-whisky\/\" \/>\n<meta property=\"og:site_name\" content=\"Ronbo Sunrise Pots &amp; Planters\" \/>\n<meta property=\"article:modified_time\" content=\"2025-09-08T06:17:03+00:00\" \/>\n<meta property=\"og:image\" content=\"https:\/\/www.ronboplastic.com\/wp-content\/uploads\/2025\/09\/new2.jpg\" \/>\n\t<meta property=\"og:image:width\" content=\"730\" \/>\n\t<meta property=\"og:image:height\" content=\"730\" \/>\n\t<meta property=\"og:image:type\" content=\"image\/jpeg\" \/>\n<meta name=\"twitter:card\" content=\"summary_large_image\" \/>\n<meta name=\"twitter:label1\" content=\"Dur\u00e9e de lecture estim\u00e9e\" \/>\n\t<meta name=\"twitter:data1\" content=\"1 minute\" \/>\n<script type=\"application\/ld+json\" class=\"yoast-schema-graph\">{\"@context\":\"https:\/\/schema.org\",\"@graph\":[{\"@type\":\"WebPage\",\"@id\":\"http:\/\/www.ronboplastic.com\/ru\/%d0%bf%d1%80%d0%be%d0%b4%d1%83%d0%ba%d1%82\/21\/\",\"url\":\"http:\/\/www.ronboplastic.com\/ru\/%d0%bf%d1%80%d0%be%d0%b4%d1%83%d0%ba%d1%82\/21\/\",\"name\":\"21 Inch Whiskey Barrel Planter - Ronbo Sunrise Pots &amp; Planters\",\"isPartOf\":{\"@id\":\"https:\/\/www.ronboplastic.com\/#website\"},\"primaryImageOfPage\":{\"@id\":\"http:\/\/www.ronboplastic.com\/ru\/%d0%bf%d1%80%d0%be%d0%b4%d1%83%d0%ba%d1%82\/21\/#primaryimage\"},\"image\":{\"@id\":\"http:\/\/www.ronboplastic.com\/ru\/%d0%bf%d1%80%d0%be%d0%b4%d1%83%d0%ba%d1%82\/21\/#primaryimage\"},\"thumbnailUrl\":\"https:\/\/www.ronboplastic.com\/wp-content\/uploads\/2025\/09\/new2.jpg\",\"datePublished\":\"2024-09-18T19:42:15+00:00\",\"dateModified\":\"2025-09-08T06:17:03+00:00\",\"breadcrumb\":{\"@id\":\"http:\/\/www.ronboplastic.com\/ru\/%d0%bf%d1%80%d0%be%d0%b4%d1%83%d0%ba%d1%82\/21\/#breadcrumb\"},\"inLanguage\":\"fr-FR\",\"potentialAction\":[{\"@type\":\"ReadAction\",\"target\":[\"http:\/\/www.ronboplastic.com\/ru\/%d0%bf%d1%80%d0%be%d0%b4%d1%83%d0%ba%d1%82\/21\/\"]}]},{\"@type\":\"ImageObject\",\"inLanguage\":\"fr-FR\",\"@id\":\"http:\/\/www.ronboplastic.com\/ru\/%d0%bf%d1%80%d0%be%d0%b4%d1%83%d0%ba%d1%82\/21\/#primaryimage\",\"url\":\"https:\/\/www.ronboplastic.com\/wp-content\/uploads\/2025\/09\/new2.jpg\",\"contentUrl\":\"https:\/\/www.ronboplastic.com\/wp-content\/uploads\/2025\/09\/new2.jpg\",\"width\":730,\"height\":730,\"caption\":\"wholesale price Whiskey Barrel Planter\"},{\"@type\":\"BreadcrumbList\",\"@id\":\"http:\/\/www.ronboplastic.com\/ru\/%d0%bf%d1%80%d0%be%d0%b4%d1%83%d0%ba%d1%82\/21\/#breadcrumb\",\"itemListElement\":[{\"@type\":\"ListItem\",\"position\":1,\"name\":\"\u9996\u9875\",\"item\":\"https:\/\/www.ronboplastic.com\/\"},{\"@type\":\"ListItem\",\"position\":2,\"name\":\"Products\",\"item\":\"http:\/\/www.ronboplastic.com\/products\/\"},{\"@type\":\"ListItem\",\"position\":3,\"name\":\"21 Inch Whiskey Barrel Planter\"}]},{\"@type\":\"WebSite\",\"@id\":\"https:\/\/www.ronboplastic.com\/#website\",\"url\":\"https:\/\/www.ronboplastic.com\/\",\"name\":\"Ronbo Sunrise Pots &amp; Planters\",\"description\":\"Flower Pots &amp; Planters\",\"potentialAction\":[{\"@type\":\"SearchAction\",\"target\":{\"@type\":\"EntryPoint\",\"urlTemplate\":\"https:\/\/www.ronboplastic.com\/?s={search_term_string}\"},\"query-input\":{\"@type\":\"PropertyValueSpecification\",\"valueRequired\":true,\"valueName\":\"search_term_string\"}}],\"inLanguage\":\"fr-FR\"}]}<\/script>\n<!-- \/ Yoast SEO plugin. -->","yoast_head_json":{"title":"21 Inch Whiskey Barrel Planter - Ronbo Sunrise Pots &amp; Planters","robots":{"index":"index","follow":"follow","max-snippet":"max-snippet:-1","max-image-preview":"max-image-preview:large","max-video-preview":"max-video-preview:-1"},"canonical":"http:\/\/www.ronboplastic.com\/fr\/produit\/jardiniere-de-21-pouces-en-forme-de-tonneau-de-whisky\/","og_locale":"fr_FR","og_type":"article","og_title":"21 Inch Whiskey Barrel Planter - Ronbo Sunrise Pots &amp; Planters","og_description":"21 inch\u00a0whiskey\u00a0barrel\u00a0planter have a newer but classic appearance that will make your garden scenery more beautiful. It's lightweight and portable that can be easily moved everywhere around your garden landscape.It's Durable that can be used for long time. It is large enough in size to hold most flowers or trees and give them a perfect and beautiful presentation of you.","og_url":"http:\/\/www.ronboplastic.com\/fr\/produit\/jardiniere-de-21-pouces-en-forme-de-tonneau-de-whisky\/","og_site_name":"Ronbo Sunrise Pots &amp; Planters","article_modified_time":"2025-09-08T06:17:03+00:00","og_image":[{"width":730,"height":730,"url":"https:\/\/www.ronboplastic.com\/wp-content\/uploads\/2025\/09\/new2.jpg","type":"image\/jpeg"}],"twitter_card":"summary_large_image","twitter_misc":{"Dur\u00e9e de lecture estim\u00e9e":"1 minute"},"schema":{"@context":"https:\/\/schema.org","@graph":[{"@type":"WebPage","@id":"http:\/\/www.ronboplastic.com\/ru\/%d0%bf%d1%80%d0%be%d0%b4%d1%83%d0%ba%d1%82\/21\/","url":"http:\/\/www.ronboplastic.com\/ru\/%d0%bf%d1%80%d0%be%d0%b4%d1%83%d0%ba%d1%82\/21\/","name":"21 Inch Whiskey Barrel Planter - Ronbo Sunrise Pots &amp; Planters","isPartOf":{"@id":"https:\/\/www.ronboplastic.com\/#website"},"primaryImageOfPage":{"@id":"http:\/\/www.ronboplastic.com\/ru\/%d0%bf%d1%80%d0%be%d0%b4%d1%83%d0%ba%d1%82\/21\/#primaryimage"},"image":{"@id":"http:\/\/www.ronboplastic.com\/ru\/%d0%bf%d1%80%d0%be%d0%b4%d1%83%d0%ba%d1%82\/21\/#primaryimage"},"thumbnailUrl":"https:\/\/www.ronboplastic.com\/wp-content\/uploads\/2025\/09\/new2.jpg","datePublished":"2024-09-18T19:42:15+00:00","dateModified":"2025-09-08T06:17:03+00:00","breadcrumb":{"@id":"http:\/\/www.ronboplastic.com\/ru\/%d0%bf%d1%80%d0%be%d0%b4%d1%83%d0%ba%d1%82\/21\/#breadcrumb"},"inLanguage":"fr-FR","potentialAction":[{"@type":"ReadAction","target":["http:\/\/www.ronboplastic.com\/ru\/%d0%bf%d1%80%d0%be%d0%b4%d1%83%d0%ba%d1%82\/21\/"]}]},{"@type":"ImageObject","inLanguage":"fr-FR","@id":"http:\/\/www.ronboplastic.com\/ru\/%d0%bf%d1%80%d0%be%d0%b4%d1%83%d0%ba%d1%82\/21\/#primaryimage","url":"https:\/\/www.ronboplastic.com\/wp-content\/uploads\/2025\/09\/new2.jpg","contentUrl":"https:\/\/www.ronboplastic.com\/wp-content\/uploads\/2025\/09\/new2.jpg","width":730,"height":730,"caption":"wholesale price Whiskey Barrel Planter"},{"@type":"BreadcrumbList","@id":"http:\/\/www.ronboplastic.com\/ru\/%d0%bf%d1%80%d0%be%d0%b4%d1%83%d0%ba%d1%82\/21\/#breadcrumb","itemListElement":[{"@type":"ListItem","position":1,"name":"\u9996\u9875","item":"https:\/\/www.ronboplastic.com\/"},{"@type":"ListItem","position":2,"name":"Products","item":"http:\/\/www.ronboplastic.com\/products\/"},{"@type":"ListItem","position":3,"name":"21 Inch Whiskey Barrel Planter"}]},{"@type":"WebSite","@id":"https:\/\/www.ronboplastic.com\/#website","url":"https:\/\/www.ronboplastic.com\/","name":"Ronbo Sunrise Pots &amp; Planters","description":"Pots de fleurs et jardini\u00e8res","potentialAction":[{"@type":"SearchAction","target":{"@type":"EntryPoint","urlTemplate":"https:\/\/www.ronboplastic.com\/?s={search_term_string}"},"query-input":{"@type":"PropertyValueSpecification","valueRequired":true,"valueName":"search_term_string"}}],"inLanguage":"fr-FR"}]}},"_links":{"self":[{"href":"https:\/\/www.ronboplastic.com\/fr\/wp-json\/wp\/v2\/product\/8961","targetHints":{"allow":["GET"]}}],"collection":[{"href":"https:\/\/www.ronboplastic.com\/fr\/wp-json\/wp\/v2\/product"}],"about":[{"href":"https:\/\/www.ronboplastic.com\/fr\/wp-json\/wp\/v2\/types\/product"}],"replies":[{"embeddable":true,"href":"https:\/\/www.ronboplastic.com\/fr\/wp-json\/wp\/v2\/comments?post=8961"}],"wp:featuredmedia":[{"embeddable":true,"href":"https:\/\/www.ronboplastic.com\/fr\/wp-json\/wp\/v2\/media\/8966"}],"wp:attachment":[{"href":"https:\/\/www.ronboplastic.com\/fr\/wp-json\/wp\/v2\/media?parent=8961"}],"wp:term":[{"taxonomy":"product_brand","embeddable":true,"href":"https:\/\/www.ronboplastic.com\/fr\/wp-json\/wp\/v2\/product_brand?post=8961"},{"taxonomy":"product_cat","embeddable":true,"href":"https:\/\/www.ronboplastic.com\/fr\/wp-json\/wp\/v2\/product_cat?post=8961"},{"taxonomy":"product_tag","embeddable":true,"href":"https:\/\/www.ronboplastic.com\/fr\/wp-json\/wp\/v2\/product_tag?post=8961"}],"curies":[{"name":"wp","href":"https:\/\/api.w.org\/{rel}","templated":true}]}}