{"id":8957,"date":"2024-09-18T08:43:40","date_gmt":"2024-09-18T00:43:40","guid":{"rendered":"https:\/\/www.ronboplastic.com\/index.php\/product\/18-inch-window-box-2\/"},"modified":"2025-09-08T14:16:58","modified_gmt":"2025-09-08T06:16:58","slug":"boite-a-fenetre-18-pouces-2","status":"publish","type":"product","link":"https:\/\/www.ronboplastic.com\/fr\/produit\/boite-a-fenetre-18-pouces-2\/","title":{"rendered":"Bo\u00eete de fen\u00eatre 18 pouces"},"content":{"rendered":"<p>Pot de fleurs rectangulaire simple et de bonne qualit\u00e9, en r\u00e9sine \u00e9paissie respectueuse de l'environnement, r\u00e9sistant \u00e0 l'usure et aux chutes. La taille et la couleur peuvent \u00eatre personnalis\u00e9es pour r\u00e9pondre \u00e0 diff\u00e9rents besoins, ce qui rend la plantation simple et int\u00e9ressante.<\/p>\n<p><img loading=\"lazy\" decoding=\"async\" src=\"https:\/\/www.ronboplastic.com\/wp-content\/uploads\/2025\/09\/20220520170201424ac3fd7d664d6daa527cb1276354c5.jpg\" alt=\"Bo\u00eete de fen\u00eatre 18 pouces\" width=\"800\" height=\"773\" \/><\/p>\n<p><strong>Sp\u00e9cifications<\/strong><\/p>\n<section class=\"table-wrap\">\n<table class=\"table\" border=\"1\" width=\"100%\" cellspacing=\"0\" cellpadding=\"0\">\n<tbody>\n<tr class=\"firstRow\">\n<td>Num\u00e9ro de mod\u00e8le<\/td>\n<td>RB-2003<\/td>\n<\/tr>\n<tr>\n<td>Type de plastique<\/td>\n<td>PP<\/td>\n<\/tr>\n<tr>\n<td>Type<\/td>\n<td>Propagation<\/td>\n<\/tr>\n<tr>\n<td>Diam\u00e8tre sup\u00e9rieur<\/td>\n<td>44cm\/17.4inch<\/td>\n<\/tr>\n<tr>\n<td>Diam\u00e8tre du fond<\/td>\n<td>19cm\/7.5inch<\/td>\n<\/tr>\n<tr>\n<td>Hauteur<\/td>\n<td>14cm\/5.6inch<\/td>\n<\/tr>\n<tr>\n<td>Poids<\/td>\n<td>255g<\/td>\n<\/tr>\n<\/tbody>\n<\/table>\n<\/section>\n<p><strong>Nos services<\/strong><\/p>\n<p><img loading=\"lazy\" decoding=\"async\" src=\"https:\/\/www.ronboplastic.com\/wp-content\/uploads\/2025\/09\/202205131612159a16ace32ec04133ae6f48e4dcaa3c85.jpg\" alt=\"Bo\u00eete de fen\u00eatre 18 pouces\" width=\"800\" height=\"207\" \/><\/p>\n<p><img loading=\"lazy\" decoding=\"async\" src=\"https:\/\/www.ronboplastic.com\/wp-content\/uploads\/2025\/09\/202205201704422dc8e776734e42329a69323d87086d30.jpg\" alt=\"Bo\u00eete de fen\u00eatre 18 pouces\" width=\"800\" height=\"857\" \/><\/p>\n<p class=\"productsTags\">Hot Tags : 18 pouces bo\u00eete \u00e0 fen\u00eatre, fournisseurs, fabricants, usine, grossiste, pour la vente<\/p>","protected":false},"excerpt":{"rendered":"<p>Pot de fleurs rectangulaire simple et de bonne qualit\u00e9, en r\u00e9sine \u00e9paissie respectueuse de l'environnement, r\u00e9sistant \u00e0 l'usure et aux chutes. La taille et la couleur peuvent \u00eatre personnalis\u00e9es pour r\u00e9pondre \u00e0 diff\u00e9rents besoins, ce qui rend la plantation simple et int\u00e9ressante.<\/p>","protected":false},"featured_media":8952,"comment_status":"open","ping_status":"open","template":"","meta":[],"product_brand":[],"product_cat":[83],"product_tag":[],"class_list":{"0":"post-8957","1":"product","2":"type-product","3":"status-publish","4":"has-post-thumbnail","6":"product_cat-rectangle-planter-pots","8":"first","9":"instock","10":"shipping-taxable","11":"product-type-simple"},"yoast_head":"<!-- This site is optimized with the Yoast SEO plugin v26.1.1 - https:\/\/yoast.com\/wordpress\/plugins\/seo\/ -->\n<title>18 Inch Window Box - Ronbo Sunrise Pots &amp; Planters<\/title>\n<meta name=\"robots\" content=\"index, follow, max-snippet:-1, max-image-preview:large, max-video-preview:-1\" \/>\n<link rel=\"canonical\" href=\"https:\/\/www.ronboplastic.com\/fr\/produit\/boite-a-fenetre-18-pouces-2\/\" \/>\n<meta property=\"og:locale\" content=\"fr_FR\" \/>\n<meta property=\"og:type\" content=\"article\" \/>\n<meta property=\"og:title\" content=\"18 Inch Window Box - Ronbo Sunrise Pots &amp; Planters\" \/>\n<meta property=\"og:description\" content=\"18-inch simple and good material rectangular flowerpot, environmentally friendly thickened resin, wear-resistant and drop-resistant, size and color can be customized to meet different needs, making planting simple and interesting.\" \/>\n<meta property=\"og:url\" content=\"https:\/\/www.ronboplastic.com\/fr\/produit\/boite-a-fenetre-18-pouces-2\/\" \/>\n<meta property=\"og:site_name\" content=\"Ronbo Sunrise Pots &amp; Planters\" \/>\n<meta property=\"article:modified_time\" content=\"2025-09-08T06:16:58+00:00\" \/>\n<meta property=\"og:image\" content=\"https:\/\/www.ronboplastic.com\/wp-content\/uploads\/2025\/09\/918.png\" \/>\n\t<meta property=\"og:image:width\" content=\"470\" \/>\n\t<meta property=\"og:image:height\" content=\"446\" \/>\n\t<meta property=\"og:image:type\" content=\"image\/png\" \/>\n<meta name=\"twitter:card\" content=\"summary_large_image\" \/>\n<script type=\"application\/ld+json\" class=\"yoast-schema-graph\">{\"@context\":\"https:\/\/schema.org\",\"@graph\":[{\"@type\":\"WebPage\",\"@id\":\"https:\/\/www.ronboplastic.com\/product\/18-inch-window-box-2\/\",\"url\":\"https:\/\/www.ronboplastic.com\/product\/18-inch-window-box-2\/\",\"name\":\"18 Inch Window Box - Ronbo Sunrise Pots &amp; Planters\",\"isPartOf\":{\"@id\":\"https:\/\/www.ronboplastic.com\/#website\"},\"primaryImageOfPage\":{\"@id\":\"https:\/\/www.ronboplastic.com\/product\/18-inch-window-box-2\/#primaryimage\"},\"image\":{\"@id\":\"https:\/\/www.ronboplastic.com\/product\/18-inch-window-box-2\/#primaryimage\"},\"thumbnailUrl\":\"https:\/\/www.ronboplastic.com\/wp-content\/uploads\/2025\/09\/918.png\",\"datePublished\":\"2024-09-18T00:43:40+00:00\",\"dateModified\":\"2025-09-08T06:16:58+00:00\",\"breadcrumb\":{\"@id\":\"https:\/\/www.ronboplastic.com\/product\/18-inch-window-box-2\/#breadcrumb\"},\"inLanguage\":\"fr-FR\",\"potentialAction\":[{\"@type\":\"ReadAction\",\"target\":[\"https:\/\/www.ronboplastic.com\/product\/18-inch-window-box-2\/\"]}]},{\"@type\":\"ImageObject\",\"inLanguage\":\"fr-FR\",\"@id\":\"https:\/\/www.ronboplastic.com\/product\/18-inch-window-box-2\/#primaryimage\",\"url\":\"https:\/\/www.ronboplastic.com\/wp-content\/uploads\/2025\/09\/918.png\",\"contentUrl\":\"https:\/\/www.ronboplastic.com\/wp-content\/uploads\/2025\/09\/918.png\",\"width\":470,\"height\":446,\"caption\":\"wholesale plant pots\"},{\"@type\":\"BreadcrumbList\",\"@id\":\"https:\/\/www.ronboplastic.com\/product\/18-inch-window-box-2\/#breadcrumb\",\"itemListElement\":[{\"@type\":\"ListItem\",\"position\":1,\"name\":\"\u9996\u9875\",\"item\":\"https:\/\/www.ronboplastic.com\/\"},{\"@type\":\"ListItem\",\"position\":2,\"name\":\"Products\",\"item\":\"http:\/\/www.ronboplastic.com\/products\/\"},{\"@type\":\"ListItem\",\"position\":3,\"name\":\"18 Inch Window Box\"}]},{\"@type\":\"WebSite\",\"@id\":\"https:\/\/www.ronboplastic.com\/#website\",\"url\":\"https:\/\/www.ronboplastic.com\/\",\"name\":\"Ronbo Sunrise Pots &amp; Planters\",\"description\":\"Flower Pots &amp; Planters\",\"potentialAction\":[{\"@type\":\"SearchAction\",\"target\":{\"@type\":\"EntryPoint\",\"urlTemplate\":\"https:\/\/www.ronboplastic.com\/?s={search_term_string}\"},\"query-input\":{\"@type\":\"PropertyValueSpecification\",\"valueRequired\":true,\"valueName\":\"search_term_string\"}}],\"inLanguage\":\"fr-FR\"}]}<\/script>\n<!-- \/ Yoast SEO plugin. -->","yoast_head_json":{"title":"18 Inch Window Box - Ronbo Sunrise Pots &amp; Planters","robots":{"index":"index","follow":"follow","max-snippet":"max-snippet:-1","max-image-preview":"max-image-preview:large","max-video-preview":"max-video-preview:-1"},"canonical":"https:\/\/www.ronboplastic.com\/fr\/produit\/boite-a-fenetre-18-pouces-2\/","og_locale":"fr_FR","og_type":"article","og_title":"18 Inch Window Box - Ronbo Sunrise Pots &amp; Planters","og_description":"18-inch simple and good material rectangular flowerpot, environmentally friendly thickened resin, wear-resistant and drop-resistant, size and color can be customized to meet different needs, making planting simple and interesting.","og_url":"https:\/\/www.ronboplastic.com\/fr\/produit\/boite-a-fenetre-18-pouces-2\/","og_site_name":"Ronbo Sunrise Pots &amp; Planters","article_modified_time":"2025-09-08T06:16:58+00:00","og_image":[{"width":470,"height":446,"url":"https:\/\/www.ronboplastic.com\/wp-content\/uploads\/2025\/09\/918.png","type":"image\/png"}],"twitter_card":"summary_large_image","schema":{"@context":"https:\/\/schema.org","@graph":[{"@type":"WebPage","@id":"https:\/\/www.ronboplastic.com\/product\/18-inch-window-box-2\/","url":"https:\/\/www.ronboplastic.com\/product\/18-inch-window-box-2\/","name":"18 Inch Window Box - Ronbo Sunrise Pots &amp; Planters","isPartOf":{"@id":"https:\/\/www.ronboplastic.com\/#website"},"primaryImageOfPage":{"@id":"https:\/\/www.ronboplastic.com\/product\/18-inch-window-box-2\/#primaryimage"},"image":{"@id":"https:\/\/www.ronboplastic.com\/product\/18-inch-window-box-2\/#primaryimage"},"thumbnailUrl":"https:\/\/www.ronboplastic.com\/wp-content\/uploads\/2025\/09\/918.png","datePublished":"2024-09-18T00:43:40+00:00","dateModified":"2025-09-08T06:16:58+00:00","breadcrumb":{"@id":"https:\/\/www.ronboplastic.com\/product\/18-inch-window-box-2\/#breadcrumb"},"inLanguage":"fr-FR","potentialAction":[{"@type":"ReadAction","target":["https:\/\/www.ronboplastic.com\/product\/18-inch-window-box-2\/"]}]},{"@type":"ImageObject","inLanguage":"fr-FR","@id":"https:\/\/www.ronboplastic.com\/product\/18-inch-window-box-2\/#primaryimage","url":"https:\/\/www.ronboplastic.com\/wp-content\/uploads\/2025\/09\/918.png","contentUrl":"https:\/\/www.ronboplastic.com\/wp-content\/uploads\/2025\/09\/918.png","width":470,"height":446,"caption":"wholesale plant pots"},{"@type":"BreadcrumbList","@id":"https:\/\/www.ronboplastic.com\/product\/18-inch-window-box-2\/#breadcrumb","itemListElement":[{"@type":"ListItem","position":1,"name":"\u9996\u9875","item":"https:\/\/www.ronboplastic.com\/"},{"@type":"ListItem","position":2,"name":"Products","item":"http:\/\/www.ronboplastic.com\/products\/"},{"@type":"ListItem","position":3,"name":"18 Inch Window Box"}]},{"@type":"WebSite","@id":"https:\/\/www.ronboplastic.com\/#website","url":"https:\/\/www.ronboplastic.com\/","name":"Ronbo Sunrise Pots &amp; Planters","description":"Pots de fleurs et jardini\u00e8res","potentialAction":[{"@type":"SearchAction","target":{"@type":"EntryPoint","urlTemplate":"https:\/\/www.ronboplastic.com\/?s={search_term_string}"},"query-input":{"@type":"PropertyValueSpecification","valueRequired":true,"valueName":"search_term_string"}}],"inLanguage":"fr-FR"}]}},"_links":{"self":[{"href":"https:\/\/www.ronboplastic.com\/fr\/wp-json\/wp\/v2\/product\/8957","targetHints":{"allow":["GET"]}}],"collection":[{"href":"https:\/\/www.ronboplastic.com\/fr\/wp-json\/wp\/v2\/product"}],"about":[{"href":"https:\/\/www.ronboplastic.com\/fr\/wp-json\/wp\/v2\/types\/product"}],"replies":[{"embeddable":true,"href":"https:\/\/www.ronboplastic.com\/fr\/wp-json\/wp\/v2\/comments?post=8957"}],"wp:featuredmedia":[{"embeddable":true,"href":"https:\/\/www.ronboplastic.com\/fr\/wp-json\/wp\/v2\/media\/8952"}],"wp:attachment":[{"href":"https:\/\/www.ronboplastic.com\/fr\/wp-json\/wp\/v2\/media?parent=8957"}],"wp:term":[{"taxonomy":"product_brand","embeddable":true,"href":"https:\/\/www.ronboplastic.com\/fr\/wp-json\/wp\/v2\/product_brand?post=8957"},{"taxonomy":"product_cat","embeddable":true,"href":"https:\/\/www.ronboplastic.com\/fr\/wp-json\/wp\/v2\/product_cat?post=8957"},{"taxonomy":"product_tag","embeddable":true,"href":"https:\/\/www.ronboplastic.com\/fr\/wp-json\/wp\/v2\/product_tag?post=8957"}],"curies":[{"name":"wp","href":"https:\/\/api.w.org\/{rel}","templated":true}]}}