{"id":8898,"date":"2024-09-14T09:24:03","date_gmt":"2024-09-14T01:24:03","guid":{"rendered":"https:\/\/www.ronboplastic.com\/index.php\/product\/decorative-large-plastic-flower-pot-planter\/"},"modified":"2025-09-08T14:16:31","modified_gmt":"2025-09-08T06:16:31","slug":"grand-pot-de-fleurs-en-plastique-decoratif","status":"publish","type":"product","link":"https:\/\/www.ronboplastic.com\/fr\/produit\/grand-pot-de-fleurs-en-plastique-decoratif\/","title":{"rendered":"Grand pot de fleurs d\u00e9coratif en plastique"},"content":{"rendered":"<p>Le pot de fleurs en plastique pour la plantation de grands arbres est un pot de fleurs en plastique sp\u00e9cialement con\u00e7u pour la plantation de grands arbres \u00e0 l'int\u00e9rieur et \u00e0 l'ext\u00e9rieur. Il est fabriqu\u00e9 en plastique de haute qualit\u00e9, robuste et durable, et peut r\u00e9sister \u00e0 l'influence de diverses conditions climatiques. Ce pot de fleurs profond offre une capacit\u00e9 de sol suffisante pour fournir un espace de croissance suffisant aux racines des arbres, ce qui favorise une croissance saine des plantes.<\/p>\n<p>Arguments de vente du produit :<\/p>\n<p>1. Conception \u00e0 grande capacit\u00e9 : Compar\u00e9 aux pots de fleurs traditionnels, le pot de fleurs en plastique Large Tall Tree Planting a une plus grande capacit\u00e9. Cela signifie que vous pouvez fournir plus de terre et de nutriments aux arbres, ce qui favorise la croissance et le d\u00e9veloppement des racines des plantes.<\/p>\n<p>2. Durabilit\u00e9 : Le pot de fleurs est fabriqu\u00e9 en plastique de haute qualit\u00e9, ce qui lui conf\u00e8re une excellente durabilit\u00e9 et une bonne r\u00e9sistance aux intemp\u00e9ries. Il peut r\u00e9sister \u00e0 la lumi\u00e8re du soleil, \u00e0 la pluie et \u00e0 d'autres conditions m\u00e9t\u00e9orologiques d\u00e9favorables, tout en conservant une belle apparence et une bonne fonction pendant longtemps.<\/p>\n<p>3. Utilisable \u00e0 l'int\u00e9rieur et \u00e0 l'ext\u00e9rieur : Gr\u00e2ce \u00e0 ses mat\u00e9riaux et \u00e0 sa conception de haute qualit\u00e9, ce pot de fleurs peut \u00eatre utilis\u00e9 \u00e0 l'int\u00e9rieur comme \u00e0 l'ext\u00e9rieur. Il peut \u00eatre plac\u00e9 sur votre balcon, dans votre jardin, sur votre terrasse ou dans votre espace int\u00e9rieur, offrant un environnement de croissance s\u00fbr et confortable \u00e0 vos plantes.<\/p>\n<p>4. Convient aux grands arbres : En raison de la hauteur et de la profondeur du pot de fleurs en plastique Large Tall Tree Planting, il convient parfaitement \u00e0 la plantation de grands arbres. Il peut contenir suffisamment de terre et de racines pour soutenir la croissance des arbres sans restriction, cr\u00e9ant ainsi un paysage v\u00e9g\u00e9tal saisissant.<\/p>\n<p>5. Facile \u00e0 utiliser et \u00e0 nettoyer : La conception de ce pot de fleurs facilite la plantation, le d\u00e9placement et le nettoyage des plantes. Il est dot\u00e9 d'un trou de drainage pratique qui permet de contr\u00f4ler l'humidit\u00e9 du sol et est facile \u00e0 nettoyer et \u00e0 entretenir.<\/p>\n<p>Que vous souhaitiez cr\u00e9er un beau jardin d'int\u00e9rieur ou un paysage ext\u00e9rieur avec de grands arbres, le pot de fleurs en plastique Large Tall Tree Planting est un choix id\u00e9al. Sa stabilit\u00e9, sa durabilit\u00e9 et son applicabilit\u00e9 en font la solution parfaite pour la plantation de grands arbres.<\/p>\n<p><img loading=\"lazy\" decoding=\"async\" title=\"01\" src=\"https:\/\/www.ronboplastic.com\/wp-content\/uploads\/2025\/09\/20230808113534da65ea60a994470fa5f5932d0c26485a.jpg\" alt=\"01\" width=\"800\" height=\"4364\" \/><\/p>\n<p><img loading=\"lazy\" decoding=\"async\" title=\"02\" src=\"https:\/\/www.ronboplastic.com\/wp-content\/uploads\/2025\/09\/202308081135344cc99e4d847b4e0dae4b6d399f7ccd8c.jpg\" alt=\"02\" width=\"800\" height=\"3554\" \/><\/p>\n<p>&nbsp;<\/p>\n<p><img loading=\"lazy\" decoding=\"async\" title=\"produit-800-207\" src=\"https:\/\/www.ronboplastic.com\/wp-content\/uploads\/2025\/09\/202205131612159a16ace32ec04133ae6f48e4dcaa3c85.jpg\" alt=\"Jardini\u00e8re en tonneau\" width=\"800\" height=\"207\" \/>Hot Tags : grand pot de fleurs en plastique, fournisseurs, fabricants, usine, grossiste, pour la vente<\/p>","protected":false},"excerpt":{"rendered":"<p>Le pot de fleurs en plastique pour la plantation de grands arbres est un pot de fleurs en plastique sp\u00e9cialement con\u00e7u pour la plantation de grands arbres \u00e0 l'int\u00e9rieur et \u00e0 l'ext\u00e9rieur. Il est fabriqu\u00e9 en plastique de haute qualit\u00e9, robuste et durable, et peut r\u00e9sister \u00e0 l'influence de diverses conditions climatiques.<\/p>","protected":false},"featured_media":8902,"comment_status":"open","ping_status":"open","template":"","meta":[],"product_brand":[],"product_cat":[80],"product_tag":[79],"class_list":{"0":"post-8898","1":"product","2":"type-product","3":"status-publish","4":"has-post-thumbnail","6":"product_cat-decorative-pots-planters","7":"product_tag-decorative-plant-pots","9":"first","10":"instock","11":"shipping-taxable","12":"product-type-simple"},"yoast_head":"<!-- This site is optimized with the Yoast SEO plugin v26.1.1 - https:\/\/yoast.com\/wordpress\/plugins\/seo\/ -->\n<title>Decorative Large Plastic Flower Pot Planter - Ronbo Sunrise Pots &amp; Planters<\/title>\n<meta name=\"robots\" content=\"index, follow, max-snippet:-1, max-image-preview:large, max-video-preview:-1\" \/>\n<link rel=\"canonical\" href=\"https:\/\/www.ronboplastic.com\/fr\/produit\/grand-pot-de-fleurs-en-plastique-decoratif\/\" \/>\n<meta property=\"og:locale\" content=\"fr_FR\" \/>\n<meta property=\"og:type\" content=\"article\" \/>\n<meta property=\"og:title\" content=\"Decorative Large Plastic Flower Pot Planter - Ronbo Sunrise Pots &amp; Planters\" \/>\n<meta property=\"og:description\" content=\"Large Tall Tree Planting Plastic flower pot is a plastic flower pot designed specifically for planting large and tall trees indoors and outdoors. It is made of high-quality plastic material, sturdy and durable, and can withstand the influence of various climatic conditions.\" \/>\n<meta property=\"og:url\" content=\"https:\/\/www.ronboplastic.com\/fr\/produit\/grand-pot-de-fleurs-en-plastique-decoratif\/\" \/>\n<meta property=\"og:site_name\" content=\"Ronbo Sunrise Pots &amp; Planters\" \/>\n<meta property=\"article:modified_time\" content=\"2025-09-08T06:16:31+00:00\" \/>\n<meta property=\"og:image\" content=\"https:\/\/www.ronboplastic.com\/wp-content\/uploads\/2025\/09\/1-7.jpg\" \/>\n\t<meta property=\"og:image:width\" content=\"800\" \/>\n\t<meta property=\"og:image:height\" content=\"800\" \/>\n\t<meta property=\"og:image:type\" content=\"image\/jpeg\" \/>\n<meta name=\"twitter:card\" content=\"summary_large_image\" \/>\n<meta name=\"twitter:label1\" content=\"Dur\u00e9e de lecture estim\u00e9e\" \/>\n\t<meta name=\"twitter:data1\" content=\"2 minutes\" \/>\n<script type=\"application\/ld+json\" class=\"yoast-schema-graph\">{\"@context\":\"https:\/\/schema.org\",\"@graph\":[{\"@type\":\"WebPage\",\"@id\":\"https:\/\/www.ronboplastic.com\/product\/decorative-large-plastic-flower-pot-planter\/\",\"url\":\"https:\/\/www.ronboplastic.com\/product\/decorative-large-plastic-flower-pot-planter\/\",\"name\":\"Decorative Large Plastic Flower Pot Planter - Ronbo Sunrise Pots &amp; Planters\",\"isPartOf\":{\"@id\":\"https:\/\/www.ronboplastic.com\/#website\"},\"primaryImageOfPage\":{\"@id\":\"https:\/\/www.ronboplastic.com\/product\/decorative-large-plastic-flower-pot-planter\/#primaryimage\"},\"image\":{\"@id\":\"https:\/\/www.ronboplastic.com\/product\/decorative-large-plastic-flower-pot-planter\/#primaryimage\"},\"thumbnailUrl\":\"https:\/\/www.ronboplastic.com\/wp-content\/uploads\/2025\/09\/1-7.jpg\",\"datePublished\":\"2024-09-14T01:24:03+00:00\",\"dateModified\":\"2025-09-08T06:16:31+00:00\",\"breadcrumb\":{\"@id\":\"https:\/\/www.ronboplastic.com\/product\/decorative-large-plastic-flower-pot-planter\/#breadcrumb\"},\"inLanguage\":\"fr-FR\",\"potentialAction\":[{\"@type\":\"ReadAction\",\"target\":[\"https:\/\/www.ronboplastic.com\/product\/decorative-large-plastic-flower-pot-planter\/\"]}]},{\"@type\":\"ImageObject\",\"inLanguage\":\"fr-FR\",\"@id\":\"https:\/\/www.ronboplastic.com\/product\/decorative-large-plastic-flower-pot-planter\/#primaryimage\",\"url\":\"https:\/\/www.ronboplastic.com\/wp-content\/uploads\/2025\/09\/1-7.jpg\",\"contentUrl\":\"https:\/\/www.ronboplastic.com\/wp-content\/uploads\/2025\/09\/1-7.jpg\",\"width\":800,\"height\":800,\"caption\":\"plastic material decorative planters\"},{\"@type\":\"BreadcrumbList\",\"@id\":\"https:\/\/www.ronboplastic.com\/product\/decorative-large-plastic-flower-pot-planter\/#breadcrumb\",\"itemListElement\":[{\"@type\":\"ListItem\",\"position\":1,\"name\":\"\u9996\u9875\",\"item\":\"https:\/\/www.ronboplastic.com\/\"},{\"@type\":\"ListItem\",\"position\":2,\"name\":\"Products\",\"item\":\"http:\/\/www.ronboplastic.com\/products\/\"},{\"@type\":\"ListItem\",\"position\":3,\"name\":\"Decorative Large Plastic Flower Pot Planter\"}]},{\"@type\":\"WebSite\",\"@id\":\"https:\/\/www.ronboplastic.com\/#website\",\"url\":\"https:\/\/www.ronboplastic.com\/\",\"name\":\"Ronbo Sunrise Pots &amp; Planters\",\"description\":\"Flower Pots &amp; Planters\",\"potentialAction\":[{\"@type\":\"SearchAction\",\"target\":{\"@type\":\"EntryPoint\",\"urlTemplate\":\"https:\/\/www.ronboplastic.com\/?s={search_term_string}\"},\"query-input\":{\"@type\":\"PropertyValueSpecification\",\"valueRequired\":true,\"valueName\":\"search_term_string\"}}],\"inLanguage\":\"fr-FR\"}]}<\/script>\n<!-- \/ Yoast SEO plugin. -->","yoast_head_json":{"title":"Decorative Large Plastic Flower Pot Planter - Ronbo Sunrise Pots &amp; Planters","robots":{"index":"index","follow":"follow","max-snippet":"max-snippet:-1","max-image-preview":"max-image-preview:large","max-video-preview":"max-video-preview:-1"},"canonical":"https:\/\/www.ronboplastic.com\/fr\/produit\/grand-pot-de-fleurs-en-plastique-decoratif\/","og_locale":"fr_FR","og_type":"article","og_title":"Decorative Large Plastic Flower Pot Planter - Ronbo Sunrise Pots &amp; Planters","og_description":"Large Tall Tree Planting Plastic flower pot is a plastic flower pot designed specifically for planting large and tall trees indoors and outdoors. It is made of high-quality plastic material, sturdy and durable, and can withstand the influence of various climatic conditions.","og_url":"https:\/\/www.ronboplastic.com\/fr\/produit\/grand-pot-de-fleurs-en-plastique-decoratif\/","og_site_name":"Ronbo Sunrise Pots &amp; Planters","article_modified_time":"2025-09-08T06:16:31+00:00","og_image":[{"width":800,"height":800,"url":"https:\/\/www.ronboplastic.com\/wp-content\/uploads\/2025\/09\/1-7.jpg","type":"image\/jpeg"}],"twitter_card":"summary_large_image","twitter_misc":{"Dur\u00e9e de lecture estim\u00e9e":"2 minutes"},"schema":{"@context":"https:\/\/schema.org","@graph":[{"@type":"WebPage","@id":"https:\/\/www.ronboplastic.com\/product\/decorative-large-plastic-flower-pot-planter\/","url":"https:\/\/www.ronboplastic.com\/product\/decorative-large-plastic-flower-pot-planter\/","name":"Decorative Large Plastic Flower Pot Planter - Ronbo Sunrise Pots &amp; Planters","isPartOf":{"@id":"https:\/\/www.ronboplastic.com\/#website"},"primaryImageOfPage":{"@id":"https:\/\/www.ronboplastic.com\/product\/decorative-large-plastic-flower-pot-planter\/#primaryimage"},"image":{"@id":"https:\/\/www.ronboplastic.com\/product\/decorative-large-plastic-flower-pot-planter\/#primaryimage"},"thumbnailUrl":"https:\/\/www.ronboplastic.com\/wp-content\/uploads\/2025\/09\/1-7.jpg","datePublished":"2024-09-14T01:24:03+00:00","dateModified":"2025-09-08T06:16:31+00:00","breadcrumb":{"@id":"https:\/\/www.ronboplastic.com\/product\/decorative-large-plastic-flower-pot-planter\/#breadcrumb"},"inLanguage":"fr-FR","potentialAction":[{"@type":"ReadAction","target":["https:\/\/www.ronboplastic.com\/product\/decorative-large-plastic-flower-pot-planter\/"]}]},{"@type":"ImageObject","inLanguage":"fr-FR","@id":"https:\/\/www.ronboplastic.com\/product\/decorative-large-plastic-flower-pot-planter\/#primaryimage","url":"https:\/\/www.ronboplastic.com\/wp-content\/uploads\/2025\/09\/1-7.jpg","contentUrl":"https:\/\/www.ronboplastic.com\/wp-content\/uploads\/2025\/09\/1-7.jpg","width":800,"height":800,"caption":"plastic material decorative planters"},{"@type":"BreadcrumbList","@id":"https:\/\/www.ronboplastic.com\/product\/decorative-large-plastic-flower-pot-planter\/#breadcrumb","itemListElement":[{"@type":"ListItem","position":1,"name":"\u9996\u9875","item":"https:\/\/www.ronboplastic.com\/"},{"@type":"ListItem","position":2,"name":"Products","item":"http:\/\/www.ronboplastic.com\/products\/"},{"@type":"ListItem","position":3,"name":"Decorative Large Plastic Flower Pot Planter"}]},{"@type":"WebSite","@id":"https:\/\/www.ronboplastic.com\/#website","url":"https:\/\/www.ronboplastic.com\/","name":"Ronbo Sunrise Pots &amp; Planters","description":"Pots de fleurs et jardini\u00e8res","potentialAction":[{"@type":"SearchAction","target":{"@type":"EntryPoint","urlTemplate":"https:\/\/www.ronboplastic.com\/?s={search_term_string}"},"query-input":{"@type":"PropertyValueSpecification","valueRequired":true,"valueName":"search_term_string"}}],"inLanguage":"fr-FR"}]}},"_links":{"self":[{"href":"https:\/\/www.ronboplastic.com\/fr\/wp-json\/wp\/v2\/product\/8898","targetHints":{"allow":["GET"]}}],"collection":[{"href":"https:\/\/www.ronboplastic.com\/fr\/wp-json\/wp\/v2\/product"}],"about":[{"href":"https:\/\/www.ronboplastic.com\/fr\/wp-json\/wp\/v2\/types\/product"}],"replies":[{"embeddable":true,"href":"https:\/\/www.ronboplastic.com\/fr\/wp-json\/wp\/v2\/comments?post=8898"}],"wp:featuredmedia":[{"embeddable":true,"href":"https:\/\/www.ronboplastic.com\/fr\/wp-json\/wp\/v2\/media\/8902"}],"wp:attachment":[{"href":"https:\/\/www.ronboplastic.com\/fr\/wp-json\/wp\/v2\/media?parent=8898"}],"wp:term":[{"taxonomy":"product_brand","embeddable":true,"href":"https:\/\/www.ronboplastic.com\/fr\/wp-json\/wp\/v2\/product_brand?post=8898"},{"taxonomy":"product_cat","embeddable":true,"href":"https:\/\/www.ronboplastic.com\/fr\/wp-json\/wp\/v2\/product_cat?post=8898"},{"taxonomy":"product_tag","embeddable":true,"href":"https:\/\/www.ronboplastic.com\/fr\/wp-json\/wp\/v2\/product_tag?post=8898"}],"curies":[{"name":"wp","href":"https:\/\/api.w.org\/{rel}","templated":true}]}}